{"id":219432,"date":"2022-09-15T13:59:37","date_gmt":"2022-09-15T13:59:37","guid":{"rendered":"https:\/\/dutchhealthstore.com\/product\/monoi-rescue-natural-shampoo\/"},"modified":"2025-07-24T09:51:28","modified_gmt":"2025-07-24T07:51:28","slug":"monoi-rescue-natural-shampoo","status":"publish","type":"product","link":"https:\/\/dutchhealthstore.com\/fr\/product\/monoi-rescue-natural-shampoo\/","title":{"rendered":"Monoi Rescue Natural Shampoo"},"content":{"rendered":"<p>Notre produit enti\u00e8rement naturel et biologique agit avec diligence pour traiter la cause sous-jacente du probl\u00e8me, am\u00e9liorant en douceur l&rsquo;\u00e9tat du cuir chevelu tout en p\u00e9n\u00e9trant dans la tige du cheveu pour l&rsquo;hydrater et la lisser. Les cheveux sont hydrat\u00e9s, soyeux, lustr\u00e9s et d\u00e9licieusement parfum\u00e9s. La magie totale des cheveux<\/p>\n<p>Ce shampooing hydratant est b\u00e9n\u00e9fique pour TOUS les types de cheveux, mais il cible plus particuli\u00e8rement les cheveux secs ou color\u00e9s car il am\u00e9liore l&rsquo;absorption et la r\u00e9tention de la couleur.<\/p>\n<p>Notre Monoi Rescue Shampoo contient du mono\u00ef, qui apporte brillance et \u00e9clat tout en r\u00e9duisant les frisottis pour des cheveux plus sains. De plus, il contient de l&rsquo;acide de fleur de karkade, qui aplatit les cuticules des cheveux et exfolie en douceur le cuir chevelu pour am\u00e9liorer la douceur et la condition des cheveux. Les prot\u00e9ines de quinoa augmentent \u00e9galement de mani\u00e8re significative l&rsquo;hydratation des cheveux et les prot\u00e8gent des agressions environnementales tout en conservant leur humidit\u00e9.<\/p>\n<p><em><strong>Avec le shampooing Monoi Rescue, vos cheveux seront magnifiques tous les jours !<\/strong><\/em><\/p>\n<p><strong>Naturel :<\/strong> 98 %<\/p>\n<p><strong>Biologique : <\/strong>50,60%<\/p>\n<h3>R\u00e9sultats du panel de clients Evolve<\/h3>\n<p>&#8211; <b> <span style=\"font-weight: 400;\">100% des personnes ont reconnu que leurs cheveux \u00e9taient <strong>moins fris\u00e9s<\/strong><\/span><\/b> apr\u00e8s utilisation.<\/p>\n<p>&#8211; 94.<span style=\"font-weight: 400;\">1%<\/span><strong><span style=\"font-weight: 400;\"> des personnes ont reconnu que leurs cheveux \u00e9taient plus l\u00e9gers, plus lisses et plus hydrat\u00e9s<\/span><\/strong>.<\/p>\n<p>&#8211;<strong> <\/strong>94.1% <strong><span style=\"font-weight: 400;\">des personnes ont reconnu que leurs cheveux \u00e9taient plus brillants et mieux nourris.<\/span><\/strong><\/p>\n<p>&#8211; 93,<strong><span style=\"font-weight: 400;\">8% des personnes recommanderaient le shampooing et l&rsquo;apr\u00e8s-shampooing Monoi \u00e0 leurs amis et \u00e0 leur famille<\/span><\/strong>.<\/p>\n<p>&#8211;<strong> <\/strong>82,<strong><span style=\"font-weight: 400;\">4 % des personnes ach\u00e8teraient \u00e0 nouveau ce produit<\/span><\/strong>.<\/p>\n<p><em>Recherche interne men\u00e9e sur un panel de clients d&rsquo;Evolve Organic Beauty apr\u00e8s avoir utilis\u00e9 Monoi Rescue Shampoo &amp; Conditioner Duo en 2022.<\/em><\/p>\n<h3>Comment utiliser<\/h3>\n<p>Une mousse riche peut \u00eatre cr\u00e9\u00e9e en massant les cheveux mouill\u00e9s. Rincer clairement. Lorsqu&rsquo;il est utilis\u00e9 dans le cadre d&rsquo;une routine de soins capillaires avec notre conditionneur Monoi Rescue, ce produit fonctionne \u00e0 merveille.<\/p>\n<p><strong>Taille : 250 ml<\/strong><\/p>\n<h3>Ingr\u00e9dients Cl\u00e9s<\/h3>\n<p><strong>Monoi<\/strong> Le secret de beaut\u00e9 polyn\u00e9sien Monoi aide \u00e0 ralentir les dommages caus\u00e9s aux cheveux en les nourrissant et en les lissant.<\/p>\n<p><strong>Acide de fleur de karkade<\/strong> Il favorise une exfoliation douce du cuir chevelu qui am\u00e9liore la brillance, le soyeux et la souplesse des cheveux.<\/p>\n<p><strong>Prot\u00e9ines de quinoa<\/strong> Elles renforcent consid\u00e9rablement l&rsquo;hydratation des cheveux, formant une barri\u00e8re protectrice qui bloque les facteurs de stress environnementaux tout en pr\u00e9servant l&rsquo;hydratation. Il nourrit les cheveux ab\u00eem\u00e9s pour leur donner une apparence plus saine.<\/p>\n<h3>Natural\/Organic Ingredients<\/h3>\n<p>Aqua (water), Sodium coco-sulfate, Coco-glucoside, Cocamidopropyl betaine, Caprylyl \/ capryl glucoside, Gluconolactone, Parfum (naturally derived fragrance), Gardenia Taitensis flower extract, Hydrolyzed quinoa, Aloe barbadensis leaf juice powder*, Hibiscus sabdariffa flower extract, Cocos nucifera (Coconut) Oil, Glycerin, Sodium chloride, Sodium benzoate, Glyceryl oleate, Guar hydroxypropyltrimonium chloride, Coconut acid, Citric acid, Hydrogenated castor oil, Calcium gluconate, Phytic acid, Benzyl alcohol, Benzoic acid, Potassium sorbate, Tocopherol, Hydrogenated palm glycerides citrate, Linalool.<\/p>\n<p>&nbsp;<\/p>\n","protected":false},"excerpt":{"rendered":"<p>Un shampooing r\u00e9volutionnaire enti\u00e8rement naturel pour am\u00e9liorer l&rsquo;\u00e9tat des cheveux secs, ab\u00eem\u00e9s et color\u00e9s.<\/p>\n","protected":false},"featured_media":303652,"comment_status":"open","ping_status":"closed","template":"","meta":[],"product_brand":[],"product_cat":[11186,6642,8575,1209,1030,8576,1010,8506],"product_tag":[10170,21531,10094],"class_list":{"0":"post-219432","1":"product","2":"type-product","3":"status-publish","4":"has-post-thumbnail","6":"product_cat-evolve-beauty-fr","7":"product_cat-family-fr","8":"product_cat-hair-fr","9":"product_cat-par-marques","10":"product_cat-par-produits","11":"product_cat-shampoo-fr","12":"product_cat-notre-boutique","13":"product_cat-every-day-solutions-fr-2","14":"product_tag-hair-fr","15":"product_tag-reparation","16":"product_tag-shampoo-fr","17":"pa_brand-evolve-organic-beauty-fr","18":"pa_gtin-5060200046197-fr","19":"pa_haircare-productype-shampoo-fr","20":"pa_size-250-ml-fr","22":"first","23":"outofstock","24":"taxable","25":"shipping-taxable","26":"purchasable","27":"product-type-simple"},"bundled_by":[],"bundle_stock_status":"outofstock","bundle_stock_quantity":0,"bundle_virtual":false,"bundle_layout":"","bundle_add_to_cart_form_location":"","bundle_editable_in_cart":false,"bundle_sold_individually_context":"","bundle_item_grouping":"","bundle_min_size":"","bundle_max_size":"","bundle_price":[],"bundled_items":[],"bundle_sell_ids":[230722],"atum_controlled":true,"out_stock_date":"2026-01-02 05:06:15","out_stock_threshold":null,"inheritable":false,"stock_on_hold":0,"sold_today":0,"sales_last_days":0,"out_stock_days":92,"lost_sales":0,"update_date":"2026-04-05T01:46:52","atum_locations":[],"atum_stock_status":"outofstock","restock_status":false,"low_stock_amount":"","sales_update_date":"2026-04-05T01:46:52","calc_backorders":null,"group_of_quantity":0,"min_quantity":0,"max_quantity":"","exclude_order_quantity_value_rules":"no","exclude_category_quantity_rules":"no","combine_variations":"no","yoast_head":"<!-- This site is optimized with the Yoast SEO Premium plugin v26.5 (Yoast SEO v26.5) - https:\/\/yoast.com\/wordpress\/plugins\/seo\/ -->\n<title>Vous cherchez un Monoi Rescue Natural Shampoo? - Evolve Beauty<\/title>\n<meta name=\"description\" content=\"Un shampooing r\u00e9volutionnaire enti\u00e8rement naturel pour am\u00e9liorer l&#039;\u00e9tat des cheveux secs, ab\u00eem\u00e9s et color\u00e9s.\" \/>\n<meta name=\"robots\" content=\"index, follow, max-snippet:-1, max-image-preview:large, max-video-preview:-1\" \/>\n<link rel=\"canonical\" href=\"https:\/\/dutchhealthstore.com\/fr\/product\/monoi-rescue-natural-shampoo\/\" \/>\n<meta property=\"og:locale\" content=\"fr_FR\" \/>\n<meta property=\"og:type\" content=\"article\" \/>\n<meta property=\"og:title\" content=\"Monoi Rescue Natural Shampoo - Dutch Health Store\" \/>\n<meta property=\"og:description\" content=\"Un shampooing r\u00e9volutionnaire enti\u00e8rement naturel pour am\u00e9liorer l&#039;\u00e9tat des cheveux secs, ab\u00eem\u00e9s et color\u00e9s.\" \/>\n<meta property=\"og:url\" content=\"https:\/\/dutchhealthstore.com\/fr\/product\/monoi-rescue-natural-shampoo\/\" \/>\n<meta property=\"og:site_name\" content=\"Dutch Health Store\" \/>\n<meta property=\"article:publisher\" content=\"https:\/\/www.instagram.com\/dutchhealthstore\/\" \/>\n<meta property=\"article:modified_time\" content=\"2025-07-24T07:51:28+00:00\" \/>\n<meta property=\"og:image\" content=\"https:\/\/dutchhealthstore.com\/wp-content\/uploads\/2022\/09\/monoi-rescue-natural-shampoo.jpg\" \/>\n\t<meta property=\"og:image:width\" content=\"530\" \/>\n\t<meta property=\"og:image:height\" content=\"530\" \/>\n\t<meta property=\"og:image:type\" content=\"image\/jpeg\" \/>\n<meta name=\"twitter:card\" content=\"summary_large_image\" \/>\n<meta name=\"twitter:label1\" content=\"Prix\" \/>\n\t<meta name=\"twitter:data1\" content=\"&euro;18,50\" \/>\n\t<meta name=\"twitter:label2\" content=\"Disponibilit\u00e9\" \/>\n\t<meta name=\"twitter:data2\" content=\"Rupture de stock\" \/>\n<script type=\"application\/ld+json\" class=\"yoast-schema-graph\">{\"@context\":\"https:\/\/schema.org\",\"@graph\":[{\"@type\":\"WebPage\",\"@id\":\"https:\/\/dutchhealthstore.com\/fr\/product\/monoi-rescue-natural-shampoo\/\",\"url\":\"https:\/\/dutchhealthstore.com\/fr\/product\/monoi-rescue-natural-shampoo\/\",\"name\":\"Vous cherchez un Monoi Rescue Natural Shampoo? - Evolve Beauty\",\"isPartOf\":{\"@id\":\"https:\/\/dutchhealthstore.com\/fr\/#website\"},\"primaryImageOfPage\":{\"@id\":\"https:\/\/dutchhealthstore.com\/fr\/product\/monoi-rescue-natural-shampoo\/#primaryimage\"},\"image\":{\"@id\":\"https:\/\/dutchhealthstore.com\/fr\/product\/monoi-rescue-natural-shampoo\/#primaryimage\"},\"thumbnailUrl\":\"https:\/\/dutchhealthstore.com\/wp-content\/uploads\/2022\/09\/monoi-rescue-natural-shampoo.jpg\",\"datePublished\":\"2022-09-15T13:59:37+00:00\",\"dateModified\":\"2025-07-24T07:51:28+00:00\",\"description\":\"Un shampooing r\u00e9volutionnaire enti\u00e8rement naturel pour am\u00e9liorer l'\u00e9tat des cheveux secs, ab\u00eem\u00e9s et color\u00e9s.\",\"breadcrumb\":{\"@id\":\"https:\/\/dutchhealthstore.com\/fr\/product\/monoi-rescue-natural-shampoo\/#breadcrumb\"},\"inLanguage\":\"fr-FR\",\"potentialAction\":[{\"@type\":\"ReadAction\",\"target\":[\"https:\/\/dutchhealthstore.com\/fr\/product\/monoi-rescue-natural-shampoo\/\"]}]},{\"@type\":\"ImageObject\",\"inLanguage\":\"fr-FR\",\"@id\":\"https:\/\/dutchhealthstore.com\/fr\/product\/monoi-rescue-natural-shampoo\/#primaryimage\",\"url\":\"https:\/\/dutchhealthstore.com\/wp-content\/uploads\/2022\/09\/monoi-rescue-natural-shampoo.jpg\",\"contentUrl\":\"https:\/\/dutchhealthstore.com\/wp-content\/uploads\/2022\/09\/monoi-rescue-natural-shampoo.jpg\",\"width\":530,\"height\":530},{\"@type\":\"BreadcrumbList\",\"@id\":\"https:\/\/dutchhealthstore.com\/fr\/product\/monoi-rescue-natural-shampoo\/#breadcrumb\",\"itemListElement\":[{\"@type\":\"ListItem\",\"position\":1,\"name\":\"Home\",\"item\":\"https:\/\/dutchhealthstore.com\/fr\/\"},{\"@type\":\"ListItem\",\"position\":2,\"name\":\"Shop\",\"item\":\"https:\/\/dutchhealthstore.com\/fr\/shop\/\"},{\"@type\":\"ListItem\",\"position\":3,\"name\":\"Monoi Rescue Natural Shampoo\"}]},{\"@type\":\"WebSite\",\"@id\":\"https:\/\/dutchhealthstore.com\/fr\/#website\",\"url\":\"https:\/\/dutchhealthstore.com\/fr\/\",\"name\":\"Dutch Health Store\",\"description\":\"Enhance Your Beauty with Organic &amp; Natural Skincare\",\"publisher\":{\"@id\":\"https:\/\/dutchhealthstore.com\/fr\/#organization\"},\"potentialAction\":[{\"@type\":\"SearchAction\",\"target\":{\"@type\":\"EntryPoint\",\"urlTemplate\":\"https:\/\/dutchhealthstore.com\/fr\/?s={search_term_string}\"},\"query-input\":{\"@type\":\"PropertyValueSpecification\",\"valueRequired\":true,\"valueName\":\"search_term_string\"}}],\"inLanguage\":\"fr-FR\"},{\"@type\":\"Organization\",\"@id\":\"https:\/\/dutchhealthstore.com\/fr\/#organization\",\"name\":\"Dutch Health Store\",\"url\":\"https:\/\/dutchhealthstore.com\/fr\/\",\"logo\":{\"@type\":\"ImageObject\",\"inLanguage\":\"fr-FR\",\"@id\":\"https:\/\/dutchhealthstore.com\/fr\/#\/schema\/logo\/image\/\",\"url\":\"https:\/\/dutchhealthstore.com\/wp-content\/uploads\/2020\/08\/logo-dutchhealthstore-jpg-e1599484957574.jpg\",\"contentUrl\":\"https:\/\/dutchhealthstore.com\/wp-content\/uploads\/2020\/08\/logo-dutchhealthstore-jpg-e1599484957574.jpg\",\"width\":400,\"height\":62,\"caption\":\"Dutch Health Store\"},\"image\":{\"@id\":\"https:\/\/dutchhealthstore.com\/fr\/#\/schema\/logo\/image\/\"},\"sameAs\":[\"https:\/\/www.instagram.com\/dutchhealthstore\/\",\"https:\/\/www.facebook.com\/dutchhealthstore\"]}]}<\/script>\n<meta property=\"product:brand\" content=\"Evolve Organic Beauty\" \/>\n<meta property=\"product:price:amount\" content=\"18.50\" \/>\n<meta property=\"product:price:currency\" content=\"EUR\" \/>\n<meta property=\"og:availability\" content=\"out of stock\" \/>\n<meta property=\"product:availability\" content=\"out of stock\" \/>\n<meta property=\"product:condition\" content=\"new\" \/>\n<!-- \/ Yoast SEO Premium plugin. -->","yoast_head_json":{"title":"Vous cherchez un Monoi Rescue Natural Shampoo? - Evolve Beauty","description":"Un shampooing r\u00e9volutionnaire enti\u00e8rement naturel pour am\u00e9liorer l'\u00e9tat des cheveux secs, ab\u00eem\u00e9s et color\u00e9s.","robots":{"index":"index","follow":"follow","max-snippet":"max-snippet:-1","max-image-preview":"max-image-preview:large","max-video-preview":"max-video-preview:-1"},"canonical":"https:\/\/dutchhealthstore.com\/fr\/product\/monoi-rescue-natural-shampoo\/","og_locale":"fr_FR","og_type":"article","og_title":"Monoi Rescue Natural Shampoo - Dutch Health Store","og_description":"Un shampooing r\u00e9volutionnaire enti\u00e8rement naturel pour am\u00e9liorer l'\u00e9tat des cheveux secs, ab\u00eem\u00e9s et color\u00e9s.","og_url":"https:\/\/dutchhealthstore.com\/fr\/product\/monoi-rescue-natural-shampoo\/","og_site_name":"Dutch Health Store","article_publisher":"https:\/\/www.instagram.com\/dutchhealthstore\/","article_modified_time":"2025-07-24T07:51:28+00:00","og_image":[{"width":530,"height":530,"url":"https:\/\/dutchhealthstore.com\/wp-content\/uploads\/2022\/09\/monoi-rescue-natural-shampoo.jpg","type":"image\/jpeg"}],"twitter_card":"summary_large_image","twitter_misc":{"Prix":"&euro;18,50","Disponibilit\u00e9":"Rupture de stock"},"schema":{"@context":"https:\/\/schema.org","@graph":[{"@type":"WebPage","@id":"https:\/\/dutchhealthstore.com\/fr\/product\/monoi-rescue-natural-shampoo\/","url":"https:\/\/dutchhealthstore.com\/fr\/product\/monoi-rescue-natural-shampoo\/","name":"Vous cherchez un Monoi Rescue Natural Shampoo? - Evolve Beauty","isPartOf":{"@id":"https:\/\/dutchhealthstore.com\/fr\/#website"},"primaryImageOfPage":{"@id":"https:\/\/dutchhealthstore.com\/fr\/product\/monoi-rescue-natural-shampoo\/#primaryimage"},"image":{"@id":"https:\/\/dutchhealthstore.com\/fr\/product\/monoi-rescue-natural-shampoo\/#primaryimage"},"thumbnailUrl":"https:\/\/dutchhealthstore.com\/wp-content\/uploads\/2022\/09\/monoi-rescue-natural-shampoo.jpg","datePublished":"2022-09-15T13:59:37+00:00","dateModified":"2025-07-24T07:51:28+00:00","description":"Un shampooing r\u00e9volutionnaire enti\u00e8rement naturel pour am\u00e9liorer l'\u00e9tat des cheveux secs, ab\u00eem\u00e9s et color\u00e9s.","breadcrumb":{"@id":"https:\/\/dutchhealthstore.com\/fr\/product\/monoi-rescue-natural-shampoo\/#breadcrumb"},"inLanguage":"fr-FR","potentialAction":[{"@type":"ReadAction","target":["https:\/\/dutchhealthstore.com\/fr\/product\/monoi-rescue-natural-shampoo\/"]}]},{"@type":"ImageObject","inLanguage":"fr-FR","@id":"https:\/\/dutchhealthstore.com\/fr\/product\/monoi-rescue-natural-shampoo\/#primaryimage","url":"https:\/\/dutchhealthstore.com\/wp-content\/uploads\/2022\/09\/monoi-rescue-natural-shampoo.jpg","contentUrl":"https:\/\/dutchhealthstore.com\/wp-content\/uploads\/2022\/09\/monoi-rescue-natural-shampoo.jpg","width":530,"height":530},{"@type":"BreadcrumbList","@id":"https:\/\/dutchhealthstore.com\/fr\/product\/monoi-rescue-natural-shampoo\/#breadcrumb","itemListElement":[{"@type":"ListItem","position":1,"name":"Home","item":"https:\/\/dutchhealthstore.com\/fr\/"},{"@type":"ListItem","position":2,"name":"Shop","item":"https:\/\/dutchhealthstore.com\/fr\/shop\/"},{"@type":"ListItem","position":3,"name":"Monoi Rescue Natural Shampoo"}]},{"@type":"WebSite","@id":"https:\/\/dutchhealthstore.com\/fr\/#website","url":"https:\/\/dutchhealthstore.com\/fr\/","name":"Dutch Health Store","description":"Enhance Your Beauty with Organic &amp; Natural Skincare","publisher":{"@id":"https:\/\/dutchhealthstore.com\/fr\/#organization"},"potentialAction":[{"@type":"SearchAction","target":{"@type":"EntryPoint","urlTemplate":"https:\/\/dutchhealthstore.com\/fr\/?s={search_term_string}"},"query-input":{"@type":"PropertyValueSpecification","valueRequired":true,"valueName":"search_term_string"}}],"inLanguage":"fr-FR"},{"@type":"Organization","@id":"https:\/\/dutchhealthstore.com\/fr\/#organization","name":"Dutch Health Store","url":"https:\/\/dutchhealthstore.com\/fr\/","logo":{"@type":"ImageObject","inLanguage":"fr-FR","@id":"https:\/\/dutchhealthstore.com\/fr\/#\/schema\/logo\/image\/","url":"https:\/\/dutchhealthstore.com\/wp-content\/uploads\/2020\/08\/logo-dutchhealthstore-jpg-e1599484957574.jpg","contentUrl":"https:\/\/dutchhealthstore.com\/wp-content\/uploads\/2020\/08\/logo-dutchhealthstore-jpg-e1599484957574.jpg","width":400,"height":62,"caption":"Dutch Health Store"},"image":{"@id":"https:\/\/dutchhealthstore.com\/fr\/#\/schema\/logo\/image\/"},"sameAs":["https:\/\/www.instagram.com\/dutchhealthstore\/","https:\/\/www.facebook.com\/dutchhealthstore"]}]},"product_brand":"Evolve Organic Beauty","product_price_amount":"18.50","product_price_currency":"EUR","og_availability":"out of stock","product_availability":"out of stock","product_condition":"new"},"_links":{"self":[{"href":"https:\/\/dutchhealthstore.com\/fr\/wp-json\/wp\/v2\/product\/219432","targetHints":{"allow":["GET"]}}],"collection":[{"href":"https:\/\/dutchhealthstore.com\/fr\/wp-json\/wp\/v2\/product"}],"about":[{"href":"https:\/\/dutchhealthstore.com\/fr\/wp-json\/wp\/v2\/types\/product"}],"replies":[{"embeddable":true,"href":"https:\/\/dutchhealthstore.com\/fr\/wp-json\/wp\/v2\/comments?post=219432"}],"wp:featuredmedia":[{"embeddable":true,"href":"https:\/\/dutchhealthstore.com\/fr\/wp-json\/wp\/v2\/media\/303652"}],"wp:attachment":[{"href":"https:\/\/dutchhealthstore.com\/fr\/wp-json\/wp\/v2\/media?parent=219432"}],"wp:term":[{"taxonomy":"product_brand","embeddable":true,"href":"https:\/\/dutchhealthstore.com\/fr\/wp-json\/wp\/v2\/product_brand?post=219432"},{"taxonomy":"product_cat","embeddable":true,"href":"https:\/\/dutchhealthstore.com\/fr\/wp-json\/wp\/v2\/product_cat?post=219432"},{"taxonomy":"product_tag","embeddable":true,"href":"https:\/\/dutchhealthstore.com\/fr\/wp-json\/wp\/v2\/product_tag?post=219432"}],"curies":[{"name":"wp","href":"https:\/\/api.w.org\/{rel}","templated":true}]}}