{"id":215336,"date":"2022-06-17T07:27:04","date_gmt":"2022-06-17T05:27:04","guid":{"rendered":"https:\/\/dutchhealthstore.com\/product\/cilantro-leaf-essential-oil\/"},"modified":"2024-11-22T11:34:14","modified_gmt":"2024-11-22T10:34:14","slug":"huile-essentielle-de-feuille-de-cilantro","status":"publish","type":"product","link":"https:\/\/dutchhealthstore.com\/fr\/product\/huile-essentielle-de-feuille-de-cilantro\/","title":{"rendered":"Cilantro Leaf Essential oil"},"content":{"rendered":"<p>Propre et verdoyant <strong>Cilantro essential oil <\/strong>offre l&rsquo;ar\u00f4me familier de l&rsquo;herbe ros\u00e9e, un parfum savoureux qui a \u00e9t\u00e9 m\u00e9lang\u00e9 et mis en bouteille dans les eaux de Cologne et les cuisines depuis des si\u00e8cles. Distill\u00e9e \u00e0 partir de feuilles cultiv\u00e9es biologiquement en \u00c9gypte, la coriandre procure une sensation de fra\u00eecheur tout en tonifiant et en revigorant le teint. L&rsquo;ar\u00f4me herbac\u00e9 apaise les \u00e9motions et lib\u00e8re l&rsquo;esprit pour une concentration calme.<\/p>\n<p>Voir Coriander Essential oil pour l&rsquo;essence distill\u00e9e des graines de cette herbe.<\/p>\n<p><strong>Nom botanique : <\/strong><em>Coriandrum sativum<\/em><br \/>\n<strong>Famille botanique : <\/strong><em>Umbelliferae<\/em><br \/>\n<strong>M\u00e9thode d&rsquo;extraction : <\/strong>Distillation \u00e0 la vapeur<br \/>\n<strong>Partie de la plante distill\u00e9e :<\/strong> Feuilles<br \/>\n<strong>Pays d&rsquo;origine : <\/strong>\u00c9gypte<br \/>\n<strong>M\u00e9thode de culture : <\/strong>Organique<br \/>\n<strong>Composition : <\/strong>100% <em>Coriandrum sativum<\/em><br \/>\n<strong>Consistance :<\/strong> Jaune clair avec une viscosit\u00e9 fine.<br \/>\n<strong>Description du parfum : <\/strong>Piquant et propre. Verdoyant, herbe verte fra\u00eeche avec un soup\u00e7on de musc.<br \/>\n<strong>Se m\u00e9lange bien avec : <\/strong>Basilic, coriandre, sauge sclar\u00e9e, jasmin, citron, orange, feuille de curry, bois de santal, rose, ylang, v\u00e9tiver, immortelle, bergamote, orange et \u00e9pices comme le poivre noir, le gingembre et la cannelle.<br \/>\n<strong>Utilisation : <\/strong>Fra\u00eecheur captivante dans les eaux de Cologne et les d\u00e9odorants. A utiliser comme une brume tonique et rafra\u00eechissante pour le teint. Ajoutez une goutte d\u00e9lectable aux vinaigrettes et aux sauces comme un chr\u00eame culinaire. Diffuser pour \u00e9gayer l&rsquo;humeur et rafra\u00eechir les pi\u00e8ces.<br \/>\n<strong>Constituants : <\/strong>Riche en ald\u00e9hydes et en monoterp\u00e8nes.<\/p>\n<p>&nbsp;<\/p>\n<p>Une herbe dynamique, <em>Coriandrum sativum,<\/em> pr\u00e9sente deux huiles essentielles : L&rsquo;huile essentielle huile coriandre distill\u00e9e \u00e0 partir des feuilles verdoyantes et l&rsquo;huile essentielle huile coriandre distill\u00e9e \u00e0 partir des petites graines.<\/p>\n<p>La coriandre \u00e9tait l&rsquo;une des herbes vedettes de l&rsquo;Ancien Testament, consomm\u00e9e lors des c\u00e9l\u00e9brations de la P\u00e2que et appr\u00e9ci\u00e9e comme un don de Dieu. Aujourd&rsquo;hui, la coriandre est l&rsquo;une des herbes les plus appr\u00e9ci\u00e9es et elle est pr\u00e9sente dans toutes les cuisines du monde. L&rsquo;huile essentielle huile coriandre a le statut GRAS avec la FDA, et une ou deux gouttes ajout\u00e9es juste avant de servir est un remplacement pr\u00eat pour la coriandre fra\u00eeche dans de nombreux plats, y compris guacamole, soupes, rouleaux de printemps, et les saut\u00e9s.<\/p>\n<p>Le parfum frais et vif de la coriandre est naturel pour les eaux de Cologne, les huiles corporelles et les d\u00e9odorants aux senteurs l\u00e9g\u00e8res et propres. L&rsquo;huile est une mine de monoterp\u00e8nes, ce qui en fait un choix magnifique pour les s\u00e9rums qui parfont les pores et \u00e9claircissent le teint, et elle est particuli\u00e8rement excellente lorsqu&rsquo;elle est associ\u00e9e \u00e0 l&rsquo;Immortelle, \u00e0 la Rose Otto ou \u00e0 l&rsquo;Ylang.<\/p>\n<p>Dans les soins bucco-dentaires, l&rsquo;huile essentielle huile coriandre peut remplacer les huiles essentielles de menthe poivr\u00e9e ou de coriandre comme baume pour l&rsquo;haleine \u00e9quilibrant les bact\u00e9ries. Le magnifique ar\u00f4me vert combin\u00e9 aux agrumes et \u00e0 la lavande dans un diffuseur ou une solution de nettoyage domestique invite \u00e0 une atmosph\u00e8re apaisante, nettoyante et clarifiante.<\/p>\n<p><strong>Taille : 5 ml et 15 ml<\/strong><\/p>\n","protected":false},"excerpt":{"rendered":"<p>Amateurs de coriandre, r\u00e9jouissez-vous !<\/p>\n","protected":false},"featured_media":211581,"comment_status":"open","ping_status":"closed","template":"","meta":[],"product_brand":[],"product_cat":[6734,1507,1211,1209,1030,3757,1010],"product_tag":[4495],"class_list":{"0":"post-215336","1":"product","2":"type-product","3":"status-publish","4":"has-post-thumbnail","6":"product_cat-essential-oils","7":"product_cat-plantes-huiles-essentielles-living-libations","8":"product_cat-living-libations-france","9":"product_cat-par-marques","10":"product_cat-par-produits","11":"product_cat-plantes-huiles-essentielles","12":"product_cat-notre-boutique","13":"product_tag-essential-oil-fr","14":"pa_brand-livinglibations-fr","15":"pa_essential-oils-product-type-essential-oils-fr","16":"pa_size-5-ml-fr","17":"pa_size-15-ml-fr","19":"first","20":"instock","21":"taxable","22":"shipping-taxable","23":"purchasable","24":"product-type-variable"},"bundled_by":[],"bundle_stock_status":"instock","bundle_stock_quantity":null,"bundle_virtual":false,"bundle_layout":"","bundle_add_to_cart_form_location":"","bundle_editable_in_cart":false,"bundle_sold_individually_context":"","bundle_item_grouping":"","bundle_min_size":"","bundle_max_size":"","bundle_price":[],"bundled_items":[],"bundle_sell_ids":[],"atum_controlled":true,"out_stock_date":null,"out_stock_threshold":null,"inheritable":true,"stock_on_hold":0,"sold_today":0,"sales_last_days":0,"out_stock_days":0,"lost_sales":0,"update_date":"2026-04-08T01:47:06","atum_locations":[],"atum_stock_status":"instock","restock_status":false,"low_stock_amount":"","sales_update_date":"2026-04-08T01:47:06","calc_backorders":null,"group_of_quantity":0,"min_quantity":0,"max_quantity":"","exclude_order_quantity_value_rules":"no","exclude_category_quantity_rules":"no","combine_variations":"no","yoast_head":"<!-- This site is optimized with the Yoast SEO Premium plugin v26.5 (Yoast SEO v26.5) - https:\/\/yoast.com\/wordpress\/plugins\/seo\/ -->\n<title>Cilantro Leaf Essential oil - Living Libations<\/title>\n<meta name=\"description\" content=\"Amateurs de coriandre, r\u00e9jouissez-vous !\" \/>\n<meta name=\"robots\" content=\"index, follow, max-snippet:-1, max-image-preview:large, max-video-preview:-1\" \/>\n<link rel=\"canonical\" href=\"https:\/\/dutchhealthstore.com\/fr\/product\/huile-essentielle-de-feuille-de-cilantro\/\" \/>\n<meta property=\"og:locale\" content=\"fr_FR\" \/>\n<meta property=\"og:type\" content=\"article\" \/>\n<meta property=\"og:title\" content=\"Cilantro Leaf Essential oil - Dutch Health Store\" \/>\n<meta property=\"og:description\" content=\"Amateurs de coriandre, r\u00e9jouissez-vous !\" \/>\n<meta property=\"og:url\" content=\"https:\/\/dutchhealthstore.com\/fr\/product\/huile-essentielle-de-feuille-de-cilantro\/\" \/>\n<meta property=\"og:site_name\" content=\"Dutch Health Store\" \/>\n<meta property=\"article:publisher\" content=\"https:\/\/www.instagram.com\/dutchhealthstore\/\" \/>\n<meta property=\"article:modified_time\" content=\"2024-11-22T10:34:14+00:00\" \/>\n<meta property=\"og:image\" content=\"https:\/\/dutchhealthstore.com\/wp-content\/uploads\/2022\/06\/cilantroessential-oil.jpg\" \/>\n\t<meta property=\"og:image:width\" content=\"500\" \/>\n\t<meta property=\"og:image:height\" content=\"500\" \/>\n\t<meta property=\"og:image:type\" content=\"image\/jpeg\" \/>\n<meta name=\"twitter:card\" content=\"summary_large_image\" \/>\n<meta name=\"twitter:label1\" content=\"Disponibilit\u00e9\" \/>\n\t<meta name=\"twitter:data1\" content=\"En stock\" \/>\n<script type=\"application\/ld+json\" class=\"yoast-schema-graph\">{\"@context\":\"https:\/\/schema.org\",\"@graph\":[{\"@type\":\"WebPage\",\"@id\":\"https:\/\/dutchhealthstore.com\/fr\/product\/huile-essentielle-de-feuille-de-cilantro\/\",\"url\":\"https:\/\/dutchhealthstore.com\/fr\/product\/huile-essentielle-de-feuille-de-cilantro\/\",\"name\":\"Cilantro Leaf Essential oil - Living Libations\",\"isPartOf\":{\"@id\":\"https:\/\/dutchhealthstore.com\/fr\/#website\"},\"primaryImageOfPage\":{\"@id\":\"https:\/\/dutchhealthstore.com\/fr\/product\/huile-essentielle-de-feuille-de-cilantro\/#primaryimage\"},\"image\":{\"@id\":\"https:\/\/dutchhealthstore.com\/fr\/product\/huile-essentielle-de-feuille-de-cilantro\/#primaryimage\"},\"thumbnailUrl\":\"https:\/\/dutchhealthstore.com\/wp-content\/uploads\/2022\/06\/cilantroessential-oil.jpg\",\"datePublished\":\"2022-06-17T05:27:04+00:00\",\"dateModified\":\"2024-11-22T10:34:14+00:00\",\"description\":\"Amateurs de coriandre, r\u00e9jouissez-vous !\",\"breadcrumb\":{\"@id\":\"https:\/\/dutchhealthstore.com\/fr\/product\/huile-essentielle-de-feuille-de-cilantro\/#breadcrumb\"},\"inLanguage\":\"fr-FR\",\"potentialAction\":[{\"@type\":\"ReadAction\",\"target\":[\"https:\/\/dutchhealthstore.com\/fr\/product\/huile-essentielle-de-feuille-de-cilantro\/\"]}]},{\"@type\":\"ImageObject\",\"inLanguage\":\"fr-FR\",\"@id\":\"https:\/\/dutchhealthstore.com\/fr\/product\/huile-essentielle-de-feuille-de-cilantro\/#primaryimage\",\"url\":\"https:\/\/dutchhealthstore.com\/wp-content\/uploads\/2022\/06\/cilantroessential-oil.jpg\",\"contentUrl\":\"https:\/\/dutchhealthstore.com\/wp-content\/uploads\/2022\/06\/cilantroessential-oil.jpg\",\"width\":500,\"height\":500,\"caption\":\"huile essentielle de coriandre\"},{\"@type\":\"BreadcrumbList\",\"@id\":\"https:\/\/dutchhealthstore.com\/fr\/product\/huile-essentielle-de-feuille-de-cilantro\/#breadcrumb\",\"itemListElement\":[{\"@type\":\"ListItem\",\"position\":1,\"name\":\"Home\",\"item\":\"https:\/\/dutchhealthstore.com\/fr\/\"},{\"@type\":\"ListItem\",\"position\":2,\"name\":\"Shop\",\"item\":\"https:\/\/dutchhealthstore.com\/fr\/shop\/\"},{\"@type\":\"ListItem\",\"position\":3,\"name\":\"Cilantro Leaf Essential oil\"}]},{\"@type\":\"WebSite\",\"@id\":\"https:\/\/dutchhealthstore.com\/fr\/#website\",\"url\":\"https:\/\/dutchhealthstore.com\/fr\/\",\"name\":\"Dutch Health Store\",\"description\":\"Enhance Your Beauty with Organic &amp; Natural Skincare\",\"publisher\":{\"@id\":\"https:\/\/dutchhealthstore.com\/fr\/#organization\"},\"potentialAction\":[{\"@type\":\"SearchAction\",\"target\":{\"@type\":\"EntryPoint\",\"urlTemplate\":\"https:\/\/dutchhealthstore.com\/fr\/?s={search_term_string}\"},\"query-input\":{\"@type\":\"PropertyValueSpecification\",\"valueRequired\":true,\"valueName\":\"search_term_string\"}}],\"inLanguage\":\"fr-FR\"},{\"@type\":\"Organization\",\"@id\":\"https:\/\/dutchhealthstore.com\/fr\/#organization\",\"name\":\"Dutch Health Store\",\"url\":\"https:\/\/dutchhealthstore.com\/fr\/\",\"logo\":{\"@type\":\"ImageObject\",\"inLanguage\":\"fr-FR\",\"@id\":\"https:\/\/dutchhealthstore.com\/fr\/#\/schema\/logo\/image\/\",\"url\":\"https:\/\/dutchhealthstore.com\/wp-content\/uploads\/2020\/08\/logo-dutchhealthstore-jpg-e1599484957574.jpg\",\"contentUrl\":\"https:\/\/dutchhealthstore.com\/wp-content\/uploads\/2020\/08\/logo-dutchhealthstore-jpg-e1599484957574.jpg\",\"width\":400,\"height\":62,\"caption\":\"Dutch Health Store\"},\"image\":{\"@id\":\"https:\/\/dutchhealthstore.com\/fr\/#\/schema\/logo\/image\/\"},\"sameAs\":[\"https:\/\/www.instagram.com\/dutchhealthstore\/\",\"https:\/\/www.facebook.com\/dutchhealthstore\"]}]}<\/script>\n<meta property=\"product:brand\" content=\"Living Libations\" \/>\n<meta property=\"og:availability\" content=\"instock\" \/>\n<meta property=\"product:availability\" content=\"instock\" \/>\n<meta property=\"product:condition\" content=\"new\" \/>\n<!-- \/ Yoast SEO Premium plugin. -->","yoast_head_json":{"title":"Cilantro Leaf Essential oil - Living Libations","description":"Amateurs de coriandre, r\u00e9jouissez-vous !","robots":{"index":"index","follow":"follow","max-snippet":"max-snippet:-1","max-image-preview":"max-image-preview:large","max-video-preview":"max-video-preview:-1"},"canonical":"https:\/\/dutchhealthstore.com\/fr\/product\/huile-essentielle-de-feuille-de-cilantro\/","og_locale":"fr_FR","og_type":"article","og_title":"Cilantro Leaf Essential oil - Dutch Health Store","og_description":"Amateurs de coriandre, r\u00e9jouissez-vous !","og_url":"https:\/\/dutchhealthstore.com\/fr\/product\/huile-essentielle-de-feuille-de-cilantro\/","og_site_name":"Dutch Health Store","article_publisher":"https:\/\/www.instagram.com\/dutchhealthstore\/","article_modified_time":"2024-11-22T10:34:14+00:00","og_image":[{"width":500,"height":500,"url":"https:\/\/dutchhealthstore.com\/wp-content\/uploads\/2022\/06\/cilantroessential-oil.jpg","type":"image\/jpeg"}],"twitter_card":"summary_large_image","twitter_misc":{"Disponibilit\u00e9":"En stock"},"schema":{"@context":"https:\/\/schema.org","@graph":[{"@type":"WebPage","@id":"https:\/\/dutchhealthstore.com\/fr\/product\/huile-essentielle-de-feuille-de-cilantro\/","url":"https:\/\/dutchhealthstore.com\/fr\/product\/huile-essentielle-de-feuille-de-cilantro\/","name":"Cilantro Leaf Essential oil - Living Libations","isPartOf":{"@id":"https:\/\/dutchhealthstore.com\/fr\/#website"},"primaryImageOfPage":{"@id":"https:\/\/dutchhealthstore.com\/fr\/product\/huile-essentielle-de-feuille-de-cilantro\/#primaryimage"},"image":{"@id":"https:\/\/dutchhealthstore.com\/fr\/product\/huile-essentielle-de-feuille-de-cilantro\/#primaryimage"},"thumbnailUrl":"https:\/\/dutchhealthstore.com\/wp-content\/uploads\/2022\/06\/cilantroessential-oil.jpg","datePublished":"2022-06-17T05:27:04+00:00","dateModified":"2024-11-22T10:34:14+00:00","description":"Amateurs de coriandre, r\u00e9jouissez-vous !","breadcrumb":{"@id":"https:\/\/dutchhealthstore.com\/fr\/product\/huile-essentielle-de-feuille-de-cilantro\/#breadcrumb"},"inLanguage":"fr-FR","potentialAction":[{"@type":"ReadAction","target":["https:\/\/dutchhealthstore.com\/fr\/product\/huile-essentielle-de-feuille-de-cilantro\/"]}]},{"@type":"ImageObject","inLanguage":"fr-FR","@id":"https:\/\/dutchhealthstore.com\/fr\/product\/huile-essentielle-de-feuille-de-cilantro\/#primaryimage","url":"https:\/\/dutchhealthstore.com\/wp-content\/uploads\/2022\/06\/cilantroessential-oil.jpg","contentUrl":"https:\/\/dutchhealthstore.com\/wp-content\/uploads\/2022\/06\/cilantroessential-oil.jpg","width":500,"height":500,"caption":"huile essentielle de coriandre"},{"@type":"BreadcrumbList","@id":"https:\/\/dutchhealthstore.com\/fr\/product\/huile-essentielle-de-feuille-de-cilantro\/#breadcrumb","itemListElement":[{"@type":"ListItem","position":1,"name":"Home","item":"https:\/\/dutchhealthstore.com\/fr\/"},{"@type":"ListItem","position":2,"name":"Shop","item":"https:\/\/dutchhealthstore.com\/fr\/shop\/"},{"@type":"ListItem","position":3,"name":"Cilantro Leaf Essential oil"}]},{"@type":"WebSite","@id":"https:\/\/dutchhealthstore.com\/fr\/#website","url":"https:\/\/dutchhealthstore.com\/fr\/","name":"Dutch Health Store","description":"Enhance Your Beauty with Organic &amp; Natural Skincare","publisher":{"@id":"https:\/\/dutchhealthstore.com\/fr\/#organization"},"potentialAction":[{"@type":"SearchAction","target":{"@type":"EntryPoint","urlTemplate":"https:\/\/dutchhealthstore.com\/fr\/?s={search_term_string}"},"query-input":{"@type":"PropertyValueSpecification","valueRequired":true,"valueName":"search_term_string"}}],"inLanguage":"fr-FR"},{"@type":"Organization","@id":"https:\/\/dutchhealthstore.com\/fr\/#organization","name":"Dutch Health Store","url":"https:\/\/dutchhealthstore.com\/fr\/","logo":{"@type":"ImageObject","inLanguage":"fr-FR","@id":"https:\/\/dutchhealthstore.com\/fr\/#\/schema\/logo\/image\/","url":"https:\/\/dutchhealthstore.com\/wp-content\/uploads\/2020\/08\/logo-dutchhealthstore-jpg-e1599484957574.jpg","contentUrl":"https:\/\/dutchhealthstore.com\/wp-content\/uploads\/2020\/08\/logo-dutchhealthstore-jpg-e1599484957574.jpg","width":400,"height":62,"caption":"Dutch Health Store"},"image":{"@id":"https:\/\/dutchhealthstore.com\/fr\/#\/schema\/logo\/image\/"},"sameAs":["https:\/\/www.instagram.com\/dutchhealthstore\/","https:\/\/www.facebook.com\/dutchhealthstore"]}]},"product_brand":"Living Libations","og_availability":"instock","product_availability":"instock","product_condition":"new"},"_links":{"self":[{"href":"https:\/\/dutchhealthstore.com\/fr\/wp-json\/wp\/v2\/product\/215336","targetHints":{"allow":["GET"]}}],"collection":[{"href":"https:\/\/dutchhealthstore.com\/fr\/wp-json\/wp\/v2\/product"}],"about":[{"href":"https:\/\/dutchhealthstore.com\/fr\/wp-json\/wp\/v2\/types\/product"}],"replies":[{"embeddable":true,"href":"https:\/\/dutchhealthstore.com\/fr\/wp-json\/wp\/v2\/comments?post=215336"}],"wp:featuredmedia":[{"embeddable":true,"href":"https:\/\/dutchhealthstore.com\/fr\/wp-json\/wp\/v2\/media\/211581"}],"wp:attachment":[{"href":"https:\/\/dutchhealthstore.com\/fr\/wp-json\/wp\/v2\/media?parent=215336"}],"wp:term":[{"taxonomy":"product_brand","embeddable":true,"href":"https:\/\/dutchhealthstore.com\/fr\/wp-json\/wp\/v2\/product_brand?post=215336"},{"taxonomy":"product_cat","embeddable":true,"href":"https:\/\/dutchhealthstore.com\/fr\/wp-json\/wp\/v2\/product_cat?post=215336"},{"taxonomy":"product_tag","embeddable":true,"href":"https:\/\/dutchhealthstore.com\/fr\/wp-json\/wp\/v2\/product_tag?post=215336"}],"curies":[{"name":"wp","href":"https:\/\/api.w.org\/{rel}","templated":true}]}}