{"id":213956,"date":"2022-06-28T11:35:32","date_gmt":"2022-06-28T09:35:32","guid":{"rendered":"https:\/\/dutchhealthstore.com\/product\/full-spectrum-he-shou-wu-foti-root-extract-powder-superior-quality\/"},"modified":"2026-01-16T23:44:22","modified_gmt":"2026-01-16T22:44:22","slug":"full-spectrum-he-shou-wu-foti-root-extract-powder-superior-quality","status":"publish","type":"product","link":"https:\/\/dutchhealthstore.com\/fr\/product\/full-spectrum-he-shou-wu-foti-root-extract-powder-superior-quality\/","title":{"rendered":"Full Spectrum He Shou Wu (Foti) Root Extract Powder &#8211; Superior Quality"},"content":{"rendered":"<p>Un processus sp\u00e9cial \u00e0 temp\u00e9rature contr\u00f4l\u00e9e est utilis\u00e9 pour s&rsquo;adapter parfaitement aux caract\u00e9ristiques de la racine, garantissant que tous les composants naturelet les plus pr\u00e9cieux peuvent \u00eatre captur\u00e9s dans l&rsquo;extrait dans les m\u00eames proportions que dans la plante originale, cr\u00e9ant ainsi un extrait parfait \u00e0 spectre complet.<\/p>\n<p>Toutes nos poudres d&rsquo;extraits d&rsquo;herbes toniques sont produites avec la plus haute qualit\u00e9 en utilisant une technologie de pointe qui permet aux extraits liquides d&rsquo;\u00eatre soigneusement d\u00e9shydrat\u00e9s en une poudre microfine qui se dissout dans n&rsquo;importe quel liquide ou eau chaude.<\/p>\n<p>Ils sont livr\u00e9s dans des r\u00e9cipients en verre fonc\u00e9 et sont absolument exempts d&rsquo;additifs et d&rsquo;agents de remplissage, d&rsquo;ingr\u00e9dients synth\u00e9tiques, de conservateurs, de farines et d&rsquo;autres agents de charge, d&rsquo;OGM, de produits laitiers et de gluten, et chaque poudre est minutieusement test\u00e9e pour d\u00e9tecter les m\u00e9taux lourds, les pesticides et autres contaminants &#8211; un certificat d&rsquo;analyse est disponible sur demande pour chaque extrait de plantes.<\/p>\n<h3><strong>Taille : 80 gr<\/strong><\/h3>\n<h3><strong>Ingr\u00e9dients naturels\/biologiques <\/strong><\/h3>\n<ul>\n<li>Extrait \u00e0 spectre complet 10:1 de racine pr\u00e9par\u00e9e* de He Shou Wu<em>(Polygonum multiflorum<\/em>)<\/li>\n<\/ul>\n<p>* Pr\u00e9par\u00e9 en cuisinant avec une soupe de haricots noirs avant l&rsquo;extraction.<\/p>\n<p>Sans agent de remplissage ni conservateur.<br \/>\nProduit provenant des montagnes de Changbai, en Chine.<\/p>\n<h3><strong>Comment utiliser <\/strong><\/h3>\n<p>1g (environ \u00bd cuill\u00e8re \u00e0 caf\u00e9 rase) avec de l&rsquo;eau chaude, ou ajout\u00e9 \u00e0 votre th\u00e9 pr\u00e9f\u00e9r\u00e9, votre smoothie ou la boisson de votre choix. Peut \u00e9galement \u00eatre saupoudr\u00e9 sur une salade ou des aliments chauds.<\/p>\n<p><a href=\"https:\/\/dutchhealthstore.com\/wp-content\/uploads\/2022\/06\/navimountainjingthumb-e1656422601212.jpg\"><img fetchpriority=\"high\" decoding=\"async\" class=\"alignnone wp-image-213072 size-full\" src=\"https:\/\/dutchhealthstore.com\/wp-content\/uploads\/2022\/06\/navimountainjingthumb-e1656422601212.jpg\" alt=\"navimountainjingthumb\" width=\"500\" height=\"215\" srcset=\"https:\/\/dutchhealthstore.com\/wp-content\/uploads\/2022\/06\/navimountainjingthumb-e1656422601212.jpg 500w, https:\/\/dutchhealthstore.com\/wp-content\/uploads\/2022\/06\/navimountainjingthumb-e1656422601212-64x28.jpg 64w\" sizes=\"(max-width: 500px) 100vw, 500px\" \/><\/a><\/p>\n","protected":false},"excerpt":{"rendered":"<p>Notre He Shou Wu Root est d&rsquo;abord pr\u00e9par\u00e9e en la faisant mijoter dans une soupe de haricots noirs, puis extraite \u00e0 l&rsquo;aide d&rsquo;eau purifi\u00e9e et trait\u00e9e conform\u00e9ment \u00e0 l&rsquo;ancienne sagesse de la m\u00e9decine traditionnelle chinoise.<\/p>\n","protected":false},"featured_media":212975,"comment_status":"open","ping_status":"closed","template":"","meta":[],"product_brand":[],"product_cat":[9966,6765,6744,4383,8466,1209,1030,8467,8980,1010,4400,8786,6733],"product_tag":[21359,21537,21516,21515,21540],"class_list":{"0":"post-213956","1":"product","2":"type-product","3":"status-publish","4":"has-post-thumbnail","6":"product_cat-mushrooms-fr-2","7":"product_cat-energy-vitality-fr-2","8":"product_cat-mood-fr-2","9":"product_cat-navi-organics-fr","10":"product_cat-nutrition-fr","11":"product_cat-par-marques","12":"product_cat-par-produits","13":"product_cat-health-fr-2","14":"product_cat-optimum-health-fr-2","15":"product_cat-notre-boutique","16":"product_cat-superfoods-fr-2","17":"product_cat-superfoods-herbals-fr-2","18":"product_cat-wellness-fr-2","19":"product_tag-anti-age","20":"product_tag-croissance-des-cheveux","21":"product_tag-sante-optimale","22":"product_tag-superfood-fr","23":"product_tag-supplement-fr","24":"pa_brand-naviorganics-fr","25":"pa_gtin-6096417086076-fr","26":"pa_health-productype-supplements-fr","27":"pa_size-80-gr-fr","29":"first","30":"instock","31":"taxable","32":"shipping-taxable","33":"purchasable","34":"product-type-simple"},"bundled_by":[],"bundle_stock_status":"instock","bundle_stock_quantity":3,"bundle_virtual":false,"bundle_layout":"","bundle_add_to_cart_form_location":"","bundle_editable_in_cart":false,"bundle_sold_individually_context":"","bundle_item_grouping":"","bundle_min_size":"","bundle_max_size":"","bundle_price":[],"bundled_items":[],"bundle_sell_ids":[],"atum_controlled":true,"out_stock_date":null,"out_stock_threshold":null,"inheritable":false,"stock_on_hold":0,"sold_today":0,"sales_last_days":0,"out_stock_days":0,"lost_sales":0,"update_date":"2026-04-09T08:27:36","atum_locations":[],"atum_stock_status":"instock","restock_status":false,"low_stock_amount":"","sales_update_date":"2026-04-09T08:27:36","calc_backorders":null,"group_of_quantity":0,"min_quantity":0,"max_quantity":"","exclude_order_quantity_value_rules":"no","exclude_category_quantity_rules":"no","combine_variations":"no","yoast_head":"<!-- This site is optimized with the Yoast SEO Premium plugin v26.5 (Yoast SEO v26.5) - https:\/\/yoast.com\/wordpress\/plugins\/seo\/ -->\n<title>Full Spectrum He Shou Wu (Foti) Root Extract Powder - Superior Quality - Na&#039;Vi Organics<\/title>\n<meta name=\"description\" content=\"Notre He Shou Wu Root est d&#039;abord pr\u00e9par\u00e9e en la faisant mijoter dans une soupe de haricots noirs, puis extraite \u00e0 l&#039;aide d&#039;eau purifi\u00e9e et trait\u00e9e conform\u00e9ment \u00e0 l&#039;ancienne sagesse de la m\u00e9decine traditionnelle chinoise.\" \/>\n<meta name=\"robots\" content=\"index, follow, max-snippet:-1, max-image-preview:large, max-video-preview:-1\" \/>\n<link rel=\"canonical\" href=\"https:\/\/dutchhealthstore.com\/fr\/product\/full-spectrum-he-shou-wu-foti-root-extract-powder-superior-quality\/\" \/>\n<meta property=\"og:locale\" content=\"fr_FR\" \/>\n<meta property=\"og:type\" content=\"article\" \/>\n<meta property=\"og:title\" content=\"Full Spectrum He Shou Wu (Foti) Root Extract Powder - Superior Quality - Dutch Health Store\" \/>\n<meta property=\"og:description\" content=\"Notre He Shou Wu Root est d&#039;abord pr\u00e9par\u00e9e en la faisant mijoter dans une soupe de haricots noirs, puis extraite \u00e0 l&#039;aide d&#039;eau purifi\u00e9e et trait\u00e9e conform\u00e9ment \u00e0 l&#039;ancienne sagesse de la m\u00e9decine traditionnelle chinoise.\" \/>\n<meta property=\"og:url\" content=\"https:\/\/dutchhealthstore.com\/fr\/product\/full-spectrum-he-shou-wu-foti-root-extract-powder-superior-quality\/\" \/>\n<meta property=\"og:site_name\" content=\"Dutch Health Store\" \/>\n<meta property=\"article:publisher\" content=\"https:\/\/www.instagram.com\/dutchhealthstore\/\" \/>\n<meta property=\"article:modified_time\" content=\"2026-01-16T22:44:22+00:00\" \/>\n<meta property=\"og:image\" content=\"https:\/\/dutchhealthstore.com\/wp-content\/uploads\/2022\/06\/naviheshouwurootextract.jpg\" \/>\n\t<meta property=\"og:image:width\" content=\"500\" \/>\n\t<meta property=\"og:image:height\" content=\"500\" \/>\n\t<meta property=\"og:image:type\" content=\"image\/jpeg\" \/>\n<meta name=\"twitter:card\" content=\"summary_large_image\" \/>\n<meta name=\"twitter:label1\" content=\"Prix\" \/>\n\t<meta name=\"twitter:data1\" content=\"&euro;31,00\" \/>\n\t<meta name=\"twitter:label2\" content=\"Disponibilit\u00e9\" \/>\n\t<meta name=\"twitter:data2\" content=\"En stock\" \/>\n<script type=\"application\/ld+json\" class=\"yoast-schema-graph\">{\"@context\":\"https:\/\/schema.org\",\"@graph\":[{\"@type\":\"WebPage\",\"@id\":\"https:\/\/dutchhealthstore.com\/fr\/product\/full-spectrum-he-shou-wu-foti-root-extract-powder-superior-quality\/\",\"url\":\"https:\/\/dutchhealthstore.com\/fr\/product\/full-spectrum-he-shou-wu-foti-root-extract-powder-superior-quality\/\",\"name\":\"Full Spectrum He Shou Wu (Foti) Root Extract Powder - Superior Quality - Na'Vi Organics\",\"isPartOf\":{\"@id\":\"https:\/\/dutchhealthstore.com\/fr\/#website\"},\"primaryImageOfPage\":{\"@id\":\"https:\/\/dutchhealthstore.com\/fr\/product\/full-spectrum-he-shou-wu-foti-root-extract-powder-superior-quality\/#primaryimage\"},\"image\":{\"@id\":\"https:\/\/dutchhealthstore.com\/fr\/product\/full-spectrum-he-shou-wu-foti-root-extract-powder-superior-quality\/#primaryimage\"},\"thumbnailUrl\":\"https:\/\/dutchhealthstore.com\/wp-content\/uploads\/2022\/06\/naviheshouwurootextract.jpg\",\"datePublished\":\"2022-06-28T09:35:32+00:00\",\"dateModified\":\"2026-01-16T22:44:22+00:00\",\"description\":\"Notre He Shou Wu Root est d'abord pr\u00e9par\u00e9e en la faisant mijoter dans une soupe de haricots noirs, puis extraite \u00e0 l'aide d'eau purifi\u00e9e et trait\u00e9e conform\u00e9ment \u00e0 l'ancienne sagesse de la m\u00e9decine traditionnelle chinoise.\",\"breadcrumb\":{\"@id\":\"https:\/\/dutchhealthstore.com\/fr\/product\/full-spectrum-he-shou-wu-foti-root-extract-powder-superior-quality\/#breadcrumb\"},\"inLanguage\":\"fr-FR\",\"potentialAction\":[{\"@type\":\"ReadAction\",\"target\":[\"https:\/\/dutchhealthstore.com\/fr\/product\/full-spectrum-he-shou-wu-foti-root-extract-powder-superior-quality\/\"]}]},{\"@type\":\"ImageObject\",\"inLanguage\":\"fr-FR\",\"@id\":\"https:\/\/dutchhealthstore.com\/fr\/product\/full-spectrum-he-shou-wu-foti-root-extract-powder-superior-quality\/#primaryimage\",\"url\":\"https:\/\/dutchhealthstore.com\/wp-content\/uploads\/2022\/06\/naviheshouwurootextract.jpg\",\"contentUrl\":\"https:\/\/dutchhealthstore.com\/wp-content\/uploads\/2022\/06\/naviheshouwurootextract.jpg\",\"width\":500,\"height\":500,\"caption\":\"naviheshouwurootextract\"},{\"@type\":\"BreadcrumbList\",\"@id\":\"https:\/\/dutchhealthstore.com\/fr\/product\/full-spectrum-he-shou-wu-foti-root-extract-powder-superior-quality\/#breadcrumb\",\"itemListElement\":[{\"@type\":\"ListItem\",\"position\":1,\"name\":\"Home\",\"item\":\"https:\/\/dutchhealthstore.com\/fr\/\"},{\"@type\":\"ListItem\",\"position\":2,\"name\":\"Shop\",\"item\":\"https:\/\/dutchhealthstore.com\/fr\/shop\/\"},{\"@type\":\"ListItem\",\"position\":3,\"name\":\"Full Spectrum He Shou Wu (Foti) Root Extract Powder &#8211; Superior Quality\"}]},{\"@type\":\"WebSite\",\"@id\":\"https:\/\/dutchhealthstore.com\/fr\/#website\",\"url\":\"https:\/\/dutchhealthstore.com\/fr\/\",\"name\":\"Dutch Health Store\",\"description\":\"Enhance Your Beauty with Organic &amp; Natural Skincare\",\"publisher\":{\"@id\":\"https:\/\/dutchhealthstore.com\/fr\/#organization\"},\"potentialAction\":[{\"@type\":\"SearchAction\",\"target\":{\"@type\":\"EntryPoint\",\"urlTemplate\":\"https:\/\/dutchhealthstore.com\/fr\/?s={search_term_string}\"},\"query-input\":{\"@type\":\"PropertyValueSpecification\",\"valueRequired\":true,\"valueName\":\"search_term_string\"}}],\"inLanguage\":\"fr-FR\"},{\"@type\":\"Organization\",\"@id\":\"https:\/\/dutchhealthstore.com\/fr\/#organization\",\"name\":\"Dutch Health Store\",\"url\":\"https:\/\/dutchhealthstore.com\/fr\/\",\"logo\":{\"@type\":\"ImageObject\",\"inLanguage\":\"fr-FR\",\"@id\":\"https:\/\/dutchhealthstore.com\/fr\/#\/schema\/logo\/image\/\",\"url\":\"https:\/\/dutchhealthstore.com\/wp-content\/uploads\/2020\/08\/logo-dutchhealthstore-jpg-e1599484957574.jpg\",\"contentUrl\":\"https:\/\/dutchhealthstore.com\/wp-content\/uploads\/2020\/08\/logo-dutchhealthstore-jpg-e1599484957574.jpg\",\"width\":400,\"height\":62,\"caption\":\"Dutch Health Store\"},\"image\":{\"@id\":\"https:\/\/dutchhealthstore.com\/fr\/#\/schema\/logo\/image\/\"},\"sameAs\":[\"https:\/\/www.instagram.com\/dutchhealthstore\/\",\"https:\/\/www.facebook.com\/dutchhealthstore\"]}]}<\/script>\n<meta property=\"product:brand\" content=\"Na\u00b4Vi Organics\" \/>\n<meta property=\"product:price:amount\" content=\"31.00\" \/>\n<meta property=\"product:price:currency\" content=\"EUR\" \/>\n<meta property=\"og:availability\" content=\"instock\" \/>\n<meta property=\"product:availability\" content=\"instock\" \/>\n<meta property=\"product:condition\" content=\"new\" \/>\n<!-- \/ Yoast SEO Premium plugin. -->","yoast_head_json":{"title":"Full Spectrum He Shou Wu (Foti) Root Extract Powder - Superior Quality - Na'Vi Organics","description":"Notre He Shou Wu Root est d'abord pr\u00e9par\u00e9e en la faisant mijoter dans une soupe de haricots noirs, puis extraite \u00e0 l'aide d'eau purifi\u00e9e et trait\u00e9e conform\u00e9ment \u00e0 l'ancienne sagesse de la m\u00e9decine traditionnelle chinoise.","robots":{"index":"index","follow":"follow","max-snippet":"max-snippet:-1","max-image-preview":"max-image-preview:large","max-video-preview":"max-video-preview:-1"},"canonical":"https:\/\/dutchhealthstore.com\/fr\/product\/full-spectrum-he-shou-wu-foti-root-extract-powder-superior-quality\/","og_locale":"fr_FR","og_type":"article","og_title":"Full Spectrum He Shou Wu (Foti) Root Extract Powder - Superior Quality - Dutch Health Store","og_description":"Notre He Shou Wu Root est d'abord pr\u00e9par\u00e9e en la faisant mijoter dans une soupe de haricots noirs, puis extraite \u00e0 l'aide d'eau purifi\u00e9e et trait\u00e9e conform\u00e9ment \u00e0 l'ancienne sagesse de la m\u00e9decine traditionnelle chinoise.","og_url":"https:\/\/dutchhealthstore.com\/fr\/product\/full-spectrum-he-shou-wu-foti-root-extract-powder-superior-quality\/","og_site_name":"Dutch Health Store","article_publisher":"https:\/\/www.instagram.com\/dutchhealthstore\/","article_modified_time":"2026-01-16T22:44:22+00:00","og_image":[{"width":500,"height":500,"url":"https:\/\/dutchhealthstore.com\/wp-content\/uploads\/2022\/06\/naviheshouwurootextract.jpg","type":"image\/jpeg"}],"twitter_card":"summary_large_image","twitter_misc":{"Prix":"&euro;31,00","Disponibilit\u00e9":"En stock"},"schema":{"@context":"https:\/\/schema.org","@graph":[{"@type":"WebPage","@id":"https:\/\/dutchhealthstore.com\/fr\/product\/full-spectrum-he-shou-wu-foti-root-extract-powder-superior-quality\/","url":"https:\/\/dutchhealthstore.com\/fr\/product\/full-spectrum-he-shou-wu-foti-root-extract-powder-superior-quality\/","name":"Full Spectrum He Shou Wu (Foti) Root Extract Powder - Superior Quality - Na'Vi Organics","isPartOf":{"@id":"https:\/\/dutchhealthstore.com\/fr\/#website"},"primaryImageOfPage":{"@id":"https:\/\/dutchhealthstore.com\/fr\/product\/full-spectrum-he-shou-wu-foti-root-extract-powder-superior-quality\/#primaryimage"},"image":{"@id":"https:\/\/dutchhealthstore.com\/fr\/product\/full-spectrum-he-shou-wu-foti-root-extract-powder-superior-quality\/#primaryimage"},"thumbnailUrl":"https:\/\/dutchhealthstore.com\/wp-content\/uploads\/2022\/06\/naviheshouwurootextract.jpg","datePublished":"2022-06-28T09:35:32+00:00","dateModified":"2026-01-16T22:44:22+00:00","description":"Notre He Shou Wu Root est d'abord pr\u00e9par\u00e9e en la faisant mijoter dans une soupe de haricots noirs, puis extraite \u00e0 l'aide d'eau purifi\u00e9e et trait\u00e9e conform\u00e9ment \u00e0 l'ancienne sagesse de la m\u00e9decine traditionnelle chinoise.","breadcrumb":{"@id":"https:\/\/dutchhealthstore.com\/fr\/product\/full-spectrum-he-shou-wu-foti-root-extract-powder-superior-quality\/#breadcrumb"},"inLanguage":"fr-FR","potentialAction":[{"@type":"ReadAction","target":["https:\/\/dutchhealthstore.com\/fr\/product\/full-spectrum-he-shou-wu-foti-root-extract-powder-superior-quality\/"]}]},{"@type":"ImageObject","inLanguage":"fr-FR","@id":"https:\/\/dutchhealthstore.com\/fr\/product\/full-spectrum-he-shou-wu-foti-root-extract-powder-superior-quality\/#primaryimage","url":"https:\/\/dutchhealthstore.com\/wp-content\/uploads\/2022\/06\/naviheshouwurootextract.jpg","contentUrl":"https:\/\/dutchhealthstore.com\/wp-content\/uploads\/2022\/06\/naviheshouwurootextract.jpg","width":500,"height":500,"caption":"naviheshouwurootextract"},{"@type":"BreadcrumbList","@id":"https:\/\/dutchhealthstore.com\/fr\/product\/full-spectrum-he-shou-wu-foti-root-extract-powder-superior-quality\/#breadcrumb","itemListElement":[{"@type":"ListItem","position":1,"name":"Home","item":"https:\/\/dutchhealthstore.com\/fr\/"},{"@type":"ListItem","position":2,"name":"Shop","item":"https:\/\/dutchhealthstore.com\/fr\/shop\/"},{"@type":"ListItem","position":3,"name":"Full Spectrum He Shou Wu (Foti) Root Extract Powder &#8211; Superior Quality"}]},{"@type":"WebSite","@id":"https:\/\/dutchhealthstore.com\/fr\/#website","url":"https:\/\/dutchhealthstore.com\/fr\/","name":"Dutch Health Store","description":"Enhance Your Beauty with Organic &amp; Natural Skincare","publisher":{"@id":"https:\/\/dutchhealthstore.com\/fr\/#organization"},"potentialAction":[{"@type":"SearchAction","target":{"@type":"EntryPoint","urlTemplate":"https:\/\/dutchhealthstore.com\/fr\/?s={search_term_string}"},"query-input":{"@type":"PropertyValueSpecification","valueRequired":true,"valueName":"search_term_string"}}],"inLanguage":"fr-FR"},{"@type":"Organization","@id":"https:\/\/dutchhealthstore.com\/fr\/#organization","name":"Dutch Health Store","url":"https:\/\/dutchhealthstore.com\/fr\/","logo":{"@type":"ImageObject","inLanguage":"fr-FR","@id":"https:\/\/dutchhealthstore.com\/fr\/#\/schema\/logo\/image\/","url":"https:\/\/dutchhealthstore.com\/wp-content\/uploads\/2020\/08\/logo-dutchhealthstore-jpg-e1599484957574.jpg","contentUrl":"https:\/\/dutchhealthstore.com\/wp-content\/uploads\/2020\/08\/logo-dutchhealthstore-jpg-e1599484957574.jpg","width":400,"height":62,"caption":"Dutch Health Store"},"image":{"@id":"https:\/\/dutchhealthstore.com\/fr\/#\/schema\/logo\/image\/"},"sameAs":["https:\/\/www.instagram.com\/dutchhealthstore\/","https:\/\/www.facebook.com\/dutchhealthstore"]}]},"product_brand":"Na\u00b4Vi Organics","product_price_amount":"31.00","product_price_currency":"EUR","og_availability":"instock","product_availability":"instock","product_condition":"new"},"_links":{"self":[{"href":"https:\/\/dutchhealthstore.com\/fr\/wp-json\/wp\/v2\/product\/213956","targetHints":{"allow":["GET"]}}],"collection":[{"href":"https:\/\/dutchhealthstore.com\/fr\/wp-json\/wp\/v2\/product"}],"about":[{"href":"https:\/\/dutchhealthstore.com\/fr\/wp-json\/wp\/v2\/types\/product"}],"replies":[{"embeddable":true,"href":"https:\/\/dutchhealthstore.com\/fr\/wp-json\/wp\/v2\/comments?post=213956"}],"wp:featuredmedia":[{"embeddable":true,"href":"https:\/\/dutchhealthstore.com\/fr\/wp-json\/wp\/v2\/media\/212975"}],"wp:attachment":[{"href":"https:\/\/dutchhealthstore.com\/fr\/wp-json\/wp\/v2\/media?parent=213956"}],"wp:term":[{"taxonomy":"product_brand","embeddable":true,"href":"https:\/\/dutchhealthstore.com\/fr\/wp-json\/wp\/v2\/product_brand?post=213956"},{"taxonomy":"product_cat","embeddable":true,"href":"https:\/\/dutchhealthstore.com\/fr\/wp-json\/wp\/v2\/product_cat?post=213956"},{"taxonomy":"product_tag","embeddable":true,"href":"https:\/\/dutchhealthstore.com\/fr\/wp-json\/wp\/v2\/product_tag?post=213956"}],"curies":[{"name":"wp","href":"https:\/\/api.w.org\/{rel}","templated":true}]}}