{"id":213950,"date":"2022-06-28T13:30:33","date_gmt":"2022-06-28T11:30:33","guid":{"rendered":"https:\/\/dutchhealthstore.com\/product\/mountain-jing-polyrhachis-vicina-extract-powder-wild-sourced\/"},"modified":"2025-04-29T13:47:29","modified_gmt":"2025-04-29T11:47:29","slug":"mountain-jing-polyrhachis-vicina-extract-powder-wild-sourced","status":"publish","type":"product","link":"https:\/\/dutchhealthstore.com\/fr\/product\/mountain-jing-polyrhachis-vicina-extract-powder-wild-sourced\/","title":{"rendered":"Mountain Jing &#8211; Polyrhachis vicina Extract Powder &#8211; Wild Sourced"},"content":{"rendered":"<p>Provenant exclusivement des montagnes de Changbai et traditionnellement r\u00e9serv\u00e9 \u00e0 la royaut\u00e9.<\/p>\n<p>Mountain Jing est un extrait complet tr\u00e8s sp\u00e9cial, produit conform\u00e9ment \u00e0 la sagesse ancienne de la m\u00e9decine traditionnelle chinoise. Un processus \u00e0 temp\u00e9rature contr\u00f4l\u00e9e capture tous les compos\u00e9s naturels les plus pr\u00e9cieux pour produire notre poudre d&rsquo;extrait 10:1 totalement pure et tr\u00e8s puissante.<\/p>\n<h3><strong>Taille : 90 gr<\/strong><\/h3>\n<h3><strong>Ingr\u00e9dients naturels\/biologiques <\/strong><\/h3>\n<ul>\n<li>Extrait \u00e0 spectre complet 10:1 de fourmi de montagne noire <em>(Polyrhachis vicina<\/em>) d&rsquo;origine sauvage<\/li>\n<\/ul>\n<p>Sans agent de remplissage ni conservateur.<br \/>\nProduit provenant de Chine.<\/p>\n<h3><strong>Comment utiliser <\/strong><\/h3>\n<p>1g (environ \u00bd cuill\u00e8re \u00e0 caf\u00e9 rase) directement, ou ajout\u00e9 \u00e0 votre th\u00e9, smoothie ou boisson pr\u00e9f\u00e9r\u00e9e. Peut \u00e9galement \u00eatre saupoudr\u00e9 sur une salade ou des aliments chauds.<\/p>\n<p><a href=\"https:\/\/dutchhealthstore.com\/wp-content\/uploads\/2022\/06\/navimountainjingthumb-e1656422601212.jpg\"><img fetchpriority=\"high\" decoding=\"async\" class=\"alignnone wp-image-213072 size-full\" src=\"https:\/\/dutchhealthstore.com\/wp-content\/uploads\/2022\/06\/navimountainjingthumb-e1656422601212.jpg\" alt=\"navimountainjingthumb\" width=\"500\" height=\"215\" srcset=\"https:\/\/dutchhealthstore.com\/wp-content\/uploads\/2022\/06\/navimountainjingthumb-e1656422601212.jpg 500w, https:\/\/dutchhealthstore.com\/wp-content\/uploads\/2022\/06\/navimountainjingthumb-e1656422601212-64x28.jpg 64w\" sizes=\"(max-width: 500px) 100vw, 500px\" \/><\/a><\/p>\n","protected":false},"excerpt":{"rendered":"<p>L&rsquo;extrait de fourmi sauvage Polyrhacis est un adoptog\u00e8ne de premier ordre.<\/p>\n","protected":false},"featured_media":213026,"comment_status":"open","ping_status":"closed","template":"","meta":[],"product_brand":[],"product_cat":[8453,4384,6744,10205,8981,4383,8466,1209,1030,8467,8980,1010,4400,8786,6733],"product_tag":[21604,21516,21515,21540],"class_list":{"0":"post-213950","1":"product","2":"type-product","3":"status-publish","4":"has-post-thumbnail","6":"product_cat-balance-calm-fr-2","7":"product_cat-tonic-herbs-fr-2","8":"product_cat-mood-fr-2","9":"product_cat-inner-peace-fr","10":"product_cat-herbal-blends-fr-2","11":"product_cat-navi-organics-fr","12":"product_cat-nutrition-fr","13":"product_cat-par-marques","14":"product_cat-par-produits","15":"product_cat-health-fr-2","16":"product_cat-optimum-health-fr-2","17":"product_cat-notre-boutique","18":"product_cat-superfoods-fr-2","19":"product_cat-superfoods-herbals-fr-2","20":"product_cat-wellness-fr-2","21":"product_tag-energie-fr","22":"product_tag-sante-optimale","23":"product_tag-superfood-fr","24":"product_tag-supplement-fr","25":"pa_brand-naviorganics-fr","26":"pa_gtin-6096431310331-fr","27":"pa_health-productype-supplements-fr","28":"pa_size-90-gr-fr","30":"first","31":"outofstock","32":"taxable","33":"shipping-taxable","34":"purchasable","35":"product-type-simple"},"bundled_by":[],"bundle_stock_status":"outofstock","bundle_stock_quantity":0,"bundle_virtual":false,"bundle_layout":"","bundle_add_to_cart_form_location":"","bundle_editable_in_cart":false,"bundle_sold_individually_context":"","bundle_item_grouping":"","bundle_min_size":"","bundle_max_size":"","bundle_price":[],"bundled_items":[],"bundle_sell_ids":[],"atum_controlled":true,"out_stock_date":"2026-02-24 21:36:28","out_stock_threshold":null,"inheritable":false,"stock_on_hold":0,"sold_today":0,"sales_last_days":0,"out_stock_days":49,"lost_sales":0,"update_date":"2026-04-16T09:37:12","atum_locations":[],"atum_stock_status":"outofstock","restock_status":false,"low_stock_amount":"","sales_update_date":"2026-04-16T09:37:12","calc_backorders":null,"group_of_quantity":0,"min_quantity":0,"max_quantity":"","exclude_order_quantity_value_rules":"no","exclude_category_quantity_rules":"no","combine_variations":"no","yoast_head":"<!-- This site is optimized with the Yoast SEO Premium plugin v26.5 (Yoast SEO v26.5) - https:\/\/yoast.com\/wordpress\/plugins\/seo\/ -->\n<title>Na&#039;vi Organics - Mountain Jing<\/title>\n<meta name=\"description\" content=\"Notre extrait sauvage de Polyrhacis Ant est un adaptog\u00e8ne de premier ordre. Provenant exclusivement des montagnes de Changbai, traditionnellement r\u00e9serv\u00e9es \u00e0 la royaut\u00e9.\" \/>\n<meta name=\"robots\" content=\"index, follow, max-snippet:-1, max-image-preview:large, max-video-preview:-1\" \/>\n<link rel=\"canonical\" href=\"https:\/\/dutchhealthstore.com\/fr\/product\/mountain-jing-polyrhachis-vicina-extract-powder-wild-sourced\/\" \/>\n<meta property=\"og:locale\" content=\"fr_FR\" \/>\n<meta property=\"og:type\" content=\"article\" \/>\n<meta property=\"og:title\" content=\"Mountain Jing - Polyrhachis vicina Extract Powder - Wild Sourced - Dutch Health Store\" \/>\n<meta property=\"og:description\" content=\"Notre extrait sauvage de Polyrhacis Ant est un adaptog\u00e8ne de premier ordre. Provenant exclusivement des montagnes de Changbai, traditionnellement r\u00e9serv\u00e9es \u00e0 la royaut\u00e9.\" \/>\n<meta property=\"og:url\" content=\"https:\/\/dutchhealthstore.com\/fr\/product\/mountain-jing-polyrhachis-vicina-extract-powder-wild-sourced\/\" \/>\n<meta property=\"og:site_name\" content=\"Dutch Health Store\" \/>\n<meta property=\"article:publisher\" content=\"https:\/\/www.instagram.com\/dutchhealthstore\/\" \/>\n<meta property=\"article:modified_time\" content=\"2025-04-29T11:47:29+00:00\" \/>\n<meta property=\"og:image\" content=\"https:\/\/dutchhealthstore.com\/wp-content\/uploads\/2022\/06\/navimountainjing.jpg\" \/>\n\t<meta property=\"og:image:width\" content=\"500\" \/>\n\t<meta property=\"og:image:height\" content=\"500\" \/>\n\t<meta property=\"og:image:type\" content=\"image\/jpeg\" \/>\n<meta name=\"twitter:card\" content=\"summary_large_image\" \/>\n<meta name=\"twitter:label1\" content=\"Prix\" \/>\n\t<meta name=\"twitter:data1\" content=\"&euro;36,00\" \/>\n\t<meta name=\"twitter:label2\" content=\"Disponibilit\u00e9\" \/>\n\t<meta name=\"twitter:data2\" content=\"Rupture de stock\" \/>\n<script type=\"application\/ld+json\" class=\"yoast-schema-graph\">{\"@context\":\"https:\/\/schema.org\",\"@graph\":[{\"@type\":\"WebPage\",\"@id\":\"https:\/\/dutchhealthstore.com\/fr\/product\/mountain-jing-polyrhachis-vicina-extract-powder-wild-sourced\/\",\"url\":\"https:\/\/dutchhealthstore.com\/fr\/product\/mountain-jing-polyrhachis-vicina-extract-powder-wild-sourced\/\",\"name\":\"Na'vi Organics - Mountain Jing\",\"isPartOf\":{\"@id\":\"https:\/\/dutchhealthstore.com\/fr\/#website\"},\"primaryImageOfPage\":{\"@id\":\"https:\/\/dutchhealthstore.com\/fr\/product\/mountain-jing-polyrhachis-vicina-extract-powder-wild-sourced\/#primaryimage\"},\"image\":{\"@id\":\"https:\/\/dutchhealthstore.com\/fr\/product\/mountain-jing-polyrhachis-vicina-extract-powder-wild-sourced\/#primaryimage\"},\"thumbnailUrl\":\"https:\/\/dutchhealthstore.com\/wp-content\/uploads\/2022\/06\/navimountainjing.jpg\",\"datePublished\":\"2022-06-28T11:30:33+00:00\",\"dateModified\":\"2025-04-29T11:47:29+00:00\",\"description\":\"Notre extrait sauvage de Polyrhacis Ant est un adaptog\u00e8ne de premier ordre. Provenant exclusivement des montagnes de Changbai, traditionnellement r\u00e9serv\u00e9es \u00e0 la royaut\u00e9.\",\"breadcrumb\":{\"@id\":\"https:\/\/dutchhealthstore.com\/fr\/product\/mountain-jing-polyrhachis-vicina-extract-powder-wild-sourced\/#breadcrumb\"},\"inLanguage\":\"fr-FR\",\"potentialAction\":[{\"@type\":\"ReadAction\",\"target\":[\"https:\/\/dutchhealthstore.com\/fr\/product\/mountain-jing-polyrhachis-vicina-extract-powder-wild-sourced\/\"]}]},{\"@type\":\"ImageObject\",\"inLanguage\":\"fr-FR\",\"@id\":\"https:\/\/dutchhealthstore.com\/fr\/product\/mountain-jing-polyrhachis-vicina-extract-powder-wild-sourced\/#primaryimage\",\"url\":\"https:\/\/dutchhealthstore.com\/wp-content\/uploads\/2022\/06\/navimountainjing.jpg\",\"contentUrl\":\"https:\/\/dutchhealthstore.com\/wp-content\/uploads\/2022\/06\/navimountainjing.jpg\",\"width\":500,\"height\":500,\"caption\":\"navimountainjing\"},{\"@type\":\"BreadcrumbList\",\"@id\":\"https:\/\/dutchhealthstore.com\/fr\/product\/mountain-jing-polyrhachis-vicina-extract-powder-wild-sourced\/#breadcrumb\",\"itemListElement\":[{\"@type\":\"ListItem\",\"position\":1,\"name\":\"Home\",\"item\":\"https:\/\/dutchhealthstore.com\/fr\/\"},{\"@type\":\"ListItem\",\"position\":2,\"name\":\"Shop\",\"item\":\"https:\/\/dutchhealthstore.com\/fr\/shop\/\"},{\"@type\":\"ListItem\",\"position\":3,\"name\":\"Mountain Jing &#8211; Polyrhachis vicina Extract Powder &#8211; Wild Sourced\"}]},{\"@type\":\"WebSite\",\"@id\":\"https:\/\/dutchhealthstore.com\/fr\/#website\",\"url\":\"https:\/\/dutchhealthstore.com\/fr\/\",\"name\":\"Dutch Health Store\",\"description\":\"Enhance Your Beauty with Organic &amp; Natural Skincare\",\"publisher\":{\"@id\":\"https:\/\/dutchhealthstore.com\/fr\/#organization\"},\"potentialAction\":[{\"@type\":\"SearchAction\",\"target\":{\"@type\":\"EntryPoint\",\"urlTemplate\":\"https:\/\/dutchhealthstore.com\/fr\/?s={search_term_string}\"},\"query-input\":{\"@type\":\"PropertyValueSpecification\",\"valueRequired\":true,\"valueName\":\"search_term_string\"}}],\"inLanguage\":\"fr-FR\"},{\"@type\":\"Organization\",\"@id\":\"https:\/\/dutchhealthstore.com\/fr\/#organization\",\"name\":\"Dutch Health Store\",\"url\":\"https:\/\/dutchhealthstore.com\/fr\/\",\"logo\":{\"@type\":\"ImageObject\",\"inLanguage\":\"fr-FR\",\"@id\":\"https:\/\/dutchhealthstore.com\/fr\/#\/schema\/logo\/image\/\",\"url\":\"https:\/\/dutchhealthstore.com\/wp-content\/uploads\/2020\/08\/logo-dutchhealthstore-jpg-e1599484957574.jpg\",\"contentUrl\":\"https:\/\/dutchhealthstore.com\/wp-content\/uploads\/2020\/08\/logo-dutchhealthstore-jpg-e1599484957574.jpg\",\"width\":400,\"height\":62,\"caption\":\"Dutch Health Store\"},\"image\":{\"@id\":\"https:\/\/dutchhealthstore.com\/fr\/#\/schema\/logo\/image\/\"},\"sameAs\":[\"https:\/\/www.instagram.com\/dutchhealthstore\/\",\"https:\/\/www.facebook.com\/dutchhealthstore\"]}]}<\/script>\n<meta property=\"product:brand\" content=\"Na\u00b4Vi Organics\" \/>\n<meta property=\"product:price:amount\" content=\"36.00\" \/>\n<meta property=\"product:price:currency\" content=\"EUR\" \/>\n<meta property=\"og:availability\" content=\"out of stock\" \/>\n<meta property=\"product:availability\" content=\"out of stock\" \/>\n<meta property=\"product:condition\" content=\"new\" \/>\n<!-- \/ Yoast SEO Premium plugin. -->","yoast_head_json":{"title":"Na'vi Organics - Mountain Jing","description":"Notre extrait sauvage de Polyrhacis Ant est un adaptog\u00e8ne de premier ordre. Provenant exclusivement des montagnes de Changbai, traditionnellement r\u00e9serv\u00e9es \u00e0 la royaut\u00e9.","robots":{"index":"index","follow":"follow","max-snippet":"max-snippet:-1","max-image-preview":"max-image-preview:large","max-video-preview":"max-video-preview:-1"},"canonical":"https:\/\/dutchhealthstore.com\/fr\/product\/mountain-jing-polyrhachis-vicina-extract-powder-wild-sourced\/","og_locale":"fr_FR","og_type":"article","og_title":"Mountain Jing - Polyrhachis vicina Extract Powder - Wild Sourced - Dutch Health Store","og_description":"Notre extrait sauvage de Polyrhacis Ant est un adaptog\u00e8ne de premier ordre. Provenant exclusivement des montagnes de Changbai, traditionnellement r\u00e9serv\u00e9es \u00e0 la royaut\u00e9.","og_url":"https:\/\/dutchhealthstore.com\/fr\/product\/mountain-jing-polyrhachis-vicina-extract-powder-wild-sourced\/","og_site_name":"Dutch Health Store","article_publisher":"https:\/\/www.instagram.com\/dutchhealthstore\/","article_modified_time":"2025-04-29T11:47:29+00:00","og_image":[{"width":500,"height":500,"url":"https:\/\/dutchhealthstore.com\/wp-content\/uploads\/2022\/06\/navimountainjing.jpg","type":"image\/jpeg"}],"twitter_card":"summary_large_image","twitter_misc":{"Prix":"&euro;36,00","Disponibilit\u00e9":"Rupture de stock"},"schema":{"@context":"https:\/\/schema.org","@graph":[{"@type":"WebPage","@id":"https:\/\/dutchhealthstore.com\/fr\/product\/mountain-jing-polyrhachis-vicina-extract-powder-wild-sourced\/","url":"https:\/\/dutchhealthstore.com\/fr\/product\/mountain-jing-polyrhachis-vicina-extract-powder-wild-sourced\/","name":"Na'vi Organics - Mountain Jing","isPartOf":{"@id":"https:\/\/dutchhealthstore.com\/fr\/#website"},"primaryImageOfPage":{"@id":"https:\/\/dutchhealthstore.com\/fr\/product\/mountain-jing-polyrhachis-vicina-extract-powder-wild-sourced\/#primaryimage"},"image":{"@id":"https:\/\/dutchhealthstore.com\/fr\/product\/mountain-jing-polyrhachis-vicina-extract-powder-wild-sourced\/#primaryimage"},"thumbnailUrl":"https:\/\/dutchhealthstore.com\/wp-content\/uploads\/2022\/06\/navimountainjing.jpg","datePublished":"2022-06-28T11:30:33+00:00","dateModified":"2025-04-29T11:47:29+00:00","description":"Notre extrait sauvage de Polyrhacis Ant est un adaptog\u00e8ne de premier ordre. Provenant exclusivement des montagnes de Changbai, traditionnellement r\u00e9serv\u00e9es \u00e0 la royaut\u00e9.","breadcrumb":{"@id":"https:\/\/dutchhealthstore.com\/fr\/product\/mountain-jing-polyrhachis-vicina-extract-powder-wild-sourced\/#breadcrumb"},"inLanguage":"fr-FR","potentialAction":[{"@type":"ReadAction","target":["https:\/\/dutchhealthstore.com\/fr\/product\/mountain-jing-polyrhachis-vicina-extract-powder-wild-sourced\/"]}]},{"@type":"ImageObject","inLanguage":"fr-FR","@id":"https:\/\/dutchhealthstore.com\/fr\/product\/mountain-jing-polyrhachis-vicina-extract-powder-wild-sourced\/#primaryimage","url":"https:\/\/dutchhealthstore.com\/wp-content\/uploads\/2022\/06\/navimountainjing.jpg","contentUrl":"https:\/\/dutchhealthstore.com\/wp-content\/uploads\/2022\/06\/navimountainjing.jpg","width":500,"height":500,"caption":"navimountainjing"},{"@type":"BreadcrumbList","@id":"https:\/\/dutchhealthstore.com\/fr\/product\/mountain-jing-polyrhachis-vicina-extract-powder-wild-sourced\/#breadcrumb","itemListElement":[{"@type":"ListItem","position":1,"name":"Home","item":"https:\/\/dutchhealthstore.com\/fr\/"},{"@type":"ListItem","position":2,"name":"Shop","item":"https:\/\/dutchhealthstore.com\/fr\/shop\/"},{"@type":"ListItem","position":3,"name":"Mountain Jing &#8211; Polyrhachis vicina Extract Powder &#8211; Wild Sourced"}]},{"@type":"WebSite","@id":"https:\/\/dutchhealthstore.com\/fr\/#website","url":"https:\/\/dutchhealthstore.com\/fr\/","name":"Dutch Health Store","description":"Enhance Your Beauty with Organic &amp; Natural Skincare","publisher":{"@id":"https:\/\/dutchhealthstore.com\/fr\/#organization"},"potentialAction":[{"@type":"SearchAction","target":{"@type":"EntryPoint","urlTemplate":"https:\/\/dutchhealthstore.com\/fr\/?s={search_term_string}"},"query-input":{"@type":"PropertyValueSpecification","valueRequired":true,"valueName":"search_term_string"}}],"inLanguage":"fr-FR"},{"@type":"Organization","@id":"https:\/\/dutchhealthstore.com\/fr\/#organization","name":"Dutch Health Store","url":"https:\/\/dutchhealthstore.com\/fr\/","logo":{"@type":"ImageObject","inLanguage":"fr-FR","@id":"https:\/\/dutchhealthstore.com\/fr\/#\/schema\/logo\/image\/","url":"https:\/\/dutchhealthstore.com\/wp-content\/uploads\/2020\/08\/logo-dutchhealthstore-jpg-e1599484957574.jpg","contentUrl":"https:\/\/dutchhealthstore.com\/wp-content\/uploads\/2020\/08\/logo-dutchhealthstore-jpg-e1599484957574.jpg","width":400,"height":62,"caption":"Dutch Health Store"},"image":{"@id":"https:\/\/dutchhealthstore.com\/fr\/#\/schema\/logo\/image\/"},"sameAs":["https:\/\/www.instagram.com\/dutchhealthstore\/","https:\/\/www.facebook.com\/dutchhealthstore"]}]},"product_brand":"Na\u00b4Vi Organics","product_price_amount":"36.00","product_price_currency":"EUR","og_availability":"out of stock","product_availability":"out of stock","product_condition":"new"},"_links":{"self":[{"href":"https:\/\/dutchhealthstore.com\/fr\/wp-json\/wp\/v2\/product\/213950","targetHints":{"allow":["GET"]}}],"collection":[{"href":"https:\/\/dutchhealthstore.com\/fr\/wp-json\/wp\/v2\/product"}],"about":[{"href":"https:\/\/dutchhealthstore.com\/fr\/wp-json\/wp\/v2\/types\/product"}],"replies":[{"embeddable":true,"href":"https:\/\/dutchhealthstore.com\/fr\/wp-json\/wp\/v2\/comments?post=213950"}],"wp:featuredmedia":[{"embeddable":true,"href":"https:\/\/dutchhealthstore.com\/fr\/wp-json\/wp\/v2\/media\/213026"}],"wp:attachment":[{"href":"https:\/\/dutchhealthstore.com\/fr\/wp-json\/wp\/v2\/media?parent=213950"}],"wp:term":[{"taxonomy":"product_brand","embeddable":true,"href":"https:\/\/dutchhealthstore.com\/fr\/wp-json\/wp\/v2\/product_brand?post=213950"},{"taxonomy":"product_cat","embeddable":true,"href":"https:\/\/dutchhealthstore.com\/fr\/wp-json\/wp\/v2\/product_cat?post=213950"},{"taxonomy":"product_tag","embeddable":true,"href":"https:\/\/dutchhealthstore.com\/fr\/wp-json\/wp\/v2\/product_tag?post=213950"}],"curies":[{"name":"wp","href":"https:\/\/api.w.org\/{rel}","templated":true}]}}