{"id":210888,"date":"2022-04-22T08:25:11","date_gmt":"2022-04-22T06:25:11","guid":{"rendered":"https:\/\/dutchhealthstore.com\/product\/mahogany-blue-essential-oil\/"},"modified":"2025-12-23T09:23:20","modified_gmt":"2025-12-23T08:23:20","slug":"mahogany-blue-essential-oil-2","status":"publish","type":"product","link":"https:\/\/dutchhealthstore.com\/fr\/product\/mahogany-blue-essential-oil-2\/","title":{"rendered":"Mahogany, Blue Essential Oil"},"content":{"rendered":"<p><img decoding=\"async\" class=\"alignright\" src=\"https:\/\/dutchhealthstore.com\/wp-content\/uploads\/2019\/08\/NEW-Living-Libations-Logo.jpg\" alt=\"NEW - Living Libations - Logo\"><strong>Nom botanique :<\/strong> <em>Dysoxylum fraserianum<\/em><br \/>\n<strong>Famille botanique :<\/strong> <em>Meliaceae<\/em><br \/>\n<strong>M\u00e9thode d&rsquo;extraction :<\/strong> Distillation \u00e0 la vapeur<br \/>\n<strong>Partie de la plante distill\u00e9e :<\/strong> Bois<br \/>\n<strong>Pays d&rsquo;origine : <\/strong>Australie<br \/>\n<strong>M\u00e9thode de culture :<\/strong> Source d&rsquo;approvisionnement durable<br \/>\n<strong>Composition :<\/strong> 100 % <em>Dysoxylum fraserianum<\/em><br \/>\n<strong>Consistance :<\/strong> Epaisse et bleu azur.<br \/>\n<strong>Description de la senteur :<\/strong> Ar\u00f4me terreux serein, r\u00e9sineux et rappelant la for\u00eat tropicale australienne, avec juste un soup\u00e7on de fleurs l\u00e9g\u00e8res.<br \/>\n<strong>Se m\u00e9lange bien avec : <\/strong>Rose, encens, lavande, nard, camomille allemande, camomille, millefeuille, palo santo, immortelle, bois de santal, marjolaine, bergamote, cypr\u00e8s bleu, tanaisie bleue et menthe poivr\u00e9e.<br \/>\n<strong>Composants :<\/strong> Compos\u00e9 principalement d&rsquo;a-cadinol et de guaiazul\u00e8ne qui lui conf\u00e8re une couleur bleu saphir.<\/p>\n<p><strong>Utilisation :<\/strong> Le v\u00e9ritable champion des soins du visage et des s\u00e9rums corporels bienveillants. Le guaiazul\u00e8ne est pr\u00e9sent sur la sc\u00e8ne cutan\u00e9e pour traiter avec calme et s\u00e9r\u00e9nit\u00e9 les probl\u00e8mes li\u00e9s aux tissus ab\u00eem\u00e9s. Pimpant comme un d\u00e9odorant. Diffusez avec des agrumes pour infuser les environnements avec cet ar\u00f4me confortable et r\u00e9confortant.<\/p>\n<p>L&rsquo;acajou majestueux, autrefois surutilis\u00e9 pour la cr\u00e9ation de meubles de qualit\u00e9, pousse lentement dans la r\u00e9gion subtropicale de la Nouvelle-Galles du Sud pour devenir un arbre \u00e0 la canop\u00e9e imposante. Avec le d\u00e9clin de l&rsquo;industrie foresti\u00e8re, des hectares de grumes abattues ont \u00e9t\u00e9 laiss\u00e9s \u00e0 l&rsquo;abandon sur le sol de la for\u00eat, et la phytochimie fascinante de l&rsquo;arbre l&#8217;emp\u00eache de se d\u00e9composer comme le font les autres bois. Aujourd&rsquo;hui, un nouveau proc\u00e9d\u00e9 innovant de distillation des ar\u00f4mes permet de recycler ces b\u00fbches pour produire de mani\u00e8re durable une huile essentielle extraordinaire.<\/p>\n<p>Blue Mahogany Essential Oil, au parfum frais et l\u00e9g\u00e8rement ros\u00e9, contient de grandes quantit\u00e9s de guaiazul\u00e8ne qui donne \u00e0 cette essence une teinte bleu d&rsquo;encre et exprime ses propri\u00e9t\u00e9s rafra\u00eechissantes et calmantes. Cette essence bleue est un ingr\u00e9dient champion pour apaiser la peau, et vous adorerez sa volupt\u00e9 bois\u00e9e.<\/p>\n<p><strong>TAILLE : 5 ML<\/strong><\/p>\n","protected":false},"excerpt":{"rendered":"<p>Beguiling Blue Mahogany Essential huile est une fra\u00eecheur foresti\u00e8re liquide et un ciel bleu dans une bouteille. Elle contient un compos\u00e9 rare de couleur saphir, le guaiazul\u00e8ne, que l&rsquo;on trouve dans moins de dix esp\u00e8ces de plantes dans le monde, dont les huiles essentielles de camomille allemande, de camomille du Cap, de cypr\u00e8s bleu, d&rsquo;achill\u00e9e millefeuille et de tanaisie bleue. Un dab est un plongeon dans le nirvana botanique et une bouff\u00e9e est un voyage dans une for\u00eat tropicale r\u00e9sineuse.<\/p>\n","protected":false},"featured_media":205969,"comment_status":"open","ping_status":"closed","template":"","meta":[],"product_brand":[],"product_cat":[6734,1507,1211,1209,1030,3757,1010],"product_tag":[4495],"class_list":{"0":"post-210888","1":"product","2":"type-product","3":"status-publish","4":"has-post-thumbnail","6":"product_cat-essential-oils","7":"product_cat-plantes-huiles-essentielles-living-libations","8":"product_cat-living-libations-france","9":"product_cat-par-marques","10":"product_cat-par-produits","11":"product_cat-plantes-huiles-essentielles","12":"product_cat-notre-boutique","13":"product_tag-essential-oil-fr","14":"pa_brand-livinglibations-fr","15":"pa_essential-oils-product-type-essential-oils-fr","17":"first","18":"instock","19":"taxable","20":"shipping-taxable","21":"purchasable","22":"product-type-simple"},"bundled_by":[],"bundle_stock_status":"instock","bundle_stock_quantity":1,"bundle_virtual":false,"bundle_layout":"","bundle_add_to_cart_form_location":"","bundle_editable_in_cart":false,"bundle_sold_individually_context":"","bundle_item_grouping":"","bundle_min_size":"","bundle_max_size":"","bundle_price":[],"bundled_items":[],"bundle_sell_ids":[],"atum_controlled":true,"out_stock_date":null,"out_stock_threshold":null,"inheritable":false,"stock_on_hold":0,"sold_today":0,"sales_last_days":0,"out_stock_days":0,"lost_sales":0,"update_date":"2026-04-20T07:54:11","atum_locations":[],"atum_stock_status":"instock","restock_status":false,"low_stock_amount":"","sales_update_date":"2026-04-20T07:54:11","calc_backorders":null,"group_of_quantity":0,"min_quantity":0,"max_quantity":"","exclude_order_quantity_value_rules":"no","exclude_category_quantity_rules":"no","combine_variations":"no","yoast_head":"<!-- This site is optimized with the Yoast SEO Premium plugin v26.5 (Yoast SEO v26.5) - https:\/\/yoast.com\/wordpress\/plugins\/seo\/ -->\n<title>Mahogany, Blue Essential Oil - Living Libations<\/title>\n<meta name=\"description\" content=\"Beguiling Blue Mahogany Essential huile est une fra\u00eecheur foresti\u00e8re liquide et un ciel bleu dans une bouteille. Elle contient un compos\u00e9 rare de couleur saphir, le guaiazul\u00e8ne, que l&#039;on trouve dans moins de dix esp\u00e8ces v\u00e9g\u00e9tales dans le monde, dont les huiles essentielles de camomille allemande, de camomille du Cap, de cypr\u00e8s bleu, d&#039;achill\u00e9e millefeuille et de tanaisie bleue. Un dab est un plongeon dans le nirvana botanique et une bouff\u00e9e est un voyage dans une for\u00eat tropicale r\u00e9sineuse.\" \/>\n<meta name=\"robots\" content=\"index, follow, max-snippet:-1, max-image-preview:large, max-video-preview:-1\" \/>\n<link rel=\"canonical\" href=\"https:\/\/dutchhealthstore.com\/fr\/product\/mahogany-blue-essential-oil-2\/\" \/>\n<meta property=\"og:locale\" content=\"fr_FR\" \/>\n<meta property=\"og:type\" content=\"article\" \/>\n<meta property=\"og:title\" content=\"Mahogany, Blue Essential Oil - Dutch Health Store\" \/>\n<meta property=\"og:description\" content=\"Beguiling Blue Mahogany Essential huile est une fra\u00eecheur foresti\u00e8re liquide et un ciel bleu dans une bouteille. Elle contient un compos\u00e9 rare de couleur saphir, le guaiazul\u00e8ne, que l&#039;on trouve dans moins de dix esp\u00e8ces v\u00e9g\u00e9tales dans le monde, dont les huiles essentielles de camomille allemande, de camomille du Cap, de cypr\u00e8s bleu, d&#039;achill\u00e9e millefeuille et de tanaisie bleue. Un dab est un plongeon dans le nirvana botanique et une bouff\u00e9e est un voyage dans une for\u00eat tropicale r\u00e9sineuse.\" \/>\n<meta property=\"og:url\" content=\"https:\/\/dutchhealthstore.com\/fr\/product\/mahogany-blue-essential-oil-2\/\" \/>\n<meta property=\"og:site_name\" content=\"Dutch Health Store\" \/>\n<meta property=\"article:publisher\" content=\"https:\/\/www.instagram.com\/dutchhealthstore\/\" \/>\n<meta property=\"article:modified_time\" content=\"2025-12-23T08:23:20+00:00\" \/>\n<meta property=\"og:image\" content=\"https:\/\/dutchhealthstore.com\/wp-content\/uploads\/2022\/04\/mahogany-blue-essential.jpg\" \/>\n\t<meta property=\"og:image:width\" content=\"500\" \/>\n\t<meta property=\"og:image:height\" content=\"500\" \/>\n\t<meta property=\"og:image:type\" content=\"image\/jpeg\" \/>\n<meta name=\"twitter:card\" content=\"summary_large_image\" \/>\n<meta name=\"twitter:label1\" content=\"Prix\" \/>\n\t<meta name=\"twitter:data1\" content=\"&euro;85,00\" \/>\n\t<meta name=\"twitter:label2\" content=\"Disponibilit\u00e9\" \/>\n\t<meta name=\"twitter:data2\" content=\"En stock\" \/>\n<script type=\"application\/ld+json\" class=\"yoast-schema-graph\">{\"@context\":\"https:\/\/schema.org\",\"@graph\":[{\"@type\":\"WebPage\",\"@id\":\"https:\/\/dutchhealthstore.com\/fr\/product\/mahogany-blue-essential-oil-2\/\",\"url\":\"https:\/\/dutchhealthstore.com\/fr\/product\/mahogany-blue-essential-oil-2\/\",\"name\":\"Mahogany, Blue Essential Oil - Living Libations\",\"isPartOf\":{\"@id\":\"https:\/\/dutchhealthstore.com\/fr\/#website\"},\"primaryImageOfPage\":{\"@id\":\"https:\/\/dutchhealthstore.com\/fr\/product\/mahogany-blue-essential-oil-2\/#primaryimage\"},\"image\":{\"@id\":\"https:\/\/dutchhealthstore.com\/fr\/product\/mahogany-blue-essential-oil-2\/#primaryimage\"},\"thumbnailUrl\":\"https:\/\/dutchhealthstore.com\/wp-content\/uploads\/2022\/04\/mahogany-blue-essential.jpg\",\"datePublished\":\"2022-04-22T06:25:11+00:00\",\"dateModified\":\"2025-12-23T08:23:20+00:00\",\"description\":\"Beguiling Blue Mahogany Essential huile est une fra\u00eecheur foresti\u00e8re liquide et un ciel bleu dans une bouteille. Elle contient un compos\u00e9 rare de couleur saphir, le guaiazul\u00e8ne, que l'on trouve dans moins de dix esp\u00e8ces v\u00e9g\u00e9tales dans le monde, dont les huiles essentielles de camomille allemande, de camomille du Cap, de cypr\u00e8s bleu, d'achill\u00e9e millefeuille et de tanaisie bleue. Un dab est un plongeon dans le nirvana botanique et une bouff\u00e9e est un voyage dans une for\u00eat tropicale r\u00e9sineuse.\",\"breadcrumb\":{\"@id\":\"https:\/\/dutchhealthstore.com\/fr\/product\/mahogany-blue-essential-oil-2\/#breadcrumb\"},\"inLanguage\":\"fr-FR\",\"potentialAction\":[{\"@type\":\"ReadAction\",\"target\":[\"https:\/\/dutchhealthstore.com\/fr\/product\/mahogany-blue-essential-oil-2\/\"]}]},{\"@type\":\"ImageObject\",\"inLanguage\":\"fr-FR\",\"@id\":\"https:\/\/dutchhealthstore.com\/fr\/product\/mahogany-blue-essential-oil-2\/#primaryimage\",\"url\":\"https:\/\/dutchhealthstore.com\/wp-content\/uploads\/2022\/04\/mahogany-blue-essential.jpg\",\"contentUrl\":\"https:\/\/dutchhealthstore.com\/wp-content\/uploads\/2022\/04\/mahogany-blue-essential.jpg\",\"width\":500,\"height\":500,\"caption\":\"bleu acajou essentiel\"},{\"@type\":\"BreadcrumbList\",\"@id\":\"https:\/\/dutchhealthstore.com\/fr\/product\/mahogany-blue-essential-oil-2\/#breadcrumb\",\"itemListElement\":[{\"@type\":\"ListItem\",\"position\":1,\"name\":\"Home\",\"item\":\"https:\/\/dutchhealthstore.com\/fr\/\"},{\"@type\":\"ListItem\",\"position\":2,\"name\":\"Shop\",\"item\":\"https:\/\/dutchhealthstore.com\/fr\/shop\/\"},{\"@type\":\"ListItem\",\"position\":3,\"name\":\"Mahogany, Blue Essential Oil\"}]},{\"@type\":\"WebSite\",\"@id\":\"https:\/\/dutchhealthstore.com\/fr\/#website\",\"url\":\"https:\/\/dutchhealthstore.com\/fr\/\",\"name\":\"Dutch Health Store\",\"description\":\"Enhance Your Beauty with Organic &amp; Natural Skincare\",\"publisher\":{\"@id\":\"https:\/\/dutchhealthstore.com\/fr\/#organization\"},\"potentialAction\":[{\"@type\":\"SearchAction\",\"target\":{\"@type\":\"EntryPoint\",\"urlTemplate\":\"https:\/\/dutchhealthstore.com\/fr\/?s={search_term_string}\"},\"query-input\":{\"@type\":\"PropertyValueSpecification\",\"valueRequired\":true,\"valueName\":\"search_term_string\"}}],\"inLanguage\":\"fr-FR\"},{\"@type\":\"Organization\",\"@id\":\"https:\/\/dutchhealthstore.com\/fr\/#organization\",\"name\":\"Dutch Health Store\",\"url\":\"https:\/\/dutchhealthstore.com\/fr\/\",\"logo\":{\"@type\":\"ImageObject\",\"inLanguage\":\"fr-FR\",\"@id\":\"https:\/\/dutchhealthstore.com\/fr\/#\/schema\/logo\/image\/\",\"url\":\"https:\/\/dutchhealthstore.com\/wp-content\/uploads\/2020\/08\/logo-dutchhealthstore-jpg-e1599484957574.jpg\",\"contentUrl\":\"https:\/\/dutchhealthstore.com\/wp-content\/uploads\/2020\/08\/logo-dutchhealthstore-jpg-e1599484957574.jpg\",\"width\":400,\"height\":62,\"caption\":\"Dutch Health Store\"},\"image\":{\"@id\":\"https:\/\/dutchhealthstore.com\/fr\/#\/schema\/logo\/image\/\"},\"sameAs\":[\"https:\/\/www.instagram.com\/dutchhealthstore\/\",\"https:\/\/www.facebook.com\/dutchhealthstore\"]}]}<\/script>\n<meta property=\"product:brand\" content=\"Living Libations\" \/>\n<meta property=\"product:price:amount\" content=\"85.00\" \/>\n<meta property=\"product:price:currency\" content=\"EUR\" \/>\n<meta property=\"og:availability\" content=\"instock\" \/>\n<meta property=\"product:availability\" content=\"instock\" \/>\n<meta property=\"product:condition\" content=\"new\" \/>\n<!-- \/ Yoast SEO Premium plugin. -->","yoast_head_json":{"title":"Mahogany, Blue Essential Oil - Living Libations","description":"Beguiling Blue Mahogany Essential huile est une fra\u00eecheur foresti\u00e8re liquide et un ciel bleu dans une bouteille. Elle contient un compos\u00e9 rare de couleur saphir, le guaiazul\u00e8ne, que l'on trouve dans moins de dix esp\u00e8ces v\u00e9g\u00e9tales dans le monde, dont les huiles essentielles de camomille allemande, de camomille du Cap, de cypr\u00e8s bleu, d'achill\u00e9e millefeuille et de tanaisie bleue. Un dab est un plongeon dans le nirvana botanique et une bouff\u00e9e est un voyage dans une for\u00eat tropicale r\u00e9sineuse.","robots":{"index":"index","follow":"follow","max-snippet":"max-snippet:-1","max-image-preview":"max-image-preview:large","max-video-preview":"max-video-preview:-1"},"canonical":"https:\/\/dutchhealthstore.com\/fr\/product\/mahogany-blue-essential-oil-2\/","og_locale":"fr_FR","og_type":"article","og_title":"Mahogany, Blue Essential Oil - Dutch Health Store","og_description":"Beguiling Blue Mahogany Essential huile est une fra\u00eecheur foresti\u00e8re liquide et un ciel bleu dans une bouteille. Elle contient un compos\u00e9 rare de couleur saphir, le guaiazul\u00e8ne, que l'on trouve dans moins de dix esp\u00e8ces v\u00e9g\u00e9tales dans le monde, dont les huiles essentielles de camomille allemande, de camomille du Cap, de cypr\u00e8s bleu, d'achill\u00e9e millefeuille et de tanaisie bleue. Un dab est un plongeon dans le nirvana botanique et une bouff\u00e9e est un voyage dans une for\u00eat tropicale r\u00e9sineuse.","og_url":"https:\/\/dutchhealthstore.com\/fr\/product\/mahogany-blue-essential-oil-2\/","og_site_name":"Dutch Health Store","article_publisher":"https:\/\/www.instagram.com\/dutchhealthstore\/","article_modified_time":"2025-12-23T08:23:20+00:00","og_image":[{"width":500,"height":500,"url":"https:\/\/dutchhealthstore.com\/wp-content\/uploads\/2022\/04\/mahogany-blue-essential.jpg","type":"image\/jpeg"}],"twitter_card":"summary_large_image","twitter_misc":{"Prix":"&euro;85,00","Disponibilit\u00e9":"En stock"},"schema":{"@context":"https:\/\/schema.org","@graph":[{"@type":"WebPage","@id":"https:\/\/dutchhealthstore.com\/fr\/product\/mahogany-blue-essential-oil-2\/","url":"https:\/\/dutchhealthstore.com\/fr\/product\/mahogany-blue-essential-oil-2\/","name":"Mahogany, Blue Essential Oil - Living Libations","isPartOf":{"@id":"https:\/\/dutchhealthstore.com\/fr\/#website"},"primaryImageOfPage":{"@id":"https:\/\/dutchhealthstore.com\/fr\/product\/mahogany-blue-essential-oil-2\/#primaryimage"},"image":{"@id":"https:\/\/dutchhealthstore.com\/fr\/product\/mahogany-blue-essential-oil-2\/#primaryimage"},"thumbnailUrl":"https:\/\/dutchhealthstore.com\/wp-content\/uploads\/2022\/04\/mahogany-blue-essential.jpg","datePublished":"2022-04-22T06:25:11+00:00","dateModified":"2025-12-23T08:23:20+00:00","description":"Beguiling Blue Mahogany Essential huile est une fra\u00eecheur foresti\u00e8re liquide et un ciel bleu dans une bouteille. Elle contient un compos\u00e9 rare de couleur saphir, le guaiazul\u00e8ne, que l'on trouve dans moins de dix esp\u00e8ces v\u00e9g\u00e9tales dans le monde, dont les huiles essentielles de camomille allemande, de camomille du Cap, de cypr\u00e8s bleu, d'achill\u00e9e millefeuille et de tanaisie bleue. Un dab est un plongeon dans le nirvana botanique et une bouff\u00e9e est un voyage dans une for\u00eat tropicale r\u00e9sineuse.","breadcrumb":{"@id":"https:\/\/dutchhealthstore.com\/fr\/product\/mahogany-blue-essential-oil-2\/#breadcrumb"},"inLanguage":"fr-FR","potentialAction":[{"@type":"ReadAction","target":["https:\/\/dutchhealthstore.com\/fr\/product\/mahogany-blue-essential-oil-2\/"]}]},{"@type":"ImageObject","inLanguage":"fr-FR","@id":"https:\/\/dutchhealthstore.com\/fr\/product\/mahogany-blue-essential-oil-2\/#primaryimage","url":"https:\/\/dutchhealthstore.com\/wp-content\/uploads\/2022\/04\/mahogany-blue-essential.jpg","contentUrl":"https:\/\/dutchhealthstore.com\/wp-content\/uploads\/2022\/04\/mahogany-blue-essential.jpg","width":500,"height":500,"caption":"bleu acajou essentiel"},{"@type":"BreadcrumbList","@id":"https:\/\/dutchhealthstore.com\/fr\/product\/mahogany-blue-essential-oil-2\/#breadcrumb","itemListElement":[{"@type":"ListItem","position":1,"name":"Home","item":"https:\/\/dutchhealthstore.com\/fr\/"},{"@type":"ListItem","position":2,"name":"Shop","item":"https:\/\/dutchhealthstore.com\/fr\/shop\/"},{"@type":"ListItem","position":3,"name":"Mahogany, Blue Essential Oil"}]},{"@type":"WebSite","@id":"https:\/\/dutchhealthstore.com\/fr\/#website","url":"https:\/\/dutchhealthstore.com\/fr\/","name":"Dutch Health Store","description":"Enhance Your Beauty with Organic &amp; Natural Skincare","publisher":{"@id":"https:\/\/dutchhealthstore.com\/fr\/#organization"},"potentialAction":[{"@type":"SearchAction","target":{"@type":"EntryPoint","urlTemplate":"https:\/\/dutchhealthstore.com\/fr\/?s={search_term_string}"},"query-input":{"@type":"PropertyValueSpecification","valueRequired":true,"valueName":"search_term_string"}}],"inLanguage":"fr-FR"},{"@type":"Organization","@id":"https:\/\/dutchhealthstore.com\/fr\/#organization","name":"Dutch Health Store","url":"https:\/\/dutchhealthstore.com\/fr\/","logo":{"@type":"ImageObject","inLanguage":"fr-FR","@id":"https:\/\/dutchhealthstore.com\/fr\/#\/schema\/logo\/image\/","url":"https:\/\/dutchhealthstore.com\/wp-content\/uploads\/2020\/08\/logo-dutchhealthstore-jpg-e1599484957574.jpg","contentUrl":"https:\/\/dutchhealthstore.com\/wp-content\/uploads\/2020\/08\/logo-dutchhealthstore-jpg-e1599484957574.jpg","width":400,"height":62,"caption":"Dutch Health Store"},"image":{"@id":"https:\/\/dutchhealthstore.com\/fr\/#\/schema\/logo\/image\/"},"sameAs":["https:\/\/www.instagram.com\/dutchhealthstore\/","https:\/\/www.facebook.com\/dutchhealthstore"]}]},"product_brand":"Living Libations","product_price_amount":"85.00","product_price_currency":"EUR","og_availability":"instock","product_availability":"instock","product_condition":"new"},"_links":{"self":[{"href":"https:\/\/dutchhealthstore.com\/fr\/wp-json\/wp\/v2\/product\/210888","targetHints":{"allow":["GET"]}}],"collection":[{"href":"https:\/\/dutchhealthstore.com\/fr\/wp-json\/wp\/v2\/product"}],"about":[{"href":"https:\/\/dutchhealthstore.com\/fr\/wp-json\/wp\/v2\/types\/product"}],"replies":[{"embeddable":true,"href":"https:\/\/dutchhealthstore.com\/fr\/wp-json\/wp\/v2\/comments?post=210888"}],"wp:featuredmedia":[{"embeddable":true,"href":"https:\/\/dutchhealthstore.com\/fr\/wp-json\/wp\/v2\/media\/205969"}],"wp:attachment":[{"href":"https:\/\/dutchhealthstore.com\/fr\/wp-json\/wp\/v2\/media?parent=210888"}],"wp:term":[{"taxonomy":"product_brand","embeddable":true,"href":"https:\/\/dutchhealthstore.com\/fr\/wp-json\/wp\/v2\/product_brand?post=210888"},{"taxonomy":"product_cat","embeddable":true,"href":"https:\/\/dutchhealthstore.com\/fr\/wp-json\/wp\/v2\/product_cat?post=210888"},{"taxonomy":"product_tag","embeddable":true,"href":"https:\/\/dutchhealthstore.com\/fr\/wp-json\/wp\/v2\/product_tag?post=210888"}],"curies":[{"name":"wp","href":"https:\/\/api.w.org\/{rel}","templated":true}]}}