{"id":207393,"date":"2022-05-02T12:40:56","date_gmt":"2022-05-02T12:40:56","guid":{"rendered":"https:\/\/dutchhealthstore.com\/product\/i-create-shine\/"},"modified":"2024-07-11T15:13:03","modified_gmt":"2024-07-11T13:13:03","slug":"i-create-shine","status":"publish","type":"product","link":"https:\/\/dutchhealthstore.com\/fr\/product\/i-create-shine\/","title":{"rendered":"I Create Shine"},"content":{"rendered":"<p><img decoding=\"async\" class=\"size-full wp-image-114767 alignright\" src=\"https:\/\/dutchhealthstore.com\/wp-content\/uploads\/2020\/07\/logo-1-e1595250748559.jpg\" alt=\"logo\" width=\"200\" height=\"63\">Cette huile de brillance sans silicone nourrit, prot\u00e8ge et illumine tous les types et textures de cheveux. Con\u00e7ue \u00e0 partir d&rsquo;un m\u00e9lange l\u00e9ger d&rsquo;extraits de plantes press\u00e9es \u00e0 froid, cette formule luxueuse p\u00e9n\u00e8tre dans les cheveux en quelques secondes et les fait briller sous leur surface. Les huiles de macadamia et de cranberry lissantes scellent l&rsquo;hydratation brillante tout en emp\u00eachant les frisottis, les huiles de tournesol et de s\u00e9same riches en antioxydants prot\u00e8gent contre les dommages, et la fleur de lotus fondante laisse derri\u00e8re elle un parfum floral subtilement apaisant.<\/p>\n<p><strong>Id\u00e9al pour tous les types et textures de cheveux.<\/strong><\/p>\n<p><strong>Note parfum\u00e9e<\/strong>: fleur de lotus<\/p>\n<h3><strong>Comment utiliser <\/strong><\/h3>\n<p>Prenez une profonde respiration et concentrez-vous. Appliquez 1 \u00e0 2 gouttes de s\u00e9rum dans les paumes de vos mains et lissez sur les longueurs moyennes et les pointes. Peut \u00eatre utilis\u00e9 sur les cheveux humides ou secs.<\/p>\n<h2><strong>Ingr\u00e9dients naturels\/biologiques <\/strong><\/h2>\n<h3><strong>Ingr\u00e9dients Cl\u00e9s <\/strong><\/h3>\n<p><strong> huile graine de canneberge<\/strong> <strong>&#8211; <\/strong> riche en antioxydants, l&rsquo;huile de graine de canneberge prot\u00e8ge contre les rayons UV nocifs et autres dommages environnementaux &#8211; pour une couleur \u00e9clatante et des cheveux sains.<\/p>\n<p><strong> huile tournesol<\/strong> <strong>&#8211; <\/strong>le m\u00e9lange parfaitement \u00e9quilibr\u00e9 d&rsquo;acides gras om\u00e9ga de l&rsquo;huile de tournesol hydrate en profondeur, favorise l&rsquo;\u00e9lasticit\u00e9 et cr\u00e9e un \u00e9clat d&rsquo;apparence luxueuse.<\/p>\n<p><strong> huile macadamia<\/strong> <strong>&#8211;<\/strong> hydratant l\u00e9ger, l&rsquo;huile de macadamia cr\u00e9e un joint invisible sur les m\u00e8ches qui lisse les frisottis et refl\u00e8te la lumi\u00e8re pour un maximum d&rsquo;\u00e9clat.<\/p>\n<p><strong> huile<\/strong> s\u00e9same <strong>&#8211; <\/strong>cette huile riche en nutriments r\u00e9g\u00e9n\u00e8re, r\u00e9pare et renforce les cheveux, \u00e9vitant les cassures et les pointes fourchues tout en renfor\u00e7ant l&rsquo;\u00e9lasticit\u00e9 et le rebond.<\/p>\n<p>hydrogenated ethylhexyl olivate* (olive oil), ethyl macadamiate* (macadamia oil), sesamum indicum (sesame) seed oil*, cocos nucifera (coconut) oil*, hydrogenated olive oil unsaponifiable, vitis vinifera (grape) seed oil*, coco-caprylate, simmondsia chinensis (jojoba) seed oil*, triethyl citrate, persea gratissima (avocado) oil, fragrance**, helianthus annuus (sunflower) seed oil, vaccinium macrocarpon (cranberry) seed oil*, butyrospermum parkii (shea) butter*, tocopherol, malic acid<\/p>\n<h3 class=\"ingredient-list__group\">PARFUM DIVULGU\u00c9<\/h3>\n<p>linalyl acetate, 2, 6-dimethyl-7-octen-2-ol, gamma decalactone, hexenyl acetate, delta decalactone, dimethyl heptenal, 3-hexenol, dimethyl anthranilate, gamma nonalactone, dodecahydro tetramethylnaphthofuran, mentha viridis (spearmint) leaf oil, octanal, methylbenzyl acetate, cis-2-methyl-4-propyl-1, 3-oxathiane<\/p>\n<div class=\"ingredient-list__specialty-text\">*Certifi\u00e9 biologique ** Parfum 100% naturel<\/div>\n<div><strong>V\u00c9RIFIEZ TOUJOURS L&rsquo;EMBALLAGE DU PRODUIT POUR CONNA\u00ceTRE LA LISTE ACTUELLE DES INGR\u00c9DIENTS. <\/strong><\/div>\n<div><\/div>\n<div><strong>TAILLE: 50 ML<\/strong><\/div>\n<div>\n<p><iframe title=\"HOW TO GET SHINY HAIR WITH CLEAN, NON-TOXIC INGREDIENTS\" width=\"1020\" height=\"574\" src=\"https:\/\/www.youtube.com\/embed\/EYfNk0EvE9I?feature=oembed\" frameborder=\"0\" allow=\"accelerometer; autoplay; clipboard-write; encrypted-media; gyroscope; picture-in-picture\" allowfullscreen><\/iframe><\/p>\n<\/div>\n<div><\/div>\n<div><\/div>\n","protected":false},"excerpt":{"rendered":"<p>Un bouclier de brillance sans silicone qui prot\u00e8ge et refl\u00e8te vos cheveux les plus sains et les plus brillants.<\/p>\n","protected":false},"featured_media":320690,"comment_status":"open","ping_status":"closed","template":"","meta":[],"product_brand":[],"product_cat":[8575,8594,8569,1209,1030,1010,8604],"product_tag":[21832,6314,10170],"class_list":{"0":"post-207393","1":"product","2":"type-product","3":"status-publish","4":"has-post-thumbnail","6":"product_cat-hair-fr","7":"product_cat-hair-masks-serums-fr","8":"product_cat-innersense-fr","9":"product_cat-par-marques","10":"product_cat-par-produits","11":"product_cat-notre-boutique","12":"product_cat-styling-fr","13":"product_tag-coiffage","14":"product_tag-glow-fr","15":"product_tag-hair-fr","16":"pa_brand-innersense-organic-beauty-fr","17":"pa_haircare-productype-hair-oil-fr","18":"pa_haircare-productype-styling-hair-fr","19":"pa_size-50-ml-1-69-oz-fr","21":"first","22":"instock","23":"taxable","24":"shipping-taxable","25":"purchasable","26":"product-type-simple"},"bundled_by":[],"bundle_stock_status":"instock","bundle_stock_quantity":2,"bundle_virtual":false,"bundle_layout":"","bundle_add_to_cart_form_location":"","bundle_editable_in_cart":false,"bundle_sold_individually_context":"","bundle_item_grouping":"","bundle_min_size":"","bundle_max_size":"","bundle_price":[],"bundled_items":[],"bundle_sell_ids":[341812],"atum_controlled":true,"out_stock_date":null,"out_stock_threshold":null,"inheritable":false,"stock_on_hold":0,"sold_today":0,"sales_last_days":0,"out_stock_days":0,"lost_sales":0,"update_date":"2026-05-01T00:14:35","atum_locations":[],"atum_stock_status":"instock","restock_status":false,"low_stock_amount":"","sales_update_date":"2026-05-01T00:14:35","calc_backorders":null,"group_of_quantity":0,"min_quantity":0,"max_quantity":"","exclude_order_quantity_value_rules":"no","exclude_category_quantity_rules":"no","combine_variations":"no","yoast_head":"<!-- This site is optimized with the Yoast SEO Premium plugin v26.5 (Yoast SEO v26.5) - https:\/\/yoast.com\/wordpress\/plugins\/seo\/ -->\n<title>I Create Shine - Innersense Beauty<\/title>\n<meta name=\"description\" content=\"Un bouclier de brillance sans silicone qui prot\u00e8ge et refl\u00e8te vos cheveux les plus sains et les plus brillants.\" \/>\n<meta name=\"robots\" content=\"index, follow, max-snippet:-1, max-image-preview:large, max-video-preview:-1\" \/>\n<link rel=\"canonical\" href=\"https:\/\/dutchhealthstore.com\/fr\/product\/i-create-shine\/\" \/>\n<meta property=\"og:locale\" content=\"fr_FR\" \/>\n<meta property=\"og:type\" content=\"article\" \/>\n<meta property=\"og:title\" content=\"I Create Shine - Dutch Health Store\" \/>\n<meta property=\"og:description\" content=\"Un bouclier de brillance sans silicone qui prot\u00e8ge et refl\u00e8te vos cheveux les plus sains et les plus brillants.\" \/>\n<meta property=\"og:url\" content=\"https:\/\/dutchhealthstore.com\/fr\/product\/i-create-shine\/\" \/>\n<meta property=\"og:site_name\" content=\"Dutch Health Store\" \/>\n<meta property=\"article:publisher\" content=\"https:\/\/www.instagram.com\/dutchhealthstore\/\" \/>\n<meta property=\"article:modified_time\" content=\"2024-07-11T13:13:03+00:00\" \/>\n<meta property=\"og:image\" content=\"https:\/\/dutchhealthstore.com\/wp-content\/uploads\/2022\/05\/icreateshine.jpg\" \/>\n\t<meta property=\"og:image:width\" content=\"500\" \/>\n\t<meta property=\"og:image:height\" content=\"500\" \/>\n\t<meta property=\"og:image:type\" content=\"image\/jpeg\" \/>\n<meta name=\"twitter:card\" content=\"summary_large_image\" \/>\n<meta name=\"twitter:label1\" content=\"Prix\" \/>\n\t<meta name=\"twitter:data1\" content=\"&euro;50,00\" \/>\n\t<meta name=\"twitter:label2\" content=\"Disponibilit\u00e9\" \/>\n\t<meta name=\"twitter:data2\" content=\"En stock\" \/>\n<script type=\"application\/ld+json\" class=\"yoast-schema-graph\">{\"@context\":\"https:\/\/schema.org\",\"@graph\":[{\"@type\":\"WebPage\",\"@id\":\"https:\/\/dutchhealthstore.com\/fr\/product\/i-create-shine\/\",\"url\":\"https:\/\/dutchhealthstore.com\/fr\/product\/i-create-shine\/\",\"name\":\"I Create Shine - Innersense Beauty\",\"isPartOf\":{\"@id\":\"https:\/\/dutchhealthstore.com\/fr\/#website\"},\"primaryImageOfPage\":{\"@id\":\"https:\/\/dutchhealthstore.com\/fr\/product\/i-create-shine\/#primaryimage\"},\"image\":{\"@id\":\"https:\/\/dutchhealthstore.com\/fr\/product\/i-create-shine\/#primaryimage\"},\"thumbnailUrl\":\"https:\/\/dutchhealthstore.com\/wp-content\/uploads\/2022\/05\/createshine.png\",\"datePublished\":\"2022-05-02T12:40:56+00:00\",\"dateModified\":\"2024-07-11T13:13:03+00:00\",\"description\":\"Un bouclier de brillance sans silicone qui prot\u00e8ge et refl\u00e8te vos cheveux les plus sains et les plus brillants.\",\"breadcrumb\":{\"@id\":\"https:\/\/dutchhealthstore.com\/fr\/product\/i-create-shine\/#breadcrumb\"},\"inLanguage\":\"fr-FR\",\"potentialAction\":[{\"@type\":\"ReadAction\",\"target\":[\"https:\/\/dutchhealthstore.com\/fr\/product\/i-create-shine\/\"]}]},{\"@type\":\"ImageObject\",\"inLanguage\":\"fr-FR\",\"@id\":\"https:\/\/dutchhealthstore.com\/fr\/product\/i-create-shine\/#primaryimage\",\"url\":\"https:\/\/dutchhealthstore.com\/wp-content\/uploads\/2022\/05\/createshine.png\",\"contentUrl\":\"https:\/\/dutchhealthstore.com\/wp-content\/uploads\/2022\/05\/createshine.png\",\"width\":530,\"height\":530},{\"@type\":\"BreadcrumbList\",\"@id\":\"https:\/\/dutchhealthstore.com\/fr\/product\/i-create-shine\/#breadcrumb\",\"itemListElement\":[{\"@type\":\"ListItem\",\"position\":1,\"name\":\"Home\",\"item\":\"https:\/\/dutchhealthstore.com\/fr\/\"},{\"@type\":\"ListItem\",\"position\":2,\"name\":\"Shop\",\"item\":\"https:\/\/dutchhealthstore.com\/fr\/shop\/\"},{\"@type\":\"ListItem\",\"position\":3,\"name\":\"I Create Shine\"}]},{\"@type\":\"WebSite\",\"@id\":\"https:\/\/dutchhealthstore.com\/fr\/#website\",\"url\":\"https:\/\/dutchhealthstore.com\/fr\/\",\"name\":\"Dutch Health Store\",\"description\":\"Enhance Your Beauty with Organic &amp; Natural Skincare\",\"publisher\":{\"@id\":\"https:\/\/dutchhealthstore.com\/fr\/#organization\"},\"potentialAction\":[{\"@type\":\"SearchAction\",\"target\":{\"@type\":\"EntryPoint\",\"urlTemplate\":\"https:\/\/dutchhealthstore.com\/fr\/?s={search_term_string}\"},\"query-input\":{\"@type\":\"PropertyValueSpecification\",\"valueRequired\":true,\"valueName\":\"search_term_string\"}}],\"inLanguage\":\"fr-FR\"},{\"@type\":\"Organization\",\"@id\":\"https:\/\/dutchhealthstore.com\/fr\/#organization\",\"name\":\"Dutch Health Store\",\"url\":\"https:\/\/dutchhealthstore.com\/fr\/\",\"logo\":{\"@type\":\"ImageObject\",\"inLanguage\":\"fr-FR\",\"@id\":\"https:\/\/dutchhealthstore.com\/fr\/#\/schema\/logo\/image\/\",\"url\":\"https:\/\/dutchhealthstore.com\/wp-content\/uploads\/2020\/08\/logo-dutchhealthstore-jpg-e1599484957574.jpg\",\"contentUrl\":\"https:\/\/dutchhealthstore.com\/wp-content\/uploads\/2020\/08\/logo-dutchhealthstore-jpg-e1599484957574.jpg\",\"width\":400,\"height\":62,\"caption\":\"Dutch Health Store\"},\"image\":{\"@id\":\"https:\/\/dutchhealthstore.com\/fr\/#\/schema\/logo\/image\/\"},\"sameAs\":[\"https:\/\/www.instagram.com\/dutchhealthstore\/\",\"https:\/\/www.facebook.com\/dutchhealthstore\"]}]}<\/script>\n<meta property=\"product:brand\" content=\"Innersense Organic Beauty\" \/>\n<meta property=\"product:price:amount\" content=\"50.00\" \/>\n<meta property=\"product:price:currency\" content=\"EUR\" \/>\n<meta property=\"og:availability\" content=\"instock\" \/>\n<meta property=\"product:availability\" content=\"instock\" \/>\n<meta property=\"product:condition\" content=\"new\" \/>\n<!-- \/ Yoast SEO Premium plugin. -->","yoast_head_json":{"title":"I Create Shine - Innersense Beauty","description":"Un bouclier de brillance sans silicone qui prot\u00e8ge et refl\u00e8te vos cheveux les plus sains et les plus brillants.","robots":{"index":"index","follow":"follow","max-snippet":"max-snippet:-1","max-image-preview":"max-image-preview:large","max-video-preview":"max-video-preview:-1"},"canonical":"https:\/\/dutchhealthstore.com\/fr\/product\/i-create-shine\/","og_locale":"fr_FR","og_type":"article","og_title":"I Create Shine - Dutch Health Store","og_description":"Un bouclier de brillance sans silicone qui prot\u00e8ge et refl\u00e8te vos cheveux les plus sains et les plus brillants.","og_url":"https:\/\/dutchhealthstore.com\/fr\/product\/i-create-shine\/","og_site_name":"Dutch Health Store","article_publisher":"https:\/\/www.instagram.com\/dutchhealthstore\/","article_modified_time":"2024-07-11T13:13:03+00:00","og_image":[{"width":500,"height":500,"url":"https:\/\/dutchhealthstore.com\/wp-content\/uploads\/2022\/05\/icreateshine.jpg","type":"image\/jpeg"}],"twitter_card":"summary_large_image","twitter_misc":{"Prix":"&euro;50,00","Disponibilit\u00e9":"En stock"},"schema":{"@context":"https:\/\/schema.org","@graph":[{"@type":"WebPage","@id":"https:\/\/dutchhealthstore.com\/fr\/product\/i-create-shine\/","url":"https:\/\/dutchhealthstore.com\/fr\/product\/i-create-shine\/","name":"I Create Shine - Innersense Beauty","isPartOf":{"@id":"https:\/\/dutchhealthstore.com\/fr\/#website"},"primaryImageOfPage":{"@id":"https:\/\/dutchhealthstore.com\/fr\/product\/i-create-shine\/#primaryimage"},"image":{"@id":"https:\/\/dutchhealthstore.com\/fr\/product\/i-create-shine\/#primaryimage"},"thumbnailUrl":"https:\/\/dutchhealthstore.com\/wp-content\/uploads\/2022\/05\/createshine.png","datePublished":"2022-05-02T12:40:56+00:00","dateModified":"2024-07-11T13:13:03+00:00","description":"Un bouclier de brillance sans silicone qui prot\u00e8ge et refl\u00e8te vos cheveux les plus sains et les plus brillants.","breadcrumb":{"@id":"https:\/\/dutchhealthstore.com\/fr\/product\/i-create-shine\/#breadcrumb"},"inLanguage":"fr-FR","potentialAction":[{"@type":"ReadAction","target":["https:\/\/dutchhealthstore.com\/fr\/product\/i-create-shine\/"]}]},{"@type":"ImageObject","inLanguage":"fr-FR","@id":"https:\/\/dutchhealthstore.com\/fr\/product\/i-create-shine\/#primaryimage","url":"https:\/\/dutchhealthstore.com\/wp-content\/uploads\/2022\/05\/createshine.png","contentUrl":"https:\/\/dutchhealthstore.com\/wp-content\/uploads\/2022\/05\/createshine.png","width":530,"height":530},{"@type":"BreadcrumbList","@id":"https:\/\/dutchhealthstore.com\/fr\/product\/i-create-shine\/#breadcrumb","itemListElement":[{"@type":"ListItem","position":1,"name":"Home","item":"https:\/\/dutchhealthstore.com\/fr\/"},{"@type":"ListItem","position":2,"name":"Shop","item":"https:\/\/dutchhealthstore.com\/fr\/shop\/"},{"@type":"ListItem","position":3,"name":"I Create Shine"}]},{"@type":"WebSite","@id":"https:\/\/dutchhealthstore.com\/fr\/#website","url":"https:\/\/dutchhealthstore.com\/fr\/","name":"Dutch Health Store","description":"Enhance Your Beauty with Organic &amp; Natural Skincare","publisher":{"@id":"https:\/\/dutchhealthstore.com\/fr\/#organization"},"potentialAction":[{"@type":"SearchAction","target":{"@type":"EntryPoint","urlTemplate":"https:\/\/dutchhealthstore.com\/fr\/?s={search_term_string}"},"query-input":{"@type":"PropertyValueSpecification","valueRequired":true,"valueName":"search_term_string"}}],"inLanguage":"fr-FR"},{"@type":"Organization","@id":"https:\/\/dutchhealthstore.com\/fr\/#organization","name":"Dutch Health Store","url":"https:\/\/dutchhealthstore.com\/fr\/","logo":{"@type":"ImageObject","inLanguage":"fr-FR","@id":"https:\/\/dutchhealthstore.com\/fr\/#\/schema\/logo\/image\/","url":"https:\/\/dutchhealthstore.com\/wp-content\/uploads\/2020\/08\/logo-dutchhealthstore-jpg-e1599484957574.jpg","contentUrl":"https:\/\/dutchhealthstore.com\/wp-content\/uploads\/2020\/08\/logo-dutchhealthstore-jpg-e1599484957574.jpg","width":400,"height":62,"caption":"Dutch Health Store"},"image":{"@id":"https:\/\/dutchhealthstore.com\/fr\/#\/schema\/logo\/image\/"},"sameAs":["https:\/\/www.instagram.com\/dutchhealthstore\/","https:\/\/www.facebook.com\/dutchhealthstore"]}]},"product_brand":"Innersense Organic Beauty","product_price_amount":"50.00","product_price_currency":"EUR","og_availability":"instock","product_availability":"instock","product_condition":"new"},"_links":{"self":[{"href":"https:\/\/dutchhealthstore.com\/fr\/wp-json\/wp\/v2\/product\/207393","targetHints":{"allow":["GET"]}}],"collection":[{"href":"https:\/\/dutchhealthstore.com\/fr\/wp-json\/wp\/v2\/product"}],"about":[{"href":"https:\/\/dutchhealthstore.com\/fr\/wp-json\/wp\/v2\/types\/product"}],"replies":[{"embeddable":true,"href":"https:\/\/dutchhealthstore.com\/fr\/wp-json\/wp\/v2\/comments?post=207393"}],"wp:featuredmedia":[{"embeddable":true,"href":"https:\/\/dutchhealthstore.com\/fr\/wp-json\/wp\/v2\/media\/320690"}],"wp:attachment":[{"href":"https:\/\/dutchhealthstore.com\/fr\/wp-json\/wp\/v2\/media?parent=207393"}],"wp:term":[{"taxonomy":"product_brand","embeddable":true,"href":"https:\/\/dutchhealthstore.com\/fr\/wp-json\/wp\/v2\/product_brand?post=207393"},{"taxonomy":"product_cat","embeddable":true,"href":"https:\/\/dutchhealthstore.com\/fr\/wp-json\/wp\/v2\/product_cat?post=207393"},{"taxonomy":"product_tag","embeddable":true,"href":"https:\/\/dutchhealthstore.com\/fr\/wp-json\/wp\/v2\/product_tag?post=207393"}],"curies":[{"name":"wp","href":"https:\/\/api.w.org\/{rel}","templated":true}]}}