{"id":206477,"date":"2022-02-11T10:39:24","date_gmt":"2022-02-11T10:39:24","guid":{"rendered":"https:\/\/dutchhealthstore.com\/product\/orange-sweet-essential-oil\/"},"modified":"2025-12-05T22:00:02","modified_gmt":"2025-12-05T21:00:02","slug":"orange-sweet-essential-oil","status":"publish","type":"product","link":"https:\/\/dutchhealthstore.com\/fr\/product\/orange-sweet-essential-oil\/","title":{"rendered":"Orange, Sweet Essential Oil"},"content":{"rendered":"<p><img decoding=\"async\" class=\"alignright\" src=\"https:\/\/dutchhealthstore.com\/wp-content\/uploads\/2019\/08\/NEW-Living-Libations-Logo.jpg\" alt=\"NEW - Living Libations - Logo\">Cultiv\u00e9 dans un bosquet biologique et press\u00e9 \u00e0 froid \u00e0 partir de milliers d&rsquo;\u00e9corces de <em>Citrus sinensis<\/em> m\u00fbres, son ar\u00f4me ravive des souvenirs de soleil et de jus d&rsquo;orange fra\u00eechement press\u00e9. Aussi polyvalente que douce, une goutte de cette huile joyeuse peut \u00e9gayer des cr\u00e9ations culinaires, des s\u00e9rums pour la peau, des m\u00e9langes pour remonter le moral et des \u00e9lixirs de nettoyage.<\/p>\n<p><b>Taille : 5 ml<\/b><\/p>\n<p><strong>Nom botanique :<\/strong> <em>Citrus sinensis<\/em><br \/>\n<strong>Famille botanique :<\/strong> Rutaceae<br \/>\n<strong>M\u00e9thode d&rsquo;extraction :<\/strong> Press\u00e9 \u00e0 froid<br \/>\n<strong>Partie de la plante distill\u00e9e :<\/strong> \u00c9corce<br \/>\n<strong>Pays d&rsquo;origine :<\/strong> Italie<br \/>\n<strong>M\u00e9thode de culture:<\/strong> Organique<br \/>\n<strong>Composition :<\/strong> 100% <em>Citrus sinensis<\/em><br \/>\n<strong>Consistance:<\/strong> Viscosit\u00e9 fine<br \/>\n<strong>Description du parfum :<\/strong> Orange classique, sucr\u00e9e et acidul\u00e9e, comme un fruit juteux fra\u00eechement \u00e9pluch\u00e9.<br \/>\n<strong>Se m\u00e9lange bien avec :<\/strong> La lavande, l&rsquo;hysope, l&rsquo;inule, le douglas, l&rsquo;encens, le cypr\u00e8s, le gen\u00e9vrier, l&rsquo;ylang, la vanille, la rose otto, le jasmin, le nard, le romarin, le v\u00e9tiver, l&rsquo;acajou bleu, la marjolaine, le santal, la bergamote et le citron vert.<br \/>\n<strong>Composants :<\/strong> 90% de d-limon\u00e8ne et 6% de linalool.<br \/>\n<strong>Utilisation :<\/strong> Diluer pour utiliser dans les massages, les m\u00e9langes de soins de la peau et les bains. Merveilleux ajout aux huiles de massage des seins (voir <a title=\"Renegade Beauty\" href=\"https:\/\/int.livinglibations.com\/products\/renegade-beauty\" target=\"_blank\" rel=\"noopener\" aria-describedby=\"a11y-new-window-message\">Renegade Beauty<\/a>). Diluez cette huile GRAS avec du miel ou de l&rsquo;huile d&rsquo;olive ou de noix de coco pour des cr\u00e9ations culinaires. Diffusez pour remonter le moral. Donne une belle impulsion aux m\u00e9langes de nettoyage de la maison.<br \/>\n<strong>Contre-indication :<\/strong> Ne pas utiliser sur une peau directement expos\u00e9e au soleil. Diluer pour utiliser.<\/p>\n<p>Les commer\u00e7ants voyageurs de Perse ont introduit les oranges dans les empires romains en 100 avant J.-C., et les orangers ont trouv\u00e9 un nouveau foyer heureux dans le climat m\u00e9diterran\u00e9en chaud du sud de l&rsquo;Europe. Notre orange douce est cultiv\u00e9e biologiquement en Sicile o\u00f9 l&rsquo;\u00e9corce riche en huile est press\u00e9e \u00e0 froid pour en extraire l&rsquo;essence la plus pure et la plus douce.<\/p>\n<p>Notre sublime Sweet Orange Essential Oil est riche en limon\u00e8ne vif qui est un solide pi\u00e9geur de radicaux libres. Les niveaux \u00e9lev\u00e9s de limon\u00e8ne contribuent \u00e9galement au parfum vif de l&rsquo;huile qui rafra\u00eechit et illumine la peau et apporte de doux sourires aux visages maussades. Associ\u00e9 au basilic doux, au thym doux, au romarin ou \u00e0 la tanaisie bleue, il brille comme un s\u00e9rum pour les peaux \u00e0 tendance acn\u00e9ique.<\/p>\n<p>Cette huile GRAS peut \u00eatre ajout\u00e9e au goutte-\u00e0-goutte \u00e0 vos plats ou confections culinaires pr\u00e9f\u00e9r\u00e9s, et elle apporte une touche d&rsquo;\u00e9clat aux solutions de nettoyage domestique.<\/p>\n<div><em>\u00ab\u00a0L&rsquo;huile essentielle d&rsquo;orange est douce, chaude, sensuelle, radieuse et vivante. Cette huile est merveilleuse lorsque nous prenons les choses trop au s\u00e9rieux et que nous oublions de rire&#8230; elle transmet chaleur, bonheur et l\u00e9g\u00e8ret\u00e9 rafra\u00eechissante. En tant que tonique nerveux, l&rsquo;huile aide \u00e0 se calmer, \u00e0 se d\u00e9tendre et \u00e0 se r\u00e9g\u00e9n\u00e9rer.\u00a0\u00bb<\/em><\/div>\n<div>Susanne Fischer-Rizzi, <em>Complete Aromatherapy Handbook<\/em><\/div>\n<div>\n<p><strong>Comment t&rsquo;aimons-nous, oranger ? Faisons le compte.<\/strong><\/p>\n<p>Nos c\u0153urs et nos nez sont remplis de gratitude pour les nombreux cadeaux aromatiques de l&rsquo;oranger g\u00e9n\u00e9reux. La fantaisie florale hypnotique du n\u00e9roli est produite par distillation \u00e0 la vapeur des fleurs blanches parfum\u00e9es de l&rsquo;oranger, et l&rsquo;opulente absolue de fleur d&rsquo;oranger utilise une m\u00e9thode d&rsquo;extraction par solvant sur ces m\u00eames fleurs parfum\u00e9es pour capturer une essence plus riche, plus \u00e9paisse et plus visqueuse qui a une incroyable t\u00e9nacit\u00e9 en parfumerie. L&rsquo;huile Twiggy-tangy Petitgrain est une distillation \u00e0 la vapeur des feuilles et des tiges de l&rsquo;oranger, et elle est parfaitement adapt\u00e9e pour rafra\u00eechir les sens, revitaliser la peau et revigorer l&rsquo;esprit. Les \u00e9corces d&rsquo;orange press\u00e9es \u00e0 froid lib\u00e8rent une Orange Essential Oillumineuse et ensoleill\u00e9e utilis\u00e9e comme note fra\u00eeche et p\u00e9tillante dans les parfums et presque toujours utilis\u00e9e comme note de t\u00eate. Neroli Fleurs sur Petitgrain est une co-distillation captivante de fleurs de Neroli avec les brindilles et les feuilles de Petitgrain pour cr\u00e9er un parfum enchanteur et super sensuel.<\/p>\n<\/div>\n","protected":false},"excerpt":{"rendered":"<p>Sweet Orange Essential Oil ensoleill\u00e9e pr\u00e9sente des mol\u00e9cules qui remontent le moral et des pouvoirs v\u00e9g\u00e9taux puissants pour le rajeunissement de la peau.<\/p>\n","protected":false},"featured_media":200022,"comment_status":"open","ping_status":"closed","template":"","meta":[],"product_brand":[],"product_cat":[6734,1507,1211,1209,1030,3757,1010,6733],"product_tag":[4495],"class_list":{"0":"post-206477","1":"product","2":"type-product","3":"status-publish","4":"has-post-thumbnail","6":"product_cat-essential-oils","7":"product_cat-plantes-huiles-essentielles-living-libations","8":"product_cat-living-libations-france","9":"product_cat-par-marques","10":"product_cat-par-produits","11":"product_cat-plantes-huiles-essentielles","12":"product_cat-notre-boutique","13":"product_cat-wellness-fr-2","14":"product_tag-essential-oil-fr","15":"pa_brand-livinglibations-fr","16":"pa_essential-oils-product-type-essential-oils-fr","17":"pa_size-5-ml-fr","19":"first","20":"instock","21":"taxable","22":"shipping-taxable","23":"purchasable","24":"product-type-simple"},"bundled_by":[],"bundle_stock_status":"instock","bundle_stock_quantity":3,"bundle_virtual":false,"bundle_layout":"","bundle_add_to_cart_form_location":"","bundle_editable_in_cart":false,"bundle_sold_individually_context":"","bundle_item_grouping":"","bundle_min_size":"","bundle_max_size":"","bundle_price":[],"bundled_items":[],"bundle_sell_ids":[],"atum_controlled":true,"out_stock_date":null,"out_stock_threshold":null,"inheritable":false,"stock_on_hold":0,"sold_today":0,"sales_last_days":0,"out_stock_days":0,"lost_sales":0,"update_date":"2026-04-26T00:12:31","atum_locations":[],"atum_stock_status":"instock","restock_status":false,"low_stock_amount":"","sales_update_date":"2026-04-26T00:12:31","calc_backorders":null,"group_of_quantity":0,"min_quantity":0,"max_quantity":"","exclude_order_quantity_value_rules":"no","exclude_category_quantity_rules":"no","combine_variations":"no","yoast_head":"<!-- This site is optimized with the Yoast SEO Premium plugin v26.5 (Yoast SEO v26.5) - https:\/\/yoast.com\/wordpress\/plugins\/seo\/ -->\n<title>Orange, Sweet Essential Oil - Living Libations<\/title>\n<meta name=\"description\" content=\"Sweet Orange Essential Oil ensoleill\u00e9e pr\u00e9sente des mol\u00e9cules qui remontent le moral et des pouvoirs v\u00e9g\u00e9taux puissants pour le rajeunissement de la peau.\" \/>\n<meta name=\"robots\" content=\"index, follow, max-snippet:-1, max-image-preview:large, max-video-preview:-1\" \/>\n<link rel=\"canonical\" href=\"https:\/\/dutchhealthstore.com\/fr\/product\/orange-sweet-essential-oil\/\" \/>\n<meta property=\"og:locale\" content=\"fr_FR\" \/>\n<meta property=\"og:type\" content=\"article\" \/>\n<meta property=\"og:title\" content=\"Orange, Sweet Essential Oil - Dutch Health Store\" \/>\n<meta property=\"og:description\" content=\"Sweet Orange Essential Oil ensoleill\u00e9e pr\u00e9sente des mol\u00e9cules qui remontent le moral et des pouvoirs v\u00e9g\u00e9taux puissants pour le rajeunissement de la peau.\" \/>\n<meta property=\"og:url\" content=\"https:\/\/dutchhealthstore.com\/fr\/product\/orange-sweet-essential-oil\/\" \/>\n<meta property=\"og:site_name\" content=\"Dutch Health Store\" \/>\n<meta property=\"article:publisher\" content=\"https:\/\/www.instagram.com\/dutchhealthstore\/\" \/>\n<meta property=\"article:modified_time\" content=\"2025-12-05T21:00:02+00:00\" \/>\n<meta property=\"og:image\" content=\"https:\/\/dutchhealthstore.com\/wp-content\/uploads\/2022\/02\/orange-sweet-essential-oil.jpg\" \/>\n\t<meta property=\"og:image:width\" content=\"500\" \/>\n\t<meta property=\"og:image:height\" content=\"500\" \/>\n\t<meta property=\"og:image:type\" content=\"image\/jpeg\" \/>\n<meta name=\"twitter:card\" content=\"summary_large_image\" \/>\n<meta name=\"twitter:label1\" content=\"Prix\" \/>\n\t<meta name=\"twitter:data1\" content=\"&euro;17,00\" \/>\n\t<meta name=\"twitter:label2\" content=\"Disponibilit\u00e9\" \/>\n\t<meta name=\"twitter:data2\" content=\"En stock\" \/>\n<script type=\"application\/ld+json\" class=\"yoast-schema-graph\">{\"@context\":\"https:\/\/schema.org\",\"@graph\":[{\"@type\":\"WebPage\",\"@id\":\"https:\/\/dutchhealthstore.com\/fr\/product\/orange-sweet-essential-oil\/\",\"url\":\"https:\/\/dutchhealthstore.com\/fr\/product\/orange-sweet-essential-oil\/\",\"name\":\"Orange, Sweet Essential Oil - Living Libations\",\"isPartOf\":{\"@id\":\"https:\/\/dutchhealthstore.com\/fr\/#website\"},\"primaryImageOfPage\":{\"@id\":\"https:\/\/dutchhealthstore.com\/fr\/product\/orange-sweet-essential-oil\/#primaryimage\"},\"image\":{\"@id\":\"https:\/\/dutchhealthstore.com\/fr\/product\/orange-sweet-essential-oil\/#primaryimage\"},\"thumbnailUrl\":\"https:\/\/dutchhealthstore.com\/wp-content\/uploads\/2022\/02\/orange-sweet-essential-oil.jpg\",\"datePublished\":\"2022-02-11T10:39:24+00:00\",\"dateModified\":\"2025-12-05T21:00:02+00:00\",\"description\":\"Sweet Orange Essential Oil ensoleill\u00e9e pr\u00e9sente des mol\u00e9cules qui remontent le moral et des pouvoirs v\u00e9g\u00e9taux puissants pour le rajeunissement de la peau.\",\"breadcrumb\":{\"@id\":\"https:\/\/dutchhealthstore.com\/fr\/product\/orange-sweet-essential-oil\/#breadcrumb\"},\"inLanguage\":\"fr-FR\",\"potentialAction\":[{\"@type\":\"ReadAction\",\"target\":[\"https:\/\/dutchhealthstore.com\/fr\/product\/orange-sweet-essential-oil\/\"]}]},{\"@type\":\"ImageObject\",\"inLanguage\":\"fr-FR\",\"@id\":\"https:\/\/dutchhealthstore.com\/fr\/product\/orange-sweet-essential-oil\/#primaryimage\",\"url\":\"https:\/\/dutchhealthstore.com\/wp-content\/uploads\/2022\/02\/orange-sweet-essential-oil.jpg\",\"contentUrl\":\"https:\/\/dutchhealthstore.com\/wp-content\/uploads\/2022\/02\/orange-sweet-essential-oil.jpg\",\"width\":500,\"height\":500,\"caption\":\"orange sweet essential oil\"},{\"@type\":\"BreadcrumbList\",\"@id\":\"https:\/\/dutchhealthstore.com\/fr\/product\/orange-sweet-essential-oil\/#breadcrumb\",\"itemListElement\":[{\"@type\":\"ListItem\",\"position\":1,\"name\":\"Home\",\"item\":\"https:\/\/dutchhealthstore.com\/fr\/\"},{\"@type\":\"ListItem\",\"position\":2,\"name\":\"Shop\",\"item\":\"https:\/\/dutchhealthstore.com\/fr\/shop\/\"},{\"@type\":\"ListItem\",\"position\":3,\"name\":\"Orange, Sweet Essential Oil\"}]},{\"@type\":\"WebSite\",\"@id\":\"https:\/\/dutchhealthstore.com\/fr\/#website\",\"url\":\"https:\/\/dutchhealthstore.com\/fr\/\",\"name\":\"Dutch Health Store\",\"description\":\"Enhance Your Beauty with Organic &amp; Natural Skincare\",\"publisher\":{\"@id\":\"https:\/\/dutchhealthstore.com\/fr\/#organization\"},\"potentialAction\":[{\"@type\":\"SearchAction\",\"target\":{\"@type\":\"EntryPoint\",\"urlTemplate\":\"https:\/\/dutchhealthstore.com\/fr\/?s={search_term_string}\"},\"query-input\":{\"@type\":\"PropertyValueSpecification\",\"valueRequired\":true,\"valueName\":\"search_term_string\"}}],\"inLanguage\":\"fr-FR\"},{\"@type\":\"Organization\",\"@id\":\"https:\/\/dutchhealthstore.com\/fr\/#organization\",\"name\":\"Dutch Health Store\",\"url\":\"https:\/\/dutchhealthstore.com\/fr\/\",\"logo\":{\"@type\":\"ImageObject\",\"inLanguage\":\"fr-FR\",\"@id\":\"https:\/\/dutchhealthstore.com\/fr\/#\/schema\/logo\/image\/\",\"url\":\"https:\/\/dutchhealthstore.com\/wp-content\/uploads\/2020\/08\/logo-dutchhealthstore-jpg-e1599484957574.jpg\",\"contentUrl\":\"https:\/\/dutchhealthstore.com\/wp-content\/uploads\/2020\/08\/logo-dutchhealthstore-jpg-e1599484957574.jpg\",\"width\":400,\"height\":62,\"caption\":\"Dutch Health Store\"},\"image\":{\"@id\":\"https:\/\/dutchhealthstore.com\/fr\/#\/schema\/logo\/image\/\"},\"sameAs\":[\"https:\/\/www.instagram.com\/dutchhealthstore\/\",\"https:\/\/www.facebook.com\/dutchhealthstore\"]}]}<\/script>\n<meta property=\"product:brand\" content=\"Living Libations\" \/>\n<meta property=\"product:price:amount\" content=\"17.00\" \/>\n<meta property=\"product:price:currency\" content=\"EUR\" \/>\n<meta property=\"og:availability\" content=\"instock\" \/>\n<meta property=\"product:availability\" content=\"instock\" \/>\n<meta property=\"product:condition\" content=\"new\" \/>\n<!-- \/ Yoast SEO Premium plugin. -->","yoast_head_json":{"title":"Orange, Sweet Essential Oil - Living Libations","description":"Sweet Orange Essential Oil ensoleill\u00e9e pr\u00e9sente des mol\u00e9cules qui remontent le moral et des pouvoirs v\u00e9g\u00e9taux puissants pour le rajeunissement de la peau.","robots":{"index":"index","follow":"follow","max-snippet":"max-snippet:-1","max-image-preview":"max-image-preview:large","max-video-preview":"max-video-preview:-1"},"canonical":"https:\/\/dutchhealthstore.com\/fr\/product\/orange-sweet-essential-oil\/","og_locale":"fr_FR","og_type":"article","og_title":"Orange, Sweet Essential Oil - Dutch Health Store","og_description":"Sweet Orange Essential Oil ensoleill\u00e9e pr\u00e9sente des mol\u00e9cules qui remontent le moral et des pouvoirs v\u00e9g\u00e9taux puissants pour le rajeunissement de la peau.","og_url":"https:\/\/dutchhealthstore.com\/fr\/product\/orange-sweet-essential-oil\/","og_site_name":"Dutch Health Store","article_publisher":"https:\/\/www.instagram.com\/dutchhealthstore\/","article_modified_time":"2025-12-05T21:00:02+00:00","og_image":[{"width":500,"height":500,"url":"https:\/\/dutchhealthstore.com\/wp-content\/uploads\/2022\/02\/orange-sweet-essential-oil.jpg","type":"image\/jpeg"}],"twitter_card":"summary_large_image","twitter_misc":{"Prix":"&euro;17,00","Disponibilit\u00e9":"En stock"},"schema":{"@context":"https:\/\/schema.org","@graph":[{"@type":"WebPage","@id":"https:\/\/dutchhealthstore.com\/fr\/product\/orange-sweet-essential-oil\/","url":"https:\/\/dutchhealthstore.com\/fr\/product\/orange-sweet-essential-oil\/","name":"Orange, Sweet Essential Oil - Living Libations","isPartOf":{"@id":"https:\/\/dutchhealthstore.com\/fr\/#website"},"primaryImageOfPage":{"@id":"https:\/\/dutchhealthstore.com\/fr\/product\/orange-sweet-essential-oil\/#primaryimage"},"image":{"@id":"https:\/\/dutchhealthstore.com\/fr\/product\/orange-sweet-essential-oil\/#primaryimage"},"thumbnailUrl":"https:\/\/dutchhealthstore.com\/wp-content\/uploads\/2022\/02\/orange-sweet-essential-oil.jpg","datePublished":"2022-02-11T10:39:24+00:00","dateModified":"2025-12-05T21:00:02+00:00","description":"Sweet Orange Essential Oil ensoleill\u00e9e pr\u00e9sente des mol\u00e9cules qui remontent le moral et des pouvoirs v\u00e9g\u00e9taux puissants pour le rajeunissement de la peau.","breadcrumb":{"@id":"https:\/\/dutchhealthstore.com\/fr\/product\/orange-sweet-essential-oil\/#breadcrumb"},"inLanguage":"fr-FR","potentialAction":[{"@type":"ReadAction","target":["https:\/\/dutchhealthstore.com\/fr\/product\/orange-sweet-essential-oil\/"]}]},{"@type":"ImageObject","inLanguage":"fr-FR","@id":"https:\/\/dutchhealthstore.com\/fr\/product\/orange-sweet-essential-oil\/#primaryimage","url":"https:\/\/dutchhealthstore.com\/wp-content\/uploads\/2022\/02\/orange-sweet-essential-oil.jpg","contentUrl":"https:\/\/dutchhealthstore.com\/wp-content\/uploads\/2022\/02\/orange-sweet-essential-oil.jpg","width":500,"height":500,"caption":"orange sweet essential oil"},{"@type":"BreadcrumbList","@id":"https:\/\/dutchhealthstore.com\/fr\/product\/orange-sweet-essential-oil\/#breadcrumb","itemListElement":[{"@type":"ListItem","position":1,"name":"Home","item":"https:\/\/dutchhealthstore.com\/fr\/"},{"@type":"ListItem","position":2,"name":"Shop","item":"https:\/\/dutchhealthstore.com\/fr\/shop\/"},{"@type":"ListItem","position":3,"name":"Orange, Sweet Essential Oil"}]},{"@type":"WebSite","@id":"https:\/\/dutchhealthstore.com\/fr\/#website","url":"https:\/\/dutchhealthstore.com\/fr\/","name":"Dutch Health Store","description":"Enhance Your Beauty with Organic &amp; Natural Skincare","publisher":{"@id":"https:\/\/dutchhealthstore.com\/fr\/#organization"},"potentialAction":[{"@type":"SearchAction","target":{"@type":"EntryPoint","urlTemplate":"https:\/\/dutchhealthstore.com\/fr\/?s={search_term_string}"},"query-input":{"@type":"PropertyValueSpecification","valueRequired":true,"valueName":"search_term_string"}}],"inLanguage":"fr-FR"},{"@type":"Organization","@id":"https:\/\/dutchhealthstore.com\/fr\/#organization","name":"Dutch Health Store","url":"https:\/\/dutchhealthstore.com\/fr\/","logo":{"@type":"ImageObject","inLanguage":"fr-FR","@id":"https:\/\/dutchhealthstore.com\/fr\/#\/schema\/logo\/image\/","url":"https:\/\/dutchhealthstore.com\/wp-content\/uploads\/2020\/08\/logo-dutchhealthstore-jpg-e1599484957574.jpg","contentUrl":"https:\/\/dutchhealthstore.com\/wp-content\/uploads\/2020\/08\/logo-dutchhealthstore-jpg-e1599484957574.jpg","width":400,"height":62,"caption":"Dutch Health Store"},"image":{"@id":"https:\/\/dutchhealthstore.com\/fr\/#\/schema\/logo\/image\/"},"sameAs":["https:\/\/www.instagram.com\/dutchhealthstore\/","https:\/\/www.facebook.com\/dutchhealthstore"]}]},"product_brand":"Living Libations","product_price_amount":"17.00","product_price_currency":"EUR","og_availability":"instock","product_availability":"instock","product_condition":"new"},"_links":{"self":[{"href":"https:\/\/dutchhealthstore.com\/fr\/wp-json\/wp\/v2\/product\/206477","targetHints":{"allow":["GET"]}}],"collection":[{"href":"https:\/\/dutchhealthstore.com\/fr\/wp-json\/wp\/v2\/product"}],"about":[{"href":"https:\/\/dutchhealthstore.com\/fr\/wp-json\/wp\/v2\/types\/product"}],"replies":[{"embeddable":true,"href":"https:\/\/dutchhealthstore.com\/fr\/wp-json\/wp\/v2\/comments?post=206477"}],"wp:featuredmedia":[{"embeddable":true,"href":"https:\/\/dutchhealthstore.com\/fr\/wp-json\/wp\/v2\/media\/200022"}],"wp:attachment":[{"href":"https:\/\/dutchhealthstore.com\/fr\/wp-json\/wp\/v2\/media?parent=206477"}],"wp:term":[{"taxonomy":"product_brand","embeddable":true,"href":"https:\/\/dutchhealthstore.com\/fr\/wp-json\/wp\/v2\/product_brand?post=206477"},{"taxonomy":"product_cat","embeddable":true,"href":"https:\/\/dutchhealthstore.com\/fr\/wp-json\/wp\/v2\/product_cat?post=206477"},{"taxonomy":"product_tag","embeddable":true,"href":"https:\/\/dutchhealthstore.com\/fr\/wp-json\/wp\/v2\/product_tag?post=206477"}],"curies":[{"name":"wp","href":"https:\/\/api.w.org\/{rel}","templated":true}]}}