{"id":204140,"date":"2022-03-04T08:04:28","date_gmt":"2022-03-04T07:04:28","guid":{"rendered":"https:\/\/dutchhealthstore.com\/product\/matico-essential-oil\/"},"modified":"2023-03-02T07:05:05","modified_gmt":"2023-03-02T07:05:05","slug":"matico-essential-oil","status":"publish","type":"product","link":"https:\/\/dutchhealthstore.com\/fr\/product\/matico-essential-oil\/","title":{"rendered":"Matico Essential Oil"},"content":{"rendered":"<p><img decoding=\"async\" class=\"alignright\" src=\"https:\/\/dutchhealthstore.com\/wp-content\/uploads\/2019\/08\/NEW-Living-Libations-Logo.jpg\" alt=\"NEW - Living Libations - Logo\">Ses propri\u00e9t\u00e9s botaniques-biotiques en font un pansement botanique efficace pour les bobos, et lorsqu&rsquo;il est ajout\u00e9 \u00e0 des huiles de friction robustes, il soulage facilement les choses.<\/p>\n<p>&nbsp;<\/p>\n<p><strong>Nom botanique :<\/strong> <em>Piper elongatum<\/em><strong><br \/>\n<\/strong><strong>Famille botanique :<\/strong><strong> <\/strong><em>Piperaceae<\/em><br \/>\n<strong>M\u00e9thode d&rsquo;extraction :<\/strong> Distillation \u00e0 la vapeur<br \/>\n<strong>Partie de la plante distill\u00e9e :<\/strong> Feuilles et sommit\u00e9s fleuries<br \/>\n<strong>Pays d&rsquo;origine :<\/strong> P\u00e9rou<br \/>\n<strong>M\u00e9thode de culture :<\/strong> Collect\u00e9 \u00e0 l&rsquo;\u00e9tat sauvage<br \/>\n<strong>Composition :<\/strong> 100 % <em>Piper elongatum<\/em><br \/>\n<strong>Coh\u00e9rence :<\/strong> Mince<br \/>\n<strong>Description du parfum :<\/strong> Fra\u00eeche, fra\u00eeche et \u00e9pic\u00e9e. Sous-entendus clairs et nets d&rsquo;eucalyptus, de menthe et de poivre.<br \/>\n<strong>Se m\u00e9lange bien avec :<\/strong> Citron, bois de santal, romarin, orange, cypr\u00e8s, gen\u00e9vrier, ravensara, \u00e9pinette noire, sapin de Douglas, sapin blanc, sauge, sauge Blue Mountain, camomille du Cap et pamplemousse.<br \/>\n<strong>Composition :<\/strong> 45,9 % de dillapiol<\/p>\n<p><strong>Utilisation :<\/strong> ingr\u00e9dient apaisant et stimulant du baume pour la poitrine. Hautement recommand\u00e9 dans une pipe \u00e0 sel et un diffuseur d&rsquo;ar\u00f4mes. M\u00e9lange robuste d&rsquo;huiles de friction pour le massage et le brossage \u00e0 sec. Parfait pour la vaporisation des sinus. Nettoyage dans les bains. A\u00e9ration pour les voyages en avion. Apaisant et rafra\u00eechissant pour les peaux irrit\u00e9es.<\/p>\n<p>Le Matico est un arbuste poivr\u00e9 tropical \u00e0 feuilles persistantes qui pousse vigoureusement dans la haute jungle des montagnes andines. Les feuilles en forme de lance, verdoyantes et tr\u00e8s parfum\u00e9es, sont d&rsquo;un vert unique sur le dessus et argent\u00e9es en dessous. Lorsqu&rsquo;elles sont bross\u00e9es ou \u00e9cras\u00e9es, elles d\u00e9gagent un ar\u00f4me comparable \u00e0 celui d&rsquo;une brise fra\u00eeche de montagne.<\/p>\n<p>Notre Matico Essential Oil unique de Matico est distill\u00e9e \u00e0 partir des feuilles et des fleurs r\u00e9colt\u00e9es \u00e0 la main sur les arbustes sauvages. La r\u00e9colte annuelle durable et le processus de distillation \u00e0 la vapeur fournissent des emplois \u00e0 la communaut\u00e9 andine.<\/p>\n<p>Cet arbuste botanique et biotique a \u00e9t\u00e9 nomm\u00e9 Matico d&rsquo;apr\u00e8s le soldat qui a d\u00e9couvert sa puissance en utilisant les feuilles pour bander une blessure qui a gu\u00e9ri rapidement avec une r\u00e9duction de l&rsquo;inconfort et des rougeurs. Depuis lors, la communaut\u00e9 andine continue de l&rsquo;utiliser en compresses et en cataplasmes pour soulager les peaux irrit\u00e9es et enflamm\u00e9es. La sensation de fra\u00eecheur de l&rsquo;huile en fait un compl\u00e9ment apaisant aux huiles de massage et aux saunas.<\/p>\n<p>Matico est \u00e9galement utilis\u00e9 localement en inhalation pour une respiration plus libre. Ajout\u00e9e aux bains de vapeur et aux diffuseurs ou renifl\u00e9e directement dans la bouteille, l&rsquo;essence magique des montagnes de Matico peut nettoyer les voies respiratoires et d\u00e9tendre la respiration.<\/p>\n<p><strong>Taille : 5 ml et 15 ml<\/strong><\/p>\n<p><em>\u00ab\u00a0La caract\u00e9ristique presque universelle de l&rsquo;odeur des feuilles de Matico, quelle que soit leur origine, est une odeur forte, camphr\u00e9e, poivr\u00e9e ou menthol\u00e9e avec un sous-entendu bois\u00e9 prononc\u00e9.\u00a0\u00bb<\/em> ~Steffen Arctander, <em>Mati\u00e8res premi\u00e8res pour parfums et ar\u00f4mes d&rsquo;origine naturelle<\/em><\/p>\n","protected":false},"excerpt":{"rendered":"<p>Animez vos voies respiratoires avec l&rsquo;essence de l&rsquo;air frais et pur de la montagne ! Matico Essential Oil, un poivre de montagne des Andes, dont l&rsquo;essence \u00e9nergique favorise une meilleure respiration et une pens\u00e9e plus claire.<\/p>\n","protected":false},"featured_media":201973,"comment_status":"open","ping_status":"closed","template":"","meta":[],"product_brand":[],"product_cat":[6734,1507,1211,1209,1030,3757,1010,6733],"product_tag":[4495],"class_list":{"0":"post-204140","1":"product","2":"type-product","3":"status-publish","4":"has-post-thumbnail","6":"product_cat-essential-oils","7":"product_cat-plantes-huiles-essentielles-living-libations","8":"product_cat-living-libations-france","9":"product_cat-par-marques","10":"product_cat-par-produits","11":"product_cat-plantes-huiles-essentielles","12":"product_cat-notre-boutique","13":"product_cat-wellness-fr-2","14":"product_tag-essential-oil-fr","15":"pa_brand-livinglibations-fr","16":"pa_size-15-ml-fr","17":"pa_size-5-ml-fr","19":"first","20":"instock","21":"taxable","22":"shipping-taxable","23":"purchasable","24":"product-type-variable"},"bundled_by":[],"bundle_stock_status":"instock","bundle_stock_quantity":null,"bundle_virtual":false,"bundle_layout":"","bundle_add_to_cart_form_location":"","bundle_editable_in_cart":false,"bundle_sold_individually_context":"","bundle_item_grouping":"","bundle_min_size":"","bundle_max_size":"","bundle_price":[],"bundled_items":[],"bundle_sell_ids":[],"atum_controlled":true,"out_stock_date":null,"out_stock_threshold":null,"inheritable":true,"stock_on_hold":0,"sold_today":0,"sales_last_days":0,"out_stock_days":0,"lost_sales":0,"update_date":"2026-05-14T00:22:21","atum_locations":[],"atum_stock_status":"instock","restock_status":false,"low_stock_amount":"","sales_update_date":"2026-05-14T00:22:21","calc_backorders":null,"group_of_quantity":0,"min_quantity":0,"max_quantity":"","exclude_order_quantity_value_rules":"no","exclude_category_quantity_rules":"no","combine_variations":"no","yoast_head":"<!-- This site is optimized with the Yoast SEO Premium plugin v26.5 (Yoast SEO v26.5) - https:\/\/yoast.com\/wordpress\/plugins\/seo\/ -->\n<title>Matico Essential Oil - Living Libations<\/title>\n<meta name=\"description\" content=\"Animez vos voies respiratoires avec l&#039;essence de l&#039;air frais et pur de la montagne ! Matico Essential Oil, un poivre de montagne des Andes, dont l&#039;essence \u00e9nergique favorise une meilleure respiration et une pens\u00e9e plus claire.\" \/>\n<meta name=\"robots\" content=\"index, follow, max-snippet:-1, max-image-preview:large, max-video-preview:-1\" \/>\n<link rel=\"canonical\" href=\"https:\/\/dutchhealthstore.com\/fr\/product\/matico-essential-oil\/\" \/>\n<meta property=\"og:locale\" content=\"fr_FR\" \/>\n<meta property=\"og:type\" content=\"article\" \/>\n<meta property=\"og:title\" content=\"Matico Essential Oil - Dutch Health Store\" \/>\n<meta property=\"og:description\" content=\"Animez vos voies respiratoires avec l&#039;essence de l&#039;air frais et pur de la montagne ! Matico Essential Oil, un poivre de montagne des Andes, dont l&#039;essence \u00e9nergique favorise une meilleure respiration et une pens\u00e9e plus claire.\" \/>\n<meta property=\"og:url\" content=\"https:\/\/dutchhealthstore.com\/fr\/product\/matico-essential-oil\/\" \/>\n<meta property=\"og:site_name\" content=\"Dutch Health Store\" \/>\n<meta property=\"article:publisher\" content=\"https:\/\/www.instagram.com\/dutchhealthstore\/\" \/>\n<meta property=\"article:modified_time\" content=\"2023-03-02T07:05:05+00:00\" \/>\n<meta property=\"og:image\" content=\"https:\/\/dutchhealthstore.com\/wp-content\/uploads\/2022\/03\/matico-essential-oil-ll.jpg\" \/>\n\t<meta property=\"og:image:width\" content=\"500\" \/>\n\t<meta property=\"og:image:height\" content=\"500\" \/>\n\t<meta property=\"og:image:type\" content=\"image\/jpeg\" \/>\n<meta name=\"twitter:card\" content=\"summary_large_image\" \/>\n<meta name=\"twitter:label1\" content=\"Disponibilit\u00e9\" \/>\n\t<meta name=\"twitter:data1\" content=\"En stock\" \/>\n<script type=\"application\/ld+json\" class=\"yoast-schema-graph\">{\"@context\":\"https:\/\/schema.org\",\"@graph\":[{\"@type\":\"WebPage\",\"@id\":\"https:\/\/dutchhealthstore.com\/fr\/product\/matico-essential-oil\/\",\"url\":\"https:\/\/dutchhealthstore.com\/fr\/product\/matico-essential-oil\/\",\"name\":\"Matico Essential Oil - Living Libations\",\"isPartOf\":{\"@id\":\"https:\/\/dutchhealthstore.com\/fr\/#website\"},\"primaryImageOfPage\":{\"@id\":\"https:\/\/dutchhealthstore.com\/fr\/product\/matico-essential-oil\/#primaryimage\"},\"image\":{\"@id\":\"https:\/\/dutchhealthstore.com\/fr\/product\/matico-essential-oil\/#primaryimage\"},\"thumbnailUrl\":\"https:\/\/dutchhealthstore.com\/wp-content\/uploads\/2022\/03\/matico-essential-oil-ll.jpg\",\"datePublished\":\"2022-03-04T07:04:28+00:00\",\"dateModified\":\"2023-03-02T07:05:05+00:00\",\"description\":\"Animez vos voies respiratoires avec l'essence de l'air frais et pur de la montagne ! Matico Essential Oil, un poivre de montagne des Andes, dont l'essence \u00e9nergique favorise une meilleure respiration et une pens\u00e9e plus claire.\",\"breadcrumb\":{\"@id\":\"https:\/\/dutchhealthstore.com\/fr\/product\/matico-essential-oil\/#breadcrumb\"},\"inLanguage\":\"fr-FR\",\"potentialAction\":[{\"@type\":\"ReadAction\",\"target\":[\"https:\/\/dutchhealthstore.com\/fr\/product\/matico-essential-oil\/\"]}]},{\"@type\":\"ImageObject\",\"inLanguage\":\"fr-FR\",\"@id\":\"https:\/\/dutchhealthstore.com\/fr\/product\/matico-essential-oil\/#primaryimage\",\"url\":\"https:\/\/dutchhealthstore.com\/wp-content\/uploads\/2022\/03\/matico-essential-oil-ll.jpg\",\"contentUrl\":\"https:\/\/dutchhealthstore.com\/wp-content\/uploads\/2022\/03\/matico-essential-oil-ll.jpg\",\"width\":500,\"height\":500,\"caption\":\"matico essential oil ll\"},{\"@type\":\"BreadcrumbList\",\"@id\":\"https:\/\/dutchhealthstore.com\/fr\/product\/matico-essential-oil\/#breadcrumb\",\"itemListElement\":[{\"@type\":\"ListItem\",\"position\":1,\"name\":\"Home\",\"item\":\"https:\/\/dutchhealthstore.com\/fr\/\"},{\"@type\":\"ListItem\",\"position\":2,\"name\":\"Shop\",\"item\":\"https:\/\/dutchhealthstore.com\/fr\/shop\/\"},{\"@type\":\"ListItem\",\"position\":3,\"name\":\"Matico Essential Oil\"}]},{\"@type\":\"WebSite\",\"@id\":\"https:\/\/dutchhealthstore.com\/fr\/#website\",\"url\":\"https:\/\/dutchhealthstore.com\/fr\/\",\"name\":\"Dutch Health Store\",\"description\":\"Enhance Your Beauty with Organic &amp; Natural Skincare\",\"publisher\":{\"@id\":\"https:\/\/dutchhealthstore.com\/fr\/#organization\"},\"potentialAction\":[{\"@type\":\"SearchAction\",\"target\":{\"@type\":\"EntryPoint\",\"urlTemplate\":\"https:\/\/dutchhealthstore.com\/fr\/?s={search_term_string}\"},\"query-input\":{\"@type\":\"PropertyValueSpecification\",\"valueRequired\":true,\"valueName\":\"search_term_string\"}}],\"inLanguage\":\"fr-FR\"},{\"@type\":\"Organization\",\"@id\":\"https:\/\/dutchhealthstore.com\/fr\/#organization\",\"name\":\"Dutch Health Store\",\"url\":\"https:\/\/dutchhealthstore.com\/fr\/\",\"logo\":{\"@type\":\"ImageObject\",\"inLanguage\":\"fr-FR\",\"@id\":\"https:\/\/dutchhealthstore.com\/fr\/#\/schema\/logo\/image\/\",\"url\":\"https:\/\/dutchhealthstore.com\/wp-content\/uploads\/2020\/08\/logo-dutchhealthstore-jpg-e1599484957574.jpg\",\"contentUrl\":\"https:\/\/dutchhealthstore.com\/wp-content\/uploads\/2020\/08\/logo-dutchhealthstore-jpg-e1599484957574.jpg\",\"width\":400,\"height\":62,\"caption\":\"Dutch Health Store\"},\"image\":{\"@id\":\"https:\/\/dutchhealthstore.com\/fr\/#\/schema\/logo\/image\/\"},\"sameAs\":[\"https:\/\/www.instagram.com\/dutchhealthstore\/\",\"https:\/\/www.facebook.com\/dutchhealthstore\"]}]}<\/script>\n<meta property=\"product:brand\" content=\"Living Libations\" \/>\n<meta property=\"og:availability\" content=\"instock\" \/>\n<meta property=\"product:availability\" content=\"instock\" \/>\n<meta property=\"product:condition\" content=\"new\" \/>\n<!-- \/ Yoast SEO Premium plugin. -->","yoast_head_json":{"title":"Matico Essential Oil - Living Libations","description":"Animez vos voies respiratoires avec l'essence de l'air frais et pur de la montagne ! Matico Essential Oil, un poivre de montagne des Andes, dont l'essence \u00e9nergique favorise une meilleure respiration et une pens\u00e9e plus claire.","robots":{"index":"index","follow":"follow","max-snippet":"max-snippet:-1","max-image-preview":"max-image-preview:large","max-video-preview":"max-video-preview:-1"},"canonical":"https:\/\/dutchhealthstore.com\/fr\/product\/matico-essential-oil\/","og_locale":"fr_FR","og_type":"article","og_title":"Matico Essential Oil - Dutch Health Store","og_description":"Animez vos voies respiratoires avec l'essence de l'air frais et pur de la montagne ! Matico Essential Oil, un poivre de montagne des Andes, dont l'essence \u00e9nergique favorise une meilleure respiration et une pens\u00e9e plus claire.","og_url":"https:\/\/dutchhealthstore.com\/fr\/product\/matico-essential-oil\/","og_site_name":"Dutch Health Store","article_publisher":"https:\/\/www.instagram.com\/dutchhealthstore\/","article_modified_time":"2023-03-02T07:05:05+00:00","og_image":[{"width":500,"height":500,"url":"https:\/\/dutchhealthstore.com\/wp-content\/uploads\/2022\/03\/matico-essential-oil-ll.jpg","type":"image\/jpeg"}],"twitter_card":"summary_large_image","twitter_misc":{"Disponibilit\u00e9":"En stock"},"schema":{"@context":"https:\/\/schema.org","@graph":[{"@type":"WebPage","@id":"https:\/\/dutchhealthstore.com\/fr\/product\/matico-essential-oil\/","url":"https:\/\/dutchhealthstore.com\/fr\/product\/matico-essential-oil\/","name":"Matico Essential Oil - Living Libations","isPartOf":{"@id":"https:\/\/dutchhealthstore.com\/fr\/#website"},"primaryImageOfPage":{"@id":"https:\/\/dutchhealthstore.com\/fr\/product\/matico-essential-oil\/#primaryimage"},"image":{"@id":"https:\/\/dutchhealthstore.com\/fr\/product\/matico-essential-oil\/#primaryimage"},"thumbnailUrl":"https:\/\/dutchhealthstore.com\/wp-content\/uploads\/2022\/03\/matico-essential-oil-ll.jpg","datePublished":"2022-03-04T07:04:28+00:00","dateModified":"2023-03-02T07:05:05+00:00","description":"Animez vos voies respiratoires avec l'essence de l'air frais et pur de la montagne ! Matico Essential Oil, un poivre de montagne des Andes, dont l'essence \u00e9nergique favorise une meilleure respiration et une pens\u00e9e plus claire.","breadcrumb":{"@id":"https:\/\/dutchhealthstore.com\/fr\/product\/matico-essential-oil\/#breadcrumb"},"inLanguage":"fr-FR","potentialAction":[{"@type":"ReadAction","target":["https:\/\/dutchhealthstore.com\/fr\/product\/matico-essential-oil\/"]}]},{"@type":"ImageObject","inLanguage":"fr-FR","@id":"https:\/\/dutchhealthstore.com\/fr\/product\/matico-essential-oil\/#primaryimage","url":"https:\/\/dutchhealthstore.com\/wp-content\/uploads\/2022\/03\/matico-essential-oil-ll.jpg","contentUrl":"https:\/\/dutchhealthstore.com\/wp-content\/uploads\/2022\/03\/matico-essential-oil-ll.jpg","width":500,"height":500,"caption":"matico essential oil ll"},{"@type":"BreadcrumbList","@id":"https:\/\/dutchhealthstore.com\/fr\/product\/matico-essential-oil\/#breadcrumb","itemListElement":[{"@type":"ListItem","position":1,"name":"Home","item":"https:\/\/dutchhealthstore.com\/fr\/"},{"@type":"ListItem","position":2,"name":"Shop","item":"https:\/\/dutchhealthstore.com\/fr\/shop\/"},{"@type":"ListItem","position":3,"name":"Matico Essential Oil"}]},{"@type":"WebSite","@id":"https:\/\/dutchhealthstore.com\/fr\/#website","url":"https:\/\/dutchhealthstore.com\/fr\/","name":"Dutch Health Store","description":"Enhance Your Beauty with Organic &amp; Natural Skincare","publisher":{"@id":"https:\/\/dutchhealthstore.com\/fr\/#organization"},"potentialAction":[{"@type":"SearchAction","target":{"@type":"EntryPoint","urlTemplate":"https:\/\/dutchhealthstore.com\/fr\/?s={search_term_string}"},"query-input":{"@type":"PropertyValueSpecification","valueRequired":true,"valueName":"search_term_string"}}],"inLanguage":"fr-FR"},{"@type":"Organization","@id":"https:\/\/dutchhealthstore.com\/fr\/#organization","name":"Dutch Health Store","url":"https:\/\/dutchhealthstore.com\/fr\/","logo":{"@type":"ImageObject","inLanguage":"fr-FR","@id":"https:\/\/dutchhealthstore.com\/fr\/#\/schema\/logo\/image\/","url":"https:\/\/dutchhealthstore.com\/wp-content\/uploads\/2020\/08\/logo-dutchhealthstore-jpg-e1599484957574.jpg","contentUrl":"https:\/\/dutchhealthstore.com\/wp-content\/uploads\/2020\/08\/logo-dutchhealthstore-jpg-e1599484957574.jpg","width":400,"height":62,"caption":"Dutch Health Store"},"image":{"@id":"https:\/\/dutchhealthstore.com\/fr\/#\/schema\/logo\/image\/"},"sameAs":["https:\/\/www.instagram.com\/dutchhealthstore\/","https:\/\/www.facebook.com\/dutchhealthstore"]}]},"product_brand":"Living Libations","og_availability":"instock","product_availability":"instock","product_condition":"new"},"_links":{"self":[{"href":"https:\/\/dutchhealthstore.com\/fr\/wp-json\/wp\/v2\/product\/204140","targetHints":{"allow":["GET"]}}],"collection":[{"href":"https:\/\/dutchhealthstore.com\/fr\/wp-json\/wp\/v2\/product"}],"about":[{"href":"https:\/\/dutchhealthstore.com\/fr\/wp-json\/wp\/v2\/types\/product"}],"replies":[{"embeddable":true,"href":"https:\/\/dutchhealthstore.com\/fr\/wp-json\/wp\/v2\/comments?post=204140"}],"wp:featuredmedia":[{"embeddable":true,"href":"https:\/\/dutchhealthstore.com\/fr\/wp-json\/wp\/v2\/media\/201973"}],"wp:attachment":[{"href":"https:\/\/dutchhealthstore.com\/fr\/wp-json\/wp\/v2\/media?parent=204140"}],"wp:term":[{"taxonomy":"product_brand","embeddable":true,"href":"https:\/\/dutchhealthstore.com\/fr\/wp-json\/wp\/v2\/product_brand?post=204140"},{"taxonomy":"product_cat","embeddable":true,"href":"https:\/\/dutchhealthstore.com\/fr\/wp-json\/wp\/v2\/product_cat?post=204140"},{"taxonomy":"product_tag","embeddable":true,"href":"https:\/\/dutchhealthstore.com\/fr\/wp-json\/wp\/v2\/product_tag?post=204140"}],"curies":[{"name":"wp","href":"https:\/\/api.w.org\/{rel}","templated":true}]}}