{"id":204131,"date":"2022-03-29T10:28:25","date_gmt":"2022-03-29T08:28:25","guid":{"rendered":"https:\/\/dutchhealthstore.com\/product\/mint-mountain-essential-oil\/"},"modified":"2023-02-16T15:03:56","modified_gmt":"2023-02-16T15:03:56","slug":"mint-mountain-essential-oil","status":"publish","type":"product","link":"https:\/\/dutchhealthstore.com\/fr\/product\/mint-mountain-essential-oil\/","title":{"rendered":"Mint, Mountain Essential Oil"},"content":{"rendered":"<p><img decoding=\"async\" class=\"alignright\" src=\"https:\/\/dutchhealthstore.com\/wp-content\/uploads\/2019\/08\/NEW-Living-Libations-Logo.jpg\" alt=\"NEW - Living Libations - Logo\">Les ar\u00f4mes chauds d&rsquo;herbes rencontrent le piquant de la menthe poivr\u00e9e dans notre Mountain Mint Essential Oil. Faites des tisanes pour apprivoiser les ventres, diffusez pour r\u00e9veiller la muse, ou insufflez pour oxyg\u00e9ner !<\/p>\n<p><strong>Nom botanique<\/strong>: <em>Satureja boliviana<\/em><br \/>\n<strong>Famille botanique :<\/strong> <em>Lamiaceae<\/em><br \/>\n<strong>M\u00e9thode d&rsquo;extraction :<\/strong> Distillation \u00e0 la vapeur<br \/>\n<strong>Partie de la plante distill\u00e9e :<\/strong> Feuilles<br \/>\n<strong>Pays d&rsquo;origine :<\/strong> P\u00e9rou<br \/>\n<strong>M\u00e9thode de culture :<\/strong> R\u00e9colte manuelle<br \/>\n<strong>Composition :<\/strong> 100% <em>Satureja boliviana<\/em><br \/>\n<strong>Coh\u00e9rence :<\/strong> Mince<br \/>\n<strong>Description de la senteur :<\/strong> Rappelant un bouquet d&rsquo;herbes de thym, de menthe et de marjolaine entrem\u00eal\u00e9 d&rsquo;\u00e9l\u00e9ments de terre.<br \/>\n<strong>Se m\u00e9lange bien avec :<\/strong> Menthe poivr\u00e9e, Marjolaine, Origan, Sarriette, Hysope, Fenouil, Anis, Coriandre, Lavande, Sapins, Citrus, Rose, G\u00e9ranium et Myrte.<\/p>\n<p><strong>Utilisation :<\/strong> Diffuser ou utiliser dans les tuyaux de sel. Ajouter aux saunas ou aux douches chaudes. Une chute de th\u00e9s et de cr\u00e9ations culinaires met en valeur les essences de plantes et facilite la digestion.<\/p>\n<p>Semblable \u00e0 l&rsquo;herbe connue sous le nom de sarriette, la Mountai Mint est un sous-arbrisseau \u00e0 croissance lente, aux feuilles parfum\u00e9es et aux abondantes fleurs blanches. Les habitants des Andes p\u00e9ruviennes r\u00e9coltent les feuilles pour en faire des th\u00e9s digestifs ou simplement pour les m\u00e2cher avec les feuilles de cacao.<\/p>\n<p>Redoutable de thym, de menthe et de marjolaine, tiss\u00e9e avec des \u00e9l\u00e9ments de la terre, notre Mountain Mint Essential Oil est une essence v\u00e9g\u00e9tale puissante. Une goutte dans un diffuseur ou une pipe \u00e0 sel dynamise la respiration et soulage les sinus satur\u00e9s. Ajout\u00e9e aux th\u00e9s, elle peut calmer les ventres et calmer les nerfs.<\/p>\n<p><strong>Taille : 5 ml et 15 ml<\/strong><\/p>\n","protected":false},"excerpt":{"rendered":"<p>Les ar\u00f4mes chauds d&rsquo;herbes rencontrent le piquant de la menthe poivr\u00e9e dans notre Mountain Mint Essential Oil. Faites des tisanes pour apprivoiser les ventres, diffusez pour r\u00e9veiller la muse, ou insufflez pour oxyg\u00e9ner !<\/p>\n","protected":false},"featured_media":201986,"comment_status":"open","ping_status":"closed","template":"","meta":[],"product_brand":[],"product_cat":[6734,1507,1211,1209,1030,3757,1010,6733],"product_tag":[4495],"class_list":{"0":"post-204131","1":"product","2":"type-product","3":"status-publish","4":"has-post-thumbnail","6":"product_cat-essential-oils","7":"product_cat-plantes-huiles-essentielles-living-libations","8":"product_cat-living-libations-france","9":"product_cat-par-marques","10":"product_cat-par-produits","11":"product_cat-plantes-huiles-essentielles","12":"product_cat-notre-boutique","13":"product_cat-wellness-fr-2","14":"product_tag-essential-oil-fr","15":"pa_brand-livinglibations-fr","16":"pa_size-15-ml-fr","17":"pa_size-5-ml-fr","19":"first","20":"instock","21":"taxable","22":"shipping-taxable","23":"purchasable","24":"product-type-variable"},"bundled_by":[],"bundle_stock_status":"instock","bundle_stock_quantity":null,"bundle_virtual":false,"bundle_layout":"","bundle_add_to_cart_form_location":"","bundle_editable_in_cart":false,"bundle_sold_individually_context":"","bundle_item_grouping":"","bundle_min_size":"","bundle_max_size":"","bundle_price":[],"bundled_items":[],"bundle_sell_ids":[],"atum_controlled":true,"out_stock_date":null,"out_stock_threshold":null,"inheritable":true,"stock_on_hold":0,"sold_today":0,"sales_last_days":0,"out_stock_days":0,"lost_sales":0,"update_date":"2026-05-05T08:27:23","atum_locations":[],"atum_stock_status":"instock","restock_status":false,"low_stock_amount":"","sales_update_date":"2026-05-05T08:27:23","calc_backorders":null,"group_of_quantity":0,"min_quantity":0,"max_quantity":"","exclude_order_quantity_value_rules":"no","exclude_category_quantity_rules":"no","combine_variations":"no","yoast_head":"<!-- This site is optimized with the Yoast SEO Premium plugin v26.5 (Yoast SEO v26.5) - https:\/\/yoast.com\/wordpress\/plugins\/seo\/ -->\n<title>Mint, Mountain Essential Oil - Living Libations<\/title>\n<meta name=\"description\" content=\"Les ar\u00f4mes chauds d&#039;herbes rencontrent le piquant de la menthe poivr\u00e9e dans notre Mountain Mint Essential Oil. Faites des tisanes pour apprivoiser les ventres, diffusez pour r\u00e9veiller la muse, ou insufflez pour oxyg\u00e9ner !\" \/>\n<meta name=\"robots\" content=\"index, follow, max-snippet:-1, max-image-preview:large, max-video-preview:-1\" \/>\n<link rel=\"canonical\" href=\"https:\/\/dutchhealthstore.com\/fr\/product\/mint-mountain-essential-oil\/\" \/>\n<meta property=\"og:locale\" content=\"fr_FR\" \/>\n<meta property=\"og:type\" content=\"article\" \/>\n<meta property=\"og:title\" content=\"Mint, Mountain Essential Oil - Dutch Health Store\" \/>\n<meta property=\"og:description\" content=\"Les ar\u00f4mes chauds d&#039;herbes rencontrent le piquant de la menthe poivr\u00e9e dans notre Mountain Mint Essential Oil. Faites des tisanes pour apprivoiser les ventres, diffusez pour r\u00e9veiller la muse, ou insufflez pour oxyg\u00e9ner !\" \/>\n<meta property=\"og:url\" content=\"https:\/\/dutchhealthstore.com\/fr\/product\/mint-mountain-essential-oil\/\" \/>\n<meta property=\"og:site_name\" content=\"Dutch Health Store\" \/>\n<meta property=\"article:publisher\" content=\"https:\/\/www.instagram.com\/dutchhealthstore\/\" \/>\n<meta property=\"article:modified_time\" content=\"2023-02-16T15:03:56+00:00\" \/>\n<meta property=\"og:image\" content=\"https:\/\/dutchhealthstore.com\/wp-content\/uploads\/2022\/03\/Mint-mountain-essential-oil-ll.jpg\" \/>\n\t<meta property=\"og:image:width\" content=\"500\" \/>\n\t<meta property=\"og:image:height\" content=\"500\" \/>\n\t<meta property=\"og:image:type\" content=\"image\/jpeg\" \/>\n<meta name=\"twitter:card\" content=\"summary_large_image\" \/>\n<meta name=\"twitter:label1\" content=\"Disponibilit\u00e9\" \/>\n\t<meta name=\"twitter:data1\" content=\"En stock\" \/>\n<script type=\"application\/ld+json\" class=\"yoast-schema-graph\">{\"@context\":\"https:\/\/schema.org\",\"@graph\":[{\"@type\":\"WebPage\",\"@id\":\"https:\/\/dutchhealthstore.com\/fr\/product\/mint-mountain-essential-oil\/\",\"url\":\"https:\/\/dutchhealthstore.com\/fr\/product\/mint-mountain-essential-oil\/\",\"name\":\"Mint, Mountain Essential Oil - Living Libations\",\"isPartOf\":{\"@id\":\"https:\/\/dutchhealthstore.com\/fr\/#website\"},\"primaryImageOfPage\":{\"@id\":\"https:\/\/dutchhealthstore.com\/fr\/product\/mint-mountain-essential-oil\/#primaryimage\"},\"image\":{\"@id\":\"https:\/\/dutchhealthstore.com\/fr\/product\/mint-mountain-essential-oil\/#primaryimage\"},\"thumbnailUrl\":\"https:\/\/dutchhealthstore.com\/wp-content\/uploads\/2022\/03\/Mint-mountain-essential-oil-ll.jpg\",\"datePublished\":\"2022-03-29T08:28:25+00:00\",\"dateModified\":\"2023-02-16T15:03:56+00:00\",\"description\":\"Les ar\u00f4mes chauds d'herbes rencontrent le piquant de la menthe poivr\u00e9e dans notre Mountain Mint Essential Oil. Faites des tisanes pour apprivoiser les ventres, diffusez pour r\u00e9veiller la muse, ou insufflez pour oxyg\u00e9ner !\",\"breadcrumb\":{\"@id\":\"https:\/\/dutchhealthstore.com\/fr\/product\/mint-mountain-essential-oil\/#breadcrumb\"},\"inLanguage\":\"fr-FR\",\"potentialAction\":[{\"@type\":\"ReadAction\",\"target\":[\"https:\/\/dutchhealthstore.com\/fr\/product\/mint-mountain-essential-oil\/\"]}]},{\"@type\":\"ImageObject\",\"inLanguage\":\"fr-FR\",\"@id\":\"https:\/\/dutchhealthstore.com\/fr\/product\/mint-mountain-essential-oil\/#primaryimage\",\"url\":\"https:\/\/dutchhealthstore.com\/wp-content\/uploads\/2022\/03\/Mint-mountain-essential-oil-ll.jpg\",\"contentUrl\":\"https:\/\/dutchhealthstore.com\/wp-content\/uploads\/2022\/03\/Mint-mountain-essential-oil-ll.jpg\",\"width\":500,\"height\":500,\"caption\":\"Mint mountain essential oil ll\"},{\"@type\":\"BreadcrumbList\",\"@id\":\"https:\/\/dutchhealthstore.com\/fr\/product\/mint-mountain-essential-oil\/#breadcrumb\",\"itemListElement\":[{\"@type\":\"ListItem\",\"position\":1,\"name\":\"Home\",\"item\":\"https:\/\/dutchhealthstore.com\/fr\/\"},{\"@type\":\"ListItem\",\"position\":2,\"name\":\"Shop\",\"item\":\"https:\/\/dutchhealthstore.com\/fr\/shop\/\"},{\"@type\":\"ListItem\",\"position\":3,\"name\":\"Mint, Mountain Essential Oil\"}]},{\"@type\":\"WebSite\",\"@id\":\"https:\/\/dutchhealthstore.com\/fr\/#website\",\"url\":\"https:\/\/dutchhealthstore.com\/fr\/\",\"name\":\"Dutch Health Store\",\"description\":\"Enhance Your Beauty with Organic &amp; Natural Skincare\",\"publisher\":{\"@id\":\"https:\/\/dutchhealthstore.com\/fr\/#organization\"},\"potentialAction\":[{\"@type\":\"SearchAction\",\"target\":{\"@type\":\"EntryPoint\",\"urlTemplate\":\"https:\/\/dutchhealthstore.com\/fr\/?s={search_term_string}\"},\"query-input\":{\"@type\":\"PropertyValueSpecification\",\"valueRequired\":true,\"valueName\":\"search_term_string\"}}],\"inLanguage\":\"fr-FR\"},{\"@type\":\"Organization\",\"@id\":\"https:\/\/dutchhealthstore.com\/fr\/#organization\",\"name\":\"Dutch Health Store\",\"url\":\"https:\/\/dutchhealthstore.com\/fr\/\",\"logo\":{\"@type\":\"ImageObject\",\"inLanguage\":\"fr-FR\",\"@id\":\"https:\/\/dutchhealthstore.com\/fr\/#\/schema\/logo\/image\/\",\"url\":\"https:\/\/dutchhealthstore.com\/wp-content\/uploads\/2020\/08\/logo-dutchhealthstore-jpg-e1599484957574.jpg\",\"contentUrl\":\"https:\/\/dutchhealthstore.com\/wp-content\/uploads\/2020\/08\/logo-dutchhealthstore-jpg-e1599484957574.jpg\",\"width\":400,\"height\":62,\"caption\":\"Dutch Health Store\"},\"image\":{\"@id\":\"https:\/\/dutchhealthstore.com\/fr\/#\/schema\/logo\/image\/\"},\"sameAs\":[\"https:\/\/www.instagram.com\/dutchhealthstore\/\",\"https:\/\/www.facebook.com\/dutchhealthstore\"]}]}<\/script>\n<meta property=\"product:brand\" content=\"Living Libations\" \/>\n<meta property=\"og:availability\" content=\"instock\" \/>\n<meta property=\"product:availability\" content=\"instock\" \/>\n<meta property=\"product:condition\" content=\"new\" \/>\n<!-- \/ Yoast SEO Premium plugin. -->","yoast_head_json":{"title":"Mint, Mountain Essential Oil - Living Libations","description":"Les ar\u00f4mes chauds d'herbes rencontrent le piquant de la menthe poivr\u00e9e dans notre Mountain Mint Essential Oil. Faites des tisanes pour apprivoiser les ventres, diffusez pour r\u00e9veiller la muse, ou insufflez pour oxyg\u00e9ner !","robots":{"index":"index","follow":"follow","max-snippet":"max-snippet:-1","max-image-preview":"max-image-preview:large","max-video-preview":"max-video-preview:-1"},"canonical":"https:\/\/dutchhealthstore.com\/fr\/product\/mint-mountain-essential-oil\/","og_locale":"fr_FR","og_type":"article","og_title":"Mint, Mountain Essential Oil - Dutch Health Store","og_description":"Les ar\u00f4mes chauds d'herbes rencontrent le piquant de la menthe poivr\u00e9e dans notre Mountain Mint Essential Oil. Faites des tisanes pour apprivoiser les ventres, diffusez pour r\u00e9veiller la muse, ou insufflez pour oxyg\u00e9ner !","og_url":"https:\/\/dutchhealthstore.com\/fr\/product\/mint-mountain-essential-oil\/","og_site_name":"Dutch Health Store","article_publisher":"https:\/\/www.instagram.com\/dutchhealthstore\/","article_modified_time":"2023-02-16T15:03:56+00:00","og_image":[{"width":500,"height":500,"url":"https:\/\/dutchhealthstore.com\/wp-content\/uploads\/2022\/03\/Mint-mountain-essential-oil-ll.jpg","type":"image\/jpeg"}],"twitter_card":"summary_large_image","twitter_misc":{"Disponibilit\u00e9":"En stock"},"schema":{"@context":"https:\/\/schema.org","@graph":[{"@type":"WebPage","@id":"https:\/\/dutchhealthstore.com\/fr\/product\/mint-mountain-essential-oil\/","url":"https:\/\/dutchhealthstore.com\/fr\/product\/mint-mountain-essential-oil\/","name":"Mint, Mountain Essential Oil - Living Libations","isPartOf":{"@id":"https:\/\/dutchhealthstore.com\/fr\/#website"},"primaryImageOfPage":{"@id":"https:\/\/dutchhealthstore.com\/fr\/product\/mint-mountain-essential-oil\/#primaryimage"},"image":{"@id":"https:\/\/dutchhealthstore.com\/fr\/product\/mint-mountain-essential-oil\/#primaryimage"},"thumbnailUrl":"https:\/\/dutchhealthstore.com\/wp-content\/uploads\/2022\/03\/Mint-mountain-essential-oil-ll.jpg","datePublished":"2022-03-29T08:28:25+00:00","dateModified":"2023-02-16T15:03:56+00:00","description":"Les ar\u00f4mes chauds d'herbes rencontrent le piquant de la menthe poivr\u00e9e dans notre Mountain Mint Essential Oil. Faites des tisanes pour apprivoiser les ventres, diffusez pour r\u00e9veiller la muse, ou insufflez pour oxyg\u00e9ner !","breadcrumb":{"@id":"https:\/\/dutchhealthstore.com\/fr\/product\/mint-mountain-essential-oil\/#breadcrumb"},"inLanguage":"fr-FR","potentialAction":[{"@type":"ReadAction","target":["https:\/\/dutchhealthstore.com\/fr\/product\/mint-mountain-essential-oil\/"]}]},{"@type":"ImageObject","inLanguage":"fr-FR","@id":"https:\/\/dutchhealthstore.com\/fr\/product\/mint-mountain-essential-oil\/#primaryimage","url":"https:\/\/dutchhealthstore.com\/wp-content\/uploads\/2022\/03\/Mint-mountain-essential-oil-ll.jpg","contentUrl":"https:\/\/dutchhealthstore.com\/wp-content\/uploads\/2022\/03\/Mint-mountain-essential-oil-ll.jpg","width":500,"height":500,"caption":"Mint mountain essential oil ll"},{"@type":"BreadcrumbList","@id":"https:\/\/dutchhealthstore.com\/fr\/product\/mint-mountain-essential-oil\/#breadcrumb","itemListElement":[{"@type":"ListItem","position":1,"name":"Home","item":"https:\/\/dutchhealthstore.com\/fr\/"},{"@type":"ListItem","position":2,"name":"Shop","item":"https:\/\/dutchhealthstore.com\/fr\/shop\/"},{"@type":"ListItem","position":3,"name":"Mint, Mountain Essential Oil"}]},{"@type":"WebSite","@id":"https:\/\/dutchhealthstore.com\/fr\/#website","url":"https:\/\/dutchhealthstore.com\/fr\/","name":"Dutch Health Store","description":"Enhance Your Beauty with Organic &amp; Natural Skincare","publisher":{"@id":"https:\/\/dutchhealthstore.com\/fr\/#organization"},"potentialAction":[{"@type":"SearchAction","target":{"@type":"EntryPoint","urlTemplate":"https:\/\/dutchhealthstore.com\/fr\/?s={search_term_string}"},"query-input":{"@type":"PropertyValueSpecification","valueRequired":true,"valueName":"search_term_string"}}],"inLanguage":"fr-FR"},{"@type":"Organization","@id":"https:\/\/dutchhealthstore.com\/fr\/#organization","name":"Dutch Health Store","url":"https:\/\/dutchhealthstore.com\/fr\/","logo":{"@type":"ImageObject","inLanguage":"fr-FR","@id":"https:\/\/dutchhealthstore.com\/fr\/#\/schema\/logo\/image\/","url":"https:\/\/dutchhealthstore.com\/wp-content\/uploads\/2020\/08\/logo-dutchhealthstore-jpg-e1599484957574.jpg","contentUrl":"https:\/\/dutchhealthstore.com\/wp-content\/uploads\/2020\/08\/logo-dutchhealthstore-jpg-e1599484957574.jpg","width":400,"height":62,"caption":"Dutch Health Store"},"image":{"@id":"https:\/\/dutchhealthstore.com\/fr\/#\/schema\/logo\/image\/"},"sameAs":["https:\/\/www.instagram.com\/dutchhealthstore\/","https:\/\/www.facebook.com\/dutchhealthstore"]}]},"product_brand":"Living Libations","og_availability":"instock","product_availability":"instock","product_condition":"new"},"_links":{"self":[{"href":"https:\/\/dutchhealthstore.com\/fr\/wp-json\/wp\/v2\/product\/204131","targetHints":{"allow":["GET"]}}],"collection":[{"href":"https:\/\/dutchhealthstore.com\/fr\/wp-json\/wp\/v2\/product"}],"about":[{"href":"https:\/\/dutchhealthstore.com\/fr\/wp-json\/wp\/v2\/types\/product"}],"replies":[{"embeddable":true,"href":"https:\/\/dutchhealthstore.com\/fr\/wp-json\/wp\/v2\/comments?post=204131"}],"wp:featuredmedia":[{"embeddable":true,"href":"https:\/\/dutchhealthstore.com\/fr\/wp-json\/wp\/v2\/media\/201986"}],"wp:attachment":[{"href":"https:\/\/dutchhealthstore.com\/fr\/wp-json\/wp\/v2\/media?parent=204131"}],"wp:term":[{"taxonomy":"product_brand","embeddable":true,"href":"https:\/\/dutchhealthstore.com\/fr\/wp-json\/wp\/v2\/product_brand?post=204131"},{"taxonomy":"product_cat","embeddable":true,"href":"https:\/\/dutchhealthstore.com\/fr\/wp-json\/wp\/v2\/product_cat?post=204131"},{"taxonomy":"product_tag","embeddable":true,"href":"https:\/\/dutchhealthstore.com\/fr\/wp-json\/wp\/v2\/product_tag?post=204131"}],"curies":[{"name":"wp","href":"https:\/\/api.w.org\/{rel}","templated":true}]}}