{"id":201713,"date":"2022-03-01T11:10:44","date_gmt":"2022-03-01T11:28:26","guid":{"rendered":"https:\/\/dutchhealthstore.com\/product\/pollen-de-pin-brut-recolte-a-letat-sauvage-micro-poudre-de-cellules-brisees\/"},"modified":"2026-05-01T11:00:11","modified_gmt":"2026-05-01T09:00:11","slug":"wild-harvested-raw-pine-pollen-broken-cell-micro-powder","status":"publish","type":"product","link":"https:\/\/dutchhealthstore.com\/fr\/product\/wild-harvested-raw-pine-pollen-broken-cell-micro-powder\/","title":{"rendered":"Wild Harvested Raw Pine Pollen &#8211; Broken Cell Micro-powder"},"content":{"rendered":"<p><img decoding=\"async\" class=\"alignright\" src=\"https:\/\/dutchhealthstore.com\/wp-content\/uploads\/2019\/05\/logo-navi-organics-5.jpg\" alt=\"logo navi organics 5\">R\u00e9colt\u00e9 uniquement \u00e0 partir d&rsquo;arbres de pin Masson (Pinus massoniana) de montagne s\u00e9lectionn\u00e9s, \u00e0 une altitude comprise entre 1100 et 1500 m\u00e8tres, pendant des jours sp\u00e9cifiques au printemps pour assurer la puissance de haute qualit\u00e9 du pollen. Apr\u00e8s la r\u00e9colte, un processus de pulv\u00e9risation \u00e0 basse temp\u00e9rature et \u00e0 grande vitesse est utilis\u00e9 pour briser environ 99% du mat\u00e9riel cellulaire afin d&rsquo;augmenter la biodisponibilit\u00e9 du pollen de pin.<\/p>\n<p>Notre pollen de pin r\u00e9colt\u00e9 \u00e0 l&rsquo;\u00e9tat sauvage est r\u00e9colt\u00e9 dans les montagnes de la province du Yunnan au sud-ouest de la Chine. La r\u00e9gion elle-m\u00eame abrite certaines des plantes les plus riches de toute la Chine, et sa r\u00e9gion montagneuse, qui borde le Tibet, est une zone naturel particuli\u00e8rement propre, loin de l&rsquo;industrie et de la pollution.<\/p>\n<p>Chaque portion contient plus de 200 vitamines bioactives, min\u00e9raux, antioxydants et autres super nutriments, y compris les vitamines A, complexe B, C, D2 et D3, E, plus de 18 acides amin\u00e9s, zinc, magn\u00e9sium, enzymes et bien plus encore.<\/p>\n<p>Le pollen de pin est la spore m\u00e2le du pin et est consid\u00e9r\u00e9 comme l&rsquo;une des herbes ou des aliments les plus puissants et les plus puissants disponibles aujourd&rsquo;hui. Il est utilis\u00e9 depuis des milliers d&rsquo;ann\u00e9es et est surtout c\u00e9l\u00e8bre pour ses effets sur le syst\u00e8me hormonal. Il est souvent utilis\u00e9 par les hommes et les femmes pour \u00e9quilibrer le syst\u00e8me hormonal et rajeunir le corps. Le pollen de pin a une coquille dure qui, si elle n&rsquo;est pas bris\u00e9e, la nutrition qui se trouve dans le pollen de pin ne sera pas aussi facilement disponible pour le corps. Par cons\u00e9quent, notre pollen de pin est trait\u00e9 par une technologie de rupture de sporoderme \u00e0 basse temp\u00e9rature et \u00e0 haute vitesse d&rsquo;air, laissant 99 % du pollen de pin avec les parois cellulaires bris\u00e9es, avec des tailles d&rsquo;environ 1 \u00e0 2 microgrammes et donc bio-disponible pour votre corps.<\/p>\n<p>En Chine, o\u00f9 le pollen de pin est utilis\u00e9 depuis des milliers d&rsquo;ann\u00e9es, il est consid\u00e9r\u00e9 comme l&rsquo;un des toniques de beaut\u00e9 pour les femmes. Oui, il peut \u00e9galement \u00eatre utilis\u00e9 sur votre peau. Plusieurs de ses compos\u00e9s soutiennent \u00e0 la fois l&rsquo;\u00e9lastine et le collag\u00e8ne. Et pris en interne, avec sa grande vari\u00e9t\u00e9 de min\u00e9raux, de vitamines, d&rsquo;acides amin\u00e9s, d&rsquo;antioxydants et plus encore, il contribuera \u00e0 soutenir votre sant\u00e9.<\/p>\n<h3><strong>Comment utiliser <\/strong><\/h3>\n<p><strong>Dosage r\u00e9gulier de pollen de pin<\/strong><\/p>\n<p>Une dose r\u00e9guli\u00e8re de poudre de pollen de pin est de \u00bd \u00e0 1 cuill\u00e8re \u00e0 caf\u00e9 deux fois par jour, et peut \u00eatre prise seule ou m\u00e9lang\u00e9e \u00e0 de l&rsquo;eau, des smoothies ou des boissons chaudes, une fois qu&rsquo;ils sont \u00e0 une temp\u00e9rature potable.<\/p>\n<p>Le pollen de pin peut \u00e9galement \u00eatre utilis\u00e9 \u00e0 l&rsquo;ext\u00e9rieur, pour traiter avec succ\u00e8s les affections cutan\u00e9es de toutes sortes. Il peut \u00eatre transform\u00e9 en cr\u00e8me \u00e0 appliquer directement sur la peau lors de la lutte contre l&rsquo;ecz\u00e9ma, l&rsquo;acn\u00e9, l&rsquo;imp\u00e9tigo et l&rsquo;\u00e9ryth\u00e8me fessier. L&rsquo;arginine contenue dans Pine Pollen r\u00e9pond \u00e9galement \u00e0 l&rsquo;am\u00e9lioration des probl\u00e8mes de peau.<\/p>\n<p><strong>Dosage plus \u00e9lev\u00e9 de pollen de pin<\/strong><\/p>\n<p>En Chine, o\u00f9 la relation avec le pollen de pin ressemble plus \u00e0 un aliment, le dosage oral va de 5 \u00e0 10 grammes par jour.<\/p>\n<p>Les doses massives recommand\u00e9es par la m\u00e9decine chinoise prennent tout leur sens quand on voit la quantit\u00e9 de nutriments en jeu. Quant \u00e0 la testost\u00e9rone qui traverse le tractus gastro-intestinal, il s&rsquo;agit d&rsquo;un probl\u00e8me mieux r\u00e9solu par les teintures. Cependant, les teintures ne peuvent pas transmettre la totalit\u00e9 de la source alimentaire dense qu&rsquo;est le pollen, c&rsquo;est pourquoi une combinaison des deux est tr\u00e8s avantageuse pour les hommes qui ont commenc\u00e9 l&rsquo;andropause (vers l&rsquo;\u00e2ge de 40 ans) et plus. Chaque cuill\u00e8re \u00e0 soupe p\u00e8se environ 3 grammes, donc cette dose serait d&rsquo;environ 1 \u00bd \u00e0 3 cuill\u00e8res \u00e0 soupe par jour.<\/p>\n<p>Comme le pollen de pin est \u00e9galement charg\u00e9 de vitamines, de min\u00e9raux, d&rsquo;acides amin\u00e9s, d&rsquo;antioxydants et plus encore, lorsque vous prenez des doses plus importantes, vous compl\u00e9tez consid\u00e9rablement votre alimentation, ce qui peut \u00e9galement offrir de nombreux autres avantages.<\/p>\n<p><strong>Pr\u00e9paration de teinture de pollen de pin&nbsp;:<\/strong><\/p>\n<p>Nous fabriquons r\u00e9guli\u00e8rement une teinture de pollen de pin pour nous-m\u00eames en utilisant :<br \/>\n&#8211; Pollen de pin Na&rsquo;vi<br \/>\n&#8211; Extrait de racine d&rsquo;ortie Na&rsquo;vi<br \/>\n&#8211; Cacha\u00e7a bio du Br\u00e9sil (vous pouvez utiliser l&rsquo;alcool que vous souhaitez ici&#8230; environ 40% de preuve est pr\u00e9f\u00e9rable)<\/p>\n<p>Nous remplissons un pot un peu plus \u00e0 moiti\u00e9 plein avec du pollen de pin, puis ajoutons l&rsquo;alcool en remplissant les deux (pour remplir le pot) en veillant \u00e0 ce que le m\u00e9lange soit \u00e9pais, mais qu&rsquo;il puisse toujours \u00eatre agit\u00e9. Nous laissons cela pendant environ un mois, en remuant\/secouant de temps en temps.<\/p>\n<p>Une fois par mois, nous passerons \u00e0 travers un tissu solide ou un sac de lait de noix &#8211; il doit \u00eatre solide, car vous devrez presser fort pour extraire le maximum de liquide du m\u00e9lange. Parfois on ajoutera un peu d&rsquo;eau pour aider \u00e0 l&rsquo;extraction si la p\u00e2te est vraiment \u00e9paisse.<\/p>\n<p>Une fois cela fait, nous ajouterons la poudre d&rsquo;extrait de racine d&rsquo;ortie et nous remuerons dans la teinture liquide. Pour vous donner une id\u00e9e des ratios, nous utiliserons environ 50 g de notre poudre d&rsquo;extrait de racine d&rsquo;ortie Na&rsquo;vi 10:1 pour chaque 1 kg de poudre de pollen de pin utilis\u00e9.<\/p>\n<h3><strong>Taille : 75 gr et 175 gr<\/strong><\/h3>\n<h3><strong>Ingr\u00e9dients naturels\/biologiques <\/strong><\/h3>\n<ul>\n<li>Pollen de pin \u00e0 parois cellulaires bris\u00e9es 100 % pur r\u00e9colt\u00e9 \u00e0 l&rsquo;\u00e9tat sauvage ( <span class=\"a-list-item\">agneau Pinus Massoniana)<\/span><\/li>\n<\/ul>\n<p>Non irradi\u00e9<br \/>\nR\u00e9colt\u00e9 \u00e0 des altitudes comprises entre 1&nbsp;100 et 1&nbsp;500 m\u00e8tres<\/p>\n<p>Sans charges ni conservateurs ajout\u00e9s<br \/>\nProduit de Chine<\/p>\n","protected":false},"excerpt":{"rendered":"<p>Le pollen de pin Na&rsquo;vi est un super aliment sauvage sans produits chimiques ni conservateurs ajout\u00e9s.<\/p>\n","protected":false},"featured_media":201616,"comment_status":"open","ping_status":"closed","template":"","meta":[],"product_brand":[],"product_cat":[9691,6765,6744,4383,8466,1209,1030,8467,8980,1010,4400,8786,6733],"product_tag":[21604,21776,21516,21515],"class_list":{"0":"post-201713","1":"product","2":"type-product","3":"status-publish","4":"has-post-thumbnail","6":"product_cat-berries-fruits-other-food","7":"product_cat-energy-vitality-fr-2","8":"product_cat-mood-fr-2","9":"product_cat-navi-organics-fr","10":"product_cat-nutrition-fr","11":"product_cat-par-marques","12":"product_cat-par-produits","13":"product_cat-health-fr-2","14":"product_cat-optimum-health-fr-2","15":"product_cat-notre-boutique","16":"product_cat-superfoods-fr-2","17":"product_cat-superfoods-herbals-fr-2","18":"product_cat-wellness-fr-2","19":"product_tag-energie-fr","20":"product_tag-meilleure-recuperation","21":"product_tag-sante-optimale","22":"product_tag-superfood-fr","23":"pa_brand-naviorganics-fr","24":"pa_gtin-7439657388378-fr","25":"pa_health-productype-optimum-health-fr","26":"pa_mood-energy-vitality-fr","27":"pa_size-175-grammes","28":"pa_size-75-g-fr","29":"pa_superfoods-product-type-berries-fruit-other-food-fr","31":"first","32":"instock","33":"taxable","34":"shipping-taxable","35":"purchasable","36":"product-type-variable"},"bundled_by":[],"bundle_stock_status":"instock","bundle_stock_quantity":null,"bundle_virtual":false,"bundle_layout":"","bundle_add_to_cart_form_location":"","bundle_editable_in_cart":false,"bundle_sold_individually_context":"","bundle_item_grouping":"","bundle_min_size":"","bundle_max_size":"","bundle_price":[],"bundled_items":[],"bundle_sell_ids":[],"atum_controlled":true,"out_stock_date":null,"out_stock_threshold":null,"inheritable":true,"stock_on_hold":0,"sold_today":0,"sales_last_days":0,"out_stock_days":0,"lost_sales":0,"update_date":"2026-05-01T08:58:36","atum_locations":[],"atum_stock_status":"instock","restock_status":false,"low_stock_amount":"","sales_update_date":"2026-05-01T08:58:36","calc_backorders":null,"group_of_quantity":0,"min_quantity":0,"max_quantity":"","exclude_order_quantity_value_rules":"no","exclude_category_quantity_rules":"no","combine_variations":"no","yoast_head":"<!-- This site is optimized with the Yoast SEO Premium plugin v26.5 (Yoast SEO v26.5) - https:\/\/yoast.com\/wordpress\/plugins\/seo\/ -->\n<title>Wild Harvested Raw Pine Pollen - Broken Cell Micro-powder - Na&#039;vi organics<\/title>\n<meta name=\"description\" content=\"Le pollen de pin Na&#039;vi est un super aliment sauvage sans produits chimiques ni conservateurs ajout\u00e9s.\" \/>\n<meta name=\"robots\" content=\"index, follow, max-snippet:-1, max-image-preview:large, max-video-preview:-1\" \/>\n<link rel=\"canonical\" href=\"https:\/\/dutchhealthstore.com\/fr\/product\/wild-harvested-raw-pine-pollen-broken-cell-micro-powder\/\" \/>\n<meta property=\"og:locale\" content=\"fr_FR\" \/>\n<meta property=\"og:type\" content=\"article\" \/>\n<meta property=\"og:title\" content=\"Wild Harvested Raw Pine Pollen - Broken Cell Micro-powder - Dutch Health Store\" \/>\n<meta property=\"og:description\" content=\"Le pollen de pin Na&#039;vi est un super aliment sauvage sans produits chimiques ni conservateurs ajout\u00e9s.\" \/>\n<meta property=\"og:url\" content=\"https:\/\/dutchhealthstore.com\/fr\/product\/wild-harvested-raw-pine-pollen-broken-cell-micro-powder\/\" \/>\n<meta property=\"og:site_name\" content=\"Dutch Health Store\" \/>\n<meta property=\"article:publisher\" content=\"https:\/\/www.instagram.com\/dutchhealthstore\/\" \/>\n<meta property=\"article:modified_time\" content=\"2026-05-01T09:00:11+00:00\" \/>\n<meta property=\"og:image\" content=\"https:\/\/dutchhealthstore.com\/wp-content\/uploads\/2022\/03\/navi-pine-pollen.jpg\" \/>\n\t<meta property=\"og:image:width\" content=\"500\" \/>\n\t<meta property=\"og:image:height\" content=\"500\" \/>\n\t<meta property=\"og:image:type\" content=\"image\/jpeg\" \/>\n<meta name=\"twitter:card\" content=\"summary_large_image\" \/>\n<meta name=\"twitter:label1\" content=\"Disponibilit\u00e9\" \/>\n\t<meta name=\"twitter:data1\" content=\"En stock\" \/>\n<script type=\"application\/ld+json\" class=\"yoast-schema-graph\">{\"@context\":\"https:\/\/schema.org\",\"@graph\":[{\"@type\":\"WebPage\",\"@id\":\"https:\/\/dutchhealthstore.com\/fr\/product\/wild-harvested-raw-pine-pollen-broken-cell-micro-powder\/\",\"url\":\"https:\/\/dutchhealthstore.com\/fr\/product\/wild-harvested-raw-pine-pollen-broken-cell-micro-powder\/\",\"name\":\"Wild Harvested Raw Pine Pollen - Broken Cell Micro-powder - Na'vi organics\",\"isPartOf\":{\"@id\":\"https:\/\/dutchhealthstore.com\/fr\/#website\"},\"primaryImageOfPage\":{\"@id\":\"https:\/\/dutchhealthstore.com\/fr\/product\/wild-harvested-raw-pine-pollen-broken-cell-micro-powder\/#primaryimage\"},\"image\":{\"@id\":\"https:\/\/dutchhealthstore.com\/fr\/product\/wild-harvested-raw-pine-pollen-broken-cell-micro-powder\/#primaryimage\"},\"thumbnailUrl\":\"https:\/\/dutchhealthstore.com\/wp-content\/uploads\/2022\/03\/navi-pine-pollen.jpg\",\"datePublished\":\"2022-03-01T11:28:26+00:00\",\"dateModified\":\"2026-05-01T09:00:11+00:00\",\"description\":\"Le pollen de pin Na'vi est un super aliment sauvage sans produits chimiques ni conservateurs ajout\u00e9s.\",\"breadcrumb\":{\"@id\":\"https:\/\/dutchhealthstore.com\/fr\/product\/wild-harvested-raw-pine-pollen-broken-cell-micro-powder\/#breadcrumb\"},\"inLanguage\":\"fr-FR\",\"potentialAction\":[{\"@type\":\"ReadAction\",\"target\":[\"https:\/\/dutchhealthstore.com\/fr\/product\/wild-harvested-raw-pine-pollen-broken-cell-micro-powder\/\"]}]},{\"@type\":\"ImageObject\",\"inLanguage\":\"fr-FR\",\"@id\":\"https:\/\/dutchhealthstore.com\/fr\/product\/wild-harvested-raw-pine-pollen-broken-cell-micro-powder\/#primaryimage\",\"url\":\"https:\/\/dutchhealthstore.com\/wp-content\/uploads\/2022\/03\/navi-pine-pollen.jpg\",\"contentUrl\":\"https:\/\/dutchhealthstore.com\/wp-content\/uploads\/2022\/03\/navi-pine-pollen.jpg\",\"width\":500,\"height\":500,\"caption\":\"pollen de pin navi\"},{\"@type\":\"BreadcrumbList\",\"@id\":\"https:\/\/dutchhealthstore.com\/fr\/product\/wild-harvested-raw-pine-pollen-broken-cell-micro-powder\/#breadcrumb\",\"itemListElement\":[{\"@type\":\"ListItem\",\"position\":1,\"name\":\"Home\",\"item\":\"https:\/\/dutchhealthstore.com\/fr\/\"},{\"@type\":\"ListItem\",\"position\":2,\"name\":\"Shop\",\"item\":\"https:\/\/dutchhealthstore.com\/fr\/shop\/\"},{\"@type\":\"ListItem\",\"position\":3,\"name\":\"Wild Harvested Raw Pine Pollen &#8211; Broken Cell Micro-powder\"}]},{\"@type\":\"WebSite\",\"@id\":\"https:\/\/dutchhealthstore.com\/fr\/#website\",\"url\":\"https:\/\/dutchhealthstore.com\/fr\/\",\"name\":\"Dutch Health Store\",\"description\":\"Enhance Your Beauty with Organic &amp; Natural Skincare\",\"publisher\":{\"@id\":\"https:\/\/dutchhealthstore.com\/fr\/#organization\"},\"potentialAction\":[{\"@type\":\"SearchAction\",\"target\":{\"@type\":\"EntryPoint\",\"urlTemplate\":\"https:\/\/dutchhealthstore.com\/fr\/?s={search_term_string}\"},\"query-input\":{\"@type\":\"PropertyValueSpecification\",\"valueRequired\":true,\"valueName\":\"search_term_string\"}}],\"inLanguage\":\"fr-FR\"},{\"@type\":\"Organization\",\"@id\":\"https:\/\/dutchhealthstore.com\/fr\/#organization\",\"name\":\"Dutch Health Store\",\"url\":\"https:\/\/dutchhealthstore.com\/fr\/\",\"logo\":{\"@type\":\"ImageObject\",\"inLanguage\":\"fr-FR\",\"@id\":\"https:\/\/dutchhealthstore.com\/fr\/#\/schema\/logo\/image\/\",\"url\":\"https:\/\/dutchhealthstore.com\/wp-content\/uploads\/2020\/08\/logo-dutchhealthstore-jpg-e1599484957574.jpg\",\"contentUrl\":\"https:\/\/dutchhealthstore.com\/wp-content\/uploads\/2020\/08\/logo-dutchhealthstore-jpg-e1599484957574.jpg\",\"width\":400,\"height\":62,\"caption\":\"Dutch Health Store\"},\"image\":{\"@id\":\"https:\/\/dutchhealthstore.com\/fr\/#\/schema\/logo\/image\/\"},\"sameAs\":[\"https:\/\/www.instagram.com\/dutchhealthstore\/\",\"https:\/\/www.facebook.com\/dutchhealthstore\"]}]}<\/script>\n<meta property=\"product:brand\" content=\"Na\u00b4Vi Organics\" \/>\n<meta property=\"og:availability\" content=\"instock\" \/>\n<meta property=\"product:availability\" content=\"instock\" \/>\n<meta property=\"product:condition\" content=\"new\" \/>\n<!-- \/ Yoast SEO Premium plugin. -->","yoast_head_json":{"title":"Wild Harvested Raw Pine Pollen - Broken Cell Micro-powder - Na'vi organics","description":"Le pollen de pin Na'vi est un super aliment sauvage sans produits chimiques ni conservateurs ajout\u00e9s.","robots":{"index":"index","follow":"follow","max-snippet":"max-snippet:-1","max-image-preview":"max-image-preview:large","max-video-preview":"max-video-preview:-1"},"canonical":"https:\/\/dutchhealthstore.com\/fr\/product\/wild-harvested-raw-pine-pollen-broken-cell-micro-powder\/","og_locale":"fr_FR","og_type":"article","og_title":"Wild Harvested Raw Pine Pollen - Broken Cell Micro-powder - Dutch Health Store","og_description":"Le pollen de pin Na'vi est un super aliment sauvage sans produits chimiques ni conservateurs ajout\u00e9s.","og_url":"https:\/\/dutchhealthstore.com\/fr\/product\/wild-harvested-raw-pine-pollen-broken-cell-micro-powder\/","og_site_name":"Dutch Health Store","article_publisher":"https:\/\/www.instagram.com\/dutchhealthstore\/","article_modified_time":"2026-05-01T09:00:11+00:00","og_image":[{"width":500,"height":500,"url":"https:\/\/dutchhealthstore.com\/wp-content\/uploads\/2022\/03\/navi-pine-pollen.jpg","type":"image\/jpeg"}],"twitter_card":"summary_large_image","twitter_misc":{"Disponibilit\u00e9":"En stock"},"schema":{"@context":"https:\/\/schema.org","@graph":[{"@type":"WebPage","@id":"https:\/\/dutchhealthstore.com\/fr\/product\/wild-harvested-raw-pine-pollen-broken-cell-micro-powder\/","url":"https:\/\/dutchhealthstore.com\/fr\/product\/wild-harvested-raw-pine-pollen-broken-cell-micro-powder\/","name":"Wild Harvested Raw Pine Pollen - Broken Cell Micro-powder - Na'vi organics","isPartOf":{"@id":"https:\/\/dutchhealthstore.com\/fr\/#website"},"primaryImageOfPage":{"@id":"https:\/\/dutchhealthstore.com\/fr\/product\/wild-harvested-raw-pine-pollen-broken-cell-micro-powder\/#primaryimage"},"image":{"@id":"https:\/\/dutchhealthstore.com\/fr\/product\/wild-harvested-raw-pine-pollen-broken-cell-micro-powder\/#primaryimage"},"thumbnailUrl":"https:\/\/dutchhealthstore.com\/wp-content\/uploads\/2022\/03\/navi-pine-pollen.jpg","datePublished":"2022-03-01T11:28:26+00:00","dateModified":"2026-05-01T09:00:11+00:00","description":"Le pollen de pin Na'vi est un super aliment sauvage sans produits chimiques ni conservateurs ajout\u00e9s.","breadcrumb":{"@id":"https:\/\/dutchhealthstore.com\/fr\/product\/wild-harvested-raw-pine-pollen-broken-cell-micro-powder\/#breadcrumb"},"inLanguage":"fr-FR","potentialAction":[{"@type":"ReadAction","target":["https:\/\/dutchhealthstore.com\/fr\/product\/wild-harvested-raw-pine-pollen-broken-cell-micro-powder\/"]}]},{"@type":"ImageObject","inLanguage":"fr-FR","@id":"https:\/\/dutchhealthstore.com\/fr\/product\/wild-harvested-raw-pine-pollen-broken-cell-micro-powder\/#primaryimage","url":"https:\/\/dutchhealthstore.com\/wp-content\/uploads\/2022\/03\/navi-pine-pollen.jpg","contentUrl":"https:\/\/dutchhealthstore.com\/wp-content\/uploads\/2022\/03\/navi-pine-pollen.jpg","width":500,"height":500,"caption":"pollen de pin navi"},{"@type":"BreadcrumbList","@id":"https:\/\/dutchhealthstore.com\/fr\/product\/wild-harvested-raw-pine-pollen-broken-cell-micro-powder\/#breadcrumb","itemListElement":[{"@type":"ListItem","position":1,"name":"Home","item":"https:\/\/dutchhealthstore.com\/fr\/"},{"@type":"ListItem","position":2,"name":"Shop","item":"https:\/\/dutchhealthstore.com\/fr\/shop\/"},{"@type":"ListItem","position":3,"name":"Wild Harvested Raw Pine Pollen &#8211; Broken Cell Micro-powder"}]},{"@type":"WebSite","@id":"https:\/\/dutchhealthstore.com\/fr\/#website","url":"https:\/\/dutchhealthstore.com\/fr\/","name":"Dutch Health Store","description":"Enhance Your Beauty with Organic &amp; Natural Skincare","publisher":{"@id":"https:\/\/dutchhealthstore.com\/fr\/#organization"},"potentialAction":[{"@type":"SearchAction","target":{"@type":"EntryPoint","urlTemplate":"https:\/\/dutchhealthstore.com\/fr\/?s={search_term_string}"},"query-input":{"@type":"PropertyValueSpecification","valueRequired":true,"valueName":"search_term_string"}}],"inLanguage":"fr-FR"},{"@type":"Organization","@id":"https:\/\/dutchhealthstore.com\/fr\/#organization","name":"Dutch Health Store","url":"https:\/\/dutchhealthstore.com\/fr\/","logo":{"@type":"ImageObject","inLanguage":"fr-FR","@id":"https:\/\/dutchhealthstore.com\/fr\/#\/schema\/logo\/image\/","url":"https:\/\/dutchhealthstore.com\/wp-content\/uploads\/2020\/08\/logo-dutchhealthstore-jpg-e1599484957574.jpg","contentUrl":"https:\/\/dutchhealthstore.com\/wp-content\/uploads\/2020\/08\/logo-dutchhealthstore-jpg-e1599484957574.jpg","width":400,"height":62,"caption":"Dutch Health Store"},"image":{"@id":"https:\/\/dutchhealthstore.com\/fr\/#\/schema\/logo\/image\/"},"sameAs":["https:\/\/www.instagram.com\/dutchhealthstore\/","https:\/\/www.facebook.com\/dutchhealthstore"]}]},"product_brand":"Na\u00b4Vi Organics","og_availability":"instock","product_availability":"instock","product_condition":"new"},"_links":{"self":[{"href":"https:\/\/dutchhealthstore.com\/fr\/wp-json\/wp\/v2\/product\/201713","targetHints":{"allow":["GET"]}}],"collection":[{"href":"https:\/\/dutchhealthstore.com\/fr\/wp-json\/wp\/v2\/product"}],"about":[{"href":"https:\/\/dutchhealthstore.com\/fr\/wp-json\/wp\/v2\/types\/product"}],"replies":[{"embeddable":true,"href":"https:\/\/dutchhealthstore.com\/fr\/wp-json\/wp\/v2\/comments?post=201713"}],"wp:featuredmedia":[{"embeddable":true,"href":"https:\/\/dutchhealthstore.com\/fr\/wp-json\/wp\/v2\/media\/201616"}],"wp:attachment":[{"href":"https:\/\/dutchhealthstore.com\/fr\/wp-json\/wp\/v2\/media?parent=201713"}],"wp:term":[{"taxonomy":"product_brand","embeddable":true,"href":"https:\/\/dutchhealthstore.com\/fr\/wp-json\/wp\/v2\/product_brand?post=201713"},{"taxonomy":"product_cat","embeddable":true,"href":"https:\/\/dutchhealthstore.com\/fr\/wp-json\/wp\/v2\/product_cat?post=201713"},{"taxonomy":"product_tag","embeddable":true,"href":"https:\/\/dutchhealthstore.com\/fr\/wp-json\/wp\/v2\/product_tag?post=201713"}],"curies":[{"name":"wp","href":"https:\/\/api.w.org\/{rel}","templated":true}]}}