{"id":201685,"date":"2022-03-01T10:05:05","date_gmt":"2022-03-01T09:05:05","guid":{"rendered":"https:\/\/dutchhealthstore.com\/product\/elixir-supreme-melange-de-superaliments-elixir-tonique-energisant-fortifiant-puissant\/"},"modified":"2025-11-21T22:14:37","modified_gmt":"2025-11-21T21:14:37","slug":"elixir-supreme-potent-energising-fortifying-tonic-elixir-superfood-blend","status":"publish","type":"product","link":"https:\/\/dutchhealthstore.com\/fr\/product\/elixir-supreme-potent-energising-fortifying-tonic-elixir-superfood-blend\/","title":{"rendered":"Elixir Supreme &#8211; Potent Energising &amp; Fortifying Tonic Elixir Superfood Blend"},"content":{"rendered":"<p><img decoding=\"async\" class=\"alignright\" src=\"https:\/\/dutchhealthstore.com\/wp-content\/uploads\/2019\/05\/logo-navi-organics-5.jpg\" alt=\"logo navi organics 5\">C&rsquo;est notre boisson du matin Na&rsquo;vi HQ depuis quelques mois. Nous avons eu tellement de commentaires fantastiques de la part de nos amis et visiteurs qui l&rsquo;ont essay\u00e9 que nous l&rsquo;avons finalement produit en masse, nous pouvons donc l&rsquo;offrir en compl\u00e9ment de notre gamme.<\/p>\n<p>Un m\u00e9lange puissant et revitalisant, compos\u00e9 de nos superaliments sauvages et biologiques soigneusement s\u00e9lectionn\u00e9s et d&rsquo;ingr\u00e9dients d&rsquo;herbes toniques. Plein de min\u00e9raux, de vitamines, d&rsquo;acides amin\u00e9s et d&rsquo;antioxydants.<\/p>\n<p>&nbsp;<\/p>\n<p>Meilleur sur un estomac assez vide. On l&rsquo;aime m\u00e9lang\u00e9 \u00e0 du jus de pomme \u00e0 tout moment de la journ\u00e9e pour une boisson profond\u00e9ment rajeunissante et revigorante. La poudre se dissout facilement dans n&rsquo;importe quel liquide. Il suffit de secouer\/m\u00e9langer et de profiter&nbsp;!<\/p>\n<p>Cette base de cet \u00e9lixir est notre pollen de pin r\u00e9colt\u00e9 \u00e0 l&rsquo;\u00e9tat sauvage et les poudres de jus de kamut et d&rsquo;herbe d&rsquo;orge qui ont \u00e9t\u00e9 compl\u00e9t\u00e9es par des extraits de champignons m\u00e9dicinaux ajout\u00e9s. Tous les extraits de champignons utilis\u00e9s dans ce m\u00e9lange sont produits uniquement \u00e0 partir des fructifications, et lorsqu&rsquo;il est avantageux d&rsquo;effectuer des doubles extractions, celles-ci ont \u00e9galement \u00e9t\u00e9 effectu\u00e9es.<\/p>\n<p>Cette poudre d&rsquo;\u00e9lixir m\u00e9lang\u00e9e contient une base de pollen de pin \u00e0 parois cellulaires bris\u00e9es, riche en nutriments, et de poudres de jus d&rsquo;herbe cultiv\u00e9es biologiquement, compl\u00e9t\u00e9es par une gamme d&rsquo;extractions d&rsquo;herbes toniques sp\u00e9cialement s\u00e9lectionn\u00e9es et de cristaux de triterp\u00e8nes Duanwood Reishi Spore.<\/p>\n<h3><strong>Taille : 350 gr<\/strong><\/h3>\n<h3>Ingr\u00e9dients Naturels\/Biologiques<\/h3>\n<ul>\n<li>Pine Pollen Broken Cell Powder*<\/li>\n<li>Barley Grass Juice Powder\u00ba<\/li>\n<li>Kamut Grass Juice Powder\u00ba<\/li>\n<\/ul>\n<p><strong>10:1 Purified hot water extractions of<\/strong><\/p>\n<ul>\n<li>Nettle Root*<\/li>\n<li>Schizandra Berry*<\/li>\n<li>Cordyceps Militaris Mushroom<\/li>\n<li>Lions Mane Mushroom**<\/li>\n<li>Maitake Mushroom**<\/li>\n<li>Turkey Tail Mushroom*<\/li>\n<li>Meshima Mushroom*<\/li>\n<li>Moringa Oleifera Leaf**<\/li>\n<li>Prepared He Shou Wu Root**<\/li>\n<\/ul>\n<p><strong>10:1 Dual Extractions using purified water and alcohol<\/strong><\/p>\n<ul>\n<li>Duanwood Reishi Mushroom**<\/li>\n<li>Chaga Mushroom*<\/li>\n<\/ul>\n<p><strong>Co2 Extraction<\/strong><\/p>\n<ul>\n<li>Duanwood Reishi Spore Triterpene Crystals**<\/li>\n<\/ul>\n<p>* R\u00e9colt\u00e9 sauvage | ** Cultiv\u00e9 sauvage | \u00ba Certifi\u00e9 biologique<\/p>\n<p>Sans charges ni conservateurs ajout\u00e9s<\/p>\n<h3>Mode d&#8217;emploi<\/h3>\n<p><strong>Suggestion de portion quotidienne :<\/strong><\/p>\n<p>Une cuill\u00e8re \u00e0 soupe bomb\u00e9e (10 &#8211; 15g)<br \/>\nMeilleur sur un estomac vide et un go\u00fbt fantastique m\u00e9lang\u00e9 avec du jus de pomme.<br \/>\nLa poudre se dissout facilement dans n&rsquo;importe quel liquide.<br \/>\nIl suffit de secouer\/m\u00e9langer et de profiter \u00e0 tout moment pour une boisson profond\u00e9ment rajeunissante et revigorante.<\/p>\n<p>&nbsp;<\/p>\n","protected":false},"excerpt":{"rendered":"<p>Nous sommes ravis d&rsquo;offrir notre premier m\u00e9lange de smoothie.<br \/>\nUn m\u00e9lange puissant et revitalisant, compos\u00e9 de nos superaliments sauvages et biologiques soigneusement s\u00e9lectionn\u00e9s et d&rsquo;ingr\u00e9dients d&rsquo;herbes toniques. Plein de min\u00e9raux, de vitamines, d&rsquo;acides amin\u00e9s et d&rsquo;antioxydants.<\/p>\n","protected":false},"featured_media":201627,"comment_status":"open","ping_status":"closed","template":"","meta":[],"product_brand":[],"product_cat":[6765,6744,8981,4383,8466,1209,1030,8467,8980,1010,4400,8786,6733],"product_tag":[21604,21776,21516,21515,21793],"class_list":{"0":"post-201685","1":"product","2":"type-product","3":"status-publish","4":"has-post-thumbnail","6":"product_cat-energy-vitality-fr-2","7":"product_cat-mood-fr-2","8":"product_cat-herbal-blends-fr-2","9":"product_cat-navi-organics-fr","10":"product_cat-nutrition-fr","11":"product_cat-par-marques","12":"product_cat-par-produits","13":"product_cat-health-fr-2","14":"product_cat-optimum-health-fr-2","15":"product_cat-notre-boutique","16":"product_cat-superfoods-fr-2","17":"product_cat-superfoods-herbals-fr-2","18":"product_cat-wellness-fr-2","19":"product_tag-energie-fr","20":"product_tag-meilleure-recuperation","21":"product_tag-sante-optimale","22":"product_tag-superfood-fr","23":"product_tag-tonique","24":"pa_brand-naviorganics-fr","25":"pa_gtin-7439657388354-fr","26":"pa_health-productype-optimum-health-fr","27":"pa_herbals-product-type-melanges-dherbes","28":"pa_mood-energy-vitality-fr","29":"pa_size-150-gr-fr","31":"first","32":"outofstock","33":"taxable","34":"shipping-taxable","35":"purchasable","36":"product-type-simple"},"bundled_by":[],"bundle_stock_status":"outofstock","bundle_stock_quantity":0,"bundle_virtual":false,"bundle_layout":"","bundle_add_to_cart_form_location":"","bundle_editable_in_cart":false,"bundle_sold_individually_context":"","bundle_item_grouping":"","bundle_min_size":"","bundle_max_size":"","bundle_price":[],"bundled_items":[],"bundle_sell_ids":[],"atum_controlled":true,"out_stock_date":"2026-03-11 08:32:35","out_stock_threshold":null,"inheritable":false,"stock_on_hold":0,"sold_today":0,"sales_last_days":0,"out_stock_days":25,"lost_sales":0,"update_date":"2026-04-09T12:54:24","atum_locations":[],"atum_stock_status":"outofstock","restock_status":false,"low_stock_amount":"","sales_update_date":"2026-04-09T12:54:24","calc_backorders":null,"group_of_quantity":0,"min_quantity":0,"max_quantity":"","exclude_order_quantity_value_rules":"no","exclude_category_quantity_rules":"no","combine_variations":"no","yoast_head":"<!-- This site is optimized with the Yoast SEO Premium plugin v26.5 (Yoast SEO v26.5) - https:\/\/yoast.com\/wordpress\/plugins\/seo\/ -->\n<title>Elixir Supreme - Potent Energising &amp; Fortifying Tonic Elixir Superfood Blend - Na&#039;vi Organics<\/title>\n<meta name=\"description\" content=\"Nous sommes ravis d&#039;offrir notre premier m\u00e9lange de smoothie.\" \/>\n<meta name=\"robots\" content=\"index, follow, max-snippet:-1, max-image-preview:large, max-video-preview:-1\" \/>\n<link rel=\"canonical\" href=\"https:\/\/dutchhealthstore.com\/fr\/product\/elixir-supreme-potent-energising-fortifying-tonic-elixir-superfood-blend\/\" \/>\n<meta property=\"og:locale\" content=\"fr_FR\" \/>\n<meta property=\"og:type\" content=\"article\" \/>\n<meta property=\"og:title\" content=\"Elixir Supreme - Potent Energising &amp; Fortifying Tonic Elixir Superfood Blend - Dutch Health Store\" \/>\n<meta property=\"og:description\" content=\"Nous sommes ravis d&#039;offrir notre premier m\u00e9lange de smoothie.\" \/>\n<meta property=\"og:url\" content=\"https:\/\/dutchhealthstore.com\/fr\/product\/elixir-supreme-potent-energising-fortifying-tonic-elixir-superfood-blend\/\" \/>\n<meta property=\"og:site_name\" content=\"Dutch Health Store\" \/>\n<meta property=\"article:publisher\" content=\"https:\/\/www.instagram.com\/dutchhealthstore\/\" \/>\n<meta property=\"article:modified_time\" content=\"2025-11-21T21:14:37+00:00\" \/>\n<meta property=\"og:image\" content=\"https:\/\/dutchhealthstore.com\/wp-content\/uploads\/2022\/03\/elixir-supreme.jpg\" \/>\n\t<meta property=\"og:image:width\" content=\"500\" \/>\n\t<meta property=\"og:image:height\" content=\"500\" \/>\n\t<meta property=\"og:image:type\" content=\"image\/jpeg\" \/>\n<meta name=\"twitter:card\" content=\"summary_large_image\" \/>\n<meta name=\"twitter:label1\" content=\"Prix\" \/>\n\t<meta name=\"twitter:data1\" content=\"&euro;40,00\" \/>\n\t<meta name=\"twitter:label2\" content=\"Disponibilit\u00e9\" \/>\n\t<meta name=\"twitter:data2\" content=\"Rupture de stock\" \/>\n<script type=\"application\/ld+json\" class=\"yoast-schema-graph\">{\"@context\":\"https:\/\/schema.org\",\"@graph\":[{\"@type\":\"WebPage\",\"@id\":\"https:\/\/dutchhealthstore.com\/fr\/product\/elixir-supreme-potent-energising-fortifying-tonic-elixir-superfood-blend\/\",\"url\":\"https:\/\/dutchhealthstore.com\/fr\/product\/elixir-supreme-potent-energising-fortifying-tonic-elixir-superfood-blend\/\",\"name\":\"Elixir Supreme - Potent Energising &amp; Fortifying Tonic Elixir Superfood Blend - Na'vi Organics\",\"isPartOf\":{\"@id\":\"https:\/\/dutchhealthstore.com\/fr\/#website\"},\"primaryImageOfPage\":{\"@id\":\"https:\/\/dutchhealthstore.com\/fr\/product\/elixir-supreme-potent-energising-fortifying-tonic-elixir-superfood-blend\/#primaryimage\"},\"image\":{\"@id\":\"https:\/\/dutchhealthstore.com\/fr\/product\/elixir-supreme-potent-energising-fortifying-tonic-elixir-superfood-blend\/#primaryimage\"},\"thumbnailUrl\":\"https:\/\/dutchhealthstore.com\/wp-content\/uploads\/2022\/03\/elixir-supreme.jpg\",\"datePublished\":\"2022-03-01T09:05:05+00:00\",\"dateModified\":\"2025-11-21T21:14:37+00:00\",\"description\":\"Nous sommes ravis d'offrir notre premier m\u00e9lange de smoothie.\",\"breadcrumb\":{\"@id\":\"https:\/\/dutchhealthstore.com\/fr\/product\/elixir-supreme-potent-energising-fortifying-tonic-elixir-superfood-blend\/#breadcrumb\"},\"inLanguage\":\"fr-FR\",\"potentialAction\":[{\"@type\":\"ReadAction\",\"target\":[\"https:\/\/dutchhealthstore.com\/fr\/product\/elixir-supreme-potent-energising-fortifying-tonic-elixir-superfood-blend\/\"]}]},{\"@type\":\"ImageObject\",\"inLanguage\":\"fr-FR\",\"@id\":\"https:\/\/dutchhealthstore.com\/fr\/product\/elixir-supreme-potent-energising-fortifying-tonic-elixir-superfood-blend\/#primaryimage\",\"url\":\"https:\/\/dutchhealthstore.com\/wp-content\/uploads\/2022\/03\/elixir-supreme.jpg\",\"contentUrl\":\"https:\/\/dutchhealthstore.com\/wp-content\/uploads\/2022\/03\/elixir-supreme.jpg\",\"width\":500,\"height\":500,\"caption\":\"\u00e9lixir supr\u00eame\"},{\"@type\":\"BreadcrumbList\",\"@id\":\"https:\/\/dutchhealthstore.com\/fr\/product\/elixir-supreme-potent-energising-fortifying-tonic-elixir-superfood-blend\/#breadcrumb\",\"itemListElement\":[{\"@type\":\"ListItem\",\"position\":1,\"name\":\"Home\",\"item\":\"https:\/\/dutchhealthstore.com\/fr\/\"},{\"@type\":\"ListItem\",\"position\":2,\"name\":\"Shop\",\"item\":\"https:\/\/dutchhealthstore.com\/fr\/shop\/\"},{\"@type\":\"ListItem\",\"position\":3,\"name\":\"Elixir Supreme &#8211; Potent Energising &amp; Fortifying Tonic Elixir Superfood Blend\"}]},{\"@type\":\"WebSite\",\"@id\":\"https:\/\/dutchhealthstore.com\/fr\/#website\",\"url\":\"https:\/\/dutchhealthstore.com\/fr\/\",\"name\":\"Dutch Health Store\",\"description\":\"Enhance Your Beauty with Organic &amp; Natural Skincare\",\"publisher\":{\"@id\":\"https:\/\/dutchhealthstore.com\/fr\/#organization\"},\"potentialAction\":[{\"@type\":\"SearchAction\",\"target\":{\"@type\":\"EntryPoint\",\"urlTemplate\":\"https:\/\/dutchhealthstore.com\/fr\/?s={search_term_string}\"},\"query-input\":{\"@type\":\"PropertyValueSpecification\",\"valueRequired\":true,\"valueName\":\"search_term_string\"}}],\"inLanguage\":\"fr-FR\"},{\"@type\":\"Organization\",\"@id\":\"https:\/\/dutchhealthstore.com\/fr\/#organization\",\"name\":\"Dutch Health Store\",\"url\":\"https:\/\/dutchhealthstore.com\/fr\/\",\"logo\":{\"@type\":\"ImageObject\",\"inLanguage\":\"fr-FR\",\"@id\":\"https:\/\/dutchhealthstore.com\/fr\/#\/schema\/logo\/image\/\",\"url\":\"https:\/\/dutchhealthstore.com\/wp-content\/uploads\/2020\/08\/logo-dutchhealthstore-jpg-e1599484957574.jpg\",\"contentUrl\":\"https:\/\/dutchhealthstore.com\/wp-content\/uploads\/2020\/08\/logo-dutchhealthstore-jpg-e1599484957574.jpg\",\"width\":400,\"height\":62,\"caption\":\"Dutch Health Store\"},\"image\":{\"@id\":\"https:\/\/dutchhealthstore.com\/fr\/#\/schema\/logo\/image\/\"},\"sameAs\":[\"https:\/\/www.instagram.com\/dutchhealthstore\/\",\"https:\/\/www.facebook.com\/dutchhealthstore\"]}]}<\/script>\n<meta property=\"product:brand\" content=\"Na\u00b4Vi Organics\" \/>\n<meta property=\"product:price:amount\" content=\"40.00\" \/>\n<meta property=\"product:price:currency\" content=\"EUR\" \/>\n<meta property=\"og:availability\" content=\"out of stock\" \/>\n<meta property=\"product:availability\" content=\"out of stock\" \/>\n<meta property=\"product:condition\" content=\"new\" \/>\n<!-- \/ Yoast SEO Premium plugin. -->","yoast_head_json":{"title":"Elixir Supreme - Potent Energising &amp; Fortifying Tonic Elixir Superfood Blend - Na'vi Organics","description":"Nous sommes ravis d'offrir notre premier m\u00e9lange de smoothie.","robots":{"index":"index","follow":"follow","max-snippet":"max-snippet:-1","max-image-preview":"max-image-preview:large","max-video-preview":"max-video-preview:-1"},"canonical":"https:\/\/dutchhealthstore.com\/fr\/product\/elixir-supreme-potent-energising-fortifying-tonic-elixir-superfood-blend\/","og_locale":"fr_FR","og_type":"article","og_title":"Elixir Supreme - Potent Energising &amp; Fortifying Tonic Elixir Superfood Blend - Dutch Health Store","og_description":"Nous sommes ravis d'offrir notre premier m\u00e9lange de smoothie.","og_url":"https:\/\/dutchhealthstore.com\/fr\/product\/elixir-supreme-potent-energising-fortifying-tonic-elixir-superfood-blend\/","og_site_name":"Dutch Health Store","article_publisher":"https:\/\/www.instagram.com\/dutchhealthstore\/","article_modified_time":"2025-11-21T21:14:37+00:00","og_image":[{"width":500,"height":500,"url":"https:\/\/dutchhealthstore.com\/wp-content\/uploads\/2022\/03\/elixir-supreme.jpg","type":"image\/jpeg"}],"twitter_card":"summary_large_image","twitter_misc":{"Prix":"&euro;40,00","Disponibilit\u00e9":"Rupture de stock"},"schema":{"@context":"https:\/\/schema.org","@graph":[{"@type":"WebPage","@id":"https:\/\/dutchhealthstore.com\/fr\/product\/elixir-supreme-potent-energising-fortifying-tonic-elixir-superfood-blend\/","url":"https:\/\/dutchhealthstore.com\/fr\/product\/elixir-supreme-potent-energising-fortifying-tonic-elixir-superfood-blend\/","name":"Elixir Supreme - Potent Energising &amp; Fortifying Tonic Elixir Superfood Blend - Na'vi Organics","isPartOf":{"@id":"https:\/\/dutchhealthstore.com\/fr\/#website"},"primaryImageOfPage":{"@id":"https:\/\/dutchhealthstore.com\/fr\/product\/elixir-supreme-potent-energising-fortifying-tonic-elixir-superfood-blend\/#primaryimage"},"image":{"@id":"https:\/\/dutchhealthstore.com\/fr\/product\/elixir-supreme-potent-energising-fortifying-tonic-elixir-superfood-blend\/#primaryimage"},"thumbnailUrl":"https:\/\/dutchhealthstore.com\/wp-content\/uploads\/2022\/03\/elixir-supreme.jpg","datePublished":"2022-03-01T09:05:05+00:00","dateModified":"2025-11-21T21:14:37+00:00","description":"Nous sommes ravis d'offrir notre premier m\u00e9lange de smoothie.","breadcrumb":{"@id":"https:\/\/dutchhealthstore.com\/fr\/product\/elixir-supreme-potent-energising-fortifying-tonic-elixir-superfood-blend\/#breadcrumb"},"inLanguage":"fr-FR","potentialAction":[{"@type":"ReadAction","target":["https:\/\/dutchhealthstore.com\/fr\/product\/elixir-supreme-potent-energising-fortifying-tonic-elixir-superfood-blend\/"]}]},{"@type":"ImageObject","inLanguage":"fr-FR","@id":"https:\/\/dutchhealthstore.com\/fr\/product\/elixir-supreme-potent-energising-fortifying-tonic-elixir-superfood-blend\/#primaryimage","url":"https:\/\/dutchhealthstore.com\/wp-content\/uploads\/2022\/03\/elixir-supreme.jpg","contentUrl":"https:\/\/dutchhealthstore.com\/wp-content\/uploads\/2022\/03\/elixir-supreme.jpg","width":500,"height":500,"caption":"\u00e9lixir supr\u00eame"},{"@type":"BreadcrumbList","@id":"https:\/\/dutchhealthstore.com\/fr\/product\/elixir-supreme-potent-energising-fortifying-tonic-elixir-superfood-blend\/#breadcrumb","itemListElement":[{"@type":"ListItem","position":1,"name":"Home","item":"https:\/\/dutchhealthstore.com\/fr\/"},{"@type":"ListItem","position":2,"name":"Shop","item":"https:\/\/dutchhealthstore.com\/fr\/shop\/"},{"@type":"ListItem","position":3,"name":"Elixir Supreme &#8211; Potent Energising &amp; Fortifying Tonic Elixir Superfood Blend"}]},{"@type":"WebSite","@id":"https:\/\/dutchhealthstore.com\/fr\/#website","url":"https:\/\/dutchhealthstore.com\/fr\/","name":"Dutch Health Store","description":"Enhance Your Beauty with Organic &amp; Natural Skincare","publisher":{"@id":"https:\/\/dutchhealthstore.com\/fr\/#organization"},"potentialAction":[{"@type":"SearchAction","target":{"@type":"EntryPoint","urlTemplate":"https:\/\/dutchhealthstore.com\/fr\/?s={search_term_string}"},"query-input":{"@type":"PropertyValueSpecification","valueRequired":true,"valueName":"search_term_string"}}],"inLanguage":"fr-FR"},{"@type":"Organization","@id":"https:\/\/dutchhealthstore.com\/fr\/#organization","name":"Dutch Health Store","url":"https:\/\/dutchhealthstore.com\/fr\/","logo":{"@type":"ImageObject","inLanguage":"fr-FR","@id":"https:\/\/dutchhealthstore.com\/fr\/#\/schema\/logo\/image\/","url":"https:\/\/dutchhealthstore.com\/wp-content\/uploads\/2020\/08\/logo-dutchhealthstore-jpg-e1599484957574.jpg","contentUrl":"https:\/\/dutchhealthstore.com\/wp-content\/uploads\/2020\/08\/logo-dutchhealthstore-jpg-e1599484957574.jpg","width":400,"height":62,"caption":"Dutch Health Store"},"image":{"@id":"https:\/\/dutchhealthstore.com\/fr\/#\/schema\/logo\/image\/"},"sameAs":["https:\/\/www.instagram.com\/dutchhealthstore\/","https:\/\/www.facebook.com\/dutchhealthstore"]}]},"product_brand":"Na\u00b4Vi Organics","product_price_amount":"40.00","product_price_currency":"EUR","og_availability":"out of stock","product_availability":"out of stock","product_condition":"new"},"_links":{"self":[{"href":"https:\/\/dutchhealthstore.com\/fr\/wp-json\/wp\/v2\/product\/201685","targetHints":{"allow":["GET"]}}],"collection":[{"href":"https:\/\/dutchhealthstore.com\/fr\/wp-json\/wp\/v2\/product"}],"about":[{"href":"https:\/\/dutchhealthstore.com\/fr\/wp-json\/wp\/v2\/types\/product"}],"replies":[{"embeddable":true,"href":"https:\/\/dutchhealthstore.com\/fr\/wp-json\/wp\/v2\/comments?post=201685"}],"wp:featuredmedia":[{"embeddable":true,"href":"https:\/\/dutchhealthstore.com\/fr\/wp-json\/wp\/v2\/media\/201627"}],"wp:attachment":[{"href":"https:\/\/dutchhealthstore.com\/fr\/wp-json\/wp\/v2\/media?parent=201685"}],"wp:term":[{"taxonomy":"product_brand","embeddable":true,"href":"https:\/\/dutchhealthstore.com\/fr\/wp-json\/wp\/v2\/product_brand?post=201685"},{"taxonomy":"product_cat","embeddable":true,"href":"https:\/\/dutchhealthstore.com\/fr\/wp-json\/wp\/v2\/product_cat?post=201685"},{"taxonomy":"product_tag","embeddable":true,"href":"https:\/\/dutchhealthstore.com\/fr\/wp-json\/wp\/v2\/product_tag?post=201685"}],"curies":[{"name":"wp","href":"https:\/\/api.w.org\/{rel}","templated":true}]}}