{"id":187171,"date":"2021-09-10T17:40:23","date_gmt":"2021-09-10T15:40:23","guid":{"rendered":"https:\/\/dutchhealthstore.com\/product\/blue-bush-essential-oil\/"},"modified":"2025-04-07T10:38:27","modified_gmt":"2025-04-07T08:38:27","slug":"blue-bush-essential-oil","status":"publish","type":"product","link":"https:\/\/dutchhealthstore.com\/fr\/product\/blue-bush-essential-oil\/","title":{"rendered":"Blue Bush Essential Oil"},"content":{"rendered":"<p><img decoding=\"async\" class=\"alignright\" src=\"https:\/\/dutchhealthstore.com\/wp-content\/uploads\/2019\/08\/NEW-Living-Libations-Logo.jpg\" alt=\"NEW - Living Libations - Logo\"><\/p>\n<p><strong>Nom botanique : <\/strong><em>Pteronica incana<\/em><br \/>\n<strong>Famille botanique :<\/strong> <em>Asteraceae<\/em><br \/>\n<strong>M\u00e9thode d&rsquo;extraction :<\/strong> Distillation \u00e0 la vapeur<br \/>\n<strong>Partie de la plante : <\/strong>Sommit\u00e9s fleuries et feuilles<br \/>\n<strong>Pays d&rsquo;origine :<\/strong> Afrique du Sud<br \/>\n<strong>M\u00e9thode de culture :<\/strong> Sauvage<br \/>\n<strong>Composition :<\/strong> 100% <em>Pteronia incana<\/em><br \/>\n<strong>Coh\u00e9rence :<\/strong> Mince et clair<br \/>\n<strong>Description de la senteur : <\/strong> Astringent, semblable au gen\u00e9vrier, sauvage et herbac\u00e9 comme l&rsquo;hysope avec un soup\u00e7on de r\u00e9sine.<\/p>\n<p><strong>Se m\u00e9lange bien avec : <\/strong>Encens, Camomille du Cap, Camomille, Pamplemousse, Rose Otto, Fragonia, Bergamote, Lavande, N\u00e9roli, Ciste, Hysope, Marjolaine, Bergamote, Sapin, Tanaisie bleue, Myrrhe, Epinette, Argousier, Immortelle, Ylang, et Santal.<\/p>\n<p><strong>Utilisations : <\/strong>Profitez des bienfaits de Blue Bush en ajoutant quelques gouttes dans un bain chaud ou une goutte sur votre oreiller le soir. Parfumez et purifiez votre espace en ajoutant quelques gouttes de Blue Bush \u00e0 votre m\u00e9lange pr\u00e9f\u00e9r\u00e9 pour diffuseur ou humidificateur. Toujours diluer avant utilisation pour une peau plus douce et plus lisse. \u00c9viter l&rsquo;usage oral. Utile dans les pipes de sel et les baumes de poitrine.<\/p>\n<p><strong>Constituants :<\/strong> Les principaux compos\u00e9s sont l&rsquo;\u03b1-pin\u00e8ne, le \u03b2-pin\u00e8ne, le sabin\u00e8ne, le myrc\u00e8ne, le limon\u00e8ne, le 1,8-cin\u00e9ole et le p-cym\u00e8ne, ainsi que de plus petites quantit\u00e9s de plusieurs sesquiterp\u00e9no\u00efdes rares.<\/p>\n<p>Blue Bush Essential Oil est une distillation unique des feuilles laineuses gris-vert et des petites fleurs jaunes r\u00e9colt\u00e9es \u00e0 l&rsquo;\u00e9tat sauvage sur l&rsquo;arbuste qui pousse dans les collines du Karoo de Bo-Kouga en Afrique du Sud. Le feuillage et les fleurs tr\u00e8s aromatiques sont collect\u00e9s et distill\u00e9s \u00e0 la vapeur pendant les mois d&rsquo;hiver, lorsque les huiles sont les plus condens\u00e9es.<\/p>\n<p>Les anciens peuples Khoi et San, indig\u00e8nes d&rsquo;Afrique du Sud, utilisaient les arbustes du Blue Bush en aromath\u00e9rapie pour am\u00e9liorer les humeurs bleues et comme bouclier \u00e0 base de plantes contre les insectes de l&rsquo;hiver, avec en prime un parfum de gen\u00e9vrier. Les propri\u00e9t\u00e9s botaniques, biotiques et apaisantes de Blue Bush en font un compl\u00e9ment de soin doux et adoucissant pour la peau.<\/p>\n<p><strong>Taille : 5 ml<\/strong><\/p>\n<h3>Ingr\u00e9dients biologiques<\/h3>\n<p>100% huile essentielle de buisson bleu (Pteronica incana).<\/p>\n","protected":false},"excerpt":{"rendered":"<p>La famille botanique qui nous apporte la camomille produit \u00e9galement le Blue Bush dont l&rsquo;huile essentielle est tr\u00e8s aromatique et herbac\u00e9e. Cette beaut\u00e9 sud-africaine nous b\u00e9nit avec son astringence semblable \u00e0 celle du gen\u00e9vrier et son doux parfum herbac\u00e9 qui \u00e9voque l&rsquo;odeur de la fra\u00eecheur et de la sauvagerie du d\u00e9sert pour les eaux de Cologne, les frictions de poitrine, les m\u00e9langes respiratoires ainsi que les s\u00e9rums adoucissants pour la peau.<\/p>\n","protected":false},"featured_media":162601,"comment_status":"open","ping_status":"closed","template":"","meta":[],"product_brand":[],"product_cat":[6734,1507,1211,1209,1030,3757,1010,6733],"product_tag":[4495],"class_list":{"0":"post-187171","1":"product","2":"type-product","3":"status-publish","4":"has-post-thumbnail","6":"product_cat-essential-oils","7":"product_cat-plantes-huiles-essentielles-living-libations","8":"product_cat-living-libations-france","9":"product_cat-par-marques","10":"product_cat-par-produits","11":"product_cat-plantes-huiles-essentielles","12":"product_cat-notre-boutique","13":"product_cat-wellness-fr-2","14":"product_tag-essential-oil-fr","15":"pa_brand-livinglibations-fr","16":"pa_essential-oils-product-type-essential-oils-fr","17":"pa_size-5-ml-fr","19":"first","20":"instock","21":"taxable","22":"shipping-taxable","23":"purchasable","24":"product-type-simple"},"bundled_by":[],"bundle_stock_status":"instock","bundle_stock_quantity":2,"bundle_virtual":false,"bundle_layout":"","bundle_add_to_cart_form_location":"","bundle_editable_in_cart":false,"bundle_sold_individually_context":"","bundle_item_grouping":"","bundle_min_size":"","bundle_max_size":"","bundle_price":[],"bundled_items":[],"bundle_sell_ids":[],"atum_controlled":true,"out_stock_date":null,"out_stock_threshold":null,"inheritable":false,"stock_on_hold":0,"sold_today":0,"sales_last_days":0,"out_stock_days":0,"lost_sales":0,"update_date":"2026-05-04T13:06:22","atum_locations":[],"atum_stock_status":"instock","restock_status":false,"low_stock_amount":"","sales_update_date":"2026-05-04T13:06:22","calc_backorders":null,"group_of_quantity":0,"min_quantity":0,"max_quantity":"","exclude_order_quantity_value_rules":"no","exclude_category_quantity_rules":"no","combine_variations":"no","yoast_head":"<!-- This site is optimized with the Yoast SEO Premium plugin v26.5 (Yoast SEO v26.5) - https:\/\/yoast.com\/wordpress\/plugins\/seo\/ -->\n<title>Blue Bush Essential Oil - Living Libations<\/title>\n<meta name=\"description\" content=\"Blue Bush Essential Oil est une distillation unique de feuilles laineuses gris-vert et de petites fleurs jaunes. Les propri\u00e9t\u00e9s apaisantes du Blue Bush en font un compl\u00e9ment de soin doux et adoucissant pour la peau.\" \/>\n<meta name=\"robots\" content=\"index, follow, max-snippet:-1, max-image-preview:large, max-video-preview:-1\" \/>\n<link rel=\"canonical\" href=\"https:\/\/dutchhealthstore.com\/fr\/product\/blue-bush-essential-oil\/\" \/>\n<meta property=\"og:locale\" content=\"fr_FR\" \/>\n<meta property=\"og:type\" content=\"article\" \/>\n<meta property=\"og:title\" content=\"Blue Bush Essential Oil - Dutch Health Store\" \/>\n<meta property=\"og:description\" content=\"Blue Bush Essential Oil est une distillation unique de feuilles laineuses gris-vert et de petites fleurs jaunes. Les propri\u00e9t\u00e9s apaisantes du Blue Bush en font un compl\u00e9ment de soin doux et adoucissant pour la peau.\" \/>\n<meta property=\"og:url\" content=\"https:\/\/dutchhealthstore.com\/fr\/product\/blue-bush-essential-oil\/\" \/>\n<meta property=\"og:site_name\" content=\"Dutch Health Store\" \/>\n<meta property=\"article:publisher\" content=\"https:\/\/www.instagram.com\/dutchhealthstore\/\" \/>\n<meta property=\"article:modified_time\" content=\"2025-04-07T08:38:27+00:00\" \/>\n<meta property=\"og:image\" content=\"https:\/\/dutchhealthstore.com\/wp-content\/uploads\/2021\/08\/llbluebusholieoke.jpg\" \/>\n\t<meta property=\"og:image:width\" content=\"500\" \/>\n\t<meta property=\"og:image:height\" content=\"500\" \/>\n\t<meta property=\"og:image:type\" content=\"image\/jpeg\" \/>\n<meta name=\"twitter:card\" content=\"summary_large_image\" \/>\n<meta name=\"twitter:label1\" content=\"Prix\" \/>\n\t<meta name=\"twitter:data1\" content=\"&euro;50,00\" \/>\n\t<meta name=\"twitter:label2\" content=\"Disponibilit\u00e9\" \/>\n\t<meta name=\"twitter:data2\" content=\"En stock\" \/>\n<script type=\"application\/ld+json\" class=\"yoast-schema-graph\">{\"@context\":\"https:\/\/schema.org\",\"@graph\":[{\"@type\":\"WebPage\",\"@id\":\"https:\/\/dutchhealthstore.com\/fr\/product\/blue-bush-essential-oil\/\",\"url\":\"https:\/\/dutchhealthstore.com\/fr\/product\/blue-bush-essential-oil\/\",\"name\":\"Blue Bush Essential Oil - Living Libations\",\"isPartOf\":{\"@id\":\"https:\/\/dutchhealthstore.com\/fr\/#website\"},\"primaryImageOfPage\":{\"@id\":\"https:\/\/dutchhealthstore.com\/fr\/product\/blue-bush-essential-oil\/#primaryimage\"},\"image\":{\"@id\":\"https:\/\/dutchhealthstore.com\/fr\/product\/blue-bush-essential-oil\/#primaryimage\"},\"thumbnailUrl\":\"https:\/\/dutchhealthstore.com\/wp-content\/uploads\/2021\/08\/llbluebusholieoke.jpg\",\"datePublished\":\"2021-09-10T15:40:23+00:00\",\"dateModified\":\"2025-04-07T08:38:27+00:00\",\"description\":\"Blue Bush Essential Oil est une distillation unique de feuilles laineuses gris-vert et de petites fleurs jaunes. Les propri\u00e9t\u00e9s apaisantes du Blue Bush en font un compl\u00e9ment de soin doux et adoucissant pour la peau.\",\"breadcrumb\":{\"@id\":\"https:\/\/dutchhealthstore.com\/fr\/product\/blue-bush-essential-oil\/#breadcrumb\"},\"inLanguage\":\"fr-FR\",\"potentialAction\":[{\"@type\":\"ReadAction\",\"target\":[\"https:\/\/dutchhealthstore.com\/fr\/product\/blue-bush-essential-oil\/\"]}]},{\"@type\":\"ImageObject\",\"inLanguage\":\"fr-FR\",\"@id\":\"https:\/\/dutchhealthstore.com\/fr\/product\/blue-bush-essential-oil\/#primaryimage\",\"url\":\"https:\/\/dutchhealthstore.com\/wp-content\/uploads\/2021\/08\/llbluebusholieoke.jpg\",\"contentUrl\":\"https:\/\/dutchhealthstore.com\/wp-content\/uploads\/2021\/08\/llbluebusholieoke.jpg\",\"width\":500,\"height\":500,\"caption\":\"llbluebusholieoke\"},{\"@type\":\"BreadcrumbList\",\"@id\":\"https:\/\/dutchhealthstore.com\/fr\/product\/blue-bush-essential-oil\/#breadcrumb\",\"itemListElement\":[{\"@type\":\"ListItem\",\"position\":1,\"name\":\"Home\",\"item\":\"https:\/\/dutchhealthstore.com\/fr\/\"},{\"@type\":\"ListItem\",\"position\":2,\"name\":\"Shop\",\"item\":\"https:\/\/dutchhealthstore.com\/fr\/shop\/\"},{\"@type\":\"ListItem\",\"position\":3,\"name\":\"Blue Bush Essential Oil\"}]},{\"@type\":\"WebSite\",\"@id\":\"https:\/\/dutchhealthstore.com\/fr\/#website\",\"url\":\"https:\/\/dutchhealthstore.com\/fr\/\",\"name\":\"Dutch Health Store\",\"description\":\"Enhance Your Beauty with Organic &amp; Natural Skincare\",\"publisher\":{\"@id\":\"https:\/\/dutchhealthstore.com\/fr\/#organization\"},\"potentialAction\":[{\"@type\":\"SearchAction\",\"target\":{\"@type\":\"EntryPoint\",\"urlTemplate\":\"https:\/\/dutchhealthstore.com\/fr\/?s={search_term_string}\"},\"query-input\":{\"@type\":\"PropertyValueSpecification\",\"valueRequired\":true,\"valueName\":\"search_term_string\"}}],\"inLanguage\":\"fr-FR\"},{\"@type\":\"Organization\",\"@id\":\"https:\/\/dutchhealthstore.com\/fr\/#organization\",\"name\":\"Dutch Health Store\",\"url\":\"https:\/\/dutchhealthstore.com\/fr\/\",\"logo\":{\"@type\":\"ImageObject\",\"inLanguage\":\"fr-FR\",\"@id\":\"https:\/\/dutchhealthstore.com\/fr\/#\/schema\/logo\/image\/\",\"url\":\"https:\/\/dutchhealthstore.com\/wp-content\/uploads\/2020\/08\/logo-dutchhealthstore-jpg-e1599484957574.jpg\",\"contentUrl\":\"https:\/\/dutchhealthstore.com\/wp-content\/uploads\/2020\/08\/logo-dutchhealthstore-jpg-e1599484957574.jpg\",\"width\":400,\"height\":62,\"caption\":\"Dutch Health Store\"},\"image\":{\"@id\":\"https:\/\/dutchhealthstore.com\/fr\/#\/schema\/logo\/image\/\"},\"sameAs\":[\"https:\/\/www.instagram.com\/dutchhealthstore\/\",\"https:\/\/www.facebook.com\/dutchhealthstore\"]}]}<\/script>\n<meta property=\"product:brand\" content=\"Living Libations\" \/>\n<meta property=\"product:price:amount\" content=\"50.00\" \/>\n<meta property=\"product:price:currency\" content=\"EUR\" \/>\n<meta property=\"og:availability\" content=\"instock\" \/>\n<meta property=\"product:availability\" content=\"instock\" \/>\n<meta property=\"product:condition\" content=\"new\" \/>\n<!-- \/ Yoast SEO Premium plugin. -->","yoast_head_json":{"title":"Blue Bush Essential Oil - Living Libations","description":"Blue Bush Essential Oil est une distillation unique de feuilles laineuses gris-vert et de petites fleurs jaunes. Les propri\u00e9t\u00e9s apaisantes du Blue Bush en font un compl\u00e9ment de soin doux et adoucissant pour la peau.","robots":{"index":"index","follow":"follow","max-snippet":"max-snippet:-1","max-image-preview":"max-image-preview:large","max-video-preview":"max-video-preview:-1"},"canonical":"https:\/\/dutchhealthstore.com\/fr\/product\/blue-bush-essential-oil\/","og_locale":"fr_FR","og_type":"article","og_title":"Blue Bush Essential Oil - Dutch Health Store","og_description":"Blue Bush Essential Oil est une distillation unique de feuilles laineuses gris-vert et de petites fleurs jaunes. Les propri\u00e9t\u00e9s apaisantes du Blue Bush en font un compl\u00e9ment de soin doux et adoucissant pour la peau.","og_url":"https:\/\/dutchhealthstore.com\/fr\/product\/blue-bush-essential-oil\/","og_site_name":"Dutch Health Store","article_publisher":"https:\/\/www.instagram.com\/dutchhealthstore\/","article_modified_time":"2025-04-07T08:38:27+00:00","og_image":[{"width":500,"height":500,"url":"https:\/\/dutchhealthstore.com\/wp-content\/uploads\/2021\/08\/llbluebusholieoke.jpg","type":"image\/jpeg"}],"twitter_card":"summary_large_image","twitter_misc":{"Prix":"&euro;50,00","Disponibilit\u00e9":"En stock"},"schema":{"@context":"https:\/\/schema.org","@graph":[{"@type":"WebPage","@id":"https:\/\/dutchhealthstore.com\/fr\/product\/blue-bush-essential-oil\/","url":"https:\/\/dutchhealthstore.com\/fr\/product\/blue-bush-essential-oil\/","name":"Blue Bush Essential Oil - Living Libations","isPartOf":{"@id":"https:\/\/dutchhealthstore.com\/fr\/#website"},"primaryImageOfPage":{"@id":"https:\/\/dutchhealthstore.com\/fr\/product\/blue-bush-essential-oil\/#primaryimage"},"image":{"@id":"https:\/\/dutchhealthstore.com\/fr\/product\/blue-bush-essential-oil\/#primaryimage"},"thumbnailUrl":"https:\/\/dutchhealthstore.com\/wp-content\/uploads\/2021\/08\/llbluebusholieoke.jpg","datePublished":"2021-09-10T15:40:23+00:00","dateModified":"2025-04-07T08:38:27+00:00","description":"Blue Bush Essential Oil est une distillation unique de feuilles laineuses gris-vert et de petites fleurs jaunes. Les propri\u00e9t\u00e9s apaisantes du Blue Bush en font un compl\u00e9ment de soin doux et adoucissant pour la peau.","breadcrumb":{"@id":"https:\/\/dutchhealthstore.com\/fr\/product\/blue-bush-essential-oil\/#breadcrumb"},"inLanguage":"fr-FR","potentialAction":[{"@type":"ReadAction","target":["https:\/\/dutchhealthstore.com\/fr\/product\/blue-bush-essential-oil\/"]}]},{"@type":"ImageObject","inLanguage":"fr-FR","@id":"https:\/\/dutchhealthstore.com\/fr\/product\/blue-bush-essential-oil\/#primaryimage","url":"https:\/\/dutchhealthstore.com\/wp-content\/uploads\/2021\/08\/llbluebusholieoke.jpg","contentUrl":"https:\/\/dutchhealthstore.com\/wp-content\/uploads\/2021\/08\/llbluebusholieoke.jpg","width":500,"height":500,"caption":"llbluebusholieoke"},{"@type":"BreadcrumbList","@id":"https:\/\/dutchhealthstore.com\/fr\/product\/blue-bush-essential-oil\/#breadcrumb","itemListElement":[{"@type":"ListItem","position":1,"name":"Home","item":"https:\/\/dutchhealthstore.com\/fr\/"},{"@type":"ListItem","position":2,"name":"Shop","item":"https:\/\/dutchhealthstore.com\/fr\/shop\/"},{"@type":"ListItem","position":3,"name":"Blue Bush Essential Oil"}]},{"@type":"WebSite","@id":"https:\/\/dutchhealthstore.com\/fr\/#website","url":"https:\/\/dutchhealthstore.com\/fr\/","name":"Dutch Health Store","description":"Enhance Your Beauty with Organic &amp; Natural Skincare","publisher":{"@id":"https:\/\/dutchhealthstore.com\/fr\/#organization"},"potentialAction":[{"@type":"SearchAction","target":{"@type":"EntryPoint","urlTemplate":"https:\/\/dutchhealthstore.com\/fr\/?s={search_term_string}"},"query-input":{"@type":"PropertyValueSpecification","valueRequired":true,"valueName":"search_term_string"}}],"inLanguage":"fr-FR"},{"@type":"Organization","@id":"https:\/\/dutchhealthstore.com\/fr\/#organization","name":"Dutch Health Store","url":"https:\/\/dutchhealthstore.com\/fr\/","logo":{"@type":"ImageObject","inLanguage":"fr-FR","@id":"https:\/\/dutchhealthstore.com\/fr\/#\/schema\/logo\/image\/","url":"https:\/\/dutchhealthstore.com\/wp-content\/uploads\/2020\/08\/logo-dutchhealthstore-jpg-e1599484957574.jpg","contentUrl":"https:\/\/dutchhealthstore.com\/wp-content\/uploads\/2020\/08\/logo-dutchhealthstore-jpg-e1599484957574.jpg","width":400,"height":62,"caption":"Dutch Health Store"},"image":{"@id":"https:\/\/dutchhealthstore.com\/fr\/#\/schema\/logo\/image\/"},"sameAs":["https:\/\/www.instagram.com\/dutchhealthstore\/","https:\/\/www.facebook.com\/dutchhealthstore"]}]},"product_brand":"Living Libations","product_price_amount":"50.00","product_price_currency":"EUR","og_availability":"instock","product_availability":"instock","product_condition":"new"},"_links":{"self":[{"href":"https:\/\/dutchhealthstore.com\/fr\/wp-json\/wp\/v2\/product\/187171","targetHints":{"allow":["GET"]}}],"collection":[{"href":"https:\/\/dutchhealthstore.com\/fr\/wp-json\/wp\/v2\/product"}],"about":[{"href":"https:\/\/dutchhealthstore.com\/fr\/wp-json\/wp\/v2\/types\/product"}],"replies":[{"embeddable":true,"href":"https:\/\/dutchhealthstore.com\/fr\/wp-json\/wp\/v2\/comments?post=187171"}],"wp:featuredmedia":[{"embeddable":true,"href":"https:\/\/dutchhealthstore.com\/fr\/wp-json\/wp\/v2\/media\/162601"}],"wp:attachment":[{"href":"https:\/\/dutchhealthstore.com\/fr\/wp-json\/wp\/v2\/media?parent=187171"}],"wp:term":[{"taxonomy":"product_brand","embeddable":true,"href":"https:\/\/dutchhealthstore.com\/fr\/wp-json\/wp\/v2\/product_brand?post=187171"},{"taxonomy":"product_cat","embeddable":true,"href":"https:\/\/dutchhealthstore.com\/fr\/wp-json\/wp\/v2\/product_cat?post=187171"},{"taxonomy":"product_tag","embeddable":true,"href":"https:\/\/dutchhealthstore.com\/fr\/wp-json\/wp\/v2\/product_tag?post=187171"}],"curies":[{"name":"wp","href":"https:\/\/api.w.org\/{rel}","templated":true}]}}