{"id":187164,"date":"2021-09-14T06:37:23","date_gmt":"2021-09-14T04:37:23","guid":{"rendered":"https:\/\/dutchhealthstore.com\/product\/lemon-green-essential-oil\/"},"modified":"2025-04-07T11:52:09","modified_gmt":"2025-04-07T09:52:09","slug":"lemon-green-essential-oil","status":"publish","type":"product","link":"https:\/\/dutchhealthstore.com\/fr\/product\/lemon-green-essential-oil\/","title":{"rendered":"Lemon, Green Essential Oil"},"content":{"rendered":"<p style=\"text-align: left;\"><strong>Nom botanique <\/strong>: Citrus limon<a href=\"https:\/\/dutchhealthstore.com\/wp-content\/uploads\/2019\/08\/NEW-Living-Libations-Logo.jpg\"><img decoding=\"async\" class=\"size-full wp-image-69549 alignright\" src=\"https:\/\/dutchhealthstore.com\/wp-content\/uploads\/2019\/08\/NEW-Living-Libations-Logo.jpg\" alt=\"NEW - Living Libations - Logo\" width=\"175\" height=\"82\"><\/a><br \/>\n<strong>Famille botanique<\/strong> : Rutaceae<br \/>\n<strong>M\u00e9thode d&rsquo;extraction :<\/strong> Distillation \u00e0 la vapeur<br \/>\n<strong>Partie de la plante distill\u00e9e :<\/strong> \u00c9corce<br \/>\n<strong>Pays d&rsquo;origine<\/strong> : Italie<br \/>\n<strong>M\u00e9thode de culture :<\/strong> Organique<br \/>\n<strong>Composition :<\/strong> 100% Citrus limon<br \/>\n<strong>Consistance :<\/strong> Viscosit\u00e9 fine<\/p>\n<h3>Description de l&rsquo;odeur<\/h3>\n<p>Cette distillation distingu\u00e9e d&rsquo;un zeste de citron vif enchante les eaux de Cologne avec des notes de t\u00eate de siroter des ap\u00e9ritifs sous le soleil de Sicile avec un l\u00e9ger ar\u00f4me balsamique.<\/p>\n<h3>Se marie bien avec<\/h3>\n<p>Gousse de vanille, rose, lavande, citron vert, bois de santal, bergamote, nard, coriandre, v\u00e9tiver, hysope, eucalyptus, orange, citron vert, ylang et jasmin.<\/p>\n<h3>Utiliser<\/h3>\n<p>Conservateur de s\u00e9rum culinaire et de peau. Rajeunisseur de la peau. Diffusez ou reniflez pour un coup de fouet rapide. Diffuser pour infuser la concentration pour les t\u00e2ches cr\u00e9atives et l&rsquo;\u00e9tude. Parfait pour faire le m\u00e9nage. D\u00e9licieux dans toutes sortes de plats et de desserts, des margaritas aux tequilas, des cheesecakes aux g\u00e2teaux sal\u00e9s, aux smoothies, aux th\u00e9s, aux hydromels et aux miels curatifs.<br \/>\nConstituants : Limon\u00e8ne, b\u00eata-Pin\u00e8ne, gamma-Terpin\u00e8ne.<br \/>\nContre-indication : Photosensible. Ne pas utiliser sur une peau directement expos\u00e9e au soleil. Diluer pour utiliser.<\/p>\n<p>Jeunes et brillants, les citrons verts cultiv\u00e9s le long de la c\u00f4te sicilienne sont cueillis alors qu&rsquo;ils ne sont pas encore m\u00fbrs afin de concentrer l&rsquo;\u00e9clat des citrons avec une touche d&rsquo;ar\u00f4me de th\u00e9 vert au lieu de la douceur des agrumes. Amen\u00e9s de Chine en Italie il y a des si\u00e8cles par des marchands arabes, ces citrons verts issus de l&rsquo;agriculture biologique sont pel\u00e9s et press\u00e9s \u00e0 froid pour n&rsquo;en extraire que l&rsquo;essence la plus pure.<\/p>\n<p>Notre Green Lemon Essential Oil biologique est pris\u00e9e en aromath\u00e9rapie et en soins de la peau pour ses caract\u00e9ristiques tonifiantes et purifiantes. Incorporez-le aux s\u00e9rums pour la peau afin de stimuler les peaux paresseuses et d&rsquo;unifier le teint. Il est particuli\u00e8rement b\u00e9n\u00e9fique pour les peaux acn\u00e9iques et matures. La fra\u00eecheur de l&rsquo;ar\u00f4me du citron vert purifie et stimule votre humeur pour une clart\u00e9, une concentration et une joie maximales.<\/p>\n<p>La FDA a enregistr\u00e9 les huiles d&rsquo;agrumes, telles queGreen Lemon Essential Oil, comme GRAS, et elles peuvent \u00eatre utilis\u00e9es en gouttes et en tourbillons dans toute cr\u00e9ation culinaire n\u00e9cessitant une vivacit\u00e9 ensoleill\u00e9e et citronn\u00e9e.<\/p>\n<p><strong>Taille : 5 ml et 15 ml<\/strong><\/p>\n<h3>Ingr\u00e9dients biologiques<\/h3>\n<p>100% d&rsquo;huile essentielle de citron vert (citrus limon).<\/p>\n<p><a href=\"https:\/\/dutchhealthstore.com\/wp-content\/uploads\/2018\/03\/organic_big.png\"><img fetchpriority=\"high\" decoding=\"async\" class=\"size-full wp-image-31577 aligncenter\" src=\"https:\/\/dutchhealthstore.com\/wp-content\/uploads\/2018\/03\/organic_big.png\" alt=\"Organic and Natural - Living Libations\" width=\"623\" height=\"103\" srcset=\"https:\/\/dutchhealthstore.com\/wp-content\/uploads\/2018\/03\/organic_big.png 623w, https:\/\/dutchhealthstore.com\/wp-content\/uploads\/2018\/03\/organic_big-510x84.png 510w, https:\/\/dutchhealthstore.com\/wp-content\/uploads\/2018\/03\/organic_big-600x99.png 600w, https:\/\/dutchhealthstore.com\/wp-content\/uploads\/2018\/03\/organic_big-350x58.png 350w\" sizes=\"(max-width: 623px) 100vw, 623px\" \/><\/a><\/p>\n","protected":false},"excerpt":{"rendered":"<p>La distillation d\u00e9lectable de Green Lemon Essential Oil se d\u00e9roule sur des collines vertes pommel\u00e9es dans la poussi\u00e8re d&rsquo;\u00e9toiles du zeste de citron tandis que la plus faible chim\u00e8re balsamique v\u00eapres de d\u00e9sir d&rsquo;\u00eatre m\u00e9lang\u00e9 avec des gousses de vanille. Ce cordial capture le soleil des bosquets d&rsquo;agrumes siciliens. Magnifique Green Lemon est l&rsquo;enfant ch\u00e9ri de la Bergamote et de la Verveine citronn\u00e9e et remplit l&rsquo;air d&rsquo;un ar\u00f4me appr\u00e9ci\u00e9 de tous.<\/p>\n","protected":false},"featured_media":337351,"comment_status":"open","ping_status":"closed","template":"","meta":[],"product_brand":[],"product_cat":[1507,6734,1211,1209,3757,1010,6733],"product_tag":[4495],"class_list":{"0":"post-187164","1":"product","2":"type-product","3":"status-publish","4":"has-post-thumbnail","6":"product_cat-plantes-huiles-essentielles-living-libations","7":"product_cat-essential-oils","8":"product_cat-living-libations-france","9":"product_cat-par-marques","10":"product_cat-plantes-huiles-essentielles","11":"product_cat-notre-boutique","12":"product_cat-wellness-fr-2","13":"product_tag-essential-oil-fr","14":"pa_brand-livinglibations-fr","15":"pa_essential-oils-product-type-essential-oils-fr","16":"pa_size-15-ml-fr","17":"pa_size-5-ml-fr","19":"first","20":"instock","21":"taxable","22":"shipping-taxable","23":"purchasable","24":"product-type-variable"},"bundled_by":[],"bundle_stock_status":"instock","bundle_stock_quantity":null,"bundle_virtual":false,"bundle_layout":"","bundle_add_to_cart_form_location":"","bundle_editable_in_cart":false,"bundle_sold_individually_context":"","bundle_item_grouping":"","bundle_min_size":"","bundle_max_size":"","bundle_price":[],"bundled_items":[],"bundle_sell_ids":[],"atum_controlled":true,"out_stock_date":null,"out_stock_threshold":null,"inheritable":true,"stock_on_hold":0,"sold_today":0,"sales_last_days":0,"out_stock_days":0,"lost_sales":0,"update_date":"2026-04-17T00:06:41","atum_locations":[],"atum_stock_status":"instock","restock_status":false,"low_stock_amount":"","sales_update_date":"2026-04-16T06:41:21","calc_backorders":null,"group_of_quantity":0,"min_quantity":0,"max_quantity":"","exclude_order_quantity_value_rules":"no","exclude_category_quantity_rules":"no","combine_variations":"no","yoast_head":"<!-- This site is optimized with the Yoast SEO Premium plugin v26.5 (Yoast SEO v26.5) - https:\/\/yoast.com\/wordpress\/plugins\/seo\/ -->\n<title>Green Lemon Essential Oil | Living Libations<\/title>\n<meta name=\"description\" content=\"Le citron vert est le fruit de l&#039;amour aromatique de la bergamote et de la verveine citronn\u00e9e et remplit l&#039;air d&#039;un ar\u00f4me appr\u00e9ci\u00e9 de tous.\" \/>\n<meta name=\"robots\" content=\"index, follow, max-snippet:-1, max-image-preview:large, max-video-preview:-1\" \/>\n<link rel=\"canonical\" href=\"https:\/\/dutchhealthstore.com\/fr\/product\/lemon-green-essential-oil\/\" \/>\n<meta property=\"og:locale\" content=\"fr_FR\" \/>\n<meta property=\"og:type\" content=\"article\" \/>\n<meta property=\"og:title\" content=\"Lemon, Green Essential Oil - Dutch Health Store\" \/>\n<meta property=\"og:description\" content=\"Le citron vert est le fruit de l&#039;amour aromatique de la bergamote et de la verveine citronn\u00e9e et remplit l&#039;air d&#039;un ar\u00f4me appr\u00e9ci\u00e9 de tous.\" \/>\n<meta property=\"og:url\" content=\"https:\/\/dutchhealthstore.com\/fr\/product\/lemon-green-essential-oil\/\" \/>\n<meta property=\"og:site_name\" content=\"Dutch Health Store\" \/>\n<meta property=\"article:publisher\" content=\"https:\/\/www.instagram.com\/dutchhealthstore\/\" \/>\n<meta property=\"article:modified_time\" content=\"2025-04-07T09:52:09+00:00\" \/>\n<meta property=\"og:image\" content=\"https:\/\/dutchhealthstore.com\/wp-content\/uploads\/2021\/09\/green-lemon-1.jpg\" \/>\n\t<meta property=\"og:image:width\" content=\"500\" \/>\n\t<meta property=\"og:image:height\" content=\"500\" \/>\n\t<meta property=\"og:image:type\" content=\"image\/jpeg\" \/>\n<meta name=\"twitter:card\" content=\"summary_large_image\" \/>\n<meta name=\"twitter:label1\" content=\"Disponibilit\u00e9\" \/>\n\t<meta name=\"twitter:data1\" content=\"En stock\" \/>\n<script type=\"application\/ld+json\" class=\"yoast-schema-graph\">{\"@context\":\"https:\/\/schema.org\",\"@graph\":[{\"@type\":\"WebPage\",\"@id\":\"https:\/\/dutchhealthstore.com\/fr\/product\/lemon-green-essential-oil\/\",\"url\":\"https:\/\/dutchhealthstore.com\/fr\/product\/lemon-green-essential-oil\/\",\"name\":\"Green Lemon Essential Oil | Living Libations\",\"isPartOf\":{\"@id\":\"https:\/\/dutchhealthstore.com\/fr\/#website\"},\"primaryImageOfPage\":{\"@id\":\"https:\/\/dutchhealthstore.com\/fr\/product\/lemon-green-essential-oil\/#primaryimage\"},\"image\":{\"@id\":\"https:\/\/dutchhealthstore.com\/fr\/product\/lemon-green-essential-oil\/#primaryimage\"},\"thumbnailUrl\":\"https:\/\/dutchhealthstore.com\/wp-content\/uploads\/2021\/09\/Lemon-Green-Essential-\u2013-530x530-1.jpg\",\"datePublished\":\"2021-09-14T04:37:23+00:00\",\"dateModified\":\"2025-04-07T09:52:09+00:00\",\"description\":\"Le citron vert est le fruit de l'amour aromatique de la bergamote et de la verveine citronn\u00e9e et remplit l'air d'un ar\u00f4me appr\u00e9ci\u00e9 de tous.\",\"breadcrumb\":{\"@id\":\"https:\/\/dutchhealthstore.com\/fr\/product\/lemon-green-essential-oil\/#breadcrumb\"},\"inLanguage\":\"fr-FR\",\"potentialAction\":[{\"@type\":\"ReadAction\",\"target\":[\"https:\/\/dutchhealthstore.com\/fr\/product\/lemon-green-essential-oil\/\"]}]},{\"@type\":\"ImageObject\",\"inLanguage\":\"fr-FR\",\"@id\":\"https:\/\/dutchhealthstore.com\/fr\/product\/lemon-green-essential-oil\/#primaryimage\",\"url\":\"https:\/\/dutchhealthstore.com\/wp-content\/uploads\/2021\/09\/Lemon-Green-Essential-\u2013-530x530-1.jpg\",\"contentUrl\":\"https:\/\/dutchhealthstore.com\/wp-content\/uploads\/2021\/09\/Lemon-Green-Essential-\u2013-530x530-1.jpg\",\"width\":530,\"height\":530},{\"@type\":\"BreadcrumbList\",\"@id\":\"https:\/\/dutchhealthstore.com\/fr\/product\/lemon-green-essential-oil\/#breadcrumb\",\"itemListElement\":[{\"@type\":\"ListItem\",\"position\":1,\"name\":\"Home\",\"item\":\"https:\/\/dutchhealthstore.com\/fr\/\"},{\"@type\":\"ListItem\",\"position\":2,\"name\":\"Shop\",\"item\":\"https:\/\/dutchhealthstore.com\/fr\/shop\/\"},{\"@type\":\"ListItem\",\"position\":3,\"name\":\"Lemon, Green Essential Oil\"}]},{\"@type\":\"WebSite\",\"@id\":\"https:\/\/dutchhealthstore.com\/fr\/#website\",\"url\":\"https:\/\/dutchhealthstore.com\/fr\/\",\"name\":\"Dutch Health Store\",\"description\":\"Enhance Your Beauty with Organic &amp; Natural Skincare\",\"publisher\":{\"@id\":\"https:\/\/dutchhealthstore.com\/fr\/#organization\"},\"potentialAction\":[{\"@type\":\"SearchAction\",\"target\":{\"@type\":\"EntryPoint\",\"urlTemplate\":\"https:\/\/dutchhealthstore.com\/fr\/?s={search_term_string}\"},\"query-input\":{\"@type\":\"PropertyValueSpecification\",\"valueRequired\":true,\"valueName\":\"search_term_string\"}}],\"inLanguage\":\"fr-FR\"},{\"@type\":\"Organization\",\"@id\":\"https:\/\/dutchhealthstore.com\/fr\/#organization\",\"name\":\"Dutch Health Store\",\"url\":\"https:\/\/dutchhealthstore.com\/fr\/\",\"logo\":{\"@type\":\"ImageObject\",\"inLanguage\":\"fr-FR\",\"@id\":\"https:\/\/dutchhealthstore.com\/fr\/#\/schema\/logo\/image\/\",\"url\":\"https:\/\/dutchhealthstore.com\/wp-content\/uploads\/2020\/08\/logo-dutchhealthstore-jpg-e1599484957574.jpg\",\"contentUrl\":\"https:\/\/dutchhealthstore.com\/wp-content\/uploads\/2020\/08\/logo-dutchhealthstore-jpg-e1599484957574.jpg\",\"width\":400,\"height\":62,\"caption\":\"Dutch Health Store\"},\"image\":{\"@id\":\"https:\/\/dutchhealthstore.com\/fr\/#\/schema\/logo\/image\/\"},\"sameAs\":[\"https:\/\/www.instagram.com\/dutchhealthstore\/\",\"https:\/\/www.facebook.com\/dutchhealthstore\"]}]}<\/script>\n<meta property=\"product:brand\" content=\"Living Libations\" \/>\n<meta property=\"og:availability\" content=\"instock\" \/>\n<meta property=\"product:availability\" content=\"instock\" \/>\n<meta property=\"product:condition\" content=\"new\" \/>\n<!-- \/ Yoast SEO Premium plugin. -->","yoast_head_json":{"title":"Green Lemon Essential Oil | Living Libations","description":"Le citron vert est le fruit de l'amour aromatique de la bergamote et de la verveine citronn\u00e9e et remplit l'air d'un ar\u00f4me appr\u00e9ci\u00e9 de tous.","robots":{"index":"index","follow":"follow","max-snippet":"max-snippet:-1","max-image-preview":"max-image-preview:large","max-video-preview":"max-video-preview:-1"},"canonical":"https:\/\/dutchhealthstore.com\/fr\/product\/lemon-green-essential-oil\/","og_locale":"fr_FR","og_type":"article","og_title":"Lemon, Green Essential Oil - Dutch Health Store","og_description":"Le citron vert est le fruit de l'amour aromatique de la bergamote et de la verveine citronn\u00e9e et remplit l'air d'un ar\u00f4me appr\u00e9ci\u00e9 de tous.","og_url":"https:\/\/dutchhealthstore.com\/fr\/product\/lemon-green-essential-oil\/","og_site_name":"Dutch Health Store","article_publisher":"https:\/\/www.instagram.com\/dutchhealthstore\/","article_modified_time":"2025-04-07T09:52:09+00:00","og_image":[{"width":500,"height":500,"url":"https:\/\/dutchhealthstore.com\/wp-content\/uploads\/2021\/09\/green-lemon-1.jpg","type":"image\/jpeg"}],"twitter_card":"summary_large_image","twitter_misc":{"Disponibilit\u00e9":"En stock"},"schema":{"@context":"https:\/\/schema.org","@graph":[{"@type":"WebPage","@id":"https:\/\/dutchhealthstore.com\/fr\/product\/lemon-green-essential-oil\/","url":"https:\/\/dutchhealthstore.com\/fr\/product\/lemon-green-essential-oil\/","name":"Green Lemon Essential Oil | Living Libations","isPartOf":{"@id":"https:\/\/dutchhealthstore.com\/fr\/#website"},"primaryImageOfPage":{"@id":"https:\/\/dutchhealthstore.com\/fr\/product\/lemon-green-essential-oil\/#primaryimage"},"image":{"@id":"https:\/\/dutchhealthstore.com\/fr\/product\/lemon-green-essential-oil\/#primaryimage"},"thumbnailUrl":"https:\/\/dutchhealthstore.com\/wp-content\/uploads\/2021\/09\/Lemon-Green-Essential-\u2013-530x530-1.jpg","datePublished":"2021-09-14T04:37:23+00:00","dateModified":"2025-04-07T09:52:09+00:00","description":"Le citron vert est le fruit de l'amour aromatique de la bergamote et de la verveine citronn\u00e9e et remplit l'air d'un ar\u00f4me appr\u00e9ci\u00e9 de tous.","breadcrumb":{"@id":"https:\/\/dutchhealthstore.com\/fr\/product\/lemon-green-essential-oil\/#breadcrumb"},"inLanguage":"fr-FR","potentialAction":[{"@type":"ReadAction","target":["https:\/\/dutchhealthstore.com\/fr\/product\/lemon-green-essential-oil\/"]}]},{"@type":"ImageObject","inLanguage":"fr-FR","@id":"https:\/\/dutchhealthstore.com\/fr\/product\/lemon-green-essential-oil\/#primaryimage","url":"https:\/\/dutchhealthstore.com\/wp-content\/uploads\/2021\/09\/Lemon-Green-Essential-\u2013-530x530-1.jpg","contentUrl":"https:\/\/dutchhealthstore.com\/wp-content\/uploads\/2021\/09\/Lemon-Green-Essential-\u2013-530x530-1.jpg","width":530,"height":530},{"@type":"BreadcrumbList","@id":"https:\/\/dutchhealthstore.com\/fr\/product\/lemon-green-essential-oil\/#breadcrumb","itemListElement":[{"@type":"ListItem","position":1,"name":"Home","item":"https:\/\/dutchhealthstore.com\/fr\/"},{"@type":"ListItem","position":2,"name":"Shop","item":"https:\/\/dutchhealthstore.com\/fr\/shop\/"},{"@type":"ListItem","position":3,"name":"Lemon, Green Essential Oil"}]},{"@type":"WebSite","@id":"https:\/\/dutchhealthstore.com\/fr\/#website","url":"https:\/\/dutchhealthstore.com\/fr\/","name":"Dutch Health Store","description":"Enhance Your Beauty with Organic &amp; Natural Skincare","publisher":{"@id":"https:\/\/dutchhealthstore.com\/fr\/#organization"},"potentialAction":[{"@type":"SearchAction","target":{"@type":"EntryPoint","urlTemplate":"https:\/\/dutchhealthstore.com\/fr\/?s={search_term_string}"},"query-input":{"@type":"PropertyValueSpecification","valueRequired":true,"valueName":"search_term_string"}}],"inLanguage":"fr-FR"},{"@type":"Organization","@id":"https:\/\/dutchhealthstore.com\/fr\/#organization","name":"Dutch Health Store","url":"https:\/\/dutchhealthstore.com\/fr\/","logo":{"@type":"ImageObject","inLanguage":"fr-FR","@id":"https:\/\/dutchhealthstore.com\/fr\/#\/schema\/logo\/image\/","url":"https:\/\/dutchhealthstore.com\/wp-content\/uploads\/2020\/08\/logo-dutchhealthstore-jpg-e1599484957574.jpg","contentUrl":"https:\/\/dutchhealthstore.com\/wp-content\/uploads\/2020\/08\/logo-dutchhealthstore-jpg-e1599484957574.jpg","width":400,"height":62,"caption":"Dutch Health Store"},"image":{"@id":"https:\/\/dutchhealthstore.com\/fr\/#\/schema\/logo\/image\/"},"sameAs":["https:\/\/www.instagram.com\/dutchhealthstore\/","https:\/\/www.facebook.com\/dutchhealthstore"]}]},"product_brand":"Living Libations","og_availability":"instock","product_availability":"instock","product_condition":"new"},"_links":{"self":[{"href":"https:\/\/dutchhealthstore.com\/fr\/wp-json\/wp\/v2\/product\/187164","targetHints":{"allow":["GET"]}}],"collection":[{"href":"https:\/\/dutchhealthstore.com\/fr\/wp-json\/wp\/v2\/product"}],"about":[{"href":"https:\/\/dutchhealthstore.com\/fr\/wp-json\/wp\/v2\/types\/product"}],"replies":[{"embeddable":true,"href":"https:\/\/dutchhealthstore.com\/fr\/wp-json\/wp\/v2\/comments?post=187164"}],"wp:featuredmedia":[{"embeddable":true,"href":"https:\/\/dutchhealthstore.com\/fr\/wp-json\/wp\/v2\/media\/337351"}],"wp:attachment":[{"href":"https:\/\/dutchhealthstore.com\/fr\/wp-json\/wp\/v2\/media?parent=187164"}],"wp:term":[{"taxonomy":"product_brand","embeddable":true,"href":"https:\/\/dutchhealthstore.com\/fr\/wp-json\/wp\/v2\/product_brand?post=187164"},{"taxonomy":"product_cat","embeddable":true,"href":"https:\/\/dutchhealthstore.com\/fr\/wp-json\/wp\/v2\/product_cat?post=187164"},{"taxonomy":"product_tag","embeddable":true,"href":"https:\/\/dutchhealthstore.com\/fr\/wp-json\/wp\/v2\/product_tag?post=187164"}],"curies":[{"name":"wp","href":"https:\/\/api.w.org\/{rel}","templated":true}]}}