{"id":186909,"date":"2021-09-13T13:47:16","date_gmt":"2021-09-13T11:47:16","guid":{"rendered":"https:\/\/dutchhealthstore.com\/product\/limetta-essential-oil\/"},"modified":"2024-01-08T14:51:40","modified_gmt":"2024-01-08T14:51:40","slug":"limetta-essential-oil","status":"publish","type":"product","link":"https:\/\/dutchhealthstore.com\/fr\/product\/limetta-essential-oil\/","title":{"rendered":"Limetta Essential Oil"},"content":{"rendered":"<p><strong>Nom botanique :<\/strong> Citrus limetta<a href=\"https:\/\/dutchhealthstore.com\/wp-content\/uploads\/2019\/08\/NEW-Living-Libations-Logo.jpg\"><img decoding=\"async\" class=\"size-full wp-image-69549 alignright\" src=\"https:\/\/dutchhealthstore.com\/wp-content\/uploads\/2019\/08\/NEW-Living-Libations-Logo.jpg\" alt=\"NEW - Living Libations - Logo\" width=\"175\" height=\"82\"><\/a><br \/>\n<strong>Famille botanique :<\/strong> Rutaceae<br \/>\n<strong>M\u00e9thode d&rsquo;extraction<\/strong> : Distillation \u00e0 la vapeur<br \/>\n<strong>Partie de la plante distill\u00e9e :<\/strong> \u00c9corce<br \/>\n<strong>Pays d&rsquo;origine :<\/strong> Italie<br \/>\n<strong>M\u00e9thode de culture :<\/strong> Organique<br \/>\n<strong>Composition :<\/strong> 100% Citrus limetta<br \/>\n<strong>Consistance<\/strong>: Viscosit\u00e9 fine<\/p>\n<h3>Description de l&rsquo;odeur<\/h3>\n<p>Parfum ensoleill\u00e9 et sucr\u00e9 semblable \u00e0 celui d&rsquo;une margarita. Presque plus de citron vert qu&rsquo;un vrai citron vert.<\/p>\n<h3>Se marie bien avec<\/h3>\n<p>Lavande, Santal, Encens, Coriandre, Rose, Jasmin, Ylang, Pamplemousse, Citron, Patchouli, N\u00e9roli, Vanille, Bergamote, V\u00e9tiver, Romarin, Laurier et C\u00e8dre.<\/p>\n<h3>Composants<\/h3>\n<p>D-limon\u00e8ne (92,35%), Myrc\u00e8ne et Linalol.<\/p>\n<h3>Utiliser<\/h3>\n<p>Des d\u00e9lices culinaires, des margaritas aux tequilas, des cheesecakes aux g\u00e2teaux sal\u00e9s. Smoothies, th\u00e9s, hydromels et miels de gu\u00e9rison. Sublime dans les bains et les soins de la peau, et rafra\u00eechissant dans les eaux de Cologne et les parfums.<br \/>\nContre-indication : Photosensible. Ne pas utiliser sur une peau directement expos\u00e9e au soleil. Diluer pour utiliser.<\/p>\n<p>Esp\u00e8ce distincte du Lime et du Lemon, la Limetta est n\u00e9e de l&rsquo;accouplement du Citron et d&rsquo;une Orange am\u00e8re quelque part dans le sud de l&rsquo;Iran, il y a bien longtemps. Le Limetta est un grand arbre \u00e9pineux aux longues feuilles elliptiques et aux fleurs blanches d\u00e9licatement parfum\u00e9es. Le fruit sph\u00e9rique, comestible, est de la taille d&rsquo;une orange avec une peau jaune verd\u00e2tre aromatique. Les graines de limette ont \u00e9t\u00e9 transport\u00e9es par des commer\u00e7ants itin\u00e9rants vers l&rsquo;Europe o\u00f9 les agrumes poussent le long du littoral m\u00e9diterran\u00e9en.<\/p>\n<p>Notre Limetta Essential Oil vient d&rsquo;Italie o\u00f9 la longue et chaude saison estivale permet aux agrumes de m\u00fbrir pleinement. Le fruit est r\u00e9colt\u00e9 pour son jus vert aigre-doux et les \u00e9corces sont distill\u00e9es \u00e0 la vapeur pour produire de petits volumes d&rsquo;essence de margarita-lime qui picote le nez et la langue. Enregistr\u00e9e comme GRAS par la FDA, Limetta Essential Oil est convoit\u00e9e pour les confections et cr\u00e9ations culinaires de toutes sortes, des friandises sucr\u00e9es aux s\u00e9lections sal\u00e9es en passant par les boissons rafra\u00eechissantes. Une goutte dans votre boisson rafra\u00eechit la palette et une goutte dans de l&rsquo;alo\u00e8s frais ou votre s\u00e9rum pr\u00e9f\u00e9r\u00e9 rafra\u00eechit votre visage.<\/p>\n<p><strong>Taille : 5 ml et 15 ml<\/strong><\/p>\n<h3>Ingr\u00e9dients biologiques<\/h3>\n<p>100% d&rsquo;huile essentielle de limette (citrus limetta).<\/p>\n<p><a href=\"https:\/\/dutchhealthstore.com\/wp-content\/uploads\/2018\/03\/organic_big.png\"><img fetchpriority=\"high\" decoding=\"async\" class=\"size-full wp-image-31577 aligncenter\" src=\"https:\/\/dutchhealthstore.com\/wp-content\/uploads\/2018\/03\/organic_big.png\" alt=\"Organic and Natural - Living Libations\" width=\"623\" height=\"103\" srcset=\"https:\/\/dutchhealthstore.com\/wp-content\/uploads\/2018\/03\/organic_big.png 623w, https:\/\/dutchhealthstore.com\/wp-content\/uploads\/2018\/03\/organic_big-510x84.png 510w, https:\/\/dutchhealthstore.com\/wp-content\/uploads\/2018\/03\/organic_big-600x99.png 600w, https:\/\/dutchhealthstore.com\/wp-content\/uploads\/2018\/03\/organic_big-350x58.png 350w\" sizes=\"(max-width: 623px) 100vw, 623px\" \/><\/a><\/p>\n","protected":false},"excerpt":{"rendered":"<p>Levez votre verre \u00e0 la douce Limetta !<\/p>\n<p>Le Limetta est un cousin des agrumes, floral, aigre-doux, qui est un d\u00e9lice culinaire. Presque plus citron vert que citron vert, notre Limetta Essential Oil aromatique est une margarita dans une bouteille. Cette essence juteuse de jours ensoleill\u00e9s et de boissons fruit\u00e9es est press\u00e9e \u00e0 partir de pelures luxuriantes et \u00e9paisses d\u00e9bordant de fra\u00eecheur et de plaisir.<\/p>\n","protected":false},"featured_media":337420,"comment_status":"open","ping_status":"closed","template":"","meta":[],"product_brand":[],"product_cat":[1507,6734,1211,1209,1030,3757,1010,6733],"product_tag":[4495],"class_list":{"0":"post-186909","1":"product","2":"type-product","3":"status-publish","4":"has-post-thumbnail","6":"product_cat-plantes-huiles-essentielles-living-libations","7":"product_cat-essential-oils","8":"product_cat-living-libations-france","9":"product_cat-par-marques","10":"product_cat-par-produits","11":"product_cat-plantes-huiles-essentielles","12":"product_cat-notre-boutique","13":"product_cat-wellness-fr-2","14":"product_tag-essential-oil-fr","15":"pa_brand-livinglibations-fr","16":"pa_essential-oils-product-type-essential-oils-fr","17":"pa_size-15-ml-fr","18":"pa_size-5-ml-fr","20":"first","21":"instock","22":"taxable","23":"shipping-taxable","24":"purchasable","25":"product-type-variable"},"bundled_by":[],"bundle_stock_status":"instock","bundle_stock_quantity":null,"bundle_virtual":false,"bundle_layout":"","bundle_add_to_cart_form_location":"","bundle_editable_in_cart":false,"bundle_sold_individually_context":"","bundle_item_grouping":"","bundle_min_size":"","bundle_max_size":"","bundle_price":[],"bundled_items":[],"bundle_sell_ids":[],"atum_controlled":true,"out_stock_date":null,"out_stock_threshold":null,"inheritable":true,"stock_on_hold":0,"sold_today":0,"sales_last_days":0,"out_stock_days":0,"lost_sales":0,"update_date":"2026-04-30T00:13:57","atum_locations":[],"atum_stock_status":"instock","restock_status":false,"low_stock_amount":"","sales_update_date":"2026-04-30T00:13:57","calc_backorders":null,"group_of_quantity":0,"min_quantity":0,"max_quantity":"","exclude_order_quantity_value_rules":"no","exclude_category_quantity_rules":"no","combine_variations":"no","yoast_head":"<!-- This site is optimized with the Yoast SEO Premium plugin v26.5 (Yoast SEO v26.5) - https:\/\/yoast.com\/wordpress\/plugins\/seo\/ -->\n<title>Limetta Essential Oil | Living Libations<\/title>\n<meta name=\"description\" content=\"Le Limetta est un cousin des agrumes, floral, aigre-doux, qui est un d\u00e9lice culinaire. Presque plus citron vert que citron vert, notre Limetta Essential Oil aromatique est une margarita dans une bouteille.\" \/>\n<meta name=\"robots\" content=\"index, follow, max-snippet:-1, max-image-preview:large, max-video-preview:-1\" \/>\n<link rel=\"canonical\" href=\"https:\/\/dutchhealthstore.com\/fr\/product\/limetta-essential-oil\/\" \/>\n<meta property=\"og:locale\" content=\"fr_FR\" \/>\n<meta property=\"og:type\" content=\"article\" \/>\n<meta property=\"og:title\" content=\"Limetta Essential Oil - Dutch Health Store\" \/>\n<meta property=\"og:description\" content=\"Le Limetta est un cousin des agrumes, floral, aigre-doux, qui est un d\u00e9lice culinaire. Presque plus citron vert que citron vert, notre Limetta Essential Oil aromatique est une margarita dans une bouteille.\" \/>\n<meta property=\"og:url\" content=\"https:\/\/dutchhealthstore.com\/fr\/product\/limetta-essential-oil\/\" \/>\n<meta property=\"og:site_name\" content=\"Dutch Health Store\" \/>\n<meta property=\"article:publisher\" content=\"https:\/\/www.instagram.com\/dutchhealthstore\/\" \/>\n<meta property=\"article:modified_time\" content=\"2024-01-08T14:51:40+00:00\" \/>\n<meta property=\"og:image\" content=\"https:\/\/dutchhealthstore.com\/wp-content\/uploads\/2021\/09\/limetta-1.jpg\" \/>\n\t<meta property=\"og:image:width\" content=\"500\" \/>\n\t<meta property=\"og:image:height\" content=\"500\" \/>\n\t<meta property=\"og:image:type\" content=\"image\/jpeg\" \/>\n<meta name=\"twitter:card\" content=\"summary_large_image\" \/>\n<meta name=\"twitter:label1\" content=\"Disponibilit\u00e9\" \/>\n\t<meta name=\"twitter:data1\" content=\"En stock\" \/>\n<script type=\"application\/ld+json\" class=\"yoast-schema-graph\">{\"@context\":\"https:\/\/schema.org\",\"@graph\":[{\"@type\":\"WebPage\",\"@id\":\"https:\/\/dutchhealthstore.com\/fr\/product\/limetta-essential-oil\/\",\"url\":\"https:\/\/dutchhealthstore.com\/fr\/product\/limetta-essential-oil\/\",\"name\":\"Limetta Essential Oil | Living Libations\",\"isPartOf\":{\"@id\":\"https:\/\/dutchhealthstore.com\/fr\/#website\"},\"primaryImageOfPage\":{\"@id\":\"https:\/\/dutchhealthstore.com\/fr\/product\/limetta-essential-oil\/#primaryimage\"},\"image\":{\"@id\":\"https:\/\/dutchhealthstore.com\/fr\/product\/limetta-essential-oil\/#primaryimage\"},\"thumbnailUrl\":\"https:\/\/dutchhealthstore.com\/wp-content\/uploads\/2021\/09\/2025-04-15-13_36_38-Limetta-Essential-Oil-\u2013-Living-Libations-INT.jpg\",\"datePublished\":\"2021-09-13T11:47:16+00:00\",\"dateModified\":\"2024-01-08T14:51:40+00:00\",\"description\":\"Le Limetta est un cousin des agrumes, floral, aigre-doux, qui est un d\u00e9lice culinaire. Presque plus citron vert que citron vert, notre Limetta Essential Oil aromatique est une margarita dans une bouteille.\",\"breadcrumb\":{\"@id\":\"https:\/\/dutchhealthstore.com\/fr\/product\/limetta-essential-oil\/#breadcrumb\"},\"inLanguage\":\"fr-FR\",\"potentialAction\":[{\"@type\":\"ReadAction\",\"target\":[\"https:\/\/dutchhealthstore.com\/fr\/product\/limetta-essential-oil\/\"]}]},{\"@type\":\"ImageObject\",\"inLanguage\":\"fr-FR\",\"@id\":\"https:\/\/dutchhealthstore.com\/fr\/product\/limetta-essential-oil\/#primaryimage\",\"url\":\"https:\/\/dutchhealthstore.com\/wp-content\/uploads\/2021\/09\/2025-04-15-13_36_38-Limetta-Essential-Oil-\u2013-Living-Libations-INT.jpg\",\"contentUrl\":\"https:\/\/dutchhealthstore.com\/wp-content\/uploads\/2021\/09\/2025-04-15-13_36_38-Limetta-Essential-Oil-\u2013-Living-Libations-INT.jpg\",\"width\":530,\"height\":530},{\"@type\":\"BreadcrumbList\",\"@id\":\"https:\/\/dutchhealthstore.com\/fr\/product\/limetta-essential-oil\/#breadcrumb\",\"itemListElement\":[{\"@type\":\"ListItem\",\"position\":1,\"name\":\"Home\",\"item\":\"https:\/\/dutchhealthstore.com\/fr\/\"},{\"@type\":\"ListItem\",\"position\":2,\"name\":\"Shop\",\"item\":\"https:\/\/dutchhealthstore.com\/fr\/shop\/\"},{\"@type\":\"ListItem\",\"position\":3,\"name\":\"Limetta Essential Oil\"}]},{\"@type\":\"WebSite\",\"@id\":\"https:\/\/dutchhealthstore.com\/fr\/#website\",\"url\":\"https:\/\/dutchhealthstore.com\/fr\/\",\"name\":\"Dutch Health Store\",\"description\":\"Enhance Your Beauty with Organic &amp; Natural Skincare\",\"publisher\":{\"@id\":\"https:\/\/dutchhealthstore.com\/fr\/#organization\"},\"potentialAction\":[{\"@type\":\"SearchAction\",\"target\":{\"@type\":\"EntryPoint\",\"urlTemplate\":\"https:\/\/dutchhealthstore.com\/fr\/?s={search_term_string}\"},\"query-input\":{\"@type\":\"PropertyValueSpecification\",\"valueRequired\":true,\"valueName\":\"search_term_string\"}}],\"inLanguage\":\"fr-FR\"},{\"@type\":\"Organization\",\"@id\":\"https:\/\/dutchhealthstore.com\/fr\/#organization\",\"name\":\"Dutch Health Store\",\"url\":\"https:\/\/dutchhealthstore.com\/fr\/\",\"logo\":{\"@type\":\"ImageObject\",\"inLanguage\":\"fr-FR\",\"@id\":\"https:\/\/dutchhealthstore.com\/fr\/#\/schema\/logo\/image\/\",\"url\":\"https:\/\/dutchhealthstore.com\/wp-content\/uploads\/2020\/08\/logo-dutchhealthstore-jpg-e1599484957574.jpg\",\"contentUrl\":\"https:\/\/dutchhealthstore.com\/wp-content\/uploads\/2020\/08\/logo-dutchhealthstore-jpg-e1599484957574.jpg\",\"width\":400,\"height\":62,\"caption\":\"Dutch Health Store\"},\"image\":{\"@id\":\"https:\/\/dutchhealthstore.com\/fr\/#\/schema\/logo\/image\/\"},\"sameAs\":[\"https:\/\/www.instagram.com\/dutchhealthstore\/\",\"https:\/\/www.facebook.com\/dutchhealthstore\"]}]}<\/script>\n<meta property=\"product:brand\" content=\"Living Libations\" \/>\n<meta property=\"og:availability\" content=\"instock\" \/>\n<meta property=\"product:availability\" content=\"instock\" \/>\n<meta property=\"product:condition\" content=\"new\" \/>\n<!-- \/ Yoast SEO Premium plugin. -->","yoast_head_json":{"title":"Limetta Essential Oil | Living Libations","description":"Le Limetta est un cousin des agrumes, floral, aigre-doux, qui est un d\u00e9lice culinaire. Presque plus citron vert que citron vert, notre Limetta Essential Oil aromatique est une margarita dans une bouteille.","robots":{"index":"index","follow":"follow","max-snippet":"max-snippet:-1","max-image-preview":"max-image-preview:large","max-video-preview":"max-video-preview:-1"},"canonical":"https:\/\/dutchhealthstore.com\/fr\/product\/limetta-essential-oil\/","og_locale":"fr_FR","og_type":"article","og_title":"Limetta Essential Oil - Dutch Health Store","og_description":"Le Limetta est un cousin des agrumes, floral, aigre-doux, qui est un d\u00e9lice culinaire. Presque plus citron vert que citron vert, notre Limetta Essential Oil aromatique est une margarita dans une bouteille.","og_url":"https:\/\/dutchhealthstore.com\/fr\/product\/limetta-essential-oil\/","og_site_name":"Dutch Health Store","article_publisher":"https:\/\/www.instagram.com\/dutchhealthstore\/","article_modified_time":"2024-01-08T14:51:40+00:00","og_image":[{"width":500,"height":500,"url":"https:\/\/dutchhealthstore.com\/wp-content\/uploads\/2021\/09\/limetta-1.jpg","type":"image\/jpeg"}],"twitter_card":"summary_large_image","twitter_misc":{"Disponibilit\u00e9":"En stock"},"schema":{"@context":"https:\/\/schema.org","@graph":[{"@type":"WebPage","@id":"https:\/\/dutchhealthstore.com\/fr\/product\/limetta-essential-oil\/","url":"https:\/\/dutchhealthstore.com\/fr\/product\/limetta-essential-oil\/","name":"Limetta Essential Oil | Living Libations","isPartOf":{"@id":"https:\/\/dutchhealthstore.com\/fr\/#website"},"primaryImageOfPage":{"@id":"https:\/\/dutchhealthstore.com\/fr\/product\/limetta-essential-oil\/#primaryimage"},"image":{"@id":"https:\/\/dutchhealthstore.com\/fr\/product\/limetta-essential-oil\/#primaryimage"},"thumbnailUrl":"https:\/\/dutchhealthstore.com\/wp-content\/uploads\/2021\/09\/2025-04-15-13_36_38-Limetta-Essential-Oil-\u2013-Living-Libations-INT.jpg","datePublished":"2021-09-13T11:47:16+00:00","dateModified":"2024-01-08T14:51:40+00:00","description":"Le Limetta est un cousin des agrumes, floral, aigre-doux, qui est un d\u00e9lice culinaire. Presque plus citron vert que citron vert, notre Limetta Essential Oil aromatique est une margarita dans une bouteille.","breadcrumb":{"@id":"https:\/\/dutchhealthstore.com\/fr\/product\/limetta-essential-oil\/#breadcrumb"},"inLanguage":"fr-FR","potentialAction":[{"@type":"ReadAction","target":["https:\/\/dutchhealthstore.com\/fr\/product\/limetta-essential-oil\/"]}]},{"@type":"ImageObject","inLanguage":"fr-FR","@id":"https:\/\/dutchhealthstore.com\/fr\/product\/limetta-essential-oil\/#primaryimage","url":"https:\/\/dutchhealthstore.com\/wp-content\/uploads\/2021\/09\/2025-04-15-13_36_38-Limetta-Essential-Oil-\u2013-Living-Libations-INT.jpg","contentUrl":"https:\/\/dutchhealthstore.com\/wp-content\/uploads\/2021\/09\/2025-04-15-13_36_38-Limetta-Essential-Oil-\u2013-Living-Libations-INT.jpg","width":530,"height":530},{"@type":"BreadcrumbList","@id":"https:\/\/dutchhealthstore.com\/fr\/product\/limetta-essential-oil\/#breadcrumb","itemListElement":[{"@type":"ListItem","position":1,"name":"Home","item":"https:\/\/dutchhealthstore.com\/fr\/"},{"@type":"ListItem","position":2,"name":"Shop","item":"https:\/\/dutchhealthstore.com\/fr\/shop\/"},{"@type":"ListItem","position":3,"name":"Limetta Essential Oil"}]},{"@type":"WebSite","@id":"https:\/\/dutchhealthstore.com\/fr\/#website","url":"https:\/\/dutchhealthstore.com\/fr\/","name":"Dutch Health Store","description":"Enhance Your Beauty with Organic &amp; Natural Skincare","publisher":{"@id":"https:\/\/dutchhealthstore.com\/fr\/#organization"},"potentialAction":[{"@type":"SearchAction","target":{"@type":"EntryPoint","urlTemplate":"https:\/\/dutchhealthstore.com\/fr\/?s={search_term_string}"},"query-input":{"@type":"PropertyValueSpecification","valueRequired":true,"valueName":"search_term_string"}}],"inLanguage":"fr-FR"},{"@type":"Organization","@id":"https:\/\/dutchhealthstore.com\/fr\/#organization","name":"Dutch Health Store","url":"https:\/\/dutchhealthstore.com\/fr\/","logo":{"@type":"ImageObject","inLanguage":"fr-FR","@id":"https:\/\/dutchhealthstore.com\/fr\/#\/schema\/logo\/image\/","url":"https:\/\/dutchhealthstore.com\/wp-content\/uploads\/2020\/08\/logo-dutchhealthstore-jpg-e1599484957574.jpg","contentUrl":"https:\/\/dutchhealthstore.com\/wp-content\/uploads\/2020\/08\/logo-dutchhealthstore-jpg-e1599484957574.jpg","width":400,"height":62,"caption":"Dutch Health Store"},"image":{"@id":"https:\/\/dutchhealthstore.com\/fr\/#\/schema\/logo\/image\/"},"sameAs":["https:\/\/www.instagram.com\/dutchhealthstore\/","https:\/\/www.facebook.com\/dutchhealthstore"]}]},"product_brand":"Living Libations","og_availability":"instock","product_availability":"instock","product_condition":"new"},"_links":{"self":[{"href":"https:\/\/dutchhealthstore.com\/fr\/wp-json\/wp\/v2\/product\/186909","targetHints":{"allow":["GET"]}}],"collection":[{"href":"https:\/\/dutchhealthstore.com\/fr\/wp-json\/wp\/v2\/product"}],"about":[{"href":"https:\/\/dutchhealthstore.com\/fr\/wp-json\/wp\/v2\/types\/product"}],"replies":[{"embeddable":true,"href":"https:\/\/dutchhealthstore.com\/fr\/wp-json\/wp\/v2\/comments?post=186909"}],"wp:featuredmedia":[{"embeddable":true,"href":"https:\/\/dutchhealthstore.com\/fr\/wp-json\/wp\/v2\/media\/337420"}],"wp:attachment":[{"href":"https:\/\/dutchhealthstore.com\/fr\/wp-json\/wp\/v2\/media?parent=186909"}],"wp:term":[{"taxonomy":"product_brand","embeddable":true,"href":"https:\/\/dutchhealthstore.com\/fr\/wp-json\/wp\/v2\/product_brand?post=186909"},{"taxonomy":"product_cat","embeddable":true,"href":"https:\/\/dutchhealthstore.com\/fr\/wp-json\/wp\/v2\/product_cat?post=186909"},{"taxonomy":"product_tag","embeddable":true,"href":"https:\/\/dutchhealthstore.com\/fr\/wp-json\/wp\/v2\/product_tag?post=186909"}],"curies":[{"name":"wp","href":"https:\/\/api.w.org\/{rel}","templated":true}]}}