{"id":180225,"date":"2021-12-24T12:34:22","date_gmt":"2021-12-24T11:34:22","guid":{"rendered":"https:\/\/dutchhealthstore.com\/product\/frankincense-frereana-essential-oil\/"},"modified":"2025-07-22T19:51:42","modified_gmt":"2025-07-22T17:51:42","slug":"frankincense-frereana-essential-oil","status":"publish","type":"product","link":"https:\/\/dutchhealthstore.com\/fr\/product\/frankincense-frereana-essential-oil\/","title":{"rendered":"Frankincense, Frereana Essential Oil"},"content":{"rendered":"<p><img decoding=\"async\" class=\"alignright\" src=\"https:\/\/dutchhealthstore.com\/wp-content\/uploads\/2019\/08\/NEW-Living-Libations-Logo.jpg\" alt=\"NEW - Living Libations - Logo\"><\/p>\n<p>Cette croissance \u00e9lev\u00e9e produit une s\u00e8ve jaune d&rsquo;or qui distille un profil terp\u00e9nique unique, ce qui lui vaut sa r\u00e9putation d&rsquo;encens royal. <strong>Frereana Frankincense<\/strong> Essential Oil est une solution apaisante qui fortifie et pacifie, adoucit les rides et remet le p\u00e9tillement dans vos orteils. Sentez-vous fortifi\u00e9 \u00e0 l&rsquo;int\u00e9rieur gr\u00e2ce \u00e0 l&rsquo;ar\u00f4me de la fortitude parfum\u00e9e de Frereana.<\/p>\n<p><strong>Nom botanique :<\/strong> <em>Boswellia frereana<\/em><br \/>\n<strong>Famille botanique :<\/strong><strong> <\/strong><em>Burseraceae<\/em><br \/>\n<strong>M\u00e9thode d&rsquo;extraction <\/strong>: Hydro distill\u00e9<br \/>\n<strong>Partie de la plante distill\u00e9e :<\/strong> R\u00e9sine<br \/>\n<strong>Pays d&rsquo;origine :<\/strong> Somalie<br \/>\n<strong>M\u00e9thode de culture :<\/strong> Organique<br \/>\n<strong>Composition :<\/strong> 100% <em>Boswellia frereana<\/em><br \/>\n<strong>Consistance :<\/strong> Viscosit\u00e9 fine<br \/>\n<strong>Description du parfum :<\/strong> Encens classique avec un sous-entendu bois\u00e9-r\u00e9sineux fra\u00eechement activ\u00e9 qui se transforme en une fascinante douceur fruit\u00e9e.<br \/>\n<strong>Se m\u00e9lange bien avec :<\/strong> Encens, Myrrhe, Hysope, Rose, Labdanum, Ciste, Nard, Ylang, Copaiba, Bergamote, Citron, Eucalyptus, Menthe poivr\u00e9e, Bouleau doux, Poivre noir, Marjolaine et Camomille.<br \/>\n<strong>Composants :<\/strong> alpha-Thujene, Limonene, alpha-Pinene, Sabinene, et para-cymene<strong>. <\/strong>Le<em> Boswellia carterii <\/em>classique apporte une forte teneur en alpha-Pin\u00e8ne avec un peu d&rsquo;alpha-Thuj\u00e8ne, tandis que le <em>Boswellia frereana <\/em>se distingue par sa forte teneur en alpha-Thuj\u00e8ne avec une touche d&rsquo;alpha-Pin\u00e8ne.<\/p>\n<h3>Utilisations<\/h3>\n<p>Huiles de massage et compresses chauffantes. Ajoute une note audacieuse aux parfums. Satisfaisant et fortifiant pour la peau. Une petite touche suffit aux endroits tendus ou un massage complet pour faire fondre les muscles.<\/p>\n<p>Blithe<em> Boswellia frereana, <\/em>\u00e9galement connu sous le nom d&rsquo;encens Maydi, est un arbre robuste et long\u00e9vif qui pousse \u00e0 haute altitude sur les hauts plateaux calcaires br\u00fbl\u00e9s par le sable de Somalie. Il est tellement appr\u00e9ci\u00e9 qu&rsquo;un seul arbre est souvent offert en h\u00e9ritage.<\/p>\n<p>Cet encensoir copte l\u00e9gendaire peut atteindre jusqu&rsquo;\u00e0 12 m\u00e8tres de haut, avec un tronc dont la circonf\u00e9rence peut atteindre deux m\u00e8tres. Au sommet de l&rsquo;arbre se trouve un ensemble de feuilles \u00e9troites, vertes et argent\u00e9es, l\u00e9g\u00e8rement fris\u00e9es sur les bords. De multiples couches d&rsquo;\u00e9corce de papyrus se d\u00e9tachent en bandes pour r\u00e9v\u00e9ler une couche transparente dor\u00e9e qui ressemble \u00e0 du papier huil\u00e9. Un robinet plac\u00e9 dans l&rsquo;\u00e9corce fait jaillir un flux de s\u00e8ve aromatique, blanc laiteux, qui durcit en une r\u00e9sine dor\u00e9e. Cette r\u00e9sine est distill\u00e9e \u00e0 la vapeur pour produire Frereana Frankincense Essential Oil. L&rsquo;entaillage, la collecte et la distillation sont une tradition tribale, et cet artisanat particulier est transmis de g\u00e9n\u00e9ration en g\u00e9n\u00e9ration.<\/p>\n<p>Les attributs r\u00e9solus de ce puissant arbre roi se retrouvent dans son huile essentielle restauratrice, qui est une mine de composants v\u00e9g\u00e9taux stimulants et fortifiants, tels que l&rsquo;a-thuj\u00e8ne et l&rsquo;a-pin\u00e8ne. Transform\u00e9 en s\u00e9rum super adoucissant, en huile de massage fondante ou m\u00e9lang\u00e9 \u00e0 de l&rsquo;argile pour faire une compresse, il fortifie et adoucit, ce qui permet de se lever et de partir plus facilement. Ce <em>Boswellia<\/em> donne de la vie \u00e0 la litote !<\/p>\n<p><strong>Taille : 5 ml et 15 ml<\/strong><\/p>\n<h3>Ingr\u00e9dients biologiques<\/h3>\n<p>100% huile <span style=\"font-size: 14.4px;\">essentielle<\/span> d&rsquo;encens frereana (Boswellia frereana).<\/p>\n","protected":false},"excerpt":{"rendered":"<p>Notre <em>roi <\/em> supr\u00eame<em>de l&rsquo;encens,<\/em> <strong>Frereana Frankincense<\/strong> de la Corne de l&rsquo;Afrique, Somaliland, est issu de hautes falaises calcaires.<\/p>\n<p>&nbsp;<\/p>\n","protected":false},"featured_media":175967,"comment_status":"open","ping_status":"closed","template":"","meta":[],"product_brand":[],"product_cat":[1507,6734,1211,1209,1030,3757,1010,6733],"product_tag":[4495],"class_list":{"0":"post-180225","1":"product","2":"type-product","3":"status-publish","4":"has-post-thumbnail","6":"product_cat-plantes-huiles-essentielles-living-libations","7":"product_cat-essential-oils","8":"product_cat-living-libations-france","9":"product_cat-par-marques","10":"product_cat-par-produits","11":"product_cat-plantes-huiles-essentielles","12":"product_cat-notre-boutique","13":"product_cat-wellness-fr-2","14":"product_tag-essential-oil-fr","15":"pa_brand-livinglibations-fr","16":"pa_essential-oils-product-type-essential-oils-fr","17":"pa_size-15-ml-fr","18":"pa_size-5-ml-fr","20":"first","21":"instock","22":"taxable","23":"shipping-taxable","24":"purchasable","25":"product-type-variable"},"bundled_by":[],"bundle_stock_status":"instock","bundle_stock_quantity":null,"bundle_virtual":false,"bundle_layout":"","bundle_add_to_cart_form_location":"","bundle_editable_in_cart":false,"bundle_sold_individually_context":"","bundle_item_grouping":"","bundle_min_size":"","bundle_max_size":"","bundle_price":[],"bundled_items":[],"bundle_sell_ids":[],"atum_controlled":true,"out_stock_date":null,"out_stock_threshold":null,"inheritable":true,"stock_on_hold":0,"sold_today":0,"sales_last_days":0,"out_stock_days":0,"lost_sales":0,"update_date":"2026-04-14T00:04:15","atum_locations":[],"atum_stock_status":"instock","restock_status":false,"low_stock_amount":"","sales_update_date":"2026-04-14T00:04:15","calc_backorders":null,"group_of_quantity":0,"min_quantity":0,"max_quantity":"","exclude_order_quantity_value_rules":"no","exclude_category_quantity_rules":"no","combine_variations":"no","yoast_head":"<!-- This site is optimized with the Yoast SEO Premium plugin v26.5 (Yoast SEO v26.5) - https:\/\/yoast.com\/wordpress\/plugins\/seo\/ -->\n<title>\u00c0 la recherche de Frankincense, Frereana Essential Oil ? Commandez Frankincense, Frereana Essential Oil aujourd&#039;hui chez Dutch Health Store. Contact personnel &amp; envoi rapide.<\/title>\n<meta name=\"description\" content=\"Frereana Frankincense Essential Oil est une solution apaisante qui fortifie et pacifie, adoucit les rides et redonne de l&#039;\u00e9clat \u00e0 vos orteils.\" \/>\n<meta name=\"robots\" content=\"index, follow, max-snippet:-1, max-image-preview:large, max-video-preview:-1\" \/>\n<link rel=\"canonical\" href=\"https:\/\/dutchhealthstore.com\/fr\/product\/frankincense-frereana-essential-oil\/\" \/>\n<meta property=\"og:locale\" content=\"fr_FR\" \/>\n<meta property=\"og:type\" content=\"article\" \/>\n<meta property=\"og:title\" content=\"Frankincense, Frereana Essential Oil - Dutch Health Store\" \/>\n<meta property=\"og:description\" content=\"Frereana Frankincense Essential Oil est une solution apaisante qui fortifie et pacifie, adoucit les rides et redonne de l&#039;\u00e9clat \u00e0 vos orteils.\" \/>\n<meta property=\"og:url\" content=\"https:\/\/dutchhealthstore.com\/fr\/product\/frankincense-frereana-essential-oil\/\" \/>\n<meta property=\"og:site_name\" content=\"Dutch Health Store\" \/>\n<meta property=\"article:publisher\" content=\"https:\/\/www.instagram.com\/dutchhealthstore\/\" \/>\n<meta property=\"article:modified_time\" content=\"2025-07-22T17:51:42+00:00\" \/>\n<meta property=\"og:image\" content=\"https:\/\/dutchhealthstore.com\/wp-content\/uploads\/2021\/11\/frankincense-frereana.jpg\" \/>\n\t<meta property=\"og:image:width\" content=\"500\" \/>\n\t<meta property=\"og:image:height\" content=\"500\" \/>\n\t<meta property=\"og:image:type\" content=\"image\/jpeg\" \/>\n<meta name=\"twitter:card\" content=\"summary_large_image\" \/>\n<meta name=\"twitter:label1\" content=\"Disponibilit\u00e9\" \/>\n\t<meta name=\"twitter:data1\" content=\"En stock\" \/>\n<script type=\"application\/ld+json\" class=\"yoast-schema-graph\">{\"@context\":\"https:\/\/schema.org\",\"@graph\":[{\"@type\":\"WebPage\",\"@id\":\"https:\/\/dutchhealthstore.com\/fr\/product\/frankincense-frereana-essential-oil\/\",\"url\":\"https:\/\/dutchhealthstore.com\/fr\/product\/frankincense-frereana-essential-oil\/\",\"name\":\"\u00c0 la recherche de Frankincense, Frereana Essential Oil ? Commandez Frankincense, Frereana Essential Oil aujourd'hui chez Dutch Health Store. Contact personnel & envoi rapide.\",\"isPartOf\":{\"@id\":\"https:\/\/dutchhealthstore.com\/fr\/#website\"},\"primaryImageOfPage\":{\"@id\":\"https:\/\/dutchhealthstore.com\/fr\/product\/frankincense-frereana-essential-oil\/#primaryimage\"},\"image\":{\"@id\":\"https:\/\/dutchhealthstore.com\/fr\/product\/frankincense-frereana-essential-oil\/#primaryimage\"},\"thumbnailUrl\":\"https:\/\/dutchhealthstore.com\/wp-content\/uploads\/2021\/11\/frankincense-frereana.jpg\",\"datePublished\":\"2021-12-24T11:34:22+00:00\",\"dateModified\":\"2025-07-22T17:51:42+00:00\",\"description\":\"Frereana Frankincense Essential Oil est une solution apaisante qui fortifie et pacifie, adoucit les rides et redonne de l'\u00e9clat \u00e0 vos orteils.\",\"breadcrumb\":{\"@id\":\"https:\/\/dutchhealthstore.com\/fr\/product\/frankincense-frereana-essential-oil\/#breadcrumb\"},\"inLanguage\":\"fr-FR\",\"potentialAction\":[{\"@type\":\"ReadAction\",\"target\":[\"https:\/\/dutchhealthstore.com\/fr\/product\/frankincense-frereana-essential-oil\/\"]}]},{\"@type\":\"ImageObject\",\"inLanguage\":\"fr-FR\",\"@id\":\"https:\/\/dutchhealthstore.com\/fr\/product\/frankincense-frereana-essential-oil\/#primaryimage\",\"url\":\"https:\/\/dutchhealthstore.com\/wp-content\/uploads\/2021\/11\/frankincense-frereana.jpg\",\"contentUrl\":\"https:\/\/dutchhealthstore.com\/wp-content\/uploads\/2021\/11\/frankincense-frereana.jpg\",\"width\":500,\"height\":500,\"caption\":\"frankincense frereana\"},{\"@type\":\"BreadcrumbList\",\"@id\":\"https:\/\/dutchhealthstore.com\/fr\/product\/frankincense-frereana-essential-oil\/#breadcrumb\",\"itemListElement\":[{\"@type\":\"ListItem\",\"position\":1,\"name\":\"Home\",\"item\":\"https:\/\/dutchhealthstore.com\/fr\/\"},{\"@type\":\"ListItem\",\"position\":2,\"name\":\"Shop\",\"item\":\"https:\/\/dutchhealthstore.com\/fr\/shop\/\"},{\"@type\":\"ListItem\",\"position\":3,\"name\":\"Frankincense, Frereana Essential Oil\"}]},{\"@type\":\"WebSite\",\"@id\":\"https:\/\/dutchhealthstore.com\/fr\/#website\",\"url\":\"https:\/\/dutchhealthstore.com\/fr\/\",\"name\":\"Dutch Health Store\",\"description\":\"Enhance Your Beauty with Organic &amp; Natural Skincare\",\"publisher\":{\"@id\":\"https:\/\/dutchhealthstore.com\/fr\/#organization\"},\"potentialAction\":[{\"@type\":\"SearchAction\",\"target\":{\"@type\":\"EntryPoint\",\"urlTemplate\":\"https:\/\/dutchhealthstore.com\/fr\/?s={search_term_string}\"},\"query-input\":{\"@type\":\"PropertyValueSpecification\",\"valueRequired\":true,\"valueName\":\"search_term_string\"}}],\"inLanguage\":\"fr-FR\"},{\"@type\":\"Organization\",\"@id\":\"https:\/\/dutchhealthstore.com\/fr\/#organization\",\"name\":\"Dutch Health Store\",\"url\":\"https:\/\/dutchhealthstore.com\/fr\/\",\"logo\":{\"@type\":\"ImageObject\",\"inLanguage\":\"fr-FR\",\"@id\":\"https:\/\/dutchhealthstore.com\/fr\/#\/schema\/logo\/image\/\",\"url\":\"https:\/\/dutchhealthstore.com\/wp-content\/uploads\/2020\/08\/logo-dutchhealthstore-jpg-e1599484957574.jpg\",\"contentUrl\":\"https:\/\/dutchhealthstore.com\/wp-content\/uploads\/2020\/08\/logo-dutchhealthstore-jpg-e1599484957574.jpg\",\"width\":400,\"height\":62,\"caption\":\"Dutch Health Store\"},\"image\":{\"@id\":\"https:\/\/dutchhealthstore.com\/fr\/#\/schema\/logo\/image\/\"},\"sameAs\":[\"https:\/\/www.instagram.com\/dutchhealthstore\/\",\"https:\/\/www.facebook.com\/dutchhealthstore\"]}]}<\/script>\n<meta property=\"product:brand\" content=\"Living Libations\" \/>\n<meta property=\"og:availability\" content=\"instock\" \/>\n<meta property=\"product:availability\" content=\"instock\" \/>\n<meta property=\"product:condition\" content=\"new\" \/>\n<!-- \/ Yoast SEO Premium plugin. -->","yoast_head_json":{"title":"\u00c0 la recherche de Frankincense, Frereana Essential Oil ? Commandez Frankincense, Frereana Essential Oil aujourd'hui chez Dutch Health Store. Contact personnel & envoi rapide.","description":"Frereana Frankincense Essential Oil est une solution apaisante qui fortifie et pacifie, adoucit les rides et redonne de l'\u00e9clat \u00e0 vos orteils.","robots":{"index":"index","follow":"follow","max-snippet":"max-snippet:-1","max-image-preview":"max-image-preview:large","max-video-preview":"max-video-preview:-1"},"canonical":"https:\/\/dutchhealthstore.com\/fr\/product\/frankincense-frereana-essential-oil\/","og_locale":"fr_FR","og_type":"article","og_title":"Frankincense, Frereana Essential Oil - Dutch Health Store","og_description":"Frereana Frankincense Essential Oil est une solution apaisante qui fortifie et pacifie, adoucit les rides et redonne de l'\u00e9clat \u00e0 vos orteils.","og_url":"https:\/\/dutchhealthstore.com\/fr\/product\/frankincense-frereana-essential-oil\/","og_site_name":"Dutch Health Store","article_publisher":"https:\/\/www.instagram.com\/dutchhealthstore\/","article_modified_time":"2025-07-22T17:51:42+00:00","og_image":[{"width":500,"height":500,"url":"https:\/\/dutchhealthstore.com\/wp-content\/uploads\/2021\/11\/frankincense-frereana.jpg","type":"image\/jpeg"}],"twitter_card":"summary_large_image","twitter_misc":{"Disponibilit\u00e9":"En stock"},"schema":{"@context":"https:\/\/schema.org","@graph":[{"@type":"WebPage","@id":"https:\/\/dutchhealthstore.com\/fr\/product\/frankincense-frereana-essential-oil\/","url":"https:\/\/dutchhealthstore.com\/fr\/product\/frankincense-frereana-essential-oil\/","name":"\u00c0 la recherche de Frankincense, Frereana Essential Oil ? Commandez Frankincense, Frereana Essential Oil aujourd'hui chez Dutch Health Store. Contact personnel & envoi rapide.","isPartOf":{"@id":"https:\/\/dutchhealthstore.com\/fr\/#website"},"primaryImageOfPage":{"@id":"https:\/\/dutchhealthstore.com\/fr\/product\/frankincense-frereana-essential-oil\/#primaryimage"},"image":{"@id":"https:\/\/dutchhealthstore.com\/fr\/product\/frankincense-frereana-essential-oil\/#primaryimage"},"thumbnailUrl":"https:\/\/dutchhealthstore.com\/wp-content\/uploads\/2021\/11\/frankincense-frereana.jpg","datePublished":"2021-12-24T11:34:22+00:00","dateModified":"2025-07-22T17:51:42+00:00","description":"Frereana Frankincense Essential Oil est une solution apaisante qui fortifie et pacifie, adoucit les rides et redonne de l'\u00e9clat \u00e0 vos orteils.","breadcrumb":{"@id":"https:\/\/dutchhealthstore.com\/fr\/product\/frankincense-frereana-essential-oil\/#breadcrumb"},"inLanguage":"fr-FR","potentialAction":[{"@type":"ReadAction","target":["https:\/\/dutchhealthstore.com\/fr\/product\/frankincense-frereana-essential-oil\/"]}]},{"@type":"ImageObject","inLanguage":"fr-FR","@id":"https:\/\/dutchhealthstore.com\/fr\/product\/frankincense-frereana-essential-oil\/#primaryimage","url":"https:\/\/dutchhealthstore.com\/wp-content\/uploads\/2021\/11\/frankincense-frereana.jpg","contentUrl":"https:\/\/dutchhealthstore.com\/wp-content\/uploads\/2021\/11\/frankincense-frereana.jpg","width":500,"height":500,"caption":"frankincense frereana"},{"@type":"BreadcrumbList","@id":"https:\/\/dutchhealthstore.com\/fr\/product\/frankincense-frereana-essential-oil\/#breadcrumb","itemListElement":[{"@type":"ListItem","position":1,"name":"Home","item":"https:\/\/dutchhealthstore.com\/fr\/"},{"@type":"ListItem","position":2,"name":"Shop","item":"https:\/\/dutchhealthstore.com\/fr\/shop\/"},{"@type":"ListItem","position":3,"name":"Frankincense, Frereana Essential Oil"}]},{"@type":"WebSite","@id":"https:\/\/dutchhealthstore.com\/fr\/#website","url":"https:\/\/dutchhealthstore.com\/fr\/","name":"Dutch Health Store","description":"Enhance Your Beauty with Organic &amp; Natural Skincare","publisher":{"@id":"https:\/\/dutchhealthstore.com\/fr\/#organization"},"potentialAction":[{"@type":"SearchAction","target":{"@type":"EntryPoint","urlTemplate":"https:\/\/dutchhealthstore.com\/fr\/?s={search_term_string}"},"query-input":{"@type":"PropertyValueSpecification","valueRequired":true,"valueName":"search_term_string"}}],"inLanguage":"fr-FR"},{"@type":"Organization","@id":"https:\/\/dutchhealthstore.com\/fr\/#organization","name":"Dutch Health Store","url":"https:\/\/dutchhealthstore.com\/fr\/","logo":{"@type":"ImageObject","inLanguage":"fr-FR","@id":"https:\/\/dutchhealthstore.com\/fr\/#\/schema\/logo\/image\/","url":"https:\/\/dutchhealthstore.com\/wp-content\/uploads\/2020\/08\/logo-dutchhealthstore-jpg-e1599484957574.jpg","contentUrl":"https:\/\/dutchhealthstore.com\/wp-content\/uploads\/2020\/08\/logo-dutchhealthstore-jpg-e1599484957574.jpg","width":400,"height":62,"caption":"Dutch Health Store"},"image":{"@id":"https:\/\/dutchhealthstore.com\/fr\/#\/schema\/logo\/image\/"},"sameAs":["https:\/\/www.instagram.com\/dutchhealthstore\/","https:\/\/www.facebook.com\/dutchhealthstore"]}]},"product_brand":"Living Libations","og_availability":"instock","product_availability":"instock","product_condition":"new"},"_links":{"self":[{"href":"https:\/\/dutchhealthstore.com\/fr\/wp-json\/wp\/v2\/product\/180225","targetHints":{"allow":["GET"]}}],"collection":[{"href":"https:\/\/dutchhealthstore.com\/fr\/wp-json\/wp\/v2\/product"}],"about":[{"href":"https:\/\/dutchhealthstore.com\/fr\/wp-json\/wp\/v2\/types\/product"}],"replies":[{"embeddable":true,"href":"https:\/\/dutchhealthstore.com\/fr\/wp-json\/wp\/v2\/comments?post=180225"}],"wp:featuredmedia":[{"embeddable":true,"href":"https:\/\/dutchhealthstore.com\/fr\/wp-json\/wp\/v2\/media\/175967"}],"wp:attachment":[{"href":"https:\/\/dutchhealthstore.com\/fr\/wp-json\/wp\/v2\/media?parent=180225"}],"wp:term":[{"taxonomy":"product_brand","embeddable":true,"href":"https:\/\/dutchhealthstore.com\/fr\/wp-json\/wp\/v2\/product_brand?post=180225"},{"taxonomy":"product_cat","embeddable":true,"href":"https:\/\/dutchhealthstore.com\/fr\/wp-json\/wp\/v2\/product_cat?post=180225"},{"taxonomy":"product_tag","embeddable":true,"href":"https:\/\/dutchhealthstore.com\/fr\/wp-json\/wp\/v2\/product_tag?post=180225"}],"curies":[{"name":"wp","href":"https:\/\/api.w.org\/{rel}","templated":true}]}}