{"id":180216,"date":"2021-11-19T09:01:56","date_gmt":"2021-11-19T08:01:56","guid":{"rendered":"https:\/\/dutchhealthstore.com\/product\/eucalyptus-radiata-essential-oil\/"},"modified":"2025-11-23T12:53:35","modified_gmt":"2025-11-23T11:53:35","slug":"eucalyptus-radiata-essential-oil","status":"publish","type":"product","link":"https:\/\/dutchhealthstore.com\/fr\/product\/eucalyptus-radiata-essential-oil\/","title":{"rendered":"Eucalyptus Radiata Essential Oil"},"content":{"rendered":"<p><img decoding=\"async\" class=\"alignright\" src=\"https:\/\/dutchhealthstore.com\/wp-content\/uploads\/2019\/08\/NEW-Living-Libations-Logo.jpg\" alt=\"NEW - Living Libations - Logo\"><\/p>\n<p>Radiata est le plus velout\u00e9 de la vigoureuse famille des Eucalyptus et les voies respiratoires sont toujours heureuses de siroter son parfum doux et vivifiant. Son ar\u00f4me vivifiant est un composant classique des massages de poitrine \u00e0 la vapeur.<\/p>\n<p><strong>Nom botanique : <\/strong><em>Eucalyptus radiata<\/em><strong> <\/strong><br \/>\n<strong>Famille botanique :<\/strong> <em>Myrtaceae<\/em><br \/>\n<strong>M\u00e9thode d&rsquo;extraction :<\/strong> Distillation \u00e0 la vapeur<br \/>\n<strong>Partie de la plante distill\u00e9e :<\/strong> Feuilles<br \/>\n<strong>Country of Origin :<\/strong> Australia<br \/>\n<strong>M\u00e9thode de culture :<\/strong> Organique<br \/>\n<strong>Composition :<\/strong> 100% <em>Eucalyptus radiata<\/em><strong> <\/strong><br \/>\n<strong>Coh\u00e9rence :<\/strong> Mince<br \/>\n<strong>Description du parfum :<\/strong> Camphr\u00e9 et croquant avec un soup\u00e7on de fruit\u00e9. La verdure velout\u00e9e de cet \u00e9l\u00e9gant Eucalyptus est le plus myrte-esque des eucalyptus.<br \/>\n<strong>Se m\u00e9lange bien avec :<\/strong> Citron, bois de santal, romarin, orange, cypr\u00e8s, gen\u00e9vrier, ravensara, \u00e9pinette noire, sapin de Douglas, sapin blanc, sauge, sauge Blue Mountain, camomille du Cap et pamplemousse.<br \/>\n<strong>Composants : <\/strong>Alcools terp\u00e9niques avec cin\u00e9ole, 3-4% ald\u00e9hydes (n\u00e9ral et g\u00e9raniol)<\/p>\n<h3>Utiliser<\/h3>\n<p>Apaise et d\u00e9congestionne la peau. Att\u00e9nue l&rsquo;\u00e9touffement saisonnier. Parfait pour les vaporisateurs, les diffuseurs, les d\u00e9shumidificateurs et la vaporisation des sinus. Baume stimulant pour la poitrine. Merveilleux dans les sirops d&rsquo;hiver. Ajoutez \u00e0 une pipe \u00e0 sel et \u00e0 un diffuseur d&rsquo;ar\u00f4mes. Robuste en huiles de friction pour le massage et le brossage \u00e0 sec. Un ar\u00f4me camphr\u00e9 classique pour les saunas. Nettoyage dans les bains. Excellent pour les soins bucco-dentaires. A\u00e9ration pour les voyages en avion.<\/p>\n<p><em>\u00ab\u00a0C&rsquo;est la plus agr\u00e9ablement parfum\u00e9e de toutes les huiles d&rsquo;eucalyptus ; elle est fra\u00eeche avec de l\u00e9g\u00e8res nuances d&rsquo;agrumes.\u00a0\u00bb<\/em> ~ Schnaubelt, <em>The Intelligence of Essential Oils<\/em><\/p>\n<p>Le fid\u00e8le ami et premier promoteur de toutes les esp\u00e8ces d&rsquo;Eucalyptus, Joseph Bosisto, a choisi d&rsquo;utiliser Eucalyptus Radiata Essential Oil d&rsquo;abord comme pharmacien chimiste en 1854 en Australie.<\/p>\n<p><em>Eucalyptus radiata<\/em> est un grand arbre r\u00e9pandu dans les zones bois\u00e9es humides de la Nouvelle-Galles du Sud, en Australie. Les arbres sont fr\u00e9quemment taill\u00e9s en taillis et les feuilles \u00e9troites et aromatiques, de couleur vert argent\u00e9, sont r\u00e9colt\u00e9es pour \u00eatre distill\u00e9es \u00e0 la vapeur. Les eucalyptus poussent rapidement, et ces arbres repoussent rapidement pour produire une r\u00e9colte durable. Les fleurs en pompons, blanches et duveteuses, apparaissent uniquement \u00e0 l&rsquo;aisselle des feuilles et se transforment en capsules remplies de graines.<\/p>\n<p>\u00c9galement connue sous le nom de menthe noire ou \u00e0 feuilles \u00e9troites, cette esp\u00e8ce d&rsquo;Eucalyptus est appr\u00e9ci\u00e9e en aromath\u00e9rapie \u00ab\u00a0souvent de pr\u00e9f\u00e9rence \u00e0 d&rsquo;autres huiles riches en cin\u00e9ole, car elle semble pr\u00e9senter moins de contre-indications en raison de sa teneur modeste en 1,8-cin\u00e9ole (jusqu&rsquo;\u00e0 ~50%), tout en englobant ses avantages. Elle est bien adapt\u00e9e \u00e0 la diffusion. Pour la fatigue mentale, elle se m\u00e9lange tr\u00e8s bien avec les huiles de conif\u00e8res, le romarin, la cardamome, le citron, le pamplemousse et le citron vert, et pour la congestion respiratoire, peut-\u00eatre avec le kunzea et le myrte. \u00a0\u00bb (Peace Rhind, 2020)<\/p>\n<p><em>Eucalyptus globulus<\/em> Essential Oil ressemble \u00e0 sa compagne camphr\u00e9e, mais elle est plus fruit\u00e9e et plus douce. C&rsquo;est une essence id\u00e9ale pour tout ce qui concerne les voies respiratoires. Reniflez-la, diffusez-la, faites-en une pipe sal\u00e9e, faites-en un sauna, tamponnez-la sous votre nez ou massez-la et chaque respiration sera facile et d\u00e9tendue.<\/p>\n<p><strong>Taille : 5 ml, 15 ml et 30 ml<\/strong><\/p>\n<h3>Ingr\u00e9dients biologiques<\/h3>\n<p>100% huile essentielle d&rsquo;eucalyptus radiata (Eucalyptus radiata).<\/p>\n<p style=\"text-align: center;\"><em>\u00a0\u00bb La composition de cette huile est telle qu&rsquo;elle pourrait \u00eatre consid\u00e9r\u00e9e comme l'\u00a0\u00bbhuile de cr\u00e9ateur\u00a0\u00bb d&rsquo;un aromath\u00e9rapeute. \u00a0\u00bb Gr\u00e2ce \u00e0 son parfum attrayant et \u00e0 son faible prix, c&rsquo;est l&rsquo;huile d&rsquo;eucalyptus la plus polyvalente. La combinaison des alcools terp\u00e9niques et du cin\u00e9ole est tr\u00e8s efficace&#8230; Elle contient \u00e9galement 3 \u00e0 4 pour cent d&rsquo;ald\u00e9hydes (dont le n\u00e9ral et le g\u00e9raniol), qui conf\u00e8rent \u00e0 cette huile un spectre d&rsquo;action particuli\u00e8rement large, ainsi qu&rsquo;un ar\u00f4me exceptionnel.\u00a0\u00bb<\/em> Schnaubelt, <strong><em>Advanced Aromatherapy<\/em><\/strong><\/p>\n<p style=\"text-align: center;\"><em>\u00ab\u00a0Les huiles d&rsquo;Eucalyptus commerciales sentent et ressentent comme&#8230; de l&rsquo;huile d&rsquo;Eucalyptus. La redistillation (distillation en une phase d&rsquo;une huile essentielle destin\u00e9e \u00e0 s\u00e9parer les ingr\u00e9dients souhait\u00e9s des composants ind\u00e9sirables) des huiles d&rsquo;Eucalyptus pour produire la forme commerciale enrichie en cin\u00e9ole r\u00e9duit alors au plan mol\u00e9culaire. En revanche, le parfum d&rsquo;un \u00e9chantillon authentique d&rsquo;Eucalyptus radiata, qui refl\u00e8te l&rsquo;organisme entier, est radicalement diff\u00e9rent et plus complexe. En comparant l&rsquo;Eucalyptus commercial avec l&rsquo;Eucalyptus radiata authentique, on juxtapose la piq\u00fbre unidimensionnelle d&rsquo;un composant isol\u00e9 (1,8 cin\u00e9ole) avec le parfum non domestiqu\u00e9 d&rsquo;une esp\u00e8ce v\u00e9g\u00e9tale sp\u00e9cifique.\u00a0\u00bb<\/em> ~ Schnaubelt, <strong><em>The Intelligence of Essential Oils<\/em><\/strong><\/p>\n","protected":false},"excerpt":{"rendered":"<p><strong>Eucalyptus Radiata<\/strong> Essential Oil respire la fra\u00eecheur et la clart\u00e9.<\/p>\n","protected":false},"featured_media":175896,"comment_status":"open","ping_status":"closed","template":"","meta":[],"product_brand":[],"product_cat":[6734,1507,1211,1209,1030,3757,1010,6733],"product_tag":[4495],"class_list":{"0":"post-180216","1":"product","2":"type-product","3":"status-publish","4":"has-post-thumbnail","6":"product_cat-essential-oils","7":"product_cat-plantes-huiles-essentielles-living-libations","8":"product_cat-living-libations-france","9":"product_cat-par-marques","10":"product_cat-par-produits","11":"product_cat-plantes-huiles-essentielles","12":"product_cat-notre-boutique","13":"product_cat-wellness-fr-2","14":"product_tag-essential-oil-fr","15":"pa_brand-livinglibations-fr","16":"pa_essential-oils-product-type-essential-oils-fr","17":"pa_size-15-ml-fr","18":"pa_size-30-ml-fr","19":"pa_size-5-ml-fr","21":"first","22":"instock","23":"taxable","24":"shipping-taxable","25":"purchasable","26":"product-type-variable"},"bundled_by":[],"bundle_stock_status":"instock","bundle_stock_quantity":null,"bundle_virtual":false,"bundle_layout":"","bundle_add_to_cart_form_location":"","bundle_editable_in_cart":false,"bundle_sold_individually_context":"","bundle_item_grouping":"","bundle_min_size":"","bundle_max_size":"","bundle_price":[],"bundled_items":[],"bundle_sell_ids":[],"atum_controlled":true,"out_stock_date":null,"out_stock_threshold":null,"inheritable":true,"stock_on_hold":0,"sold_today":0,"sales_last_days":0,"out_stock_days":0,"lost_sales":0,"update_date":"2026-04-20T00:06:54","atum_locations":[],"atum_stock_status":"instock","restock_status":false,"low_stock_amount":"","sales_update_date":"2026-04-20T00:06:54","calc_backorders":null,"group_of_quantity":0,"min_quantity":0,"max_quantity":"","exclude_order_quantity_value_rules":"no","exclude_category_quantity_rules":"no","combine_variations":"no","yoast_head":"<!-- This site is optimized with the Yoast SEO Premium plugin v26.5 (Yoast SEO v26.5) - https:\/\/yoast.com\/wordpress\/plugins\/seo\/ -->\n<title>Eucalyptus Radiata Essential Oil - Living Libations<\/title>\n<meta name=\"description\" content=\"Eucalyptus Radiata Essential Oil respire la fra\u00eecheur et la clart\u00e9.\" \/>\n<meta name=\"robots\" content=\"index, follow, max-snippet:-1, max-image-preview:large, max-video-preview:-1\" \/>\n<link rel=\"canonical\" href=\"https:\/\/dutchhealthstore.com\/fr\/product\/eucalyptus-radiata-essential-oil\/\" \/>\n<meta property=\"og:locale\" content=\"fr_FR\" \/>\n<meta property=\"og:type\" content=\"article\" \/>\n<meta property=\"og:title\" content=\"Eucalyptus Radiata Essential Oil - Dutch Health Store\" \/>\n<meta property=\"og:description\" content=\"Eucalyptus Radiata Essential Oil respire la fra\u00eecheur et la clart\u00e9.\" \/>\n<meta property=\"og:url\" content=\"https:\/\/dutchhealthstore.com\/fr\/product\/eucalyptus-radiata-essential-oil\/\" \/>\n<meta property=\"og:site_name\" content=\"Dutch Health Store\" \/>\n<meta property=\"article:publisher\" content=\"https:\/\/www.instagram.com\/dutchhealthstore\/\" \/>\n<meta property=\"article:modified_time\" content=\"2025-11-23T11:53:35+00:00\" \/>\n<meta property=\"og:image\" content=\"https:\/\/dutchhealthstore.com\/wp-content\/uploads\/2021\/11\/eucalyptusradiata.jpg\" \/>\n\t<meta property=\"og:image:width\" content=\"500\" \/>\n\t<meta property=\"og:image:height\" content=\"500\" \/>\n\t<meta property=\"og:image:type\" content=\"image\/jpeg\" \/>\n<meta name=\"twitter:card\" content=\"summary_large_image\" \/>\n<meta name=\"twitter:label1\" content=\"Disponibilit\u00e9\" \/>\n\t<meta name=\"twitter:data1\" content=\"En stock\" \/>\n<script type=\"application\/ld+json\" class=\"yoast-schema-graph\">{\"@context\":\"https:\/\/schema.org\",\"@graph\":[{\"@type\":\"WebPage\",\"@id\":\"https:\/\/dutchhealthstore.com\/fr\/product\/eucalyptus-radiata-essential-oil\/\",\"url\":\"https:\/\/dutchhealthstore.com\/fr\/product\/eucalyptus-radiata-essential-oil\/\",\"name\":\"Eucalyptus Radiata Essential Oil - Living Libations\",\"isPartOf\":{\"@id\":\"https:\/\/dutchhealthstore.com\/fr\/#website\"},\"primaryImageOfPage\":{\"@id\":\"https:\/\/dutchhealthstore.com\/fr\/product\/eucalyptus-radiata-essential-oil\/#primaryimage\"},\"image\":{\"@id\":\"https:\/\/dutchhealthstore.com\/fr\/product\/eucalyptus-radiata-essential-oil\/#primaryimage\"},\"thumbnailUrl\":\"https:\/\/dutchhealthstore.com\/wp-content\/uploads\/2021\/11\/eucalyptusradiata.jpg\",\"datePublished\":\"2021-11-19T08:01:56+00:00\",\"dateModified\":\"2025-11-23T11:53:35+00:00\",\"description\":\"Eucalyptus Radiata Essential Oil respire la fra\u00eecheur et la clart\u00e9.\",\"breadcrumb\":{\"@id\":\"https:\/\/dutchhealthstore.com\/fr\/product\/eucalyptus-radiata-essential-oil\/#breadcrumb\"},\"inLanguage\":\"fr-FR\",\"potentialAction\":[{\"@type\":\"ReadAction\",\"target\":[\"https:\/\/dutchhealthstore.com\/fr\/product\/eucalyptus-radiata-essential-oil\/\"]}]},{\"@type\":\"ImageObject\",\"inLanguage\":\"fr-FR\",\"@id\":\"https:\/\/dutchhealthstore.com\/fr\/product\/eucalyptus-radiata-essential-oil\/#primaryimage\",\"url\":\"https:\/\/dutchhealthstore.com\/wp-content\/uploads\/2021\/11\/eucalyptusradiata.jpg\",\"contentUrl\":\"https:\/\/dutchhealthstore.com\/wp-content\/uploads\/2021\/11\/eucalyptusradiata.jpg\",\"width\":500,\"height\":500,\"caption\":\"eucalyptusradiata\"},{\"@type\":\"BreadcrumbList\",\"@id\":\"https:\/\/dutchhealthstore.com\/fr\/product\/eucalyptus-radiata-essential-oil\/#breadcrumb\",\"itemListElement\":[{\"@type\":\"ListItem\",\"position\":1,\"name\":\"Home\",\"item\":\"https:\/\/dutchhealthstore.com\/fr\/\"},{\"@type\":\"ListItem\",\"position\":2,\"name\":\"Shop\",\"item\":\"https:\/\/dutchhealthstore.com\/fr\/shop\/\"},{\"@type\":\"ListItem\",\"position\":3,\"name\":\"Eucalyptus Radiata Essential Oil\"}]},{\"@type\":\"WebSite\",\"@id\":\"https:\/\/dutchhealthstore.com\/fr\/#website\",\"url\":\"https:\/\/dutchhealthstore.com\/fr\/\",\"name\":\"Dutch Health Store\",\"description\":\"Enhance Your Beauty with Organic &amp; Natural Skincare\",\"publisher\":{\"@id\":\"https:\/\/dutchhealthstore.com\/fr\/#organization\"},\"potentialAction\":[{\"@type\":\"SearchAction\",\"target\":{\"@type\":\"EntryPoint\",\"urlTemplate\":\"https:\/\/dutchhealthstore.com\/fr\/?s={search_term_string}\"},\"query-input\":{\"@type\":\"PropertyValueSpecification\",\"valueRequired\":true,\"valueName\":\"search_term_string\"}}],\"inLanguage\":\"fr-FR\"},{\"@type\":\"Organization\",\"@id\":\"https:\/\/dutchhealthstore.com\/fr\/#organization\",\"name\":\"Dutch Health Store\",\"url\":\"https:\/\/dutchhealthstore.com\/fr\/\",\"logo\":{\"@type\":\"ImageObject\",\"inLanguage\":\"fr-FR\",\"@id\":\"https:\/\/dutchhealthstore.com\/fr\/#\/schema\/logo\/image\/\",\"url\":\"https:\/\/dutchhealthstore.com\/wp-content\/uploads\/2020\/08\/logo-dutchhealthstore-jpg-e1599484957574.jpg\",\"contentUrl\":\"https:\/\/dutchhealthstore.com\/wp-content\/uploads\/2020\/08\/logo-dutchhealthstore-jpg-e1599484957574.jpg\",\"width\":400,\"height\":62,\"caption\":\"Dutch Health Store\"},\"image\":{\"@id\":\"https:\/\/dutchhealthstore.com\/fr\/#\/schema\/logo\/image\/\"},\"sameAs\":[\"https:\/\/www.instagram.com\/dutchhealthstore\/\",\"https:\/\/www.facebook.com\/dutchhealthstore\"]}]}<\/script>\n<meta property=\"product:brand\" content=\"Living Libations\" \/>\n<meta property=\"og:availability\" content=\"instock\" \/>\n<meta property=\"product:availability\" content=\"instock\" \/>\n<meta property=\"product:condition\" content=\"new\" \/>\n<!-- \/ Yoast SEO Premium plugin. -->","yoast_head_json":{"title":"Eucalyptus Radiata Essential Oil - Living Libations","description":"Eucalyptus Radiata Essential Oil respire la fra\u00eecheur et la clart\u00e9.","robots":{"index":"index","follow":"follow","max-snippet":"max-snippet:-1","max-image-preview":"max-image-preview:large","max-video-preview":"max-video-preview:-1"},"canonical":"https:\/\/dutchhealthstore.com\/fr\/product\/eucalyptus-radiata-essential-oil\/","og_locale":"fr_FR","og_type":"article","og_title":"Eucalyptus Radiata Essential Oil - Dutch Health Store","og_description":"Eucalyptus Radiata Essential Oil respire la fra\u00eecheur et la clart\u00e9.","og_url":"https:\/\/dutchhealthstore.com\/fr\/product\/eucalyptus-radiata-essential-oil\/","og_site_name":"Dutch Health Store","article_publisher":"https:\/\/www.instagram.com\/dutchhealthstore\/","article_modified_time":"2025-11-23T11:53:35+00:00","og_image":[{"width":500,"height":500,"url":"https:\/\/dutchhealthstore.com\/wp-content\/uploads\/2021\/11\/eucalyptusradiata.jpg","type":"image\/jpeg"}],"twitter_card":"summary_large_image","twitter_misc":{"Disponibilit\u00e9":"En stock"},"schema":{"@context":"https:\/\/schema.org","@graph":[{"@type":"WebPage","@id":"https:\/\/dutchhealthstore.com\/fr\/product\/eucalyptus-radiata-essential-oil\/","url":"https:\/\/dutchhealthstore.com\/fr\/product\/eucalyptus-radiata-essential-oil\/","name":"Eucalyptus Radiata Essential Oil - Living Libations","isPartOf":{"@id":"https:\/\/dutchhealthstore.com\/fr\/#website"},"primaryImageOfPage":{"@id":"https:\/\/dutchhealthstore.com\/fr\/product\/eucalyptus-radiata-essential-oil\/#primaryimage"},"image":{"@id":"https:\/\/dutchhealthstore.com\/fr\/product\/eucalyptus-radiata-essential-oil\/#primaryimage"},"thumbnailUrl":"https:\/\/dutchhealthstore.com\/wp-content\/uploads\/2021\/11\/eucalyptusradiata.jpg","datePublished":"2021-11-19T08:01:56+00:00","dateModified":"2025-11-23T11:53:35+00:00","description":"Eucalyptus Radiata Essential Oil respire la fra\u00eecheur et la clart\u00e9.","breadcrumb":{"@id":"https:\/\/dutchhealthstore.com\/fr\/product\/eucalyptus-radiata-essential-oil\/#breadcrumb"},"inLanguage":"fr-FR","potentialAction":[{"@type":"ReadAction","target":["https:\/\/dutchhealthstore.com\/fr\/product\/eucalyptus-radiata-essential-oil\/"]}]},{"@type":"ImageObject","inLanguage":"fr-FR","@id":"https:\/\/dutchhealthstore.com\/fr\/product\/eucalyptus-radiata-essential-oil\/#primaryimage","url":"https:\/\/dutchhealthstore.com\/wp-content\/uploads\/2021\/11\/eucalyptusradiata.jpg","contentUrl":"https:\/\/dutchhealthstore.com\/wp-content\/uploads\/2021\/11\/eucalyptusradiata.jpg","width":500,"height":500,"caption":"eucalyptusradiata"},{"@type":"BreadcrumbList","@id":"https:\/\/dutchhealthstore.com\/fr\/product\/eucalyptus-radiata-essential-oil\/#breadcrumb","itemListElement":[{"@type":"ListItem","position":1,"name":"Home","item":"https:\/\/dutchhealthstore.com\/fr\/"},{"@type":"ListItem","position":2,"name":"Shop","item":"https:\/\/dutchhealthstore.com\/fr\/shop\/"},{"@type":"ListItem","position":3,"name":"Eucalyptus Radiata Essential Oil"}]},{"@type":"WebSite","@id":"https:\/\/dutchhealthstore.com\/fr\/#website","url":"https:\/\/dutchhealthstore.com\/fr\/","name":"Dutch Health Store","description":"Enhance Your Beauty with Organic &amp; Natural Skincare","publisher":{"@id":"https:\/\/dutchhealthstore.com\/fr\/#organization"},"potentialAction":[{"@type":"SearchAction","target":{"@type":"EntryPoint","urlTemplate":"https:\/\/dutchhealthstore.com\/fr\/?s={search_term_string}"},"query-input":{"@type":"PropertyValueSpecification","valueRequired":true,"valueName":"search_term_string"}}],"inLanguage":"fr-FR"},{"@type":"Organization","@id":"https:\/\/dutchhealthstore.com\/fr\/#organization","name":"Dutch Health Store","url":"https:\/\/dutchhealthstore.com\/fr\/","logo":{"@type":"ImageObject","inLanguage":"fr-FR","@id":"https:\/\/dutchhealthstore.com\/fr\/#\/schema\/logo\/image\/","url":"https:\/\/dutchhealthstore.com\/wp-content\/uploads\/2020\/08\/logo-dutchhealthstore-jpg-e1599484957574.jpg","contentUrl":"https:\/\/dutchhealthstore.com\/wp-content\/uploads\/2020\/08\/logo-dutchhealthstore-jpg-e1599484957574.jpg","width":400,"height":62,"caption":"Dutch Health Store"},"image":{"@id":"https:\/\/dutchhealthstore.com\/fr\/#\/schema\/logo\/image\/"},"sameAs":["https:\/\/www.instagram.com\/dutchhealthstore\/","https:\/\/www.facebook.com\/dutchhealthstore"]}]},"product_brand":"Living Libations","og_availability":"instock","product_availability":"instock","product_condition":"new"},"_links":{"self":[{"href":"https:\/\/dutchhealthstore.com\/fr\/wp-json\/wp\/v2\/product\/180216","targetHints":{"allow":["GET"]}}],"collection":[{"href":"https:\/\/dutchhealthstore.com\/fr\/wp-json\/wp\/v2\/product"}],"about":[{"href":"https:\/\/dutchhealthstore.com\/fr\/wp-json\/wp\/v2\/types\/product"}],"replies":[{"embeddable":true,"href":"https:\/\/dutchhealthstore.com\/fr\/wp-json\/wp\/v2\/comments?post=180216"}],"wp:featuredmedia":[{"embeddable":true,"href":"https:\/\/dutchhealthstore.com\/fr\/wp-json\/wp\/v2\/media\/175896"}],"wp:attachment":[{"href":"https:\/\/dutchhealthstore.com\/fr\/wp-json\/wp\/v2\/media?parent=180216"}],"wp:term":[{"taxonomy":"product_brand","embeddable":true,"href":"https:\/\/dutchhealthstore.com\/fr\/wp-json\/wp\/v2\/product_brand?post=180216"},{"taxonomy":"product_cat","embeddable":true,"href":"https:\/\/dutchhealthstore.com\/fr\/wp-json\/wp\/v2\/product_cat?post=180216"},{"taxonomy":"product_tag","embeddable":true,"href":"https:\/\/dutchhealthstore.com\/fr\/wp-json\/wp\/v2\/product_tag?post=180216"}],"curies":[{"name":"wp","href":"https:\/\/api.w.org\/{rel}","templated":true}]}}