{"id":180207,"date":"2021-12-24T12:26:05","date_gmt":"2021-12-24T11:26:05","guid":{"rendered":"https:\/\/dutchhealthstore.com\/product\/thyme-moroccan-essential-oil\/"},"modified":"2025-08-12T10:49:10","modified_gmt":"2025-08-12T08:49:10","slug":"thyme-moroccan-essential-oil","status":"publish","type":"product","link":"https:\/\/dutchhealthstore.com\/fr\/product\/thyme-moroccan-essential-oil\/","title":{"rendered":"Thyme, Moroccan Essential Oil"},"content":{"rendered":"<p><img decoding=\"async\" class=\"alignright\" src=\"https:\/\/dutchhealthstore.com\/wp-content\/uploads\/2019\/08\/NEW-Living-Libations-Logo.jpg\" alt=\"NEW - Living Libations - Logo\"><\/p>\n<p>Distill\u00e9 en petits lots, ce pr\u00e9cieux thym pousse dans une vall\u00e9e du sud du Maroc o\u00f9 les montagnes de l&rsquo;Atlas saluent les sables du d\u00e9sert du Sahara. L&rsquo;ar\u00f4me all\u00e9chant de Moroccan Thyme Essential Oil tente les papilles gustatives et vous ram\u00e8ne aux rago\u00fbts herbac\u00e9s de saison d\u00e9gust\u00e9s au coin du feu o\u00f9 le stress est adouci et la vitalit\u00e9 restaur\u00e9e. C&rsquo;est un r\u00e9gal quand on a besoin de force et de clart\u00e9.<\/p>\n<p><em>\u00ab\u00a0Du thym \u00e0 m\u00e8che qui sent comme le parfum de l&rsquo;aube au paradis.\u00a0\u00bb<\/em> Rudyard Kipling<\/p>\n<p><strong>Nom botanique :<\/strong> <em>Thymus satureioides<\/em><br \/>\n<strong>Famille botanique :<\/strong> <em>Lamiaceae<\/em><br \/>\n<strong>M\u00e9thode d&rsquo;extraction :<\/strong> Distillation \u00e0 la vapeur<br \/>\n<strong>Partie de la plante distill\u00e9e :<\/strong> Feuilles<br \/>\n<strong>Pays d&rsquo;origine :<\/strong> Maroc<br \/>\n<strong>M\u00e9thode de culture :<\/strong> Organique<br \/>\n<strong>Composition :<\/strong> 100% <em>Thymus satureiodes<\/em><br \/>\n<strong>Coh\u00e9rence :<\/strong> Mince<br \/>\n<strong>Description de la senteur :<\/strong> Ar\u00f4me savoureux et herbac\u00e9 qui r\u00e9chauffe la poitrine et rappelle une app\u00e9tissante r\u00e9fection automnale.<br \/>\n<strong>Se m\u00e9lange bien avec :<\/strong> Lavande, agrumes, thym doux, thym, origan, hysope, nard, cardamome, inule, sauge sclar\u00e9e, marjolaine, sauge et clou de girofle.<br \/>\n<strong>Composants :<\/strong> Teneur particuli\u00e8rement \u00e9lev\u00e9e en born\u00e9ol. Carvacrol, alpha-terpin\u00e9ol, b\u00eata-caryophyll\u00e8ne, camph\u00e8ne, linalol et thymol. <em>\u00ab\u00a0Les deux principaux composants de l&rsquo;huile sont le carvacrol et le born\u00e9ol. Les huile comme l&rsquo;origan peuvent \u00eatre difficiles \u00e0 travailler avec [as in always dilute]&#8230; Pas avec le thym marocain. Sa concentration en carvacrol (un ph\u00e9nol) est suffisamment faible pour que l&rsquo;huile soit mieux tol\u00e9r\u00e9e. Mais la qualit\u00e9 vraiment exceptionnelle de ce thym est sa teneur exceptionnellement \u00e9lev\u00e9e en born\u00e9ol (un alcool terp\u00e9nique pr\u00e9cieux que l&rsquo;on ne trouve en concentrations aussi \u00e9lev\u00e9es dans aucune autre huile).\u00a0\u00bb<\/em> ~Schnaubelt<\/p>\n<h3>Utiliser<\/h3>\n<p>Diffuser par temps froid pour des voies respiratoires plus d\u00e9gag\u00e9es et des espaces plus propres. Un meilleur baume respiratoire. Une goutte dans les sauces et les plats sal\u00e9s pour un ar\u00f4me chaud et herbac\u00e9. Ajoute une chaleur v\u00e9g\u00e9tale durable \u00e0 la parfumerie. Les constituants uniques et \u00e0 haute teneur en born\u00e9ol de Moroccan Thyme Essential Oil peuvent se solidifier \u00e0 une temp\u00e9rature plus fra\u00eeche. Pour la rendre liquide, portez l&rsquo;huile \u00e0 la temp\u00e9rature du corps en la tenant dans une main chaude ou en laissant le flacon reposer dans de l&rsquo;eau chaude.<\/p>\n<p><strong>Contre-indication :<\/strong> Diluer \u00e0 1% pour un usage topique.<\/p>\n<p>La famille botanique des <em>Thymus<\/em> contient plus de 300 esp\u00e8ces de plantes herbac\u00e9es rustiques bien connues de l&rsquo;herboristerie m\u00e9dicinale et culinaire. Le thym marocain est un arbuste de jardin aromatique et une herbe culinaire populaire et jolie de la M\u00e9diterran\u00e9e. L&rsquo;herbe regorge de 139 compos\u00e9s bioactifs tels que des terp\u00e9no\u00efdes, des acides ph\u00e9noliques et des flavono\u00efdes qui sont lib\u00e9r\u00e9s lorsqu&rsquo;ils sont expos\u00e9s \u00e0 la vapeur et captur\u00e9s pour cr\u00e9er cette huile essentielle intemporelle.<\/p>\n<p>Moroccan Thyme Essential Oil est une pure puissance v\u00e9g\u00e9tale, et une petite touche suffit. Dans les pr\u00e9parations topiques, il ne doit pas \u00eatre dilu\u00e9 \u00e0 plus de 1 % dans une huile de support biologique. En usage culinaire, une seule goutte ajout\u00e9e juste avant de servir conf\u00e8re un ar\u00f4me satisfaisant et savoureux \u00e0 tout plat.<\/p>\n<p>Une seule bouff\u00e9e de cet ar\u00f4me chaud et stimulant renforce les nerfs \u00e0 vif, stimule la vitalit\u00e9 et all\u00e8ge la charge. En compl\u00e9ment d&rsquo;un baume appliqu\u00e9 sur une poitrine lourde ou des sinus satur\u00e9s, il permet de mieux respirer. Ce Thym est de votre c\u00f4t\u00e9 !<\/p>\n<p><strong>Taille : 5 ml et 15 ml<\/strong><\/p>\n<h3>Ingr\u00e9dients biologiques<\/h3>\n<p>100% huile essentielle de thym marocain (Thymus satureioides).<\/p>\n","protected":false},"excerpt":{"rendered":"<p>L&rsquo;abondant born\u00e9ol en fait une l\u00e9gende dans son propre Thym !<\/p>\n","protected":false},"featured_media":175961,"comment_status":"open","ping_status":"closed","template":"","meta":[],"product_brand":[],"product_cat":[6734,1507,1211,1209,1030,3757,1010,6733],"product_tag":[4495],"class_list":{"0":"post-180207","1":"product","2":"type-product","3":"status-publish","4":"has-post-thumbnail","6":"product_cat-essential-oils","7":"product_cat-plantes-huiles-essentielles-living-libations","8":"product_cat-living-libations-france","9":"product_cat-par-marques","10":"product_cat-par-produits","11":"product_cat-plantes-huiles-essentielles","12":"product_cat-notre-boutique","13":"product_cat-wellness-fr-2","14":"product_tag-essential-oil-fr","15":"pa_brand-livinglibations-fr","16":"pa_essential-oils-product-type-essential-oils-fr","17":"pa_size-15-ml-fr","18":"pa_size-5-ml-fr","20":"first","21":"instock","22":"taxable","23":"shipping-taxable","24":"purchasable","25":"product-type-variable"},"bundled_by":[],"bundle_stock_status":"instock","bundle_stock_quantity":null,"bundle_virtual":false,"bundle_layout":"","bundle_add_to_cart_form_location":"","bundle_editable_in_cart":false,"bundle_sold_individually_context":"","bundle_item_grouping":"","bundle_min_size":"","bundle_max_size":"","bundle_price":[],"bundled_items":[],"bundle_sell_ids":[],"atum_controlled":true,"out_stock_date":null,"out_stock_threshold":null,"inheritable":true,"stock_on_hold":0,"sold_today":0,"sales_last_days":0,"out_stock_days":0,"lost_sales":0,"update_date":"2026-05-01T00:15:21","atum_locations":[],"atum_stock_status":"instock","restock_status":false,"low_stock_amount":"","sales_update_date":"2026-05-01T00:15:21","calc_backorders":null,"group_of_quantity":0,"min_quantity":0,"max_quantity":"","exclude_order_quantity_value_rules":"no","exclude_category_quantity_rules":"no","combine_variations":"no","yoast_head":"<!-- This site is optimized with the Yoast SEO Premium plugin v26.5 (Yoast SEO v26.5) - https:\/\/yoast.com\/wordpress\/plugins\/seo\/ -->\n<title>Thyme, Moroccan Essential Oil - Living Libations<\/title>\n<meta name=\"description\" content=\"L&#039;abondant born\u00e9ol en fait une l\u00e9gende dans son propre Thym !\" \/>\n<meta name=\"robots\" content=\"index, follow, max-snippet:-1, max-image-preview:large, max-video-preview:-1\" \/>\n<link rel=\"canonical\" href=\"https:\/\/dutchhealthstore.com\/fr\/product\/thyme-moroccan-essential-oil\/\" \/>\n<meta property=\"og:locale\" content=\"fr_FR\" \/>\n<meta property=\"og:type\" content=\"article\" \/>\n<meta property=\"og:title\" content=\"Thyme, Moroccan Essential Oil - Dutch Health Store\" \/>\n<meta property=\"og:description\" content=\"L&#039;abondant born\u00e9ol en fait une l\u00e9gende dans son propre Thym !\" \/>\n<meta property=\"og:url\" content=\"https:\/\/dutchhealthstore.com\/fr\/product\/thyme-moroccan-essential-oil\/\" \/>\n<meta property=\"og:site_name\" content=\"Dutch Health Store\" \/>\n<meta property=\"article:publisher\" content=\"https:\/\/www.instagram.com\/dutchhealthstore\/\" \/>\n<meta property=\"article:modified_time\" content=\"2025-08-12T08:49:10+00:00\" \/>\n<meta property=\"og:image\" content=\"https:\/\/dutchhealthstore.com\/wp-content\/uploads\/2021\/11\/thyme-moroccan-essential-oil.jpg\" \/>\n\t<meta property=\"og:image:width\" content=\"500\" \/>\n\t<meta property=\"og:image:height\" content=\"500\" \/>\n\t<meta property=\"og:image:type\" content=\"image\/jpeg\" \/>\n<meta name=\"twitter:card\" content=\"summary_large_image\" \/>\n<meta name=\"twitter:label1\" content=\"Disponibilit\u00e9\" \/>\n\t<meta name=\"twitter:data1\" content=\"En stock\" \/>\n<script type=\"application\/ld+json\" class=\"yoast-schema-graph\">{\"@context\":\"https:\/\/schema.org\",\"@graph\":[{\"@type\":\"WebPage\",\"@id\":\"https:\/\/dutchhealthstore.com\/fr\/product\/thyme-moroccan-essential-oil\/\",\"url\":\"https:\/\/dutchhealthstore.com\/fr\/product\/thyme-moroccan-essential-oil\/\",\"name\":\"Thyme, Moroccan Essential Oil - Living Libations\",\"isPartOf\":{\"@id\":\"https:\/\/dutchhealthstore.com\/fr\/#website\"},\"primaryImageOfPage\":{\"@id\":\"https:\/\/dutchhealthstore.com\/fr\/product\/thyme-moroccan-essential-oil\/#primaryimage\"},\"image\":{\"@id\":\"https:\/\/dutchhealthstore.com\/fr\/product\/thyme-moroccan-essential-oil\/#primaryimage\"},\"thumbnailUrl\":\"https:\/\/dutchhealthstore.com\/wp-content\/uploads\/2021\/11\/thyme-moroccan-essential-oil.jpg\",\"datePublished\":\"2021-12-24T11:26:05+00:00\",\"dateModified\":\"2025-08-12T08:49:10+00:00\",\"description\":\"L'abondant born\u00e9ol en fait une l\u00e9gende dans son propre Thym !\",\"breadcrumb\":{\"@id\":\"https:\/\/dutchhealthstore.com\/fr\/product\/thyme-moroccan-essential-oil\/#breadcrumb\"},\"inLanguage\":\"fr-FR\",\"potentialAction\":[{\"@type\":\"ReadAction\",\"target\":[\"https:\/\/dutchhealthstore.com\/fr\/product\/thyme-moroccan-essential-oil\/\"]}]},{\"@type\":\"ImageObject\",\"inLanguage\":\"fr-FR\",\"@id\":\"https:\/\/dutchhealthstore.com\/fr\/product\/thyme-moroccan-essential-oil\/#primaryimage\",\"url\":\"https:\/\/dutchhealthstore.com\/wp-content\/uploads\/2021\/11\/thyme-moroccan-essential-oil.jpg\",\"contentUrl\":\"https:\/\/dutchhealthstore.com\/wp-content\/uploads\/2021\/11\/thyme-moroccan-essential-oil.jpg\",\"width\":500,\"height\":500,\"caption\":\"thyme moroccan essential oil\"},{\"@type\":\"BreadcrumbList\",\"@id\":\"https:\/\/dutchhealthstore.com\/fr\/product\/thyme-moroccan-essential-oil\/#breadcrumb\",\"itemListElement\":[{\"@type\":\"ListItem\",\"position\":1,\"name\":\"Home\",\"item\":\"https:\/\/dutchhealthstore.com\/fr\/\"},{\"@type\":\"ListItem\",\"position\":2,\"name\":\"Shop\",\"item\":\"https:\/\/dutchhealthstore.com\/fr\/shop\/\"},{\"@type\":\"ListItem\",\"position\":3,\"name\":\"Thyme, Moroccan Essential Oil\"}]},{\"@type\":\"WebSite\",\"@id\":\"https:\/\/dutchhealthstore.com\/fr\/#website\",\"url\":\"https:\/\/dutchhealthstore.com\/fr\/\",\"name\":\"Dutch Health Store\",\"description\":\"Enhance Your Beauty with Organic &amp; Natural Skincare\",\"publisher\":{\"@id\":\"https:\/\/dutchhealthstore.com\/fr\/#organization\"},\"potentialAction\":[{\"@type\":\"SearchAction\",\"target\":{\"@type\":\"EntryPoint\",\"urlTemplate\":\"https:\/\/dutchhealthstore.com\/fr\/?s={search_term_string}\"},\"query-input\":{\"@type\":\"PropertyValueSpecification\",\"valueRequired\":true,\"valueName\":\"search_term_string\"}}],\"inLanguage\":\"fr-FR\"},{\"@type\":\"Organization\",\"@id\":\"https:\/\/dutchhealthstore.com\/fr\/#organization\",\"name\":\"Dutch Health Store\",\"url\":\"https:\/\/dutchhealthstore.com\/fr\/\",\"logo\":{\"@type\":\"ImageObject\",\"inLanguage\":\"fr-FR\",\"@id\":\"https:\/\/dutchhealthstore.com\/fr\/#\/schema\/logo\/image\/\",\"url\":\"https:\/\/dutchhealthstore.com\/wp-content\/uploads\/2020\/08\/logo-dutchhealthstore-jpg-e1599484957574.jpg\",\"contentUrl\":\"https:\/\/dutchhealthstore.com\/wp-content\/uploads\/2020\/08\/logo-dutchhealthstore-jpg-e1599484957574.jpg\",\"width\":400,\"height\":62,\"caption\":\"Dutch Health Store\"},\"image\":{\"@id\":\"https:\/\/dutchhealthstore.com\/fr\/#\/schema\/logo\/image\/\"},\"sameAs\":[\"https:\/\/www.instagram.com\/dutchhealthstore\/\",\"https:\/\/www.facebook.com\/dutchhealthstore\"]}]}<\/script>\n<meta property=\"product:brand\" content=\"Living Libations\" \/>\n<meta property=\"og:availability\" content=\"instock\" \/>\n<meta property=\"product:availability\" content=\"instock\" \/>\n<meta property=\"product:condition\" content=\"new\" \/>\n<!-- \/ Yoast SEO Premium plugin. -->","yoast_head_json":{"title":"Thyme, Moroccan Essential Oil - Living Libations","description":"L'abondant born\u00e9ol en fait une l\u00e9gende dans son propre Thym !","robots":{"index":"index","follow":"follow","max-snippet":"max-snippet:-1","max-image-preview":"max-image-preview:large","max-video-preview":"max-video-preview:-1"},"canonical":"https:\/\/dutchhealthstore.com\/fr\/product\/thyme-moroccan-essential-oil\/","og_locale":"fr_FR","og_type":"article","og_title":"Thyme, Moroccan Essential Oil - Dutch Health Store","og_description":"L'abondant born\u00e9ol en fait une l\u00e9gende dans son propre Thym !","og_url":"https:\/\/dutchhealthstore.com\/fr\/product\/thyme-moroccan-essential-oil\/","og_site_name":"Dutch Health Store","article_publisher":"https:\/\/www.instagram.com\/dutchhealthstore\/","article_modified_time":"2025-08-12T08:49:10+00:00","og_image":[{"width":500,"height":500,"url":"https:\/\/dutchhealthstore.com\/wp-content\/uploads\/2021\/11\/thyme-moroccan-essential-oil.jpg","type":"image\/jpeg"}],"twitter_card":"summary_large_image","twitter_misc":{"Disponibilit\u00e9":"En stock"},"schema":{"@context":"https:\/\/schema.org","@graph":[{"@type":"WebPage","@id":"https:\/\/dutchhealthstore.com\/fr\/product\/thyme-moroccan-essential-oil\/","url":"https:\/\/dutchhealthstore.com\/fr\/product\/thyme-moroccan-essential-oil\/","name":"Thyme, Moroccan Essential Oil - Living Libations","isPartOf":{"@id":"https:\/\/dutchhealthstore.com\/fr\/#website"},"primaryImageOfPage":{"@id":"https:\/\/dutchhealthstore.com\/fr\/product\/thyme-moroccan-essential-oil\/#primaryimage"},"image":{"@id":"https:\/\/dutchhealthstore.com\/fr\/product\/thyme-moroccan-essential-oil\/#primaryimage"},"thumbnailUrl":"https:\/\/dutchhealthstore.com\/wp-content\/uploads\/2021\/11\/thyme-moroccan-essential-oil.jpg","datePublished":"2021-12-24T11:26:05+00:00","dateModified":"2025-08-12T08:49:10+00:00","description":"L'abondant born\u00e9ol en fait une l\u00e9gende dans son propre Thym !","breadcrumb":{"@id":"https:\/\/dutchhealthstore.com\/fr\/product\/thyme-moroccan-essential-oil\/#breadcrumb"},"inLanguage":"fr-FR","potentialAction":[{"@type":"ReadAction","target":["https:\/\/dutchhealthstore.com\/fr\/product\/thyme-moroccan-essential-oil\/"]}]},{"@type":"ImageObject","inLanguage":"fr-FR","@id":"https:\/\/dutchhealthstore.com\/fr\/product\/thyme-moroccan-essential-oil\/#primaryimage","url":"https:\/\/dutchhealthstore.com\/wp-content\/uploads\/2021\/11\/thyme-moroccan-essential-oil.jpg","contentUrl":"https:\/\/dutchhealthstore.com\/wp-content\/uploads\/2021\/11\/thyme-moroccan-essential-oil.jpg","width":500,"height":500,"caption":"thyme moroccan essential oil"},{"@type":"BreadcrumbList","@id":"https:\/\/dutchhealthstore.com\/fr\/product\/thyme-moroccan-essential-oil\/#breadcrumb","itemListElement":[{"@type":"ListItem","position":1,"name":"Home","item":"https:\/\/dutchhealthstore.com\/fr\/"},{"@type":"ListItem","position":2,"name":"Shop","item":"https:\/\/dutchhealthstore.com\/fr\/shop\/"},{"@type":"ListItem","position":3,"name":"Thyme, Moroccan Essential Oil"}]},{"@type":"WebSite","@id":"https:\/\/dutchhealthstore.com\/fr\/#website","url":"https:\/\/dutchhealthstore.com\/fr\/","name":"Dutch Health Store","description":"Enhance Your Beauty with Organic &amp; Natural Skincare","publisher":{"@id":"https:\/\/dutchhealthstore.com\/fr\/#organization"},"potentialAction":[{"@type":"SearchAction","target":{"@type":"EntryPoint","urlTemplate":"https:\/\/dutchhealthstore.com\/fr\/?s={search_term_string}"},"query-input":{"@type":"PropertyValueSpecification","valueRequired":true,"valueName":"search_term_string"}}],"inLanguage":"fr-FR"},{"@type":"Organization","@id":"https:\/\/dutchhealthstore.com\/fr\/#organization","name":"Dutch Health Store","url":"https:\/\/dutchhealthstore.com\/fr\/","logo":{"@type":"ImageObject","inLanguage":"fr-FR","@id":"https:\/\/dutchhealthstore.com\/fr\/#\/schema\/logo\/image\/","url":"https:\/\/dutchhealthstore.com\/wp-content\/uploads\/2020\/08\/logo-dutchhealthstore-jpg-e1599484957574.jpg","contentUrl":"https:\/\/dutchhealthstore.com\/wp-content\/uploads\/2020\/08\/logo-dutchhealthstore-jpg-e1599484957574.jpg","width":400,"height":62,"caption":"Dutch Health Store"},"image":{"@id":"https:\/\/dutchhealthstore.com\/fr\/#\/schema\/logo\/image\/"},"sameAs":["https:\/\/www.instagram.com\/dutchhealthstore\/","https:\/\/www.facebook.com\/dutchhealthstore"]}]},"product_brand":"Living Libations","og_availability":"instock","product_availability":"instock","product_condition":"new"},"_links":{"self":[{"href":"https:\/\/dutchhealthstore.com\/fr\/wp-json\/wp\/v2\/product\/180207","targetHints":{"allow":["GET"]}}],"collection":[{"href":"https:\/\/dutchhealthstore.com\/fr\/wp-json\/wp\/v2\/product"}],"about":[{"href":"https:\/\/dutchhealthstore.com\/fr\/wp-json\/wp\/v2\/types\/product"}],"replies":[{"embeddable":true,"href":"https:\/\/dutchhealthstore.com\/fr\/wp-json\/wp\/v2\/comments?post=180207"}],"wp:featuredmedia":[{"embeddable":true,"href":"https:\/\/dutchhealthstore.com\/fr\/wp-json\/wp\/v2\/media\/175961"}],"wp:attachment":[{"href":"https:\/\/dutchhealthstore.com\/fr\/wp-json\/wp\/v2\/media?parent=180207"}],"wp:term":[{"taxonomy":"product_brand","embeddable":true,"href":"https:\/\/dutchhealthstore.com\/fr\/wp-json\/wp\/v2\/product_brand?post=180207"},{"taxonomy":"product_cat","embeddable":true,"href":"https:\/\/dutchhealthstore.com\/fr\/wp-json\/wp\/v2\/product_cat?post=180207"},{"taxonomy":"product_tag","embeddable":true,"href":"https:\/\/dutchhealthstore.com\/fr\/wp-json\/wp\/v2\/product_tag?post=180207"}],"curies":[{"name":"wp","href":"https:\/\/api.w.org\/{rel}","templated":true}]}}