{"id":177540,"date":"2021-10-04T13:29:57","date_gmt":"2021-10-04T13:29:57","guid":{"rendered":"https:\/\/dutchhealthstore.com\/product\/pure-prebiotic-roll-on-deodorant\/"},"modified":"2025-11-27T11:06:40","modified_gmt":"2025-11-27T10:06:40","slug":"pure-prebiotic-roll-on-deodorant","status":"publish","type":"product","link":"https:\/\/dutchhealthstore.com\/fr\/product\/pure-prebiotic-roll-on-deodorant\/","title":{"rendered":"Pure Prebiotic Roll on Deodorant"},"content":{"rendered":"<p><img decoding=\"async\" class=\"alignright\" src=\"https:\/\/dutchhealthstore.com\/wp-content\/uploads\/2020\/11\/Logo-Evolve-Beauty-2.jpg\" alt=\"Logo Evolve Beauty 2\"><\/p>\n<p data-start=\"54\" data-end=\"329\">Il contr\u00f4le efficacement les odeurs, procure une fra\u00eecheur durable et favorise l&rsquo;\u00e9quilibre naturel de votre peau, sans obstruer les pores, pour que votre peau puisse respirer librement.<\/p>\n<p data-start=\"331\" data-end=\"380\"><strong data-start=\"331\" data-end=\"344\">Le meilleur pour :<\/strong><br data-start=\"344\" data-end=\"347\">Contr\u00f4le des odeurs &#8211; Fra\u00eecheur tout au long de la journ\u00e9e<\/p>\n<p data-start=\"382\" data-end=\"426\"><strong data-start=\"382\" data-end=\"396\">Type de peau :<\/strong><br data-start=\"396\" data-end=\"399\">Convient \u00e0 tous les types de peau<\/p>\n<p data-start=\"428\" data-end=\"442\"><strong data-start=\"428\" data-end=\"437\">Taille :<\/strong> 50ml<\/p>\n<p data-start=\"444\" data-end=\"600\" data-is-last-node=\"\" data-is-only-node=\"\"><strong data-start=\"444\" data-end=\"459\">Mode d&#8217;emploi :<\/strong><br data-start=\"459\" data-end=\"462\">D\u00e9vissez le capuchon et appliquez sur des aisselles propres et s\u00e8ches.<br data-start=\"512\" data-end=\"515\">Id\u00e9al le matin pour rester prot\u00e9g\u00e9 tout au long de la journ\u00e9e.<br data-start=\"574\" data-end=\"577\">Recommand\u00e9 une fois par jour.<\/p>\n<p><strong>Taille : 50 ml<\/strong><\/p>\n<h3 class=\"yikes-custom-woo-tab-title yikes-custom-woo-tab-title-natural-organic-ingredients\">Natural\/Organic Ingredients<\/h3>\n<p>Aqua (eau), Pentylene glycol (de la canne \u00e0 sucre), glyc\u00e9rine, Parfum (parfum d&rsquo;origine naturelle), lysat de culture de cals de Morinda citrifolia, huile de Salvia officinalis (sauge), poudre de jus de feuilles d&rsquo;Aloe barbadensis*, Gomme xanthane, caproyl\/lactylate de sodium, gomme scl\u00e9rotique, lysol\u00e9cithine, pullulan, citrate de tri\u00e9thyle, silice, acide citrique, maltodextrine, benzoate de benzyle, salicylate de benzyle, citral, linalol, limon\u00e8ne.<\/p>\n<h3>Mode d&#8217;emploi<\/h3>\n<p>Appliquer sur les aisselles sur une peau propre et s\u00e8che, r\u00e9p\u00e9ter l&rsquo;op\u00e9ration si n\u00e9cessaire.<\/p>\n","protected":false},"excerpt":{"rendered":"<p>Restez frais toute la journ\u00e9e avec ce d\u00e9odorant \u00e0 bille certifi\u00e9 biologique, dot\u00e9 d&rsquo;une <strong data-start=\"142\" data-end=\"166\">technologie pr\u00e9biotique<\/strong> innovante.<\/p>\n","protected":false},"featured_media":303657,"comment_status":"open","ping_status":"closed","template":"","meta":[],"product_brand":[],"product_cat":[1097,11186,1209,1030,1010,1033],"product_tag":[21392,6644,21811,21812],"class_list":{"0":"post-177540","1":"product","2":"type-product","3":"status-publish","4":"has-post-thumbnail","6":"product_cat-deodorants","7":"product_cat-evolve-beauty-fr","8":"product_cat-par-marques","9":"product_cat-par-produits","10":"product_cat-notre-boutique","11":"product_cat-body-care-fr","12":"product_tag-corps","13":"product_tag-deodorant-fr","14":"product_tag-natural-fr","15":"product_tag-rafraichissant","16":"pa_brand-evolve-organic-beauty-fr","17":"pa_gtin-5060200046289-fr","18":"pa_size-50-ml-fr","20":"first","21":"outofstock","22":"taxable","23":"shipping-taxable","24":"purchasable","25":"product-type-simple"},"bundled_by":[],"bundle_stock_status":"outofstock","bundle_stock_quantity":0,"bundle_virtual":false,"bundle_layout":"","bundle_add_to_cart_form_location":"","bundle_editable_in_cart":false,"bundle_sold_individually_context":"","bundle_item_grouping":"","bundle_min_size":"","bundle_max_size":"","bundle_price":[],"bundled_items":[],"bundle_sell_ids":[107695],"atum_controlled":true,"out_stock_date":"2025-11-28 10:21:41","out_stock_threshold":null,"inheritable":false,"stock_on_hold":0,"sold_today":0,"sales_last_days":0,"out_stock_days":132,"lost_sales":0,"update_date":"2026-04-14T07:34:03","atum_locations":[],"atum_stock_status":"outofstock","restock_status":false,"low_stock_amount":"","sales_update_date":"2026-04-14T07:34:03","calc_backorders":null,"group_of_quantity":0,"min_quantity":0,"max_quantity":"","exclude_order_quantity_value_rules":"no","exclude_category_quantity_rules":"no","combine_variations":"no","yoast_head":"<!-- This site is optimized with the Yoast SEO Premium plugin v26.5 (Yoast SEO v26.5) - https:\/\/yoast.com\/wordpress\/plugins\/seo\/ -->\n<title>Pure Prebiotic Roll on Deodorant - Evolve Beauty<\/title>\n<meta name=\"description\" content=\"Restez frais toute la journ\u00e9e avec ce d\u00e9odorant \u00e0 bille certifi\u00e9 biologique, dot\u00e9 d&#039;une technologie pr\u00e9biotique innovante.\" \/>\n<meta name=\"robots\" content=\"index, follow, max-snippet:-1, max-image-preview:large, max-video-preview:-1\" \/>\n<link rel=\"canonical\" href=\"https:\/\/dutchhealthstore.com\/fr\/product\/pure-prebiotic-roll-on-deodorant\/\" \/>\n<meta property=\"og:locale\" content=\"fr_FR\" \/>\n<meta property=\"og:type\" content=\"article\" \/>\n<meta property=\"og:title\" content=\"Pure Prebiotic Roll on Deodorant - Dutch Health Store\" \/>\n<meta property=\"og:description\" content=\"Restez frais toute la journ\u00e9e avec ce d\u00e9odorant \u00e0 bille certifi\u00e9 biologique, dot\u00e9 d&#039;une technologie pr\u00e9biotique innovante.\" \/>\n<meta property=\"og:url\" content=\"https:\/\/dutchhealthstore.com\/fr\/product\/pure-prebiotic-roll-on-deodorant\/\" \/>\n<meta property=\"og:site_name\" content=\"Dutch Health Store\" \/>\n<meta property=\"article:publisher\" content=\"https:\/\/www.instagram.com\/dutchhealthstore\/\" \/>\n<meta property=\"article:modified_time\" content=\"2025-11-27T10:06:40+00:00\" \/>\n<meta property=\"og:image\" content=\"https:\/\/dutchhealthstore.com\/wp-content\/uploads\/2021\/10\/pure-prebiotic-roll.jpg\" \/>\n\t<meta property=\"og:image:width\" content=\"530\" \/>\n\t<meta property=\"og:image:height\" content=\"530\" \/>\n\t<meta property=\"og:image:type\" content=\"image\/jpeg\" \/>\n<meta name=\"twitter:card\" content=\"summary_large_image\" \/>\n<meta name=\"twitter:label1\" content=\"Prix\" \/>\n\t<meta name=\"twitter:data1\" content=\"&euro;14,25\" \/>\n\t<meta name=\"twitter:label2\" content=\"Disponibilit\u00e9\" \/>\n\t<meta name=\"twitter:data2\" content=\"Rupture de stock\" \/>\n<script type=\"application\/ld+json\" class=\"yoast-schema-graph\">{\"@context\":\"https:\/\/schema.org\",\"@graph\":[{\"@type\":\"WebPage\",\"@id\":\"https:\/\/dutchhealthstore.com\/fr\/product\/pure-prebiotic-roll-on-deodorant\/\",\"url\":\"https:\/\/dutchhealthstore.com\/fr\/product\/pure-prebiotic-roll-on-deodorant\/\",\"name\":\"Pure Prebiotic Roll on Deodorant - Evolve Beauty\",\"isPartOf\":{\"@id\":\"https:\/\/dutchhealthstore.com\/fr\/#website\"},\"primaryImageOfPage\":{\"@id\":\"https:\/\/dutchhealthstore.com\/fr\/product\/pure-prebiotic-roll-on-deodorant\/#primaryimage\"},\"image\":{\"@id\":\"https:\/\/dutchhealthstore.com\/fr\/product\/pure-prebiotic-roll-on-deodorant\/#primaryimage\"},\"thumbnailUrl\":\"https:\/\/dutchhealthstore.com\/wp-content\/uploads\/2021\/10\/pure-prebiotic-roll.jpg\",\"datePublished\":\"2021-10-04T13:29:57+00:00\",\"dateModified\":\"2025-11-27T10:06:40+00:00\",\"description\":\"Restez frais toute la journ\u00e9e avec ce d\u00e9odorant \u00e0 bille certifi\u00e9 biologique, dot\u00e9 d'une technologie pr\u00e9biotique innovante.\",\"breadcrumb\":{\"@id\":\"https:\/\/dutchhealthstore.com\/fr\/product\/pure-prebiotic-roll-on-deodorant\/#breadcrumb\"},\"inLanguage\":\"fr-FR\",\"potentialAction\":[{\"@type\":\"ReadAction\",\"target\":[\"https:\/\/dutchhealthstore.com\/fr\/product\/pure-prebiotic-roll-on-deodorant\/\"]}]},{\"@type\":\"ImageObject\",\"inLanguage\":\"fr-FR\",\"@id\":\"https:\/\/dutchhealthstore.com\/fr\/product\/pure-prebiotic-roll-on-deodorant\/#primaryimage\",\"url\":\"https:\/\/dutchhealthstore.com\/wp-content\/uploads\/2021\/10\/pure-prebiotic-roll.jpg\",\"contentUrl\":\"https:\/\/dutchhealthstore.com\/wp-content\/uploads\/2021\/10\/pure-prebiotic-roll.jpg\",\"width\":530,\"height\":530},{\"@type\":\"BreadcrumbList\",\"@id\":\"https:\/\/dutchhealthstore.com\/fr\/product\/pure-prebiotic-roll-on-deodorant\/#breadcrumb\",\"itemListElement\":[{\"@type\":\"ListItem\",\"position\":1,\"name\":\"Home\",\"item\":\"https:\/\/dutchhealthstore.com\/fr\/\"},{\"@type\":\"ListItem\",\"position\":2,\"name\":\"Shop\",\"item\":\"https:\/\/dutchhealthstore.com\/fr\/shop\/\"},{\"@type\":\"ListItem\",\"position\":3,\"name\":\"Pure Prebiotic Roll on Deodorant\"}]},{\"@type\":\"WebSite\",\"@id\":\"https:\/\/dutchhealthstore.com\/fr\/#website\",\"url\":\"https:\/\/dutchhealthstore.com\/fr\/\",\"name\":\"Dutch Health Store\",\"description\":\"Enhance Your Beauty with Organic &amp; Natural Skincare\",\"publisher\":{\"@id\":\"https:\/\/dutchhealthstore.com\/fr\/#organization\"},\"potentialAction\":[{\"@type\":\"SearchAction\",\"target\":{\"@type\":\"EntryPoint\",\"urlTemplate\":\"https:\/\/dutchhealthstore.com\/fr\/?s={search_term_string}\"},\"query-input\":{\"@type\":\"PropertyValueSpecification\",\"valueRequired\":true,\"valueName\":\"search_term_string\"}}],\"inLanguage\":\"fr-FR\"},{\"@type\":\"Organization\",\"@id\":\"https:\/\/dutchhealthstore.com\/fr\/#organization\",\"name\":\"Dutch Health Store\",\"url\":\"https:\/\/dutchhealthstore.com\/fr\/\",\"logo\":{\"@type\":\"ImageObject\",\"inLanguage\":\"fr-FR\",\"@id\":\"https:\/\/dutchhealthstore.com\/fr\/#\/schema\/logo\/image\/\",\"url\":\"https:\/\/dutchhealthstore.com\/wp-content\/uploads\/2020\/08\/logo-dutchhealthstore-jpg-e1599484957574.jpg\",\"contentUrl\":\"https:\/\/dutchhealthstore.com\/wp-content\/uploads\/2020\/08\/logo-dutchhealthstore-jpg-e1599484957574.jpg\",\"width\":400,\"height\":62,\"caption\":\"Dutch Health Store\"},\"image\":{\"@id\":\"https:\/\/dutchhealthstore.com\/fr\/#\/schema\/logo\/image\/\"},\"sameAs\":[\"https:\/\/www.instagram.com\/dutchhealthstore\/\",\"https:\/\/www.facebook.com\/dutchhealthstore\"]}]}<\/script>\n<meta property=\"product:brand\" content=\"Evolve Organic Beauty\" \/>\n<meta property=\"product:price:amount\" content=\"14.25\" \/>\n<meta property=\"product:price:currency\" content=\"EUR\" \/>\n<meta property=\"og:availability\" content=\"out of stock\" \/>\n<meta property=\"product:availability\" content=\"out of stock\" \/>\n<meta property=\"product:condition\" content=\"new\" \/>\n<!-- \/ Yoast SEO Premium plugin. -->","yoast_head_json":{"title":"Pure Prebiotic Roll on Deodorant - Evolve Beauty","description":"Restez frais toute la journ\u00e9e avec ce d\u00e9odorant \u00e0 bille certifi\u00e9 biologique, dot\u00e9 d'une technologie pr\u00e9biotique innovante.","robots":{"index":"index","follow":"follow","max-snippet":"max-snippet:-1","max-image-preview":"max-image-preview:large","max-video-preview":"max-video-preview:-1"},"canonical":"https:\/\/dutchhealthstore.com\/fr\/product\/pure-prebiotic-roll-on-deodorant\/","og_locale":"fr_FR","og_type":"article","og_title":"Pure Prebiotic Roll on Deodorant - Dutch Health Store","og_description":"Restez frais toute la journ\u00e9e avec ce d\u00e9odorant \u00e0 bille certifi\u00e9 biologique, dot\u00e9 d'une technologie pr\u00e9biotique innovante.","og_url":"https:\/\/dutchhealthstore.com\/fr\/product\/pure-prebiotic-roll-on-deodorant\/","og_site_name":"Dutch Health Store","article_publisher":"https:\/\/www.instagram.com\/dutchhealthstore\/","article_modified_time":"2025-11-27T10:06:40+00:00","og_image":[{"width":530,"height":530,"url":"https:\/\/dutchhealthstore.com\/wp-content\/uploads\/2021\/10\/pure-prebiotic-roll.jpg","type":"image\/jpeg"}],"twitter_card":"summary_large_image","twitter_misc":{"Prix":"&euro;14,25","Disponibilit\u00e9":"Rupture de stock"},"schema":{"@context":"https:\/\/schema.org","@graph":[{"@type":"WebPage","@id":"https:\/\/dutchhealthstore.com\/fr\/product\/pure-prebiotic-roll-on-deodorant\/","url":"https:\/\/dutchhealthstore.com\/fr\/product\/pure-prebiotic-roll-on-deodorant\/","name":"Pure Prebiotic Roll on Deodorant - Evolve Beauty","isPartOf":{"@id":"https:\/\/dutchhealthstore.com\/fr\/#website"},"primaryImageOfPage":{"@id":"https:\/\/dutchhealthstore.com\/fr\/product\/pure-prebiotic-roll-on-deodorant\/#primaryimage"},"image":{"@id":"https:\/\/dutchhealthstore.com\/fr\/product\/pure-prebiotic-roll-on-deodorant\/#primaryimage"},"thumbnailUrl":"https:\/\/dutchhealthstore.com\/wp-content\/uploads\/2021\/10\/pure-prebiotic-roll.jpg","datePublished":"2021-10-04T13:29:57+00:00","dateModified":"2025-11-27T10:06:40+00:00","description":"Restez frais toute la journ\u00e9e avec ce d\u00e9odorant \u00e0 bille certifi\u00e9 biologique, dot\u00e9 d'une technologie pr\u00e9biotique innovante.","breadcrumb":{"@id":"https:\/\/dutchhealthstore.com\/fr\/product\/pure-prebiotic-roll-on-deodorant\/#breadcrumb"},"inLanguage":"fr-FR","potentialAction":[{"@type":"ReadAction","target":["https:\/\/dutchhealthstore.com\/fr\/product\/pure-prebiotic-roll-on-deodorant\/"]}]},{"@type":"ImageObject","inLanguage":"fr-FR","@id":"https:\/\/dutchhealthstore.com\/fr\/product\/pure-prebiotic-roll-on-deodorant\/#primaryimage","url":"https:\/\/dutchhealthstore.com\/wp-content\/uploads\/2021\/10\/pure-prebiotic-roll.jpg","contentUrl":"https:\/\/dutchhealthstore.com\/wp-content\/uploads\/2021\/10\/pure-prebiotic-roll.jpg","width":530,"height":530},{"@type":"BreadcrumbList","@id":"https:\/\/dutchhealthstore.com\/fr\/product\/pure-prebiotic-roll-on-deodorant\/#breadcrumb","itemListElement":[{"@type":"ListItem","position":1,"name":"Home","item":"https:\/\/dutchhealthstore.com\/fr\/"},{"@type":"ListItem","position":2,"name":"Shop","item":"https:\/\/dutchhealthstore.com\/fr\/shop\/"},{"@type":"ListItem","position":3,"name":"Pure Prebiotic Roll on Deodorant"}]},{"@type":"WebSite","@id":"https:\/\/dutchhealthstore.com\/fr\/#website","url":"https:\/\/dutchhealthstore.com\/fr\/","name":"Dutch Health Store","description":"Enhance Your Beauty with Organic &amp; Natural Skincare","publisher":{"@id":"https:\/\/dutchhealthstore.com\/fr\/#organization"},"potentialAction":[{"@type":"SearchAction","target":{"@type":"EntryPoint","urlTemplate":"https:\/\/dutchhealthstore.com\/fr\/?s={search_term_string}"},"query-input":{"@type":"PropertyValueSpecification","valueRequired":true,"valueName":"search_term_string"}}],"inLanguage":"fr-FR"},{"@type":"Organization","@id":"https:\/\/dutchhealthstore.com\/fr\/#organization","name":"Dutch Health Store","url":"https:\/\/dutchhealthstore.com\/fr\/","logo":{"@type":"ImageObject","inLanguage":"fr-FR","@id":"https:\/\/dutchhealthstore.com\/fr\/#\/schema\/logo\/image\/","url":"https:\/\/dutchhealthstore.com\/wp-content\/uploads\/2020\/08\/logo-dutchhealthstore-jpg-e1599484957574.jpg","contentUrl":"https:\/\/dutchhealthstore.com\/wp-content\/uploads\/2020\/08\/logo-dutchhealthstore-jpg-e1599484957574.jpg","width":400,"height":62,"caption":"Dutch Health Store"},"image":{"@id":"https:\/\/dutchhealthstore.com\/fr\/#\/schema\/logo\/image\/"},"sameAs":["https:\/\/www.instagram.com\/dutchhealthstore\/","https:\/\/www.facebook.com\/dutchhealthstore"]}]},"product_brand":"Evolve Organic Beauty","product_price_amount":"14.25","product_price_currency":"EUR","og_availability":"out of stock","product_availability":"out of stock","product_condition":"new"},"_links":{"self":[{"href":"https:\/\/dutchhealthstore.com\/fr\/wp-json\/wp\/v2\/product\/177540","targetHints":{"allow":["GET"]}}],"collection":[{"href":"https:\/\/dutchhealthstore.com\/fr\/wp-json\/wp\/v2\/product"}],"about":[{"href":"https:\/\/dutchhealthstore.com\/fr\/wp-json\/wp\/v2\/types\/product"}],"replies":[{"embeddable":true,"href":"https:\/\/dutchhealthstore.com\/fr\/wp-json\/wp\/v2\/comments?post=177540"}],"wp:featuredmedia":[{"embeddable":true,"href":"https:\/\/dutchhealthstore.com\/fr\/wp-json\/wp\/v2\/media\/303657"}],"wp:attachment":[{"href":"https:\/\/dutchhealthstore.com\/fr\/wp-json\/wp\/v2\/media?parent=177540"}],"wp:term":[{"taxonomy":"product_brand","embeddable":true,"href":"https:\/\/dutchhealthstore.com\/fr\/wp-json\/wp\/v2\/product_brand?post=177540"},{"taxonomy":"product_cat","embeddable":true,"href":"https:\/\/dutchhealthstore.com\/fr\/wp-json\/wp\/v2\/product_cat?post=177540"},{"taxonomy":"product_tag","embeddable":true,"href":"https:\/\/dutchhealthstore.com\/fr\/wp-json\/wp\/v2\/product_tag?post=177540"}],"curies":[{"name":"wp","href":"https:\/\/api.w.org\/{rel}","templated":true}]}}