{"id":176483,"date":"2021-11-22T18:22:21","date_gmt":"2021-11-22T17:22:21","guid":{"rendered":"https:\/\/dutchhealthstore.com\/product\/h-o-l-i-b-r-i-g-h-t-resurface-glass-face-mask\/"},"modified":"2026-02-16T14:00:27","modified_gmt":"2026-02-16T13:00:27","slug":"h-o-l-i-b-r-i-g-h-t-resurface-glass-face-mask","status":"publish","type":"product","link":"https:\/\/dutchhealthstore.com\/fr\/product\/h-o-l-i-b-r-i-g-h-t-resurface-glass-face-mask\/","title":{"rendered":"Holi (Bright) Resurface Glass Face Mask"},"content":{"rendered":"<p><img decoding=\"async\" class=\"alignright\" src=\"https:\/\/dutchhealthstore.com\/wp-content\/uploads\/2020\/07\/Logo-Agent-Nateur.jpg\" alt=\"Logo Agent Nateur\"><\/p>\n<p>Formul\u00e9 \u00e0 partir d&rsquo;une combinaison d&rsquo;ingr\u00e9dients puissants, dont l&rsquo;aloe vera, les peptides de la soie fran\u00e7aise, la pitaya, l&rsquo;acide hyaluronique et le concombre, ce traitement resurfa\u00e7ant et rehaussant la beaut\u00e9 est profond\u00e9ment hydratant, calmant et apaisant tout en resurfa\u00e7ant activement et en douceur le grain de votre peau et en minimisant l&rsquo;apparence des rides, ridules et pores. Id\u00e9ale pour les peaux matures, s\u00e8ches, sensibles, enflamm\u00e9es ou expos\u00e9es au soleil, Holi (bright) est charg\u00e9e d&rsquo;antioxydants, parfaite pour un soin du visage intense \u00e0 domicile, pr\u00eate \u00e0 vous offrir une peau propre, claire, douce et lisse, ainsi qu&rsquo;un \u00e9clat radieux, lumineux et sans \u00e2ge.<\/p>\n<p><i><b>R\u00e9parateur et protecteur, notre <\/b><span style=\"font-size: 14.4px;\"><b>Holi <\/b><\/span><b>(bright) aidera votre peau \u00e0 atteindre son potentiel maximal sans \u00e2ge.<\/b><\/i><\/p>\n<p><strong>Taille<\/strong>: 30 ml<\/p>\n<h3>Mode d&#8217;emploi<\/h3>\n<p>Appliquez sur une peau propre \u00e0 l&rsquo;aide de notre pinceau doux pour masque. Peignez tout le visage, le cou, la poitrine, les mains et les poignets avec une couche \u00e9paisse du masque. Laissez agir pendant au moins 15 minutes. Pour un r\u00e9sultat intense, laissez agir toute la nuit. Rincez \u00e0 l&rsquo;eau chaude.<\/p>\n<p>*En cas de contact avec les yeux ou de picotement de la peau, rincer abondamment \u00e0 l&rsquo;eau.<\/p>\n<p><i><b>Les conseils de Jena : J&rsquo;aime appliquer <\/b><span style=\"font-size: 14.4px;\"><b>Holi<\/b><\/span><b> (bright) le soir quand je suis dans le bain. Je le laisse agir toute la nuit. Je l&rsquo;applique \u00e9galement juste avant une grande soir\u00e9e. Il calme et apaise ma peau et lui donne un aspect de verre!<\/b><\/i><\/p>\n<h3>Principaux Ingr\u00e9dients<\/h3>\n<ul>\n<li>Des extraits du plus pur <i>gel d&rsquo;aloe vera<\/i> hydratent et r\u00e9g\u00e9n\u00e8rent votre peau sans jamais la graisser. Id\u00e9al pour les peaux s\u00e8ches, ab\u00eem\u00e9es ou br\u00fbl\u00e9es par le soleil, le gel soulage et apaise les peaux s\u00e8ches, reconstitue la barri\u00e8re d&rsquo;hydratation de la peau, r\u00e9duit les rougeurs dues \u00e0 la s\u00e9cheresse, tout en agissant pour hydrater, nourrir et minimiser l&rsquo;apparence des lignes fines, des rides et des cernes.<\/li>\n<li>Les <i>peptides de soie fran\u00e7ais<\/i>, des prot\u00e9ines de soie 100% naturel issues du cocon du ver \u00e0 soie, sont des ingr\u00e9dients r\u00e9volutionnaires, bourr\u00e9s de nutriments qui \u00e9claircissent et revitalisent le teint. Les peptides de la soie fran\u00e7aise aident la peau \u00e0 retenir l&rsquo;humidit\u00e9, ce qui lui donne un aspect visiblement plus jeune et un \u00e9clat ros\u00e9, tout en illuminant le teint, en stimulant la production de collag\u00e8ne et en travaillant avec l&rsquo;aloe vera pour r\u00e9duire l&rsquo;apparence des rides et ridules. La peau para\u00eet visiblement plus jeune, revitalis\u00e9e et rafra\u00eechie.<\/li>\n<li>L&rsquo;<i>acide hyaluronique de haut poids mol\u00e9culaire<\/i> est intens\u00e9ment hydratant et contribue \u00e0 attirer activement l&rsquo;humidit\u00e9 vers la surface de la peau, donnant \u00e0 votre teint une apparence instantan\u00e9e d&rsquo;\u00e9clat, de volume et de luminosit\u00e9, tout en stimulant et en favorisant la production de collag\u00e8ne pour un fini plus rebondi et plus lisse.<\/li>\n<li>La <i>vitamine C, <\/i>qui regorge de puissants antioxydants<span class=\"s1\">,<\/span> change la donne pour une peau claire et \u00e9clatante. \u00c9claircir les peaux ternes et renforcer le teint, r\u00e9duire l&rsquo;apparence des ridules, des rougeurs et des taches de vieillesse, tout en offrant une protection \u00e9tendue contre les facteurs de stress environnementaux qui provoquent la s\u00e9cheresse de la peau<span class=\"s1\">.<\/span> \u00c9claircissez et renforcez votre teint en m\u00eame temps avec cet ingr\u00e9dient qui change la donne. Am\u00e9liorez la texture des peaux \u00e0 tendance acn\u00e9ique, restaurez leur fermet\u00e9, minimisez l&rsquo;apparence des pores et r\u00e9v\u00e9lez un \u00e9clat sans \u00e2ge.<\/li>\n<li>L&rsquo;<i>extrait de pitaya,<\/i> \u00e9galement connu sous le nom d&rsquo;extrait de fruit du dragon, est une source puissante d&rsquo;antioxydants nourrissants et de vitamines de jeunesse qui hydratent et prot\u00e8gent la peau, tout en renfor\u00e7ant la barri\u00e8re d&rsquo;hydratation de la peau. Gr\u00e2ce \u00e0 ses niveaux \u00e9lev\u00e9s de vitamine C biodisponible et de min\u00e9raux &#8211; zinc, magn\u00e9sium et potassium &#8211; l&rsquo;extrait de pitaya aide la peau \u00e0 se sentir ferme et lift\u00e9e, tout en lui apportant une hydratation et une nutrition maximales et en minimisant l&rsquo;apparence des rides et ridules.<\/li>\n<li>L&rsquo;extrait doux de <i>concombre <\/i>aide \u00e0 apaiser la peau d\u00e9shydrat\u00e9e, \u00e0 la nourrir et \u00e0 la r\u00e9hydrater, r\u00e9duisant ainsi l&rsquo;apparence des rides et des ridules, tout en offrant une protection contre les facteurs de stress environnementaux qui causent la s\u00e9cheresse de la peau. Plein d&rsquo;antioxydants, l&rsquo;extrait de concombre agit avec d&rsquo;autres ingr\u00e9dients pour hydrater, calmer et apaiser, tout en resurfa\u00e7ant et en affinant en douceur le grain de votre peau, r\u00e9v\u00e9lant ainsi une peau douce et lisse.<\/li>\n<li><em>Extrait de betterave<\/em>, ce cocktail puissant de min\u00e9raux pr\u00e9cieux, dont la vitamine C, la vitamine B6, l&rsquo;acide folique, le potassium, le mangan\u00e8se, le phosphore et le fer, contribue \u00e0 affiner le grain de la peau et \u00e0 r\u00e9duire les cellules mortes. <i>l&rsquo;amidon de ma\u00efs, <\/i>riche en vitamine A, qui aide \u00e0 r\u00e9duire l&rsquo;apparence des taches de vieillesse, \u00e0 att\u00e9nuer les signes du vieillissement et \u00e0 aider la peau \u00e0 para\u00eetre visiblement plus jeune, revitalis\u00e9e et radieuse.<\/li>\n<li>L&rsquo;<i>acide lactique <\/i>est un exfoliant doux qui dissout les cellules mortes de la peau sans irritation. Cet acide naturel \u00e9limine l&rsquo;aspect terne de la peau pour r\u00e9v\u00e9ler une peau \u00e9clatante, jeune, ferme et lumineuse.<\/li>\n<\/ul>\n<h3 class=\"yikes-custom-woo-tab-title yikes-custom-woo-tab-title-natural-organic-ingredients\">Ingr\u00e9dients Naturels\/Biologiques<\/h3>\n<p>aloe barbadensis (aloe) leaf juice, sodium alginate, hydrolyzed silk, xanthum gum, sodium ascorbyl phosphate, hyaluronic acid, cucumis sativus (cucumber) fruit extract, hylocereus undatus fruit extract, water, hydrolyzed corn starch, beta vulgaris (beet) root extract, lactic acid, glycerin (vegetable), jasmine sambac, benzyl alcohol, benzoic acid<\/p>\n<p>&nbsp;<\/p>\n","protected":false},"excerpt":{"rendered":"<p>Formul\u00e9 \u00e0 partir d&rsquo;une combinaison d&rsquo;ingr\u00e9dients puissants, ce traitement resurfa\u00e7ant et am\u00e9liorant la beaut\u00e9 est profond\u00e9ment hydratant, calmant et apaisant.<\/p>\n<p><strong>Taille<\/strong>: 30 ml<\/p>\n","protected":false},"featured_media":312817,"comment_status":"open","ping_status":"closed","template":"","meta":[],"product_brand":[],"product_cat":[6665,1117,5628,5629,5127,5680,1209,1030,5107,5673,4978,5627,4977,4976,5121,4979,1229,1010,14733],"product_tag":[9627,6314,4555,4864,21358],"class_list":{"0":"post-176483","1":"product","2":"type-product","3":"status-publish","4":"has-post-thumbnail","6":"product_cat-agent-nateur-fr","7":"product_cat-gommages-exfoliants-fr","8":"product_cat-masks-scrubs-exfoliators-fr-5","9":"product_cat-masks-scrubs-exfoliators-fr-4","10":"product_cat-masks-scrubs-exfoliators-fr","11":"product_cat-masks-scrubs-exfoliators-fr-2","12":"product_cat-par-marques","13":"product_cat-par-produits","14":"product_cat-by-skin-type-fr-4","15":"product_cat-oily-skin-clogged-pores-fr","16":"product_cat-oily-skin-clogged-pores-fr-2","17":"product_cat-normal-or-combination-skin-fr-2","18":"product_cat-normal-or-combination-skin","19":"product_cat-dry-mature-ageing-skin","20":"product_cat-dry-mature-ageing-skin-fr-2","21":"product_cat-sensitive-skin-redness-fr-2","22":"product_cat-sensitive-skin-redness-fr","23":"product_cat-notre-boutique","24":"product_cat-soins-de-la-peau","25":"product_tag-exfoliator-fr","26":"product_tag-glow-fr","27":"product_tag-mask-fr","28":"product_tag-skin-fr","29":"product_tag-soins-du-visage","30":"pa_brand-agent-nateur-fr","31":"pa_gtin-8600007597909-fr","32":"pa_skincare-type-masks-scrubs-exfoliators-fr","33":"pa_skintype-oily-skin-fr","34":"pa_skintype-normal-combination-skin-fr","35":"pa_skintype-dry-mature-ageing-skin-fr","36":"pa_skintype-sensitive-skin-redness-fr","38":"first","39":"instock","40":"taxable","41":"shipping-taxable","42":"purchasable","43":"product-type-simple"},"bundled_by":[],"bundle_stock_status":"instock","bundle_stock_quantity":2,"bundle_virtual":false,"bundle_layout":"","bundle_add_to_cart_form_location":"","bundle_editable_in_cart":false,"bundle_sold_individually_context":"","bundle_item_grouping":"","bundle_min_size":"","bundle_max_size":"","bundle_price":[],"bundled_items":[],"bundle_sell_ids":[129700],"atum_controlled":true,"out_stock_date":null,"out_stock_threshold":null,"inheritable":false,"stock_on_hold":1,"sold_today":0,"sales_last_days":1,"out_stock_days":0,"lost_sales":0,"update_date":"2026-04-13T10:15:52","atum_locations":[],"atum_stock_status":"instock","restock_status":false,"low_stock_amount":"","sales_update_date":"2026-04-13T10:15:52","calc_backorders":null,"group_of_quantity":0,"min_quantity":0,"max_quantity":"","exclude_order_quantity_value_rules":"no","exclude_category_quantity_rules":"no","combine_variations":"no","yoast_head":"<!-- This site is optimized with the Yoast SEO Premium plugin v26.5 (Yoast SEO v26.5) - https:\/\/yoast.com\/wordpress\/plugins\/seo\/ -->\n<title>Holi (Bright) Resurface Glass Face Mask - Agent Nateur<\/title>\n<meta name=\"description\" content=\"Formul\u00e9 \u00e0 partir d&#039;une combinaison d&#039;ingr\u00e9dients puissants, ce traitement resurfa\u00e7ant et am\u00e9liorant la beaut\u00e9 est profond\u00e9ment hydratant, calmant et apaisant.\" \/>\n<meta name=\"robots\" content=\"index, follow, max-snippet:-1, max-image-preview:large, max-video-preview:-1\" \/>\n<link rel=\"canonical\" href=\"https:\/\/dutchhealthstore.com\/fr\/product\/h-o-l-i-b-r-i-g-h-t-resurface-glass-face-mask\/\" \/>\n<meta property=\"og:locale\" content=\"fr_FR\" \/>\n<meta property=\"og:type\" content=\"article\" \/>\n<meta property=\"og:title\" content=\"Holi (Bright) Resurface Glass Face Mask - Dutch Health Store\" \/>\n<meta property=\"og:description\" content=\"Formul\u00e9 \u00e0 partir d&#039;une combinaison d&#039;ingr\u00e9dients puissants, ce traitement resurfa\u00e7ant et am\u00e9liorant la beaut\u00e9 est profond\u00e9ment hydratant, calmant et apaisant.\" \/>\n<meta property=\"og:url\" content=\"https:\/\/dutchhealthstore.com\/fr\/product\/h-o-l-i-b-r-i-g-h-t-resurface-glass-face-mask\/\" \/>\n<meta property=\"og:site_name\" content=\"Dutch Health Store\" \/>\n<meta property=\"article:publisher\" content=\"https:\/\/www.instagram.com\/dutchhealthstore\/\" \/>\n<meta property=\"article:modified_time\" content=\"2026-02-16T13:00:27+00:00\" \/>\n<meta property=\"og:image\" content=\"https:\/\/dutchhealthstore.com\/wp-content\/uploads\/2021\/11\/holi-bright-resurface-face-mask.jpg\" \/>\n\t<meta property=\"og:image:width\" content=\"500\" \/>\n\t<meta property=\"og:image:height\" content=\"500\" \/>\n\t<meta property=\"og:image:type\" content=\"image\/jpeg\" \/>\n<meta name=\"twitter:card\" content=\"summary_large_image\" \/>\n<meta name=\"twitter:label1\" content=\"Prix\" \/>\n\t<meta name=\"twitter:data1\" content=\"&euro;97,00\" \/>\n\t<meta name=\"twitter:label2\" content=\"Disponibilit\u00e9\" \/>\n\t<meta name=\"twitter:data2\" content=\"En stock\" \/>\n<script type=\"application\/ld+json\" class=\"yoast-schema-graph\">{\"@context\":\"https:\/\/schema.org\",\"@graph\":[{\"@type\":\"WebPage\",\"@id\":\"https:\/\/dutchhealthstore.com\/fr\/product\/h-o-l-i-b-r-i-g-h-t-resurface-glass-face-mask\/\",\"url\":\"https:\/\/dutchhealthstore.com\/fr\/product\/h-o-l-i-b-r-i-g-h-t-resurface-glass-face-mask\/\",\"name\":\"Holi (Bright) Resurface Glass Face Mask - Agent Nateur\",\"isPartOf\":{\"@id\":\"https:\/\/dutchhealthstore.com\/fr\/#website\"},\"primaryImageOfPage\":{\"@id\":\"https:\/\/dutchhealthstore.com\/fr\/product\/h-o-l-i-b-r-i-g-h-t-resurface-glass-face-mask\/#primaryimage\"},\"image\":{\"@id\":\"https:\/\/dutchhealthstore.com\/fr\/product\/h-o-l-i-b-r-i-g-h-t-resurface-glass-face-mask\/#primaryimage\"},\"thumbnailUrl\":\"https:\/\/dutchhealthstore.com\/wp-content\/uploads\/2021\/11\/agent-natuer_0000s_0001_holi-bright.jpg\",\"datePublished\":\"2021-11-22T17:22:21+00:00\",\"dateModified\":\"2026-02-16T13:00:27+00:00\",\"description\":\"Formul\u00e9 \u00e0 partir d'une combinaison d'ingr\u00e9dients puissants, ce traitement resurfa\u00e7ant et am\u00e9liorant la beaut\u00e9 est profond\u00e9ment hydratant, calmant et apaisant.\",\"breadcrumb\":{\"@id\":\"https:\/\/dutchhealthstore.com\/fr\/product\/h-o-l-i-b-r-i-g-h-t-resurface-glass-face-mask\/#breadcrumb\"},\"inLanguage\":\"fr-FR\",\"potentialAction\":[{\"@type\":\"ReadAction\",\"target\":[\"https:\/\/dutchhealthstore.com\/fr\/product\/h-o-l-i-b-r-i-g-h-t-resurface-glass-face-mask\/\"]}]},{\"@type\":\"ImageObject\",\"inLanguage\":\"fr-FR\",\"@id\":\"https:\/\/dutchhealthstore.com\/fr\/product\/h-o-l-i-b-r-i-g-h-t-resurface-glass-face-mask\/#primaryimage\",\"url\":\"https:\/\/dutchhealthstore.com\/wp-content\/uploads\/2021\/11\/agent-natuer_0000s_0001_holi-bright.jpg\",\"contentUrl\":\"https:\/\/dutchhealthstore.com\/wp-content\/uploads\/2021\/11\/agent-natuer_0000s_0001_holi-bright.jpg\",\"width\":530,\"height\":530},{\"@type\":\"BreadcrumbList\",\"@id\":\"https:\/\/dutchhealthstore.com\/fr\/product\/h-o-l-i-b-r-i-g-h-t-resurface-glass-face-mask\/#breadcrumb\",\"itemListElement\":[{\"@type\":\"ListItem\",\"position\":1,\"name\":\"Home\",\"item\":\"https:\/\/dutchhealthstore.com\/fr\/\"},{\"@type\":\"ListItem\",\"position\":2,\"name\":\"Shop\",\"item\":\"https:\/\/dutchhealthstore.com\/fr\/shop\/\"},{\"@type\":\"ListItem\",\"position\":3,\"name\":\"Holi (Bright) Resurface Glass Face Mask\"}]},{\"@type\":\"WebSite\",\"@id\":\"https:\/\/dutchhealthstore.com\/fr\/#website\",\"url\":\"https:\/\/dutchhealthstore.com\/fr\/\",\"name\":\"Dutch Health Store\",\"description\":\"Enhance Your Beauty with Organic &amp; Natural Skincare\",\"publisher\":{\"@id\":\"https:\/\/dutchhealthstore.com\/fr\/#organization\"},\"potentialAction\":[{\"@type\":\"SearchAction\",\"target\":{\"@type\":\"EntryPoint\",\"urlTemplate\":\"https:\/\/dutchhealthstore.com\/fr\/?s={search_term_string}\"},\"query-input\":{\"@type\":\"PropertyValueSpecification\",\"valueRequired\":true,\"valueName\":\"search_term_string\"}}],\"inLanguage\":\"fr-FR\"},{\"@type\":\"Organization\",\"@id\":\"https:\/\/dutchhealthstore.com\/fr\/#organization\",\"name\":\"Dutch Health Store\",\"url\":\"https:\/\/dutchhealthstore.com\/fr\/\",\"logo\":{\"@type\":\"ImageObject\",\"inLanguage\":\"fr-FR\",\"@id\":\"https:\/\/dutchhealthstore.com\/fr\/#\/schema\/logo\/image\/\",\"url\":\"https:\/\/dutchhealthstore.com\/wp-content\/uploads\/2020\/08\/logo-dutchhealthstore-jpg-e1599484957574.jpg\",\"contentUrl\":\"https:\/\/dutchhealthstore.com\/wp-content\/uploads\/2020\/08\/logo-dutchhealthstore-jpg-e1599484957574.jpg\",\"width\":400,\"height\":62,\"caption\":\"Dutch Health Store\"},\"image\":{\"@id\":\"https:\/\/dutchhealthstore.com\/fr\/#\/schema\/logo\/image\/\"},\"sameAs\":[\"https:\/\/www.instagram.com\/dutchhealthstore\/\",\"https:\/\/www.facebook.com\/dutchhealthstore\"]}]}<\/script>\n<meta property=\"product:brand\" content=\"Agent Nateur\" \/>\n<meta property=\"product:price:amount\" content=\"97.00\" \/>\n<meta property=\"product:price:currency\" content=\"EUR\" \/>\n<meta property=\"og:availability\" content=\"instock\" \/>\n<meta property=\"product:availability\" content=\"instock\" \/>\n<meta property=\"product:condition\" content=\"new\" \/>\n<!-- \/ Yoast SEO Premium plugin. -->","yoast_head_json":{"title":"Holi (Bright) Resurface Glass Face Mask - Agent Nateur","description":"Formul\u00e9 \u00e0 partir d'une combinaison d'ingr\u00e9dients puissants, ce traitement resurfa\u00e7ant et am\u00e9liorant la beaut\u00e9 est profond\u00e9ment hydratant, calmant et apaisant.","robots":{"index":"index","follow":"follow","max-snippet":"max-snippet:-1","max-image-preview":"max-image-preview:large","max-video-preview":"max-video-preview:-1"},"canonical":"https:\/\/dutchhealthstore.com\/fr\/product\/h-o-l-i-b-r-i-g-h-t-resurface-glass-face-mask\/","og_locale":"fr_FR","og_type":"article","og_title":"Holi (Bright) Resurface Glass Face Mask - Dutch Health Store","og_description":"Formul\u00e9 \u00e0 partir d'une combinaison d'ingr\u00e9dients puissants, ce traitement resurfa\u00e7ant et am\u00e9liorant la beaut\u00e9 est profond\u00e9ment hydratant, calmant et apaisant.","og_url":"https:\/\/dutchhealthstore.com\/fr\/product\/h-o-l-i-b-r-i-g-h-t-resurface-glass-face-mask\/","og_site_name":"Dutch Health Store","article_publisher":"https:\/\/www.instagram.com\/dutchhealthstore\/","article_modified_time":"2026-02-16T13:00:27+00:00","og_image":[{"width":500,"height":500,"url":"https:\/\/dutchhealthstore.com\/wp-content\/uploads\/2021\/11\/holi-bright-resurface-face-mask.jpg","type":"image\/jpeg"}],"twitter_card":"summary_large_image","twitter_misc":{"Prix":"&euro;97,00","Disponibilit\u00e9":"En stock"},"schema":{"@context":"https:\/\/schema.org","@graph":[{"@type":"WebPage","@id":"https:\/\/dutchhealthstore.com\/fr\/product\/h-o-l-i-b-r-i-g-h-t-resurface-glass-face-mask\/","url":"https:\/\/dutchhealthstore.com\/fr\/product\/h-o-l-i-b-r-i-g-h-t-resurface-glass-face-mask\/","name":"Holi (Bright) Resurface Glass Face Mask - Agent Nateur","isPartOf":{"@id":"https:\/\/dutchhealthstore.com\/fr\/#website"},"primaryImageOfPage":{"@id":"https:\/\/dutchhealthstore.com\/fr\/product\/h-o-l-i-b-r-i-g-h-t-resurface-glass-face-mask\/#primaryimage"},"image":{"@id":"https:\/\/dutchhealthstore.com\/fr\/product\/h-o-l-i-b-r-i-g-h-t-resurface-glass-face-mask\/#primaryimage"},"thumbnailUrl":"https:\/\/dutchhealthstore.com\/wp-content\/uploads\/2021\/11\/agent-natuer_0000s_0001_holi-bright.jpg","datePublished":"2021-11-22T17:22:21+00:00","dateModified":"2026-02-16T13:00:27+00:00","description":"Formul\u00e9 \u00e0 partir d'une combinaison d'ingr\u00e9dients puissants, ce traitement resurfa\u00e7ant et am\u00e9liorant la beaut\u00e9 est profond\u00e9ment hydratant, calmant et apaisant.","breadcrumb":{"@id":"https:\/\/dutchhealthstore.com\/fr\/product\/h-o-l-i-b-r-i-g-h-t-resurface-glass-face-mask\/#breadcrumb"},"inLanguage":"fr-FR","potentialAction":[{"@type":"ReadAction","target":["https:\/\/dutchhealthstore.com\/fr\/product\/h-o-l-i-b-r-i-g-h-t-resurface-glass-face-mask\/"]}]},{"@type":"ImageObject","inLanguage":"fr-FR","@id":"https:\/\/dutchhealthstore.com\/fr\/product\/h-o-l-i-b-r-i-g-h-t-resurface-glass-face-mask\/#primaryimage","url":"https:\/\/dutchhealthstore.com\/wp-content\/uploads\/2021\/11\/agent-natuer_0000s_0001_holi-bright.jpg","contentUrl":"https:\/\/dutchhealthstore.com\/wp-content\/uploads\/2021\/11\/agent-natuer_0000s_0001_holi-bright.jpg","width":530,"height":530},{"@type":"BreadcrumbList","@id":"https:\/\/dutchhealthstore.com\/fr\/product\/h-o-l-i-b-r-i-g-h-t-resurface-glass-face-mask\/#breadcrumb","itemListElement":[{"@type":"ListItem","position":1,"name":"Home","item":"https:\/\/dutchhealthstore.com\/fr\/"},{"@type":"ListItem","position":2,"name":"Shop","item":"https:\/\/dutchhealthstore.com\/fr\/shop\/"},{"@type":"ListItem","position":3,"name":"Holi (Bright) Resurface Glass Face Mask"}]},{"@type":"WebSite","@id":"https:\/\/dutchhealthstore.com\/fr\/#website","url":"https:\/\/dutchhealthstore.com\/fr\/","name":"Dutch Health Store","description":"Enhance Your Beauty with Organic &amp; Natural Skincare","publisher":{"@id":"https:\/\/dutchhealthstore.com\/fr\/#organization"},"potentialAction":[{"@type":"SearchAction","target":{"@type":"EntryPoint","urlTemplate":"https:\/\/dutchhealthstore.com\/fr\/?s={search_term_string}"},"query-input":{"@type":"PropertyValueSpecification","valueRequired":true,"valueName":"search_term_string"}}],"inLanguage":"fr-FR"},{"@type":"Organization","@id":"https:\/\/dutchhealthstore.com\/fr\/#organization","name":"Dutch Health Store","url":"https:\/\/dutchhealthstore.com\/fr\/","logo":{"@type":"ImageObject","inLanguage":"fr-FR","@id":"https:\/\/dutchhealthstore.com\/fr\/#\/schema\/logo\/image\/","url":"https:\/\/dutchhealthstore.com\/wp-content\/uploads\/2020\/08\/logo-dutchhealthstore-jpg-e1599484957574.jpg","contentUrl":"https:\/\/dutchhealthstore.com\/wp-content\/uploads\/2020\/08\/logo-dutchhealthstore-jpg-e1599484957574.jpg","width":400,"height":62,"caption":"Dutch Health Store"},"image":{"@id":"https:\/\/dutchhealthstore.com\/fr\/#\/schema\/logo\/image\/"},"sameAs":["https:\/\/www.instagram.com\/dutchhealthstore\/","https:\/\/www.facebook.com\/dutchhealthstore"]}]},"product_brand":"Agent Nateur","product_price_amount":"97.00","product_price_currency":"EUR","og_availability":"instock","product_availability":"instock","product_condition":"new"},"_links":{"self":[{"href":"https:\/\/dutchhealthstore.com\/fr\/wp-json\/wp\/v2\/product\/176483","targetHints":{"allow":["GET"]}}],"collection":[{"href":"https:\/\/dutchhealthstore.com\/fr\/wp-json\/wp\/v2\/product"}],"about":[{"href":"https:\/\/dutchhealthstore.com\/fr\/wp-json\/wp\/v2\/types\/product"}],"replies":[{"embeddable":true,"href":"https:\/\/dutchhealthstore.com\/fr\/wp-json\/wp\/v2\/comments?post=176483"}],"wp:featuredmedia":[{"embeddable":true,"href":"https:\/\/dutchhealthstore.com\/fr\/wp-json\/wp\/v2\/media\/312817"}],"wp:attachment":[{"href":"https:\/\/dutchhealthstore.com\/fr\/wp-json\/wp\/v2\/media?parent=176483"}],"wp:term":[{"taxonomy":"product_brand","embeddable":true,"href":"https:\/\/dutchhealthstore.com\/fr\/wp-json\/wp\/v2\/product_brand?post=176483"},{"taxonomy":"product_cat","embeddable":true,"href":"https:\/\/dutchhealthstore.com\/fr\/wp-json\/wp\/v2\/product_cat?post=176483"},{"taxonomy":"product_tag","embeddable":true,"href":"https:\/\/dutchhealthstore.com\/fr\/wp-json\/wp\/v2\/product_tag?post=176483"}],"curies":[{"name":"wp","href":"https:\/\/api.w.org\/{rel}","templated":true}]}}