{"id":166400,"date":"2021-09-30T12:31:55","date_gmt":"2021-09-30T10:31:55","guid":{"rendered":"https:\/\/dutchhealthstore.com\/product\/arnica-kunzea-compositum-bruise-tear-oil\/"},"modified":"2026-01-23T07:40:36","modified_gmt":"2026-01-23T06:40:36","slug":"arnica-kunzea-compositum-bruise-tear-oil","status":"publish","type":"product","link":"https:\/\/dutchhealthstore.com\/fr\/product\/arnica-kunzea-compositum-bruise-tear-oil\/","title":{"rendered":"ARNICA \/ KUNZEA COMPOSITUM \/ Bruise + Tear Oil"},"content":{"rendered":"<p>&nbsp;<\/p>\n<p>Notre m\u00e9thode lente et longue d&rsquo;infusion au soleil permet d&rsquo;extraire en douceur les puissants compos\u00e9s de l&rsquo;<strong>arnica<\/strong>, qui soulage les muscles et les tendons endoloris, meurtris, d\u00e9chir\u00e9s et foul\u00e9s, et du <strong>kunzea<\/strong>, une plante indig\u00e8ne australienne utilis\u00e9e par voie topique par les communaut\u00e9s indig\u00e8nes depuis des milliers d&rsquo;ann\u00e9es pour traiter les l\u00e9sions musculaires.<\/p>\n<p>L&rsquo;histoire de l&rsquo;arnica remonte au d\u00e9but du XVIe si\u00e8cle, lorsqu&rsquo;il est devenu un rem\u00e8de populaire allemand pour traiter les blessures contondantes, les ecchymoses, les inflammations et les l\u00e9sions cutan\u00e9es. Aujourd&rsquo;hui, il fait partie int\u00e9grante de la m\u00e9decine hom\u00e9opathique allemande et constitue la pierre angulaire de la trousse d&rsquo;apothicaire de chaque famille.<\/p>\n<p>En aromath\u00e9rapie, le Kunzea est cens\u00e9 lib\u00e9rer les douleurs physiques et \u00e9motionnelles profond\u00e9ment enfouies et r\u00e9prim\u00e9es depuis longtemps. Le buisson arbustif pousse partout dans la vall\u00e9e des kangourous, et nous voyons souvent des kangourous se reposer sous lui. Certains pensent que les animaux le recherchent parce que l&rsquo;odeur aromatique du buisson repousse les tiques, d&rsquo;o\u00f9 le nom commun de la plante \u00ab\u00a0Tick Bush\u00a0\u00bb (buisson \u00e0 tiques). Mais pour \u00eatre tout \u00e0 fait honn\u00eate, j&rsquo;ai re\u00e7u tellement de piq\u00fbres de tiques en me promenant dans ces buissons que je pense que les \u00ab\u00a0roos\u00a0\u00bb cherchent simplement de l&rsquo;ombre.<\/p>\n<p>Sans huiles essentielles.<\/p>\n<h3>Type de peau<\/h3>\n<p>De l&rsquo;enfant \u00e0 l&rsquo;adulte.<\/p>\n<h3>Mode d&#8217;emploi<\/h3>\n<p>Masser les muscles avant et apr\u00e8s une s\u00e9ance d&rsquo;entra\u00eenement ou une activit\u00e9 intense, sur les muscles d\u00e9chir\u00e9s et les contusions. Masser une petite quantit\u00e9 sur la zone affect\u00e9e selon les besoins. Excellente huile de massage pour r\u00e9chauffer les muscles.<\/p>\n<p><strong>Taille : 50 ml<\/strong><\/p>\n<h3 class=\"yikes-custom-woo-tab-title yikes-custom-woo-tab-title-natural-organic-ingredients\">Ingr\u00e9dients Naturels\/Biologiques<\/h3>\n<p>OLEA EUROPAEA (OLIVE) OIL** Victoria<\/p>\n<p>ARNICA (ARNICA MONTANA) EXTRAIT DE FLEUR* \u00c9tats-Unis, Australie<\/p>\n<p>KUNZEA (KUNZEA AMBIGUA) EXTRAIT^ Tasmanie\/Kangaroo Valley<\/p>\n<p>VANILLA PLANIFOLIA (VANILLA) EXTRAIT DE FRUIT* For\u00eat tropicale de Daintree, Australie<\/p>\n<p class=\"p1\">*Certifi\u00e9 biologique **certifi\u00e9 Demeter biodynamique ^fabriqu\u00e9 artisanalement \u00ab\u00a0cosm\u00e9tique non-nano\/cert.<br \/>\nLes extraits sont infus\u00e9s au soleil pendant un minimum de 4 mois dans de l&rsquo;huile d&rsquo;olive certifi\u00e9e biodynamique.<br \/>\nLes plantes sont cueillies \u00e0 la main, s\u00e9ch\u00e9es \u00e0 l&rsquo;air ou au soleil.<br \/>\nLes r\u00e9sines sont issues du commerce \u00e9quitable.<\/p>\n<h3>Composition<\/h3>\n<p><strong>Pourquoi Johanna a choisi ces ingr\u00e9dients<\/strong><\/p>\n<p><strong>HUILE D&rsquo;OLIVE**<\/strong><br \/>\nAide \u00e0 \u00e9liminer la fatigue physique et mentale.<br \/>\nFavorise la circulation sanguine.<br \/>\nMaintient l&rsquo;\u00e9quilibre hydrique et l&rsquo;\u00e9lasticit\u00e9.<\/p>\n<p><strong>ARNICA*<\/strong><br \/>\nAnti-inflammatoire.<br \/>\nAide \u00e0 r\u00e9duire la douleur et le gonflement associ\u00e9s aux contusions, aux entorses, aux \u00e9longations et aux douleurs musculaires.<br \/>\nFavorise la circulation, tonifie et r\u00e9chauffe.<\/p>\n<p><strong>KUNZEA*^<br \/>\n<\/strong>Aide \u00e0 soulager les douleurs musculaires.<br \/>\nApaise les sympt\u00f4mes des tensions musculaires.<br \/>\nAide \u00e0 soulager l&rsquo;arthrite l\u00e9g\u00e8re, les douleurs articulaires et les douleurs rhumatismales l\u00e9g\u00e8res.<\/p>\n<p><strong>EXTRAIT DE FRUIT VANILL\u00c9*<\/strong><br \/>\nAide \u00e0 r\u00e9duire les infections cutan\u00e9es et \u00e0 favoriser la cicatrisation des plaies.<br \/>\nStimule la r\u00e9g\u00e9n\u00e9ration cellulaire.<br \/>\nProt\u00e8ge contre les facteurs de stress environnementaux.<\/p>\n<p>*Certifi\u00e9 biologique **certifi\u00e9 Demeter biodynamique ^artisanal \u00ab\u00a0non-nano\u00a0\u00bb.<br \/>\nLes extraits sont infus\u00e9s au soleil pendant un minimum de 4 mois dans de l&rsquo;huile d&rsquo;olive certifi\u00e9e biodynamique.<\/p>\n","protected":false},"excerpt":{"rendered":"<p>Soulage les muscles et les tendons endoloris, meurtris, d\u00e9chir\u00e9s et foul\u00e9s.<\/p>\n<p><strong>Taille : 50 ml <\/strong><\/p>\n","protected":false},"featured_media":314567,"comment_status":"open","ping_status":"closed","template":"","meta":[],"product_brand":[],"product_cat":[8700,6760,8466,1209,1030,6759,1010],"product_tag":[21392,21683,6034,21506,4864],"class_list":{"0":"post-166400","1":"product","2":"type-product","3":"status-publish","4":"has-post-thumbnail","6":"product_cat-lepaar-fr-par-marques","7":"product_cat-sore-muscles-fr-2","8":"product_cat-nutrition-fr","9":"product_cat-par-marques","10":"product_cat-par-produits","11":"product_cat-remedies-fr","12":"product_cat-notre-boutique","13":"product_tag-corps","14":"product_tag-massage-fr","15":"product_tag-oil-fr","16":"product_tag-secours","17":"product_tag-skin-fr","18":"pa_brand-lepaar-fr","19":"pa_gtin-7424916493498-fr","20":"pa_health-productype-optimum-health-fr","21":"pa_remedies-sore-muscles-fr","23":"first","24":"instock","25":"taxable","26":"shipping-taxable","27":"purchasable","28":"product-type-simple"},"bundled_by":[],"bundle_stock_status":"instock","bundle_stock_quantity":4,"bundle_virtual":false,"bundle_layout":"","bundle_add_to_cart_form_location":"","bundle_editable_in_cart":false,"bundle_sold_individually_context":"","bundle_item_grouping":"","bundle_min_size":"","bundle_max_size":"","bundle_price":[],"bundled_items":[],"bundle_sell_ids":[132639],"atum_controlled":true,"out_stock_date":null,"out_stock_threshold":null,"inheritable":false,"stock_on_hold":0,"sold_today":0,"sales_last_days":0,"out_stock_days":0,"lost_sales":0,"update_date":"2026-05-05T08:27:23","atum_locations":[],"atum_stock_status":"instock","restock_status":false,"low_stock_amount":"","sales_update_date":"2026-05-05T08:27:23","calc_backorders":null,"group_of_quantity":0,"min_quantity":0,"max_quantity":"","exclude_order_quantity_value_rules":"no","exclude_category_quantity_rules":"no","combine_variations":"no","yoast_head":"<!-- This site is optimized with the Yoast SEO Premium plugin v26.5 (Yoast SEO v26.5) - https:\/\/yoast.com\/wordpress\/plugins\/seo\/ -->\n<title>ARNICA \/ KUNZEA COMPOSITUM \/ Bruise + Tear Oil - Lepaar<\/title>\n<meta name=\"description\" content=\"Soulage les muscles et les tendons endoloris, meurtris, d\u00e9chir\u00e9s et foul\u00e9s.\" \/>\n<meta name=\"robots\" content=\"index, follow, max-snippet:-1, max-image-preview:large, max-video-preview:-1\" \/>\n<link rel=\"canonical\" href=\"https:\/\/dutchhealthstore.com\/fr\/product\/arnica-kunzea-compositum-bruise-tear-oil\/\" \/>\n<meta property=\"og:locale\" content=\"fr_FR\" \/>\n<meta property=\"og:type\" content=\"article\" \/>\n<meta property=\"og:title\" content=\"ARNICA \/ KUNZEA COMPOSITUM \/ Bruise + Tear Oil - Dutch Health Store\" \/>\n<meta property=\"og:description\" content=\"Soulage les muscles et les tendons endoloris, meurtris, d\u00e9chir\u00e9s et foul\u00e9s.\" \/>\n<meta property=\"og:url\" content=\"https:\/\/dutchhealthstore.com\/fr\/product\/arnica-kunzea-compositum-bruise-tear-oil\/\" \/>\n<meta property=\"og:site_name\" content=\"Dutch Health Store\" \/>\n<meta property=\"article:publisher\" content=\"https:\/\/www.instagram.com\/dutchhealthstore\/\" \/>\n<meta property=\"article:modified_time\" content=\"2026-01-23T06:40:36+00:00\" \/>\n<meta property=\"og:image\" content=\"https:\/\/dutchhealthstore.com\/wp-content\/uploads\/2021\/10\/Lepaar-arnica-kunzea.jpg\" \/>\n\t<meta property=\"og:image:width\" content=\"500\" \/>\n\t<meta property=\"og:image:height\" content=\"500\" \/>\n\t<meta property=\"og:image:type\" content=\"image\/jpeg\" \/>\n<meta name=\"twitter:card\" content=\"summary_large_image\" \/>\n<meta name=\"twitter:label1\" content=\"Prix\" \/>\n\t<meta name=\"twitter:data1\" content=\"&euro;32,50\" \/>\n\t<meta name=\"twitter:label2\" content=\"Disponibilit\u00e9\" \/>\n\t<meta name=\"twitter:data2\" content=\"En stock\" \/>\n<script type=\"application\/ld+json\" class=\"yoast-schema-graph\">{\"@context\":\"https:\/\/schema.org\",\"@graph\":[{\"@type\":\"WebPage\",\"@id\":\"https:\/\/dutchhealthstore.com\/fr\/product\/arnica-kunzea-compositum-bruise-tear-oil\/\",\"url\":\"https:\/\/dutchhealthstore.com\/fr\/product\/arnica-kunzea-compositum-bruise-tear-oil\/\",\"name\":\"ARNICA \/ KUNZEA COMPOSITUM \/ Bruise + Tear Oil - Lepaar\",\"isPartOf\":{\"@id\":\"https:\/\/dutchhealthstore.com\/fr\/#website\"},\"primaryImageOfPage\":{\"@id\":\"https:\/\/dutchhealthstore.com\/fr\/product\/arnica-kunzea-compositum-bruise-tear-oil\/#primaryimage\"},\"image\":{\"@id\":\"https:\/\/dutchhealthstore.com\/fr\/product\/arnica-kunzea-compositum-bruise-tear-oil\/#primaryimage\"},\"thumbnailUrl\":\"https:\/\/dutchhealthstore.com\/wp-content\/uploads\/2021\/09\/arnica12.jpg\",\"datePublished\":\"2021-09-30T10:31:55+00:00\",\"dateModified\":\"2026-01-23T06:40:36+00:00\",\"description\":\"Soulage les muscles et les tendons endoloris, meurtris, d\u00e9chir\u00e9s et foul\u00e9s.\",\"breadcrumb\":{\"@id\":\"https:\/\/dutchhealthstore.com\/fr\/product\/arnica-kunzea-compositum-bruise-tear-oil\/#breadcrumb\"},\"inLanguage\":\"fr-FR\",\"potentialAction\":[{\"@type\":\"ReadAction\",\"target\":[\"https:\/\/dutchhealthstore.com\/fr\/product\/arnica-kunzea-compositum-bruise-tear-oil\/\"]}]},{\"@type\":\"ImageObject\",\"inLanguage\":\"fr-FR\",\"@id\":\"https:\/\/dutchhealthstore.com\/fr\/product\/arnica-kunzea-compositum-bruise-tear-oil\/#primaryimage\",\"url\":\"https:\/\/dutchhealthstore.com\/wp-content\/uploads\/2021\/09\/arnica12.jpg\",\"contentUrl\":\"https:\/\/dutchhealthstore.com\/wp-content\/uploads\/2021\/09\/arnica12.jpg\",\"width\":530,\"height\":530},{\"@type\":\"BreadcrumbList\",\"@id\":\"https:\/\/dutchhealthstore.com\/fr\/product\/arnica-kunzea-compositum-bruise-tear-oil\/#breadcrumb\",\"itemListElement\":[{\"@type\":\"ListItem\",\"position\":1,\"name\":\"Home\",\"item\":\"https:\/\/dutchhealthstore.com\/fr\/\"},{\"@type\":\"ListItem\",\"position\":2,\"name\":\"Shop\",\"item\":\"https:\/\/dutchhealthstore.com\/fr\/shop\/\"},{\"@type\":\"ListItem\",\"position\":3,\"name\":\"ARNICA \/ KUNZEA COMPOSITUM \/ Bruise + Tear Oil\"}]},{\"@type\":\"WebSite\",\"@id\":\"https:\/\/dutchhealthstore.com\/fr\/#website\",\"url\":\"https:\/\/dutchhealthstore.com\/fr\/\",\"name\":\"Dutch Health Store\",\"description\":\"Enhance Your Beauty with Organic &amp; Natural Skincare\",\"publisher\":{\"@id\":\"https:\/\/dutchhealthstore.com\/fr\/#organization\"},\"potentialAction\":[{\"@type\":\"SearchAction\",\"target\":{\"@type\":\"EntryPoint\",\"urlTemplate\":\"https:\/\/dutchhealthstore.com\/fr\/?s={search_term_string}\"},\"query-input\":{\"@type\":\"PropertyValueSpecification\",\"valueRequired\":true,\"valueName\":\"search_term_string\"}}],\"inLanguage\":\"fr-FR\"},{\"@type\":\"Organization\",\"@id\":\"https:\/\/dutchhealthstore.com\/fr\/#organization\",\"name\":\"Dutch Health Store\",\"url\":\"https:\/\/dutchhealthstore.com\/fr\/\",\"logo\":{\"@type\":\"ImageObject\",\"inLanguage\":\"fr-FR\",\"@id\":\"https:\/\/dutchhealthstore.com\/fr\/#\/schema\/logo\/image\/\",\"url\":\"https:\/\/dutchhealthstore.com\/wp-content\/uploads\/2020\/08\/logo-dutchhealthstore-jpg-e1599484957574.jpg\",\"contentUrl\":\"https:\/\/dutchhealthstore.com\/wp-content\/uploads\/2020\/08\/logo-dutchhealthstore-jpg-e1599484957574.jpg\",\"width\":400,\"height\":62,\"caption\":\"Dutch Health Store\"},\"image\":{\"@id\":\"https:\/\/dutchhealthstore.com\/fr\/#\/schema\/logo\/image\/\"},\"sameAs\":[\"https:\/\/www.instagram.com\/dutchhealthstore\/\",\"https:\/\/www.facebook.com\/dutchhealthstore\"]}]}<\/script>\n<meta property=\"product:brand\" content=\"LEPAAR\" \/>\n<meta property=\"product:price:amount\" content=\"32.50\" \/>\n<meta property=\"product:price:currency\" content=\"EUR\" \/>\n<meta property=\"og:availability\" content=\"instock\" \/>\n<meta property=\"product:availability\" content=\"instock\" \/>\n<meta property=\"product:condition\" content=\"new\" \/>\n<!-- \/ Yoast SEO Premium plugin. -->","yoast_head_json":{"title":"ARNICA \/ KUNZEA COMPOSITUM \/ Bruise + Tear Oil - Lepaar","description":"Soulage les muscles et les tendons endoloris, meurtris, d\u00e9chir\u00e9s et foul\u00e9s.","robots":{"index":"index","follow":"follow","max-snippet":"max-snippet:-1","max-image-preview":"max-image-preview:large","max-video-preview":"max-video-preview:-1"},"canonical":"https:\/\/dutchhealthstore.com\/fr\/product\/arnica-kunzea-compositum-bruise-tear-oil\/","og_locale":"fr_FR","og_type":"article","og_title":"ARNICA \/ KUNZEA COMPOSITUM \/ Bruise + Tear Oil - Dutch Health Store","og_description":"Soulage les muscles et les tendons endoloris, meurtris, d\u00e9chir\u00e9s et foul\u00e9s.","og_url":"https:\/\/dutchhealthstore.com\/fr\/product\/arnica-kunzea-compositum-bruise-tear-oil\/","og_site_name":"Dutch Health Store","article_publisher":"https:\/\/www.instagram.com\/dutchhealthstore\/","article_modified_time":"2026-01-23T06:40:36+00:00","og_image":[{"width":500,"height":500,"url":"https:\/\/dutchhealthstore.com\/wp-content\/uploads\/2021\/10\/Lepaar-arnica-kunzea.jpg","type":"image\/jpeg"}],"twitter_card":"summary_large_image","twitter_misc":{"Prix":"&euro;32,50","Disponibilit\u00e9":"En stock"},"schema":{"@context":"https:\/\/schema.org","@graph":[{"@type":"WebPage","@id":"https:\/\/dutchhealthstore.com\/fr\/product\/arnica-kunzea-compositum-bruise-tear-oil\/","url":"https:\/\/dutchhealthstore.com\/fr\/product\/arnica-kunzea-compositum-bruise-tear-oil\/","name":"ARNICA \/ KUNZEA COMPOSITUM \/ Bruise + Tear Oil - Lepaar","isPartOf":{"@id":"https:\/\/dutchhealthstore.com\/fr\/#website"},"primaryImageOfPage":{"@id":"https:\/\/dutchhealthstore.com\/fr\/product\/arnica-kunzea-compositum-bruise-tear-oil\/#primaryimage"},"image":{"@id":"https:\/\/dutchhealthstore.com\/fr\/product\/arnica-kunzea-compositum-bruise-tear-oil\/#primaryimage"},"thumbnailUrl":"https:\/\/dutchhealthstore.com\/wp-content\/uploads\/2021\/09\/arnica12.jpg","datePublished":"2021-09-30T10:31:55+00:00","dateModified":"2026-01-23T06:40:36+00:00","description":"Soulage les muscles et les tendons endoloris, meurtris, d\u00e9chir\u00e9s et foul\u00e9s.","breadcrumb":{"@id":"https:\/\/dutchhealthstore.com\/fr\/product\/arnica-kunzea-compositum-bruise-tear-oil\/#breadcrumb"},"inLanguage":"fr-FR","potentialAction":[{"@type":"ReadAction","target":["https:\/\/dutchhealthstore.com\/fr\/product\/arnica-kunzea-compositum-bruise-tear-oil\/"]}]},{"@type":"ImageObject","inLanguage":"fr-FR","@id":"https:\/\/dutchhealthstore.com\/fr\/product\/arnica-kunzea-compositum-bruise-tear-oil\/#primaryimage","url":"https:\/\/dutchhealthstore.com\/wp-content\/uploads\/2021\/09\/arnica12.jpg","contentUrl":"https:\/\/dutchhealthstore.com\/wp-content\/uploads\/2021\/09\/arnica12.jpg","width":530,"height":530},{"@type":"BreadcrumbList","@id":"https:\/\/dutchhealthstore.com\/fr\/product\/arnica-kunzea-compositum-bruise-tear-oil\/#breadcrumb","itemListElement":[{"@type":"ListItem","position":1,"name":"Home","item":"https:\/\/dutchhealthstore.com\/fr\/"},{"@type":"ListItem","position":2,"name":"Shop","item":"https:\/\/dutchhealthstore.com\/fr\/shop\/"},{"@type":"ListItem","position":3,"name":"ARNICA \/ KUNZEA COMPOSITUM \/ Bruise + Tear Oil"}]},{"@type":"WebSite","@id":"https:\/\/dutchhealthstore.com\/fr\/#website","url":"https:\/\/dutchhealthstore.com\/fr\/","name":"Dutch Health Store","description":"Enhance Your Beauty with Organic &amp; Natural Skincare","publisher":{"@id":"https:\/\/dutchhealthstore.com\/fr\/#organization"},"potentialAction":[{"@type":"SearchAction","target":{"@type":"EntryPoint","urlTemplate":"https:\/\/dutchhealthstore.com\/fr\/?s={search_term_string}"},"query-input":{"@type":"PropertyValueSpecification","valueRequired":true,"valueName":"search_term_string"}}],"inLanguage":"fr-FR"},{"@type":"Organization","@id":"https:\/\/dutchhealthstore.com\/fr\/#organization","name":"Dutch Health Store","url":"https:\/\/dutchhealthstore.com\/fr\/","logo":{"@type":"ImageObject","inLanguage":"fr-FR","@id":"https:\/\/dutchhealthstore.com\/fr\/#\/schema\/logo\/image\/","url":"https:\/\/dutchhealthstore.com\/wp-content\/uploads\/2020\/08\/logo-dutchhealthstore-jpg-e1599484957574.jpg","contentUrl":"https:\/\/dutchhealthstore.com\/wp-content\/uploads\/2020\/08\/logo-dutchhealthstore-jpg-e1599484957574.jpg","width":400,"height":62,"caption":"Dutch Health Store"},"image":{"@id":"https:\/\/dutchhealthstore.com\/fr\/#\/schema\/logo\/image\/"},"sameAs":["https:\/\/www.instagram.com\/dutchhealthstore\/","https:\/\/www.facebook.com\/dutchhealthstore"]}]},"product_brand":"LEPAAR","product_price_amount":"32.50","product_price_currency":"EUR","og_availability":"instock","product_availability":"instock","product_condition":"new"},"_links":{"self":[{"href":"https:\/\/dutchhealthstore.com\/fr\/wp-json\/wp\/v2\/product\/166400","targetHints":{"allow":["GET"]}}],"collection":[{"href":"https:\/\/dutchhealthstore.com\/fr\/wp-json\/wp\/v2\/product"}],"about":[{"href":"https:\/\/dutchhealthstore.com\/fr\/wp-json\/wp\/v2\/types\/product"}],"replies":[{"embeddable":true,"href":"https:\/\/dutchhealthstore.com\/fr\/wp-json\/wp\/v2\/comments?post=166400"}],"wp:featuredmedia":[{"embeddable":true,"href":"https:\/\/dutchhealthstore.com\/fr\/wp-json\/wp\/v2\/media\/314567"}],"wp:attachment":[{"href":"https:\/\/dutchhealthstore.com\/fr\/wp-json\/wp\/v2\/media?parent=166400"}],"wp:term":[{"taxonomy":"product_brand","embeddable":true,"href":"https:\/\/dutchhealthstore.com\/fr\/wp-json\/wp\/v2\/product_brand?post=166400"},{"taxonomy":"product_cat","embeddable":true,"href":"https:\/\/dutchhealthstore.com\/fr\/wp-json\/wp\/v2\/product_cat?post=166400"},{"taxonomy":"product_tag","embeddable":true,"href":"https:\/\/dutchhealthstore.com\/fr\/wp-json\/wp\/v2\/product_tag?post=166400"}],"curies":[{"name":"wp","href":"https:\/\/api.w.org\/{rel}","templated":true}]}}