{"id":165039,"date":"2021-09-13T14:04:08","date_gmt":"2021-09-13T14:04:08","guid":{"rendered":"https:\/\/dutchhealthstore.com\/product\/sonic-shine-mini-toothbrush\/"},"modified":"2025-07-24T14:49:41","modified_gmt":"2025-07-24T12:49:41","slug":"sonic-shine-mini-toothbrush","status":"publish","type":"product","link":"https:\/\/dutchhealthstore.com\/fr\/product\/sonic-shine-mini-toothbrush\/","title":{"rendered":"Sonic Shine Mini Toothbrush"},"content":{"rendered":"<p><a href=\"https:\/\/dutchhealthstore.com\/wp-content\/uploads\/2019\/08\/NEW-Living-Libations-Logo.jpg\"><img decoding=\"async\" class=\"size-full wp-image-69549 alignright\" src=\"https:\/\/dutchhealthstore.com\/wp-content\/uploads\/2019\/08\/NEW-Living-Libations-Logo.jpg\" alt=\"NEW - Living Libations - Logo\" width=\"175\" height=\"82\"><\/a>La t\u00eate de brosse inclin\u00e9e \u00e0 45 degr\u00e9s de notre <strong>Sonic Shine<\/strong> <strong>Mini<\/strong>, dot\u00e9e de poils doux et ondul\u00e9s, contourne les dents pour un nettoyage facile et en profondeur. Les deux modes de brossage &#8211; normal et doux &#8211; sont doux pour les gencives et les dents des enfants. La poign\u00e9e plus courte de cinq pouces permet de le manipuler facilement autour de la bouche et de le ranger dans un sac pour les voyages.<\/p>\n<p><strong>Pile AAA incluse.<\/strong><\/p>\n<p>Les professionnels dentaires recommandent de remplacer les t\u00eates de brosse tous les trois mois pour obtenir des r\u00e9sultats optimaux.<\/p>\n<p><strong>\u26a0\ufe0f Avis d&rsquo;hygi\u00e8ne<\/strong><br \/>\nIl s&rsquo;agit d&rsquo;un produit hygi\u00e9nique. Pour des raisons de sant\u00e9 et de s\u00e9curit\u00e9, les retours ne sont accept\u00e9s que si le sceau d&rsquo;hygi\u00e8ne d&rsquo;origine est intact et non ouvert. Une fois le sceau bris\u00e9, l&rsquo;article est consid\u00e9r\u00e9 comme usag\u00e9 et ne peut \u00eatre retourn\u00e9.  <\/p>\n<p><a href=\"https:\/\/dutchhealthstore.com\/wp-content\/uploads\/2018\/03\/organic_big.png\"><img fetchpriority=\"high\" decoding=\"async\" class=\"size-full wp-image-31577 aligncenter\" src=\"https:\/\/dutchhealthstore.com\/wp-content\/uploads\/2018\/03\/organic_big.png\" alt=\"Organic and Natural - Living Libations\" width=\"623\" height=\"103\" srcset=\"https:\/\/dutchhealthstore.com\/wp-content\/uploads\/2018\/03\/organic_big.png 623w, https:\/\/dutchhealthstore.com\/wp-content\/uploads\/2018\/03\/organic_big-510x84.png 510w, https:\/\/dutchhealthstore.com\/wp-content\/uploads\/2018\/03\/organic_big-600x99.png 600w, https:\/\/dutchhealthstore.com\/wp-content\/uploads\/2018\/03\/organic_big-350x58.png 350w\" sizes=\"(max-width: 623px) 100vw, 623px\" \/><\/a><\/p>\n","protected":false},"excerpt":{"rendered":"<p>Une option mini mais puissante pour une hygi\u00e8ne bucco-dentaire optimale!<\/p>\n<p>Notre Mini sonic toothbrush atteint hardiment l&rsquo;arri\u00e8re des molaires, nettoie confortablement la plaque dentaire au niveau du rebord gingival et polit efficacement les bouches de toutes tailles. La brosse \u00e0 cou inclin\u00e9e \u00e0 45 degr\u00e9s et les 28 000 impulsions soniques par minute r\u00e9solvent les probl\u00e8mes des brosses \u00e0 dents traditionnelles en termes d&rsquo;action limit\u00e9e, de port\u00e9e et de taille.<\/p>\n<p>Ergonomique et l\u00e9g\u00e8re, cette Mini \u00e9tanche est parfaite pour les enfants et \u00e0 emporter en voyage.<\/p>\n","protected":false},"featured_media":164912,"comment_status":"open","ping_status":"closed","template":"","meta":[],"product_brand":[],"product_cat":[3784,1134,2185,1037,1211,1209,1030,1010],"product_tag":[21450,4456,21438],"class_list":{"0":"post-165039","1":"product","2":"type-product","3":"status-publish","4":"has-post-thumbnail","6":"product_cat-accessoires-fr","7":"product_cat-accessoires-visage","8":"product_cat-hygiene-dentaire-fr","9":"product_cat-hygiene-dentaire","10":"product_cat-living-libations-france","11":"product_cat-par-marques","12":"product_cat-par-produits","13":"product_cat-notre-boutique","14":"product_tag-brosses-a-dents","15":"product_tag-dental-care-fr","16":"product_tag-outils","17":"pa_brand-livinglibations-fr","18":"pa_colo-blue-fr","19":"pa_colo-pink-fr","20":"pa_dental-care-product-type-other-tools-fr","21":"pa_dental-care-product-type-toothbrushes-fr","23":"first","24":"instock","25":"taxable","26":"shipping-taxable","27":"purchasable","28":"product-type-variable"},"bundled_by":[],"bundle_stock_status":"instock","bundle_stock_quantity":null,"bundle_virtual":false,"bundle_layout":"","bundle_add_to_cart_form_location":"","bundle_editable_in_cart":false,"bundle_sold_individually_context":"","bundle_item_grouping":"","bundle_min_size":"","bundle_max_size":"","bundle_price":[],"bundled_items":[],"bundle_sell_ids":[177534],"atum_controlled":true,"out_stock_date":null,"out_stock_threshold":null,"inheritable":true,"stock_on_hold":0,"sold_today":0,"sales_last_days":0,"out_stock_days":0,"lost_sales":0,"update_date":"2026-04-08T01:46:30","atum_locations":[],"atum_stock_status":"instock","restock_status":false,"low_stock_amount":"","sales_update_date":"2026-04-08T01:46:30","calc_backorders":null,"group_of_quantity":0,"min_quantity":0,"max_quantity":"","exclude_order_quantity_value_rules":"no","exclude_category_quantity_rules":"no","combine_variations":"no","yoast_head":"<!-- This site is optimized with the Yoast SEO Premium plugin v26.5 (Yoast SEO v26.5) - https:\/\/yoast.com\/wordpress\/plugins\/seo\/ -->\n<title>Sonic Shine Mini Toothbrush | Living Libations<\/title>\n<meta name=\"description\" content=\"Ergonomique et l\u00e9g\u00e8re, cette Mini \u00e9tanche est parfaite pour les enfants et \u00e0 emporter en voyage.\" \/>\n<meta name=\"robots\" content=\"index, follow, max-snippet:-1, max-image-preview:large, max-video-preview:-1\" \/>\n<link rel=\"canonical\" href=\"https:\/\/dutchhealthstore.com\/fr\/product\/sonic-shine-mini-toothbrush\/\" \/>\n<meta property=\"og:locale\" content=\"fr_FR\" \/>\n<meta property=\"og:type\" content=\"article\" \/>\n<meta property=\"og:title\" content=\"Sonic Shine Mini Toothbrush - Dutch Health Store\" \/>\n<meta property=\"og:description\" content=\"Ergonomique et l\u00e9g\u00e8re, cette Mini \u00e9tanche est parfaite pour les enfants et \u00e0 emporter en voyage.\" \/>\n<meta property=\"og:url\" content=\"https:\/\/dutchhealthstore.com\/fr\/product\/sonic-shine-mini-toothbrush\/\" \/>\n<meta property=\"og:site_name\" content=\"Dutch Health Store\" \/>\n<meta property=\"article:publisher\" content=\"https:\/\/www.instagram.com\/dutchhealthstore\/\" \/>\n<meta property=\"article:modified_time\" content=\"2025-07-24T12:49:41+00:00\" \/>\n<meta property=\"og:image\" content=\"https:\/\/dutchhealthstore.com\/wp-content\/uploads\/2021\/09\/toothbrush-blue-1.jpg\" \/>\n\t<meta property=\"og:image:width\" content=\"500\" \/>\n\t<meta property=\"og:image:height\" content=\"500\" \/>\n\t<meta property=\"og:image:type\" content=\"image\/jpeg\" \/>\n<meta name=\"twitter:card\" content=\"summary_large_image\" \/>\n<meta name=\"twitter:label1\" content=\"Disponibilit\u00e9\" \/>\n\t<meta name=\"twitter:data1\" content=\"En stock\" \/>\n<script type=\"application\/ld+json\" class=\"yoast-schema-graph\">{\"@context\":\"https:\/\/schema.org\",\"@graph\":[{\"@type\":\"WebPage\",\"@id\":\"https:\/\/dutchhealthstore.com\/fr\/product\/sonic-shine-mini-toothbrush\/\",\"url\":\"https:\/\/dutchhealthstore.com\/fr\/product\/sonic-shine-mini-toothbrush\/\",\"name\":\"Sonic Shine Mini Toothbrush | Living Libations\",\"isPartOf\":{\"@id\":\"https:\/\/dutchhealthstore.com\/fr\/#website\"},\"primaryImageOfPage\":{\"@id\":\"https:\/\/dutchhealthstore.com\/fr\/product\/sonic-shine-mini-toothbrush\/#primaryimage\"},\"image\":{\"@id\":\"https:\/\/dutchhealthstore.com\/fr\/product\/sonic-shine-mini-toothbrush\/#primaryimage\"},\"thumbnailUrl\":\"https:\/\/dutchhealthstore.com\/wp-content\/uploads\/2021\/09\/toothbrush-blue-1.jpg\",\"datePublished\":\"2021-09-13T14:04:08+00:00\",\"dateModified\":\"2025-07-24T12:49:41+00:00\",\"description\":\"Ergonomique et l\u00e9g\u00e8re, cette Mini \u00e9tanche est parfaite pour les enfants et \u00e0 emporter en voyage.\",\"breadcrumb\":{\"@id\":\"https:\/\/dutchhealthstore.com\/fr\/product\/sonic-shine-mini-toothbrush\/#breadcrumb\"},\"inLanguage\":\"fr-FR\",\"potentialAction\":[{\"@type\":\"ReadAction\",\"target\":[\"https:\/\/dutchhealthstore.com\/fr\/product\/sonic-shine-mini-toothbrush\/\"]}]},{\"@type\":\"ImageObject\",\"inLanguage\":\"fr-FR\",\"@id\":\"https:\/\/dutchhealthstore.com\/fr\/product\/sonic-shine-mini-toothbrush\/#primaryimage\",\"url\":\"https:\/\/dutchhealthstore.com\/wp-content\/uploads\/2021\/09\/toothbrush-blue-1.jpg\",\"contentUrl\":\"https:\/\/dutchhealthstore.com\/wp-content\/uploads\/2021\/09\/toothbrush-blue-1.jpg\",\"width\":500,\"height\":500,\"caption\":\"toothbrush blue\"},{\"@type\":\"BreadcrumbList\",\"@id\":\"https:\/\/dutchhealthstore.com\/fr\/product\/sonic-shine-mini-toothbrush\/#breadcrumb\",\"itemListElement\":[{\"@type\":\"ListItem\",\"position\":1,\"name\":\"Home\",\"item\":\"https:\/\/dutchhealthstore.com\/fr\/\"},{\"@type\":\"ListItem\",\"position\":2,\"name\":\"Shop\",\"item\":\"https:\/\/dutchhealthstore.com\/fr\/shop\/\"},{\"@type\":\"ListItem\",\"position\":3,\"name\":\"Sonic Shine Mini Toothbrush\"}]},{\"@type\":\"WebSite\",\"@id\":\"https:\/\/dutchhealthstore.com\/fr\/#website\",\"url\":\"https:\/\/dutchhealthstore.com\/fr\/\",\"name\":\"Dutch Health Store\",\"description\":\"Enhance Your Beauty with Organic &amp; Natural Skincare\",\"publisher\":{\"@id\":\"https:\/\/dutchhealthstore.com\/fr\/#organization\"},\"potentialAction\":[{\"@type\":\"SearchAction\",\"target\":{\"@type\":\"EntryPoint\",\"urlTemplate\":\"https:\/\/dutchhealthstore.com\/fr\/?s={search_term_string}\"},\"query-input\":{\"@type\":\"PropertyValueSpecification\",\"valueRequired\":true,\"valueName\":\"search_term_string\"}}],\"inLanguage\":\"fr-FR\"},{\"@type\":\"Organization\",\"@id\":\"https:\/\/dutchhealthstore.com\/fr\/#organization\",\"name\":\"Dutch Health Store\",\"url\":\"https:\/\/dutchhealthstore.com\/fr\/\",\"logo\":{\"@type\":\"ImageObject\",\"inLanguage\":\"fr-FR\",\"@id\":\"https:\/\/dutchhealthstore.com\/fr\/#\/schema\/logo\/image\/\",\"url\":\"https:\/\/dutchhealthstore.com\/wp-content\/uploads\/2020\/08\/logo-dutchhealthstore-jpg-e1599484957574.jpg\",\"contentUrl\":\"https:\/\/dutchhealthstore.com\/wp-content\/uploads\/2020\/08\/logo-dutchhealthstore-jpg-e1599484957574.jpg\",\"width\":400,\"height\":62,\"caption\":\"Dutch Health Store\"},\"image\":{\"@id\":\"https:\/\/dutchhealthstore.com\/fr\/#\/schema\/logo\/image\/\"},\"sameAs\":[\"https:\/\/www.instagram.com\/dutchhealthstore\/\",\"https:\/\/www.facebook.com\/dutchhealthstore\"]}]}<\/script>\n<meta property=\"product:brand\" content=\"Living Libations\" \/>\n<meta property=\"og:availability\" content=\"instock\" \/>\n<meta property=\"product:availability\" content=\"instock\" \/>\n<meta property=\"product:condition\" content=\"new\" \/>\n<!-- \/ Yoast SEO Premium plugin. -->","yoast_head_json":{"title":"Sonic Shine Mini Toothbrush | Living Libations","description":"Ergonomique et l\u00e9g\u00e8re, cette Mini \u00e9tanche est parfaite pour les enfants et \u00e0 emporter en voyage.","robots":{"index":"index","follow":"follow","max-snippet":"max-snippet:-1","max-image-preview":"max-image-preview:large","max-video-preview":"max-video-preview:-1"},"canonical":"https:\/\/dutchhealthstore.com\/fr\/product\/sonic-shine-mini-toothbrush\/","og_locale":"fr_FR","og_type":"article","og_title":"Sonic Shine Mini Toothbrush - Dutch Health Store","og_description":"Ergonomique et l\u00e9g\u00e8re, cette Mini \u00e9tanche est parfaite pour les enfants et \u00e0 emporter en voyage.","og_url":"https:\/\/dutchhealthstore.com\/fr\/product\/sonic-shine-mini-toothbrush\/","og_site_name":"Dutch Health Store","article_publisher":"https:\/\/www.instagram.com\/dutchhealthstore\/","article_modified_time":"2025-07-24T12:49:41+00:00","og_image":[{"width":500,"height":500,"url":"https:\/\/dutchhealthstore.com\/wp-content\/uploads\/2021\/09\/toothbrush-blue-1.jpg","type":"image\/jpeg"}],"twitter_card":"summary_large_image","twitter_misc":{"Disponibilit\u00e9":"En stock"},"schema":{"@context":"https:\/\/schema.org","@graph":[{"@type":"WebPage","@id":"https:\/\/dutchhealthstore.com\/fr\/product\/sonic-shine-mini-toothbrush\/","url":"https:\/\/dutchhealthstore.com\/fr\/product\/sonic-shine-mini-toothbrush\/","name":"Sonic Shine Mini Toothbrush | Living Libations","isPartOf":{"@id":"https:\/\/dutchhealthstore.com\/fr\/#website"},"primaryImageOfPage":{"@id":"https:\/\/dutchhealthstore.com\/fr\/product\/sonic-shine-mini-toothbrush\/#primaryimage"},"image":{"@id":"https:\/\/dutchhealthstore.com\/fr\/product\/sonic-shine-mini-toothbrush\/#primaryimage"},"thumbnailUrl":"https:\/\/dutchhealthstore.com\/wp-content\/uploads\/2021\/09\/toothbrush-blue-1.jpg","datePublished":"2021-09-13T14:04:08+00:00","dateModified":"2025-07-24T12:49:41+00:00","description":"Ergonomique et l\u00e9g\u00e8re, cette Mini \u00e9tanche est parfaite pour les enfants et \u00e0 emporter en voyage.","breadcrumb":{"@id":"https:\/\/dutchhealthstore.com\/fr\/product\/sonic-shine-mini-toothbrush\/#breadcrumb"},"inLanguage":"fr-FR","potentialAction":[{"@type":"ReadAction","target":["https:\/\/dutchhealthstore.com\/fr\/product\/sonic-shine-mini-toothbrush\/"]}]},{"@type":"ImageObject","inLanguage":"fr-FR","@id":"https:\/\/dutchhealthstore.com\/fr\/product\/sonic-shine-mini-toothbrush\/#primaryimage","url":"https:\/\/dutchhealthstore.com\/wp-content\/uploads\/2021\/09\/toothbrush-blue-1.jpg","contentUrl":"https:\/\/dutchhealthstore.com\/wp-content\/uploads\/2021\/09\/toothbrush-blue-1.jpg","width":500,"height":500,"caption":"toothbrush blue"},{"@type":"BreadcrumbList","@id":"https:\/\/dutchhealthstore.com\/fr\/product\/sonic-shine-mini-toothbrush\/#breadcrumb","itemListElement":[{"@type":"ListItem","position":1,"name":"Home","item":"https:\/\/dutchhealthstore.com\/fr\/"},{"@type":"ListItem","position":2,"name":"Shop","item":"https:\/\/dutchhealthstore.com\/fr\/shop\/"},{"@type":"ListItem","position":3,"name":"Sonic Shine Mini Toothbrush"}]},{"@type":"WebSite","@id":"https:\/\/dutchhealthstore.com\/fr\/#website","url":"https:\/\/dutchhealthstore.com\/fr\/","name":"Dutch Health Store","description":"Enhance Your Beauty with Organic &amp; Natural Skincare","publisher":{"@id":"https:\/\/dutchhealthstore.com\/fr\/#organization"},"potentialAction":[{"@type":"SearchAction","target":{"@type":"EntryPoint","urlTemplate":"https:\/\/dutchhealthstore.com\/fr\/?s={search_term_string}"},"query-input":{"@type":"PropertyValueSpecification","valueRequired":true,"valueName":"search_term_string"}}],"inLanguage":"fr-FR"},{"@type":"Organization","@id":"https:\/\/dutchhealthstore.com\/fr\/#organization","name":"Dutch Health Store","url":"https:\/\/dutchhealthstore.com\/fr\/","logo":{"@type":"ImageObject","inLanguage":"fr-FR","@id":"https:\/\/dutchhealthstore.com\/fr\/#\/schema\/logo\/image\/","url":"https:\/\/dutchhealthstore.com\/wp-content\/uploads\/2020\/08\/logo-dutchhealthstore-jpg-e1599484957574.jpg","contentUrl":"https:\/\/dutchhealthstore.com\/wp-content\/uploads\/2020\/08\/logo-dutchhealthstore-jpg-e1599484957574.jpg","width":400,"height":62,"caption":"Dutch Health Store"},"image":{"@id":"https:\/\/dutchhealthstore.com\/fr\/#\/schema\/logo\/image\/"},"sameAs":["https:\/\/www.instagram.com\/dutchhealthstore\/","https:\/\/www.facebook.com\/dutchhealthstore"]}]},"product_brand":"Living Libations","og_availability":"instock","product_availability":"instock","product_condition":"new"},"_links":{"self":[{"href":"https:\/\/dutchhealthstore.com\/fr\/wp-json\/wp\/v2\/product\/165039","targetHints":{"allow":["GET"]}}],"collection":[{"href":"https:\/\/dutchhealthstore.com\/fr\/wp-json\/wp\/v2\/product"}],"about":[{"href":"https:\/\/dutchhealthstore.com\/fr\/wp-json\/wp\/v2\/types\/product"}],"replies":[{"embeddable":true,"href":"https:\/\/dutchhealthstore.com\/fr\/wp-json\/wp\/v2\/comments?post=165039"}],"wp:featuredmedia":[{"embeddable":true,"href":"https:\/\/dutchhealthstore.com\/fr\/wp-json\/wp\/v2\/media\/164912"}],"wp:attachment":[{"href":"https:\/\/dutchhealthstore.com\/fr\/wp-json\/wp\/v2\/media?parent=165039"}],"wp:term":[{"taxonomy":"product_brand","embeddable":true,"href":"https:\/\/dutchhealthstore.com\/fr\/wp-json\/wp\/v2\/product_brand?post=165039"},{"taxonomy":"product_cat","embeddable":true,"href":"https:\/\/dutchhealthstore.com\/fr\/wp-json\/wp\/v2\/product_cat?post=165039"},{"taxonomy":"product_tag","embeddable":true,"href":"https:\/\/dutchhealthstore.com\/fr\/wp-json\/wp\/v2\/product_tag?post=165039"}],"curies":[{"name":"wp","href":"https:\/\/api.w.org\/{rel}","templated":true}]}}