{"id":161897,"date":"2021-08-10T09:20:39","date_gmt":"2021-08-10T07:20:39","guid":{"rendered":"https:\/\/dutchhealthstore.com\/product\/sublimely-soothing-solution\/"},"modified":"2026-04-06T17:28:28","modified_gmt":"2026-04-06T15:28:28","slug":"best-skin-ever-immortelle","status":"publish","type":"product","link":"https:\/\/dutchhealthstore.com\/fr\/product\/best-skin-ever-immortelle\/","title":{"rendered":"Best Skin Ever &#8211; Immortelle"},"content":{"rendered":"<p><img decoding=\"async\" class=\"alignright\" src=\"https:\/\/dutchhealthstore.com\/wp-content\/uploads\/2019\/08\/NEW-Living-Libations-Logo.jpg\" alt=\"NEW - Living Libations - Logo\"><\/p>\n<p>Immortelle Best Skin Ever est une formule super fine d&rsquo;essences \u00e9l\u00e9gantes pr\u00eates \u00e0 r\u00e9pondre \u00e0 toutes les sensibilit\u00e9s de la peau, \u00e0 toutes les inclinations aux boutons, aux festivit\u00e9s de l&rsquo;imperfection ou aux activit\u00e9s li\u00e9es \u00e0 l&rsquo;acn\u00e9. Les cicatrices sont apais\u00e9es, liss\u00e9es, calm\u00e9es et \u00e9quilibr\u00e9es pour un teint parfait.<\/p>\n<p>Cette beaut\u00e9 bienveillante \u00e9quilibre la peau et lui donne de l&rsquo;\u00e9clat! Appliquez cette solution sublimement apaisante matin et soir pour nettoyer et hydrater, pour le plus grand plaisir de votre visage et de votre corps.<\/p>\n<p>L&rsquo;immortelle, l&rsquo;\u00e9toile brillante de ce super s\u00e9rum pour la peau, est l&rsquo;une des huiles les plus performantes du panth\u00e9on des plantes pour la perfection des soins de la peau. Cette pierre pr\u00e9cieuse rare poss\u00e8de de puissantes propri\u00e9t\u00e9s r\u00e9paratrices qui am\u00e9liorent sensiblement l&rsquo;apparence des imperfections de la peau. L&rsquo;encens tigr\u00e9 tonifiant et le g\u00e9ranium r\u00e9g\u00e9n\u00e9rant s&rsquo;associent aux sesquiterp\u00e9nols apaisants de Palmarosa, Lavande et Ylang pour faire chanter les cellules. Ces essences actives p\u00e9n\u00e8trent dans la peau en tourbillonnant dans les opulents \u00e9mollients et phospholipides de l&rsquo;huile de p\u00e9pins de framboise et en \u00e9tant satur\u00e9es en c\u00e9ramides de jojoba. Cette formule tout-en-un pour le visage et le corps est con\u00e7ue pour estomper l&rsquo;apparence des taches, cicatrices et imperfections et pour embellir le teint.<\/p>\n<h3>Mode d&#8217;emploi<\/h3>\n<p>Nettoyez, exfoliez et hydratez en une seule gicl\u00e9e. Il \u00e9limine proprement le maquillage, et est parfait pour nettoyer du nez aux orteils. Combinez-les avec d&rsquo;autres s\u00e9rums, \u00e9lixirs et huiles essentielles pour cr\u00e9er votre propre m\u00e9lange unique. Assez doux pour les enfants. Il est parfait pour tous les types de peau, y compris comme nettoyant pour les peaux acn\u00e9iques et les peaux qui ont besoin de soins particuliers.<\/p>\n<p>Lorsque vous d\u00e9marrez une nouvelle bouteille, amorcez la pompe en exer\u00e7ant une ou deux pressions fermes pour faire circuler le liquide.<\/p>\n<h3>Comment utiliser Immortelle Best Skin Ever<\/h3>\n<p>Le Best Skin Ever renouvelle le visage et le corps. Ce m\u00e9lange d&rsquo;huiles essentielles \u00ab\u00a0all-in-one\u00a0\u00bb nettoie, hydrate et nourrit la peau. Les Best Skin Evers ont \u00e9t\u00e9 formul\u00e9s pour \u00e9quilibrer tous les types de peau. Le lavage du visage avec des huiles v\u00e9g\u00e9tales press\u00e9es pures \u00e9tait la m\u00e9thode pr\u00e9f\u00e9r\u00e9e de nettoyage de la peau dans les rituels de beaut\u00e9 de nos anc\u00eatres et une m\u00e9thode gracieuse pour nettoyer et exfolier doucement la peau. La pratique du lavage \u00e0 l&rsquo;huile est apparue dans les terres arides de l&rsquo;Antiquit\u00e9, o\u00f9 la peau n\u00e9cessitait des soins particuliers et o\u00f9 les lipides adoucissants \u00e9taient appr\u00e9ci\u00e9s. Le lavage \u00e0 l&rsquo;huile a ensuite \u00e9t\u00e9 introduit en Europe centrale et m\u00e9ridionale par les femmes roms nomades qui ont \u00e9migr\u00e9 du nord de l&rsquo;Inde au 14e ou 15e si\u00e8cle. Nadine a formul\u00e9 le Best Skin Evers pour \u00eatre votre meilleure aide au bain et \u00e0 la beaut\u00e9. Ces huiles, associ\u00e9es \u00e0 de l&rsquo;eau et \u00e0 un chiffon, sont les \u00e9l\u00e9ments essentiels pour nettoyer, exfolier, humidifier et assouplir.<\/p>\n<p>Se laver le visage avec Immortelle Best Skin Ever<\/p>\n<p>1. Mouillez une petite partie d&rsquo;un chiffon avec de l&rsquo;eau.<br \/>\n2. Appliquez une \u00e0 deux pressions d&rsquo;Immortelle Best Skin Ever sur la partie humide du gant de toilette.<br \/>\n3. Massez d\u00e9licatement le visage, le cou et l&rsquo;arri\u00e8re du cou avec le tissu humide. Massez plus vigoureusement pour un effet plus exfoliant. Vous pouvez rincer votre peau mais ce n&rsquo;est pas sp\u00e9cialement n\u00e9cessaire.<\/p>\n<p>Si vous avez besoin de plus d&rsquo;hydratation, ajoutez une ou deux gicl\u00e9es de l&rsquo;un de nos s\u00e9rums Best Skin Evers ou Libations (Rose Glow, Soothsayer, Royal Rose, Sandalwood ou Open Sky) du bout des doigts et massez le visage et le cou. Si votre peau a tr\u00e8s soif, une cr\u00e8me Libations (Sundew, Rose Glow, All Seeing ou Maverick) vous comblera.<\/p>\n<p>Vous pouvez \u00e9galement ajouter une goutte ou deux de l&rsquo;un des s\u00e9rums \u00e0 une noisette de l&rsquo;une des cr\u00e8mes. Ils se m\u00e9langent tous magnifiquement ensemble.<\/p>\n<p>C&rsquo;est notre m\u00e9thode pr\u00e9f\u00e9r\u00e9e de lavage aux huiles. Vous pouvez aussi simplement masser avec les doigts et rincer. Vous pouvez utiliser un rond de coton pour vous d\u00e9maquiller.<\/p>\n<p>Utiliser l&rsquo;Immortelle Best Skin Ever sur votre corps apr\u00e8s le bain ou la douche<br \/>\n1. Laissez le corps humide apr\u00e8s un bain ou une douche.<br \/>\n2. Mouillez un gant de toilette avec de l&rsquo;eau. Essorez bien.<br \/>\n3. Appliquez quelques pressions sur le gant de toilette humide de l&rsquo;un des Best Skin Evers.<br \/>\n4. Massez tout le corps avec le tissu, de la t\u00eate aux pieds. Massez plus vigoureusement pour un effet plus exfoliant.<\/p>\n<h3 class=\"yikes-custom-woo-tab-title yikes-custom-woo-tab-title-natural-organic-ingredients\">Ingr\u00e9dients Naturels\/Biologiques<\/h3>\n<p><strong>Jojoba &#8211; Simmondsia chinensis: <\/strong>Avec ses 96% de c\u00e9ramides, le glorieux jojoba dor\u00e9 est le principal fournisseur de c\u00e9ramides somptueuses aux populations \u00e0 la peau dess\u00e9ch\u00e9e. Les c\u00e9ramides constituent une partie essentielle de la matrice extracellulaire de notre peau, qui la prot\u00e8ge et la repulpe. La somme substantielle de c\u00e9ramides dans l&rsquo;huile de jojoba est tr\u00e8s similaire \u00e0 celle de la peau, et agit pour \u00e9quilibrer le s\u00e9bum et maintenir l&rsquo;humidit\u00e9. Les c\u00e9ramides agissent comme un aimant d&rsquo;hydratation qui lie, prot\u00e8ge et repulpe pour v\u00e9ritablement fixer l&rsquo;hydratation dans la barri\u00e8re lipidique. Il poss\u00e8de une capacit\u00e9 in\u00e9gal\u00e9e \u00e0 hydrater la peau, \u00e0 \u00e9quilibrer la production de s\u00e9bum, \u00e0 nettoyer les pores en profondeur et \u00e0 cr\u00e9er des effets conditionnants durables qui adoucissent la peau pour en faire une soie parfaite. Elle regorge de peptides et de lipides et contient les plus hauts niveaux de compos\u00e9s ph\u00e9noliques trouv\u00e9s dans la nature, ainsi que des antioxydants et toutes les formes solubles de vitamine E.<\/p>\n<p><strong>P\u00e9pins de framboise &#8211; Rubus idaeus: <\/strong>Cet \u00e9l\u00e9gant \u00e9mollient prodigue \u00e0 la peau la somptueuse huile super lissante exprim\u00e9e \u00e0 partir des succulentes graines de framboises rouges. \u00c0 la diff\u00e9rence de l&rsquo;huile de graines press\u00e9e \u00e0 froid, notre version sp\u00e9ciale \u00e0 extrait supercritique est tout cela et plus encore! Ce processus de distillation permet d&rsquo;obtenir deux fois plus de st\u00e9rols r\u00e9g\u00e9n\u00e9rants et des quantit\u00e9s beaucoup plus importantes d&rsquo;antioxydants naturel, comme l&rsquo;acide ellagique. Cet extrait est plus riche en phospholipides, ce qui lui conf\u00e8re sa stabilit\u00e9. Il pr\u00e9sente \u00e9galement des niveaux exceptionnellement \u00e9lev\u00e9s d&rsquo;alpha et de gamma tocoph\u00e9rols (vitamine E) sous forme libre active, une teneur en provitamine A, des coteries de carot\u00e9no\u00efdes et une dose nourrissante d&rsquo;om\u00e9ga 3. Le l\u00e9ger ar\u00f4me fruit\u00e9 et la viscosit\u00e9 s\u00e9rieusement soyeuse suturent \u00e0 la fois la peau et les sens, et ce chr\u00eame concentr\u00e9 est particuli\u00e8rement apte \u00e0 satisfaire toutes les peaux.<\/p>\n<p><strong>Immortelle &#8211; Helichrysum italicum: <\/strong>L&rsquo;Immortelle \u00e9ternelle est stellaire et brille de mille feux pour tous les types de soins de la peau. Cette huile florale parfum\u00e9e est fabriqu\u00e9e de mani\u00e8re sauvage sur l&rsquo;\u00eele de Corse, o\u00f9 les fleurs prosp\u00e8rent gr\u00e2ce aux brises de l&rsquo;oc\u00e9an et au soleil. Les fleurs poussent \u00e0 une altitude de 4 000 feet sur les falaises rocheuses de la campagne. L&rsquo;immortelle aide \u00e0 att\u00e9nuer l&rsquo;apparence des cicatrices, des taches, du m\u00e9lasme, des rougeurs et des ridules. Ce bijou d&rsquo;huile aux multiples facettes est \u00e9galement stimulant sur le plan \u00e9motionnel.<\/p>\n<p><strong>Encens Tigr\u00e9 &#8211; Boswellia papyrifera: <\/strong>C&rsquo;est un encens tonifiant transcendant. Comme toutes les huiles essentielles d&rsquo;encens, elle est super pour la peau et l&rsquo;esprit. Ses fl\u00e8ches odorantes de caramel et d&rsquo;ambre combin\u00e9es \u00e0 la chaleur mielleuse de l&rsquo;Immortelle rendent ce s\u00e9rum exquis.<\/p>\n<p><strong>G\u00e9ranium &#8211; Pelargonium graveolens: <\/strong>Ce doux g\u00e9ant des soins de la peau raffermit, fortifie et r\u00e9duit l&rsquo;apparence des cicatrices et des vergetures, et clarifie et pr\u00e9vient l&rsquo;acn\u00e9.<\/p>\n<p><strong>Ylang &#8211; Cananga odorata: <\/strong>Une fragrance joyeuse et florale qui embrasse les joues et invite la peau radieuse \u00e0 sortir et \u00e0 jouer. Cette beaut\u00e9 bienveillante raffermit, tonifie et apaise le visage gr\u00e2ce \u00e0 sa gr\u00e2ce mol\u00e9culaire.<\/p>\n<p><strong>Palmarosa &#8211; Cymbopogon martinii: <\/strong>L&rsquo;agr\u00e9able palmarosa est un formidable rajeunisseur de la peau, riche en puissants monoterp\u00e9nols, en esters \u00e9mollients, en linalol affectueux et en g\u00e9raniols g\u00e9n\u00e9reux qui \u00e9quilibrent les pores et le teint. Le palmarosa lisse la peau et a la r\u00e9putation d&rsquo;apporter un \u00e9quilibre aux peaux s\u00e8ches et sujettes aux imperfections.<\/p>\n<p><strong>Lavande &#8211; Lavandula angustifolia: <\/strong>La lavande est un tonique calmant et charmant pour la peau, \u00e0 la fois doux et puissant. Il d\u00e9tend les rougeurs et refroidit la chaleur. Il est utilis\u00e9 pour am\u00e9liorer l&rsquo;apparence des cicatrices, unifier le teint, nettoyer la peau sujette \u00e0 l&rsquo;acn\u00e9 et \u00e9quilibrer les niveaux de s\u00e9bum de la peau.<\/p>\n<p><strong>Curcuma &#8211; Curcuma longa: <\/strong>Le curcuma est un tonique dor\u00e9 pour la peau. Gr\u00e2ce \u00e0 l&rsquo;extraction supercritique, tous les compos\u00e9s lipophiles (qui aiment l&rsquo;huile) du curcuma sont captur\u00e9s \u00e0 partir des racines de la plante. Ce processus d&rsquo;extraction sp\u00e9cial permet de capturer beaucoup plus d&rsquo;huiles volatiles aromatiques, de lipides et de pigments qu&rsquo;une herbe en poudre typique.<\/p>\n","protected":false},"excerpt":{"rendered":"<p>Cette beaut\u00e9 bienveillante \u00e9quilibre la peau et lui donne de l&rsquo;\u00e9clat!<\/p>\n","protected":false},"featured_media":200088,"comment_status":"open","ping_status":"closed","template":"","meta":[],"product_brand":[],"product_cat":[14733,2988,1091,2987,5658,5654,5659,5660,5722,1211,5690,4911,2986,5691,5132,5689,1209,1030,5107,5130,5721,5673,5627,4912,5656,5121,5655,4919,5131,1229,5657,4049,1010,1033,1501,2985],"product_tag":[21392,9769,21393,4864,21358],"class_list":{"0":"post-161897","1":"product","2":"type-product","3":"status-publish","4":"has-post-thumbnail","6":"product_cat-soins-de-la-peau","7":"product_cat-best-skin-ever-fr","8":"product_cat-body-oil-fr","9":"product_cat-huiles-lotions","10":"product_cat-moisturizers-fr-fr-2","11":"product_cat-moisturizers-fr-fr","12":"product_cat-moisturizers-fr-fr-3","13":"product_cat-moisturizers-fr-fr-5","14":"product_cat-moisturizers-fr-fr-4","15":"product_cat-living-libations-france","16":"product_cat-cleansers-fr-6","17":"product_cat-cleansers-fr","18":"product_cat-nettoyants","19":"product_cat-cleansers-fr-7","20":"product_cat-cleansers-fr-2","21":"product_cat-cleansers-fr-9","22":"product_cat-par-marques","23":"product_cat-par-produits","24":"product_cat-by-skin-type-fr-4","25":"product_cat-oily-skin-clogged-pores-fr-6","26":"product_cat-oily-skin-clogged-pores","27":"product_cat-oily-skin-clogged-pores-fr","28":"product_cat-normal-or-combination-skin-fr-2","29":"product_cat-normal-or-combination-skin-fr-6","30":"product_cat-normal-or-combination-skin-fr","31":"product_cat-dry-mature-ageing-skin-fr-2","32":"product_cat-dry-mature-ageing-skin-fr","33":"product_cat-dry-mature-ageing-skin-fr-6","34":"product_cat-cleansers-sensitive-skin-fr","35":"product_cat-sensitive-skin-redness-fr","36":"product_cat-sensitive-skin-redness","37":"product_cat-serums-et-hydratant","38":"product_cat-notre-boutique","39":"product_cat-body-care-fr","40":"product_cat-corps-living-libations","41":"product_cat-visage-fr","42":"product_tag-corps","43":"product_tag-moisturizer-fr","44":"product_tag-nettoyage","45":"product_tag-skin-fr","46":"product_tag-soins-du-visage","47":"pa_brand-livinglibations-fr","48":"pa_gtin-7424927699629-fr","49":"pa_size-30-ml-fr","50":"pa_size-50-ml-fr","51":"pa_size-100-ml-fr","52":"pa_size-120-ml-refill-fr","53":"pa_size-240-ml-refill-fr","54":"pa_skincare-type-cleansers-fr","55":"pa_skincare-type-face-oil-and-serums-fr","56":"pa_skincare-type-moisturizers-fr","57":"pa_skintype-oily-skin-fr","58":"pa_skintype-normal-combination-skin-fr","59":"pa_skintype-dry-mature-ageing-skin-fr","60":"pa_skintype-sensitive-skin-redness-fr","62":"first","63":"instock","64":"taxable","65":"shipping-taxable","66":"purchasable","67":"product-type-variable"},"bundled_by":[],"bundle_stock_status":"instock","bundle_stock_quantity":null,"bundle_virtual":false,"bundle_layout":"","bundle_add_to_cart_form_location":"","bundle_editable_in_cart":false,"bundle_sold_individually_context":"","bundle_item_grouping":"","bundle_min_size":"","bundle_max_size":"","bundle_price":[],"bundled_items":[],"bundle_sell_ids":[107695],"atum_controlled":true,"out_stock_date":null,"out_stock_threshold":null,"inheritable":true,"stock_on_hold":2,"sold_today":0,"sales_last_days":1,"out_stock_days":0,"lost_sales":0,"update_date":"2026-04-07T13:52:05","atum_locations":[],"atum_stock_status":"instock","restock_status":false,"low_stock_amount":"","sales_update_date":"2026-04-07T13:52:05","calc_backorders":null,"group_of_quantity":0,"min_quantity":0,"max_quantity":"","exclude_order_quantity_value_rules":"no","exclude_category_quantity_rules":"no","combine_variations":"no","yoast_head":"<!-- This site is optimized with the Yoast SEO Premium plugin v26.5 (Yoast SEO v26.5) - https:\/\/yoast.com\/wordpress\/plugins\/seo\/ -->\n<title>Best Skin Ever - Immortelle - Living Libations<\/title>\n<meta name=\"description\" content=\"Cette beaut\u00e9 bienveillante \u00e9quilibre la peau et lui donne de l&#039;\u00e9clat!\" \/>\n<meta name=\"robots\" content=\"index, follow, max-snippet:-1, max-image-preview:large, max-video-preview:-1\" \/>\n<link rel=\"canonical\" href=\"https:\/\/dutchhealthstore.com\/fr\/product\/best-skin-ever-immortelle\/\" \/>\n<meta property=\"og:locale\" content=\"fr_FR\" \/>\n<meta property=\"og:type\" content=\"article\" \/>\n<meta property=\"og:title\" content=\"Best Skin Ever - Immortelle - Dutch Health Store\" \/>\n<meta property=\"og:description\" content=\"Cette beaut\u00e9 bienveillante \u00e9quilibre la peau et lui donne de l&#039;\u00e9clat!\" \/>\n<meta property=\"og:url\" content=\"https:\/\/dutchhealthstore.com\/fr\/product\/best-skin-ever-immortelle\/\" \/>\n<meta property=\"og:site_name\" content=\"Dutch Health Store\" \/>\n<meta property=\"article:publisher\" content=\"https:\/\/www.instagram.com\/dutchhealthstore\/\" \/>\n<meta property=\"article:modified_time\" content=\"2026-04-06T15:28:28+00:00\" \/>\n<meta property=\"og:image\" content=\"https:\/\/dutchhealthstore.com\/wp-content\/uploads\/2021\/07\/bse-immortelle-100.jpg\" \/>\n\t<meta property=\"og:image:width\" content=\"500\" \/>\n\t<meta property=\"og:image:height\" content=\"500\" \/>\n\t<meta property=\"og:image:type\" content=\"image\/jpeg\" \/>\n<meta name=\"twitter:card\" content=\"summary_large_image\" \/>\n<meta name=\"twitter:label1\" content=\"Disponibilit\u00e9\" \/>\n\t<meta name=\"twitter:data1\" content=\"En stock\" \/>\n<script type=\"application\/ld+json\" class=\"yoast-schema-graph\">{\"@context\":\"https:\/\/schema.org\",\"@graph\":[{\"@type\":\"WebPage\",\"@id\":\"https:\/\/dutchhealthstore.com\/fr\/product\/best-skin-ever-immortelle\/\",\"url\":\"https:\/\/dutchhealthstore.com\/fr\/product\/best-skin-ever-immortelle\/\",\"name\":\"Best Skin Ever - Immortelle - Living Libations\",\"isPartOf\":{\"@id\":\"https:\/\/dutchhealthstore.com\/fr\/#website\"},\"primaryImageOfPage\":{\"@id\":\"https:\/\/dutchhealthstore.com\/fr\/product\/best-skin-ever-immortelle\/#primaryimage\"},\"image\":{\"@id\":\"https:\/\/dutchhealthstore.com\/fr\/product\/best-skin-ever-immortelle\/#primaryimage\"},\"thumbnailUrl\":\"https:\/\/dutchhealthstore.com\/wp-content\/uploads\/2021\/07\/bse-immortelle-100.jpg\",\"datePublished\":\"2021-08-10T07:20:39+00:00\",\"dateModified\":\"2026-04-06T15:28:28+00:00\",\"description\":\"Cette beaut\u00e9 bienveillante \u00e9quilibre la peau et lui donne de l'\u00e9clat!\",\"breadcrumb\":{\"@id\":\"https:\/\/dutchhealthstore.com\/fr\/product\/best-skin-ever-immortelle\/#breadcrumb\"},\"inLanguage\":\"fr-FR\",\"potentialAction\":[{\"@type\":\"ReadAction\",\"target\":[\"https:\/\/dutchhealthstore.com\/fr\/product\/best-skin-ever-immortelle\/\"]}]},{\"@type\":\"ImageObject\",\"inLanguage\":\"fr-FR\",\"@id\":\"https:\/\/dutchhealthstore.com\/fr\/product\/best-skin-ever-immortelle\/#primaryimage\",\"url\":\"https:\/\/dutchhealthstore.com\/wp-content\/uploads\/2021\/07\/bse-immortelle-100.jpg\",\"contentUrl\":\"https:\/\/dutchhealthstore.com\/wp-content\/uploads\/2021\/07\/bse-immortelle-100.jpg\",\"width\":500,\"height\":500,\"caption\":\"bse immortelle 100\"},{\"@type\":\"BreadcrumbList\",\"@id\":\"https:\/\/dutchhealthstore.com\/fr\/product\/best-skin-ever-immortelle\/#breadcrumb\",\"itemListElement\":[{\"@type\":\"ListItem\",\"position\":1,\"name\":\"Home\",\"item\":\"https:\/\/dutchhealthstore.com\/fr\/\"},{\"@type\":\"ListItem\",\"position\":2,\"name\":\"Shop\",\"item\":\"https:\/\/dutchhealthstore.com\/fr\/shop\/\"},{\"@type\":\"ListItem\",\"position\":3,\"name\":\"Best Skin Ever &#8211; Immortelle\"}]},{\"@type\":\"WebSite\",\"@id\":\"https:\/\/dutchhealthstore.com\/fr\/#website\",\"url\":\"https:\/\/dutchhealthstore.com\/fr\/\",\"name\":\"Dutch Health Store\",\"description\":\"Enhance Your Beauty with Organic &amp; Natural Skincare\",\"publisher\":{\"@id\":\"https:\/\/dutchhealthstore.com\/fr\/#organization\"},\"potentialAction\":[{\"@type\":\"SearchAction\",\"target\":{\"@type\":\"EntryPoint\",\"urlTemplate\":\"https:\/\/dutchhealthstore.com\/fr\/?s={search_term_string}\"},\"query-input\":{\"@type\":\"PropertyValueSpecification\",\"valueRequired\":true,\"valueName\":\"search_term_string\"}}],\"inLanguage\":\"fr-FR\"},{\"@type\":\"Organization\",\"@id\":\"https:\/\/dutchhealthstore.com\/fr\/#organization\",\"name\":\"Dutch Health Store\",\"url\":\"https:\/\/dutchhealthstore.com\/fr\/\",\"logo\":{\"@type\":\"ImageObject\",\"inLanguage\":\"fr-FR\",\"@id\":\"https:\/\/dutchhealthstore.com\/fr\/#\/schema\/logo\/image\/\",\"url\":\"https:\/\/dutchhealthstore.com\/wp-content\/uploads\/2020\/08\/logo-dutchhealthstore-jpg-e1599484957574.jpg\",\"contentUrl\":\"https:\/\/dutchhealthstore.com\/wp-content\/uploads\/2020\/08\/logo-dutchhealthstore-jpg-e1599484957574.jpg\",\"width\":400,\"height\":62,\"caption\":\"Dutch Health Store\"},\"image\":{\"@id\":\"https:\/\/dutchhealthstore.com\/fr\/#\/schema\/logo\/image\/\"},\"sameAs\":[\"https:\/\/www.instagram.com\/dutchhealthstore\/\",\"https:\/\/www.facebook.com\/dutchhealthstore\"]}]}<\/script>\n<meta property=\"product:brand\" content=\"Living Libations\" \/>\n<meta property=\"og:availability\" content=\"instock\" \/>\n<meta property=\"product:availability\" content=\"instock\" \/>\n<meta property=\"product:condition\" content=\"new\" \/>\n<!-- \/ Yoast SEO Premium plugin. -->","yoast_head_json":{"title":"Best Skin Ever - Immortelle - Living Libations","description":"Cette beaut\u00e9 bienveillante \u00e9quilibre la peau et lui donne de l'\u00e9clat!","robots":{"index":"index","follow":"follow","max-snippet":"max-snippet:-1","max-image-preview":"max-image-preview:large","max-video-preview":"max-video-preview:-1"},"canonical":"https:\/\/dutchhealthstore.com\/fr\/product\/best-skin-ever-immortelle\/","og_locale":"fr_FR","og_type":"article","og_title":"Best Skin Ever - Immortelle - Dutch Health Store","og_description":"Cette beaut\u00e9 bienveillante \u00e9quilibre la peau et lui donne de l'\u00e9clat!","og_url":"https:\/\/dutchhealthstore.com\/fr\/product\/best-skin-ever-immortelle\/","og_site_name":"Dutch Health Store","article_publisher":"https:\/\/www.instagram.com\/dutchhealthstore\/","article_modified_time":"2026-04-06T15:28:28+00:00","og_image":[{"width":500,"height":500,"url":"https:\/\/dutchhealthstore.com\/wp-content\/uploads\/2021\/07\/bse-immortelle-100.jpg","type":"image\/jpeg"}],"twitter_card":"summary_large_image","twitter_misc":{"Disponibilit\u00e9":"En stock"},"schema":{"@context":"https:\/\/schema.org","@graph":[{"@type":"WebPage","@id":"https:\/\/dutchhealthstore.com\/fr\/product\/best-skin-ever-immortelle\/","url":"https:\/\/dutchhealthstore.com\/fr\/product\/best-skin-ever-immortelle\/","name":"Best Skin Ever - Immortelle - Living Libations","isPartOf":{"@id":"https:\/\/dutchhealthstore.com\/fr\/#website"},"primaryImageOfPage":{"@id":"https:\/\/dutchhealthstore.com\/fr\/product\/best-skin-ever-immortelle\/#primaryimage"},"image":{"@id":"https:\/\/dutchhealthstore.com\/fr\/product\/best-skin-ever-immortelle\/#primaryimage"},"thumbnailUrl":"https:\/\/dutchhealthstore.com\/wp-content\/uploads\/2021\/07\/bse-immortelle-100.jpg","datePublished":"2021-08-10T07:20:39+00:00","dateModified":"2026-04-06T15:28:28+00:00","description":"Cette beaut\u00e9 bienveillante \u00e9quilibre la peau et lui donne de l'\u00e9clat!","breadcrumb":{"@id":"https:\/\/dutchhealthstore.com\/fr\/product\/best-skin-ever-immortelle\/#breadcrumb"},"inLanguage":"fr-FR","potentialAction":[{"@type":"ReadAction","target":["https:\/\/dutchhealthstore.com\/fr\/product\/best-skin-ever-immortelle\/"]}]},{"@type":"ImageObject","inLanguage":"fr-FR","@id":"https:\/\/dutchhealthstore.com\/fr\/product\/best-skin-ever-immortelle\/#primaryimage","url":"https:\/\/dutchhealthstore.com\/wp-content\/uploads\/2021\/07\/bse-immortelle-100.jpg","contentUrl":"https:\/\/dutchhealthstore.com\/wp-content\/uploads\/2021\/07\/bse-immortelle-100.jpg","width":500,"height":500,"caption":"bse immortelle 100"},{"@type":"BreadcrumbList","@id":"https:\/\/dutchhealthstore.com\/fr\/product\/best-skin-ever-immortelle\/#breadcrumb","itemListElement":[{"@type":"ListItem","position":1,"name":"Home","item":"https:\/\/dutchhealthstore.com\/fr\/"},{"@type":"ListItem","position":2,"name":"Shop","item":"https:\/\/dutchhealthstore.com\/fr\/shop\/"},{"@type":"ListItem","position":3,"name":"Best Skin Ever &#8211; Immortelle"}]},{"@type":"WebSite","@id":"https:\/\/dutchhealthstore.com\/fr\/#website","url":"https:\/\/dutchhealthstore.com\/fr\/","name":"Dutch Health Store","description":"Enhance Your Beauty with Organic &amp; Natural Skincare","publisher":{"@id":"https:\/\/dutchhealthstore.com\/fr\/#organization"},"potentialAction":[{"@type":"SearchAction","target":{"@type":"EntryPoint","urlTemplate":"https:\/\/dutchhealthstore.com\/fr\/?s={search_term_string}"},"query-input":{"@type":"PropertyValueSpecification","valueRequired":true,"valueName":"search_term_string"}}],"inLanguage":"fr-FR"},{"@type":"Organization","@id":"https:\/\/dutchhealthstore.com\/fr\/#organization","name":"Dutch Health Store","url":"https:\/\/dutchhealthstore.com\/fr\/","logo":{"@type":"ImageObject","inLanguage":"fr-FR","@id":"https:\/\/dutchhealthstore.com\/fr\/#\/schema\/logo\/image\/","url":"https:\/\/dutchhealthstore.com\/wp-content\/uploads\/2020\/08\/logo-dutchhealthstore-jpg-e1599484957574.jpg","contentUrl":"https:\/\/dutchhealthstore.com\/wp-content\/uploads\/2020\/08\/logo-dutchhealthstore-jpg-e1599484957574.jpg","width":400,"height":62,"caption":"Dutch Health Store"},"image":{"@id":"https:\/\/dutchhealthstore.com\/fr\/#\/schema\/logo\/image\/"},"sameAs":["https:\/\/www.instagram.com\/dutchhealthstore\/","https:\/\/www.facebook.com\/dutchhealthstore"]}]},"product_brand":"Living Libations","og_availability":"instock","product_availability":"instock","product_condition":"new"},"_links":{"self":[{"href":"https:\/\/dutchhealthstore.com\/fr\/wp-json\/wp\/v2\/product\/161897","targetHints":{"allow":["GET"]}}],"collection":[{"href":"https:\/\/dutchhealthstore.com\/fr\/wp-json\/wp\/v2\/product"}],"about":[{"href":"https:\/\/dutchhealthstore.com\/fr\/wp-json\/wp\/v2\/types\/product"}],"replies":[{"embeddable":true,"href":"https:\/\/dutchhealthstore.com\/fr\/wp-json\/wp\/v2\/comments?post=161897"}],"wp:featuredmedia":[{"embeddable":true,"href":"https:\/\/dutchhealthstore.com\/fr\/wp-json\/wp\/v2\/media\/200088"}],"wp:attachment":[{"href":"https:\/\/dutchhealthstore.com\/fr\/wp-json\/wp\/v2\/media?parent=161897"}],"wp:term":[{"taxonomy":"product_brand","embeddable":true,"href":"https:\/\/dutchhealthstore.com\/fr\/wp-json\/wp\/v2\/product_brand?post=161897"},{"taxonomy":"product_cat","embeddable":true,"href":"https:\/\/dutchhealthstore.com\/fr\/wp-json\/wp\/v2\/product_cat?post=161897"},{"taxonomy":"product_tag","embeddable":true,"href":"https:\/\/dutchhealthstore.com\/fr\/wp-json\/wp\/v2\/product_tag?post=161897"}],"curies":[{"name":"wp","href":"https:\/\/api.w.org\/{rel}","templated":true}]}}