{"id":161887,"date":"2021-08-10T08:28:31","date_gmt":"2021-08-10T06:28:31","guid":{"rendered":"https:\/\/dutchhealthstore.com\/product\/sandalwood-pacific-island-essential-oil\/"},"modified":"2025-12-23T09:39:17","modified_gmt":"2025-12-23T08:39:17","slug":"sandalwood-pacific-island-essential-oil","status":"publish","type":"product","link":"https:\/\/dutchhealthstore.com\/fr\/product\/sandalwood-pacific-island-essential-oil\/","title":{"rendered":"Sandalwood, Pacific Island Essential Oil"},"content":{"rendered":"<p style=\"text-align: left;\"><strong><img decoding=\"async\" class=\"alignright\" src=\"https:\/\/dutchhealthstore.com\/wp-content\/uploads\/2019\/08\/NEW-Living-Libations-Logo.jpg\" alt=\"NEW - Living Libations - Logo\"><\/strong>Pacific Island Sandalwood est la solution douce et sensuelle \u00e0 la durabilit\u00e9 de l&rsquo;huile de bois de santal. R\u00e9g\u00e9n\u00e9ratrice pour les peaux d\u00e9shydrat\u00e9es et les esprits \u00e9puis\u00e9s, cette essence cr\u00e9meuse et bois\u00e9e est cultiv\u00e9e de mani\u00e8re durable. Son ar\u00f4me langoureux et durable commence par \u00eatre tr\u00e8s doux et se transforme en une senteur classique de bois de santal qui a fait de ce produit un parfum v\u00e9n\u00e9r\u00e9, une huile corporelle bienveillante, un s\u00e9rum rassasiant pour la peau et un \u00e9mollient c\u00e9leste pour les cheveux depuis l&rsquo;Antiquit\u00e9.<\/p>\n<p><strong>Nom botanique <\/strong>: Santalum austrocaledonicum<br \/>\n<strong>Famille botanique<\/strong> : Santalaceae<br \/>\n<strong>M\u00e9thode d&rsquo;extraction<\/strong> : Distillation \u00e0 la vapeur<br \/>\n<strong>Partie de la plante distill\u00e9e <\/strong>: Bois de c\u0153ur<br \/>\n<strong>Pays d&rsquo;origine <\/strong>: Nouvelle-Cal\u00e9donie<br \/>\n<strong>M\u00e9thode de culture <\/strong>: Culture biologique et durable<br \/>\n<strong>Composition <\/strong>: 100 % Santalum austrocaledonicum<br \/>\n<strong>Consistance<\/strong> : Viscosit\u00e9 moyenne<\/p>\n<p><strong>Description du parfum<\/strong>: Iconique, cr\u00e9meux-sucr\u00e9, balsamique-bois\u00e9, et durable.<\/p>\n<p><strong>Se m\u00e9lange bien avec<\/strong>: C\u00e8dre, pamplemousse, camomille, bergamote, citron, orange, g\u00e9ranium, eucalyptus, encens, lavande, romarin, arbre \u00e0 th\u00e9, rose, jasmin, tub\u00e9reuse, pin, patchouli, \u00e9pinette, vanille, v\u00e9tiver, nard, myrrhe et plumeria.<\/p>\n<p><strong>Composants<\/strong>: Alpha-santalol, sesquiterp\u00e9nols (pr\u00e8s de 70%), ald\u00e9hydes et sesquiterp\u00e8nes.<\/p>\n<p><strong>Utilisations <\/strong>: Fixateur de parfum. Soulage les peaux s\u00e8ches et d\u00e9shydrat\u00e9es. Une goutte dans chaque aisselle pour un d\u00e9odorant fringant. Procure une hydratation parfaite pour les peaux \u00e0 tendance acn\u00e9ique. R\u00e9g\u00e9n\u00e8re et d\u00e9congestionne la peau qui en a besoin. Ajoutez \u00e0 un bain ou \u00e0 un diffuseur pour un ar\u00f4me sensuel et relaxant. En tant qu&rsquo;huile de m\u00e9ditation, elle d\u00e9noue les n\u0153uds \u00e9motionnels et \u00e9quilibre l&rsquo;humeur.<\/p>\n<p><strong>Pacific Island Sandalwood<\/strong> essential oil est fabriqu\u00e9e \u00e0 partir de bois de c\u0153ur cultiv\u00e9 de mani\u00e8re durable et biologique, distill\u00e9 dans des conditions de commerce \u00e9quitable sur l&rsquo;\u00eele de Nouvelle-Cal\u00e9donie, en Oc\u00e9anie. Les plants de bois de santal sont cultiv\u00e9s en p\u00e9pini\u00e8re puis plant\u00e9s dans des for\u00eats pour y m\u00fbrir pendant quarante ou cinquante ans avant d&rsquo;\u00eatre r\u00e9colt\u00e9s. Pour chaque arbre r\u00e9colt\u00e9, dix jeunes arbres sont plant\u00e9s pour la r\u00e9g\u00e9n\u00e9ration de la for\u00eat afin de r\u00e9pondre \u00e0 l&rsquo;int\u00e9r\u00eat croissant pour l&rsquo;huile de santal.<\/p>\n<p>Cette vari\u00e9t\u00e9 de bois de santal du Vanuatu est une alternative int\u00e9ressante \u00e0 la vari\u00e9t\u00e9 Santalum album, qui n\u00e9cessite actuellement des mesures de protection de l&rsquo;environnement, car elle partage des composants botaniques \u00e9tonnamment similaires, notamment une forte teneur en alpha-santalol, qui conf\u00e8re \u00e0 l&rsquo;huile son ar\u00f4me doux et bois\u00e9 et ses bienfaits adoucissants et r\u00e9g\u00e9n\u00e9rants pour la peau. Elle regorge d&rsquo;une magnifique hydratation et des \u00e9tudes scientifiques r\u00e9v\u00e8lent que les monoterp\u00e8nes contenus dans l&rsquo;huile de bois de santal sont b\u00e9n\u00e9fiques pour tonifier la peau et notamment la couche corn\u00e9e, ce qui explique pourquoi elle est un \u00e9l\u00e9ment de base des soins de la peau et des cheveux depuis l&rsquo;Antiquit\u00e9. Il acc\u00e9l\u00e8re la restauration de la peau, estompe le m\u00e9lasme et r\u00e9duit l&rsquo;apparence des cicatrices.<\/p>\n<p>Comme pour toutes les huiles de bois de santal, Pacific Island Sandalwood essential oil s&rsquo;am\u00e9liore avec le temps. Il constitue une base \u00e9l\u00e9gante pour les parfums floraux et \u00e9pic\u00e9s. Cet aromate amoureux contient \u00e9galement une ph\u00e9romone botanique similaire \u00e0 l&rsquo;androst\u00e9rone, la s\u00e9cr\u00e9tion de ph\u00e9romone des aisselles qui agit comme un signal sexuel. Cela en fait un d\u00e9odorant fringant et super efficace qu&rsquo;il suffit d&rsquo;appliquer une goutte pour charmer chaque aisselle.<\/p>\n<p><strong>Taille : 5 ml et 15 ml<\/strong><\/p>\n<h3>Ingr\u00e9dients biologiques<\/h3>\n<p>100% huile essentielle de bois de santal des \u00eeles du Pacifique (Santalum austrocaledonicum).<\/p>\n<p style=\"text-align: center;\"><em>Cette huile de bois de santal \u00ab\u00a0est la plus proche du bois de santal de l&rsquo;Inde orientale (Santalum album) en termes de composition et d&rsquo;ar\u00f4me\u00a0\u00bb<br \/>\n<\/em>~ Robert Tisserand, <strong>Essential huile Safety<\/strong><\/p>\n<p style=\"text-align: center;\"><em>\u00ab\u00a0Bois\u00e9, balsamique et doux avec juste un soup\u00e7on de ros\u00e9, le bois de santal apporte une patine lisse d&rsquo;une \u00e9l\u00e9gance sans \u00e2ge \u00e0 la plupart des m\u00e9langes de parfums&#8230; Le parfum \u00e9voque ainsi une simplicit\u00e9 raffin\u00e9e, une sublimit\u00e9 us\u00e9e par le temps.\u00a0\u00bb<br \/>\n<\/em><em>~ Peter Holmes, <strong>Aromatica<\/strong><\/em><\/p>\n<p style=\"text-align: center;\"><em>\u00ab\u00a0Le bois de santal est l&rsquo;un des rares v\u00e9ritables d\u00e9mulcents aux propri\u00e9t\u00e9s r\u00e9paratrices et mucostatiques de la materia medica. Il incarne le paradoxe d&rsquo;un reconstituant frais et humide&#8230; la teneur \u00e9lev\u00e9e de l&rsquo;huile en alcools sesquiterp\u00e9niques est ici significative.\u00a0\u00bb<br \/>\n<\/em>~ Peter Holmes, <strong>Aromatica<\/strong><\/p>\n<p style=\"text-align: center;\"><em>Reliant nos \u00e9motions \u00e0 nos sens, le bois de santal exerce un effet de centrage, de stabilisation et d&rsquo;harmonisation de l&rsquo;\u00e9nergie qui est physique, palpable et sensuel\u00a0\u00bb<br \/>\n<\/em>~ Peter Holmes, <strong>Aromatica<\/strong><\/p>\n","protected":false},"excerpt":{"rendered":"<p>Pacific Island Sandalwood est la solution douce et sensuelle \u00e0 la durabilit\u00e9 de l&rsquo;huile de bois de santal. R\u00e9g\u00e9n\u00e9ratrice pour les peaux d\u00e9shydrat\u00e9es et les esprits \u00e9puis\u00e9s, cette essence cr\u00e9meuse et bois\u00e9e est cultiv\u00e9e de mani\u00e8re durable. Son ar\u00f4me langoureux et durable commence par \u00eatre tr\u00e8s doux et se transforme en une senteur classique de bois de santal qui a fait de ce produit un parfum v\u00e9n\u00e9r\u00e9, une huile corporelle bienveillante, un s\u00e9rum rassasiant pour la peau et un \u00e9mollient c\u00e9leste pour les cheveux depuis l&rsquo;Antiquit\u00e9.<\/p>\n","protected":false},"featured_media":160326,"comment_status":"open","ping_status":"closed","template":"","meta":[],"product_brand":[],"product_cat":[1507,6734,1211,1209,3757,1010,6733],"product_tag":[4495],"class_list":{"0":"post-161887","1":"product","2":"type-product","3":"status-publish","4":"has-post-thumbnail","6":"product_cat-plantes-huiles-essentielles-living-libations","7":"product_cat-essential-oils","8":"product_cat-living-libations-france","9":"product_cat-par-marques","10":"product_cat-plantes-huiles-essentielles","11":"product_cat-notre-boutique","12":"product_cat-wellness-fr-2","13":"product_tag-essential-oil-fr","14":"pa_brand-livinglibations-fr","15":"pa_essential-oils-product-type-essential-oils-fr","16":"pa_size-15-ml-fr","17":"pa_size-5-ml-fr","19":"first","20":"instock","21":"taxable","22":"shipping-taxable","23":"purchasable","24":"product-type-variable"},"bundled_by":[],"bundle_stock_status":"instock","bundle_stock_quantity":null,"bundle_virtual":false,"bundle_layout":"","bundle_add_to_cart_form_location":"","bundle_editable_in_cart":false,"bundle_sold_individually_context":"","bundle_item_grouping":"","bundle_min_size":"","bundle_max_size":"","bundle_price":[],"bundled_items":[],"bundle_sell_ids":[],"atum_controlled":true,"out_stock_date":null,"out_stock_threshold":null,"inheritable":true,"stock_on_hold":0,"sold_today":0,"sales_last_days":0,"out_stock_days":0,"lost_sales":0,"update_date":"2026-04-12T00:01:45","atum_locations":[],"atum_stock_status":"instock","restock_status":false,"low_stock_amount":"","sales_update_date":"2026-04-12T00:01:45","calc_backorders":null,"group_of_quantity":0,"min_quantity":0,"max_quantity":"","exclude_order_quantity_value_rules":"no","exclude_category_quantity_rules":"no","combine_variations":"no","yoast_head":"<!-- This site is optimized with the Yoast SEO Premium plugin v26.5 (Yoast SEO v26.5) - https:\/\/yoast.com\/wordpress\/plugins\/seo\/ -->\n<title>\u00c0 la recherche de Sandalwood, Pacific Island Essential Oil ? Commandez Sandalwood, Pacific Island Essential Oil aujourd&#039;hui chez Dutch Health Store. Contact personnel &amp; envoi rapide.<\/title>\n<meta name=\"description\" content=\"Pacific Island Sandalwood est la solution douce et sensuelle \u00e0 la durabilit\u00e9 de l&#039;huile de bois de santal. R\u00e9g\u00e9n\u00e9rateur pour les peaux d\u00e9shydrat\u00e9es et les esprits \u00e9puis\u00e9s.\" \/>\n<meta name=\"robots\" content=\"index, follow, max-snippet:-1, max-image-preview:large, max-video-preview:-1\" \/>\n<link rel=\"canonical\" href=\"https:\/\/dutchhealthstore.com\/fr\/product\/sandalwood-pacific-island-essential-oil\/\" \/>\n<meta property=\"og:locale\" content=\"fr_FR\" \/>\n<meta property=\"og:type\" content=\"article\" \/>\n<meta property=\"og:title\" content=\"Sandalwood, Pacific Island Essential Oil - Dutch Health Store\" \/>\n<meta property=\"og:description\" content=\"Pacific Island Sandalwood est la solution douce et sensuelle \u00e0 la durabilit\u00e9 de l&#039;huile de bois de santal. R\u00e9g\u00e9n\u00e9rateur pour les peaux d\u00e9shydrat\u00e9es et les esprits \u00e9puis\u00e9s.\" \/>\n<meta property=\"og:url\" content=\"https:\/\/dutchhealthstore.com\/fr\/product\/sandalwood-pacific-island-essential-oil\/\" \/>\n<meta property=\"og:site_name\" content=\"Dutch Health Store\" \/>\n<meta property=\"article:publisher\" content=\"https:\/\/www.instagram.com\/dutchhealthstore\/\" \/>\n<meta property=\"article:modified_time\" content=\"2025-12-23T08:39:17+00:00\" \/>\n<meta property=\"og:image\" content=\"https:\/\/dutchhealthstore.com\/wp-content\/uploads\/2021\/07\/sandalwoodpacificEOoke.jpg\" \/>\n\t<meta property=\"og:image:width\" content=\"500\" \/>\n\t<meta property=\"og:image:height\" content=\"500\" \/>\n\t<meta property=\"og:image:type\" content=\"image\/jpeg\" \/>\n<meta name=\"twitter:card\" content=\"summary_large_image\" \/>\n<meta name=\"twitter:label1\" content=\"Disponibilit\u00e9\" \/>\n\t<meta name=\"twitter:data1\" content=\"En stock\" \/>\n<script type=\"application\/ld+json\" class=\"yoast-schema-graph\">{\"@context\":\"https:\/\/schema.org\",\"@graph\":[{\"@type\":\"WebPage\",\"@id\":\"https:\/\/dutchhealthstore.com\/fr\/product\/sandalwood-pacific-island-essential-oil\/\",\"url\":\"https:\/\/dutchhealthstore.com\/fr\/product\/sandalwood-pacific-island-essential-oil\/\",\"name\":\"\u00c0 la recherche de Sandalwood, Pacific Island Essential Oil ? Commandez Sandalwood, Pacific Island Essential Oil aujourd'hui chez Dutch Health Store. Contact personnel & envoi rapide.\",\"isPartOf\":{\"@id\":\"https:\/\/dutchhealthstore.com\/fr\/#website\"},\"primaryImageOfPage\":{\"@id\":\"https:\/\/dutchhealthstore.com\/fr\/product\/sandalwood-pacific-island-essential-oil\/#primaryimage\"},\"image\":{\"@id\":\"https:\/\/dutchhealthstore.com\/fr\/product\/sandalwood-pacific-island-essential-oil\/#primaryimage\"},\"thumbnailUrl\":\"https:\/\/dutchhealthstore.com\/wp-content\/uploads\/2021\/07\/sandalwoodpacificEOoke.jpg\",\"datePublished\":\"2021-08-10T06:28:31+00:00\",\"dateModified\":\"2025-12-23T08:39:17+00:00\",\"description\":\"Pacific Island Sandalwood est la solution douce et sensuelle \u00e0 la durabilit\u00e9 de l'huile de bois de santal. R\u00e9g\u00e9n\u00e9rateur pour les peaux d\u00e9shydrat\u00e9es et les esprits \u00e9puis\u00e9s.\",\"breadcrumb\":{\"@id\":\"https:\/\/dutchhealthstore.com\/fr\/product\/sandalwood-pacific-island-essential-oil\/#breadcrumb\"},\"inLanguage\":\"fr-FR\",\"potentialAction\":[{\"@type\":\"ReadAction\",\"target\":[\"https:\/\/dutchhealthstore.com\/fr\/product\/sandalwood-pacific-island-essential-oil\/\"]}]},{\"@type\":\"ImageObject\",\"inLanguage\":\"fr-FR\",\"@id\":\"https:\/\/dutchhealthstore.com\/fr\/product\/sandalwood-pacific-island-essential-oil\/#primaryimage\",\"url\":\"https:\/\/dutchhealthstore.com\/wp-content\/uploads\/2021\/07\/sandalwoodpacificEOoke.jpg\",\"contentUrl\":\"https:\/\/dutchhealthstore.com\/wp-content\/uploads\/2021\/07\/sandalwoodpacificEOoke.jpg\",\"width\":500,\"height\":500,\"caption\":\"sandalwoodpacificEOoke\"},{\"@type\":\"BreadcrumbList\",\"@id\":\"https:\/\/dutchhealthstore.com\/fr\/product\/sandalwood-pacific-island-essential-oil\/#breadcrumb\",\"itemListElement\":[{\"@type\":\"ListItem\",\"position\":1,\"name\":\"Home\",\"item\":\"https:\/\/dutchhealthstore.com\/fr\/\"},{\"@type\":\"ListItem\",\"position\":2,\"name\":\"Shop\",\"item\":\"https:\/\/dutchhealthstore.com\/fr\/shop\/\"},{\"@type\":\"ListItem\",\"position\":3,\"name\":\"Sandalwood, Pacific Island Essential Oil\"}]},{\"@type\":\"WebSite\",\"@id\":\"https:\/\/dutchhealthstore.com\/fr\/#website\",\"url\":\"https:\/\/dutchhealthstore.com\/fr\/\",\"name\":\"Dutch Health Store\",\"description\":\"Enhance Your Beauty with Organic &amp; Natural Skincare\",\"publisher\":{\"@id\":\"https:\/\/dutchhealthstore.com\/fr\/#organization\"},\"potentialAction\":[{\"@type\":\"SearchAction\",\"target\":{\"@type\":\"EntryPoint\",\"urlTemplate\":\"https:\/\/dutchhealthstore.com\/fr\/?s={search_term_string}\"},\"query-input\":{\"@type\":\"PropertyValueSpecification\",\"valueRequired\":true,\"valueName\":\"search_term_string\"}}],\"inLanguage\":\"fr-FR\"},{\"@type\":\"Organization\",\"@id\":\"https:\/\/dutchhealthstore.com\/fr\/#organization\",\"name\":\"Dutch Health Store\",\"url\":\"https:\/\/dutchhealthstore.com\/fr\/\",\"logo\":{\"@type\":\"ImageObject\",\"inLanguage\":\"fr-FR\",\"@id\":\"https:\/\/dutchhealthstore.com\/fr\/#\/schema\/logo\/image\/\",\"url\":\"https:\/\/dutchhealthstore.com\/wp-content\/uploads\/2020\/08\/logo-dutchhealthstore-jpg-e1599484957574.jpg\",\"contentUrl\":\"https:\/\/dutchhealthstore.com\/wp-content\/uploads\/2020\/08\/logo-dutchhealthstore-jpg-e1599484957574.jpg\",\"width\":400,\"height\":62,\"caption\":\"Dutch Health Store\"},\"image\":{\"@id\":\"https:\/\/dutchhealthstore.com\/fr\/#\/schema\/logo\/image\/\"},\"sameAs\":[\"https:\/\/www.instagram.com\/dutchhealthstore\/\",\"https:\/\/www.facebook.com\/dutchhealthstore\"]}]}<\/script>\n<meta property=\"product:brand\" content=\"Living Libations\" \/>\n<meta property=\"og:availability\" content=\"instock\" \/>\n<meta property=\"product:availability\" content=\"instock\" \/>\n<meta property=\"product:condition\" content=\"new\" \/>\n<!-- \/ Yoast SEO Premium plugin. -->","yoast_head_json":{"title":"\u00c0 la recherche de Sandalwood, Pacific Island Essential Oil ? Commandez Sandalwood, Pacific Island Essential Oil aujourd'hui chez Dutch Health Store. Contact personnel & envoi rapide.","description":"Pacific Island Sandalwood est la solution douce et sensuelle \u00e0 la durabilit\u00e9 de l'huile de bois de santal. R\u00e9g\u00e9n\u00e9rateur pour les peaux d\u00e9shydrat\u00e9es et les esprits \u00e9puis\u00e9s.","robots":{"index":"index","follow":"follow","max-snippet":"max-snippet:-1","max-image-preview":"max-image-preview:large","max-video-preview":"max-video-preview:-1"},"canonical":"https:\/\/dutchhealthstore.com\/fr\/product\/sandalwood-pacific-island-essential-oil\/","og_locale":"fr_FR","og_type":"article","og_title":"Sandalwood, Pacific Island Essential Oil - Dutch Health Store","og_description":"Pacific Island Sandalwood est la solution douce et sensuelle \u00e0 la durabilit\u00e9 de l'huile de bois de santal. R\u00e9g\u00e9n\u00e9rateur pour les peaux d\u00e9shydrat\u00e9es et les esprits \u00e9puis\u00e9s.","og_url":"https:\/\/dutchhealthstore.com\/fr\/product\/sandalwood-pacific-island-essential-oil\/","og_site_name":"Dutch Health Store","article_publisher":"https:\/\/www.instagram.com\/dutchhealthstore\/","article_modified_time":"2025-12-23T08:39:17+00:00","og_image":[{"width":500,"height":500,"url":"https:\/\/dutchhealthstore.com\/wp-content\/uploads\/2021\/07\/sandalwoodpacificEOoke.jpg","type":"image\/jpeg"}],"twitter_card":"summary_large_image","twitter_misc":{"Disponibilit\u00e9":"En stock"},"schema":{"@context":"https:\/\/schema.org","@graph":[{"@type":"WebPage","@id":"https:\/\/dutchhealthstore.com\/fr\/product\/sandalwood-pacific-island-essential-oil\/","url":"https:\/\/dutchhealthstore.com\/fr\/product\/sandalwood-pacific-island-essential-oil\/","name":"\u00c0 la recherche de Sandalwood, Pacific Island Essential Oil ? Commandez Sandalwood, Pacific Island Essential Oil aujourd'hui chez Dutch Health Store. Contact personnel & envoi rapide.","isPartOf":{"@id":"https:\/\/dutchhealthstore.com\/fr\/#website"},"primaryImageOfPage":{"@id":"https:\/\/dutchhealthstore.com\/fr\/product\/sandalwood-pacific-island-essential-oil\/#primaryimage"},"image":{"@id":"https:\/\/dutchhealthstore.com\/fr\/product\/sandalwood-pacific-island-essential-oil\/#primaryimage"},"thumbnailUrl":"https:\/\/dutchhealthstore.com\/wp-content\/uploads\/2021\/07\/sandalwoodpacificEOoke.jpg","datePublished":"2021-08-10T06:28:31+00:00","dateModified":"2025-12-23T08:39:17+00:00","description":"Pacific Island Sandalwood est la solution douce et sensuelle \u00e0 la durabilit\u00e9 de l'huile de bois de santal. R\u00e9g\u00e9n\u00e9rateur pour les peaux d\u00e9shydrat\u00e9es et les esprits \u00e9puis\u00e9s.","breadcrumb":{"@id":"https:\/\/dutchhealthstore.com\/fr\/product\/sandalwood-pacific-island-essential-oil\/#breadcrumb"},"inLanguage":"fr-FR","potentialAction":[{"@type":"ReadAction","target":["https:\/\/dutchhealthstore.com\/fr\/product\/sandalwood-pacific-island-essential-oil\/"]}]},{"@type":"ImageObject","inLanguage":"fr-FR","@id":"https:\/\/dutchhealthstore.com\/fr\/product\/sandalwood-pacific-island-essential-oil\/#primaryimage","url":"https:\/\/dutchhealthstore.com\/wp-content\/uploads\/2021\/07\/sandalwoodpacificEOoke.jpg","contentUrl":"https:\/\/dutchhealthstore.com\/wp-content\/uploads\/2021\/07\/sandalwoodpacificEOoke.jpg","width":500,"height":500,"caption":"sandalwoodpacificEOoke"},{"@type":"BreadcrumbList","@id":"https:\/\/dutchhealthstore.com\/fr\/product\/sandalwood-pacific-island-essential-oil\/#breadcrumb","itemListElement":[{"@type":"ListItem","position":1,"name":"Home","item":"https:\/\/dutchhealthstore.com\/fr\/"},{"@type":"ListItem","position":2,"name":"Shop","item":"https:\/\/dutchhealthstore.com\/fr\/shop\/"},{"@type":"ListItem","position":3,"name":"Sandalwood, Pacific Island Essential Oil"}]},{"@type":"WebSite","@id":"https:\/\/dutchhealthstore.com\/fr\/#website","url":"https:\/\/dutchhealthstore.com\/fr\/","name":"Dutch Health Store","description":"Enhance Your Beauty with Organic &amp; Natural Skincare","publisher":{"@id":"https:\/\/dutchhealthstore.com\/fr\/#organization"},"potentialAction":[{"@type":"SearchAction","target":{"@type":"EntryPoint","urlTemplate":"https:\/\/dutchhealthstore.com\/fr\/?s={search_term_string}"},"query-input":{"@type":"PropertyValueSpecification","valueRequired":true,"valueName":"search_term_string"}}],"inLanguage":"fr-FR"},{"@type":"Organization","@id":"https:\/\/dutchhealthstore.com\/fr\/#organization","name":"Dutch Health Store","url":"https:\/\/dutchhealthstore.com\/fr\/","logo":{"@type":"ImageObject","inLanguage":"fr-FR","@id":"https:\/\/dutchhealthstore.com\/fr\/#\/schema\/logo\/image\/","url":"https:\/\/dutchhealthstore.com\/wp-content\/uploads\/2020\/08\/logo-dutchhealthstore-jpg-e1599484957574.jpg","contentUrl":"https:\/\/dutchhealthstore.com\/wp-content\/uploads\/2020\/08\/logo-dutchhealthstore-jpg-e1599484957574.jpg","width":400,"height":62,"caption":"Dutch Health Store"},"image":{"@id":"https:\/\/dutchhealthstore.com\/fr\/#\/schema\/logo\/image\/"},"sameAs":["https:\/\/www.instagram.com\/dutchhealthstore\/","https:\/\/www.facebook.com\/dutchhealthstore"]}]},"product_brand":"Living Libations","og_availability":"instock","product_availability":"instock","product_condition":"new"},"_links":{"self":[{"href":"https:\/\/dutchhealthstore.com\/fr\/wp-json\/wp\/v2\/product\/161887","targetHints":{"allow":["GET"]}}],"collection":[{"href":"https:\/\/dutchhealthstore.com\/fr\/wp-json\/wp\/v2\/product"}],"about":[{"href":"https:\/\/dutchhealthstore.com\/fr\/wp-json\/wp\/v2\/types\/product"}],"replies":[{"embeddable":true,"href":"https:\/\/dutchhealthstore.com\/fr\/wp-json\/wp\/v2\/comments?post=161887"}],"wp:featuredmedia":[{"embeddable":true,"href":"https:\/\/dutchhealthstore.com\/fr\/wp-json\/wp\/v2\/media\/160326"}],"wp:attachment":[{"href":"https:\/\/dutchhealthstore.com\/fr\/wp-json\/wp\/v2\/media?parent=161887"}],"wp:term":[{"taxonomy":"product_brand","embeddable":true,"href":"https:\/\/dutchhealthstore.com\/fr\/wp-json\/wp\/v2\/product_brand?post=161887"},{"taxonomy":"product_cat","embeddable":true,"href":"https:\/\/dutchhealthstore.com\/fr\/wp-json\/wp\/v2\/product_cat?post=161887"},{"taxonomy":"product_tag","embeddable":true,"href":"https:\/\/dutchhealthstore.com\/fr\/wp-json\/wp\/v2\/product_tag?post=161887"}],"curies":[{"name":"wp","href":"https:\/\/api.w.org\/{rel}","templated":true}]}}