{"id":161876,"date":"2021-07-27T05:54:37","date_gmt":"2021-07-27T03:54:37","guid":{"rendered":"https:\/\/dutchhealthstore.com\/product\/curry-leaf-essential-oil\/"},"modified":"2024-04-26T10:11:41","modified_gmt":"2024-04-26T10:11:41","slug":"curry-leaf-essential-oil","status":"publish","type":"product","link":"https:\/\/dutchhealthstore.com\/fr\/product\/curry-leaf-essential-oil\/","title":{"rendered":"Curry Leaf Essential Oil"},"content":{"rendered":"<p><img decoding=\"async\" class=\"alignright\" src=\"https:\/\/dutchhealthstore.com\/wp-content\/uploads\/2019\/08\/NEW-Living-Libations-Logo.jpg\" alt=\"NEW - Living Libations - Logo\"><\/p>\n<p>Notre Curry Leaf Essential Oil fougueuse est un voyage all\u00e9chant vers les tropiques. Cette distillation biologique capture l&rsquo;ar\u00f4me durable d&rsquo;une herbe culinaire v\u00e9n\u00e9r\u00e9e et appr\u00e9ci\u00e9e. Enrichie de biotiques botaniques et de nutriments verdoyants, Curry Leaf Essential Oil dynamise, vivifie et purifie la peau, le cuir chevelu, le corps et l&rsquo;esprit.<\/p>\n<p><strong>Nom botanique : <\/strong>Murraya koenigii<br \/>\n<strong>Famille botanique<\/strong> : Rutaceae<br \/>\n<strong>M\u00e9thode d&rsquo;extraction :<\/strong> Distillation \u00e0 la vapeur<br \/>\n<strong>Partie de la plante distill\u00e9e <\/strong>: Feuille<br \/>\n<strong>Pays d&rsquo;origine<\/strong> : Inde<br \/>\n<strong>M\u00e9thode de culture <\/strong>: Organique<br \/>\n<strong>Composition <\/strong>: 100% Murraya koenigii<br \/>\n<strong>Conencsisty <\/strong>: Mince et jaune p\u00e2le.<\/p>\n<p><strong>Description du parfum <\/strong>: Vert et \u00e9pic\u00e9. Pointu, p\u00e9n\u00e9trant, et stimulant.<br \/>\n<strong>Se m\u00e9lange bien avec <\/strong>: Basilic, noix de muscade, bergamote, coriandre, citron, sauge, pamplemousse, encens, clou de girofle, cannelle, petit grain, romarin et rose.<br \/>\nComposants : Abondant en linalol<br \/>\n<strong>Utilisations <\/strong>: Carminatif r\u00e9confortant. Un botanique-biotique plein d&rsquo;entrain. Diluer pour utiliser dans les soins de la peau. Am\u00e9liore la sant\u00e9 du cuir chevelu pour des cheveux brillants. Les antioxydants avanc\u00e9s profitent aux huiles corporelles, aux savons et aux nettoyants pour peaux acn\u00e9iques. Ajoutez une goutte \u00e0 votre cuisine pr\u00e9f\u00e9r\u00e9e pour obtenir un ar\u00f4me piquant de poudre de curry. Une goutte dans une douche \u00e0 la vapeur ou dans un diffuseur revitalise la joie et dynamise la gratitude. Diffusez pour revitaliser la joie et dynamiser la gratitude. Utilis\u00e9 sous les tropiques pour d\u00e9tourner les mouches rampantes et urticantes.<\/p>\n<p>Curry Leaf Essential Oil est distill\u00e9e \u00e0 partir des feuilles de l&rsquo;arbre s\u00e9culaire de curry, qui est cens\u00e9 \u00eatre nomm\u00e9 d&rsquo;apr\u00e8s Krishna, une divinit\u00e9 hindi. Originaire des r\u00e9gions tropicales au sol riche et profond, ce petit arbuste poss\u00e8de des feuilles brillantes et aromatiques et des grappes de fleurs blanches qui se transforment en baies noires. En juillet et ao\u00fbt, les feuilles sont r\u00e9colt\u00e9es et distill\u00e9es \u00e0 la vapeur pour en extraire l&rsquo;huile.<\/p>\n<p>En Asie, en Inde et en Afrique, les feuilles de curry sont trait\u00e9es comme une \u00e9pice aromatique et un condiment utilis\u00e9 pour donner du piquant aux currys, aux pickles, aux chutneys et aux soupes. Traditionnellement, une goutte est prise dans du babeurre ou avec du jus de citron pour soulager les probl\u00e8mes d&rsquo;estomac. La Food and Drug Administration a donn\u00e9 \u00e0 Curry Leaf Essential Oil la d\u00e9signation de g\u00e9n\u00e9ralement reconnu comme s\u00fbr (GRAS) \u00e0 utiliser dans les aliments et les ar\u00f4mes, et une seule goutte dans votre cuisine pr\u00e9f\u00e9r\u00e9e contribue un zing exotique.<\/p>\n<p>Notre Curry Leaf Essential Oil est un m\u00e9lange \u00e0 multiples facettes d&rsquo;antioxydants combin\u00e9 \u00e0 l&rsquo;abondance de biotiques botaniques de cette essence qui redonne de l&rsquo;\u00e9clat \u00e0 la peau, en particulier aux peaux acn\u00e9iques. Son ar\u00f4me \u00e9nergisant et purifiant est stimulant dans les savons et les huiles pour le corps, et il est un ajout dynamique aux huiles de massage du cuir chevelu pour des cheveux longs et brillants.<\/p>\n<p><strong>Taille : 5 ml et 15 ml<\/strong><\/p>\n<h3>Ingr\u00e9dients biologiques<\/h3>\n<p>100% d&rsquo;huile essentielle de feuille de curry (Murraya koenigii).<\/p>\n","protected":false},"excerpt":{"rendered":"<p>Notre Curry Leaf Essential Oil fougueuse est un voyage all\u00e9chant vers les tropiques.<\/p>\n","protected":false},"featured_media":160454,"comment_status":"open","ping_status":"closed","template":"","meta":[],"product_brand":[],"product_cat":[1507,6734,1211,1209,3757,1010,6733],"product_tag":[4495],"class_list":{"0":"post-161876","1":"product","2":"type-product","3":"status-publish","4":"has-post-thumbnail","6":"product_cat-plantes-huiles-essentielles-living-libations","7":"product_cat-essential-oils","8":"product_cat-living-libations-france","9":"product_cat-par-marques","10":"product_cat-plantes-huiles-essentielles","11":"product_cat-notre-boutique","12":"product_cat-wellness-fr-2","13":"product_tag-essential-oil-fr","14":"pa_brand-livinglibations-fr","15":"pa_essential-oils-product-type-essential-oils-fr","16":"pa_size-5-ml-fr","17":"pa_size-15-ml-fr","19":"first","20":"instock","21":"taxable","22":"shipping-taxable","23":"purchasable","24":"product-type-variable"},"bundled_by":[],"bundle_stock_status":"instock","bundle_stock_quantity":null,"bundle_virtual":false,"bundle_layout":"","bundle_add_to_cart_form_location":"","bundle_editable_in_cart":false,"bundle_sold_individually_context":"","bundle_item_grouping":"","bundle_min_size":"","bundle_max_size":"","bundle_price":[],"bundled_items":[],"bundle_sell_ids":[],"atum_controlled":true,"out_stock_date":null,"out_stock_threshold":null,"inheritable":true,"stock_on_hold":0,"sold_today":0,"sales_last_days":0,"out_stock_days":0,"lost_sales":0,"update_date":"2026-04-08T01:47:08","atum_locations":[],"atum_stock_status":"instock","restock_status":false,"low_stock_amount":"","sales_update_date":"2026-04-08T01:47:07","calc_backorders":null,"group_of_quantity":0,"min_quantity":0,"max_quantity":"","exclude_order_quantity_value_rules":"no","exclude_category_quantity_rules":"no","combine_variations":"no","yoast_head":"<!-- This site is optimized with the Yoast SEO Premium plugin v26.5 (Yoast SEO v26.5) - https:\/\/yoast.com\/wordpress\/plugins\/seo\/ -->\n<title>Curry Leaf Essential Oil - Living Libations<\/title>\n<meta name=\"description\" content=\"Notre Curry Leaf Essential Oil fougueuse est un voyage all\u00e9chant vers les tropiques.\" \/>\n<meta name=\"robots\" content=\"index, follow, max-snippet:-1, max-image-preview:large, max-video-preview:-1\" \/>\n<link rel=\"canonical\" href=\"https:\/\/dutchhealthstore.com\/fr\/product\/curry-leaf-essential-oil\/\" \/>\n<meta property=\"og:locale\" content=\"fr_FR\" \/>\n<meta property=\"og:type\" content=\"article\" \/>\n<meta property=\"og:title\" content=\"Curry Leaf Essential Oil - Dutch Health Store\" \/>\n<meta property=\"og:description\" content=\"Notre Curry Leaf Essential Oil fougueuse est un voyage all\u00e9chant vers les tropiques.\" \/>\n<meta property=\"og:url\" content=\"https:\/\/dutchhealthstore.com\/fr\/product\/curry-leaf-essential-oil\/\" \/>\n<meta property=\"og:site_name\" content=\"Dutch Health Store\" \/>\n<meta property=\"article:publisher\" content=\"https:\/\/www.instagram.com\/dutchhealthstore\/\" \/>\n<meta property=\"article:modified_time\" content=\"2024-04-26T10:11:41+00:00\" \/>\n<meta property=\"og:image\" content=\"https:\/\/dutchhealthstore.com\/wp-content\/uploads\/2021\/07\/llcurryleafoke.jpg\" \/>\n\t<meta property=\"og:image:width\" content=\"500\" \/>\n\t<meta property=\"og:image:height\" content=\"500\" \/>\n\t<meta property=\"og:image:type\" content=\"image\/jpeg\" \/>\n<meta name=\"twitter:card\" content=\"summary_large_image\" \/>\n<meta name=\"twitter:label1\" content=\"Disponibilit\u00e9\" \/>\n\t<meta name=\"twitter:data1\" content=\"En stock\" \/>\n<script type=\"application\/ld+json\" class=\"yoast-schema-graph\">{\"@context\":\"https:\/\/schema.org\",\"@graph\":[{\"@type\":\"WebPage\",\"@id\":\"https:\/\/dutchhealthstore.com\/fr\/product\/curry-leaf-essential-oil\/\",\"url\":\"https:\/\/dutchhealthstore.com\/fr\/product\/curry-leaf-essential-oil\/\",\"name\":\"Curry Leaf Essential Oil - Living Libations\",\"isPartOf\":{\"@id\":\"https:\/\/dutchhealthstore.com\/fr\/#website\"},\"primaryImageOfPage\":{\"@id\":\"https:\/\/dutchhealthstore.com\/fr\/product\/curry-leaf-essential-oil\/#primaryimage\"},\"image\":{\"@id\":\"https:\/\/dutchhealthstore.com\/fr\/product\/curry-leaf-essential-oil\/#primaryimage\"},\"thumbnailUrl\":\"https:\/\/dutchhealthstore.com\/wp-content\/uploads\/2021\/07\/llcurryleafoke.jpg\",\"datePublished\":\"2021-07-27T03:54:37+00:00\",\"dateModified\":\"2024-04-26T10:11:41+00:00\",\"description\":\"Notre Curry Leaf Essential Oil fougueuse est un voyage all\u00e9chant vers les tropiques.\",\"breadcrumb\":{\"@id\":\"https:\/\/dutchhealthstore.com\/fr\/product\/curry-leaf-essential-oil\/#breadcrumb\"},\"inLanguage\":\"fr-FR\",\"potentialAction\":[{\"@type\":\"ReadAction\",\"target\":[\"https:\/\/dutchhealthstore.com\/fr\/product\/curry-leaf-essential-oil\/\"]}]},{\"@type\":\"ImageObject\",\"inLanguage\":\"fr-FR\",\"@id\":\"https:\/\/dutchhealthstore.com\/fr\/product\/curry-leaf-essential-oil\/#primaryimage\",\"url\":\"https:\/\/dutchhealthstore.com\/wp-content\/uploads\/2021\/07\/llcurryleafoke.jpg\",\"contentUrl\":\"https:\/\/dutchhealthstore.com\/wp-content\/uploads\/2021\/07\/llcurryleafoke.jpg\",\"width\":500,\"height\":500,\"caption\":\"llcurryleafoke\"},{\"@type\":\"BreadcrumbList\",\"@id\":\"https:\/\/dutchhealthstore.com\/fr\/product\/curry-leaf-essential-oil\/#breadcrumb\",\"itemListElement\":[{\"@type\":\"ListItem\",\"position\":1,\"name\":\"Home\",\"item\":\"https:\/\/dutchhealthstore.com\/fr\/\"},{\"@type\":\"ListItem\",\"position\":2,\"name\":\"Shop\",\"item\":\"https:\/\/dutchhealthstore.com\/fr\/shop\/\"},{\"@type\":\"ListItem\",\"position\":3,\"name\":\"Curry Leaf Essential Oil\"}]},{\"@type\":\"WebSite\",\"@id\":\"https:\/\/dutchhealthstore.com\/fr\/#website\",\"url\":\"https:\/\/dutchhealthstore.com\/fr\/\",\"name\":\"Dutch Health Store\",\"description\":\"Enhance Your Beauty with Organic &amp; Natural Skincare\",\"publisher\":{\"@id\":\"https:\/\/dutchhealthstore.com\/fr\/#organization\"},\"potentialAction\":[{\"@type\":\"SearchAction\",\"target\":{\"@type\":\"EntryPoint\",\"urlTemplate\":\"https:\/\/dutchhealthstore.com\/fr\/?s={search_term_string}\"},\"query-input\":{\"@type\":\"PropertyValueSpecification\",\"valueRequired\":true,\"valueName\":\"search_term_string\"}}],\"inLanguage\":\"fr-FR\"},{\"@type\":\"Organization\",\"@id\":\"https:\/\/dutchhealthstore.com\/fr\/#organization\",\"name\":\"Dutch Health Store\",\"url\":\"https:\/\/dutchhealthstore.com\/fr\/\",\"logo\":{\"@type\":\"ImageObject\",\"inLanguage\":\"fr-FR\",\"@id\":\"https:\/\/dutchhealthstore.com\/fr\/#\/schema\/logo\/image\/\",\"url\":\"https:\/\/dutchhealthstore.com\/wp-content\/uploads\/2020\/08\/logo-dutchhealthstore-jpg-e1599484957574.jpg\",\"contentUrl\":\"https:\/\/dutchhealthstore.com\/wp-content\/uploads\/2020\/08\/logo-dutchhealthstore-jpg-e1599484957574.jpg\",\"width\":400,\"height\":62,\"caption\":\"Dutch Health Store\"},\"image\":{\"@id\":\"https:\/\/dutchhealthstore.com\/fr\/#\/schema\/logo\/image\/\"},\"sameAs\":[\"https:\/\/www.instagram.com\/dutchhealthstore\/\",\"https:\/\/www.facebook.com\/dutchhealthstore\"]}]}<\/script>\n<meta property=\"product:brand\" content=\"Living Libations\" \/>\n<meta property=\"og:availability\" content=\"instock\" \/>\n<meta property=\"product:availability\" content=\"instock\" \/>\n<meta property=\"product:condition\" content=\"new\" \/>\n<!-- \/ Yoast SEO Premium plugin. -->","yoast_head_json":{"title":"Curry Leaf Essential Oil - Living Libations","description":"Notre Curry Leaf Essential Oil fougueuse est un voyage all\u00e9chant vers les tropiques.","robots":{"index":"index","follow":"follow","max-snippet":"max-snippet:-1","max-image-preview":"max-image-preview:large","max-video-preview":"max-video-preview:-1"},"canonical":"https:\/\/dutchhealthstore.com\/fr\/product\/curry-leaf-essential-oil\/","og_locale":"fr_FR","og_type":"article","og_title":"Curry Leaf Essential Oil - Dutch Health Store","og_description":"Notre Curry Leaf Essential Oil fougueuse est un voyage all\u00e9chant vers les tropiques.","og_url":"https:\/\/dutchhealthstore.com\/fr\/product\/curry-leaf-essential-oil\/","og_site_name":"Dutch Health Store","article_publisher":"https:\/\/www.instagram.com\/dutchhealthstore\/","article_modified_time":"2024-04-26T10:11:41+00:00","og_image":[{"width":500,"height":500,"url":"https:\/\/dutchhealthstore.com\/wp-content\/uploads\/2021\/07\/llcurryleafoke.jpg","type":"image\/jpeg"}],"twitter_card":"summary_large_image","twitter_misc":{"Disponibilit\u00e9":"En stock"},"schema":{"@context":"https:\/\/schema.org","@graph":[{"@type":"WebPage","@id":"https:\/\/dutchhealthstore.com\/fr\/product\/curry-leaf-essential-oil\/","url":"https:\/\/dutchhealthstore.com\/fr\/product\/curry-leaf-essential-oil\/","name":"Curry Leaf Essential Oil - Living Libations","isPartOf":{"@id":"https:\/\/dutchhealthstore.com\/fr\/#website"},"primaryImageOfPage":{"@id":"https:\/\/dutchhealthstore.com\/fr\/product\/curry-leaf-essential-oil\/#primaryimage"},"image":{"@id":"https:\/\/dutchhealthstore.com\/fr\/product\/curry-leaf-essential-oil\/#primaryimage"},"thumbnailUrl":"https:\/\/dutchhealthstore.com\/wp-content\/uploads\/2021\/07\/llcurryleafoke.jpg","datePublished":"2021-07-27T03:54:37+00:00","dateModified":"2024-04-26T10:11:41+00:00","description":"Notre Curry Leaf Essential Oil fougueuse est un voyage all\u00e9chant vers les tropiques.","breadcrumb":{"@id":"https:\/\/dutchhealthstore.com\/fr\/product\/curry-leaf-essential-oil\/#breadcrumb"},"inLanguage":"fr-FR","potentialAction":[{"@type":"ReadAction","target":["https:\/\/dutchhealthstore.com\/fr\/product\/curry-leaf-essential-oil\/"]}]},{"@type":"ImageObject","inLanguage":"fr-FR","@id":"https:\/\/dutchhealthstore.com\/fr\/product\/curry-leaf-essential-oil\/#primaryimage","url":"https:\/\/dutchhealthstore.com\/wp-content\/uploads\/2021\/07\/llcurryleafoke.jpg","contentUrl":"https:\/\/dutchhealthstore.com\/wp-content\/uploads\/2021\/07\/llcurryleafoke.jpg","width":500,"height":500,"caption":"llcurryleafoke"},{"@type":"BreadcrumbList","@id":"https:\/\/dutchhealthstore.com\/fr\/product\/curry-leaf-essential-oil\/#breadcrumb","itemListElement":[{"@type":"ListItem","position":1,"name":"Home","item":"https:\/\/dutchhealthstore.com\/fr\/"},{"@type":"ListItem","position":2,"name":"Shop","item":"https:\/\/dutchhealthstore.com\/fr\/shop\/"},{"@type":"ListItem","position":3,"name":"Curry Leaf Essential Oil"}]},{"@type":"WebSite","@id":"https:\/\/dutchhealthstore.com\/fr\/#website","url":"https:\/\/dutchhealthstore.com\/fr\/","name":"Dutch Health Store","description":"Enhance Your Beauty with Organic &amp; Natural Skincare","publisher":{"@id":"https:\/\/dutchhealthstore.com\/fr\/#organization"},"potentialAction":[{"@type":"SearchAction","target":{"@type":"EntryPoint","urlTemplate":"https:\/\/dutchhealthstore.com\/fr\/?s={search_term_string}"},"query-input":{"@type":"PropertyValueSpecification","valueRequired":true,"valueName":"search_term_string"}}],"inLanguage":"fr-FR"},{"@type":"Organization","@id":"https:\/\/dutchhealthstore.com\/fr\/#organization","name":"Dutch Health Store","url":"https:\/\/dutchhealthstore.com\/fr\/","logo":{"@type":"ImageObject","inLanguage":"fr-FR","@id":"https:\/\/dutchhealthstore.com\/fr\/#\/schema\/logo\/image\/","url":"https:\/\/dutchhealthstore.com\/wp-content\/uploads\/2020\/08\/logo-dutchhealthstore-jpg-e1599484957574.jpg","contentUrl":"https:\/\/dutchhealthstore.com\/wp-content\/uploads\/2020\/08\/logo-dutchhealthstore-jpg-e1599484957574.jpg","width":400,"height":62,"caption":"Dutch Health Store"},"image":{"@id":"https:\/\/dutchhealthstore.com\/fr\/#\/schema\/logo\/image\/"},"sameAs":["https:\/\/www.instagram.com\/dutchhealthstore\/","https:\/\/www.facebook.com\/dutchhealthstore"]}]},"product_brand":"Living Libations","og_availability":"instock","product_availability":"instock","product_condition":"new"},"_links":{"self":[{"href":"https:\/\/dutchhealthstore.com\/fr\/wp-json\/wp\/v2\/product\/161876","targetHints":{"allow":["GET"]}}],"collection":[{"href":"https:\/\/dutchhealthstore.com\/fr\/wp-json\/wp\/v2\/product"}],"about":[{"href":"https:\/\/dutchhealthstore.com\/fr\/wp-json\/wp\/v2\/types\/product"}],"replies":[{"embeddable":true,"href":"https:\/\/dutchhealthstore.com\/fr\/wp-json\/wp\/v2\/comments?post=161876"}],"wp:featuredmedia":[{"embeddable":true,"href":"https:\/\/dutchhealthstore.com\/fr\/wp-json\/wp\/v2\/media\/160454"}],"wp:attachment":[{"href":"https:\/\/dutchhealthstore.com\/fr\/wp-json\/wp\/v2\/media?parent=161876"}],"wp:term":[{"taxonomy":"product_brand","embeddable":true,"href":"https:\/\/dutchhealthstore.com\/fr\/wp-json\/wp\/v2\/product_brand?post=161876"},{"taxonomy":"product_cat","embeddable":true,"href":"https:\/\/dutchhealthstore.com\/fr\/wp-json\/wp\/v2\/product_cat?post=161876"},{"taxonomy":"product_tag","embeddable":true,"href":"https:\/\/dutchhealthstore.com\/fr\/wp-json\/wp\/v2\/product_tag?post=161876"}],"curies":[{"name":"wp","href":"https:\/\/api.w.org\/{rel}","templated":true}]}}