{"id":159846,"date":"2021-07-16T12:49:51","date_gmt":"2021-07-16T10:49:51","guid":{"rendered":"https:\/\/dutchhealthstore.com\/product\/elastic-love-firming-face-neck-oil-zero-essential-oils\/"},"modified":"2026-04-16T09:55:31","modified_gmt":"2026-04-16T07:55:31","slug":"elastic-love-firming-face-neck-oil-zero-essential-oils","status":"publish","type":"product","link":"https:\/\/dutchhealthstore.com\/fr\/product\/elastic-love-firming-face-neck-oil-zero-essential-oils\/","title":{"rendered":"ELASTIC LOVE \/ Firming Face + Neck Oil \/ Zero Essential Oils"},"content":{"rendered":"<p><strong>Des moments magiques o\u00f9 l&rsquo;on se serre les coudes.<\/strong><\/p>\n<p>La tension juteuse et l&rsquo;affirmation persistante sont au rendez-vous avec ce s\u00e9rum \u00e9tincelant qui resserre rapidement, augmente r\u00e9ellement la force de traction et insuffle \u00e0 ma peau vieillissante de 49 ans un amour \u00e9lastique et une r\u00e9silience flottante &#8211; en particulier la peau de mon cou et de mon menton qui n&rsquo;avait jamais attir\u00e9 mon attention jusqu&rsquo;\u00e0 pr\u00e9sent.<\/p>\n<p>Cette composition me rappelle la force tendre et l&rsquo;\u00e9lasticit\u00e9 infinie de l&rsquo;amour entre les personnes proches et lointaines. Un rappel, aussi, de la r\u00e9silience et de la beaut\u00e9 de l&rsquo;amour face \u00e0 la s\u00e9paration, \u00e0 la perte et au temps. C&rsquo;est aussi une invitation \u00e0 voyager avec moi dans le temps et l&rsquo;espace : de notre jardin de Kangaroo Valley o\u00f9 poussent la fleur de Kangaroo Paw, l&rsquo;artichaut, le tr\u00e8fle rouge et le coing, aux jardins d&rsquo;\u00e9t\u00e9 europ\u00e9ens de mon enfance o\u00f9 je cueillais des cassis et des m\u00fbres, en passant par des endroits o\u00f9 j&rsquo;ai envie d&rsquo;aller, comme l&rsquo;Afrique, l&rsquo;Am\u00e9rique du Sud, la Chine&#8230; Le temps est \u00e9lastique.<\/p>\n<p>ELASTIC LOVE symbolise les liens invisibles qui relient \u00e0 jamais les c\u0153urs et les \u00e2mes des amoureux, des familles et des amis, la colle magique qui nous maintient ensemble, pour toujours.<\/p>\n<p><strong>AVANTAGES<\/strong><br \/>\nDes extraits de fleur de patte de kangourou, de coing, de tr\u00e8fle rouge, de bambou, de pr\u00eale et d&rsquo;artichaut, infus\u00e9s au soleil, sont associ\u00e9s \u00e0 des huiles de graines non raffin\u00e9es et press\u00e9es \u00e0 froid de cassis, de melon du Kalahari, d&rsquo;onagre, de figue de Barbarie et de fruit de P\u00e9qui pour raffermir et retrouver l&rsquo;\u00e9lasticit\u00e9, reconstituer l&rsquo;acide linol\u00e9ique et renforcer le tissu conjonctif de ma peau, am\u00e9liorer l&rsquo;\u00e9paisseur de la peau et \u00e9quilibrer le cycle m\u00e9tabolique de la peau, augmenter la production de collag\u00e8ne et m\u00eame r\u00e9\u00e9quilibrer les hormones.<\/p>\n<p><strong>Z\u00c9RO HUILE ESSENTIELLE<br \/>\n<\/strong>Pour laisser les ar\u00f4mes et les parfums de mes extraits et de mes huiles se d\u00e9velopper naturellement, j&rsquo;ai choisi de n&rsquo;ajouter aucune huile essentielle \u00e0 nos compositions KAIROS MOMENT. Cela signifie que leur charge \u00e9nerg\u00e9tique \u00e9th\u00e9r\u00e9e est beaucoup plus subtile et provient des huiles essentielles naturelles, non isol\u00e9es, pr\u00e9sentes dans la mati\u00e8re v\u00e9g\u00e9tale comme les graines, les fruits, les fleurs, les feuilles, l&rsquo;\u00e9corce, etc. Je l&rsquo;extrais dans de l&rsquo;huile d&rsquo;olive biodynamique. L&rsquo;ar\u00f4me de ces compositions tr\u00e8s complexes est oscillant, sp\u00e9cifique, momentan\u00e9 &#8211; Kairologique.<\/p>\n<p><b>Type de peau<\/b><\/p>\n<p>Pour les femmes et les hommes de tous types de peau. Particuli\u00e8rement b\u00e9n\u00e9fique pour les peaux matures, affaiss\u00e9es, fatigu\u00e9es et d\u00e9pourvues de collag\u00e8ne.<\/p>\n<h3>Rituel<\/h3>\n<p><span class=\"s1\">Peut \u00eatre utilis\u00e9 \u00e0 tout moment de la journ\u00e9e &#8211; J&rsquo;aime les matins, Christo l&rsquo;aime matin et soir.<\/span><\/p>\n<p><span class=\"s1\">Id\u00e9al pour une utilisation quotidienne ou en alternance avec toute autre composition de la collection KAIROS.<\/span><\/p>\n<p><span class=\"s1\">Masser chaque matin une petite quantit\u00e9 sur la peau encore humide et propre du visage et du cou, \u00e0 l&rsquo;aide de l&rsquo;annulaire, en commen\u00e7ant par les yeux. Vos annulaires ont le toucher le plus l\u00e9ger de tous vos doigts et ne tireront pas sur votre peau.<\/span><\/p>\n<p><span class=\"s1\">Appliquer sous PRECIOUS FACE ELIXIR et\/ou ELEMENTAL DAY SILK si d\u00e9sir\u00e9. Nous vous recommandons d&rsquo;utiliser nos compositions exclusivement pendant quelques semaines afin d&rsquo;exploiter leur puissance et de permettre \u00e0 votre peau de retrouver son \u00e9tat naturel et sain.<\/span><\/p>\n<p><strong>Taille : 15 ml<\/strong><\/p>\n<h3 class=\"yikes-custom-woo-tab-title yikes-custom-woo-tab-title-natural-organic-ingredients\">Ingr\u00e9dients Naturels\/Biologiques<\/h3>\n<p><b>HUILE DE GRAINES DE PRIMROSE*<br \/>\n<\/b>Aide \u00e0 am\u00e9liorer la texture et l&rsquo;\u00e9lasticit\u00e9 de la peau.<br \/>\nHydrate en profondeur, aide \u00e0 lisser les rides et \u00e0 adoucir la peau rugueuse.<br \/>\nAide \u00e0 pr\u00e9venir les dommages oxydatifs.<\/p>\n<p class=\"font_7\"><strong>HUILE DE P\u00c9PINS DE MELON DE KALAHARI*<\/strong><br \/>\nAide \u00e0 restaurer l&rsquo;\u00e9lasticit\u00e9 des peaux matures, stress\u00e9es et rel\u00e2ch\u00e9es.<br \/>\nAide \u00e0 \u00e9quilibrer le s\u00e9bum et \u00e0 att\u00e9nuer les imperfections et l&rsquo;acn\u00e9.<br \/>\nP\u00e9n\u00e8tre rapidement et apaise l&rsquo;inflammation.<\/p>\n<p><strong>HUILE DE P\u00c9PINS DE CASSIS*<\/strong><br \/>\nAide \u00e0 raffermir et \u00e0 augmenter l&rsquo;\u00e9lasticit\u00e9.<br \/>\nRajeunit les peaux matures, ternes et rel\u00e2ch\u00e9es.<br \/>\nAm\u00e9liore l&rsquo;hydratation de la peau et apaise les peaux irrit\u00e9es.<\/p>\n<p><strong>HUILE DE FRUIT DE PEQUI^<br \/>\n<\/strong>Redonne de l&rsquo;\u00e9lasticit\u00e9 et favorise la fermet\u00e9.<br \/>\nAide \u00e0 unifier le teint et \u00e0 att\u00e9nuer les taches de vieillesse.<br \/>\nHydrate en profondeur les peaux s\u00e8ches, fragiles et matures.<\/p>\n<p><b>EXTRAIT DE FRUITS ET DE P\u00c9PINS DE COING**^<\/b><br \/>\nAide \u00e0 tonifier, resserrer et renforcer l&rsquo;int\u00e9grit\u00e9 structurelle de la peau.<br \/>\nStimule le m\u00e9tabolisme et la circulation sanguine de la peau.<br \/>\nOptimise l&rsquo;\u00e9quilibre du PH et exerce une action exfoliante douce.<\/p>\n<p><strong>EXTRAIT DE FLEUR DE PATTE DE KANGOUROU^<\/strong><br \/>\nAide \u00e0 raffermir rapidement et \u00e0 restaurer l&rsquo;\u00e9lasticit\u00e9.<br \/>\nAide \u00e0 reconstituer l&rsquo;acide linol\u00e9ique et \u00e0 maintenir l&rsquo;hydratation.<br \/>\nRenforce la fonction de barri\u00e8re et stimule le m\u00e9tabolisme de la peau.<\/p>\n<p><strong>EXTRAIT DE FLEUR DE TR\u00c8FLE ROUGE^<br \/>\n<\/strong>Aide \u00e0 augmenter et \u00e0 maintenir les niveaux de collag\u00e8ne.<br \/>\nAide la peau \u00e0 am\u00e9liorer son hydratation, son \u00e9paisseur et son \u00e9lasticit\u00e9.<br \/>\nApaise les \u00e9tats inflammatoires de la peau et stimule le flux lymphatique.<\/p>\n<p><strong>HUILE DE P\u00c9PINI\u00c8RE*<br \/>\n<\/strong>P\u00e9n\u00e8tre en profondeur pour aider \u00e0 restaurer l&rsquo;\u00e9lasticit\u00e9.<br \/>\nHydrate en profondeur, affine la surface de la peau et resserre les pores.<br \/>\n\u00c9claircit les ombres et aide \u00e0 unifier le ton de la peau.<\/p>\n<p><span class=\"s1\"><strong>EXTRAIT DE FEUILLE DE BAMBOU*<br \/>\n<\/strong><\/span>Aide \u00e0 am\u00e9liorer la r\u00e9sistance et l&rsquo;\u00e9lasticit\u00e9 de la peau.<br \/>\nAide \u00e0 pr\u00e9venir l&rsquo;inflammation de la peau et le stress oxydatif.<br \/>\nFavorise la production de collag\u00e8ne.<\/p>\n<p><strong>EXTRAIT DE ROGUE\/BRANCE*<br \/>\n<\/strong>Contribue \u00e0 augmenter la production de collag\u00e8ne.<br \/>\nAide \u00e0 unifier le teint de la peau.<br \/>\nAm\u00e9liore l&rsquo;hydratation et offre une protection contre les radicaux libres.<\/p>\n<p><strong>EXTRAIT DE FEUILLES ET DE TIGES DE PR\u00caLE^<br \/>\n<\/strong>Favorise la production et le maintien du collag\u00e8ne.<br \/>\nAide \u00e0 am\u00e9liorer la texture de la peau et \u00e0 maintenir l&rsquo;hydratation.<br \/>\nR\u00e9duit les pores dilat\u00e9s et favorise le resserrement de la peau.<\/p>\n<p><strong>FLEUR D&rsquo;ARTICHAUT + EXTRAIT DE FEUILLES^<br \/>\n<\/strong>Aide \u00e0 am\u00e9liorer l&rsquo;\u00e9lasticit\u00e9 de la peau.<br \/>\nAdoucit l&rsquo;apparence des ridules et resserre les pores.<br \/>\nAide \u00e0 pr\u00e9venir le photovieillissement.<\/p>\n<p><strong>HUILE D&rsquo;OLIVE**<br \/>\n<\/strong>Stimule la croissance de nouvelles cellules.<br \/>\nProt\u00e8ge contre les dommages caus\u00e9s par les radicaux libres.<br \/>\nMaintient l&rsquo;\u00e9quilibre hydrique et l&rsquo;\u00e9lasticit\u00e9.<\/p>\n<p><strong>EXTRAIT DE VANILLE*<\/strong><br \/>\nNeutralise les radicaux libres.<br \/>\nStimule la r\u00e9g\u00e9n\u00e9ration cellulaire<br \/>\nProt\u00e8ge contre les facteurs de stress environnementaux<\/p>\n<p class=\"font_7\"><strong><span class=\"s1\">EXTRAIT DE STIGMATE DE SAFRAN*<br \/>\n<\/span><\/strong>Aide \u00e0 augmenter le flux d&rsquo;oxyg\u00e8ne.<br \/>\nPropri\u00e9t\u00e9s neuro-protectrices.<br \/>\nFortes propri\u00e9t\u00e9s antioxydantes.<\/p>\n<p><strong>EXTRAIT DE R\u00c9SINE DE MYRRH^<br \/>\n<\/strong>Rajeunit la peau.<br \/>\nEstompe la pigmentation.<br \/>\nFacilite la cicatrisation rapide des plaies.<\/p>\n<p><strong>EXTRAIT DE R\u00c9SINE D&rsquo;ENCENS SACRA*<br \/>\n<\/strong>R\u00e9conforte l&rsquo;\u00e2me, soulage l&rsquo;anxi\u00e9t\u00e9.<br \/>\nLes astringents tonifient et raffermissent.<br \/>\nStimule la r\u00e9paration des cellules et \u00e9quilibre la pigmentation.<\/p>\n<p><span class=\"s1\"><strong>24 KARAT GOLD\u00a0\u00bb<\/strong><br \/>\nRecevoir l&rsquo;\u00e9nergie solaire et ancrer les intentions<br \/>\nAm\u00e9liore la circulation.<br \/>\nRenforce l&rsquo;int\u00e9grit\u00e9 du collag\u00e8ne.<\/span><\/p>\n<p><span class=\"s1\"><span class=\"s2\">*CERTIFI\u00c9 BIOLOGIQUE **CERTIFI\u00c9 DEMETER<span class=\"Apple-converted-space\"> <\/span>BIODYNAMIQUE ^ARTISANAL<\/span><span class=\"s3\">\u00ab\u00a0NON-NANO.<\/span><\/span><\/p>\n<p>&nbsp;<\/p>\n","protected":false},"excerpt":{"rendered":"<p>S\u00e9rum p\u00e9tillant qui retend rapidement.<\/p>\n<p><strong>Taille : 15 ml<\/strong><\/p>\n","protected":false},"featured_media":314465,"comment_status":"open","ping_status":"closed","template":"","meta":[],"product_brand":[],"product_cat":[8700,1209,1030,5107,5627,5710,5121,5709,5712,1229,5713,5714,4240,5716,1010,14733],"product_tag":[9603,6034,4864,21358],"class_list":{"0":"post-159846","1":"product","2":"type-product","3":"status-publish","4":"has-post-thumbnail","6":"product_cat-lepaar-fr-par-marques","7":"product_cat-par-marques","8":"product_cat-par-produits","9":"product_cat-by-skin-type-fr-4","10":"product_cat-normal-or-combination-skin-fr-2","11":"product_cat-normal-or-combination-skin-fr-4","12":"product_cat-dry-mature-ageing-skin-fr-2","13":"product_cat-dry-mature-ageing-skin-fr-4","14":"product_cat-sensitive-skin-redness-fr-3","15":"product_cat-sensitive-skin-redness-fr","16":"product_cat-serums-fr","17":"product_cat-serums-fr-3","18":"product_cat-serums-fr-2","19":"product_cat-serums-fr-5","20":"product_cat-notre-boutique","21":"product_cat-soins-de-la-peau","22":"product_tag-hydrating-fr","23":"product_tag-oil-fr","24":"product_tag-skin-fr","25":"product_tag-soins-du-visage","26":"pa_brand-lepaar-fr","27":"pa_gtin-7424928739799-fr","28":"pa_skincare-type-face-oil-and-serums-fr","29":"pa_skintype-normal-combination-skin-fr","30":"pa_skintype-dry-mature-ageing-skin-fr","31":"pa_skintype-sensitive-skin-redness-fr","33":"first","34":"instock","35":"taxable","36":"shipping-taxable","37":"purchasable","38":"product-type-simple"},"bundled_by":[],"bundle_stock_status":"instock","bundle_stock_quantity":4,"bundle_virtual":false,"bundle_layout":"","bundle_add_to_cart_form_location":"","bundle_editable_in_cart":false,"bundle_sold_individually_context":"","bundle_item_grouping":"","bundle_min_size":"","bundle_max_size":"","bundle_price":[],"bundled_items":[],"bundle_sell_ids":[159838],"atum_controlled":true,"out_stock_date":null,"out_stock_threshold":null,"inheritable":false,"stock_on_hold":1,"sold_today":0,"sales_last_days":0,"out_stock_days":0,"lost_sales":0,"update_date":"2026-05-05T08:26:34","atum_locations":[],"atum_stock_status":"instock","restock_status":false,"low_stock_amount":"","sales_update_date":"2026-05-05T08:26:34","calc_backorders":null,"group_of_quantity":0,"min_quantity":0,"max_quantity":"","exclude_order_quantity_value_rules":"no","exclude_category_quantity_rules":"no","combine_variations":"no","yoast_head":"<!-- This site is optimized with the Yoast SEO Premium plugin v26.5 (Yoast SEO v26.5) - https:\/\/yoast.com\/wordpress\/plugins\/seo\/ -->\n<title>ELASTIC LOVE \/ Firming Face + Neck Oil \/ Zero Essential Oils - Lepaar<\/title>\n<meta name=\"description\" content=\"S\u00e9rum p\u00e9tillant qui retend rapidement.\" \/>\n<meta name=\"robots\" content=\"index, follow, max-snippet:-1, max-image-preview:large, max-video-preview:-1\" \/>\n<link rel=\"canonical\" href=\"https:\/\/dutchhealthstore.com\/fr\/product\/elastic-love-firming-face-neck-oil-zero-essential-oils\/\" \/>\n<meta property=\"og:locale\" content=\"fr_FR\" \/>\n<meta property=\"og:type\" content=\"article\" \/>\n<meta property=\"og:title\" content=\"ELASTIC LOVE \/ Firming Face + Neck Oil \/ Zero Essential Oils - Dutch Health Store\" \/>\n<meta property=\"og:description\" content=\"S\u00e9rum p\u00e9tillant qui retend rapidement.\" \/>\n<meta property=\"og:url\" content=\"https:\/\/dutchhealthstore.com\/fr\/product\/elastic-love-firming-face-neck-oil-zero-essential-oils\/\" \/>\n<meta property=\"og:site_name\" content=\"Dutch Health Store\" \/>\n<meta property=\"article:publisher\" content=\"https:\/\/www.instagram.com\/dutchhealthstore\/\" \/>\n<meta property=\"article:modified_time\" content=\"2026-04-16T07:55:31+00:00\" \/>\n<meta property=\"og:image\" content=\"https:\/\/dutchhealthstore.com\/wp-content\/uploads\/2021\/10\/lepelasticoke.jpg\" \/>\n\t<meta property=\"og:image:width\" content=\"500\" \/>\n\t<meta property=\"og:image:height\" content=\"500\" \/>\n\t<meta property=\"og:image:type\" content=\"image\/jpeg\" \/>\n<meta name=\"twitter:card\" content=\"summary_large_image\" \/>\n<meta name=\"twitter:label1\" content=\"Prix\" \/>\n\t<meta name=\"twitter:data1\" content=\"&euro;55,00\" \/>\n\t<meta name=\"twitter:label2\" content=\"Disponibilit\u00e9\" \/>\n\t<meta name=\"twitter:data2\" content=\"En stock\" \/>\n<script type=\"application\/ld+json\" class=\"yoast-schema-graph\">{\"@context\":\"https:\/\/schema.org\",\"@graph\":[{\"@type\":\"WebPage\",\"@id\":\"https:\/\/dutchhealthstore.com\/fr\/product\/elastic-love-firming-face-neck-oil-zero-essential-oils\/\",\"url\":\"https:\/\/dutchhealthstore.com\/fr\/product\/elastic-love-firming-face-neck-oil-zero-essential-oils\/\",\"name\":\"ELASTIC LOVE \/ Firming Face + Neck Oil \/ Zero Essential Oils - Lepaar\",\"isPartOf\":{\"@id\":\"https:\/\/dutchhealthstore.com\/fr\/#website\"},\"primaryImageOfPage\":{\"@id\":\"https:\/\/dutchhealthstore.com\/fr\/product\/elastic-love-firming-face-neck-oil-zero-essential-oils\/#primaryimage\"},\"image\":{\"@id\":\"https:\/\/dutchhealthstore.com\/fr\/product\/elastic-love-firming-face-neck-oil-zero-essential-oils\/#primaryimage\"},\"thumbnailUrl\":\"https:\/\/dutchhealthstore.com\/wp-content\/uploads\/2020\/07\/lepaar_0000s_0004_elastic-love.jpg\",\"datePublished\":\"2021-07-16T10:49:51+00:00\",\"dateModified\":\"2026-04-16T07:55:31+00:00\",\"description\":\"S\u00e9rum p\u00e9tillant qui retend rapidement.\",\"breadcrumb\":{\"@id\":\"https:\/\/dutchhealthstore.com\/fr\/product\/elastic-love-firming-face-neck-oil-zero-essential-oils\/#breadcrumb\"},\"inLanguage\":\"fr-FR\",\"potentialAction\":[{\"@type\":\"ReadAction\",\"target\":[\"https:\/\/dutchhealthstore.com\/fr\/product\/elastic-love-firming-face-neck-oil-zero-essential-oils\/\"]}]},{\"@type\":\"ImageObject\",\"inLanguage\":\"fr-FR\",\"@id\":\"https:\/\/dutchhealthstore.com\/fr\/product\/elastic-love-firming-face-neck-oil-zero-essential-oils\/#primaryimage\",\"url\":\"https:\/\/dutchhealthstore.com\/wp-content\/uploads\/2020\/07\/lepaar_0000s_0004_elastic-love.jpg\",\"contentUrl\":\"https:\/\/dutchhealthstore.com\/wp-content\/uploads\/2020\/07\/lepaar_0000s_0004_elastic-love.jpg\",\"width\":530,\"height\":530},{\"@type\":\"BreadcrumbList\",\"@id\":\"https:\/\/dutchhealthstore.com\/fr\/product\/elastic-love-firming-face-neck-oil-zero-essential-oils\/#breadcrumb\",\"itemListElement\":[{\"@type\":\"ListItem\",\"position\":1,\"name\":\"Home\",\"item\":\"https:\/\/dutchhealthstore.com\/fr\/\"},{\"@type\":\"ListItem\",\"position\":2,\"name\":\"Shop\",\"item\":\"https:\/\/dutchhealthstore.com\/fr\/shop\/\"},{\"@type\":\"ListItem\",\"position\":3,\"name\":\"ELASTIC LOVE \/ Firming Face + Neck Oil \/ Zero Essential Oils\"}]},{\"@type\":\"WebSite\",\"@id\":\"https:\/\/dutchhealthstore.com\/fr\/#website\",\"url\":\"https:\/\/dutchhealthstore.com\/fr\/\",\"name\":\"Dutch Health Store\",\"description\":\"Enhance Your Beauty with Organic &amp; Natural Skincare\",\"publisher\":{\"@id\":\"https:\/\/dutchhealthstore.com\/fr\/#organization\"},\"potentialAction\":[{\"@type\":\"SearchAction\",\"target\":{\"@type\":\"EntryPoint\",\"urlTemplate\":\"https:\/\/dutchhealthstore.com\/fr\/?s={search_term_string}\"},\"query-input\":{\"@type\":\"PropertyValueSpecification\",\"valueRequired\":true,\"valueName\":\"search_term_string\"}}],\"inLanguage\":\"fr-FR\"},{\"@type\":\"Organization\",\"@id\":\"https:\/\/dutchhealthstore.com\/fr\/#organization\",\"name\":\"Dutch Health Store\",\"url\":\"https:\/\/dutchhealthstore.com\/fr\/\",\"logo\":{\"@type\":\"ImageObject\",\"inLanguage\":\"fr-FR\",\"@id\":\"https:\/\/dutchhealthstore.com\/fr\/#\/schema\/logo\/image\/\",\"url\":\"https:\/\/dutchhealthstore.com\/wp-content\/uploads\/2020\/08\/logo-dutchhealthstore-jpg-e1599484957574.jpg\",\"contentUrl\":\"https:\/\/dutchhealthstore.com\/wp-content\/uploads\/2020\/08\/logo-dutchhealthstore-jpg-e1599484957574.jpg\",\"width\":400,\"height\":62,\"caption\":\"Dutch Health Store\"},\"image\":{\"@id\":\"https:\/\/dutchhealthstore.com\/fr\/#\/schema\/logo\/image\/\"},\"sameAs\":[\"https:\/\/www.instagram.com\/dutchhealthstore\/\",\"https:\/\/www.facebook.com\/dutchhealthstore\"]}]}<\/script>\n<meta property=\"product:brand\" content=\"LEPAAR\" \/>\n<meta property=\"product:price:amount\" content=\"55.00\" \/>\n<meta property=\"product:price:currency\" content=\"EUR\" \/>\n<meta property=\"og:availability\" content=\"instock\" \/>\n<meta property=\"product:availability\" content=\"instock\" \/>\n<meta property=\"product:condition\" content=\"new\" \/>\n<!-- \/ Yoast SEO Premium plugin. -->","yoast_head_json":{"title":"ELASTIC LOVE \/ Firming Face + Neck Oil \/ Zero Essential Oils - Lepaar","description":"S\u00e9rum p\u00e9tillant qui retend rapidement.","robots":{"index":"index","follow":"follow","max-snippet":"max-snippet:-1","max-image-preview":"max-image-preview:large","max-video-preview":"max-video-preview:-1"},"canonical":"https:\/\/dutchhealthstore.com\/fr\/product\/elastic-love-firming-face-neck-oil-zero-essential-oils\/","og_locale":"fr_FR","og_type":"article","og_title":"ELASTIC LOVE \/ Firming Face + Neck Oil \/ Zero Essential Oils - Dutch Health Store","og_description":"S\u00e9rum p\u00e9tillant qui retend rapidement.","og_url":"https:\/\/dutchhealthstore.com\/fr\/product\/elastic-love-firming-face-neck-oil-zero-essential-oils\/","og_site_name":"Dutch Health Store","article_publisher":"https:\/\/www.instagram.com\/dutchhealthstore\/","article_modified_time":"2026-04-16T07:55:31+00:00","og_image":[{"width":500,"height":500,"url":"https:\/\/dutchhealthstore.com\/wp-content\/uploads\/2021\/10\/lepelasticoke.jpg","type":"image\/jpeg"}],"twitter_card":"summary_large_image","twitter_misc":{"Prix":"&euro;55,00","Disponibilit\u00e9":"En stock"},"schema":{"@context":"https:\/\/schema.org","@graph":[{"@type":"WebPage","@id":"https:\/\/dutchhealthstore.com\/fr\/product\/elastic-love-firming-face-neck-oil-zero-essential-oils\/","url":"https:\/\/dutchhealthstore.com\/fr\/product\/elastic-love-firming-face-neck-oil-zero-essential-oils\/","name":"ELASTIC LOVE \/ Firming Face + Neck Oil \/ Zero Essential Oils - Lepaar","isPartOf":{"@id":"https:\/\/dutchhealthstore.com\/fr\/#website"},"primaryImageOfPage":{"@id":"https:\/\/dutchhealthstore.com\/fr\/product\/elastic-love-firming-face-neck-oil-zero-essential-oils\/#primaryimage"},"image":{"@id":"https:\/\/dutchhealthstore.com\/fr\/product\/elastic-love-firming-face-neck-oil-zero-essential-oils\/#primaryimage"},"thumbnailUrl":"https:\/\/dutchhealthstore.com\/wp-content\/uploads\/2020\/07\/lepaar_0000s_0004_elastic-love.jpg","datePublished":"2021-07-16T10:49:51+00:00","dateModified":"2026-04-16T07:55:31+00:00","description":"S\u00e9rum p\u00e9tillant qui retend rapidement.","breadcrumb":{"@id":"https:\/\/dutchhealthstore.com\/fr\/product\/elastic-love-firming-face-neck-oil-zero-essential-oils\/#breadcrumb"},"inLanguage":"fr-FR","potentialAction":[{"@type":"ReadAction","target":["https:\/\/dutchhealthstore.com\/fr\/product\/elastic-love-firming-face-neck-oil-zero-essential-oils\/"]}]},{"@type":"ImageObject","inLanguage":"fr-FR","@id":"https:\/\/dutchhealthstore.com\/fr\/product\/elastic-love-firming-face-neck-oil-zero-essential-oils\/#primaryimage","url":"https:\/\/dutchhealthstore.com\/wp-content\/uploads\/2020\/07\/lepaar_0000s_0004_elastic-love.jpg","contentUrl":"https:\/\/dutchhealthstore.com\/wp-content\/uploads\/2020\/07\/lepaar_0000s_0004_elastic-love.jpg","width":530,"height":530},{"@type":"BreadcrumbList","@id":"https:\/\/dutchhealthstore.com\/fr\/product\/elastic-love-firming-face-neck-oil-zero-essential-oils\/#breadcrumb","itemListElement":[{"@type":"ListItem","position":1,"name":"Home","item":"https:\/\/dutchhealthstore.com\/fr\/"},{"@type":"ListItem","position":2,"name":"Shop","item":"https:\/\/dutchhealthstore.com\/fr\/shop\/"},{"@type":"ListItem","position":3,"name":"ELASTIC LOVE \/ Firming Face + Neck Oil \/ Zero Essential Oils"}]},{"@type":"WebSite","@id":"https:\/\/dutchhealthstore.com\/fr\/#website","url":"https:\/\/dutchhealthstore.com\/fr\/","name":"Dutch Health Store","description":"Enhance Your Beauty with Organic &amp; Natural Skincare","publisher":{"@id":"https:\/\/dutchhealthstore.com\/fr\/#organization"},"potentialAction":[{"@type":"SearchAction","target":{"@type":"EntryPoint","urlTemplate":"https:\/\/dutchhealthstore.com\/fr\/?s={search_term_string}"},"query-input":{"@type":"PropertyValueSpecification","valueRequired":true,"valueName":"search_term_string"}}],"inLanguage":"fr-FR"},{"@type":"Organization","@id":"https:\/\/dutchhealthstore.com\/fr\/#organization","name":"Dutch Health Store","url":"https:\/\/dutchhealthstore.com\/fr\/","logo":{"@type":"ImageObject","inLanguage":"fr-FR","@id":"https:\/\/dutchhealthstore.com\/fr\/#\/schema\/logo\/image\/","url":"https:\/\/dutchhealthstore.com\/wp-content\/uploads\/2020\/08\/logo-dutchhealthstore-jpg-e1599484957574.jpg","contentUrl":"https:\/\/dutchhealthstore.com\/wp-content\/uploads\/2020\/08\/logo-dutchhealthstore-jpg-e1599484957574.jpg","width":400,"height":62,"caption":"Dutch Health Store"},"image":{"@id":"https:\/\/dutchhealthstore.com\/fr\/#\/schema\/logo\/image\/"},"sameAs":["https:\/\/www.instagram.com\/dutchhealthstore\/","https:\/\/www.facebook.com\/dutchhealthstore"]}]},"product_brand":"LEPAAR","product_price_amount":"55.00","product_price_currency":"EUR","og_availability":"instock","product_availability":"instock","product_condition":"new"},"_links":{"self":[{"href":"https:\/\/dutchhealthstore.com\/fr\/wp-json\/wp\/v2\/product\/159846","targetHints":{"allow":["GET"]}}],"collection":[{"href":"https:\/\/dutchhealthstore.com\/fr\/wp-json\/wp\/v2\/product"}],"about":[{"href":"https:\/\/dutchhealthstore.com\/fr\/wp-json\/wp\/v2\/types\/product"}],"replies":[{"embeddable":true,"href":"https:\/\/dutchhealthstore.com\/fr\/wp-json\/wp\/v2\/comments?post=159846"}],"wp:featuredmedia":[{"embeddable":true,"href":"https:\/\/dutchhealthstore.com\/fr\/wp-json\/wp\/v2\/media\/314465"}],"wp:attachment":[{"href":"https:\/\/dutchhealthstore.com\/fr\/wp-json\/wp\/v2\/media?parent=159846"}],"wp:term":[{"taxonomy":"product_brand","embeddable":true,"href":"https:\/\/dutchhealthstore.com\/fr\/wp-json\/wp\/v2\/product_brand?post=159846"},{"taxonomy":"product_cat","embeddable":true,"href":"https:\/\/dutchhealthstore.com\/fr\/wp-json\/wp\/v2\/product_cat?post=159846"},{"taxonomy":"product_tag","embeddable":true,"href":"https:\/\/dutchhealthstore.com\/fr\/wp-json\/wp\/v2\/product_tag?post=159846"}],"curies":[{"name":"wp","href":"https:\/\/api.w.org\/{rel}","templated":true}]}}