{"id":159838,"date":"2021-07-16T12:43:15","date_gmt":"2021-07-16T10:43:15","guid":{"rendered":"https:\/\/dutchhealthstore.com\/product\/smooth-operator-unfolding-face-balsam\/"},"modified":"2025-10-06T12:12:46","modified_gmt":"2025-10-06T10:12:46","slug":"smooth-operator-unfolding-face-balsam","status":"publish","type":"product","link":"https:\/\/dutchhealthstore.com\/fr\/product\/smooth-operator-unfolding-face-balsam\/","title":{"rendered":"SMOOTH OPERATOR \/ Unfolding Face Balsam"},"content":{"rendered":"<p><strong>Moments rituels d&rsquo;adoucissement des contours.<\/strong><\/p>\n<p>Le temps ralentit avec cet onguent sulfureux qui lisse et adoucit tout : plis, lignes, bords, fissures, tension, humeur, temp\u00e9rament&#8230;<\/p>\n<p>J&rsquo;ai cr\u00e9\u00e9 cette composition comme une ode au caf\u00e9 artisanal et \u00e0 ses incroyables contributions \u00e0 une peau saine, lisse, forte et \u00e9panouie. C&rsquo;est aussi un hommage \u00e0 notre ami Paul Geshos de Mecca Coffee et \u00e0 son magnifique travail avec les petits producteurs de caf\u00e9 \u00e9thiques et les collectifs du monde entier. Les connaissances et le d\u00e9vouement de chacun \u00e0 l&rsquo;\u00e9gard de l&rsquo;ensemble du processus, de la qualit\u00e9 et du rituel sont \u00e9poustouflants.<\/p>\n<p>La balle de caf\u00e9 \u00ab\u00a0silver skin\u00a0\u00bb et la cerise de caf\u00e9 \u00ab\u00a0Cascara\u00a0\u00bb s\u00e9ch\u00e9e sont des sous-produits de la cr\u00e9ation artisanale de caf\u00e9 de Paul, et je suis tr\u00e8s reconnaissant d&rsquo;\u00eatre autoris\u00e9 \u00e0 les phoenixer en tant que SMOOTH OPERATOR.<\/p>\n<p>Les extraits de cerise de caf\u00e9 \u00ab\u00a0Cascara\u00a0\u00bb et de coque de caf\u00e9 \u00ab\u00a0Silver Skin\u00a0\u00bb, infus\u00e9s par le soleil, sont associ\u00e9s \u00e0 l&rsquo;huile de graine de caf\u00e9 vert non raffin\u00e9e et \u00e0 l&rsquo;huile de grain de caf\u00e9 torr\u00e9fi\u00e9 pour offrir tout le spectre de ce fruit magique que la plupart d&rsquo;entre nous consomment quotidiennement &#8211; un simple moment d&rsquo;habitude pour certains, un moment de rituel profond pour d&rsquo;autres. Pour Christo et moi, prendre un caf\u00e9 ensemble chaque matin est un moment o\u00f9 le temps s&rsquo;arr\u00eate, o\u00f9 les surfaces deviennent lisses, o\u00f9 les bords s&rsquo;adoucissent et o\u00f9 des possibilit\u00e9s infinies se d\u00e9ploient.<\/p>\n<p><strong>AVANTAGES<br \/>\n<\/strong>L&rsquo;huile de graines de Maracuja non raffin\u00e9e, l&rsquo;huile de graines de canneberge, l&rsquo;huile de graines de chia, l&rsquo;extrait de passiflore, l&rsquo;extrait de guimauve, l&rsquo;extrait de vanille, le beurre de Bacuri et la cire d&rsquo;abeille aident \u00e0 hydrater, repulper, maintenir les acides hyaluroniques, stabiliser le collag\u00e8ne et amplifier toutes les propri\u00e9t\u00e9s lissantes de la peau du caf\u00e9.<\/p>\n<p><strong>Z\u00c9RO HUILE ESSENTIELLE<br \/>\n<\/strong>Pour laisser les ar\u00f4mes et les parfums de mes extraits et de mes huiles se d\u00e9velopper naturellement, j&rsquo;ai choisi de n&rsquo;ajouter aucune huile essentielle \u00e0 nos compositions KAIROS MOMENT. Cela signifie que leur charge \u00e9nerg\u00e9tique \u00e9th\u00e9r\u00e9e est beaucoup plus subtile et provient des huiles essentielles naturelles, non isol\u00e9es, pr\u00e9sentes dans la mati\u00e8re v\u00e9g\u00e9tale comme les graines, les fruits, les fleurs, les feuilles, l&rsquo;\u00e9corce, etc. Je l&rsquo;extrais dans de l&rsquo;huile d&rsquo;olive biodynamique. L&rsquo;ar\u00f4me de ces compositions tr\u00e8s complexes est oscillant, sp\u00e9cifique, momentan\u00e9 &#8211; Kairologique.<\/p>\n<p><span data-block=\"\"><strong>UNE COLLECTION CAPSULE MOMENT KAIROS<br \/>\n<\/strong> IMPORTANT. LUCIDE. AMUSANT.<\/span><span data-block=\"\"><br \/>\n\u201cTo see a World in a Grain of<\/span><span data-block=\"\"><span style=\"font-size: 14.4px;\">Sand And<\/span> a Heaven in a Wild Flower<\/span><span data-block=\"\">Hold Infinity in the palm of your hand <\/span><span data-block=\"\">And Eternity in an hour.\u00a0\u00bb <\/span><span data-block=\"\">~William Blake<\/span><span data-block=\"\"> <\/span><span data-block=\"\">Kairos Time &#8211; par opposition au temps Chronos, est non lin\u00e9aire. Le temps Kairos n&rsquo;est pas mesur\u00e9, il n&rsquo;est pas programm\u00e9. C&rsquo;est le temps cyclique de l&rsquo;\u00e2me, des \u00e9tincelles divines de nouvelles directions, des aha-moments d&rsquo;intuitions profondes, des d\u00e9cisions transformatrices, des cr\u00e9ations inspir\u00e9es et, surtout, de l&rsquo;oisivet\u00e9 flottante. Les moments de Kairos surgissent dans le calme et apparaissent dans l&rsquo;\u0153il des temp\u00eates. Lorsque notre ego li\u00e9 au temps Chronos faiblit, lorsque nous nous abandonnons \u00e0 la Nature, elle trouve nos ouvertures bless\u00e9es et d\u00e9verse de la lumi\u00e8re dans toutes nos fissures. Les moments de Kairos sont transcendants, magiques,<br \/>\n<\/span><span data-block=\"\"><br \/>\n<\/span><span data-block=\"\">J&rsquo;ai cr\u00e9\u00e9 nos nouvelles compositions pendant notre propre moment Kairos en 2020, lorsque le temps s&rsquo;est arr\u00eat\u00e9 pour chacun d&rsquo;entre nous. Et dans cette pause \u00e9lastique entre l&rsquo;inspiration et l&rsquo;expiration, nous avons pu jouer, explorer et faire de la magie des soins de la peau.<\/span><\/p>\n<p><span data-block=\"\">Une ode \u00e0 l&rsquo;instant pr\u00e9sent.<br \/>\n<\/span><span data-block=\"\">Johanna + Christo xx<\/span><\/p>\n<h3>Rituel<\/h3>\n<p><span class=\"s1\">Utilisez-le le matin pour vous r\u00e9veiller et \u00e9liminer les ombres de la nuit de votre visage.<\/span><\/p>\n<p><span class=\"s1\">Id\u00e9al pour une utilisation quotidienne ou en alternance avec toute autre composition de la collection KAIROS. Vous pouvez aussi m\u00e9langer les deux si vous le souhaitez &#8211; c&rsquo;est le moment ou jamais !<\/span><\/p>\n<p><span class=\"s1\">Masser chaque matin quelques gouttes sur la peau encore humide et propre, \u00e0 l&rsquo;aide de l&rsquo;annulaire, en commen\u00e7ant par les yeux. Vos annulaires ont le toucher le plus l\u00e9ger de tous vos doigts et ne tireront pas sur votre peau.<\/span><\/p>\n<p><span class=\"s1\">Appliquer sous PRECIOUS FACE ELIXIR et\/ou ELEMENTAL DAY SILK si d\u00e9sir\u00e9. Nous vous recommandons d&rsquo;utiliser nos compositions exclusivement pendant quelques semaines afin d&rsquo;exploiter leur puissance et de permettre \u00e0 votre peau de retrouver son \u00e9tat naturel et sain.<\/span><\/p>\n<p><strong>Taille : 15 ml<\/strong><\/p>\n<h3 class=\"yikes-custom-woo-tab-title yikes-custom-woo-tab-title-natural-organic-ingredients\">Ingr\u00e9dients Naturels\/Biologiques<\/h3>\n<p class=\"p1\"><span class=\"s1\"><b>FOND DE TEINT \u00c9NERGISANT<\/b><\/span><\/p>\n<p class=\"p1\"><span class=\"s1\">COFFEA ARABICA<\/span> <span class=\"s2\">( COFFEEVERT ) HUILE DE GRAINES<\/span>* <span class=\"s1\">Br\u00e9sil<\/span>. Certifi\u00e9 biologique. Graines press\u00e9es \u00e0 froid, non raffin\u00e9es.<\/p>\n<p class=\"p1\"><span class=\"s1\">COFFEA ARABICA<\/span> <span class=\"s2\">( CAF\u00c9 R\u00d4TI ) HUILE DE F\u00c9VRIER<\/span>* <span class=\"s1\">Br\u00e9sil<\/span>. Certifi\u00e9 biologique. Graines press\u00e9es \u00e0 froid, non raffin\u00e9es.<\/p>\n<p class=\"p1\"><span class=\"s1\">EXTRAIT DE COFFEA ARABICA (COQUE DE CAF\u00c9 TORR\u00c9FI\u00c9E) \u00ab\u00a0SILVER SKIN\u00a0\u00bb^<\/span><span class=\"s1\">. Mamut, Huila\u00a0\u00bb, Colombie\/ \u00ab\u00a0Finca Santa Elisa\u00a0\u00bb, Guatemala. Fabriqu\u00e9 \u00e0 l&rsquo;\u00e9tat sauvage<\/span>. Grains de caf\u00e9 entiers cueillis \u00e0 la main et torr\u00e9fi\u00e9s \u00e0 sec, infus\u00e9s au soleil pendant au moins 4 mois dans de l&rsquo;huile d&rsquo;olive biodynamique.<\/p>\n<p class=\"p1\"><span class=\"s1\">&lsquo;CASCARA CHERRY&rsquo; COFFEA ARABICA (COFFEE FRUIT) EXTRACT^ <\/span>Gakenke District, Rwanda. <span class=\"s1\">R\u00e9colt\u00e9 en for\u00eat<\/span>. Cerises enti\u00e8res cueillies \u00e0 la main, m\u00fbries au soleil, infus\u00e9es au soleil pendant au moins 4 mois dans de l&rsquo;huile d&rsquo;olive biodynamique.<\/p>\n<p class=\"p1\"><span class=\"s1\">EXTRAIT DE FRUIT DE VANILLA PLANIFOLIA (VANILLE)*. <\/span>For\u00eat tropicale de Daintree, Australie. Certifi\u00e9 biologique. Haricots entiers cueillis \u00e0 la main, s\u00e9ch\u00e9s au soleil et infus\u00e9s au soleil pendant au moins 4 mois dans de l&rsquo;huile d&rsquo;olive biodynamique.<\/p>\n<p class=\"p1\"><span class=\"s1\">DANS L&rsquo;HUILE D&rsquo;OLIVE (OLEA EUROPAEA)**. <\/span>Victoria, Australie. Certifi\u00e9 Demeter biodynamique, press\u00e9 \u00e0 froid en petites quantit\u00e9s, non raffin\u00e9, extra vierge.<\/p>\n<p class=\"p1\"><span class=\"s1\"><b>CENTRE D&rsquo;\u00c9QUILIBRAGE<\/b><\/span><\/p>\n<p class=\"p1\"><span class=\"s1\">SALVIA HISPANICA (CHIA) SEED OIL*<\/span><span class=\"s1\"> Amazon<\/span>. Certifi\u00e9e biologique. Graines press\u00e9es \u00e0 froid, non raffin\u00e9es.<\/p>\n<p class=\"p1\"><span class=\"s1\">PASSIFLORA EDULIS <\/span><span class=\"s2\">(MARACUJA) HUILE DE GRAINES* <\/span>\u00c9quateur\/<span class=\"s1\">P\u00e9rou.<\/span> Certifi\u00e9e biologique\/artisanale. Graines press\u00e9es \u00e0 froid, non raffin\u00e9es.<\/p>\n<p class=\"p1\"><span class=\"s1\">HUILE DE P\u00c9PINS DE VACCINIUM MACROCARPON (CANNEBERGE)* <\/span><span class=\"s1\"> USA<\/span>. Certifi\u00e9 biologique. Graines press\u00e9es \u00e0 froid, non raffin\u00e9es.<\/p>\n<p class=\"p1\"><span class=\"s1\">PASSIFLORE INCARN\u00c9E <\/span><span class=\"s2\">(PASSIFLORE) EXTRAIT DE FLEUR^<\/span><span class=\"s2\"> <\/span><span class=\"s1\">Kangaroo Valley, Australie. <\/span>Recrut\u00e9 au hasard. Fleurs cueillies \u00e0 la main, s\u00e9ch\u00e9es au soleil, infus\u00e9es au soleil pendant au moins 4 mois dans de l&rsquo;huile d&rsquo;olive biodynamique.<\/p>\n<p class=\"p1\"><span class=\"s1\">ALTHAEA OFFICINALIS (MARSHMALLOW) ROOT EXTRACT* Tasmanie, Australie. <\/span>Certifi\u00e9 biologique. Racines cueillies \u00e0 la main, s\u00e9ch\u00e9es au soleil, infus\u00e9es au soleil pendant au moins 4 mois dans de l&rsquo;huile d&rsquo;olive biodynamique.<\/p>\n<p class=\"p1\"><span class=\"s1\">PLATONIA INSIGNIS (BACURI) BEURRE DE GRAINES^ <\/span><span class=\"s2\">Amazonie, Br\u00e9sil <\/span>. R\u00e9colt\u00e9 \u00e0 l&rsquo;\u00e9tat sauvage. Graines press\u00e9es \u00e0 froid, non raffin\u00e9es.<\/p>\n<p class=\"p1\"><span class=\"s1\">BEESWAX JAUNE (CERA)* Blue Mountains, Australie.<\/span> Fabriqu\u00e9 \u00e0 partir de ruches de type \u00ab\u00a0warre\u00a0\u00bb. Non raffin\u00e9.<\/p>\n<p class=\"p1\"><span class=\"s1\"><b>CHARGE HARMONISANTE \u00ab\u00a0M\u00c9LANGE DE LA TRINIT\u00c9 SACR\u00c9E<\/b><\/span><\/p>\n<p class=\"p1\"><span class=\"s1\">BOSWELLIA FREREANA (FRANKINCENSE &lsquo;MAYDI&rsquo;, KING OF FRANKINCENSE) EXTRAIT DE R\u00c9SINE, <\/span>Somalie. Certifi\u00e9 biologique. \/ <span class=\"s1\">EXTRAIT DE R\u00c9SINE DE BOSWELLIA SACRA (ENCENS ROYAL HORAJI BLANC \u00ab\u00a0SACR\u00c9\u00a0\u00bb)^. <\/span>Oman. Certifi\u00e9 biologique. R\u00e9sine issue du commerce \u00e9quitable, r\u00e9colt\u00e9e de mani\u00e8re durable par une coop\u00e9rative communautaire. Infus\u00e9 au soleil pendant au moins 4 mois dans de l&rsquo;huile d&rsquo;olive biodynamique.<\/p>\n<p class=\"p1\"><span class=\"s1\">COMMIPHORA MYRRHA (MYRRH) EXTRAIT DE RESINE* <\/span>Somalie. Certifi\u00e9 biologique. Y\u00e9men. Recrut\u00e9 au hasard. \/ <span class=\"s1\">COMMIPHORA WILDII (&lsquo;OMUMBIRI&rsquo; NAMIBIAN MYRRH) RESIN EXTRACT <\/span>Namibie. Recrut\u00e9 au hasard. R\u00e9sine issue du commerce \u00e9quitable, r\u00e9colt\u00e9e de mani\u00e8re durable par une coop\u00e9rative communautaire. Infusion au soleil pendant au moins 4 mois dans de l&rsquo;huile d&rsquo;olive biodynamique.<\/p>\n<p class=\"p1\"><span class=\"s1\">OR 24 CARATS\u00a0\u00bb, <\/span>Allemagne. Non-Nano. Qualit\u00e9 cosm\u00e9tique\/alimentaire certaine. Infusion au soleil pendant au moins 4 mois dans de l&rsquo;huile d&rsquo;olive biodynamique.<\/p>\n<p class=\"p1\">TOUS LES EXTRAITS SONT INFUS\u00c9S AU SOLEIL PAR NOS SOINS DANS DE L&rsquo;HUILE D&rsquo;OLIVE CERTIFI\u00c9E BIODYNAMIQUE.<\/p>\n<p class=\"p1\"><i>*Organique <span style=\"font-size: 14.4px;\">**Demeter<\/span> biodynamique ^artisanal\/non-OGM\/sans produits chimiques \u00ab\u00a0non-nano.<\/i><\/p>\n<p class=\"p1\"><b>AVERTISSEMENT &#8211; La s\u00e9curit\u00e9 de ce produit n&rsquo;a pas \u00e9t\u00e9 d\u00e9termin\u00e9e.<\/b><\/p>\n","protected":false},"excerpt":{"rendered":"<p>Unfolding Face Balsam z\u00e9ro huile essentielle.<\/p>\n<p><strong>Taille : 15 ml <\/strong><\/p>\n","protected":false},"featured_media":314521,"comment_status":"open","ping_status":"closed","template":"","meta":[],"product_brand":[],"product_cat":[8700,1209,1030,5107,5627,5710,5121,5709,5712,1229,5713,5714,5716,4240,1010,14733],"product_tag":[21359,6235,9603],"class_list":{"0":"post-159838","1":"product","2":"type-product","3":"status-publish","4":"has-post-thumbnail","6":"product_cat-lepaar-fr-par-marques","7":"product_cat-par-marques","8":"product_cat-par-produits","9":"product_cat-by-skin-type-fr-4","10":"product_cat-normal-or-combination-skin-fr-2","11":"product_cat-normal-or-combination-skin-fr-4","12":"product_cat-dry-mature-ageing-skin-fr-2","13":"product_cat-dry-mature-ageing-skin-fr-4","14":"product_cat-sensitive-skin-redness-fr-3","15":"product_cat-sensitive-skin-redness-fr","16":"product_cat-serums-fr","17":"product_cat-serums-fr-3","18":"product_cat-serums-fr-5","19":"product_cat-serums-fr-2","20":"product_cat-notre-boutique","21":"product_cat-soins-de-la-peau","22":"product_tag-anti-age","23":"product_tag-balm-fr","24":"product_tag-hydrating-fr","25":"pa_brand-lepaar-fr","26":"pa_gtin-7424920256270-fr","27":"pa_skincare-type-face-oil-and-serums-fr","28":"pa_skintype-normal-combination-skin-fr","29":"pa_skintype-dry-mature-ageing-skin-fr","30":"pa_skintype-sensitive-skin-redness-fr","32":"first","33":"instock","34":"taxable","35":"shipping-taxable","36":"purchasable","37":"product-type-simple"},"bundled_by":[],"bundle_stock_status":"instock","bundle_stock_quantity":2,"bundle_virtual":false,"bundle_layout":"","bundle_add_to_cart_form_location":"","bundle_editable_in_cart":false,"bundle_sold_individually_context":"","bundle_item_grouping":"","bundle_min_size":"","bundle_max_size":"","bundle_price":[],"bundled_items":[],"bundle_sell_ids":[],"atum_controlled":true,"out_stock_date":null,"out_stock_threshold":null,"inheritable":false,"stock_on_hold":0,"sold_today":0,"sales_last_days":0,"out_stock_days":0,"lost_sales":0,"update_date":"2026-04-26T00:12:55","atum_locations":[],"atum_stock_status":"instock","restock_status":false,"low_stock_amount":"","sales_update_date":"2026-04-26T00:12:55","calc_backorders":null,"group_of_quantity":0,"min_quantity":0,"max_quantity":"","exclude_order_quantity_value_rules":"no","exclude_category_quantity_rules":"no","combine_variations":"no","yoast_head":"<!-- This site is optimized with the Yoast SEO Premium plugin v26.5 (Yoast SEO v26.5) - https:\/\/yoast.com\/wordpress\/plugins\/seo\/ -->\n<title>SMOOTH OPERATOR \/ Unfolding Face Balsam - Lepaar<\/title>\n<meta name=\"description\" content=\"Unfolding face Balsam.\" \/>\n<meta name=\"robots\" content=\"index, follow, max-snippet:-1, max-image-preview:large, max-video-preview:-1\" \/>\n<link rel=\"canonical\" href=\"https:\/\/dutchhealthstore.com\/fr\/product\/smooth-operator-unfolding-face-balsam\/\" \/>\n<meta property=\"og:locale\" content=\"fr_FR\" \/>\n<meta property=\"og:type\" content=\"article\" \/>\n<meta property=\"og:title\" content=\"SMOOTH OPERATOR \/ Unfolding Face Balsam - Dutch Health Store\" \/>\n<meta property=\"og:description\" content=\"Unfolding face Balsam.\" \/>\n<meta property=\"og:url\" content=\"https:\/\/dutchhealthstore.com\/fr\/product\/smooth-operator-unfolding-face-balsam\/\" \/>\n<meta property=\"og:site_name\" content=\"Dutch Health Store\" \/>\n<meta property=\"article:publisher\" content=\"https:\/\/www.instagram.com\/dutchhealthstore\/\" \/>\n<meta property=\"article:modified_time\" content=\"2025-10-06T10:12:46+00:00\" \/>\n<meta property=\"og:image\" content=\"https:\/\/dutchhealthstore.com\/wp-content\/uploads\/2021\/10\/lepsmoothoke.jpg\" \/>\n\t<meta property=\"og:image:width\" content=\"500\" \/>\n\t<meta property=\"og:image:height\" content=\"500\" \/>\n\t<meta property=\"og:image:type\" content=\"image\/jpeg\" \/>\n<meta name=\"twitter:card\" content=\"summary_large_image\" \/>\n<meta name=\"twitter:label1\" content=\"Prix\" \/>\n\t<meta name=\"twitter:data1\" content=\"&euro;55,00\" \/>\n\t<meta name=\"twitter:label2\" content=\"Disponibilit\u00e9\" \/>\n\t<meta name=\"twitter:data2\" content=\"En stock\" \/>\n<script type=\"application\/ld+json\" class=\"yoast-schema-graph\">{\"@context\":\"https:\/\/schema.org\",\"@graph\":[{\"@type\":\"WebPage\",\"@id\":\"https:\/\/dutchhealthstore.com\/fr\/product\/smooth-operator-unfolding-face-balsam\/\",\"url\":\"https:\/\/dutchhealthstore.com\/fr\/product\/smooth-operator-unfolding-face-balsam\/\",\"name\":\"SMOOTH OPERATOR \/ Unfolding Face Balsam - Lepaar\",\"isPartOf\":{\"@id\":\"https:\/\/dutchhealthstore.com\/fr\/#website\"},\"primaryImageOfPage\":{\"@id\":\"https:\/\/dutchhealthstore.com\/fr\/product\/smooth-operator-unfolding-face-balsam\/#primaryimage\"},\"image\":{\"@id\":\"https:\/\/dutchhealthstore.com\/fr\/product\/smooth-operator-unfolding-face-balsam\/#primaryimage\"},\"thumbnailUrl\":\"https:\/\/dutchhealthstore.com\/wp-content\/uploads\/2020\/07\/lepaar_0000s_0018_SMOOTH-OPERATOR-_-Unfolding-Face.jpg\",\"datePublished\":\"2021-07-16T10:43:15+00:00\",\"dateModified\":\"2025-10-06T10:12:46+00:00\",\"description\":\"Unfolding face Balsam.\",\"breadcrumb\":{\"@id\":\"https:\/\/dutchhealthstore.com\/fr\/product\/smooth-operator-unfolding-face-balsam\/#breadcrumb\"},\"inLanguage\":\"fr-FR\",\"potentialAction\":[{\"@type\":\"ReadAction\",\"target\":[\"https:\/\/dutchhealthstore.com\/fr\/product\/smooth-operator-unfolding-face-balsam\/\"]}]},{\"@type\":\"ImageObject\",\"inLanguage\":\"fr-FR\",\"@id\":\"https:\/\/dutchhealthstore.com\/fr\/product\/smooth-operator-unfolding-face-balsam\/#primaryimage\",\"url\":\"https:\/\/dutchhealthstore.com\/wp-content\/uploads\/2020\/07\/lepaar_0000s_0018_SMOOTH-OPERATOR-_-Unfolding-Face.jpg\",\"contentUrl\":\"https:\/\/dutchhealthstore.com\/wp-content\/uploads\/2020\/07\/lepaar_0000s_0018_SMOOTH-OPERATOR-_-Unfolding-Face.jpg\",\"width\":530,\"height\":530},{\"@type\":\"BreadcrumbList\",\"@id\":\"https:\/\/dutchhealthstore.com\/fr\/product\/smooth-operator-unfolding-face-balsam\/#breadcrumb\",\"itemListElement\":[{\"@type\":\"ListItem\",\"position\":1,\"name\":\"Home\",\"item\":\"https:\/\/dutchhealthstore.com\/fr\/\"},{\"@type\":\"ListItem\",\"position\":2,\"name\":\"Shop\",\"item\":\"https:\/\/dutchhealthstore.com\/fr\/shop\/\"},{\"@type\":\"ListItem\",\"position\":3,\"name\":\"SMOOTH OPERATOR \/ Unfolding Face Balsam\"}]},{\"@type\":\"WebSite\",\"@id\":\"https:\/\/dutchhealthstore.com\/fr\/#website\",\"url\":\"https:\/\/dutchhealthstore.com\/fr\/\",\"name\":\"Dutch Health Store\",\"description\":\"Enhance Your Beauty with Organic &amp; Natural Skincare\",\"publisher\":{\"@id\":\"https:\/\/dutchhealthstore.com\/fr\/#organization\"},\"potentialAction\":[{\"@type\":\"SearchAction\",\"target\":{\"@type\":\"EntryPoint\",\"urlTemplate\":\"https:\/\/dutchhealthstore.com\/fr\/?s={search_term_string}\"},\"query-input\":{\"@type\":\"PropertyValueSpecification\",\"valueRequired\":true,\"valueName\":\"search_term_string\"}}],\"inLanguage\":\"fr-FR\"},{\"@type\":\"Organization\",\"@id\":\"https:\/\/dutchhealthstore.com\/fr\/#organization\",\"name\":\"Dutch Health Store\",\"url\":\"https:\/\/dutchhealthstore.com\/fr\/\",\"logo\":{\"@type\":\"ImageObject\",\"inLanguage\":\"fr-FR\",\"@id\":\"https:\/\/dutchhealthstore.com\/fr\/#\/schema\/logo\/image\/\",\"url\":\"https:\/\/dutchhealthstore.com\/wp-content\/uploads\/2020\/08\/logo-dutchhealthstore-jpg-e1599484957574.jpg\",\"contentUrl\":\"https:\/\/dutchhealthstore.com\/wp-content\/uploads\/2020\/08\/logo-dutchhealthstore-jpg-e1599484957574.jpg\",\"width\":400,\"height\":62,\"caption\":\"Dutch Health Store\"},\"image\":{\"@id\":\"https:\/\/dutchhealthstore.com\/fr\/#\/schema\/logo\/image\/\"},\"sameAs\":[\"https:\/\/www.instagram.com\/dutchhealthstore\/\",\"https:\/\/www.facebook.com\/dutchhealthstore\"]}]}<\/script>\n<meta property=\"product:brand\" content=\"LEPAAR\" \/>\n<meta property=\"product:price:amount\" content=\"55.00\" \/>\n<meta property=\"product:price:currency\" content=\"EUR\" \/>\n<meta property=\"og:availability\" content=\"instock\" \/>\n<meta property=\"product:availability\" content=\"instock\" \/>\n<meta property=\"product:condition\" content=\"new\" \/>\n<!-- \/ Yoast SEO Premium plugin. -->","yoast_head_json":{"title":"SMOOTH OPERATOR \/ Unfolding Face Balsam - Lepaar","description":"Unfolding face Balsam.","robots":{"index":"index","follow":"follow","max-snippet":"max-snippet:-1","max-image-preview":"max-image-preview:large","max-video-preview":"max-video-preview:-1"},"canonical":"https:\/\/dutchhealthstore.com\/fr\/product\/smooth-operator-unfolding-face-balsam\/","og_locale":"fr_FR","og_type":"article","og_title":"SMOOTH OPERATOR \/ Unfolding Face Balsam - Dutch Health Store","og_description":"Unfolding face Balsam.","og_url":"https:\/\/dutchhealthstore.com\/fr\/product\/smooth-operator-unfolding-face-balsam\/","og_site_name":"Dutch Health Store","article_publisher":"https:\/\/www.instagram.com\/dutchhealthstore\/","article_modified_time":"2025-10-06T10:12:46+00:00","og_image":[{"width":500,"height":500,"url":"https:\/\/dutchhealthstore.com\/wp-content\/uploads\/2021\/10\/lepsmoothoke.jpg","type":"image\/jpeg"}],"twitter_card":"summary_large_image","twitter_misc":{"Prix":"&euro;55,00","Disponibilit\u00e9":"En stock"},"schema":{"@context":"https:\/\/schema.org","@graph":[{"@type":"WebPage","@id":"https:\/\/dutchhealthstore.com\/fr\/product\/smooth-operator-unfolding-face-balsam\/","url":"https:\/\/dutchhealthstore.com\/fr\/product\/smooth-operator-unfolding-face-balsam\/","name":"SMOOTH OPERATOR \/ Unfolding Face Balsam - Lepaar","isPartOf":{"@id":"https:\/\/dutchhealthstore.com\/fr\/#website"},"primaryImageOfPage":{"@id":"https:\/\/dutchhealthstore.com\/fr\/product\/smooth-operator-unfolding-face-balsam\/#primaryimage"},"image":{"@id":"https:\/\/dutchhealthstore.com\/fr\/product\/smooth-operator-unfolding-face-balsam\/#primaryimage"},"thumbnailUrl":"https:\/\/dutchhealthstore.com\/wp-content\/uploads\/2020\/07\/lepaar_0000s_0018_SMOOTH-OPERATOR-_-Unfolding-Face.jpg","datePublished":"2021-07-16T10:43:15+00:00","dateModified":"2025-10-06T10:12:46+00:00","description":"Unfolding face Balsam.","breadcrumb":{"@id":"https:\/\/dutchhealthstore.com\/fr\/product\/smooth-operator-unfolding-face-balsam\/#breadcrumb"},"inLanguage":"fr-FR","potentialAction":[{"@type":"ReadAction","target":["https:\/\/dutchhealthstore.com\/fr\/product\/smooth-operator-unfolding-face-balsam\/"]}]},{"@type":"ImageObject","inLanguage":"fr-FR","@id":"https:\/\/dutchhealthstore.com\/fr\/product\/smooth-operator-unfolding-face-balsam\/#primaryimage","url":"https:\/\/dutchhealthstore.com\/wp-content\/uploads\/2020\/07\/lepaar_0000s_0018_SMOOTH-OPERATOR-_-Unfolding-Face.jpg","contentUrl":"https:\/\/dutchhealthstore.com\/wp-content\/uploads\/2020\/07\/lepaar_0000s_0018_SMOOTH-OPERATOR-_-Unfolding-Face.jpg","width":530,"height":530},{"@type":"BreadcrumbList","@id":"https:\/\/dutchhealthstore.com\/fr\/product\/smooth-operator-unfolding-face-balsam\/#breadcrumb","itemListElement":[{"@type":"ListItem","position":1,"name":"Home","item":"https:\/\/dutchhealthstore.com\/fr\/"},{"@type":"ListItem","position":2,"name":"Shop","item":"https:\/\/dutchhealthstore.com\/fr\/shop\/"},{"@type":"ListItem","position":3,"name":"SMOOTH OPERATOR \/ Unfolding Face Balsam"}]},{"@type":"WebSite","@id":"https:\/\/dutchhealthstore.com\/fr\/#website","url":"https:\/\/dutchhealthstore.com\/fr\/","name":"Dutch Health Store","description":"Enhance Your Beauty with Organic &amp; Natural Skincare","publisher":{"@id":"https:\/\/dutchhealthstore.com\/fr\/#organization"},"potentialAction":[{"@type":"SearchAction","target":{"@type":"EntryPoint","urlTemplate":"https:\/\/dutchhealthstore.com\/fr\/?s={search_term_string}"},"query-input":{"@type":"PropertyValueSpecification","valueRequired":true,"valueName":"search_term_string"}}],"inLanguage":"fr-FR"},{"@type":"Organization","@id":"https:\/\/dutchhealthstore.com\/fr\/#organization","name":"Dutch Health Store","url":"https:\/\/dutchhealthstore.com\/fr\/","logo":{"@type":"ImageObject","inLanguage":"fr-FR","@id":"https:\/\/dutchhealthstore.com\/fr\/#\/schema\/logo\/image\/","url":"https:\/\/dutchhealthstore.com\/wp-content\/uploads\/2020\/08\/logo-dutchhealthstore-jpg-e1599484957574.jpg","contentUrl":"https:\/\/dutchhealthstore.com\/wp-content\/uploads\/2020\/08\/logo-dutchhealthstore-jpg-e1599484957574.jpg","width":400,"height":62,"caption":"Dutch Health Store"},"image":{"@id":"https:\/\/dutchhealthstore.com\/fr\/#\/schema\/logo\/image\/"},"sameAs":["https:\/\/www.instagram.com\/dutchhealthstore\/","https:\/\/www.facebook.com\/dutchhealthstore"]}]},"product_brand":"LEPAAR","product_price_amount":"55.00","product_price_currency":"EUR","og_availability":"instock","product_availability":"instock","product_condition":"new"},"_links":{"self":[{"href":"https:\/\/dutchhealthstore.com\/fr\/wp-json\/wp\/v2\/product\/159838","targetHints":{"allow":["GET"]}}],"collection":[{"href":"https:\/\/dutchhealthstore.com\/fr\/wp-json\/wp\/v2\/product"}],"about":[{"href":"https:\/\/dutchhealthstore.com\/fr\/wp-json\/wp\/v2\/types\/product"}],"replies":[{"embeddable":true,"href":"https:\/\/dutchhealthstore.com\/fr\/wp-json\/wp\/v2\/comments?post=159838"}],"wp:featuredmedia":[{"embeddable":true,"href":"https:\/\/dutchhealthstore.com\/fr\/wp-json\/wp\/v2\/media\/314521"}],"wp:attachment":[{"href":"https:\/\/dutchhealthstore.com\/fr\/wp-json\/wp\/v2\/media?parent=159838"}],"wp:term":[{"taxonomy":"product_brand","embeddable":true,"href":"https:\/\/dutchhealthstore.com\/fr\/wp-json\/wp\/v2\/product_brand?post=159838"},{"taxonomy":"product_cat","embeddable":true,"href":"https:\/\/dutchhealthstore.com\/fr\/wp-json\/wp\/v2\/product_cat?post=159838"},{"taxonomy":"product_tag","embeddable":true,"href":"https:\/\/dutchhealthstore.com\/fr\/wp-json\/wp\/v2\/product_tag?post=159838"}],"curies":[{"name":"wp","href":"https:\/\/api.w.org\/{rel}","templated":true}]}}