{"id":140183,"date":"2021-01-19T07:40:42","date_gmt":"2021-01-19T07:40:42","guid":{"rendered":"https:\/\/dutchhealthstore.com\/product\/raspberry-leaf-absolute\/"},"modified":"2023-02-28T08:50:07","modified_gmt":"2023-02-28T08:50:07","slug":"raspberry-leaf-absolute","status":"publish","type":"product","link":"https:\/\/dutchhealthstore.com\/fr\/product\/raspberry-leaf-absolute\/","title":{"rendered":"Raspberry Leaf Absolute"},"content":{"rendered":"<p><strong><a href=\"https:\/\/dutchhealthstore.com\/wp-content\/uploads\/2019\/08\/NEW-Living-Libations-Logo.jpg\"><img decoding=\"async\" class=\"size-full wp-image-69549 alignright\" src=\"https:\/\/dutchhealthstore.com\/wp-content\/uploads\/2019\/08\/NEW-Living-Libations-Logo.jpg\" alt=\"NEW - Living Libations - Logo\" width=\"175\" height=\"82\"><\/a>Nom botanique<\/strong>: Rubus idaeus<br \/>\n<strong>Famille botanique<\/strong> : Rosaceae<br \/>\n<strong>M\u00e9thode d&rsquo;extraction :<\/strong> Absolue<br \/>\n<strong>Partie de la plante distill\u00e9e<\/strong> : Feuille<br \/>\n<strong>Pays d&rsquo;origine <\/strong>: France<br \/>\n<strong>M\u00e9thode de culture <\/strong>: Organique<br \/>\n<strong>Composition <\/strong>: 30:70 Rubus idaeus : alcool organique<br \/>\n<strong>Consistance <\/strong>: Epaisse avant dilution. Pr\u00e9par\u00e9 pr\u00eat \u00e0 verser avec de l&rsquo;alcool biologique.<\/p>\n<h3>Description de l&rsquo;odeur<\/h3>\n<p>Complexe feuillu et musqu\u00e9. Notes fruit\u00e9es et d\u00e9licatement r\u00e9sineuses -raisin.<\/p>\n<h3>Se marie bien avec<\/h3>\n<p>Absolu de sapin baumier, bergamote, ylang, vanille, v\u00e9tiver, mousse de ch\u00eane, jasmin, marjolaine, bergamote, citron, cassis, tub\u00e9reuse, jonquille, petit grain, n\u00e9roli, pamplemousse et opopanax.<\/p>\n<h3>Utilisations<\/h3>\n<p>Substance recherch\u00e9e en parfumerie pour sa force en tant que parfum de base. Une note de fond b\u00e9n\u00e9fique pour harmoniser les parfums culinaires, les accords fruit\u00e9s ou herbac\u00e9s et les chypres d&rsquo;agrumes.<\/p>\n<p>Raspberry Leaf Absolute non dilu\u00e9e est tr\u00e8s \u00e9paisse et peut \u00eatre difficile \u00e0 travailler. Pour faciliter son utilisation, nous le proposons pr\u00e9-dilu\u00e9 dans de l&rsquo;alcool biologique \u00e0 70% pour en faire un liquide versable, parfaitement pr\u00eat pour vos cr\u00e9ations de parfums.<\/p>\n<p>Une absolue est cr\u00e9\u00e9e en utilisant un solvant pour extraire les pr\u00e9cieux ar\u00f4mes v\u00e9g\u00e9taux de la mati\u00e8re v\u00e9g\u00e9tale. On laisse ensuite le solvant s&rsquo;\u00e9vaporer, laissant derri\u00e8re lui une absolue magnifiquement aromatique et tr\u00e8s concentr\u00e9e. Les mol\u00e9cules odorantes sont g\u00e9n\u00e9ralement appr\u00e9ci\u00e9es par inhalation pour transporter les \u00e9motions, l&rsquo;esprit, les souvenirs, la cr\u00e9ativit\u00e9, la concentration, l&rsquo;imagination et la m\u00e9ditation au-del\u00e0 des seuils s\u00e9culaires dans la mer des formes d&rsquo;ondes cosmiques. L&rsquo;histoire olfactive des absolus se d\u00e9roule dans les eaux de Cologne et les parfums, les m\u00e9diations d&rsquo;inhalation et les infusions de diffusion ambiante plut\u00f4t que dans les soins de la peau.<\/p>\n<p><strong>Taille : 2,5 ml<\/strong><\/p>\n<h3>Ingr\u00e9dients biologiques<\/h3>\n<p>30:70 Rubus idaeus (absolue de feuille de framboise) : alcool biologique<\/p>\n<p style=\"text-align: center;\"><em>\u00ab\u00a0Mon vin d&rsquo;\u00e9t\u00e9 est vraiment fait de toutes ces choses.\u00a0\u00bb<\/em><\/p>\n<p style=\"text-align: center;\"><strong>~ Nancy Sinatra<\/strong><\/p>\n<p><a href=\"https:\/\/dutchhealthstore.com\/wp-content\/uploads\/2018\/02\/Living-Libations-Organic-Logo-800x89.png\"><img fetchpriority=\"high\" decoding=\"async\" class=\"size-medium wp-image-68103 aligncenter\" src=\"https:\/\/dutchhealthstore.com\/wp-content\/uploads\/2018\/02\/Living-Libations-Organic-Logo-800x89.png\" alt=\"Living Libations - Organic Logo\" width=\"800\" height=\"89\" srcset=\"https:\/\/dutchhealthstore.com\/wp-content\/uploads\/2018\/02\/Living-Libations-Organic-Logo-800x89.png 800w, https:\/\/dutchhealthstore.com\/wp-content\/uploads\/2018\/02\/Living-Libations-Organic-Logo-510x57.png 510w, https:\/\/dutchhealthstore.com\/wp-content\/uploads\/2018\/02\/Living-Libations-Organic-Logo-768x85.png 768w, https:\/\/dutchhealthstore.com\/wp-content\/uploads\/2018\/02\/Living-Libations-Organic-Logo.png 1400w\" sizes=\"(max-width: 800px) 100vw, 800px\" \/><\/a><\/p>\n","protected":false},"excerpt":{"rendered":"<p>Raspberry Leaf Absolute parfum\u00e9e est une distillation de vin d&rsquo;\u00e9t\u00e9, capturant un doux moment dans le temps.<\/p>\n<p>La framboise est peut-\u00eatre plus connue pour ses baies rouges sucr\u00e9es, mais les huiles aromatiques contenues dans ses feuilles penn\u00e9es \u00e9voquent les fruits acidul\u00e9s gorg\u00e9s de soleil et le vin balsamique. Raspberry Leaf Absolute est un aromatique profond et charmant qui, en tant que note de fond, tisse sans effort des ar\u00f4mes de conif\u00e8res fruit\u00e9s, de r\u00e9sine et de th\u00e9 musqu\u00e9.<\/p>\n","protected":false},"featured_media":139583,"comment_status":"open","ping_status":"closed","template":"","meta":[],"product_brand":[],"product_cat":[3754,6734,1507,1211,1209],"product_tag":[8678,21668],"class_list":{"0":"post-140183","1":"product","2":"type-product","3":"status-publish","4":"has-post-thumbnail","6":"product_cat-essences-absolues","7":"product_cat-essential-oils","8":"product_cat-plantes-huiles-essentielles-living-libations","9":"product_cat-living-libations-france","10":"product_cat-par-marques","11":"product_tag-absolute-fr","12":"product_tag-arome","13":"pa_brand-livinglibations-fr","14":"pa_essential-oils-product-type-absolute-essences-fr","15":"pa_essential-oils-product-type-essential-oils-fr","16":"pa_gtin-7424916549584-fr","17":"pa_size-2-5-ml-fr","19":"first","20":"instock","21":"taxable","22":"shipping-taxable","23":"purchasable","24":"product-type-simple"},"bundled_by":[],"bundle_stock_status":"instock","bundle_stock_quantity":1,"bundle_virtual":false,"bundle_layout":"","bundle_add_to_cart_form_location":"","bundle_editable_in_cart":false,"bundle_sold_individually_context":"","bundle_item_grouping":"","bundle_min_size":"","bundle_max_size":"","bundle_price":[],"bundled_items":[],"bundle_sell_ids":[],"atum_controlled":true,"out_stock_date":null,"out_stock_threshold":null,"inheritable":false,"stock_on_hold":1,"sold_today":0,"sales_last_days":0,"out_stock_days":0,"lost_sales":0,"update_date":"2026-04-13T10:14:37","atum_locations":[],"atum_stock_status":"instock","restock_status":false,"low_stock_amount":"","sales_update_date":"2026-04-13T10:14:37","calc_backorders":null,"group_of_quantity":0,"min_quantity":0,"max_quantity":"","exclude_order_quantity_value_rules":"no","exclude_category_quantity_rules":"no","combine_variations":"no","yoast_head":"<!-- This site is optimized with the Yoast SEO Premium plugin v26.5 (Yoast SEO v26.5) - https:\/\/yoast.com\/wordpress\/plugins\/seo\/ -->\n<title>Raspberry Leaf Absolute - Living Libations<\/title>\n<meta name=\"description\" content=\"Les mol\u00e9cules odorantes sont g\u00e9n\u00e9ralement appr\u00e9ci\u00e9es par inhalation pour transporter les \u00e9motions, l&#039;esprit, les souvenirs, la cr\u00e9ativit\u00e9, la concentration, l&#039;imagination et la m\u00e9ditation au-del\u00e0 des seuils s\u00e9culaires dans la mer des formes d&#039;ondes cosmiques.\" \/>\n<meta name=\"robots\" content=\"index, follow, max-snippet:-1, max-image-preview:large, max-video-preview:-1\" \/>\n<link rel=\"canonical\" href=\"https:\/\/dutchhealthstore.com\/fr\/product\/raspberry-leaf-absolute\/\" \/>\n<meta property=\"og:locale\" content=\"fr_FR\" \/>\n<meta property=\"og:type\" content=\"article\" \/>\n<meta property=\"og:title\" content=\"Raspberry Leaf Absolute - Dutch Health Store\" \/>\n<meta property=\"og:description\" content=\"Les mol\u00e9cules odorantes sont g\u00e9n\u00e9ralement appr\u00e9ci\u00e9es par inhalation pour transporter les \u00e9motions, l&#039;esprit, les souvenirs, la cr\u00e9ativit\u00e9, la concentration, l&#039;imagination et la m\u00e9ditation au-del\u00e0 des seuils s\u00e9culaires dans la mer des formes d&#039;ondes cosmiques.\" \/>\n<meta property=\"og:url\" content=\"https:\/\/dutchhealthstore.com\/fr\/product\/raspberry-leaf-absolute\/\" \/>\n<meta property=\"og:site_name\" content=\"Dutch Health Store\" \/>\n<meta property=\"article:publisher\" content=\"https:\/\/www.instagram.com\/dutchhealthstore\/\" \/>\n<meta property=\"article:modified_time\" content=\"2023-02-28T08:50:07+00:00\" \/>\n<meta property=\"og:image\" content=\"https:\/\/dutchhealthstore.com\/wp-content\/uploads\/2021\/01\/Living-Libations-Raspberry-Leaf-Aboslute.jpg\" \/>\n\t<meta property=\"og:image:width\" content=\"500\" \/>\n\t<meta property=\"og:image:height\" content=\"500\" \/>\n\t<meta property=\"og:image:type\" content=\"image\/jpeg\" \/>\n<meta name=\"twitter:card\" content=\"summary_large_image\" \/>\n<meta name=\"twitter:label1\" content=\"Prix\" \/>\n\t<meta name=\"twitter:data1\" content=\"&euro;29,00\" \/>\n\t<meta name=\"twitter:label2\" content=\"Disponibilit\u00e9\" \/>\n\t<meta name=\"twitter:data2\" content=\"En stock\" \/>\n<script type=\"application\/ld+json\" class=\"yoast-schema-graph\">{\"@context\":\"https:\/\/schema.org\",\"@graph\":[{\"@type\":\"WebPage\",\"@id\":\"https:\/\/dutchhealthstore.com\/fr\/product\/raspberry-leaf-absolute\/\",\"url\":\"https:\/\/dutchhealthstore.com\/fr\/product\/raspberry-leaf-absolute\/\",\"name\":\"Raspberry Leaf Absolute - Living Libations\",\"isPartOf\":{\"@id\":\"https:\/\/dutchhealthstore.com\/fr\/#website\"},\"primaryImageOfPage\":{\"@id\":\"https:\/\/dutchhealthstore.com\/fr\/product\/raspberry-leaf-absolute\/#primaryimage\"},\"image\":{\"@id\":\"https:\/\/dutchhealthstore.com\/fr\/product\/raspberry-leaf-absolute\/#primaryimage\"},\"thumbnailUrl\":\"https:\/\/dutchhealthstore.com\/wp-content\/uploads\/2021\/01\/Living-Libations-Raspberry-Leaf-Aboslute.jpg\",\"datePublished\":\"2021-01-19T07:40:42+00:00\",\"dateModified\":\"2023-02-28T08:50:07+00:00\",\"description\":\"Les mol\u00e9cules odorantes sont g\u00e9n\u00e9ralement appr\u00e9ci\u00e9es par inhalation pour transporter les \u00e9motions, l'esprit, les souvenirs, la cr\u00e9ativit\u00e9, la concentration, l'imagination et la m\u00e9ditation au-del\u00e0 des seuils s\u00e9culaires dans la mer des formes d'ondes cosmiques.\",\"breadcrumb\":{\"@id\":\"https:\/\/dutchhealthstore.com\/fr\/product\/raspberry-leaf-absolute\/#breadcrumb\"},\"inLanguage\":\"fr-FR\",\"potentialAction\":[{\"@type\":\"ReadAction\",\"target\":[\"https:\/\/dutchhealthstore.com\/fr\/product\/raspberry-leaf-absolute\/\"]}]},{\"@type\":\"ImageObject\",\"inLanguage\":\"fr-FR\",\"@id\":\"https:\/\/dutchhealthstore.com\/fr\/product\/raspberry-leaf-absolute\/#primaryimage\",\"url\":\"https:\/\/dutchhealthstore.com\/wp-content\/uploads\/2021\/01\/Living-Libations-Raspberry-Leaf-Aboslute.jpg\",\"contentUrl\":\"https:\/\/dutchhealthstore.com\/wp-content\/uploads\/2021\/01\/Living-Libations-Raspberry-Leaf-Aboslute.jpg\",\"width\":500,\"height\":500,\"caption\":\"Living Libations Raspberry Leaf Aboslute\"},{\"@type\":\"BreadcrumbList\",\"@id\":\"https:\/\/dutchhealthstore.com\/fr\/product\/raspberry-leaf-absolute\/#breadcrumb\",\"itemListElement\":[{\"@type\":\"ListItem\",\"position\":1,\"name\":\"Home\",\"item\":\"https:\/\/dutchhealthstore.com\/fr\/\"},{\"@type\":\"ListItem\",\"position\":2,\"name\":\"Shop\",\"item\":\"https:\/\/dutchhealthstore.com\/fr\/shop\/\"},{\"@type\":\"ListItem\",\"position\":3,\"name\":\"Raspberry Leaf Absolute\"}]},{\"@type\":\"WebSite\",\"@id\":\"https:\/\/dutchhealthstore.com\/fr\/#website\",\"url\":\"https:\/\/dutchhealthstore.com\/fr\/\",\"name\":\"Dutch Health Store\",\"description\":\"Enhance Your Beauty with Organic &amp; Natural Skincare\",\"publisher\":{\"@id\":\"https:\/\/dutchhealthstore.com\/fr\/#organization\"},\"potentialAction\":[{\"@type\":\"SearchAction\",\"target\":{\"@type\":\"EntryPoint\",\"urlTemplate\":\"https:\/\/dutchhealthstore.com\/fr\/?s={search_term_string}\"},\"query-input\":{\"@type\":\"PropertyValueSpecification\",\"valueRequired\":true,\"valueName\":\"search_term_string\"}}],\"inLanguage\":\"fr-FR\"},{\"@type\":\"Organization\",\"@id\":\"https:\/\/dutchhealthstore.com\/fr\/#organization\",\"name\":\"Dutch Health Store\",\"url\":\"https:\/\/dutchhealthstore.com\/fr\/\",\"logo\":{\"@type\":\"ImageObject\",\"inLanguage\":\"fr-FR\",\"@id\":\"https:\/\/dutchhealthstore.com\/fr\/#\/schema\/logo\/image\/\",\"url\":\"https:\/\/dutchhealthstore.com\/wp-content\/uploads\/2020\/08\/logo-dutchhealthstore-jpg-e1599484957574.jpg\",\"contentUrl\":\"https:\/\/dutchhealthstore.com\/wp-content\/uploads\/2020\/08\/logo-dutchhealthstore-jpg-e1599484957574.jpg\",\"width\":400,\"height\":62,\"caption\":\"Dutch Health Store\"},\"image\":{\"@id\":\"https:\/\/dutchhealthstore.com\/fr\/#\/schema\/logo\/image\/\"},\"sameAs\":[\"https:\/\/www.instagram.com\/dutchhealthstore\/\",\"https:\/\/www.facebook.com\/dutchhealthstore\"]}]}<\/script>\n<meta property=\"product:brand\" content=\"Living Libations\" \/>\n<meta property=\"product:price:amount\" content=\"29.00\" \/>\n<meta property=\"product:price:currency\" content=\"EUR\" \/>\n<meta property=\"og:availability\" content=\"instock\" \/>\n<meta property=\"product:availability\" content=\"instock\" \/>\n<meta property=\"product:condition\" content=\"new\" \/>\n<!-- \/ Yoast SEO Premium plugin. -->","yoast_head_json":{"title":"Raspberry Leaf Absolute - Living Libations","description":"Les mol\u00e9cules odorantes sont g\u00e9n\u00e9ralement appr\u00e9ci\u00e9es par inhalation pour transporter les \u00e9motions, l'esprit, les souvenirs, la cr\u00e9ativit\u00e9, la concentration, l'imagination et la m\u00e9ditation au-del\u00e0 des seuils s\u00e9culaires dans la mer des formes d'ondes cosmiques.","robots":{"index":"index","follow":"follow","max-snippet":"max-snippet:-1","max-image-preview":"max-image-preview:large","max-video-preview":"max-video-preview:-1"},"canonical":"https:\/\/dutchhealthstore.com\/fr\/product\/raspberry-leaf-absolute\/","og_locale":"fr_FR","og_type":"article","og_title":"Raspberry Leaf Absolute - Dutch Health Store","og_description":"Les mol\u00e9cules odorantes sont g\u00e9n\u00e9ralement appr\u00e9ci\u00e9es par inhalation pour transporter les \u00e9motions, l'esprit, les souvenirs, la cr\u00e9ativit\u00e9, la concentration, l'imagination et la m\u00e9ditation au-del\u00e0 des seuils s\u00e9culaires dans la mer des formes d'ondes cosmiques.","og_url":"https:\/\/dutchhealthstore.com\/fr\/product\/raspberry-leaf-absolute\/","og_site_name":"Dutch Health Store","article_publisher":"https:\/\/www.instagram.com\/dutchhealthstore\/","article_modified_time":"2023-02-28T08:50:07+00:00","og_image":[{"width":500,"height":500,"url":"https:\/\/dutchhealthstore.com\/wp-content\/uploads\/2021\/01\/Living-Libations-Raspberry-Leaf-Aboslute.jpg","type":"image\/jpeg"}],"twitter_card":"summary_large_image","twitter_misc":{"Prix":"&euro;29,00","Disponibilit\u00e9":"En stock"},"schema":{"@context":"https:\/\/schema.org","@graph":[{"@type":"WebPage","@id":"https:\/\/dutchhealthstore.com\/fr\/product\/raspberry-leaf-absolute\/","url":"https:\/\/dutchhealthstore.com\/fr\/product\/raspberry-leaf-absolute\/","name":"Raspberry Leaf Absolute - Living Libations","isPartOf":{"@id":"https:\/\/dutchhealthstore.com\/fr\/#website"},"primaryImageOfPage":{"@id":"https:\/\/dutchhealthstore.com\/fr\/product\/raspberry-leaf-absolute\/#primaryimage"},"image":{"@id":"https:\/\/dutchhealthstore.com\/fr\/product\/raspberry-leaf-absolute\/#primaryimage"},"thumbnailUrl":"https:\/\/dutchhealthstore.com\/wp-content\/uploads\/2021\/01\/Living-Libations-Raspberry-Leaf-Aboslute.jpg","datePublished":"2021-01-19T07:40:42+00:00","dateModified":"2023-02-28T08:50:07+00:00","description":"Les mol\u00e9cules odorantes sont g\u00e9n\u00e9ralement appr\u00e9ci\u00e9es par inhalation pour transporter les \u00e9motions, l'esprit, les souvenirs, la cr\u00e9ativit\u00e9, la concentration, l'imagination et la m\u00e9ditation au-del\u00e0 des seuils s\u00e9culaires dans la mer des formes d'ondes cosmiques.","breadcrumb":{"@id":"https:\/\/dutchhealthstore.com\/fr\/product\/raspberry-leaf-absolute\/#breadcrumb"},"inLanguage":"fr-FR","potentialAction":[{"@type":"ReadAction","target":["https:\/\/dutchhealthstore.com\/fr\/product\/raspberry-leaf-absolute\/"]}]},{"@type":"ImageObject","inLanguage":"fr-FR","@id":"https:\/\/dutchhealthstore.com\/fr\/product\/raspberry-leaf-absolute\/#primaryimage","url":"https:\/\/dutchhealthstore.com\/wp-content\/uploads\/2021\/01\/Living-Libations-Raspberry-Leaf-Aboslute.jpg","contentUrl":"https:\/\/dutchhealthstore.com\/wp-content\/uploads\/2021\/01\/Living-Libations-Raspberry-Leaf-Aboslute.jpg","width":500,"height":500,"caption":"Living Libations Raspberry Leaf Aboslute"},{"@type":"BreadcrumbList","@id":"https:\/\/dutchhealthstore.com\/fr\/product\/raspberry-leaf-absolute\/#breadcrumb","itemListElement":[{"@type":"ListItem","position":1,"name":"Home","item":"https:\/\/dutchhealthstore.com\/fr\/"},{"@type":"ListItem","position":2,"name":"Shop","item":"https:\/\/dutchhealthstore.com\/fr\/shop\/"},{"@type":"ListItem","position":3,"name":"Raspberry Leaf Absolute"}]},{"@type":"WebSite","@id":"https:\/\/dutchhealthstore.com\/fr\/#website","url":"https:\/\/dutchhealthstore.com\/fr\/","name":"Dutch Health Store","description":"Enhance Your Beauty with Organic &amp; Natural Skincare","publisher":{"@id":"https:\/\/dutchhealthstore.com\/fr\/#organization"},"potentialAction":[{"@type":"SearchAction","target":{"@type":"EntryPoint","urlTemplate":"https:\/\/dutchhealthstore.com\/fr\/?s={search_term_string}"},"query-input":{"@type":"PropertyValueSpecification","valueRequired":true,"valueName":"search_term_string"}}],"inLanguage":"fr-FR"},{"@type":"Organization","@id":"https:\/\/dutchhealthstore.com\/fr\/#organization","name":"Dutch Health Store","url":"https:\/\/dutchhealthstore.com\/fr\/","logo":{"@type":"ImageObject","inLanguage":"fr-FR","@id":"https:\/\/dutchhealthstore.com\/fr\/#\/schema\/logo\/image\/","url":"https:\/\/dutchhealthstore.com\/wp-content\/uploads\/2020\/08\/logo-dutchhealthstore-jpg-e1599484957574.jpg","contentUrl":"https:\/\/dutchhealthstore.com\/wp-content\/uploads\/2020\/08\/logo-dutchhealthstore-jpg-e1599484957574.jpg","width":400,"height":62,"caption":"Dutch Health Store"},"image":{"@id":"https:\/\/dutchhealthstore.com\/fr\/#\/schema\/logo\/image\/"},"sameAs":["https:\/\/www.instagram.com\/dutchhealthstore\/","https:\/\/www.facebook.com\/dutchhealthstore"]}]},"product_brand":"Living Libations","product_price_amount":"29.00","product_price_currency":"EUR","og_availability":"instock","product_availability":"instock","product_condition":"new"},"_links":{"self":[{"href":"https:\/\/dutchhealthstore.com\/fr\/wp-json\/wp\/v2\/product\/140183","targetHints":{"allow":["GET"]}}],"collection":[{"href":"https:\/\/dutchhealthstore.com\/fr\/wp-json\/wp\/v2\/product"}],"about":[{"href":"https:\/\/dutchhealthstore.com\/fr\/wp-json\/wp\/v2\/types\/product"}],"replies":[{"embeddable":true,"href":"https:\/\/dutchhealthstore.com\/fr\/wp-json\/wp\/v2\/comments?post=140183"}],"wp:featuredmedia":[{"embeddable":true,"href":"https:\/\/dutchhealthstore.com\/fr\/wp-json\/wp\/v2\/media\/139583"}],"wp:attachment":[{"href":"https:\/\/dutchhealthstore.com\/fr\/wp-json\/wp\/v2\/media?parent=140183"}],"wp:term":[{"taxonomy":"product_brand","embeddable":true,"href":"https:\/\/dutchhealthstore.com\/fr\/wp-json\/wp\/v2\/product_brand?post=140183"},{"taxonomy":"product_cat","embeddable":true,"href":"https:\/\/dutchhealthstore.com\/fr\/wp-json\/wp\/v2\/product_cat?post=140183"},{"taxonomy":"product_tag","embeddable":true,"href":"https:\/\/dutchhealthstore.com\/fr\/wp-json\/wp\/v2\/product_tag?post=140183"}],"curies":[{"name":"wp","href":"https:\/\/api.w.org\/{rel}","templated":true}]}}