{"id":140176,"date":"2021-01-19T08:06:04","date_gmt":"2021-01-19T07:06:04","guid":{"rendered":"https:\/\/dutchhealthstore.com\/product\/opopanax-essential-oil\/"},"modified":"2024-12-19T15:56:34","modified_gmt":"2024-12-19T14:56:34","slug":"opopanax-essential-oil","status":"publish","type":"product","link":"https:\/\/dutchhealthstore.com\/fr\/product\/opopanax-essential-oil\/","title":{"rendered":"Opopanax Essential Oil"},"content":{"rendered":"<p><strong><a href=\"https:\/\/dutchhealthstore.com\/wp-content\/uploads\/2019\/08\/NEW-Living-Libations-Logo.jpg\"><img decoding=\"async\" class=\"size-full wp-image-69549 alignright\" src=\"https:\/\/dutchhealthstore.com\/wp-content\/uploads\/2019\/08\/NEW-Living-Libations-Logo.jpg\" alt=\"NEW - Living Libations - Logo\" width=\"175\" height=\"82\"><\/a>Nom botanique :<\/strong> Commiphora erythraea<br \/>\n<strong>Famille botanique<\/strong> : Burseraceae<br \/>\n<strong>M\u00e9thode d&rsquo;extraction <\/strong>: Hydro distill\u00e9<br \/>\n<strong>Partie de la plante distill\u00e9e<\/strong> : R\u00e9sine<br \/>\n<strong>Pays d&rsquo;origine <\/strong>: Kenya<br \/>\n<strong>M\u00e9thode de culture <\/strong>: Organique<br \/>\n<strong>Composition <\/strong>: 100 % Commiphora erythraea<br \/>\n<strong>Consistance <\/strong>: Viscosit\u00e9 \u00e9paisse et de couleur ambre. Comme l&rsquo;essentiel de myrrhe, il s&rsquo;\u00e9paissit en une masse plus collante lorsqu&rsquo;il est expos\u00e9 \u00e0 l&rsquo;air.<\/p>\n<h3>Description de l&rsquo;odeur<\/h3>\n<p>Subtilement bois\u00e9. Terreux et musqu\u00e9 avec une l\u00e9g\u00e8re douceur. R\u00e9sineux et coriace.<\/p>\n<h3>Se marie bien avec<\/h3>\n<p>Bergamote, N\u00e9roli, Petitgrain, et tous les agrumes. Benjoin, cypr\u00e8s, sauge sclar\u00e9e, mousse de ch\u00eane, sauge, nard, marjolaine, buisson de lapin, patchouli, v\u00e9tiver, g\u00e9ranium et palmarosa.<\/p>\n<h3>Utilisations<\/h3>\n<p>Magique dans les huiles de massage. Fixateur pour les cr\u00e9ations florales et les eaux de Cologne. Fantastique dans les tuyaux de sel. L&rsquo;esprit en m\u00e9diation. Diffusez pour rehausser votre environnement. Nettoyant, adoucissant et apaisant pour la peau. Essence \u00e9nerg\u00e9tiquement connect\u00e9e, intrins\u00e8quement spirituelle, encourageant la confiance et lib\u00e9rant l&rsquo;ego. Appliqu\u00e9e par voie topique, l&rsquo;essence est superbement nettoyante et apaisante pour les probl\u00e8mes et accidents de peau. Il aide \u00e0 lisser les cicatrices, \u00e0 r\u00e9duire les poches et \u00e0 d\u00e9samorcer l&rsquo;inconfort.<\/p>\n<h3>Composition<\/h3>\n<p>75% de trans-b\u00eata-ocim\u00e8ne et de trans-alpha-bisabol\u00e8ne.<\/p>\n<h3>Contre-indication<\/h3>\n<p>Diluer pour utiliser. Les peaux sensibles doivent faire l&rsquo;objet d&rsquo;un test \u00e9picutan\u00e9 avant utilisation.<\/p>\n<p>L&rsquo;opopanax appartient \u00e0 la m\u00eame famille r\u00e9sineuse que l&rsquo;encens et la myrrhe, et comme ces cadeaux royaux, il \u00e9tait traditionnellement utilis\u00e9 en m\u00e9decine et dans les rituels sacr\u00e9s dans les cultures du d\u00e9sert, sous le nom de Bdellium parfum\u00e9. Cet arbre sublime, \u00e0 l&rsquo;\u00e9corce argent\u00e9e et \u00e9caill\u00e9e, aux tiges succulentes et aux feuilles robustes, prosp\u00e8re dans les climats africains secs, poussant sur des sols rocheux dess\u00e9ch\u00e9s.<\/p>\n<p>Fantastique comme fixateur, cette r\u00e9sine rougeoyante a \u00e9t\u00e9 popularis\u00e9e dans les parfums ambr\u00e9s de Shalimar et d&rsquo;Opium. M\u00e9langez les parfums au goutte \u00e0 goutte, car il faut un discernement d\u00e9licieux pour faire ressortir la somme exacte des notes de balsamique et de brandy.<\/p>\n<p><strong>Taille : 5 ml et 15 ml<\/strong><\/p>\n<h3>Ingr\u00e9dients biologiques<\/h3>\n<p>100% d&rsquo;huile essentielle d&rsquo;opopanax (Commiphora erythraea).<\/p>\n<p style=\"text-align: center;\"><em>\u00ab\u00a0S&rsquo;il y a peu de diff\u00e9rence d&rsquo;odeur entre la myrrhe et l&rsquo;Opopanax, l&rsquo;odeur de soupe v\u00e9g\u00e9tale l\u00e9g\u00e8rement animale et sucr\u00e9e de l&rsquo;huile d&rsquo;Opopanax est totalement diff\u00e9rente de la fra\u00eecheur m\u00e9dicinale et tranchante de l&rsquo;huile de myrrhe.\u00a0\u00bb<\/em><br \/>\n~ Steffen Arctander, <strong>Perfume and Flavor Materials of Natural Origin<\/strong><\/p>\n<p style=\"text-align: center;\"><em>\u00ab\u00a0L&rsquo;opopanax est consid\u00e9r\u00e9 par certaines autorit\u00e9s comme la myrrhe de la Bible. Elle provient de la myrrhe de Bissabol, ou arbre \u00e0 myrrhe femelle, qui pousse au Somaliland et au sud-est de l&rsquo;Arabie, ainsi qu&rsquo;au nord de l&rsquo;Iran. La r\u00e9sine se forme en petites larmes sph\u00e9riques, brillantes et fragiles.\u00a0\u00bb<\/em><br \/>\n~ Jill Jesse, <strong>Perfume Album<\/strong><\/p>\n<p style=\"text-align: center;\"><em>And suddenly, my soul lay bare,<\/em><br \/>\n<em>In that quaint, seaside city, where<\/em><br \/>\n<em>The fragrance fills the evening air.<\/em><br \/>\n<em>O Memory, an unspoken prayer<\/em><br \/>\n<em>Finds voiceless utterance, musky, rare,<\/em><br \/>\n<em>In odors of Opopanax!<\/em><br \/>\n~ Rebecca Linley Fripp, <strong>Odors of Opopanax<\/strong><\/p>\n<p style=\"text-align: center;\"><em>\u00ab\u00a0L&rsquo;opopanax poss\u00e8de une odeur intens\u00e9ment douce, balsamique, \u00e9pic\u00e9e, chaude, mais fra\u00eeche, rappelant quelque peu un verre de vin de x\u00e9r\u00e8s vid\u00e9.\u00a0\u00bb<\/em><br \/>\n~ Steffen Arctander<\/p>\n<p><a href=\"https:\/\/dutchhealthstore.com\/wp-content\/uploads\/2018\/02\/Living-Libations-Organic-Logo-800x89.png\"><img fetchpriority=\"high\" decoding=\"async\" class=\"size-medium wp-image-68103 aligncenter\" src=\"https:\/\/dutchhealthstore.com\/wp-content\/uploads\/2018\/02\/Living-Libations-Organic-Logo-800x89.png\" alt=\"Living Libations - Organic Logo\" width=\"800\" height=\"89\" srcset=\"https:\/\/dutchhealthstore.com\/wp-content\/uploads\/2018\/02\/Living-Libations-Organic-Logo-800x89.png 800w, https:\/\/dutchhealthstore.com\/wp-content\/uploads\/2018\/02\/Living-Libations-Organic-Logo-510x57.png 510w, https:\/\/dutchhealthstore.com\/wp-content\/uploads\/2018\/02\/Living-Libations-Organic-Logo-768x85.png 768w, https:\/\/dutchhealthstore.com\/wp-content\/uploads\/2018\/02\/Living-Libations-Organic-Logo.png 1400w\" sizes=\"(max-width: 800px) 100vw, 800px\" \/><\/a><\/p>\n","protected":false},"excerpt":{"rendered":"<p>Opopanax Essential Oil opulente est distill\u00e9e \u00e0 la vapeur d&rsquo;eau \u00e0 partir de la r\u00e9sine gommeuse s\u00e9ch\u00e9e de l&rsquo;arbre Bissabol, qui est richement rouge et d\u00e9gage un ar\u00f4me robuste, doux comme le caramel et le cuir. Cette r\u00e9sine distill\u00e9e est parfaite en parfumerie comme note de base balsamique pour les parfums ambr\u00e9s l\u00e9gers, les eaux de Cologne cuir\u00e9es et les fleurs musqu\u00e9es. Dans la m\u00e9ditation et l&rsquo;aromath\u00e9rapie, il s&rsquo;agit d&rsquo;une essence de connexion \u00e9nerg\u00e9tique, intrins\u00e8quement mystique, qui encourage l&rsquo;expansion dans l&rsquo;univers et lib\u00e8re les r\u00e9sistances. Une seule bouff\u00e9e peut calmer les nerfs et centrer l&rsquo;esprit pour se sentir align\u00e9.<\/p>\n","protected":false},"featured_media":139589,"comment_status":"open","ping_status":"closed","template":"","meta":[],"product_brand":[],"product_cat":[6734,1507,1211,1209,3757,1010,6733],"product_tag":[4495],"class_list":{"0":"post-140176","1":"product","2":"type-product","3":"status-publish","4":"has-post-thumbnail","6":"product_cat-essential-oils","7":"product_cat-plantes-huiles-essentielles-living-libations","8":"product_cat-living-libations-france","9":"product_cat-par-marques","10":"product_cat-plantes-huiles-essentielles","11":"product_cat-notre-boutique","12":"product_cat-wellness-fr-2","13":"product_tag-essential-oil-fr","14":"pa_brand-livinglibations-fr","15":"pa_essential-oils-product-type-essential-oils-fr","16":"pa_size-15-ml-fr","17":"pa_size-5-ml-fr","19":"first","20":"instock","21":"taxable","22":"shipping-taxable","23":"purchasable","24":"product-type-variable"},"bundled_by":[],"bundle_stock_status":"instock","bundle_stock_quantity":null,"bundle_virtual":false,"bundle_layout":"","bundle_add_to_cart_form_location":"","bundle_editable_in_cart":false,"bundle_sold_individually_context":"","bundle_item_grouping":"","bundle_min_size":"","bundle_max_size":"","bundle_price":[],"bundled_items":[],"bundle_sell_ids":[],"atum_controlled":true,"out_stock_date":null,"out_stock_threshold":null,"inheritable":true,"stock_on_hold":0,"sold_today":0,"sales_last_days":0,"out_stock_days":0,"lost_sales":0,"update_date":"2026-04-13T00:02:37","atum_locations":[],"atum_stock_status":"instock","restock_status":false,"low_stock_amount":"","sales_update_date":"2026-04-13T00:02:37","calc_backorders":null,"group_of_quantity":0,"min_quantity":0,"max_quantity":"","exclude_order_quantity_value_rules":"no","exclude_category_quantity_rules":"no","combine_variations":"no","yoast_head":"<!-- This site is optimized with the Yoast SEO Premium plugin v26.5 (Yoast SEO v26.5) - https:\/\/yoast.com\/wordpress\/plugins\/seo\/ -->\n<title>Opopanax Essential Oil - Living Libations<\/title>\n<meta name=\"description\" content=\"Cette r\u00e9sine distill\u00e9e est parfaite en parfumerie comme note de base balsamique pour les parfums ambr\u00e9s l\u00e9gers, les eaux de Cologne cuir\u00e9es et les fleurs musqu\u00e9es. Dans la m\u00e9ditation et l&#039;aromath\u00e9rapie, il s&#039;agit d&#039;une essence de connexion \u00e9nerg\u00e9tique, intrins\u00e8quement mystique, qui encourage l&#039;expansion dans l&#039;univers et lib\u00e8re les r\u00e9sistances.\" \/>\n<meta name=\"robots\" content=\"index, follow, max-snippet:-1, max-image-preview:large, max-video-preview:-1\" \/>\n<link rel=\"canonical\" href=\"https:\/\/dutchhealthstore.com\/fr\/product\/opopanax-essential-oil\/\" \/>\n<meta property=\"og:locale\" content=\"fr_FR\" \/>\n<meta property=\"og:type\" content=\"article\" \/>\n<meta property=\"og:title\" content=\"Opopanax Essential Oil - Dutch Health Store\" \/>\n<meta property=\"og:description\" content=\"Cette r\u00e9sine distill\u00e9e est parfaite en parfumerie comme note de base balsamique pour les parfums ambr\u00e9s l\u00e9gers, les eaux de Cologne cuir\u00e9es et les fleurs musqu\u00e9es. Dans la m\u00e9ditation et l&#039;aromath\u00e9rapie, il s&#039;agit d&#039;une essence de connexion \u00e9nerg\u00e9tique, intrins\u00e8quement mystique, qui encourage l&#039;expansion dans l&#039;univers et lib\u00e8re les r\u00e9sistances.\" \/>\n<meta property=\"og:url\" content=\"https:\/\/dutchhealthstore.com\/fr\/product\/opopanax-essential-oil\/\" \/>\n<meta property=\"og:site_name\" content=\"Dutch Health Store\" \/>\n<meta property=\"article:publisher\" content=\"https:\/\/www.instagram.com\/dutchhealthstore\/\" \/>\n<meta property=\"article:modified_time\" content=\"2024-12-19T14:56:34+00:00\" \/>\n<meta property=\"og:image\" content=\"https:\/\/dutchhealthstore.com\/wp-content\/uploads\/2021\/01\/living-libations-opopanax-essential-oil.jpg\" \/>\n\t<meta property=\"og:image:width\" content=\"500\" \/>\n\t<meta property=\"og:image:height\" content=\"500\" \/>\n\t<meta property=\"og:image:type\" content=\"image\/jpeg\" \/>\n<meta name=\"twitter:card\" content=\"summary_large_image\" \/>\n<meta name=\"twitter:label1\" content=\"Disponibilit\u00e9\" \/>\n\t<meta name=\"twitter:data1\" content=\"En stock\" \/>\n<script type=\"application\/ld+json\" class=\"yoast-schema-graph\">{\"@context\":\"https:\/\/schema.org\",\"@graph\":[{\"@type\":\"WebPage\",\"@id\":\"https:\/\/dutchhealthstore.com\/fr\/product\/opopanax-essential-oil\/\",\"url\":\"https:\/\/dutchhealthstore.com\/fr\/product\/opopanax-essential-oil\/\",\"name\":\"Opopanax Essential Oil - Living Libations\",\"isPartOf\":{\"@id\":\"https:\/\/dutchhealthstore.com\/fr\/#website\"},\"primaryImageOfPage\":{\"@id\":\"https:\/\/dutchhealthstore.com\/fr\/product\/opopanax-essential-oil\/#primaryimage\"},\"image\":{\"@id\":\"https:\/\/dutchhealthstore.com\/fr\/product\/opopanax-essential-oil\/#primaryimage\"},\"thumbnailUrl\":\"https:\/\/dutchhealthstore.com\/wp-content\/uploads\/2021\/01\/living-libations-opopanax-essential-oil.jpg\",\"datePublished\":\"2021-01-19T07:06:04+00:00\",\"dateModified\":\"2024-12-19T14:56:34+00:00\",\"description\":\"Cette r\u00e9sine distill\u00e9e est parfaite en parfumerie comme note de base balsamique pour les parfums ambr\u00e9s l\u00e9gers, les eaux de Cologne cuir\u00e9es et les fleurs musqu\u00e9es. Dans la m\u00e9ditation et l'aromath\u00e9rapie, il s'agit d'une essence de connexion \u00e9nerg\u00e9tique, intrins\u00e8quement mystique, qui encourage l'expansion dans l'univers et lib\u00e8re les r\u00e9sistances.\",\"breadcrumb\":{\"@id\":\"https:\/\/dutchhealthstore.com\/fr\/product\/opopanax-essential-oil\/#breadcrumb\"},\"inLanguage\":\"fr-FR\",\"potentialAction\":[{\"@type\":\"ReadAction\",\"target\":[\"https:\/\/dutchhealthstore.com\/fr\/product\/opopanax-essential-oil\/\"]}]},{\"@type\":\"ImageObject\",\"inLanguage\":\"fr-FR\",\"@id\":\"https:\/\/dutchhealthstore.com\/fr\/product\/opopanax-essential-oil\/#primaryimage\",\"url\":\"https:\/\/dutchhealthstore.com\/wp-content\/uploads\/2021\/01\/living-libations-opopanax-essential-oil.jpg\",\"contentUrl\":\"https:\/\/dutchhealthstore.com\/wp-content\/uploads\/2021\/01\/living-libations-opopanax-essential-oil.jpg\",\"width\":500,\"height\":500,\"caption\":\"living libations opopanax essential oil\"},{\"@type\":\"BreadcrumbList\",\"@id\":\"https:\/\/dutchhealthstore.com\/fr\/product\/opopanax-essential-oil\/#breadcrumb\",\"itemListElement\":[{\"@type\":\"ListItem\",\"position\":1,\"name\":\"Home\",\"item\":\"https:\/\/dutchhealthstore.com\/fr\/\"},{\"@type\":\"ListItem\",\"position\":2,\"name\":\"Shop\",\"item\":\"https:\/\/dutchhealthstore.com\/fr\/shop\/\"},{\"@type\":\"ListItem\",\"position\":3,\"name\":\"Opopanax Essential Oil\"}]},{\"@type\":\"WebSite\",\"@id\":\"https:\/\/dutchhealthstore.com\/fr\/#website\",\"url\":\"https:\/\/dutchhealthstore.com\/fr\/\",\"name\":\"Dutch Health Store\",\"description\":\"Enhance Your Beauty with Organic &amp; Natural Skincare\",\"publisher\":{\"@id\":\"https:\/\/dutchhealthstore.com\/fr\/#organization\"},\"potentialAction\":[{\"@type\":\"SearchAction\",\"target\":{\"@type\":\"EntryPoint\",\"urlTemplate\":\"https:\/\/dutchhealthstore.com\/fr\/?s={search_term_string}\"},\"query-input\":{\"@type\":\"PropertyValueSpecification\",\"valueRequired\":true,\"valueName\":\"search_term_string\"}}],\"inLanguage\":\"fr-FR\"},{\"@type\":\"Organization\",\"@id\":\"https:\/\/dutchhealthstore.com\/fr\/#organization\",\"name\":\"Dutch Health Store\",\"url\":\"https:\/\/dutchhealthstore.com\/fr\/\",\"logo\":{\"@type\":\"ImageObject\",\"inLanguage\":\"fr-FR\",\"@id\":\"https:\/\/dutchhealthstore.com\/fr\/#\/schema\/logo\/image\/\",\"url\":\"https:\/\/dutchhealthstore.com\/wp-content\/uploads\/2020\/08\/logo-dutchhealthstore-jpg-e1599484957574.jpg\",\"contentUrl\":\"https:\/\/dutchhealthstore.com\/wp-content\/uploads\/2020\/08\/logo-dutchhealthstore-jpg-e1599484957574.jpg\",\"width\":400,\"height\":62,\"caption\":\"Dutch Health Store\"},\"image\":{\"@id\":\"https:\/\/dutchhealthstore.com\/fr\/#\/schema\/logo\/image\/\"},\"sameAs\":[\"https:\/\/www.instagram.com\/dutchhealthstore\/\",\"https:\/\/www.facebook.com\/dutchhealthstore\"]}]}<\/script>\n<meta property=\"product:brand\" content=\"Living Libations\" \/>\n<meta property=\"og:availability\" content=\"instock\" \/>\n<meta property=\"product:availability\" content=\"instock\" \/>\n<meta property=\"product:condition\" content=\"new\" \/>\n<!-- \/ Yoast SEO Premium plugin. -->","yoast_head_json":{"title":"Opopanax Essential Oil - Living Libations","description":"Cette r\u00e9sine distill\u00e9e est parfaite en parfumerie comme note de base balsamique pour les parfums ambr\u00e9s l\u00e9gers, les eaux de Cologne cuir\u00e9es et les fleurs musqu\u00e9es. Dans la m\u00e9ditation et l'aromath\u00e9rapie, il s'agit d'une essence de connexion \u00e9nerg\u00e9tique, intrins\u00e8quement mystique, qui encourage l'expansion dans l'univers et lib\u00e8re les r\u00e9sistances.","robots":{"index":"index","follow":"follow","max-snippet":"max-snippet:-1","max-image-preview":"max-image-preview:large","max-video-preview":"max-video-preview:-1"},"canonical":"https:\/\/dutchhealthstore.com\/fr\/product\/opopanax-essential-oil\/","og_locale":"fr_FR","og_type":"article","og_title":"Opopanax Essential Oil - Dutch Health Store","og_description":"Cette r\u00e9sine distill\u00e9e est parfaite en parfumerie comme note de base balsamique pour les parfums ambr\u00e9s l\u00e9gers, les eaux de Cologne cuir\u00e9es et les fleurs musqu\u00e9es. Dans la m\u00e9ditation et l'aromath\u00e9rapie, il s'agit d'une essence de connexion \u00e9nerg\u00e9tique, intrins\u00e8quement mystique, qui encourage l'expansion dans l'univers et lib\u00e8re les r\u00e9sistances.","og_url":"https:\/\/dutchhealthstore.com\/fr\/product\/opopanax-essential-oil\/","og_site_name":"Dutch Health Store","article_publisher":"https:\/\/www.instagram.com\/dutchhealthstore\/","article_modified_time":"2024-12-19T14:56:34+00:00","og_image":[{"width":500,"height":500,"url":"https:\/\/dutchhealthstore.com\/wp-content\/uploads\/2021\/01\/living-libations-opopanax-essential-oil.jpg","type":"image\/jpeg"}],"twitter_card":"summary_large_image","twitter_misc":{"Disponibilit\u00e9":"En stock"},"schema":{"@context":"https:\/\/schema.org","@graph":[{"@type":"WebPage","@id":"https:\/\/dutchhealthstore.com\/fr\/product\/opopanax-essential-oil\/","url":"https:\/\/dutchhealthstore.com\/fr\/product\/opopanax-essential-oil\/","name":"Opopanax Essential Oil - Living Libations","isPartOf":{"@id":"https:\/\/dutchhealthstore.com\/fr\/#website"},"primaryImageOfPage":{"@id":"https:\/\/dutchhealthstore.com\/fr\/product\/opopanax-essential-oil\/#primaryimage"},"image":{"@id":"https:\/\/dutchhealthstore.com\/fr\/product\/opopanax-essential-oil\/#primaryimage"},"thumbnailUrl":"https:\/\/dutchhealthstore.com\/wp-content\/uploads\/2021\/01\/living-libations-opopanax-essential-oil.jpg","datePublished":"2021-01-19T07:06:04+00:00","dateModified":"2024-12-19T14:56:34+00:00","description":"Cette r\u00e9sine distill\u00e9e est parfaite en parfumerie comme note de base balsamique pour les parfums ambr\u00e9s l\u00e9gers, les eaux de Cologne cuir\u00e9es et les fleurs musqu\u00e9es. Dans la m\u00e9ditation et l'aromath\u00e9rapie, il s'agit d'une essence de connexion \u00e9nerg\u00e9tique, intrins\u00e8quement mystique, qui encourage l'expansion dans l'univers et lib\u00e8re les r\u00e9sistances.","breadcrumb":{"@id":"https:\/\/dutchhealthstore.com\/fr\/product\/opopanax-essential-oil\/#breadcrumb"},"inLanguage":"fr-FR","potentialAction":[{"@type":"ReadAction","target":["https:\/\/dutchhealthstore.com\/fr\/product\/opopanax-essential-oil\/"]}]},{"@type":"ImageObject","inLanguage":"fr-FR","@id":"https:\/\/dutchhealthstore.com\/fr\/product\/opopanax-essential-oil\/#primaryimage","url":"https:\/\/dutchhealthstore.com\/wp-content\/uploads\/2021\/01\/living-libations-opopanax-essential-oil.jpg","contentUrl":"https:\/\/dutchhealthstore.com\/wp-content\/uploads\/2021\/01\/living-libations-opopanax-essential-oil.jpg","width":500,"height":500,"caption":"living libations opopanax essential oil"},{"@type":"BreadcrumbList","@id":"https:\/\/dutchhealthstore.com\/fr\/product\/opopanax-essential-oil\/#breadcrumb","itemListElement":[{"@type":"ListItem","position":1,"name":"Home","item":"https:\/\/dutchhealthstore.com\/fr\/"},{"@type":"ListItem","position":2,"name":"Shop","item":"https:\/\/dutchhealthstore.com\/fr\/shop\/"},{"@type":"ListItem","position":3,"name":"Opopanax Essential Oil"}]},{"@type":"WebSite","@id":"https:\/\/dutchhealthstore.com\/fr\/#website","url":"https:\/\/dutchhealthstore.com\/fr\/","name":"Dutch Health Store","description":"Enhance Your Beauty with Organic &amp; Natural Skincare","publisher":{"@id":"https:\/\/dutchhealthstore.com\/fr\/#organization"},"potentialAction":[{"@type":"SearchAction","target":{"@type":"EntryPoint","urlTemplate":"https:\/\/dutchhealthstore.com\/fr\/?s={search_term_string}"},"query-input":{"@type":"PropertyValueSpecification","valueRequired":true,"valueName":"search_term_string"}}],"inLanguage":"fr-FR"},{"@type":"Organization","@id":"https:\/\/dutchhealthstore.com\/fr\/#organization","name":"Dutch Health Store","url":"https:\/\/dutchhealthstore.com\/fr\/","logo":{"@type":"ImageObject","inLanguage":"fr-FR","@id":"https:\/\/dutchhealthstore.com\/fr\/#\/schema\/logo\/image\/","url":"https:\/\/dutchhealthstore.com\/wp-content\/uploads\/2020\/08\/logo-dutchhealthstore-jpg-e1599484957574.jpg","contentUrl":"https:\/\/dutchhealthstore.com\/wp-content\/uploads\/2020\/08\/logo-dutchhealthstore-jpg-e1599484957574.jpg","width":400,"height":62,"caption":"Dutch Health Store"},"image":{"@id":"https:\/\/dutchhealthstore.com\/fr\/#\/schema\/logo\/image\/"},"sameAs":["https:\/\/www.instagram.com\/dutchhealthstore\/","https:\/\/www.facebook.com\/dutchhealthstore"]}]},"product_brand":"Living Libations","og_availability":"instock","product_availability":"instock","product_condition":"new"},"_links":{"self":[{"href":"https:\/\/dutchhealthstore.com\/fr\/wp-json\/wp\/v2\/product\/140176","targetHints":{"allow":["GET"]}}],"collection":[{"href":"https:\/\/dutchhealthstore.com\/fr\/wp-json\/wp\/v2\/product"}],"about":[{"href":"https:\/\/dutchhealthstore.com\/fr\/wp-json\/wp\/v2\/types\/product"}],"replies":[{"embeddable":true,"href":"https:\/\/dutchhealthstore.com\/fr\/wp-json\/wp\/v2\/comments?post=140176"}],"wp:featuredmedia":[{"embeddable":true,"href":"https:\/\/dutchhealthstore.com\/fr\/wp-json\/wp\/v2\/media\/139589"}],"wp:attachment":[{"href":"https:\/\/dutchhealthstore.com\/fr\/wp-json\/wp\/v2\/media?parent=140176"}],"wp:term":[{"taxonomy":"product_brand","embeddable":true,"href":"https:\/\/dutchhealthstore.com\/fr\/wp-json\/wp\/v2\/product_brand?post=140176"},{"taxonomy":"product_cat","embeddable":true,"href":"https:\/\/dutchhealthstore.com\/fr\/wp-json\/wp\/v2\/product_cat?post=140176"},{"taxonomy":"product_tag","embeddable":true,"href":"https:\/\/dutchhealthstore.com\/fr\/wp-json\/wp\/v2\/product_tag?post=140176"}],"curies":[{"name":"wp","href":"https:\/\/api.w.org\/{rel}","templated":true}]}}