{"id":140167,"date":"2021-01-19T09:10:46","date_gmt":"2021-01-19T09:10:46","guid":{"rendered":"https:\/\/dutchhealthstore.com\/product\/mimosa-absolute\/"},"modified":"2024-03-11T08:18:36","modified_gmt":"2024-03-11T08:18:36","slug":"mimosa-absolute","status":"publish","type":"product","link":"https:\/\/dutchhealthstore.com\/fr\/product\/mimosa-absolute\/","title":{"rendered":"Mimosa Absolute"},"content":{"rendered":"<p><strong><a href=\"https:\/\/dutchhealthstore.com\/wp-content\/uploads\/2019\/08\/NEW-Living-Libations-Logo.jpg\"><img decoding=\"async\" class=\"size-full wp-image-69549 alignright\" src=\"https:\/\/dutchhealthstore.com\/wp-content\/uploads\/2019\/08\/NEW-Living-Libations-Logo.jpg\" alt=\"NEW - Living Libations - Logo\" width=\"175\" height=\"82\"><\/a>Nom botanique :<\/strong> Acacia decurrens<br \/>\n<strong>Famille botanique<\/strong> : Fabaceae<br \/>\n<strong>M\u00e9thode d&rsquo;extraction <\/strong>: Extraction par solvant absolu<br \/>\n<strong>Partie de la plante distill\u00e9e :<\/strong> Fleurs<br \/>\n<strong>Pays d&rsquo;origine <\/strong>: France<br \/>\n<strong>M\u00e9thode de culture <\/strong>: Organique<br \/>\n<strong>Composition<\/strong>: 25:75 Acacia decurrens : Alcool organique<\/p>\n<h3>Description de l&rsquo;odeur<\/h3>\n<p>Fixatif floral et fruit\u00e9 capiteux. Miel et bois\u00e9 avec des notes de violettes. Semblable \u00e0 l&rsquo;h\u00e9liotrope. Sous-entendu cireux et doux comme du miel, l\u00e9g\u00e8rement vert.<\/p>\n<h3>Coh\u00e9rence<\/h3>\n<p>La distillation produit une cire dure, \u00e9paisse et collante. C&rsquo;est peut-\u00eatre l&rsquo;absolu le plus collant, mais il en vaut la peine pour son fantastique parfum floral de farn\u00e9sol. Nous avons mis beaucoup de soin \u00e0 trouver le taux de dilution parfait avec notre alcool organique sp\u00e9cial qui trouve l&rsquo;\u00e9quilibre entre le moins collant et le plus a\u00e9r\u00e9 possible pour maximiser le Mimosa. Apr\u00e8s avoir m\u00e9lang\u00e9 avec le Mimosa, enlevez les r\u00e9sidus collants avec de l&rsquo;huile d&rsquo;orange ou de l&rsquo;alcool avant de laver avec du savon et \u00e9vitez d&rsquo;en mettre sur le tissu.<\/p>\n<h3>Se marie bien avec<\/h3>\n<p>Ylang, Jasmin, N\u00e9roli, Lilas, Racine d&rsquo;Orris, Magnolia, Feuille de Violette, Petitgrain, et Bergamote.<\/p>\n<h3>Utilisations<\/h3>\n<p>Compl\u00e8te et rehausse toute concoction parfum\u00e9e. La parfumerie et les parfums naturel sont renforc\u00e9s par son bel ar\u00f4me. Diffusez juste une goutte m\u00e9lang\u00e9e \u00e0 d&rsquo;autres agrumes solvants pour insuffler la magie relaxante du Mimosa dans n&rsquo;importe quelle pi\u00e8ce.<\/p>\n<h3>Constituants<\/h3>\n<p>Le farnesol, un alcool sesquiterp\u00e9nique naturel, est une senteur tr\u00e8s recherch\u00e9e en parfumerie pour son doux bouquet de muguet vert dans des accords d\u00e9licats de muguet et de lilas bois\u00e9, ce qui a conduit \u00e0 la forme synth\u00e9tique du farnesol que l&rsquo;on retrouve dans les c\u00e9l\u00e8bres fum\u00e9es du Chanel n\u00b0 5.<\/p>\n<p>Mimosa Absolute est extrait de l&rsquo;Acacia decurrens, un arbre buissonnant \u00e0 croissance rapide dont les fleurs en forme de goupillon naissent en inflorescences rac\u00e9meuses et sont tr\u00e8s parfum\u00e9es. La r\u00e9colte des fleurs pour la distillation a lieu au tout d\u00e9but du printemps dans le sud de la France, et cette fleur dor\u00e9e est annonc\u00e9e lors de la F\u00eate du Mimosa, en f\u00e9vrier, pour c\u00e9l\u00e9brer la fin de l&rsquo;hiver.<\/p>\n<p>Une absolue est cr\u00e9\u00e9e en utilisant un solvant pour extraire les pr\u00e9cieux ar\u00f4mes v\u00e9g\u00e9taux de la mati\u00e8re v\u00e9g\u00e9tale. On laisse ensuite le solvant s&rsquo;\u00e9vaporer, laissant derri\u00e8re lui un absolu magnifiquement aromatique et hautement concentr\u00e9 dont les mol\u00e9cules odorantes sont g\u00e9n\u00e9ralement appr\u00e9ci\u00e9es par inhalation pour transporter les \u00e9motions, l&rsquo;esprit, les souvenirs, la cr\u00e9ativit\u00e9, la concentration, l&rsquo;imagination et la m\u00e9ditation au-del\u00e0 des seuils s\u00e9culaires dans la mer des formes d&rsquo;ondes cosmiques. L&rsquo;histoire olfactive des absolus se d\u00e9roule dans les colognes et les parfums, les m\u00e9diations d&rsquo;inhalation et les infusions de diffusion ambiante plut\u00f4t que dans les soins de la peau.<\/p>\n<p><strong>Taille : 5 ml<\/strong><\/p>\n<h3>Ingr\u00e9dients biologiques<\/h3>\n<p>100% d&rsquo;absolue de mimosa (Acacia decurrens).<\/p>\n<p style=\"text-align: center;\"><em>\u00ab\u00a0De chaque c\u00f4t\u00e9 du banc se trouvaient deux magnifiques nuages de fleurs jaunes.<\/em><br \/>\n<em>\u00ab\u00a0Oh, regarde\u00a0\u00bb, dit Polly, \u00ab\u00a0le mimosa est sorti, comme c&rsquo;est joli. Allons le sentir.\u00a0\u00bb<\/em><br \/>\n<em>Ils se sont dirig\u00e9s vers elle et \u00e0 mesure qu&rsquo;ils s&rsquo;approchaient, l&rsquo;odeur des fleurs jaunes et duveteuses emplissait l&rsquo;air.<\/em><br \/>\n<em>\u00ab\u00a0Ah\u00a0\u00bb, dit Polly, en respirant profond\u00e9ment. \u00ab\u00a0Certains de mes parfums pr\u00e9f\u00e9r\u00e9s sont bas\u00e9s sur cette odeur. \u00c7a me rappelle mon s\u00e9jour en Australie. C&rsquo;est une plante indig\u00e8ne l\u00e0-bas. Ils l&rsquo;appellent silver wattle.\u00a0\u00bb<\/em><br \/>\n~Maggie Alderson, <strong>The Scent of You<\/strong>.<\/p>\n<p style=\"text-align: center;\"><em>Les odeurs de la mer sont-elles encore vivaces ? &#8230;un coup de vent peut doucement poser sa main sur une joue et faire tourner votre t\u00eate comme une girouette, pointant vos narines vers l&rsquo;odeur d&rsquo;une terre invisible : for\u00eat, pourriture et coprah, jasmin, mimosa et ylang-ylang. Et vous avez peut-\u00eatre pens\u00e9 \u00e0 son \u00e9tranget\u00e9, assis l\u00e0 dans le cocon parfum\u00e9 de la nuit, soutenu par des clous et du bois au milieu de l&rsquo;eau&#8230;\u00a0\u00bb<\/em><br \/>\n~James Hamilton-Paterson, <strong>The Great Deep: The Sea and its Thresholds<\/strong><\/p>\n<p style=\"text-align: center;\"><em>\u00ab\u00a0L&rsquo;\u00e9clat provenant de l&rsquo;absolu de Mimosa seul est incroyable.\u00a0\u00bb<\/em><br \/>\n~ Steffen Arctander<\/p>\n<p><a href=\"https:\/\/dutchhealthstore.com\/wp-content\/uploads\/2018\/02\/Living-Libations-Organic-Logo-800x89.png\"><img fetchpriority=\"high\" decoding=\"async\" class=\"size-medium wp-image-68103 aligncenter\" src=\"https:\/\/dutchhealthstore.com\/wp-content\/uploads\/2018\/02\/Living-Libations-Organic-Logo-800x89.png\" alt=\"Living Libations - Organic Logo\" width=\"800\" height=\"89\" srcset=\"https:\/\/dutchhealthstore.com\/wp-content\/uploads\/2018\/02\/Living-Libations-Organic-Logo-800x89.png 800w, https:\/\/dutchhealthstore.com\/wp-content\/uploads\/2018\/02\/Living-Libations-Organic-Logo-510x57.png 510w, https:\/\/dutchhealthstore.com\/wp-content\/uploads\/2018\/02\/Living-Libations-Organic-Logo-768x85.png 768w, https:\/\/dutchhealthstore.com\/wp-content\/uploads\/2018\/02\/Living-Libations-Organic-Logo.png 1400w\" sizes=\"(max-width: 800px) 100vw, 800px\" \/><\/a><\/p>\n","protected":false},"excerpt":{"rendered":"<p>Magnifique Mimosa rappelle des notes mielleuses et paradisiaques qui caressent des sentiments euphoriques en faisant battre le c\u0153ur \u00e0 l&rsquo;air libre. Cette extraction naturellement artisanale de l&rsquo;acacia est similaire \u00e0 l&rsquo;innocence florale du lilas, du tilleul et du lys qui sont influenc\u00e9s par la mol\u00e9cule odorante du farn\u00e9sol qui a \u00e9t\u00e9 synth\u00e9tis\u00e9e pour la parfumerie moderne. Laissez le parfum suffocant du Mimosa offrir la gaiet\u00e9 et la joie \u00e0 votre muse int\u00e9rieure, tandis que son nuage de fleurs de bonbons impr\u00e8gne&#8230;<\/p>\n","protected":false},"featured_media":139609,"comment_status":"open","ping_status":"closed","template":"","meta":[],"product_brand":[],"product_cat":[3754,1507,6734,1211,1209],"product_tag":[8678,21668,100,4495],"class_list":{"0":"post-140167","1":"product","2":"type-product","3":"status-publish","4":"has-post-thumbnail","6":"product_cat-essences-absolues","7":"product_cat-plantes-huiles-essentielles-living-libations","8":"product_cat-essential-oils","9":"product_cat-living-libations-france","10":"product_cat-par-marques","11":"product_tag-absolute-fr","12":"product_tag-arome","13":"product_tag-essential-oil","14":"product_tag-essential-oil-fr","15":"pa_brand-livinglibations-fr","16":"pa_essential-oils-product-type-absolute-essences-fr","17":"pa_essential-oils-product-type-essential-oils-fr","18":"pa_size-5-ml-fr","20":"first","21":"instock","22":"taxable","23":"shipping-taxable","24":"purchasable","25":"product-type-simple"},"bundled_by":[],"bundle_stock_status":"instock","bundle_stock_quantity":1,"bundle_virtual":false,"bundle_layout":"","bundle_add_to_cart_form_location":"","bundle_editable_in_cart":false,"bundle_sold_individually_context":"","bundle_item_grouping":"","bundle_min_size":"","bundle_max_size":"","bundle_price":[],"bundled_items":[],"bundle_sell_ids":[],"atum_controlled":true,"out_stock_date":null,"out_stock_threshold":null,"inheritable":false,"stock_on_hold":0,"sold_today":0,"sales_last_days":0,"out_stock_days":0,"lost_sales":0,"update_date":"2026-04-09T11:36:04","atum_locations":[],"atum_stock_status":"instock","restock_status":false,"low_stock_amount":"","sales_update_date":"2026-04-09T11:36:04","calc_backorders":null,"group_of_quantity":0,"min_quantity":0,"max_quantity":"","exclude_order_quantity_value_rules":"no","exclude_category_quantity_rules":"no","combine_variations":"no","yoast_head":"<!-- This site is optimized with the Yoast SEO Premium plugin v26.5 (Yoast SEO v26.5) - https:\/\/yoast.com\/wordpress\/plugins\/seo\/ -->\n<title>Mimosa Absolute - Living Libations<\/title>\n<meta name=\"description\" content=\"Magnifique Mimosa rappelle des notes mielleuses et paradisiaques qui caressent des sentiments euphoriques en faisant battre le c\u0153ur \u00e0 l&#039;air libre.\" \/>\n<meta name=\"robots\" content=\"index, follow, max-snippet:-1, max-image-preview:large, max-video-preview:-1\" \/>\n<link rel=\"canonical\" href=\"https:\/\/dutchhealthstore.com\/fr\/product\/mimosa-absolute\/\" \/>\n<meta property=\"og:locale\" content=\"fr_FR\" \/>\n<meta property=\"og:type\" content=\"article\" \/>\n<meta property=\"og:title\" content=\"Mimosa Absolute - Dutch Health Store\" \/>\n<meta property=\"og:description\" content=\"Magnifique Mimosa rappelle des notes mielleuses et paradisiaques qui caressent des sentiments euphoriques en faisant battre le c\u0153ur \u00e0 l&#039;air libre.\" \/>\n<meta property=\"og:url\" content=\"https:\/\/dutchhealthstore.com\/fr\/product\/mimosa-absolute\/\" \/>\n<meta property=\"og:site_name\" content=\"Dutch Health Store\" \/>\n<meta property=\"article:publisher\" content=\"https:\/\/www.instagram.com\/dutchhealthstore\/\" \/>\n<meta property=\"article:modified_time\" content=\"2024-03-11T08:18:36+00:00\" \/>\n<meta property=\"og:image\" content=\"https:\/\/dutchhealthstore.com\/wp-content\/uploads\/2021\/01\/living-libations-mimosa-absolute.jpg\" \/>\n\t<meta property=\"og:image:width\" content=\"500\" \/>\n\t<meta property=\"og:image:height\" content=\"500\" \/>\n\t<meta property=\"og:image:type\" content=\"image\/jpeg\" \/>\n<meta name=\"twitter:card\" content=\"summary_large_image\" \/>\n<meta name=\"twitter:label1\" content=\"Prix\" \/>\n\t<meta name=\"twitter:data1\" content=\"&euro;29,00\" \/>\n\t<meta name=\"twitter:label2\" content=\"Disponibilit\u00e9\" \/>\n\t<meta name=\"twitter:data2\" content=\"En stock\" \/>\n<script type=\"application\/ld+json\" class=\"yoast-schema-graph\">{\"@context\":\"https:\/\/schema.org\",\"@graph\":[{\"@type\":\"WebPage\",\"@id\":\"https:\/\/dutchhealthstore.com\/fr\/product\/mimosa-absolute\/\",\"url\":\"https:\/\/dutchhealthstore.com\/fr\/product\/mimosa-absolute\/\",\"name\":\"Mimosa Absolute - Living Libations\",\"isPartOf\":{\"@id\":\"https:\/\/dutchhealthstore.com\/fr\/#website\"},\"primaryImageOfPage\":{\"@id\":\"https:\/\/dutchhealthstore.com\/fr\/product\/mimosa-absolute\/#primaryimage\"},\"image\":{\"@id\":\"https:\/\/dutchhealthstore.com\/fr\/product\/mimosa-absolute\/#primaryimage\"},\"thumbnailUrl\":\"https:\/\/dutchhealthstore.com\/wp-content\/uploads\/2021\/01\/living-libations-mimosa-absolute.jpg\",\"datePublished\":\"2021-01-19T09:10:46+00:00\",\"dateModified\":\"2024-03-11T08:18:36+00:00\",\"description\":\"Magnifique Mimosa rappelle des notes mielleuses et paradisiaques qui caressent des sentiments euphoriques en faisant battre le c\u0153ur \u00e0 l'air libre.\",\"breadcrumb\":{\"@id\":\"https:\/\/dutchhealthstore.com\/fr\/product\/mimosa-absolute\/#breadcrumb\"},\"inLanguage\":\"fr-FR\",\"potentialAction\":[{\"@type\":\"ReadAction\",\"target\":[\"https:\/\/dutchhealthstore.com\/fr\/product\/mimosa-absolute\/\"]}]},{\"@type\":\"ImageObject\",\"inLanguage\":\"fr-FR\",\"@id\":\"https:\/\/dutchhealthstore.com\/fr\/product\/mimosa-absolute\/#primaryimage\",\"url\":\"https:\/\/dutchhealthstore.com\/wp-content\/uploads\/2021\/01\/living-libations-mimosa-absolute.jpg\",\"contentUrl\":\"https:\/\/dutchhealthstore.com\/wp-content\/uploads\/2021\/01\/living-libations-mimosa-absolute.jpg\",\"width\":500,\"height\":500,\"caption\":\"living libations mimosa absolute\"},{\"@type\":\"BreadcrumbList\",\"@id\":\"https:\/\/dutchhealthstore.com\/fr\/product\/mimosa-absolute\/#breadcrumb\",\"itemListElement\":[{\"@type\":\"ListItem\",\"position\":1,\"name\":\"Home\",\"item\":\"https:\/\/dutchhealthstore.com\/fr\/\"},{\"@type\":\"ListItem\",\"position\":2,\"name\":\"Shop\",\"item\":\"https:\/\/dutchhealthstore.com\/fr\/shop\/\"},{\"@type\":\"ListItem\",\"position\":3,\"name\":\"Mimosa Absolute\"}]},{\"@type\":\"WebSite\",\"@id\":\"https:\/\/dutchhealthstore.com\/fr\/#website\",\"url\":\"https:\/\/dutchhealthstore.com\/fr\/\",\"name\":\"Dutch Health Store\",\"description\":\"Enhance Your Beauty with Organic &amp; Natural Skincare\",\"publisher\":{\"@id\":\"https:\/\/dutchhealthstore.com\/fr\/#organization\"},\"potentialAction\":[{\"@type\":\"SearchAction\",\"target\":{\"@type\":\"EntryPoint\",\"urlTemplate\":\"https:\/\/dutchhealthstore.com\/fr\/?s={search_term_string}\"},\"query-input\":{\"@type\":\"PropertyValueSpecification\",\"valueRequired\":true,\"valueName\":\"search_term_string\"}}],\"inLanguage\":\"fr-FR\"},{\"@type\":\"Organization\",\"@id\":\"https:\/\/dutchhealthstore.com\/fr\/#organization\",\"name\":\"Dutch Health Store\",\"url\":\"https:\/\/dutchhealthstore.com\/fr\/\",\"logo\":{\"@type\":\"ImageObject\",\"inLanguage\":\"fr-FR\",\"@id\":\"https:\/\/dutchhealthstore.com\/fr\/#\/schema\/logo\/image\/\",\"url\":\"https:\/\/dutchhealthstore.com\/wp-content\/uploads\/2020\/08\/logo-dutchhealthstore-jpg-e1599484957574.jpg\",\"contentUrl\":\"https:\/\/dutchhealthstore.com\/wp-content\/uploads\/2020\/08\/logo-dutchhealthstore-jpg-e1599484957574.jpg\",\"width\":400,\"height\":62,\"caption\":\"Dutch Health Store\"},\"image\":{\"@id\":\"https:\/\/dutchhealthstore.com\/fr\/#\/schema\/logo\/image\/\"},\"sameAs\":[\"https:\/\/www.instagram.com\/dutchhealthstore\/\",\"https:\/\/www.facebook.com\/dutchhealthstore\"]}]}<\/script>\n<meta property=\"product:brand\" content=\"Living Libations\" \/>\n<meta property=\"product:price:amount\" content=\"29.00\" \/>\n<meta property=\"product:price:currency\" content=\"EUR\" \/>\n<meta property=\"og:availability\" content=\"instock\" \/>\n<meta property=\"product:availability\" content=\"instock\" \/>\n<meta property=\"product:condition\" content=\"new\" \/>\n<!-- \/ Yoast SEO Premium plugin. -->","yoast_head_json":{"title":"Mimosa Absolute - Living Libations","description":"Magnifique Mimosa rappelle des notes mielleuses et paradisiaques qui caressent des sentiments euphoriques en faisant battre le c\u0153ur \u00e0 l'air libre.","robots":{"index":"index","follow":"follow","max-snippet":"max-snippet:-1","max-image-preview":"max-image-preview:large","max-video-preview":"max-video-preview:-1"},"canonical":"https:\/\/dutchhealthstore.com\/fr\/product\/mimosa-absolute\/","og_locale":"fr_FR","og_type":"article","og_title":"Mimosa Absolute - Dutch Health Store","og_description":"Magnifique Mimosa rappelle des notes mielleuses et paradisiaques qui caressent des sentiments euphoriques en faisant battre le c\u0153ur \u00e0 l'air libre.","og_url":"https:\/\/dutchhealthstore.com\/fr\/product\/mimosa-absolute\/","og_site_name":"Dutch Health Store","article_publisher":"https:\/\/www.instagram.com\/dutchhealthstore\/","article_modified_time":"2024-03-11T08:18:36+00:00","og_image":[{"width":500,"height":500,"url":"https:\/\/dutchhealthstore.com\/wp-content\/uploads\/2021\/01\/living-libations-mimosa-absolute.jpg","type":"image\/jpeg"}],"twitter_card":"summary_large_image","twitter_misc":{"Prix":"&euro;29,00","Disponibilit\u00e9":"En stock"},"schema":{"@context":"https:\/\/schema.org","@graph":[{"@type":"WebPage","@id":"https:\/\/dutchhealthstore.com\/fr\/product\/mimosa-absolute\/","url":"https:\/\/dutchhealthstore.com\/fr\/product\/mimosa-absolute\/","name":"Mimosa Absolute - Living Libations","isPartOf":{"@id":"https:\/\/dutchhealthstore.com\/fr\/#website"},"primaryImageOfPage":{"@id":"https:\/\/dutchhealthstore.com\/fr\/product\/mimosa-absolute\/#primaryimage"},"image":{"@id":"https:\/\/dutchhealthstore.com\/fr\/product\/mimosa-absolute\/#primaryimage"},"thumbnailUrl":"https:\/\/dutchhealthstore.com\/wp-content\/uploads\/2021\/01\/living-libations-mimosa-absolute.jpg","datePublished":"2021-01-19T09:10:46+00:00","dateModified":"2024-03-11T08:18:36+00:00","description":"Magnifique Mimosa rappelle des notes mielleuses et paradisiaques qui caressent des sentiments euphoriques en faisant battre le c\u0153ur \u00e0 l'air libre.","breadcrumb":{"@id":"https:\/\/dutchhealthstore.com\/fr\/product\/mimosa-absolute\/#breadcrumb"},"inLanguage":"fr-FR","potentialAction":[{"@type":"ReadAction","target":["https:\/\/dutchhealthstore.com\/fr\/product\/mimosa-absolute\/"]}]},{"@type":"ImageObject","inLanguage":"fr-FR","@id":"https:\/\/dutchhealthstore.com\/fr\/product\/mimosa-absolute\/#primaryimage","url":"https:\/\/dutchhealthstore.com\/wp-content\/uploads\/2021\/01\/living-libations-mimosa-absolute.jpg","contentUrl":"https:\/\/dutchhealthstore.com\/wp-content\/uploads\/2021\/01\/living-libations-mimosa-absolute.jpg","width":500,"height":500,"caption":"living libations mimosa absolute"},{"@type":"BreadcrumbList","@id":"https:\/\/dutchhealthstore.com\/fr\/product\/mimosa-absolute\/#breadcrumb","itemListElement":[{"@type":"ListItem","position":1,"name":"Home","item":"https:\/\/dutchhealthstore.com\/fr\/"},{"@type":"ListItem","position":2,"name":"Shop","item":"https:\/\/dutchhealthstore.com\/fr\/shop\/"},{"@type":"ListItem","position":3,"name":"Mimosa Absolute"}]},{"@type":"WebSite","@id":"https:\/\/dutchhealthstore.com\/fr\/#website","url":"https:\/\/dutchhealthstore.com\/fr\/","name":"Dutch Health Store","description":"Enhance Your Beauty with Organic &amp; Natural Skincare","publisher":{"@id":"https:\/\/dutchhealthstore.com\/fr\/#organization"},"potentialAction":[{"@type":"SearchAction","target":{"@type":"EntryPoint","urlTemplate":"https:\/\/dutchhealthstore.com\/fr\/?s={search_term_string}"},"query-input":{"@type":"PropertyValueSpecification","valueRequired":true,"valueName":"search_term_string"}}],"inLanguage":"fr-FR"},{"@type":"Organization","@id":"https:\/\/dutchhealthstore.com\/fr\/#organization","name":"Dutch Health Store","url":"https:\/\/dutchhealthstore.com\/fr\/","logo":{"@type":"ImageObject","inLanguage":"fr-FR","@id":"https:\/\/dutchhealthstore.com\/fr\/#\/schema\/logo\/image\/","url":"https:\/\/dutchhealthstore.com\/wp-content\/uploads\/2020\/08\/logo-dutchhealthstore-jpg-e1599484957574.jpg","contentUrl":"https:\/\/dutchhealthstore.com\/wp-content\/uploads\/2020\/08\/logo-dutchhealthstore-jpg-e1599484957574.jpg","width":400,"height":62,"caption":"Dutch Health Store"},"image":{"@id":"https:\/\/dutchhealthstore.com\/fr\/#\/schema\/logo\/image\/"},"sameAs":["https:\/\/www.instagram.com\/dutchhealthstore\/","https:\/\/www.facebook.com\/dutchhealthstore"]}]},"product_brand":"Living Libations","product_price_amount":"29.00","product_price_currency":"EUR","og_availability":"instock","product_availability":"instock","product_condition":"new"},"_links":{"self":[{"href":"https:\/\/dutchhealthstore.com\/fr\/wp-json\/wp\/v2\/product\/140167","targetHints":{"allow":["GET"]}}],"collection":[{"href":"https:\/\/dutchhealthstore.com\/fr\/wp-json\/wp\/v2\/product"}],"about":[{"href":"https:\/\/dutchhealthstore.com\/fr\/wp-json\/wp\/v2\/types\/product"}],"replies":[{"embeddable":true,"href":"https:\/\/dutchhealthstore.com\/fr\/wp-json\/wp\/v2\/comments?post=140167"}],"wp:featuredmedia":[{"embeddable":true,"href":"https:\/\/dutchhealthstore.com\/fr\/wp-json\/wp\/v2\/media\/139609"}],"wp:attachment":[{"href":"https:\/\/dutchhealthstore.com\/fr\/wp-json\/wp\/v2\/media?parent=140167"}],"wp:term":[{"taxonomy":"product_brand","embeddable":true,"href":"https:\/\/dutchhealthstore.com\/fr\/wp-json\/wp\/v2\/product_brand?post=140167"},{"taxonomy":"product_cat","embeddable":true,"href":"https:\/\/dutchhealthstore.com\/fr\/wp-json\/wp\/v2\/product_cat?post=140167"},{"taxonomy":"product_tag","embeddable":true,"href":"https:\/\/dutchhealthstore.com\/fr\/wp-json\/wp\/v2\/product_tag?post=140167"}],"curies":[{"name":"wp","href":"https:\/\/api.w.org\/{rel}","templated":true}]}}