{"id":139991,"date":"2021-01-22T09:45:34","date_gmt":"2021-01-22T08:45:34","guid":{"rendered":"https:\/\/dutchhealthstore.com\/product\/neroli-grapefruit-blossom-essential-oil\/"},"modified":"2024-02-06T15:20:24","modified_gmt":"2024-02-06T15:20:24","slug":"neroli-grapefruit-blossom-essential-oil","status":"publish","type":"product","link":"https:\/\/dutchhealthstore.com\/fr\/product\/neroli-grapefruit-blossom-essential-oil\/","title":{"rendered":"Neroli Grapefruit Blossom Essential Oil"},"content":{"rendered":"<p><strong><a href=\"https:\/\/dutchhealthstore.com\/wp-content\/uploads\/2019\/08\/NEW-Living-Libations-Logo.jpg\"><img decoding=\"async\" class=\"size-full wp-image-69549 alignright\" src=\"https:\/\/dutchhealthstore.com\/wp-content\/uploads\/2019\/08\/NEW-Living-Libations-Logo.jpg\" alt=\"NEW - Living Libations - Logo\" width=\"175\" height=\"82\"><\/a>Nom botanique :<\/strong> Citrus paradisi<br \/>\n<strong>Famille botanique<\/strong> : Rutaceae<br \/>\n<strong>M\u00e9thode d&rsquo;extraction<\/strong> : Distillation \u00e0 la vapeur<br \/>\n<strong>Partie de la plante distill\u00e9e<\/strong> : Fleurs<br \/>\n<strong>Pays d&rsquo;origine<\/strong> : Maroc<br \/>\n<strong>M\u00e9thode de culture <\/strong>: Organique<br \/>\n<strong>Composition <\/strong>: 100 % Citrus paradisi<br \/>\n<strong>Consistance <\/strong>: Viscosit\u00e9 mince avec une couleur jaune p\u00e2le.<\/p>\n<h3>Description de l&rsquo;odeur<\/h3>\n<p>Un ar\u00f4me floral frais et joyeux. Eth\u00e9r\u00e9. R\u00e9miniscence de la fleur d&rsquo;oranger. Doux et d\u00e9licieux.<\/p>\n<h3>Se marie bien avec<\/h3>\n<p>Des ar\u00f4mes d&rsquo;agrumes, de fleurs et de fruits avec des notes de fond de vanille, de v\u00e9tiver et de nard.<\/p>\n<h3>Utilisations<\/h3>\n<p>Ajoutez-le aux parfums comme note de t\u00eate ou portez-le seul pour un soup\u00e7on de ch\u00e8vrefeuille et des notes florales complexes. Ajoutez une goutte \u00e0 vos cr\u00e9ations culinaires pour un ar\u00f4me frais, sucr\u00e9 et floral. Diffusez pour enchanter n&rsquo;importe quelle maison. Une goutte dans un bain chaud ouvre les sens \u00e0 un bosquet gracieux d&rsquo;ar\u00f4mes de pamplemousse et de fleurs. Magnifique dans les m\u00e9langes pour le massage du corps, le soin des seins et le soin des imperfections de la peau.<\/p>\n<h3>Contre-indication<\/h3>\n<p>Photosensible. Ne pas utiliser non dilu\u00e9 sur la peau et s&rsquo;exposer au soleil.<\/p>\n<p>Tissez ces notes de joie de pamplemousse avec le ch\u00e8vrefeuille capiteux dans des parfums l\u00e9gers et lumineux avec le n\u00e9roli, la rose et la bergamote. Ce parfum \u00e9th\u00e9r\u00e9 est un ajout essentiel aux m\u00e9langes sacr\u00e9s et est divin en diffusion. Une ou deux gouttes dans une cr\u00e9ation culinaire sucr\u00e9e ou herbac\u00e9e conf\u00e8re un ar\u00f4me frais, floral et fruit\u00e9 pour \u00e9moustiller les papilles gustatives.<\/p>\n<p><strong>Taille : 2,5 ml<\/strong><\/p>\n<h3>Ingr\u00e9dients biologiques<\/h3>\n<p>100% d&rsquo;huile essentielle de fleurs de pamplemousse n\u00e9roli (Citrus paradisi).<\/p>\n<p><a href=\"https:\/\/dutchhealthstore.com\/wp-content\/uploads\/2018\/02\/Living-Libations-Organic-Logo-800x89.png\"><img fetchpriority=\"high\" decoding=\"async\" class=\"size-medium wp-image-68103 aligncenter\" src=\"https:\/\/dutchhealthstore.com\/wp-content\/uploads\/2018\/02\/Living-Libations-Organic-Logo-800x89.png\" alt=\"Living Libations - Organic Logo\" width=\"800\" height=\"89\" srcset=\"https:\/\/dutchhealthstore.com\/wp-content\/uploads\/2018\/02\/Living-Libations-Organic-Logo-800x89.png 800w, https:\/\/dutchhealthstore.com\/wp-content\/uploads\/2018\/02\/Living-Libations-Organic-Logo-510x57.png 510w, https:\/\/dutchhealthstore.com\/wp-content\/uploads\/2018\/02\/Living-Libations-Organic-Logo-768x85.png 768w, https:\/\/dutchhealthstore.com\/wp-content\/uploads\/2018\/02\/Living-Libations-Organic-Logo.png 1400w\" sizes=\"(max-width: 800px) 100vw, 800px\" \/><\/a><\/p>\n","protected":false},"excerpt":{"rendered":"<p>Des courants d&rsquo;air de bonheur s&rsquo;\u00e9chappent de ces belles bouteilles o\u00f9 s&rsquo;\u00e9panouissent des fleurs de pamplemousse. Cette histoire mol\u00e9culaire se d\u00e9roule dans votre nez, l&rsquo;esprit commence \u00e0 s&rsquo;\u00e9claircir et \u00e0 s&rsquo;illuminer. Neroli Grapefruit Blossom Essential Oil est distill\u00e9e \u00e0 la vapeur \u00e0 partir de magnifiques bosquets de fleurs de pamplemousse en Afrique du Nord. Similaire \u00e0 notre N\u00e9roli classique distill\u00e9 \u00e0 partir de la fleur d&rsquo;oranger, mais avec plus de nuances de ch\u00e8vrefeuille et des notes florales plus distinctes. Toujours r\u00e9jouissant.<\/p>\n","protected":false},"featured_media":139986,"comment_status":"open","ping_status":"closed","template":"","meta":[],"product_brand":[],"product_cat":[6734,1507,1211,1209,3757,1010,6733],"product_tag":[4495],"class_list":{"0":"post-139991","1":"product","2":"type-product","3":"status-publish","4":"has-post-thumbnail","6":"product_cat-essential-oils","7":"product_cat-plantes-huiles-essentielles-living-libations","8":"product_cat-living-libations-france","9":"product_cat-par-marques","10":"product_cat-plantes-huiles-essentielles","11":"product_cat-notre-boutique","12":"product_cat-wellness-fr-2","13":"product_tag-essential-oil-fr","14":"pa_brand-livinglibations-fr","15":"pa_essential-oils-product-type-essential-oils-fr","16":"pa_size-2-5-ml-fr","18":"first","19":"instock","20":"taxable","21":"shipping-taxable","22":"purchasable","23":"product-type-simple"},"bundled_by":[],"bundle_stock_status":"instock","bundle_stock_quantity":2,"bundle_virtual":false,"bundle_layout":"","bundle_add_to_cart_form_location":"","bundle_editable_in_cart":false,"bundle_sold_individually_context":"","bundle_item_grouping":"","bundle_min_size":"","bundle_max_size":"","bundle_price":[],"bundled_items":[],"bundle_sell_ids":[],"atum_controlled":true,"out_stock_date":null,"out_stock_threshold":null,"inheritable":false,"stock_on_hold":0,"sold_today":0,"sales_last_days":0,"out_stock_days":0,"lost_sales":0,"update_date":"2026-04-10T07:44:32","atum_locations":[],"atum_stock_status":"instock","restock_status":false,"low_stock_amount":"","sales_update_date":"2026-04-10T07:44:32","calc_backorders":null,"group_of_quantity":0,"min_quantity":0,"max_quantity":"","exclude_order_quantity_value_rules":"no","exclude_category_quantity_rules":"no","combine_variations":"no","yoast_head":"<!-- This site is optimized with the Yoast SEO Premium plugin v26.5 (Yoast SEO v26.5) - https:\/\/yoast.com\/wordpress\/plugins\/seo\/ -->\n<title>Neroli Grapefruit Blossom Essential Oil - Living Libations<\/title>\n<meta name=\"description\" content=\"Des courants d&#039;air de bonheur s&#039;\u00e9chappent de ces belles bouteilles o\u00f9 s&#039;\u00e9panouissent des fleurs de pamplemousse. Cette histoire mol\u00e9culaire se d\u00e9roule dans votre nez, l&#039;esprit commence \u00e0 s&#039;\u00e9claircir et \u00e0 s&#039;illuminer.\" \/>\n<meta name=\"robots\" content=\"index, follow, max-snippet:-1, max-image-preview:large, max-video-preview:-1\" \/>\n<link rel=\"canonical\" href=\"https:\/\/dutchhealthstore.com\/fr\/product\/neroli-grapefruit-blossom-essential-oil\/\" \/>\n<meta property=\"og:locale\" content=\"fr_FR\" \/>\n<meta property=\"og:type\" content=\"article\" \/>\n<meta property=\"og:title\" content=\"Neroli Grapefruit Blossom Essential Oil - Dutch Health Store\" \/>\n<meta property=\"og:description\" content=\"Des courants d&#039;air de bonheur s&#039;\u00e9chappent de ces belles bouteilles o\u00f9 s&#039;\u00e9panouissent des fleurs de pamplemousse. Cette histoire mol\u00e9culaire se d\u00e9roule dans votre nez, l&#039;esprit commence \u00e0 s&#039;\u00e9claircir et \u00e0 s&#039;illuminer.\" \/>\n<meta property=\"og:url\" content=\"https:\/\/dutchhealthstore.com\/fr\/product\/neroli-grapefruit-blossom-essential-oil\/\" \/>\n<meta property=\"og:site_name\" content=\"Dutch Health Store\" \/>\n<meta property=\"article:publisher\" content=\"https:\/\/www.instagram.com\/dutchhealthstore\/\" \/>\n<meta property=\"article:modified_time\" content=\"2024-02-06T15:20:24+00:00\" \/>\n<meta property=\"og:image\" content=\"https:\/\/dutchhealthstore.com\/wp-content\/uploads\/2021\/01\/living-libations-neroli-grapefruit-blossom-essential-oil.jpg\" \/>\n\t<meta property=\"og:image:width\" content=\"500\" \/>\n\t<meta property=\"og:image:height\" content=\"500\" \/>\n\t<meta property=\"og:image:type\" content=\"image\/jpeg\" \/>\n<meta name=\"twitter:card\" content=\"summary_large_image\" \/>\n<meta name=\"twitter:label1\" content=\"Prix\" \/>\n\t<meta name=\"twitter:data1\" content=\"&euro;90,00\" \/>\n\t<meta name=\"twitter:label2\" content=\"Disponibilit\u00e9\" \/>\n\t<meta name=\"twitter:data2\" content=\"En stock\" \/>\n<script type=\"application\/ld+json\" class=\"yoast-schema-graph\">{\"@context\":\"https:\/\/schema.org\",\"@graph\":[{\"@type\":\"WebPage\",\"@id\":\"https:\/\/dutchhealthstore.com\/fr\/product\/neroli-grapefruit-blossom-essential-oil\/\",\"url\":\"https:\/\/dutchhealthstore.com\/fr\/product\/neroli-grapefruit-blossom-essential-oil\/\",\"name\":\"Neroli Grapefruit Blossom Essential Oil - Living Libations\",\"isPartOf\":{\"@id\":\"https:\/\/dutchhealthstore.com\/fr\/#website\"},\"primaryImageOfPage\":{\"@id\":\"https:\/\/dutchhealthstore.com\/fr\/product\/neroli-grapefruit-blossom-essential-oil\/#primaryimage\"},\"image\":{\"@id\":\"https:\/\/dutchhealthstore.com\/fr\/product\/neroli-grapefruit-blossom-essential-oil\/#primaryimage\"},\"thumbnailUrl\":\"https:\/\/dutchhealthstore.com\/wp-content\/uploads\/2021\/01\/living-libations-neroli-grapefruit-blossom-essential-oil.jpg\",\"datePublished\":\"2021-01-22T08:45:34+00:00\",\"dateModified\":\"2024-02-06T15:20:24+00:00\",\"description\":\"Des courants d'air de bonheur s'\u00e9chappent de ces belles bouteilles o\u00f9 s'\u00e9panouissent des fleurs de pamplemousse. Cette histoire mol\u00e9culaire se d\u00e9roule dans votre nez, l'esprit commence \u00e0 s'\u00e9claircir et \u00e0 s'illuminer.\",\"breadcrumb\":{\"@id\":\"https:\/\/dutchhealthstore.com\/fr\/product\/neroli-grapefruit-blossom-essential-oil\/#breadcrumb\"},\"inLanguage\":\"fr-FR\",\"potentialAction\":[{\"@type\":\"ReadAction\",\"target\":[\"https:\/\/dutchhealthstore.com\/fr\/product\/neroli-grapefruit-blossom-essential-oil\/\"]}]},{\"@type\":\"ImageObject\",\"inLanguage\":\"fr-FR\",\"@id\":\"https:\/\/dutchhealthstore.com\/fr\/product\/neroli-grapefruit-blossom-essential-oil\/#primaryimage\",\"url\":\"https:\/\/dutchhealthstore.com\/wp-content\/uploads\/2021\/01\/living-libations-neroli-grapefruit-blossom-essential-oil.jpg\",\"contentUrl\":\"https:\/\/dutchhealthstore.com\/wp-content\/uploads\/2021\/01\/living-libations-neroli-grapefruit-blossom-essential-oil.jpg\",\"width\":500,\"height\":500,\"caption\":\"living libations neroli grapefruit blossom essential oil\"},{\"@type\":\"BreadcrumbList\",\"@id\":\"https:\/\/dutchhealthstore.com\/fr\/product\/neroli-grapefruit-blossom-essential-oil\/#breadcrumb\",\"itemListElement\":[{\"@type\":\"ListItem\",\"position\":1,\"name\":\"Home\",\"item\":\"https:\/\/dutchhealthstore.com\/fr\/\"},{\"@type\":\"ListItem\",\"position\":2,\"name\":\"Shop\",\"item\":\"https:\/\/dutchhealthstore.com\/fr\/shop\/\"},{\"@type\":\"ListItem\",\"position\":3,\"name\":\"Neroli Grapefruit Blossom Essential Oil\"}]},{\"@type\":\"WebSite\",\"@id\":\"https:\/\/dutchhealthstore.com\/fr\/#website\",\"url\":\"https:\/\/dutchhealthstore.com\/fr\/\",\"name\":\"Dutch Health Store\",\"description\":\"Enhance Your Beauty with Organic &amp; Natural Skincare\",\"publisher\":{\"@id\":\"https:\/\/dutchhealthstore.com\/fr\/#organization\"},\"potentialAction\":[{\"@type\":\"SearchAction\",\"target\":{\"@type\":\"EntryPoint\",\"urlTemplate\":\"https:\/\/dutchhealthstore.com\/fr\/?s={search_term_string}\"},\"query-input\":{\"@type\":\"PropertyValueSpecification\",\"valueRequired\":true,\"valueName\":\"search_term_string\"}}],\"inLanguage\":\"fr-FR\"},{\"@type\":\"Organization\",\"@id\":\"https:\/\/dutchhealthstore.com\/fr\/#organization\",\"name\":\"Dutch Health Store\",\"url\":\"https:\/\/dutchhealthstore.com\/fr\/\",\"logo\":{\"@type\":\"ImageObject\",\"inLanguage\":\"fr-FR\",\"@id\":\"https:\/\/dutchhealthstore.com\/fr\/#\/schema\/logo\/image\/\",\"url\":\"https:\/\/dutchhealthstore.com\/wp-content\/uploads\/2020\/08\/logo-dutchhealthstore-jpg-e1599484957574.jpg\",\"contentUrl\":\"https:\/\/dutchhealthstore.com\/wp-content\/uploads\/2020\/08\/logo-dutchhealthstore-jpg-e1599484957574.jpg\",\"width\":400,\"height\":62,\"caption\":\"Dutch Health Store\"},\"image\":{\"@id\":\"https:\/\/dutchhealthstore.com\/fr\/#\/schema\/logo\/image\/\"},\"sameAs\":[\"https:\/\/www.instagram.com\/dutchhealthstore\/\",\"https:\/\/www.facebook.com\/dutchhealthstore\"]}]}<\/script>\n<meta property=\"product:brand\" content=\"Living Libations\" \/>\n<meta property=\"product:price:amount\" content=\"90.00\" \/>\n<meta property=\"product:price:currency\" content=\"EUR\" \/>\n<meta property=\"og:availability\" content=\"instock\" \/>\n<meta property=\"product:availability\" content=\"instock\" \/>\n<meta property=\"product:condition\" content=\"new\" \/>\n<!-- \/ Yoast SEO Premium plugin. -->","yoast_head_json":{"title":"Neroli Grapefruit Blossom Essential Oil - Living Libations","description":"Des courants d'air de bonheur s'\u00e9chappent de ces belles bouteilles o\u00f9 s'\u00e9panouissent des fleurs de pamplemousse. Cette histoire mol\u00e9culaire se d\u00e9roule dans votre nez, l'esprit commence \u00e0 s'\u00e9claircir et \u00e0 s'illuminer.","robots":{"index":"index","follow":"follow","max-snippet":"max-snippet:-1","max-image-preview":"max-image-preview:large","max-video-preview":"max-video-preview:-1"},"canonical":"https:\/\/dutchhealthstore.com\/fr\/product\/neroli-grapefruit-blossom-essential-oil\/","og_locale":"fr_FR","og_type":"article","og_title":"Neroli Grapefruit Blossom Essential Oil - Dutch Health Store","og_description":"Des courants d'air de bonheur s'\u00e9chappent de ces belles bouteilles o\u00f9 s'\u00e9panouissent des fleurs de pamplemousse. Cette histoire mol\u00e9culaire se d\u00e9roule dans votre nez, l'esprit commence \u00e0 s'\u00e9claircir et \u00e0 s'illuminer.","og_url":"https:\/\/dutchhealthstore.com\/fr\/product\/neroli-grapefruit-blossom-essential-oil\/","og_site_name":"Dutch Health Store","article_publisher":"https:\/\/www.instagram.com\/dutchhealthstore\/","article_modified_time":"2024-02-06T15:20:24+00:00","og_image":[{"width":500,"height":500,"url":"https:\/\/dutchhealthstore.com\/wp-content\/uploads\/2021\/01\/living-libations-neroli-grapefruit-blossom-essential-oil.jpg","type":"image\/jpeg"}],"twitter_card":"summary_large_image","twitter_misc":{"Prix":"&euro;90,00","Disponibilit\u00e9":"En stock"},"schema":{"@context":"https:\/\/schema.org","@graph":[{"@type":"WebPage","@id":"https:\/\/dutchhealthstore.com\/fr\/product\/neroli-grapefruit-blossom-essential-oil\/","url":"https:\/\/dutchhealthstore.com\/fr\/product\/neroli-grapefruit-blossom-essential-oil\/","name":"Neroli Grapefruit Blossom Essential Oil - Living Libations","isPartOf":{"@id":"https:\/\/dutchhealthstore.com\/fr\/#website"},"primaryImageOfPage":{"@id":"https:\/\/dutchhealthstore.com\/fr\/product\/neroli-grapefruit-blossom-essential-oil\/#primaryimage"},"image":{"@id":"https:\/\/dutchhealthstore.com\/fr\/product\/neroli-grapefruit-blossom-essential-oil\/#primaryimage"},"thumbnailUrl":"https:\/\/dutchhealthstore.com\/wp-content\/uploads\/2021\/01\/living-libations-neroli-grapefruit-blossom-essential-oil.jpg","datePublished":"2021-01-22T08:45:34+00:00","dateModified":"2024-02-06T15:20:24+00:00","description":"Des courants d'air de bonheur s'\u00e9chappent de ces belles bouteilles o\u00f9 s'\u00e9panouissent des fleurs de pamplemousse. Cette histoire mol\u00e9culaire se d\u00e9roule dans votre nez, l'esprit commence \u00e0 s'\u00e9claircir et \u00e0 s'illuminer.","breadcrumb":{"@id":"https:\/\/dutchhealthstore.com\/fr\/product\/neroli-grapefruit-blossom-essential-oil\/#breadcrumb"},"inLanguage":"fr-FR","potentialAction":[{"@type":"ReadAction","target":["https:\/\/dutchhealthstore.com\/fr\/product\/neroli-grapefruit-blossom-essential-oil\/"]}]},{"@type":"ImageObject","inLanguage":"fr-FR","@id":"https:\/\/dutchhealthstore.com\/fr\/product\/neroli-grapefruit-blossom-essential-oil\/#primaryimage","url":"https:\/\/dutchhealthstore.com\/wp-content\/uploads\/2021\/01\/living-libations-neroli-grapefruit-blossom-essential-oil.jpg","contentUrl":"https:\/\/dutchhealthstore.com\/wp-content\/uploads\/2021\/01\/living-libations-neroli-grapefruit-blossom-essential-oil.jpg","width":500,"height":500,"caption":"living libations neroli grapefruit blossom essential oil"},{"@type":"BreadcrumbList","@id":"https:\/\/dutchhealthstore.com\/fr\/product\/neroli-grapefruit-blossom-essential-oil\/#breadcrumb","itemListElement":[{"@type":"ListItem","position":1,"name":"Home","item":"https:\/\/dutchhealthstore.com\/fr\/"},{"@type":"ListItem","position":2,"name":"Shop","item":"https:\/\/dutchhealthstore.com\/fr\/shop\/"},{"@type":"ListItem","position":3,"name":"Neroli Grapefruit Blossom Essential Oil"}]},{"@type":"WebSite","@id":"https:\/\/dutchhealthstore.com\/fr\/#website","url":"https:\/\/dutchhealthstore.com\/fr\/","name":"Dutch Health Store","description":"Enhance Your Beauty with Organic &amp; Natural Skincare","publisher":{"@id":"https:\/\/dutchhealthstore.com\/fr\/#organization"},"potentialAction":[{"@type":"SearchAction","target":{"@type":"EntryPoint","urlTemplate":"https:\/\/dutchhealthstore.com\/fr\/?s={search_term_string}"},"query-input":{"@type":"PropertyValueSpecification","valueRequired":true,"valueName":"search_term_string"}}],"inLanguage":"fr-FR"},{"@type":"Organization","@id":"https:\/\/dutchhealthstore.com\/fr\/#organization","name":"Dutch Health Store","url":"https:\/\/dutchhealthstore.com\/fr\/","logo":{"@type":"ImageObject","inLanguage":"fr-FR","@id":"https:\/\/dutchhealthstore.com\/fr\/#\/schema\/logo\/image\/","url":"https:\/\/dutchhealthstore.com\/wp-content\/uploads\/2020\/08\/logo-dutchhealthstore-jpg-e1599484957574.jpg","contentUrl":"https:\/\/dutchhealthstore.com\/wp-content\/uploads\/2020\/08\/logo-dutchhealthstore-jpg-e1599484957574.jpg","width":400,"height":62,"caption":"Dutch Health Store"},"image":{"@id":"https:\/\/dutchhealthstore.com\/fr\/#\/schema\/logo\/image\/"},"sameAs":["https:\/\/www.instagram.com\/dutchhealthstore\/","https:\/\/www.facebook.com\/dutchhealthstore"]}]},"product_brand":"Living Libations","product_price_amount":"90.00","product_price_currency":"EUR","og_availability":"instock","product_availability":"instock","product_condition":"new"},"_links":{"self":[{"href":"https:\/\/dutchhealthstore.com\/fr\/wp-json\/wp\/v2\/product\/139991","targetHints":{"allow":["GET"]}}],"collection":[{"href":"https:\/\/dutchhealthstore.com\/fr\/wp-json\/wp\/v2\/product"}],"about":[{"href":"https:\/\/dutchhealthstore.com\/fr\/wp-json\/wp\/v2\/types\/product"}],"replies":[{"embeddable":true,"href":"https:\/\/dutchhealthstore.com\/fr\/wp-json\/wp\/v2\/comments?post=139991"}],"wp:featuredmedia":[{"embeddable":true,"href":"https:\/\/dutchhealthstore.com\/fr\/wp-json\/wp\/v2\/media\/139986"}],"wp:attachment":[{"href":"https:\/\/dutchhealthstore.com\/fr\/wp-json\/wp\/v2\/media?parent=139991"}],"wp:term":[{"taxonomy":"product_brand","embeddable":true,"href":"https:\/\/dutchhealthstore.com\/fr\/wp-json\/wp\/v2\/product_brand?post=139991"},{"taxonomy":"product_cat","embeddable":true,"href":"https:\/\/dutchhealthstore.com\/fr\/wp-json\/wp\/v2\/product_cat?post=139991"},{"taxonomy":"product_tag","embeddable":true,"href":"https:\/\/dutchhealthstore.com\/fr\/wp-json\/wp\/v2\/product_tag?post=139991"}],"curies":[{"name":"wp","href":"https:\/\/api.w.org\/{rel}","templated":true}]}}