{"id":139892,"date":"2021-01-19T10:53:44","date_gmt":"2021-01-19T09:53:44","guid":{"rendered":"https:\/\/dutchhealthstore.com\/product\/jasmine-attar-chameli-essential-oil\/"},"modified":"2023-03-02T10:11:15","modified_gmt":"2023-03-02T10:11:15","slug":"jasmine-attar-chameli-essential-oil","status":"publish","type":"product","link":"https:\/\/dutchhealthstore.com\/fr\/product\/jasmine-attar-chameli-essential-oil\/","title":{"rendered":"Jasmine Attar Chameli Essential Oil"},"content":{"rendered":"<p><strong><a href=\"https:\/\/dutchhealthstore.com\/wp-content\/uploads\/2019\/08\/NEW-Living-Libations-Logo.jpg\"><img decoding=\"async\" class=\"size-full wp-image-69549 alignright\" src=\"https:\/\/dutchhealthstore.com\/wp-content\/uploads\/2019\/08\/NEW-Living-Libations-Logo.jpg\" alt=\"NEW - Living Libations - Logo\" width=\"175\" height=\"82\"><\/a>Nom botanique :<\/strong> Jasminum grandiflorum + Santalum album<br \/>\n<strong>Famille botanique<\/strong> : Oleaceae<br \/>\n<strong>M\u00e9thode d&rsquo;extraction :<\/strong> Distillation \u00e0 la vapeur<br \/>\n<strong>Partie de la plante distill\u00e9e<\/strong>: Fleurs de Jasmin Grandiflorum et bois de santal.<br \/>\n<strong>Pays d&rsquo;origine<\/strong> : Inde<br \/>\n<strong>M\u00e9thode de culture :<\/strong> Organique<br \/>\n<strong>Composition <\/strong>: 100% Jasminum grandiflorum co-distill\u00e9 avec Santalum album &#8211; dilution 1 : 4 dans du jojoba<br \/>\n<strong>Consistance <\/strong>: Viscosit\u00e9 moyenne.<\/p>\n<h3>Description de l&rsquo;odeur<\/h3>\n<p>Un floral radieux, avec une douce touche de baies flottantes, ench\u00e2ss\u00e9 dans un r\u00eave de bois de santal cr\u00e9meux. Plus fruit\u00e9 et f\u00e9minin que Motia.<\/p>\n<h3>Se marie bien avec<\/h3>\n<p>Charmant et complet comme attar et peut \u00eatre ajout\u00e9 au Jasmin, \u00e0 la Rose, \u00e0 l&rsquo;Ylang, au Santal, au C\u00e8dre, \u00e0 l&rsquo;\u0152illet, au N\u00e9roli, au Pamplemousse, \u00e0 la Vanille, au Patchouli et au Citron.<\/p>\n<h3>Utilisations<\/h3>\n<p>Cet attar est un parfum instantan\u00e9 pour tout point d&rsquo;impulsion. Diffus. Ajoutez quelques gouttes aux bains. Apaise les sentiments et enveloppe d&rsquo;un confort douillet. Potion d&rsquo;amour sensuelle. C\u00e9leste dans les cheveux. D\u00e9licieusement d\u00e9cadent, on peut en mettre une goutte sous chaque aisselle comme d\u00e9odorant. Un excellent stimulant de la libido. Cet attar magnifiquement complet est parfait seul ou en tant que note de base d&rsquo;un accord \u00e9pique. Pour parfumer simplement les cheveux, le bas du corps, ou en tamponner une goutte pour le d\u00e9odorant. Enduisez la plante des pieds d&rsquo;onguent et profitez de la douceur et de la sensualit\u00e9 de tout cela. Baignez-vous dans cette beaut\u00e9 pour apaiser les pens\u00e9es et les tensions tourbillonnantes.<\/p>\n<p><strong>Taille : 5 ml &#8211; dilution 1:4 dans du jojoba<\/strong><\/p>\n<h3>Ingr\u00e9dients biologiques<\/h3>\n<p>100% Jasminum grandiflorum co-distill\u00e9 avec Santalum album.<\/p>\n<p style=\"text-align: center;\"><em>\u00ab\u00a0Imp\u00e9ratrice de la palette du parfumeur, le jasmin doit \u00eatre r\u00e9colt\u00e9 avant le soleil levant pour conserver toute la force de son parfum d\u00e9licat. Fragile et \u00e9ph\u00e9m\u00e8re, le jasmin est la nymphe d&rsquo;une fleur au parfum puissant. Un monde sans jasmin ? Tout simplement inimaginable.\u00a0\u00bb<\/em><br \/>\n~Jan Moran, <strong>Scent of Triumph<\/strong><\/p>\n<p style=\"text-align: center;\"><em>\u00ab\u00a0Elle a d\u00e9plac\u00e9 la bouteille et a retir\u00e9 le bouchon en verre. Le parfum qui s&rsquo;\u00e9chappe de la bouteille est l\u00e9ger, mais capiteux. Elle a d&rsquo;abord remarqu\u00e9 les riches notes de clou de girofle et de miel avant que ses sens ne soient sollicit\u00e9s par le parfum doux et velout\u00e9 du jasmin. Lily a ferm\u00e9 les yeux, laissant l&rsquo;infusion aromatique s&rsquo;installer dans sa conscience. Il y avait un autre \u00e9l\u00e9ment cach\u00e9 profond\u00e9ment dans le parfum. Une couche de terre qui lui r\u00e9chauffe le sang. Bois de santal.<\/em><br \/>\n<em>Lily \u00e9tait fascin\u00e9e. C&rsquo;\u00e9tait un parfum complexe et agr\u00e9able. Floral et exotique, l\u00e9ger et sombre. Impossiblement sensuel. Et \u00e7a l&rsquo;a fait penser \u00e0 elle.\u00a0\u00bb<\/em><br \/>\n~Amy Sandas, <strong>The Earl<\/strong><\/p>\n<p style=\"text-align: center;\"><em>\u00ab\u00a0La goutte de pluie a chuchot\u00e9 au jasmin, &lsquo;Garde-moi dans ton coeur pour toujours&rsquo;.\u00a0\u00bb<\/em><br \/>\n~Rabindranath Tagore<\/p>\n<p><a href=\"https:\/\/dutchhealthstore.com\/wp-content\/uploads\/2018\/02\/Living-Libations-Organic-Logo-800x89.png\"><img fetchpriority=\"high\" decoding=\"async\" class=\"size-medium wp-image-68103 aligncenter\" src=\"https:\/\/dutchhealthstore.com\/wp-content\/uploads\/2018\/02\/Living-Libations-Organic-Logo-800x89.png\" alt=\"Living Libations - Organic Logo\" width=\"800\" height=\"89\" srcset=\"https:\/\/dutchhealthstore.com\/wp-content\/uploads\/2018\/02\/Living-Libations-Organic-Logo-800x89.png 800w, https:\/\/dutchhealthstore.com\/wp-content\/uploads\/2018\/02\/Living-Libations-Organic-Logo-510x57.png 510w, https:\/\/dutchhealthstore.com\/wp-content\/uploads\/2018\/02\/Living-Libations-Organic-Logo-768x85.png 768w, https:\/\/dutchhealthstore.com\/wp-content\/uploads\/2018\/02\/Living-Libations-Organic-Logo.png 1400w\" sizes=\"(max-width: 800px) 100vw, 800px\" \/><\/a><\/p>\n","protected":false},"excerpt":{"rendered":"<p>Chameli sensuel est un Attar de Jasmin juteux distill\u00e9 \u00e0 partir de fleurs de Jasmin royal distingu\u00e9es comme grandiflorum. Les fleurs blanches en efflorescence de cette grande vigne fleurie \u00e9mettent un parfum si radieux que l&rsquo;ar\u00f4me peut \u00eatre d\u00e9tect\u00e9 de loin. La cr\u00e9ation de ce pr\u00e9cieux attar est un travail d&rsquo;amour, et le r\u00e9sultat est un petit tr\u00e9sor d&rsquo;huile pure et concentr\u00e9e. Les dons du grandiflorum sont soigneusement co-distill\u00e9s avec le bois de c\u0153ur de l&rsquo;arbre de santal pour un ar\u00f4me sensuel saisissant. Le bois de santal apporte un milieu cr\u00e9meux et chaud pour soutenir le jus des profondeurs d\u00e9licates du jasmin. L&rsquo;opulence de cet attar devient encore plus \u00e9l\u00e9gante avec le temps.<\/p>\n<p>Dilution 1 : 4 dans le jojoba<\/p>\n","protected":false},"featured_media":139632,"comment_status":"open","ping_status":"closed","template":"","meta":[],"product_brand":[],"product_cat":[6734,1507,1211,1209,3757,1010,6733],"product_tag":[4495],"class_list":{"0":"post-139892","1":"product","2":"type-product","3":"status-publish","4":"has-post-thumbnail","6":"product_cat-essential-oils","7":"product_cat-plantes-huiles-essentielles-living-libations","8":"product_cat-living-libations-france","9":"product_cat-par-marques","10":"product_cat-plantes-huiles-essentielles","11":"product_cat-notre-boutique","12":"product_cat-wellness-fr-2","13":"product_tag-essential-oil-fr","14":"pa_brand-livinglibations-fr","15":"pa_essential-oils-product-type-essential-oils-fr","16":"pa_size-5-ml-14-dillution-in-jojoba-fr","18":"first","19":"instock","20":"taxable","21":"shipping-taxable","22":"purchasable","23":"product-type-simple"},"bundled_by":[],"bundle_stock_status":"instock","bundle_stock_quantity":1,"bundle_virtual":false,"bundle_layout":"","bundle_add_to_cart_form_location":"","bundle_editable_in_cart":false,"bundle_sold_individually_context":"","bundle_item_grouping":"","bundle_min_size":"","bundle_max_size":"","bundle_price":[],"bundled_items":[],"bundle_sell_ids":[],"atum_controlled":true,"out_stock_date":null,"out_stock_threshold":null,"inheritable":false,"stock_on_hold":0,"sold_today":0,"sales_last_days":0,"out_stock_days":0,"lost_sales":0,"update_date":"2026-04-09T11:36:04","atum_locations":[],"atum_stock_status":"instock","restock_status":false,"low_stock_amount":"","sales_update_date":"2026-04-09T11:36:04","calc_backorders":null,"group_of_quantity":0,"min_quantity":0,"max_quantity":"","exclude_order_quantity_value_rules":"no","exclude_category_quantity_rules":"no","combine_variations":"no","yoast_head":"<!-- This site is optimized with the Yoast SEO Premium plugin v26.5 (Yoast SEO v26.5) - https:\/\/yoast.com\/wordpress\/plugins\/seo\/ -->\n<title>Jasmine Attar Chameli Essential Oil - Living Libations<\/title>\n<meta name=\"description\" content=\"Chameli sensuel est un Attar de Jasmin juteux distill\u00e9 \u00e0 partir de fleurs de Jasmin royal distingu\u00e9es comme grandiflorum.\" \/>\n<meta name=\"robots\" content=\"index, follow, max-snippet:-1, max-image-preview:large, max-video-preview:-1\" \/>\n<link rel=\"canonical\" href=\"https:\/\/dutchhealthstore.com\/fr\/product\/jasmine-attar-chameli-essential-oil\/\" \/>\n<meta property=\"og:locale\" content=\"fr_FR\" \/>\n<meta property=\"og:type\" content=\"article\" \/>\n<meta property=\"og:title\" content=\"Jasmine Attar Chameli Essential Oil - Dutch Health Store\" \/>\n<meta property=\"og:description\" content=\"Chameli sensuel est un Attar de Jasmin juteux distill\u00e9 \u00e0 partir de fleurs de Jasmin royal distingu\u00e9es comme grandiflorum.\" \/>\n<meta property=\"og:url\" content=\"https:\/\/dutchhealthstore.com\/fr\/product\/jasmine-attar-chameli-essential-oil\/\" \/>\n<meta property=\"og:site_name\" content=\"Dutch Health Store\" \/>\n<meta property=\"article:publisher\" content=\"https:\/\/www.instagram.com\/dutchhealthstore\/\" \/>\n<meta property=\"article:modified_time\" content=\"2023-03-02T10:11:15+00:00\" \/>\n<meta property=\"og:image\" content=\"https:\/\/dutchhealthstore.com\/wp-content\/uploads\/2021\/01\/living-libations-jasmine-attar-chameli-essential-oil.jpg\" \/>\n\t<meta property=\"og:image:width\" content=\"500\" \/>\n\t<meta property=\"og:image:height\" content=\"500\" \/>\n\t<meta property=\"og:image:type\" content=\"image\/jpeg\" \/>\n<meta name=\"twitter:card\" content=\"summary_large_image\" \/>\n<meta name=\"twitter:label1\" content=\"Prix\" \/>\n\t<meta name=\"twitter:data1\" content=\"&euro;80,00\" \/>\n\t<meta name=\"twitter:label2\" content=\"Disponibilit\u00e9\" \/>\n\t<meta name=\"twitter:data2\" content=\"En stock\" \/>\n<script type=\"application\/ld+json\" class=\"yoast-schema-graph\">{\"@context\":\"https:\/\/schema.org\",\"@graph\":[{\"@type\":\"WebPage\",\"@id\":\"https:\/\/dutchhealthstore.com\/fr\/product\/jasmine-attar-chameli-essential-oil\/\",\"url\":\"https:\/\/dutchhealthstore.com\/fr\/product\/jasmine-attar-chameli-essential-oil\/\",\"name\":\"Jasmine Attar Chameli Essential Oil - Living Libations\",\"isPartOf\":{\"@id\":\"https:\/\/dutchhealthstore.com\/fr\/#website\"},\"primaryImageOfPage\":{\"@id\":\"https:\/\/dutchhealthstore.com\/fr\/product\/jasmine-attar-chameli-essential-oil\/#primaryimage\"},\"image\":{\"@id\":\"https:\/\/dutchhealthstore.com\/fr\/product\/jasmine-attar-chameli-essential-oil\/#primaryimage\"},\"thumbnailUrl\":\"https:\/\/dutchhealthstore.com\/wp-content\/uploads\/2021\/01\/living-libations-jasmine-attar-chameli-essential-oil.jpg\",\"datePublished\":\"2021-01-19T09:53:44+00:00\",\"dateModified\":\"2023-03-02T10:11:15+00:00\",\"description\":\"Chameli sensuel est un Attar de Jasmin juteux distill\u00e9 \u00e0 partir de fleurs de Jasmin royal distingu\u00e9es comme grandiflorum.\",\"breadcrumb\":{\"@id\":\"https:\/\/dutchhealthstore.com\/fr\/product\/jasmine-attar-chameli-essential-oil\/#breadcrumb\"},\"inLanguage\":\"fr-FR\",\"potentialAction\":[{\"@type\":\"ReadAction\",\"target\":[\"https:\/\/dutchhealthstore.com\/fr\/product\/jasmine-attar-chameli-essential-oil\/\"]}]},{\"@type\":\"ImageObject\",\"inLanguage\":\"fr-FR\",\"@id\":\"https:\/\/dutchhealthstore.com\/fr\/product\/jasmine-attar-chameli-essential-oil\/#primaryimage\",\"url\":\"https:\/\/dutchhealthstore.com\/wp-content\/uploads\/2021\/01\/living-libations-jasmine-attar-chameli-essential-oil.jpg\",\"contentUrl\":\"https:\/\/dutchhealthstore.com\/wp-content\/uploads\/2021\/01\/living-libations-jasmine-attar-chameli-essential-oil.jpg\",\"width\":500,\"height\":500,\"caption\":\"living libations jasmine attar chameli essential oil\"},{\"@type\":\"BreadcrumbList\",\"@id\":\"https:\/\/dutchhealthstore.com\/fr\/product\/jasmine-attar-chameli-essential-oil\/#breadcrumb\",\"itemListElement\":[{\"@type\":\"ListItem\",\"position\":1,\"name\":\"Home\",\"item\":\"https:\/\/dutchhealthstore.com\/fr\/\"},{\"@type\":\"ListItem\",\"position\":2,\"name\":\"Shop\",\"item\":\"https:\/\/dutchhealthstore.com\/fr\/shop\/\"},{\"@type\":\"ListItem\",\"position\":3,\"name\":\"Jasmine Attar Chameli Essential Oil\"}]},{\"@type\":\"WebSite\",\"@id\":\"https:\/\/dutchhealthstore.com\/fr\/#website\",\"url\":\"https:\/\/dutchhealthstore.com\/fr\/\",\"name\":\"Dutch Health Store\",\"description\":\"Enhance Your Beauty with Organic &amp; Natural Skincare\",\"publisher\":{\"@id\":\"https:\/\/dutchhealthstore.com\/fr\/#organization\"},\"potentialAction\":[{\"@type\":\"SearchAction\",\"target\":{\"@type\":\"EntryPoint\",\"urlTemplate\":\"https:\/\/dutchhealthstore.com\/fr\/?s={search_term_string}\"},\"query-input\":{\"@type\":\"PropertyValueSpecification\",\"valueRequired\":true,\"valueName\":\"search_term_string\"}}],\"inLanguage\":\"fr-FR\"},{\"@type\":\"Organization\",\"@id\":\"https:\/\/dutchhealthstore.com\/fr\/#organization\",\"name\":\"Dutch Health Store\",\"url\":\"https:\/\/dutchhealthstore.com\/fr\/\",\"logo\":{\"@type\":\"ImageObject\",\"inLanguage\":\"fr-FR\",\"@id\":\"https:\/\/dutchhealthstore.com\/fr\/#\/schema\/logo\/image\/\",\"url\":\"https:\/\/dutchhealthstore.com\/wp-content\/uploads\/2020\/08\/logo-dutchhealthstore-jpg-e1599484957574.jpg\",\"contentUrl\":\"https:\/\/dutchhealthstore.com\/wp-content\/uploads\/2020\/08\/logo-dutchhealthstore-jpg-e1599484957574.jpg\",\"width\":400,\"height\":62,\"caption\":\"Dutch Health Store\"},\"image\":{\"@id\":\"https:\/\/dutchhealthstore.com\/fr\/#\/schema\/logo\/image\/\"},\"sameAs\":[\"https:\/\/www.instagram.com\/dutchhealthstore\/\",\"https:\/\/www.facebook.com\/dutchhealthstore\"]}]}<\/script>\n<meta property=\"product:brand\" content=\"Living Libations\" \/>\n<meta property=\"product:price:amount\" content=\"80.00\" \/>\n<meta property=\"product:price:currency\" content=\"EUR\" \/>\n<meta property=\"og:availability\" content=\"instock\" \/>\n<meta property=\"product:availability\" content=\"instock\" \/>\n<meta property=\"product:condition\" content=\"new\" \/>\n<!-- \/ Yoast SEO Premium plugin. -->","yoast_head_json":{"title":"Jasmine Attar Chameli Essential Oil - Living Libations","description":"Chameli sensuel est un Attar de Jasmin juteux distill\u00e9 \u00e0 partir de fleurs de Jasmin royal distingu\u00e9es comme grandiflorum.","robots":{"index":"index","follow":"follow","max-snippet":"max-snippet:-1","max-image-preview":"max-image-preview:large","max-video-preview":"max-video-preview:-1"},"canonical":"https:\/\/dutchhealthstore.com\/fr\/product\/jasmine-attar-chameli-essential-oil\/","og_locale":"fr_FR","og_type":"article","og_title":"Jasmine Attar Chameli Essential Oil - Dutch Health Store","og_description":"Chameli sensuel est un Attar de Jasmin juteux distill\u00e9 \u00e0 partir de fleurs de Jasmin royal distingu\u00e9es comme grandiflorum.","og_url":"https:\/\/dutchhealthstore.com\/fr\/product\/jasmine-attar-chameli-essential-oil\/","og_site_name":"Dutch Health Store","article_publisher":"https:\/\/www.instagram.com\/dutchhealthstore\/","article_modified_time":"2023-03-02T10:11:15+00:00","og_image":[{"width":500,"height":500,"url":"https:\/\/dutchhealthstore.com\/wp-content\/uploads\/2021\/01\/living-libations-jasmine-attar-chameli-essential-oil.jpg","type":"image\/jpeg"}],"twitter_card":"summary_large_image","twitter_misc":{"Prix":"&euro;80,00","Disponibilit\u00e9":"En stock"},"schema":{"@context":"https:\/\/schema.org","@graph":[{"@type":"WebPage","@id":"https:\/\/dutchhealthstore.com\/fr\/product\/jasmine-attar-chameli-essential-oil\/","url":"https:\/\/dutchhealthstore.com\/fr\/product\/jasmine-attar-chameli-essential-oil\/","name":"Jasmine Attar Chameli Essential Oil - Living Libations","isPartOf":{"@id":"https:\/\/dutchhealthstore.com\/fr\/#website"},"primaryImageOfPage":{"@id":"https:\/\/dutchhealthstore.com\/fr\/product\/jasmine-attar-chameli-essential-oil\/#primaryimage"},"image":{"@id":"https:\/\/dutchhealthstore.com\/fr\/product\/jasmine-attar-chameli-essential-oil\/#primaryimage"},"thumbnailUrl":"https:\/\/dutchhealthstore.com\/wp-content\/uploads\/2021\/01\/living-libations-jasmine-attar-chameli-essential-oil.jpg","datePublished":"2021-01-19T09:53:44+00:00","dateModified":"2023-03-02T10:11:15+00:00","description":"Chameli sensuel est un Attar de Jasmin juteux distill\u00e9 \u00e0 partir de fleurs de Jasmin royal distingu\u00e9es comme grandiflorum.","breadcrumb":{"@id":"https:\/\/dutchhealthstore.com\/fr\/product\/jasmine-attar-chameli-essential-oil\/#breadcrumb"},"inLanguage":"fr-FR","potentialAction":[{"@type":"ReadAction","target":["https:\/\/dutchhealthstore.com\/fr\/product\/jasmine-attar-chameli-essential-oil\/"]}]},{"@type":"ImageObject","inLanguage":"fr-FR","@id":"https:\/\/dutchhealthstore.com\/fr\/product\/jasmine-attar-chameli-essential-oil\/#primaryimage","url":"https:\/\/dutchhealthstore.com\/wp-content\/uploads\/2021\/01\/living-libations-jasmine-attar-chameli-essential-oil.jpg","contentUrl":"https:\/\/dutchhealthstore.com\/wp-content\/uploads\/2021\/01\/living-libations-jasmine-attar-chameli-essential-oil.jpg","width":500,"height":500,"caption":"living libations jasmine attar chameli essential oil"},{"@type":"BreadcrumbList","@id":"https:\/\/dutchhealthstore.com\/fr\/product\/jasmine-attar-chameli-essential-oil\/#breadcrumb","itemListElement":[{"@type":"ListItem","position":1,"name":"Home","item":"https:\/\/dutchhealthstore.com\/fr\/"},{"@type":"ListItem","position":2,"name":"Shop","item":"https:\/\/dutchhealthstore.com\/fr\/shop\/"},{"@type":"ListItem","position":3,"name":"Jasmine Attar Chameli Essential Oil"}]},{"@type":"WebSite","@id":"https:\/\/dutchhealthstore.com\/fr\/#website","url":"https:\/\/dutchhealthstore.com\/fr\/","name":"Dutch Health Store","description":"Enhance Your Beauty with Organic &amp; Natural Skincare","publisher":{"@id":"https:\/\/dutchhealthstore.com\/fr\/#organization"},"potentialAction":[{"@type":"SearchAction","target":{"@type":"EntryPoint","urlTemplate":"https:\/\/dutchhealthstore.com\/fr\/?s={search_term_string}"},"query-input":{"@type":"PropertyValueSpecification","valueRequired":true,"valueName":"search_term_string"}}],"inLanguage":"fr-FR"},{"@type":"Organization","@id":"https:\/\/dutchhealthstore.com\/fr\/#organization","name":"Dutch Health Store","url":"https:\/\/dutchhealthstore.com\/fr\/","logo":{"@type":"ImageObject","inLanguage":"fr-FR","@id":"https:\/\/dutchhealthstore.com\/fr\/#\/schema\/logo\/image\/","url":"https:\/\/dutchhealthstore.com\/wp-content\/uploads\/2020\/08\/logo-dutchhealthstore-jpg-e1599484957574.jpg","contentUrl":"https:\/\/dutchhealthstore.com\/wp-content\/uploads\/2020\/08\/logo-dutchhealthstore-jpg-e1599484957574.jpg","width":400,"height":62,"caption":"Dutch Health Store"},"image":{"@id":"https:\/\/dutchhealthstore.com\/fr\/#\/schema\/logo\/image\/"},"sameAs":["https:\/\/www.instagram.com\/dutchhealthstore\/","https:\/\/www.facebook.com\/dutchhealthstore"]}]},"product_brand":"Living Libations","product_price_amount":"80.00","product_price_currency":"EUR","og_availability":"instock","product_availability":"instock","product_condition":"new"},"_links":{"self":[{"href":"https:\/\/dutchhealthstore.com\/fr\/wp-json\/wp\/v2\/product\/139892","targetHints":{"allow":["GET"]}}],"collection":[{"href":"https:\/\/dutchhealthstore.com\/fr\/wp-json\/wp\/v2\/product"}],"about":[{"href":"https:\/\/dutchhealthstore.com\/fr\/wp-json\/wp\/v2\/types\/product"}],"replies":[{"embeddable":true,"href":"https:\/\/dutchhealthstore.com\/fr\/wp-json\/wp\/v2\/comments?post=139892"}],"wp:featuredmedia":[{"embeddable":true,"href":"https:\/\/dutchhealthstore.com\/fr\/wp-json\/wp\/v2\/media\/139632"}],"wp:attachment":[{"href":"https:\/\/dutchhealthstore.com\/fr\/wp-json\/wp\/v2\/media?parent=139892"}],"wp:term":[{"taxonomy":"product_brand","embeddable":true,"href":"https:\/\/dutchhealthstore.com\/fr\/wp-json\/wp\/v2\/product_brand?post=139892"},{"taxonomy":"product_cat","embeddable":true,"href":"https:\/\/dutchhealthstore.com\/fr\/wp-json\/wp\/v2\/product_cat?post=139892"},{"taxonomy":"product_tag","embeddable":true,"href":"https:\/\/dutchhealthstore.com\/fr\/wp-json\/wp\/v2\/product_tag?post=139892"}],"curies":[{"name":"wp","href":"https:\/\/api.w.org\/{rel}","templated":true}]}}