{"id":139856,"date":"2021-01-19T10:50:22","date_gmt":"2021-01-19T09:50:22","guid":{"rendered":"https:\/\/dutchhealthstore.com\/product\/jasmine-attar-motia-essential-oil\/"},"modified":"2024-05-23T15:29:49","modified_gmt":"2024-05-23T13:29:49","slug":"jasmine-attar-motia-essential-oil","status":"publish","type":"product","link":"https:\/\/dutchhealthstore.com\/fr\/product\/jasmine-attar-motia-essential-oil\/","title":{"rendered":"Jasmine Attar Motia Essential Oil"},"content":{"rendered":"<p><strong><a href=\"https:\/\/dutchhealthstore.com\/wp-content\/uploads\/2019\/08\/NEW-Living-Libations-Logo.jpg\"><img decoding=\"async\" class=\"size-full wp-image-69549 alignright\" src=\"https:\/\/dutchhealthstore.com\/wp-content\/uploads\/2019\/08\/NEW-Living-Libations-Logo.jpg\" alt=\"NEW - Living Libations - Logo\" width=\"175\" height=\"82\"><\/a>Nom botanique<\/strong>: Jasminum sambac + Santalum album<br \/>\n<strong>Famille botanique :<\/strong> Oleaceae<br \/>\n<strong>M\u00e9thode d&rsquo;extraction :<\/strong> Distillation \u00e0 la vapeur<br \/>\n<strong>Partie de la plante distill\u00e9e <\/strong>: Fleurs de jasmin sambac et bois de c\u0153ur de santal.<br \/>\n<strong>Pays d&rsquo;origine<\/strong> : Inde<br \/>\n<strong>M\u00e9thode de culture :<\/strong> Organique<br \/>\n<strong>Composition <\/strong>: 100% Jasminum sambac co-distill\u00e9 avec Santalum album<br \/>\n<strong>Consistance <\/strong>: Viscosit\u00e9 moyenne. Couleur ambre clair.<\/p>\n<h3>Description de l&rsquo;odeur<\/h3>\n<p>Le bois de santal sulfureux fait ressortir l&rsquo;indole irr\u00e9sistible des notes florales f\u00e9condes du jasmin. Plus terreux et plus franc que Chameli Attar.<\/p>\n<h3>Se marie bien avec<\/h3>\n<p>Charmant et complet comme attar et peut \u00eatre ajout\u00e9 au Jasmin, \u00e0 la Rose, \u00e0 l&rsquo;Ylang, au Santal, au C\u00e8dre, \u00e0 l&rsquo;\u0152illet, au N\u00e9roli, au Pamplemousse, \u00e0 la Vanille, au Patchouli et au Citron.<\/p>\n<h3>Utilisations<\/h3>\n<p>Cet attar est un parfum instantan\u00e9 pour tout point d&rsquo;impulsion. Diffus. Ajoutez quelques gouttes aux bains. Apaise les sentiments et enveloppe d&rsquo;un confort douillet. Potion d&rsquo;amour sensuelle. C\u00e9leste dans les cheveux. D\u00e9licieusement d\u00e9cadent, on peut en mettre une goutte sous chaque aisselle comme d\u00e9odorant. Un excellent stimulant de la libido. Cet attar magnifiquement complet est parfait en tant que tel, ou comme base d&rsquo;un accord \u00e9pique. Pour parfumer simplement les cheveux, le bas du corps, ou en tamponner une goutte pour le d\u00e9odorant. Enduisez la plante des pieds d&rsquo;onguent et profitez de la douceur et de la sensualit\u00e9 de tout cela. Baignez-vous dans cette beaut\u00e9 pour apaiser les pens\u00e9es et les tensions tourbillonnantes.<\/p>\n<p>Si l&rsquo;on pouvait presser le parfum des s\u00e9pales du Jasmin Sambac avec des rayons de terre et en faire un hydromel essentiel, on obtiendrait le Motia Attar, un onguent ancien et \u00e9l\u00e9gant digne des rois arabes et mis en bouteille sous forme de psaumes parfum\u00e9s pour Saba.<\/p>\n<p><strong>Taille: 5 ml &#8211; 1:4 dillution in jojoba<\/strong><\/p>\n<h3>Ingr\u00e9dients biologiques<\/h3>\n<p>100% Jasminum sambac co-distill\u00e9 avec Santalum album.<\/p>\n<p style=\"text-align: center;\"><em>\u00ab\u00a0Un enchev\u00eatrement de jasmin \u00e9toil\u00e9 s&rsquo;est r\u00e9pandu sur le chemin et Alice s&rsquo;est agenouill\u00e9e pour en cueillir une branche, la tenant sous son nez et respirant l&rsquo;odeur du soleil captur\u00e9.\u00a0\u00bb<\/em><br \/>\n~Kate Morton, <strong>The Lake House<\/strong><\/p>\n<p style=\"text-align: center;\"><em>\u00ab\u00a0Il y a une saison pour cette maturation,<\/em><br \/>\n<em>comme la s\u00e8ve de l&rsquo;arbre monte pour s&rsquo;accomplir<\/em><br \/>\n<em>le fruit de la branche la plus haute,<\/em><br \/>\n<em>ou le mouvement du jasmin<\/em><br \/>\n<em>grimper aux treillis pour se montrer<\/em><br \/>\n<em>une seule fleur \u00e0 une mar\u00e9e de nouvelle lune.\u00a0\u00bb<\/em><br \/>\n~Marjorie Evasco, <strong>Ochre Tones<\/strong><\/p>\n<p style=\"text-align: center;\"><em>\u00ab\u00a0Observez<\/em><br \/>\n<em>la l\u00e9g\u00e8ret\u00e9 du jasmin<\/em><br \/>\n<em>de la lune.\u00a0\u00bb<\/em><br \/>\n~William Carlos Williams<\/p>\n<p style=\"text-align: center;\"><em>\u00ab\u00a0En Inde, la plante de jasmin est appel\u00e9e \u00ab\u00a0reine de la nuit\u00a0\u00bb ou \u00ab\u00a0lune du jardin\u00a0\u00bb. Cette plante aux fleurs de la couleur du clair de lune d\u00e9gage g\u00e9n\u00e9reusement, surtout la nuit, un parfum magique. Comme les eaux d&rsquo;une rivi\u00e8re douce, ce parfum p\u00e9n\u00e8tre les couches les plus profondes de notre \u00e2me, ouvrant les portes de nos \u00e9motions.\u00a0\u00bb<\/em><br \/>\n~Susanne Fischer-Rizzi, <strong>Complete Aromatherapy Handbook<\/strong><\/p>\n<p style=\"text-align: center;\"><em>\u00ab\u00a0Il sentait tr\u00e8s bon. Son odeur chaude et estivale de bois de santal m\u00e9lang\u00e9e au jasmin. \u00c7a doit \u00eatre l&rsquo;odeur du paradis.\u00a0\u00bb<\/em><br \/>\n~Colleen Houck, <strong>Tiger&rsquo;s Curse <\/strong><\/p>\n<p><a href=\"https:\/\/dutchhealthstore.com\/wp-content\/uploads\/2018\/02\/Living-Libations-Organic-Logo-800x89.png\"><img fetchpriority=\"high\" decoding=\"async\" class=\"size-medium wp-image-68103 aligncenter\" src=\"https:\/\/dutchhealthstore.com\/wp-content\/uploads\/2018\/02\/Living-Libations-Organic-Logo-800x89.png\" alt=\"Living Libations - Organic Logo\" width=\"800\" height=\"89\" srcset=\"https:\/\/dutchhealthstore.com\/wp-content\/uploads\/2018\/02\/Living-Libations-Organic-Logo-800x89.png 800w, https:\/\/dutchhealthstore.com\/wp-content\/uploads\/2018\/02\/Living-Libations-Organic-Logo-510x57.png 510w, https:\/\/dutchhealthstore.com\/wp-content\/uploads\/2018\/02\/Living-Libations-Organic-Logo-768x85.png 768w, https:\/\/dutchhealthstore.com\/wp-content\/uploads\/2018\/02\/Living-Libations-Organic-Logo.png 1400w\" sizes=\"(max-width: 800px) 100vw, 800px\" \/><\/a><\/p>\n","protected":false},"excerpt":{"rendered":"<p>Jasmine Attar Motia, \u00e9galement connu sous le nom de Motia Attar, associe le jus du jasmin \u00e0 la s\u00e8ve du bois de santal pour un attar de qualit\u00e9, quintessentiel, qui vous fera vous p\u00e2mer pour sa simple sensualit\u00e9 et vous remerciera de pouvoir capter une merveilleuse bouff\u00e9e de la substance fusionn\u00e9e qui a uni les amoureux \u00e0 travers les \u00e9ternit\u00e9s. Les fleurs de jasmin tremp\u00e9es dans l&rsquo;aube sont r\u00e9colt\u00e9es sur des vignes en pleine mousson, puis co-distill\u00e9es avec du bois de santal s\u00e9ch\u00e9 au cours d&rsquo;un lent processus de quatorze jours pour capturer cette union de fleurs et d&rsquo;\u00e9corce de bois de c\u0153ur.<\/p>\n","protected":false},"featured_media":139645,"comment_status":"open","ping_status":"closed","template":"","meta":[],"product_brand":[],"product_cat":[6734,1507,1211,1209,3757,1010,6733],"product_tag":[4495],"class_list":{"0":"post-139856","1":"product","2":"type-product","3":"status-publish","4":"has-post-thumbnail","6":"product_cat-essential-oils","7":"product_cat-plantes-huiles-essentielles-living-libations","8":"product_cat-living-libations-france","9":"product_cat-par-marques","10":"product_cat-plantes-huiles-essentielles","11":"product_cat-notre-boutique","12":"product_cat-wellness-fr-2","13":"product_tag-essential-oil-fr","14":"pa_brand-livinglibations-fr","15":"pa_essential-oils-product-type-essential-oils-fr","16":"pa_size-5-ml-14-dillution-in-jojoba-fr","18":"first","19":"instock","20":"taxable","21":"shipping-taxable","22":"purchasable","23":"product-type-variable"},"bundled_by":[],"bundle_stock_status":"instock","bundle_stock_quantity":null,"bundle_virtual":false,"bundle_layout":"","bundle_add_to_cart_form_location":"","bundle_editable_in_cart":false,"bundle_sold_individually_context":"","bundle_item_grouping":"","bundle_min_size":"","bundle_max_size":"","bundle_price":[],"bundled_items":[],"bundle_sell_ids":[],"atum_controlled":true,"out_stock_date":"2021-01-19 10:44:17","out_stock_threshold":null,"inheritable":true,"stock_on_hold":0,"sold_today":0,"sales_last_days":0,"out_stock_days":1904,"lost_sales":0,"update_date":"2026-04-08T01:47:14","atum_locations":[],"atum_stock_status":"outofstock","restock_status":false,"low_stock_amount":"","sales_update_date":"2026-04-08T01:47:14","calc_backorders":null,"group_of_quantity":0,"min_quantity":0,"max_quantity":"","exclude_order_quantity_value_rules":"no","exclude_category_quantity_rules":"no","combine_variations":"no","yoast_head":"<!-- This site is optimized with the Yoast SEO Premium plugin v26.5 (Yoast SEO v26.5) - https:\/\/yoast.com\/wordpress\/plugins\/seo\/ -->\n<title>Jasmine Attar Motia Essential Oil - Living Libations<\/title>\n<meta name=\"description\" content=\"Les fleurs de jasmin tremp\u00e9es dans l&#039;aube sont r\u00e9colt\u00e9es sur des vignes en pleine mousson, puis co-distill\u00e9es avec du bois de santal s\u00e9ch\u00e9 au cours d&#039;un lent processus de quatorze jours pour capturer cette union de fleurs et d&#039;\u00e9corce de bois de c\u0153ur.\" \/>\n<meta name=\"robots\" content=\"index, follow, max-snippet:-1, max-image-preview:large, max-video-preview:-1\" \/>\n<link rel=\"canonical\" href=\"https:\/\/dutchhealthstore.com\/fr\/product\/jasmine-attar-motia-essential-oil\/\" \/>\n<meta property=\"og:locale\" content=\"fr_FR\" \/>\n<meta property=\"og:type\" content=\"article\" \/>\n<meta property=\"og:title\" content=\"Jasmine Attar Motia Essential Oil - Dutch Health Store\" \/>\n<meta property=\"og:description\" content=\"Les fleurs de jasmin tremp\u00e9es dans l&#039;aube sont r\u00e9colt\u00e9es sur des vignes en pleine mousson, puis co-distill\u00e9es avec du bois de santal s\u00e9ch\u00e9 au cours d&#039;un lent processus de quatorze jours pour capturer cette union de fleurs et d&#039;\u00e9corce de bois de c\u0153ur.\" \/>\n<meta property=\"og:url\" content=\"https:\/\/dutchhealthstore.com\/fr\/product\/jasmine-attar-motia-essential-oil\/\" \/>\n<meta property=\"og:site_name\" content=\"Dutch Health Store\" \/>\n<meta property=\"article:publisher\" content=\"https:\/\/www.instagram.com\/dutchhealthstore\/\" \/>\n<meta property=\"article:modified_time\" content=\"2024-05-23T13:29:49+00:00\" \/>\n<meta property=\"og:image\" content=\"https:\/\/dutchhealthstore.com\/wp-content\/uploads\/2021\/01\/Jasmine-Attar-Motia-Essential-Oil.jpg\" \/>\n\t<meta property=\"og:image:width\" content=\"500\" \/>\n\t<meta property=\"og:image:height\" content=\"500\" \/>\n\t<meta property=\"og:image:type\" content=\"image\/jpeg\" \/>\n<meta name=\"twitter:card\" content=\"summary_large_image\" \/>\n<meta name=\"twitter:label1\" content=\"Disponibilit\u00e9\" \/>\n\t<meta name=\"twitter:data1\" content=\"En stock\" \/>\n<script type=\"application\/ld+json\" class=\"yoast-schema-graph\">{\"@context\":\"https:\/\/schema.org\",\"@graph\":[{\"@type\":\"WebPage\",\"@id\":\"https:\/\/dutchhealthstore.com\/fr\/product\/jasmine-attar-motia-essential-oil\/\",\"url\":\"https:\/\/dutchhealthstore.com\/fr\/product\/jasmine-attar-motia-essential-oil\/\",\"name\":\"Jasmine Attar Motia Essential Oil - Living Libations\",\"isPartOf\":{\"@id\":\"https:\/\/dutchhealthstore.com\/fr\/#website\"},\"primaryImageOfPage\":{\"@id\":\"https:\/\/dutchhealthstore.com\/fr\/product\/jasmine-attar-motia-essential-oil\/#primaryimage\"},\"image\":{\"@id\":\"https:\/\/dutchhealthstore.com\/fr\/product\/jasmine-attar-motia-essential-oil\/#primaryimage\"},\"thumbnailUrl\":\"https:\/\/dutchhealthstore.com\/wp-content\/uploads\/2021\/01\/Jasmine-Attar-Motia-Essential-Oil.jpg\",\"datePublished\":\"2021-01-19T09:50:22+00:00\",\"dateModified\":\"2024-05-23T13:29:49+00:00\",\"description\":\"Les fleurs de jasmin tremp\u00e9es dans l'aube sont r\u00e9colt\u00e9es sur des vignes en pleine mousson, puis co-distill\u00e9es avec du bois de santal s\u00e9ch\u00e9 au cours d'un lent processus de quatorze jours pour capturer cette union de fleurs et d'\u00e9corce de bois de c\u0153ur.\",\"breadcrumb\":{\"@id\":\"https:\/\/dutchhealthstore.com\/fr\/product\/jasmine-attar-motia-essential-oil\/#breadcrumb\"},\"inLanguage\":\"fr-FR\",\"potentialAction\":[{\"@type\":\"ReadAction\",\"target\":[\"https:\/\/dutchhealthstore.com\/fr\/product\/jasmine-attar-motia-essential-oil\/\"]}]},{\"@type\":\"ImageObject\",\"inLanguage\":\"fr-FR\",\"@id\":\"https:\/\/dutchhealthstore.com\/fr\/product\/jasmine-attar-motia-essential-oil\/#primaryimage\",\"url\":\"https:\/\/dutchhealthstore.com\/wp-content\/uploads\/2021\/01\/Jasmine-Attar-Motia-Essential-Oil.jpg\",\"contentUrl\":\"https:\/\/dutchhealthstore.com\/wp-content\/uploads\/2021\/01\/Jasmine-Attar-Motia-Essential-Oil.jpg\",\"width\":500,\"height\":500,\"caption\":\"Jasmine Attar Motia Essential Oil\"},{\"@type\":\"BreadcrumbList\",\"@id\":\"https:\/\/dutchhealthstore.com\/fr\/product\/jasmine-attar-motia-essential-oil\/#breadcrumb\",\"itemListElement\":[{\"@type\":\"ListItem\",\"position\":1,\"name\":\"Home\",\"item\":\"https:\/\/dutchhealthstore.com\/fr\/\"},{\"@type\":\"ListItem\",\"position\":2,\"name\":\"Shop\",\"item\":\"https:\/\/dutchhealthstore.com\/fr\/shop\/\"},{\"@type\":\"ListItem\",\"position\":3,\"name\":\"Jasmine Attar Motia Essential Oil\"}]},{\"@type\":\"WebSite\",\"@id\":\"https:\/\/dutchhealthstore.com\/fr\/#website\",\"url\":\"https:\/\/dutchhealthstore.com\/fr\/\",\"name\":\"Dutch Health Store\",\"description\":\"Enhance Your Beauty with Organic &amp; Natural Skincare\",\"publisher\":{\"@id\":\"https:\/\/dutchhealthstore.com\/fr\/#organization\"},\"potentialAction\":[{\"@type\":\"SearchAction\",\"target\":{\"@type\":\"EntryPoint\",\"urlTemplate\":\"https:\/\/dutchhealthstore.com\/fr\/?s={search_term_string}\"},\"query-input\":{\"@type\":\"PropertyValueSpecification\",\"valueRequired\":true,\"valueName\":\"search_term_string\"}}],\"inLanguage\":\"fr-FR\"},{\"@type\":\"Organization\",\"@id\":\"https:\/\/dutchhealthstore.com\/fr\/#organization\",\"name\":\"Dutch Health Store\",\"url\":\"https:\/\/dutchhealthstore.com\/fr\/\",\"logo\":{\"@type\":\"ImageObject\",\"inLanguage\":\"fr-FR\",\"@id\":\"https:\/\/dutchhealthstore.com\/fr\/#\/schema\/logo\/image\/\",\"url\":\"https:\/\/dutchhealthstore.com\/wp-content\/uploads\/2020\/08\/logo-dutchhealthstore-jpg-e1599484957574.jpg\",\"contentUrl\":\"https:\/\/dutchhealthstore.com\/wp-content\/uploads\/2020\/08\/logo-dutchhealthstore-jpg-e1599484957574.jpg\",\"width\":400,\"height\":62,\"caption\":\"Dutch Health Store\"},\"image\":{\"@id\":\"https:\/\/dutchhealthstore.com\/fr\/#\/schema\/logo\/image\/\"},\"sameAs\":[\"https:\/\/www.instagram.com\/dutchhealthstore\/\",\"https:\/\/www.facebook.com\/dutchhealthstore\"]}]}<\/script>\n<meta property=\"product:brand\" content=\"Living Libations\" \/>\n<meta property=\"og:availability\" content=\"instock\" \/>\n<meta property=\"product:availability\" content=\"instock\" \/>\n<meta property=\"product:condition\" content=\"new\" \/>\n<!-- \/ Yoast SEO Premium plugin. -->","yoast_head_json":{"title":"Jasmine Attar Motia Essential Oil - Living Libations","description":"Les fleurs de jasmin tremp\u00e9es dans l'aube sont r\u00e9colt\u00e9es sur des vignes en pleine mousson, puis co-distill\u00e9es avec du bois de santal s\u00e9ch\u00e9 au cours d'un lent processus de quatorze jours pour capturer cette union de fleurs et d'\u00e9corce de bois de c\u0153ur.","robots":{"index":"index","follow":"follow","max-snippet":"max-snippet:-1","max-image-preview":"max-image-preview:large","max-video-preview":"max-video-preview:-1"},"canonical":"https:\/\/dutchhealthstore.com\/fr\/product\/jasmine-attar-motia-essential-oil\/","og_locale":"fr_FR","og_type":"article","og_title":"Jasmine Attar Motia Essential Oil - Dutch Health Store","og_description":"Les fleurs de jasmin tremp\u00e9es dans l'aube sont r\u00e9colt\u00e9es sur des vignes en pleine mousson, puis co-distill\u00e9es avec du bois de santal s\u00e9ch\u00e9 au cours d'un lent processus de quatorze jours pour capturer cette union de fleurs et d'\u00e9corce de bois de c\u0153ur.","og_url":"https:\/\/dutchhealthstore.com\/fr\/product\/jasmine-attar-motia-essential-oil\/","og_site_name":"Dutch Health Store","article_publisher":"https:\/\/www.instagram.com\/dutchhealthstore\/","article_modified_time":"2024-05-23T13:29:49+00:00","og_image":[{"width":500,"height":500,"url":"https:\/\/dutchhealthstore.com\/wp-content\/uploads\/2021\/01\/Jasmine-Attar-Motia-Essential-Oil.jpg","type":"image\/jpeg"}],"twitter_card":"summary_large_image","twitter_misc":{"Disponibilit\u00e9":"En stock"},"schema":{"@context":"https:\/\/schema.org","@graph":[{"@type":"WebPage","@id":"https:\/\/dutchhealthstore.com\/fr\/product\/jasmine-attar-motia-essential-oil\/","url":"https:\/\/dutchhealthstore.com\/fr\/product\/jasmine-attar-motia-essential-oil\/","name":"Jasmine Attar Motia Essential Oil - Living Libations","isPartOf":{"@id":"https:\/\/dutchhealthstore.com\/fr\/#website"},"primaryImageOfPage":{"@id":"https:\/\/dutchhealthstore.com\/fr\/product\/jasmine-attar-motia-essential-oil\/#primaryimage"},"image":{"@id":"https:\/\/dutchhealthstore.com\/fr\/product\/jasmine-attar-motia-essential-oil\/#primaryimage"},"thumbnailUrl":"https:\/\/dutchhealthstore.com\/wp-content\/uploads\/2021\/01\/Jasmine-Attar-Motia-Essential-Oil.jpg","datePublished":"2021-01-19T09:50:22+00:00","dateModified":"2024-05-23T13:29:49+00:00","description":"Les fleurs de jasmin tremp\u00e9es dans l'aube sont r\u00e9colt\u00e9es sur des vignes en pleine mousson, puis co-distill\u00e9es avec du bois de santal s\u00e9ch\u00e9 au cours d'un lent processus de quatorze jours pour capturer cette union de fleurs et d'\u00e9corce de bois de c\u0153ur.","breadcrumb":{"@id":"https:\/\/dutchhealthstore.com\/fr\/product\/jasmine-attar-motia-essential-oil\/#breadcrumb"},"inLanguage":"fr-FR","potentialAction":[{"@type":"ReadAction","target":["https:\/\/dutchhealthstore.com\/fr\/product\/jasmine-attar-motia-essential-oil\/"]}]},{"@type":"ImageObject","inLanguage":"fr-FR","@id":"https:\/\/dutchhealthstore.com\/fr\/product\/jasmine-attar-motia-essential-oil\/#primaryimage","url":"https:\/\/dutchhealthstore.com\/wp-content\/uploads\/2021\/01\/Jasmine-Attar-Motia-Essential-Oil.jpg","contentUrl":"https:\/\/dutchhealthstore.com\/wp-content\/uploads\/2021\/01\/Jasmine-Attar-Motia-Essential-Oil.jpg","width":500,"height":500,"caption":"Jasmine Attar Motia Essential Oil"},{"@type":"BreadcrumbList","@id":"https:\/\/dutchhealthstore.com\/fr\/product\/jasmine-attar-motia-essential-oil\/#breadcrumb","itemListElement":[{"@type":"ListItem","position":1,"name":"Home","item":"https:\/\/dutchhealthstore.com\/fr\/"},{"@type":"ListItem","position":2,"name":"Shop","item":"https:\/\/dutchhealthstore.com\/fr\/shop\/"},{"@type":"ListItem","position":3,"name":"Jasmine Attar Motia Essential Oil"}]},{"@type":"WebSite","@id":"https:\/\/dutchhealthstore.com\/fr\/#website","url":"https:\/\/dutchhealthstore.com\/fr\/","name":"Dutch Health Store","description":"Enhance Your Beauty with Organic &amp; Natural Skincare","publisher":{"@id":"https:\/\/dutchhealthstore.com\/fr\/#organization"},"potentialAction":[{"@type":"SearchAction","target":{"@type":"EntryPoint","urlTemplate":"https:\/\/dutchhealthstore.com\/fr\/?s={search_term_string}"},"query-input":{"@type":"PropertyValueSpecification","valueRequired":true,"valueName":"search_term_string"}}],"inLanguage":"fr-FR"},{"@type":"Organization","@id":"https:\/\/dutchhealthstore.com\/fr\/#organization","name":"Dutch Health Store","url":"https:\/\/dutchhealthstore.com\/fr\/","logo":{"@type":"ImageObject","inLanguage":"fr-FR","@id":"https:\/\/dutchhealthstore.com\/fr\/#\/schema\/logo\/image\/","url":"https:\/\/dutchhealthstore.com\/wp-content\/uploads\/2020\/08\/logo-dutchhealthstore-jpg-e1599484957574.jpg","contentUrl":"https:\/\/dutchhealthstore.com\/wp-content\/uploads\/2020\/08\/logo-dutchhealthstore-jpg-e1599484957574.jpg","width":400,"height":62,"caption":"Dutch Health Store"},"image":{"@id":"https:\/\/dutchhealthstore.com\/fr\/#\/schema\/logo\/image\/"},"sameAs":["https:\/\/www.instagram.com\/dutchhealthstore\/","https:\/\/www.facebook.com\/dutchhealthstore"]}]},"product_brand":"Living Libations","og_availability":"instock","product_availability":"instock","product_condition":"new"},"_links":{"self":[{"href":"https:\/\/dutchhealthstore.com\/fr\/wp-json\/wp\/v2\/product\/139856","targetHints":{"allow":["GET"]}}],"collection":[{"href":"https:\/\/dutchhealthstore.com\/fr\/wp-json\/wp\/v2\/product"}],"about":[{"href":"https:\/\/dutchhealthstore.com\/fr\/wp-json\/wp\/v2\/types\/product"}],"replies":[{"embeddable":true,"href":"https:\/\/dutchhealthstore.com\/fr\/wp-json\/wp\/v2\/comments?post=139856"}],"wp:featuredmedia":[{"embeddable":true,"href":"https:\/\/dutchhealthstore.com\/fr\/wp-json\/wp\/v2\/media\/139645"}],"wp:attachment":[{"href":"https:\/\/dutchhealthstore.com\/fr\/wp-json\/wp\/v2\/media?parent=139856"}],"wp:term":[{"taxonomy":"product_brand","embeddable":true,"href":"https:\/\/dutchhealthstore.com\/fr\/wp-json\/wp\/v2\/product_brand?post=139856"},{"taxonomy":"product_cat","embeddable":true,"href":"https:\/\/dutchhealthstore.com\/fr\/wp-json\/wp\/v2\/product_cat?post=139856"},{"taxonomy":"product_tag","embeddable":true,"href":"https:\/\/dutchhealthstore.com\/fr\/wp-json\/wp\/v2\/product_tag?post=139856"}],"curies":[{"name":"wp","href":"https:\/\/api.w.org\/{rel}","templated":true}]}}