{"id":139806,"date":"2021-01-19T09:28:32","date_gmt":"2021-01-19T08:28:32","guid":{"rendered":"https:\/\/dutchhealthstore.com\/product\/lavender-french-fine-essential-oil\/"},"modified":"2025-07-25T15:08:27","modified_gmt":"2025-07-25T13:08:27","slug":"lavender-french-fine-essential-oil","status":"publish","type":"product","link":"https:\/\/dutchhealthstore.com\/fr\/product\/lavender-french-fine-essential-oil\/","title":{"rendered":"Lavender, French Fine Essential Oil"},"content":{"rendered":"<p><strong><a href=\"https:\/\/dutchhealthstore.com\/wp-content\/uploads\/2019\/08\/NEW-Living-Libations-Logo.jpg\"><img decoding=\"async\" class=\"size-full wp-image-69549 alignright\" src=\"https:\/\/dutchhealthstore.com\/wp-content\/uploads\/2019\/08\/NEW-Living-Libations-Logo.jpg\" alt=\"NEW - Living Libations - Logo\" width=\"175\" height=\"82\"><\/a>Nom botanique<\/strong> : Lavandula angustifolia<br \/>\n<strong>Famille botanique <\/strong>: Lamiaceae<br \/>\n<strong>M\u00e9thode d&rsquo;extraction<\/strong> : Distillation \u00e0 la vapeur<br \/>\n<strong>Partie de la plante distill\u00e9e<\/strong> : sommit\u00e9s fleuries<br \/>\n<strong>Pays d&rsquo;origine <\/strong>: France<br \/>\n<strong>M\u00e9thode de culture :<\/strong> Organique<br \/>\n<strong>Composition<\/strong> : 100% Lavandula angustifolia<br \/>\n<strong>Consistance<\/strong>: Un liquide fin, clair \u00e0 l\u00e9g\u00e8rement jaune.<\/p>\n<h3>Description de l&rsquo;odeur<\/h3>\n<p>Frais, brillant et floral. L\u00e9g\u00e8rement sucr\u00e9.<\/p>\n<h3>Se marie bien avec<\/h3>\n<p>La rose otto, le nard, l&rsquo;\u00e9pinette noire, le pamplemousse, l&rsquo;ylang, la sauge sclar\u00e9e, la bergamote, la menthe poivr\u00e9e, le citron, le bois de santal, l&rsquo;encens, l&rsquo;anis, le fenouil, la marjolaine, le sapin de Douglas, l&rsquo;herbe vernale, le bornia, le cassis et le mastic.<\/p>\n<h3>Utilisations<\/h3>\n<p>Les bases botaniques de l&rsquo;\u00e9quilibre. Fait fondre les muscles dans les huiles de massage. Huile de bain apaisante pour le coucher. Appliquer pur sur la peau pour tonifier les imperfections, conditionner le teint, et soigner les sensibilit\u00e9s. Adoucit l&rsquo;apparence des cicatrices et des taches. Ravissant sur le linge de maison, les oreillers, et orn\u00e9 dans les tiroirs. Une fragrance fine pour les parfums. Diffusez la berceuse de la lavande dans les chambres \u00e0 coucher et les cr\u00e8ches. \u00c9loigne la chaleur des t\u00eates br\u00fbl\u00e9es, nettoie les \u00e9motions stagnantes et apaise les nerfs.<\/p>\n<h3>Composition<\/h3>\n<p>Esters, monoterp\u00e8nes, monoterp\u00e9nols ; jusqu&rsquo;\u00e0 45% de linalol, jusqu&rsquo;\u00e0 40% d&rsquo;ac\u00e9tate de linalyle, et un maximum de 6% de camphre.<\/p>\n<p>French Fine Lavender Essential Oil est fra\u00eeche et lumineuse, d\u00e9bordant de l&rsquo;\u00e9nergie des plantes biologiques cultiv\u00e9es \u00e0 partir de graines fertiles, au lieu d&rsquo;autres formes de propagation. Les plantes sont cultiv\u00e9es dans les Alpes fran\u00e7aises o\u00f9 la temp\u00e9rature plus basse de l&rsquo;air renforce les huiles aromatiques. Les fleurs sont distill\u00e9es \u00e0 la vapeur pour pr\u00e9server les compos\u00e9s botaniques exquis qui rendent cette fabuleuse essence si fine. Connue en France sous le nom de Lavande population, cette lavande sp\u00e9ciale est cultiv\u00e9e \u00e0 800 m\u00e8tres d&rsquo;altitude et est sp\u00e9cialement certifi\u00e9e AOC, appellation d&rsquo;origine contr\u00f4l\u00e9e.<\/p>\n<p>Sur le plan aromath\u00e9rapeutique, French Fine Lavender est un \u00e9lixir pour le surmenage du corps et de l&rsquo;esprit. Elle apporte du r\u00e9confort au cerveau et est une panac\u00e9e apaisante pour les muscles tendus et la peau tendre et gonfl\u00e9e.<\/p>\n<p>D&rsquo;un point de vue botanique, la lavande v\u00e9ritable offre un socle bienveillant d&rsquo;\u00e9quilibre au corps et \u00e0 l&rsquo;esprit. Nous proposons un triumvirat de belles lavandes ; notre lavande fine est une lavande fran\u00e7aise classique issue de graines sauvages. Notre lavande alpine de haute qualit\u00e9 n&rsquo;a pas son pareil en mati\u00e8re de poudre ; elle est ultra \u00e9l\u00e9gante et contient les esters les plus \u00e9lev\u00e9s pour des soins exquis de la peau. Et, notre Lavande Bulgare est une essence polychrome, un couteau suisse de l&rsquo;aromath\u00e9rapie : toujours \u00e0 port\u00e9e de main, agr\u00e9ablement pratique, et merveilleuse pour, eh bien, tout ! Il est certain qu&rsquo;un trio des trois apporte beaucoup de joie aux connaisseurs sensoriels qui aiment apprendre \u00e0 conna\u00eetre les douces subtilit\u00e9s du parfum et de l&rsquo;esprit que chaque essence offre.<\/p>\n<p><strong>Taille : 5 ml<\/strong><\/p>\n<h3>Ingr\u00e9dients biologiques<\/h3>\n<p>100% d&rsquo;huile essentielle de lavande fine fran\u00e7aise (Lavandula angustifolia).<\/p>\n<p style=\"text-align: center;\"><em>\u00ab\u00a0Le grand th\u00e8me qui \u00e9merge de l&rsquo;ensemble des effets th\u00e9rapeutiques de la lavande est celui o\u00f9 la relaxation est \u00e9quilibr\u00e9e par la restauration suivie d&rsquo;un effet r\u00e9gulateur net.\u00a0\u00bb<\/em><br \/>\n~Peter Holmes, <strong>Aromatica<\/strong><\/p>\n<p><a href=\"https:\/\/dutchhealthstore.com\/wp-content\/uploads\/2018\/02\/Living-Libations-Organic-Logo-800x89.png\"><img fetchpriority=\"high\" decoding=\"async\" class=\"size-medium wp-image-68103 aligncenter\" src=\"https:\/\/dutchhealthstore.com\/wp-content\/uploads\/2018\/02\/Living-Libations-Organic-Logo-800x89.png\" alt=\"Living Libations - Organic Logo\" width=\"800\" height=\"89\" srcset=\"https:\/\/dutchhealthstore.com\/wp-content\/uploads\/2018\/02\/Living-Libations-Organic-Logo-800x89.png 800w, https:\/\/dutchhealthstore.com\/wp-content\/uploads\/2018\/02\/Living-Libations-Organic-Logo-510x57.png 510w, https:\/\/dutchhealthstore.com\/wp-content\/uploads\/2018\/02\/Living-Libations-Organic-Logo-768x85.png 768w, https:\/\/dutchhealthstore.com\/wp-content\/uploads\/2018\/02\/Living-Libations-Organic-Logo.png 1400w\" sizes=\"(max-width: 800px) 100vw, 800px\" \/><\/a><\/p>\n","protected":false},"excerpt":{"rendered":"<p>La lavande fine fran\u00e7aise est le joyau l\u00e9gendaire de Living Libations. Cette fine fragrance florale et rafra\u00eechissante est distill\u00e9e par notre distillateur de lavande fran\u00e7aise de quatri\u00e8me g\u00e9n\u00e9ration et est c\u00e9l\u00e9br\u00e9e comme le croisement de l&rsquo;huile de la plus haute qualit\u00e9 pour le meilleur rapport qualit\u00e9-prix. Cette somptueuse Lavande est tr\u00e8s polyvalente, majestueusement r\u00e9paratrice, et sagacement douce.<\/p>\n","protected":false},"featured_media":139620,"comment_status":"open","ping_status":"closed","template":"","meta":[],"product_brand":[],"product_cat":[6734,1507,1211,1209,3757,1010,6733],"product_tag":[4495],"class_list":{"0":"post-139806","1":"product","2":"type-product","3":"status-publish","4":"has-post-thumbnail","6":"product_cat-essential-oils","7":"product_cat-plantes-huiles-essentielles-living-libations","8":"product_cat-living-libations-france","9":"product_cat-par-marques","10":"product_cat-plantes-huiles-essentielles","11":"product_cat-notre-boutique","12":"product_cat-wellness-fr-2","13":"product_tag-essential-oil-fr","14":"pa_brand-livinglibations-fr","15":"pa_essential-oils-product-type-essential-oils-fr","16":"pa_size-5-ml-fr","18":"first","19":"instock","20":"taxable","21":"shipping-taxable","22":"purchasable","23":"product-type-simple"},"bundled_by":[],"bundle_stock_status":"instock","bundle_stock_quantity":2,"bundle_virtual":false,"bundle_layout":"","bundle_add_to_cart_form_location":"","bundle_editable_in_cart":false,"bundle_sold_individually_context":"","bundle_item_grouping":"","bundle_min_size":"","bundle_max_size":"","bundle_price":[],"bundled_items":[],"bundle_sell_ids":[],"atum_controlled":true,"out_stock_date":null,"out_stock_threshold":null,"inheritable":false,"stock_on_hold":0,"sold_today":0,"sales_last_days":0,"out_stock_days":0,"lost_sales":0,"update_date":"2026-04-14T11:56:30","atum_locations":[],"atum_stock_status":"instock","restock_status":false,"low_stock_amount":"","sales_update_date":"2026-04-14T11:56:30","calc_backorders":null,"group_of_quantity":0,"min_quantity":0,"max_quantity":"","exclude_order_quantity_value_rules":"no","exclude_category_quantity_rules":"no","combine_variations":"no","yoast_head":"<!-- This site is optimized with the Yoast SEO Premium plugin v26.5 (Yoast SEO v26.5) - https:\/\/yoast.com\/wordpress\/plugins\/seo\/ -->\n<title>Lavender, French Fine Essential Oil - Living Libations<\/title>\n<meta name=\"description\" content=\"Cette somptueuse et belle lavande est tr\u00e8s polyvalente, royale et r\u00e9paratrice, et sagace.\" \/>\n<meta name=\"robots\" content=\"index, follow, max-snippet:-1, max-image-preview:large, max-video-preview:-1\" \/>\n<link rel=\"canonical\" href=\"https:\/\/dutchhealthstore.com\/fr\/product\/lavender-french-fine-essential-oil\/\" \/>\n<meta property=\"og:locale\" content=\"fr_FR\" \/>\n<meta property=\"og:type\" content=\"article\" \/>\n<meta property=\"og:title\" content=\"Lavender, French Fine Essential Oil - Dutch Health Store\" \/>\n<meta property=\"og:description\" content=\"Cette somptueuse et belle lavande est tr\u00e8s polyvalente, royale et r\u00e9paratrice, et sagace.\" \/>\n<meta property=\"og:url\" content=\"https:\/\/dutchhealthstore.com\/fr\/product\/lavender-french-fine-essential-oil\/\" \/>\n<meta property=\"og:site_name\" content=\"Dutch Health Store\" \/>\n<meta property=\"article:publisher\" content=\"https:\/\/www.instagram.com\/dutchhealthstore\/\" \/>\n<meta property=\"article:modified_time\" content=\"2025-07-25T13:08:27+00:00\" \/>\n<meta property=\"og:image\" content=\"https:\/\/dutchhealthstore.com\/wp-content\/uploads\/2021\/01\/living-libations-lavender-french-fine-essential-oil.jpg\" \/>\n\t<meta property=\"og:image:width\" content=\"500\" \/>\n\t<meta property=\"og:image:height\" content=\"500\" \/>\n\t<meta property=\"og:image:type\" content=\"image\/jpeg\" \/>\n<meta name=\"twitter:card\" content=\"summary_large_image\" \/>\n<meta name=\"twitter:label1\" content=\"Prix\" \/>\n\t<meta name=\"twitter:data1\" content=\"&euro;21,00\" \/>\n\t<meta name=\"twitter:label2\" content=\"Disponibilit\u00e9\" \/>\n\t<meta name=\"twitter:data2\" content=\"En stock\" \/>\n<script type=\"application\/ld+json\" class=\"yoast-schema-graph\">{\"@context\":\"https:\/\/schema.org\",\"@graph\":[{\"@type\":\"WebPage\",\"@id\":\"https:\/\/dutchhealthstore.com\/fr\/product\/lavender-french-fine-essential-oil\/\",\"url\":\"https:\/\/dutchhealthstore.com\/fr\/product\/lavender-french-fine-essential-oil\/\",\"name\":\"Lavender, French Fine Essential Oil - Living Libations\",\"isPartOf\":{\"@id\":\"https:\/\/dutchhealthstore.com\/fr\/#website\"},\"primaryImageOfPage\":{\"@id\":\"https:\/\/dutchhealthstore.com\/fr\/product\/lavender-french-fine-essential-oil\/#primaryimage\"},\"image\":{\"@id\":\"https:\/\/dutchhealthstore.com\/fr\/product\/lavender-french-fine-essential-oil\/#primaryimage\"},\"thumbnailUrl\":\"https:\/\/dutchhealthstore.com\/wp-content\/uploads\/2021\/01\/living-libations-lavender-french-fine-essential-oil.jpg\",\"datePublished\":\"2021-01-19T08:28:32+00:00\",\"dateModified\":\"2025-07-25T13:08:27+00:00\",\"description\":\"Cette somptueuse et belle lavande est tr\u00e8s polyvalente, royale et r\u00e9paratrice, et sagace.\",\"breadcrumb\":{\"@id\":\"https:\/\/dutchhealthstore.com\/fr\/product\/lavender-french-fine-essential-oil\/#breadcrumb\"},\"inLanguage\":\"fr-FR\",\"potentialAction\":[{\"@type\":\"ReadAction\",\"target\":[\"https:\/\/dutchhealthstore.com\/fr\/product\/lavender-french-fine-essential-oil\/\"]}]},{\"@type\":\"ImageObject\",\"inLanguage\":\"fr-FR\",\"@id\":\"https:\/\/dutchhealthstore.com\/fr\/product\/lavender-french-fine-essential-oil\/#primaryimage\",\"url\":\"https:\/\/dutchhealthstore.com\/wp-content\/uploads\/2021\/01\/living-libations-lavender-french-fine-essential-oil.jpg\",\"contentUrl\":\"https:\/\/dutchhealthstore.com\/wp-content\/uploads\/2021\/01\/living-libations-lavender-french-fine-essential-oil.jpg\",\"width\":500,\"height\":500},{\"@type\":\"BreadcrumbList\",\"@id\":\"https:\/\/dutchhealthstore.com\/fr\/product\/lavender-french-fine-essential-oil\/#breadcrumb\",\"itemListElement\":[{\"@type\":\"ListItem\",\"position\":1,\"name\":\"Home\",\"item\":\"https:\/\/dutchhealthstore.com\/fr\/\"},{\"@type\":\"ListItem\",\"position\":2,\"name\":\"Shop\",\"item\":\"https:\/\/dutchhealthstore.com\/fr\/shop\/\"},{\"@type\":\"ListItem\",\"position\":3,\"name\":\"Lavender, French Fine Essential Oil\"}]},{\"@type\":\"WebSite\",\"@id\":\"https:\/\/dutchhealthstore.com\/fr\/#website\",\"url\":\"https:\/\/dutchhealthstore.com\/fr\/\",\"name\":\"Dutch Health Store\",\"description\":\"Enhance Your Beauty with Organic &amp; Natural Skincare\",\"publisher\":{\"@id\":\"https:\/\/dutchhealthstore.com\/fr\/#organization\"},\"potentialAction\":[{\"@type\":\"SearchAction\",\"target\":{\"@type\":\"EntryPoint\",\"urlTemplate\":\"https:\/\/dutchhealthstore.com\/fr\/?s={search_term_string}\"},\"query-input\":{\"@type\":\"PropertyValueSpecification\",\"valueRequired\":true,\"valueName\":\"search_term_string\"}}],\"inLanguage\":\"fr-FR\"},{\"@type\":\"Organization\",\"@id\":\"https:\/\/dutchhealthstore.com\/fr\/#organization\",\"name\":\"Dutch Health Store\",\"url\":\"https:\/\/dutchhealthstore.com\/fr\/\",\"logo\":{\"@type\":\"ImageObject\",\"inLanguage\":\"fr-FR\",\"@id\":\"https:\/\/dutchhealthstore.com\/fr\/#\/schema\/logo\/image\/\",\"url\":\"https:\/\/dutchhealthstore.com\/wp-content\/uploads\/2020\/08\/logo-dutchhealthstore-jpg-e1599484957574.jpg\",\"contentUrl\":\"https:\/\/dutchhealthstore.com\/wp-content\/uploads\/2020\/08\/logo-dutchhealthstore-jpg-e1599484957574.jpg\",\"width\":400,\"height\":62,\"caption\":\"Dutch Health Store\"},\"image\":{\"@id\":\"https:\/\/dutchhealthstore.com\/fr\/#\/schema\/logo\/image\/\"},\"sameAs\":[\"https:\/\/www.instagram.com\/dutchhealthstore\/\",\"https:\/\/www.facebook.com\/dutchhealthstore\"]}]}<\/script>\n<meta property=\"product:brand\" content=\"Living Libations\" \/>\n<meta property=\"product:price:amount\" content=\"21.00\" \/>\n<meta property=\"product:price:currency\" content=\"EUR\" \/>\n<meta property=\"og:availability\" content=\"instock\" \/>\n<meta property=\"product:availability\" content=\"instock\" \/>\n<meta property=\"product:condition\" content=\"new\" \/>\n<!-- \/ Yoast SEO Premium plugin. -->","yoast_head_json":{"title":"Lavender, French Fine Essential Oil - Living Libations","description":"Cette somptueuse et belle lavande est tr\u00e8s polyvalente, royale et r\u00e9paratrice, et sagace.","robots":{"index":"index","follow":"follow","max-snippet":"max-snippet:-1","max-image-preview":"max-image-preview:large","max-video-preview":"max-video-preview:-1"},"canonical":"https:\/\/dutchhealthstore.com\/fr\/product\/lavender-french-fine-essential-oil\/","og_locale":"fr_FR","og_type":"article","og_title":"Lavender, French Fine Essential Oil - Dutch Health Store","og_description":"Cette somptueuse et belle lavande est tr\u00e8s polyvalente, royale et r\u00e9paratrice, et sagace.","og_url":"https:\/\/dutchhealthstore.com\/fr\/product\/lavender-french-fine-essential-oil\/","og_site_name":"Dutch Health Store","article_publisher":"https:\/\/www.instagram.com\/dutchhealthstore\/","article_modified_time":"2025-07-25T13:08:27+00:00","og_image":[{"width":500,"height":500,"url":"https:\/\/dutchhealthstore.com\/wp-content\/uploads\/2021\/01\/living-libations-lavender-french-fine-essential-oil.jpg","type":"image\/jpeg"}],"twitter_card":"summary_large_image","twitter_misc":{"Prix":"&euro;21,00","Disponibilit\u00e9":"En stock"},"schema":{"@context":"https:\/\/schema.org","@graph":[{"@type":"WebPage","@id":"https:\/\/dutchhealthstore.com\/fr\/product\/lavender-french-fine-essential-oil\/","url":"https:\/\/dutchhealthstore.com\/fr\/product\/lavender-french-fine-essential-oil\/","name":"Lavender, French Fine Essential Oil - Living Libations","isPartOf":{"@id":"https:\/\/dutchhealthstore.com\/fr\/#website"},"primaryImageOfPage":{"@id":"https:\/\/dutchhealthstore.com\/fr\/product\/lavender-french-fine-essential-oil\/#primaryimage"},"image":{"@id":"https:\/\/dutchhealthstore.com\/fr\/product\/lavender-french-fine-essential-oil\/#primaryimage"},"thumbnailUrl":"https:\/\/dutchhealthstore.com\/wp-content\/uploads\/2021\/01\/living-libations-lavender-french-fine-essential-oil.jpg","datePublished":"2021-01-19T08:28:32+00:00","dateModified":"2025-07-25T13:08:27+00:00","description":"Cette somptueuse et belle lavande est tr\u00e8s polyvalente, royale et r\u00e9paratrice, et sagace.","breadcrumb":{"@id":"https:\/\/dutchhealthstore.com\/fr\/product\/lavender-french-fine-essential-oil\/#breadcrumb"},"inLanguage":"fr-FR","potentialAction":[{"@type":"ReadAction","target":["https:\/\/dutchhealthstore.com\/fr\/product\/lavender-french-fine-essential-oil\/"]}]},{"@type":"ImageObject","inLanguage":"fr-FR","@id":"https:\/\/dutchhealthstore.com\/fr\/product\/lavender-french-fine-essential-oil\/#primaryimage","url":"https:\/\/dutchhealthstore.com\/wp-content\/uploads\/2021\/01\/living-libations-lavender-french-fine-essential-oil.jpg","contentUrl":"https:\/\/dutchhealthstore.com\/wp-content\/uploads\/2021\/01\/living-libations-lavender-french-fine-essential-oil.jpg","width":500,"height":500},{"@type":"BreadcrumbList","@id":"https:\/\/dutchhealthstore.com\/fr\/product\/lavender-french-fine-essential-oil\/#breadcrumb","itemListElement":[{"@type":"ListItem","position":1,"name":"Home","item":"https:\/\/dutchhealthstore.com\/fr\/"},{"@type":"ListItem","position":2,"name":"Shop","item":"https:\/\/dutchhealthstore.com\/fr\/shop\/"},{"@type":"ListItem","position":3,"name":"Lavender, French Fine Essential Oil"}]},{"@type":"WebSite","@id":"https:\/\/dutchhealthstore.com\/fr\/#website","url":"https:\/\/dutchhealthstore.com\/fr\/","name":"Dutch Health Store","description":"Enhance Your Beauty with Organic &amp; Natural Skincare","publisher":{"@id":"https:\/\/dutchhealthstore.com\/fr\/#organization"},"potentialAction":[{"@type":"SearchAction","target":{"@type":"EntryPoint","urlTemplate":"https:\/\/dutchhealthstore.com\/fr\/?s={search_term_string}"},"query-input":{"@type":"PropertyValueSpecification","valueRequired":true,"valueName":"search_term_string"}}],"inLanguage":"fr-FR"},{"@type":"Organization","@id":"https:\/\/dutchhealthstore.com\/fr\/#organization","name":"Dutch Health Store","url":"https:\/\/dutchhealthstore.com\/fr\/","logo":{"@type":"ImageObject","inLanguage":"fr-FR","@id":"https:\/\/dutchhealthstore.com\/fr\/#\/schema\/logo\/image\/","url":"https:\/\/dutchhealthstore.com\/wp-content\/uploads\/2020\/08\/logo-dutchhealthstore-jpg-e1599484957574.jpg","contentUrl":"https:\/\/dutchhealthstore.com\/wp-content\/uploads\/2020\/08\/logo-dutchhealthstore-jpg-e1599484957574.jpg","width":400,"height":62,"caption":"Dutch Health Store"},"image":{"@id":"https:\/\/dutchhealthstore.com\/fr\/#\/schema\/logo\/image\/"},"sameAs":["https:\/\/www.instagram.com\/dutchhealthstore\/","https:\/\/www.facebook.com\/dutchhealthstore"]}]},"product_brand":"Living Libations","product_price_amount":"21.00","product_price_currency":"EUR","og_availability":"instock","product_availability":"instock","product_condition":"new"},"_links":{"self":[{"href":"https:\/\/dutchhealthstore.com\/fr\/wp-json\/wp\/v2\/product\/139806","targetHints":{"allow":["GET"]}}],"collection":[{"href":"https:\/\/dutchhealthstore.com\/fr\/wp-json\/wp\/v2\/product"}],"about":[{"href":"https:\/\/dutchhealthstore.com\/fr\/wp-json\/wp\/v2\/types\/product"}],"replies":[{"embeddable":true,"href":"https:\/\/dutchhealthstore.com\/fr\/wp-json\/wp\/v2\/comments?post=139806"}],"wp:featuredmedia":[{"embeddable":true,"href":"https:\/\/dutchhealthstore.com\/fr\/wp-json\/wp\/v2\/media\/139620"}],"wp:attachment":[{"href":"https:\/\/dutchhealthstore.com\/fr\/wp-json\/wp\/v2\/media?parent=139806"}],"wp:term":[{"taxonomy":"product_brand","embeddable":true,"href":"https:\/\/dutchhealthstore.com\/fr\/wp-json\/wp\/v2\/product_brand?post=139806"},{"taxonomy":"product_cat","embeddable":true,"href":"https:\/\/dutchhealthstore.com\/fr\/wp-json\/wp\/v2\/product_cat?post=139806"},{"taxonomy":"product_tag","embeddable":true,"href":"https:\/\/dutchhealthstore.com\/fr\/wp-json\/wp\/v2\/product_tag?post=139806"}],"curies":[{"name":"wp","href":"https:\/\/api.w.org\/{rel}","templated":true}]}}