{"id":137589,"date":"2020-12-18T12:43:54","date_gmt":"2020-12-18T11:43:54","guid":{"rendered":"https:\/\/dutchhealthstore.com\/product\/mitti-attar-essential-oil\/"},"modified":"2025-02-07T15:02:18","modified_gmt":"2025-02-07T14:02:18","slug":"mitti-attar-essential-oil","status":"publish","type":"product","link":"https:\/\/dutchhealthstore.com\/fr\/product\/mitti-attar-essential-oil\/","title":{"rendered":"Mitti Attar Essential Oil"},"content":{"rendered":"<p><strong><a href=\"https:\/\/dutchhealthstore.com\/wp-content\/uploads\/2019\/08\/NEW-Living-Libations-Logo.jpg\"><img decoding=\"async\" class=\"size-full wp-image-69551 alignright\" src=\"https:\/\/dutchhealthstore.com\/wp-content\/uploads\/2019\/08\/NEW-Living-Libations-Logo.jpg\" alt=\"NEW - Living Libations - Logo\" width=\"175\" height=\"82\" \/><\/a><\/strong><\/p>\n<p><strong>Nom botanique<\/strong> : Santalum album + Mitti terre cuite<br \/>\n<strong>Famille botanique<\/strong> : Santalaceae<br \/>\n<strong>M\u00e9thode d&rsquo;extraction<\/strong> : hydrodistillation traditionnelle de l&rsquo;attar de la terre cuite sp\u00e9ciale distill\u00e9e en bois de santal<br \/>\n<strong>Partie distill\u00e9e de la plante<\/strong> : terre cuite et bois de c\u0153ur.<br \/>\n<strong>Pays d&rsquo;origine<\/strong> : Inde<br \/>\n<strong>Composition<\/strong> : 100% album de Santalum + terre cuite de Mitti<br \/>\n<strong>Coh\u00e9rence<\/strong> : viscosit\u00e9 moyenne<br \/>\n<strong>M\u00e9thode de culture<\/strong> : Bois de santal cultiv\u00e9 et argile sauvage<\/p>\n<h3>Description de l&rsquo;odeur<\/h3>\n<p>Les premi\u00e8res gouttes de pluie tombent sur la terre dess\u00e9ch\u00e9e, envelopp\u00e9e par l&rsquo;\u00e9treinte sereine du santal.<\/p>\n<h3>Se m\u00e9lange bien avec<\/h3>\n<p>V\u00e9tiver, Patchouli, Jasmin, Rose, Ylang, Nardus et Encens.<\/p>\n<h3>Utilisez<\/h3>\n<p>Apaisant dans les s\u00e9rums pour la peau. Pr\u00eat \u00e0 \u00eatre utilis\u00e9 comme parfum ou eau de Cologne. Divin comme d\u00e9odorant. Parfait sur les points d&rsquo;impulsion et les m\u00e9ridiens pour la m\u00e9ditation. D\u00e9licieux dans le bain.<\/p>\n<p>Notre essence mystique Mitti Attar a \u00e9t\u00e9 cr\u00e9\u00e9e \u00e0 l&rsquo;aide de m\u00e9thodes de distillation invent\u00e9es par les anciens herboristes indiens qui vivaient il y a plus de 5000 ans. Cet attar, magnifique, fait de bois de santal et de terre, capture la po\u00e9sie silencieuse de l&rsquo;intimit\u00e9 de la terre juste apr\u00e8s qu&rsquo;il commence \u00e0 pleuvoir. Alors que beaucoup d&rsquo;entre nous en Occident associent l&rsquo;odeur de la pluie \u00e0 celle des gouttes qui frappent le b\u00e9ton, notre Mitti Attar vous emm\u00e8ne \u00e0 des ann\u00e9es-lumi\u00e8re des routes pav\u00e9es de la vie moderne.<\/p>\n<p>L&rsquo;enchanteresse Mitti Attar est centr\u00e9e, ancr\u00e9e et bien situ\u00e9e. Cet attar aromatique vous ram\u00e8ne \u00e0 votre moi int\u00e9rieur et vous rappelle votre lien avec la terre et toutes ses richesses naturelles.<\/p>\n<p style=\"text-align: center;\"><em>\u00ab\u00a0Elle semble avoir \u00e9t\u00e9 prononc\u00e9e depuis quelque sommet oriental, avec une sobre conscience matinale au d\u00e9but des temps, et on ne peut pas lire une phrase sans \u00eatre \u00e9lev\u00e9 comme sur la table-plateau des Ghauts. Elle a un rythme tel que les vents du d\u00e9sert, une mar\u00e9e telle que le Gange, et est aussi sup\u00e9rieure \u00e0 la critique que les montagnes de l&rsquo;Himmaleh. Le ton est si d\u00e9pourvu de souffle que m\u00eame en cette fin de journ\u00e9e, inusit\u00e9e par le temps, il porte indiff\u00e9remment l&rsquo;anglais et le sanskrit ; et les phrases fixes tiennent encore leurs feux lointains, comme les \u00e9toiles, dont les rayons dispers\u00e9s illuminent ce monde inf\u00e9rieur\u00a0\u00bb.<\/em><br \/>\n~ Henry David Thoreau, <strong>A Week on the Concord and Merrimack Rivers<\/strong><\/p>\n<p style=\"text-align: center;\"><em>\u00ab\u00a0L&rsquo;huile est plus intime, plus proche de la peau. Les deux peuvent bien fonctionner ensemble, et c&rsquo;est ce que d\u00e9couvrent de nombreux connaisseurs du Moyen-Orient. Les Ittars [une autre fa\u00e7on d&rsquo;\u00e9peler attar] viennent de la terre, ils sont en quelque sorte l&rsquo;art de la terre, et sont associ\u00e9s \u00e0 des cultures qui vivent plus pr\u00e8s de la terre. Il y a tant \u00e0 apprendre de l&rsquo;art de l&rsquo;ittar-saz traditionnel\u00a0\u00bb.<\/em><br \/>\n~ William Dalrymple, <strong>Scents and Sensuality<\/strong><\/p>\n<p><strong> <\/strong><\/p>\n<p><a href=\"https:\/\/dutchhealthstore.com\/wp-content\/uploads\/2018\/02\/Living-Libations-Organic-Logo-800x89.png\"><img fetchpriority=\"high\" decoding=\"async\" class=\"size-medium wp-image-68105 aligncenter\" src=\"https:\/\/dutchhealthstore.com\/wp-content\/uploads\/2018\/02\/Living-Libations-Organic-Logo-800x89.png\" alt=\"Living Libations - Organic Logo\" width=\"800\" height=\"89\" srcset=\"https:\/\/dutchhealthstore.com\/wp-content\/uploads\/2018\/02\/Living-Libations-Organic-Logo-800x89.png 800w, https:\/\/dutchhealthstore.com\/wp-content\/uploads\/2018\/02\/Living-Libations-Organic-Logo-510x57.png 510w, https:\/\/dutchhealthstore.com\/wp-content\/uploads\/2018\/02\/Living-Libations-Organic-Logo-768x85.png 768w, https:\/\/dutchhealthstore.com\/wp-content\/uploads\/2018\/02\/Living-Libations-Organic-Logo.png 1400w\" sizes=\"(max-width: 800px) 100vw, 800px\" \/><\/a><\/p>\n","protected":false},"excerpt":{"rendered":"<div><img decoding=\"async\" class=\"\" src=\"https:\/\/dutchhealthstore.com\/wp-content\/uploads\/2019\/08\/Translate-Frans-Automatische-Vertaling.png\" width=\"200\" height=\"20\" \/><\/div>\n<div>L&rsquo;ar\u00f4me \u00e9nigmatique de l&rsquo;huile essentielle mystique Mitti Attar est parfaitement exprim\u00e9 par le mot petrichor, le parfum terreux cr\u00e9\u00e9 lorsque la pluie tombe sur un sol sec et ensoleill\u00e9. D\u00e8s que la mousson arrive et que la vie \u00e9clabousse la terre dess\u00e9ch\u00e9e et ensoleill\u00e9e, la terre se r\u00e9veille et d\u00e9gage son ar\u00f4me capiteux &#8211; c&rsquo;est le parfum de Mitti Attar. Cette essence de rayonnement terrestre recueillie dans le sol autour du fleuve sacr\u00e9 Gange est l&rsquo;ar\u00f4me rare, riche et relaxant captur\u00e9 par l&rsquo;art oriental ancien de la distillation de l&rsquo;attar.<\/div>\n<div><\/div>\n","protected":false},"featured_media":137269,"comment_status":"open","ping_status":"closed","template":"","meta":[],"product_brand":[],"product_cat":[6734,1507,1211,1209,1030,3757,1010,6733],"product_tag":[4495],"class_list":{"0":"post-137589","1":"product","2":"type-product","3":"status-publish","4":"has-post-thumbnail","6":"product_cat-essential-oils","7":"product_cat-plantes-huiles-essentielles-living-libations","8":"product_cat-living-libations-france","9":"product_cat-par-marques","10":"product_cat-par-produits","11":"product_cat-plantes-huiles-essentielles","12":"product_cat-notre-boutique","13":"product_cat-wellness-fr-2","14":"product_tag-essential-oil-fr","15":"pa_brand-livinglibations-fr","16":"pa_essential-oils-product-type-essential-oils-fr","17":"pa_size-15-ml-fr","18":"pa_size-5-ml-fr","20":"first","21":"instock","22":"taxable","23":"shipping-taxable","24":"purchasable","25":"product-type-variable"},"bundled_by":[],"bundle_stock_status":"instock","bundle_stock_quantity":null,"bundle_virtual":false,"bundle_layout":"","bundle_add_to_cart_form_location":"","bundle_editable_in_cart":false,"bundle_sold_individually_context":"","bundle_item_grouping":"","bundle_min_size":"","bundle_max_size":"","bundle_price":[],"bundled_items":[],"bundle_sell_ids":[],"atum_controlled":true,"out_stock_date":null,"out_stock_threshold":null,"inheritable":true,"stock_on_hold":0,"sold_today":0,"sales_last_days":0,"out_stock_days":0,"lost_sales":0,"update_date":"2026-04-14T00:04:31","atum_locations":[],"atum_stock_status":"instock","restock_status":false,"low_stock_amount":"","sales_update_date":"2026-04-14T00:04:31","calc_backorders":null,"group_of_quantity":0,"min_quantity":0,"max_quantity":"","exclude_order_quantity_value_rules":"no","exclude_category_quantity_rules":"no","combine_variations":"no","yoast_head":"<!-- This site is optimized with the Yoast SEO Premium plugin v26.5 (Yoast SEO v26.5) - https:\/\/yoast.com\/wordpress\/plugins\/seo\/ -->\n<title>Mitti Attar Essential Oil - Living Libations<\/title>\n<meta name=\"description\" content=\"Mesmerizing Mitti Attar is centering, grounding, and beneficially beguiling and reminds you of your connection with the earth and all its natural bounty.\" \/>\n<meta name=\"robots\" content=\"index, follow, max-snippet:-1, max-image-preview:large, max-video-preview:-1\" \/>\n<link rel=\"canonical\" href=\"https:\/\/dutchhealthstore.com\/fr\/product\/mitti-attar-essential-oil\/\" \/>\n<meta property=\"og:locale\" content=\"fr_FR\" \/>\n<meta property=\"og:type\" content=\"article\" \/>\n<meta property=\"og:title\" content=\"Mitti Attar Essential Oil - Dutch Health Store\" \/>\n<meta property=\"og:description\" content=\"Mesmerizing Mitti Attar is centering, grounding, and beneficially beguiling and reminds you of your connection with the earth and all its natural bounty.\" \/>\n<meta property=\"og:url\" content=\"https:\/\/dutchhealthstore.com\/fr\/product\/mitti-attar-essential-oil\/\" \/>\n<meta property=\"og:site_name\" content=\"Dutch Health Store\" \/>\n<meta property=\"article:publisher\" content=\"https:\/\/www.instagram.com\/dutchhealthstore\/\" \/>\n<meta property=\"article:modified_time\" content=\"2025-02-07T14:02:18+00:00\" \/>\n<meta property=\"og:image\" content=\"https:\/\/dutchhealthstore.com\/wp-content\/uploads\/2020\/12\/living-libations-mitti-attar-essential-oil.jpg\" \/>\n\t<meta property=\"og:image:width\" content=\"500\" \/>\n\t<meta property=\"og:image:height\" content=\"500\" \/>\n\t<meta property=\"og:image:type\" content=\"image\/jpeg\" \/>\n<meta name=\"twitter:card\" content=\"summary_large_image\" \/>\n<meta name=\"twitter:label1\" content=\"Disponibilit\u00e9\" \/>\n\t<meta name=\"twitter:data1\" content=\"En stock\" \/>\n<script type=\"application\/ld+json\" class=\"yoast-schema-graph\">{\"@context\":\"https:\/\/schema.org\",\"@graph\":[{\"@type\":\"WebPage\",\"@id\":\"https:\/\/dutchhealthstore.com\/fr\/product\/mitti-attar-essential-oil\/\",\"url\":\"https:\/\/dutchhealthstore.com\/fr\/product\/mitti-attar-essential-oil\/\",\"name\":\"Mitti Attar Essential Oil - Living Libations\",\"isPartOf\":{\"@id\":\"https:\/\/dutchhealthstore.com\/fr\/#website\"},\"primaryImageOfPage\":{\"@id\":\"https:\/\/dutchhealthstore.com\/fr\/product\/mitti-attar-essential-oil\/#primaryimage\"},\"image\":{\"@id\":\"https:\/\/dutchhealthstore.com\/fr\/product\/mitti-attar-essential-oil\/#primaryimage\"},\"thumbnailUrl\":\"https:\/\/dutchhealthstore.com\/wp-content\/uploads\/2020\/12\/living-libations-mitti-attar-essential-oil.jpg\",\"datePublished\":\"2020-12-18T11:43:54+00:00\",\"dateModified\":\"2025-02-07T14:02:18+00:00\",\"description\":\"Mesmerizing Mitti Attar is centering, grounding, and beneficially beguiling and reminds you of your connection with the earth and all its natural bounty.\",\"breadcrumb\":{\"@id\":\"https:\/\/dutchhealthstore.com\/fr\/product\/mitti-attar-essential-oil\/#breadcrumb\"},\"inLanguage\":\"fr-FR\",\"potentialAction\":[{\"@type\":\"ReadAction\",\"target\":[\"https:\/\/dutchhealthstore.com\/fr\/product\/mitti-attar-essential-oil\/\"]}]},{\"@type\":\"ImageObject\",\"inLanguage\":\"fr-FR\",\"@id\":\"https:\/\/dutchhealthstore.com\/fr\/product\/mitti-attar-essential-oil\/#primaryimage\",\"url\":\"https:\/\/dutchhealthstore.com\/wp-content\/uploads\/2020\/12\/living-libations-mitti-attar-essential-oil.jpg\",\"contentUrl\":\"https:\/\/dutchhealthstore.com\/wp-content\/uploads\/2020\/12\/living-libations-mitti-attar-essential-oil.jpg\",\"width\":500,\"height\":500,\"caption\":\"living libations mitti attar essential oil\"},{\"@type\":\"BreadcrumbList\",\"@id\":\"https:\/\/dutchhealthstore.com\/fr\/product\/mitti-attar-essential-oil\/#breadcrumb\",\"itemListElement\":[{\"@type\":\"ListItem\",\"position\":1,\"name\":\"Home\",\"item\":\"https:\/\/dutchhealthstore.com\/fr\/\"},{\"@type\":\"ListItem\",\"position\":2,\"name\":\"Shop\",\"item\":\"https:\/\/dutchhealthstore.com\/fr\/shop\/\"},{\"@type\":\"ListItem\",\"position\":3,\"name\":\"Mitti Attar Essential Oil\"}]},{\"@type\":\"WebSite\",\"@id\":\"https:\/\/dutchhealthstore.com\/fr\/#website\",\"url\":\"https:\/\/dutchhealthstore.com\/fr\/\",\"name\":\"Dutch Health Store\",\"description\":\"Enhance Your Beauty with Organic &amp; Natural Skincare\",\"publisher\":{\"@id\":\"https:\/\/dutchhealthstore.com\/fr\/#organization\"},\"potentialAction\":[{\"@type\":\"SearchAction\",\"target\":{\"@type\":\"EntryPoint\",\"urlTemplate\":\"https:\/\/dutchhealthstore.com\/fr\/?s={search_term_string}\"},\"query-input\":{\"@type\":\"PropertyValueSpecification\",\"valueRequired\":true,\"valueName\":\"search_term_string\"}}],\"inLanguage\":\"fr-FR\"},{\"@type\":\"Organization\",\"@id\":\"https:\/\/dutchhealthstore.com\/fr\/#organization\",\"name\":\"Dutch Health Store\",\"url\":\"https:\/\/dutchhealthstore.com\/fr\/\",\"logo\":{\"@type\":\"ImageObject\",\"inLanguage\":\"fr-FR\",\"@id\":\"https:\/\/dutchhealthstore.com\/fr\/#\/schema\/logo\/image\/\",\"url\":\"https:\/\/dutchhealthstore.com\/wp-content\/uploads\/2020\/08\/logo-dutchhealthstore-jpg-e1599484957574.jpg\",\"contentUrl\":\"https:\/\/dutchhealthstore.com\/wp-content\/uploads\/2020\/08\/logo-dutchhealthstore-jpg-e1599484957574.jpg\",\"width\":400,\"height\":62,\"caption\":\"Dutch Health Store\"},\"image\":{\"@id\":\"https:\/\/dutchhealthstore.com\/fr\/#\/schema\/logo\/image\/\"},\"sameAs\":[\"https:\/\/www.instagram.com\/dutchhealthstore\/\",\"https:\/\/www.facebook.com\/dutchhealthstore\"]}]}<\/script>\n<meta property=\"product:brand\" content=\"Living Libations\" \/>\n<meta property=\"og:availability\" content=\"instock\" \/>\n<meta property=\"product:availability\" content=\"instock\" \/>\n<meta property=\"product:condition\" content=\"new\" \/>\n<!-- \/ Yoast SEO Premium plugin. -->","yoast_head_json":{"title":"Mitti Attar Essential Oil - Living Libations","description":"Mesmerizing Mitti Attar is centering, grounding, and beneficially beguiling and reminds you of your connection with the earth and all its natural bounty.","robots":{"index":"index","follow":"follow","max-snippet":"max-snippet:-1","max-image-preview":"max-image-preview:large","max-video-preview":"max-video-preview:-1"},"canonical":"https:\/\/dutchhealthstore.com\/fr\/product\/mitti-attar-essential-oil\/","og_locale":"fr_FR","og_type":"article","og_title":"Mitti Attar Essential Oil - Dutch Health Store","og_description":"Mesmerizing Mitti Attar is centering, grounding, and beneficially beguiling and reminds you of your connection with the earth and all its natural bounty.","og_url":"https:\/\/dutchhealthstore.com\/fr\/product\/mitti-attar-essential-oil\/","og_site_name":"Dutch Health Store","article_publisher":"https:\/\/www.instagram.com\/dutchhealthstore\/","article_modified_time":"2025-02-07T14:02:18+00:00","og_image":[{"width":500,"height":500,"url":"https:\/\/dutchhealthstore.com\/wp-content\/uploads\/2020\/12\/living-libations-mitti-attar-essential-oil.jpg","type":"image\/jpeg"}],"twitter_card":"summary_large_image","twitter_misc":{"Disponibilit\u00e9":"En stock"},"schema":{"@context":"https:\/\/schema.org","@graph":[{"@type":"WebPage","@id":"https:\/\/dutchhealthstore.com\/fr\/product\/mitti-attar-essential-oil\/","url":"https:\/\/dutchhealthstore.com\/fr\/product\/mitti-attar-essential-oil\/","name":"Mitti Attar Essential Oil - Living Libations","isPartOf":{"@id":"https:\/\/dutchhealthstore.com\/fr\/#website"},"primaryImageOfPage":{"@id":"https:\/\/dutchhealthstore.com\/fr\/product\/mitti-attar-essential-oil\/#primaryimage"},"image":{"@id":"https:\/\/dutchhealthstore.com\/fr\/product\/mitti-attar-essential-oil\/#primaryimage"},"thumbnailUrl":"https:\/\/dutchhealthstore.com\/wp-content\/uploads\/2020\/12\/living-libations-mitti-attar-essential-oil.jpg","datePublished":"2020-12-18T11:43:54+00:00","dateModified":"2025-02-07T14:02:18+00:00","description":"Mesmerizing Mitti Attar is centering, grounding, and beneficially beguiling and reminds you of your connection with the earth and all its natural bounty.","breadcrumb":{"@id":"https:\/\/dutchhealthstore.com\/fr\/product\/mitti-attar-essential-oil\/#breadcrumb"},"inLanguage":"fr-FR","potentialAction":[{"@type":"ReadAction","target":["https:\/\/dutchhealthstore.com\/fr\/product\/mitti-attar-essential-oil\/"]}]},{"@type":"ImageObject","inLanguage":"fr-FR","@id":"https:\/\/dutchhealthstore.com\/fr\/product\/mitti-attar-essential-oil\/#primaryimage","url":"https:\/\/dutchhealthstore.com\/wp-content\/uploads\/2020\/12\/living-libations-mitti-attar-essential-oil.jpg","contentUrl":"https:\/\/dutchhealthstore.com\/wp-content\/uploads\/2020\/12\/living-libations-mitti-attar-essential-oil.jpg","width":500,"height":500,"caption":"living libations mitti attar essential oil"},{"@type":"BreadcrumbList","@id":"https:\/\/dutchhealthstore.com\/fr\/product\/mitti-attar-essential-oil\/#breadcrumb","itemListElement":[{"@type":"ListItem","position":1,"name":"Home","item":"https:\/\/dutchhealthstore.com\/fr\/"},{"@type":"ListItem","position":2,"name":"Shop","item":"https:\/\/dutchhealthstore.com\/fr\/shop\/"},{"@type":"ListItem","position":3,"name":"Mitti Attar Essential Oil"}]},{"@type":"WebSite","@id":"https:\/\/dutchhealthstore.com\/fr\/#website","url":"https:\/\/dutchhealthstore.com\/fr\/","name":"Dutch Health Store","description":"Enhance Your Beauty with Organic &amp; Natural Skincare","publisher":{"@id":"https:\/\/dutchhealthstore.com\/fr\/#organization"},"potentialAction":[{"@type":"SearchAction","target":{"@type":"EntryPoint","urlTemplate":"https:\/\/dutchhealthstore.com\/fr\/?s={search_term_string}"},"query-input":{"@type":"PropertyValueSpecification","valueRequired":true,"valueName":"search_term_string"}}],"inLanguage":"fr-FR"},{"@type":"Organization","@id":"https:\/\/dutchhealthstore.com\/fr\/#organization","name":"Dutch Health Store","url":"https:\/\/dutchhealthstore.com\/fr\/","logo":{"@type":"ImageObject","inLanguage":"fr-FR","@id":"https:\/\/dutchhealthstore.com\/fr\/#\/schema\/logo\/image\/","url":"https:\/\/dutchhealthstore.com\/wp-content\/uploads\/2020\/08\/logo-dutchhealthstore-jpg-e1599484957574.jpg","contentUrl":"https:\/\/dutchhealthstore.com\/wp-content\/uploads\/2020\/08\/logo-dutchhealthstore-jpg-e1599484957574.jpg","width":400,"height":62,"caption":"Dutch Health Store"},"image":{"@id":"https:\/\/dutchhealthstore.com\/fr\/#\/schema\/logo\/image\/"},"sameAs":["https:\/\/www.instagram.com\/dutchhealthstore\/","https:\/\/www.facebook.com\/dutchhealthstore"]}]},"product_brand":"Living Libations","og_availability":"instock","product_availability":"instock","product_condition":"new"},"_links":{"self":[{"href":"https:\/\/dutchhealthstore.com\/fr\/wp-json\/wp\/v2\/product\/137589","targetHints":{"allow":["GET"]}}],"collection":[{"href":"https:\/\/dutchhealthstore.com\/fr\/wp-json\/wp\/v2\/product"}],"about":[{"href":"https:\/\/dutchhealthstore.com\/fr\/wp-json\/wp\/v2\/types\/product"}],"replies":[{"embeddable":true,"href":"https:\/\/dutchhealthstore.com\/fr\/wp-json\/wp\/v2\/comments?post=137589"}],"wp:featuredmedia":[{"embeddable":true,"href":"https:\/\/dutchhealthstore.com\/fr\/wp-json\/wp\/v2\/media\/137269"}],"wp:attachment":[{"href":"https:\/\/dutchhealthstore.com\/fr\/wp-json\/wp\/v2\/media?parent=137589"}],"wp:term":[{"taxonomy":"product_brand","embeddable":true,"href":"https:\/\/dutchhealthstore.com\/fr\/wp-json\/wp\/v2\/product_brand?post=137589"},{"taxonomy":"product_cat","embeddable":true,"href":"https:\/\/dutchhealthstore.com\/fr\/wp-json\/wp\/v2\/product_cat?post=137589"},{"taxonomy":"product_tag","embeddable":true,"href":"https:\/\/dutchhealthstore.com\/fr\/wp-json\/wp\/v2\/product_tag?post=137589"}],"curies":[{"name":"wp","href":"https:\/\/api.w.org\/{rel}","templated":true}]}}