{"id":136408,"date":"2020-11-23T13:25:15","date_gmt":"2020-11-23T12:25:15","guid":{"rendered":"https:\/\/dutchhealthstore.com\/product\/frankincense-dakkara-essential-oil\/"},"modified":"2024-02-06T15:18:03","modified_gmt":"2024-02-06T15:18:03","slug":"frankincense-dakkara-essential-oil","status":"publish","type":"product","link":"https:\/\/dutchhealthstore.com\/fr\/product\/frankincense-dakkara-essential-oil\/","title":{"rendered":"Frankincense Dakkara Essential Oil"},"content":{"rendered":"<p><strong><a href=\"https:\/\/dutchhealthstore.com\/wp-content\/uploads\/2018\/04\/Living_Libations-1.png\"><img decoding=\"async\" class=\"alignright size-full wp-image-37041\" src=\"https:\/\/dutchhealthstore.com\/wp-content\/uploads\/2018\/04\/Living_Libations-1.png\" alt=\"Organic &amp; Natural Beautyproducts - Living Libations\" width=\"175\" height=\"82\"><\/a>Nom botanique<\/strong>: Boswellia neglecta<br \/>\n<strong>Famille botanique<\/strong> : Burseraceae<br \/>\n<strong>M\u00e9thode d&rsquo;extraction<\/strong> : Distillation \u00e0 la vapeur<br \/>\n<strong>Partie de la plante distill\u00e9e<\/strong> : R\u00e9sine<br \/>\n<strong>Pays d&rsquo;origine <\/strong>: Kenya<br \/>\n<strong>M\u00e9thode de culture<\/strong> : Cueillette sauvage<br \/>\n<strong>Composition<\/strong>: 100% Boswellia neglecta<br \/>\n<strong>Consistance<\/strong>: Viscosit\u00e9 coulante, de couleur claire.<br \/>\n<strong>Constituants<\/strong>: alpha-pin\u00e8ne, alpha-thuj\u00e8ne, sabin\u00e8ne, terpin\u00e8ne-4-ol, limon\u00e8ne, p-cym\u00e8ne et limon\u00e8ne.<\/p>\n<h3>Description de l&rsquo;odeur<\/h3>\n<p>Une caverne chaude et ancienne, avec une pointe d&rsquo;ambre balsamique et d&rsquo;encens, ench\u00e2ssant un centre r\u00e9sineux et piquant, avec un subtil soup\u00e7on d&rsquo;agrumes. Le Dakkara est plus sec et plus doux que le <em>Boswellia carterii<\/em> classique.<\/p>\n<h3>Se marie bien avec<\/h3>\n<p>Bergamote, sauge sclar\u00e9e, Douglas, galbanum, g\u00e9ranium, gingembre, baies de geni\u00e8vre, lavande, myrrhe, n\u00e9roli, mousse de ch\u00eane, opopanax, palo santo, patchouli, mandarine petit grain, rose, romarin, bois de santal, pin, hysope, cardamome, camomille du Cap, v\u00e9tiver, ylang et mastic.<\/p>\n<h3>Utilisations<\/h3>\n<p>Cet astringent ancien est sublime dans les soins de la peau et les soins solaires.<br \/>\nPour purifier les parfums et les eaux de Cologne cognitives.<br \/>\nRessentez la concentration de l&rsquo;encens dans la m\u00e9ditation et la concentration. Dakkara diffusion pour une infusion du temple dans l&rsquo;espace effray\u00e9 de votre maison.<br \/>\nFortifiant et tonifiant inhal\u00e9 dans des tuyaux de sel.<br \/>\nAmoureux des poumons et ami des premiers secours.<br \/>\nIl est bon de s&rsquo;y baigner et d&rsquo;avoir une bouteille \u00e0 port\u00e9e de main pour des inhalations rapides afin de changer le d\u00e9cor de l&rsquo;esprit.<br \/>\nV\u00e9ritable tonique pour le bien-\u00eatre g\u00e9n\u00e9ral, une goutte sur la poitrine vous aide \u00e0 \u00eatre au mieux de votre forme, ou dans le bain le soir, c&rsquo;est une pr\u00e9paration pour des heures de sommeil.<br \/>\nEn application locale, les propri\u00e9t\u00e9s botaniques, biotiques et apaisantes de l&rsquo;huile nettoient et ravivent la peau qui a besoin d&rsquo;\u00eatre soign\u00e9e, en att\u00e9nuant les rougeurs, en tonifiant le teint, en att\u00e9nuant les cicatrices et les vergetures et en att\u00e9nuant les ridules.<br \/>\nUne noisette de Dakkara est d\u00e9licieuse appliqu\u00e9e sur les paumes, frott\u00e9e ensemble et inhal\u00e9e directement pour activer une clart\u00e9 rapide.<\/p>\n<p>Comme toutes les formes de <em>Boswellia<\/em>, l&rsquo;huile essentielle Dakkara est distill\u00e9e \u00e0 partir de la r\u00e9sine de l&rsquo;arbre, mais les \u00ab\u00a0perles\u00a0\u00bb de cet arbre sont noires et de texture rocheuse au lieu des larmes cristallines douces et dor\u00e9es de l&rsquo;encens <em>carterii<\/em> classique.<\/p>\n<p>C&rsquo;est notre cinqui\u00e8me beaut\u00e9 de la famille Boswellia, et c&rsquo;est une b\u00e9n\u00e9diction de trouver de nouveaux fils de ces anciens t\u00e9l\u00e9grammes, distill\u00e9s \u00e0 nouveau comme une pierre de touche dans la chronologie \u00e9ternelle du message de l&rsquo;encens pour un mill\u00e9naire : sur l&rsquo;autel de l&rsquo;existence, puissions-nous incarner le temple du corps.<\/p>\n<p><strong>Taille : 5 ml et 15 ml<\/strong><\/p>\n<h3>Ingr\u00e9dients biologiques<\/h3>\n<p>100% huile essentielle d&rsquo;encens dakkara (Boswellia neglecta).<\/p>\n<p><a href=\"https:\/\/dutchhealthstore.com\/wp-content\/uploads\/2018\/03\/organic_big.png\"><img fetchpriority=\"high\" decoding=\"async\" class=\"size-full wp-image-31577 aligncenter\" src=\"https:\/\/dutchhealthstore.com\/wp-content\/uploads\/2018\/03\/organic_big.png\" alt=\"Organic and Natural - Living Libations\" width=\"623\" height=\"103\" srcset=\"https:\/\/dutchhealthstore.com\/wp-content\/uploads\/2018\/03\/organic_big.png 623w, https:\/\/dutchhealthstore.com\/wp-content\/uploads\/2018\/03\/organic_big-510x84.png 510w, https:\/\/dutchhealthstore.com\/wp-content\/uploads\/2018\/03\/organic_big-600x99.png 600w, https:\/\/dutchhealthstore.com\/wp-content\/uploads\/2018\/03\/organic_big-350x58.png 350w\" sizes=\"(max-width: 623px) 100vw, 623px\" \/><\/a><\/p>\n","protected":false},"excerpt":{"rendered":"<p><strong>Dakkara<\/strong> ouvre les portes de la perception avec le parfum fougueux de connexion de cet encens fin.<br \/>\nIl s&rsquo;agit de notre cinqui\u00e8me encens, et nous sommes enthousiasm\u00e9s par le c\u00f4t\u00e9 terreux, ambr\u00e9 et encensant de cet ancien eccl\u00e9siastique, teint\u00e9 d&rsquo;un soup\u00e7on de camphre.<br \/>\nLe discernement de Dakkara est un chr\u00eame de nettoyage et d&rsquo;\u00e9claircissement dans n&rsquo;importe quel contexte, il affine la concentration, sent la peau et nous connecte constamment \u00e0 notre noyau int\u00e9rieur de valeur.<\/p>\n","protected":false},"featured_media":337416,"comment_status":"open","ping_status":"closed","template":"","meta":[],"product_brand":[],"product_cat":[1507,6734,1211,1209,1030,3757,1010,6733],"product_tag":[4495],"class_list":{"0":"post-136408","1":"product","2":"type-product","3":"status-publish","4":"has-post-thumbnail","6":"product_cat-plantes-huiles-essentielles-living-libations","7":"product_cat-essential-oils","8":"product_cat-living-libations-france","9":"product_cat-par-marques","10":"product_cat-par-produits","11":"product_cat-plantes-huiles-essentielles","12":"product_cat-notre-boutique","13":"product_cat-wellness-fr-2","14":"product_tag-essential-oil-fr","15":"pa_brand-livinglibations-fr","16":"pa_essential-oils-product-type-essential-oils-fr","17":"pa_size-15-ml-fr","18":"pa_size-5-ml-fr","20":"first","21":"instock","22":"taxable","23":"shipping-taxable","24":"purchasable","25":"product-type-variable"},"bundled_by":[],"bundle_stock_status":"instock","bundle_stock_quantity":null,"bundle_virtual":false,"bundle_layout":"","bundle_add_to_cart_form_location":"","bundle_editable_in_cart":false,"bundle_sold_individually_context":"","bundle_item_grouping":"","bundle_min_size":"","bundle_max_size":"","bundle_price":[],"bundled_items":[],"bundle_sell_ids":[],"atum_controlled":true,"out_stock_date":null,"out_stock_threshold":null,"inheritable":true,"stock_on_hold":0,"sold_today":0,"sales_last_days":0,"out_stock_days":0,"lost_sales":0,"update_date":"2026-04-27T00:12:47","atum_locations":[],"atum_stock_status":"instock","restock_status":false,"low_stock_amount":"","sales_update_date":"2026-04-27T00:12:47","calc_backorders":null,"group_of_quantity":0,"min_quantity":0,"max_quantity":"","exclude_order_quantity_value_rules":"no","exclude_category_quantity_rules":"no","combine_variations":"no","yoast_head":"<!-- This site is optimized with the Yoast SEO Premium plugin v26.5 (Yoast SEO v26.5) - https:\/\/yoast.com\/wordpress\/plugins\/seo\/ -->\n<title>Frankincense Dakkara Essential Oil - Living Libations<\/title>\n<meta name=\"description\" content=\"Le discernement de Dakkara est un chr\u00eame de nettoyage et d&#039;\u00e9claircissement dans n&#039;importe quel contexte, il affine la concentration, sent la peau et nous connecte constamment \u00e0 notre noyau int\u00e9rieur de valeur.\" \/>\n<meta name=\"robots\" content=\"index, follow, max-snippet:-1, max-image-preview:large, max-video-preview:-1\" \/>\n<link rel=\"canonical\" href=\"https:\/\/dutchhealthstore.com\/fr\/product\/frankincense-dakkara-essential-oil\/\" \/>\n<meta property=\"og:locale\" content=\"fr_FR\" \/>\n<meta property=\"og:type\" content=\"article\" \/>\n<meta property=\"og:title\" content=\"Frankincense Dakkara Essential Oil - Dutch Health Store\" \/>\n<meta property=\"og:description\" content=\"Le discernement de Dakkara est un chr\u00eame de nettoyage et d&#039;\u00e9claircissement dans n&#039;importe quel contexte, il affine la concentration, sent la peau et nous connecte constamment \u00e0 notre noyau int\u00e9rieur de valeur.\" \/>\n<meta property=\"og:url\" content=\"https:\/\/dutchhealthstore.com\/fr\/product\/frankincense-dakkara-essential-oil\/\" \/>\n<meta property=\"og:site_name\" content=\"Dutch Health Store\" \/>\n<meta property=\"article:publisher\" content=\"https:\/\/www.instagram.com\/dutchhealthstore\/\" \/>\n<meta property=\"article:modified_time\" content=\"2024-02-06T15:18:03+00:00\" \/>\n<meta property=\"og:image\" content=\"https:\/\/dutchhealthstore.com\/wp-content\/uploads\/2020\/11\/Living-Libations-Frankincens-Dakkara-Essential-Oil.jpg\" \/>\n\t<meta property=\"og:image:width\" content=\"500\" \/>\n\t<meta property=\"og:image:height\" content=\"500\" \/>\n\t<meta property=\"og:image:type\" content=\"image\/jpeg\" \/>\n<meta name=\"twitter:card\" content=\"summary_large_image\" \/>\n<meta name=\"twitter:label1\" content=\"Disponibilit\u00e9\" \/>\n\t<meta name=\"twitter:data1\" content=\"En stock\" \/>\n<script type=\"application\/ld+json\" class=\"yoast-schema-graph\">{\"@context\":\"https:\/\/schema.org\",\"@graph\":[{\"@type\":\"WebPage\",\"@id\":\"https:\/\/dutchhealthstore.com\/fr\/product\/frankincense-dakkara-essential-oil\/\",\"url\":\"https:\/\/dutchhealthstore.com\/fr\/product\/frankincense-dakkara-essential-oil\/\",\"name\":\"Frankincense Dakkara Essential Oil - Living Libations\",\"isPartOf\":{\"@id\":\"https:\/\/dutchhealthstore.com\/fr\/#website\"},\"primaryImageOfPage\":{\"@id\":\"https:\/\/dutchhealthstore.com\/fr\/product\/frankincense-dakkara-essential-oil\/#primaryimage\"},\"image\":{\"@id\":\"https:\/\/dutchhealthstore.com\/fr\/product\/frankincense-dakkara-essential-oil\/#primaryimage\"},\"thumbnailUrl\":\"https:\/\/dutchhealthstore.com\/wp-content\/uploads\/2020\/11\/2025-04-15-13_35_47-Dakkara-Frankincense-Essential-Oil-\u2013-Living-Libations-INT.jpg\",\"datePublished\":\"2020-11-23T12:25:15+00:00\",\"dateModified\":\"2024-02-06T15:18:03+00:00\",\"description\":\"Le discernement de Dakkara est un chr\u00eame de nettoyage et d'\u00e9claircissement dans n'importe quel contexte, il affine la concentration, sent la peau et nous connecte constamment \u00e0 notre noyau int\u00e9rieur de valeur.\",\"breadcrumb\":{\"@id\":\"https:\/\/dutchhealthstore.com\/fr\/product\/frankincense-dakkara-essential-oil\/#breadcrumb\"},\"inLanguage\":\"fr-FR\",\"potentialAction\":[{\"@type\":\"ReadAction\",\"target\":[\"https:\/\/dutchhealthstore.com\/fr\/product\/frankincense-dakkara-essential-oil\/\"]}]},{\"@type\":\"ImageObject\",\"inLanguage\":\"fr-FR\",\"@id\":\"https:\/\/dutchhealthstore.com\/fr\/product\/frankincense-dakkara-essential-oil\/#primaryimage\",\"url\":\"https:\/\/dutchhealthstore.com\/wp-content\/uploads\/2020\/11\/2025-04-15-13_35_47-Dakkara-Frankincense-Essential-Oil-\u2013-Living-Libations-INT.jpg\",\"contentUrl\":\"https:\/\/dutchhealthstore.com\/wp-content\/uploads\/2020\/11\/2025-04-15-13_35_47-Dakkara-Frankincense-Essential-Oil-\u2013-Living-Libations-INT.jpg\",\"width\":530,\"height\":530},{\"@type\":\"BreadcrumbList\",\"@id\":\"https:\/\/dutchhealthstore.com\/fr\/product\/frankincense-dakkara-essential-oil\/#breadcrumb\",\"itemListElement\":[{\"@type\":\"ListItem\",\"position\":1,\"name\":\"Home\",\"item\":\"https:\/\/dutchhealthstore.com\/fr\/\"},{\"@type\":\"ListItem\",\"position\":2,\"name\":\"Shop\",\"item\":\"https:\/\/dutchhealthstore.com\/fr\/shop\/\"},{\"@type\":\"ListItem\",\"position\":3,\"name\":\"Frankincense Dakkara Essential Oil\"}]},{\"@type\":\"WebSite\",\"@id\":\"https:\/\/dutchhealthstore.com\/fr\/#website\",\"url\":\"https:\/\/dutchhealthstore.com\/fr\/\",\"name\":\"Dutch Health Store\",\"description\":\"Enhance Your Beauty with Organic &amp; Natural Skincare\",\"publisher\":{\"@id\":\"https:\/\/dutchhealthstore.com\/fr\/#organization\"},\"potentialAction\":[{\"@type\":\"SearchAction\",\"target\":{\"@type\":\"EntryPoint\",\"urlTemplate\":\"https:\/\/dutchhealthstore.com\/fr\/?s={search_term_string}\"},\"query-input\":{\"@type\":\"PropertyValueSpecification\",\"valueRequired\":true,\"valueName\":\"search_term_string\"}}],\"inLanguage\":\"fr-FR\"},{\"@type\":\"Organization\",\"@id\":\"https:\/\/dutchhealthstore.com\/fr\/#organization\",\"name\":\"Dutch Health Store\",\"url\":\"https:\/\/dutchhealthstore.com\/fr\/\",\"logo\":{\"@type\":\"ImageObject\",\"inLanguage\":\"fr-FR\",\"@id\":\"https:\/\/dutchhealthstore.com\/fr\/#\/schema\/logo\/image\/\",\"url\":\"https:\/\/dutchhealthstore.com\/wp-content\/uploads\/2020\/08\/logo-dutchhealthstore-jpg-e1599484957574.jpg\",\"contentUrl\":\"https:\/\/dutchhealthstore.com\/wp-content\/uploads\/2020\/08\/logo-dutchhealthstore-jpg-e1599484957574.jpg\",\"width\":400,\"height\":62,\"caption\":\"Dutch Health Store\"},\"image\":{\"@id\":\"https:\/\/dutchhealthstore.com\/fr\/#\/schema\/logo\/image\/\"},\"sameAs\":[\"https:\/\/www.instagram.com\/dutchhealthstore\/\",\"https:\/\/www.facebook.com\/dutchhealthstore\"]}]}<\/script>\n<meta property=\"product:brand\" content=\"Living Libations\" \/>\n<meta property=\"og:availability\" content=\"instock\" \/>\n<meta property=\"product:availability\" content=\"instock\" \/>\n<meta property=\"product:condition\" content=\"new\" \/>\n<!-- \/ Yoast SEO Premium plugin. -->","yoast_head_json":{"title":"Frankincense Dakkara Essential Oil - Living Libations","description":"Le discernement de Dakkara est un chr\u00eame de nettoyage et d'\u00e9claircissement dans n'importe quel contexte, il affine la concentration, sent la peau et nous connecte constamment \u00e0 notre noyau int\u00e9rieur de valeur.","robots":{"index":"index","follow":"follow","max-snippet":"max-snippet:-1","max-image-preview":"max-image-preview:large","max-video-preview":"max-video-preview:-1"},"canonical":"https:\/\/dutchhealthstore.com\/fr\/product\/frankincense-dakkara-essential-oil\/","og_locale":"fr_FR","og_type":"article","og_title":"Frankincense Dakkara Essential Oil - Dutch Health Store","og_description":"Le discernement de Dakkara est un chr\u00eame de nettoyage et d'\u00e9claircissement dans n'importe quel contexte, il affine la concentration, sent la peau et nous connecte constamment \u00e0 notre noyau int\u00e9rieur de valeur.","og_url":"https:\/\/dutchhealthstore.com\/fr\/product\/frankincense-dakkara-essential-oil\/","og_site_name":"Dutch Health Store","article_publisher":"https:\/\/www.instagram.com\/dutchhealthstore\/","article_modified_time":"2024-02-06T15:18:03+00:00","og_image":[{"width":500,"height":500,"url":"https:\/\/dutchhealthstore.com\/wp-content\/uploads\/2020\/11\/Living-Libations-Frankincens-Dakkara-Essential-Oil.jpg","type":"image\/jpeg"}],"twitter_card":"summary_large_image","twitter_misc":{"Disponibilit\u00e9":"En stock"},"schema":{"@context":"https:\/\/schema.org","@graph":[{"@type":"WebPage","@id":"https:\/\/dutchhealthstore.com\/fr\/product\/frankincense-dakkara-essential-oil\/","url":"https:\/\/dutchhealthstore.com\/fr\/product\/frankincense-dakkara-essential-oil\/","name":"Frankincense Dakkara Essential Oil - Living Libations","isPartOf":{"@id":"https:\/\/dutchhealthstore.com\/fr\/#website"},"primaryImageOfPage":{"@id":"https:\/\/dutchhealthstore.com\/fr\/product\/frankincense-dakkara-essential-oil\/#primaryimage"},"image":{"@id":"https:\/\/dutchhealthstore.com\/fr\/product\/frankincense-dakkara-essential-oil\/#primaryimage"},"thumbnailUrl":"https:\/\/dutchhealthstore.com\/wp-content\/uploads\/2020\/11\/2025-04-15-13_35_47-Dakkara-Frankincense-Essential-Oil-\u2013-Living-Libations-INT.jpg","datePublished":"2020-11-23T12:25:15+00:00","dateModified":"2024-02-06T15:18:03+00:00","description":"Le discernement de Dakkara est un chr\u00eame de nettoyage et d'\u00e9claircissement dans n'importe quel contexte, il affine la concentration, sent la peau et nous connecte constamment \u00e0 notre noyau int\u00e9rieur de valeur.","breadcrumb":{"@id":"https:\/\/dutchhealthstore.com\/fr\/product\/frankincense-dakkara-essential-oil\/#breadcrumb"},"inLanguage":"fr-FR","potentialAction":[{"@type":"ReadAction","target":["https:\/\/dutchhealthstore.com\/fr\/product\/frankincense-dakkara-essential-oil\/"]}]},{"@type":"ImageObject","inLanguage":"fr-FR","@id":"https:\/\/dutchhealthstore.com\/fr\/product\/frankincense-dakkara-essential-oil\/#primaryimage","url":"https:\/\/dutchhealthstore.com\/wp-content\/uploads\/2020\/11\/2025-04-15-13_35_47-Dakkara-Frankincense-Essential-Oil-\u2013-Living-Libations-INT.jpg","contentUrl":"https:\/\/dutchhealthstore.com\/wp-content\/uploads\/2020\/11\/2025-04-15-13_35_47-Dakkara-Frankincense-Essential-Oil-\u2013-Living-Libations-INT.jpg","width":530,"height":530},{"@type":"BreadcrumbList","@id":"https:\/\/dutchhealthstore.com\/fr\/product\/frankincense-dakkara-essential-oil\/#breadcrumb","itemListElement":[{"@type":"ListItem","position":1,"name":"Home","item":"https:\/\/dutchhealthstore.com\/fr\/"},{"@type":"ListItem","position":2,"name":"Shop","item":"https:\/\/dutchhealthstore.com\/fr\/shop\/"},{"@type":"ListItem","position":3,"name":"Frankincense Dakkara Essential Oil"}]},{"@type":"WebSite","@id":"https:\/\/dutchhealthstore.com\/fr\/#website","url":"https:\/\/dutchhealthstore.com\/fr\/","name":"Dutch Health Store","description":"Enhance Your Beauty with Organic &amp; Natural Skincare","publisher":{"@id":"https:\/\/dutchhealthstore.com\/fr\/#organization"},"potentialAction":[{"@type":"SearchAction","target":{"@type":"EntryPoint","urlTemplate":"https:\/\/dutchhealthstore.com\/fr\/?s={search_term_string}"},"query-input":{"@type":"PropertyValueSpecification","valueRequired":true,"valueName":"search_term_string"}}],"inLanguage":"fr-FR"},{"@type":"Organization","@id":"https:\/\/dutchhealthstore.com\/fr\/#organization","name":"Dutch Health Store","url":"https:\/\/dutchhealthstore.com\/fr\/","logo":{"@type":"ImageObject","inLanguage":"fr-FR","@id":"https:\/\/dutchhealthstore.com\/fr\/#\/schema\/logo\/image\/","url":"https:\/\/dutchhealthstore.com\/wp-content\/uploads\/2020\/08\/logo-dutchhealthstore-jpg-e1599484957574.jpg","contentUrl":"https:\/\/dutchhealthstore.com\/wp-content\/uploads\/2020\/08\/logo-dutchhealthstore-jpg-e1599484957574.jpg","width":400,"height":62,"caption":"Dutch Health Store"},"image":{"@id":"https:\/\/dutchhealthstore.com\/fr\/#\/schema\/logo\/image\/"},"sameAs":["https:\/\/www.instagram.com\/dutchhealthstore\/","https:\/\/www.facebook.com\/dutchhealthstore"]}]},"product_brand":"Living Libations","og_availability":"instock","product_availability":"instock","product_condition":"new"},"_links":{"self":[{"href":"https:\/\/dutchhealthstore.com\/fr\/wp-json\/wp\/v2\/product\/136408","targetHints":{"allow":["GET"]}}],"collection":[{"href":"https:\/\/dutchhealthstore.com\/fr\/wp-json\/wp\/v2\/product"}],"about":[{"href":"https:\/\/dutchhealthstore.com\/fr\/wp-json\/wp\/v2\/types\/product"}],"replies":[{"embeddable":true,"href":"https:\/\/dutchhealthstore.com\/fr\/wp-json\/wp\/v2\/comments?post=136408"}],"wp:featuredmedia":[{"embeddable":true,"href":"https:\/\/dutchhealthstore.com\/fr\/wp-json\/wp\/v2\/media\/337416"}],"wp:attachment":[{"href":"https:\/\/dutchhealthstore.com\/fr\/wp-json\/wp\/v2\/media?parent=136408"}],"wp:term":[{"taxonomy":"product_brand","embeddable":true,"href":"https:\/\/dutchhealthstore.com\/fr\/wp-json\/wp\/v2\/product_brand?post=136408"},{"taxonomy":"product_cat","embeddable":true,"href":"https:\/\/dutchhealthstore.com\/fr\/wp-json\/wp\/v2\/product_cat?post=136408"},{"taxonomy":"product_tag","embeddable":true,"href":"https:\/\/dutchhealthstore.com\/fr\/wp-json\/wp\/v2\/product_tag?post=136408"}],"curies":[{"name":"wp","href":"https:\/\/api.w.org\/{rel}","templated":true}]}}