{"id":136404,"date":"2020-11-23T11:16:44","date_gmt":"2020-11-23T10:16:44","guid":{"rendered":"https:\/\/dutchhealthstore.com\/product\/balsam-peru-essential-oil\/"},"modified":"2024-03-11T07:59:42","modified_gmt":"2024-03-11T07:59:42","slug":"balsam-peru-essential-oil","status":"publish","type":"product","link":"https:\/\/dutchhealthstore.com\/fr\/product\/balsam-peru-essential-oil\/","title":{"rendered":"Balsam Peru Essential Oil"},"content":{"rendered":"<p><strong><a href=\"https:\/\/dutchhealthstore.com\/wp-content\/uploads\/2018\/04\/Living_Libations-1.png\"><img decoding=\"async\" class=\"alignright size-full wp-image-37041\" src=\"https:\/\/dutchhealthstore.com\/wp-content\/uploads\/2018\/04\/Living_Libations-1.png\" alt=\"Organic &amp; Natural Beautyproducts - Living Libations\" width=\"175\" height=\"82\"><\/a>Nom botanique<\/strong>: Myroxylon balsamum<br \/>\n<strong>Famille botanique<\/strong> : Fabaceae<br \/>\n<strong>M\u00e9thode d&rsquo;extraction<\/strong> : Distillation \u00e0 la vapeur<br \/>\n<strong>Partie de la plante distill\u00e9e<\/strong> : R\u00e9sine<br \/>\n<strong>Pays d&rsquo;origine :<\/strong> P\u00e9rou<br \/>\n<strong>M\u00e9thode de culture :<\/strong> Cueillette sauvage<br \/>\n<strong>Composition :<\/strong> 100% Myroxylon balsamum<br \/>\n<strong>Consistance :<\/strong> Epaisse, de couleur ambre et parfois cristalline.<br \/>\n<strong>Constituants :<\/strong> Esters d&rsquo;acide benzo\u00efque, acides cinnamiques, vanilline.<br \/>\n<strong>Contre-indications :<\/strong> Toujours diluer avant utilisation. Les peaux sensibles doivent faire l&rsquo;objet d&rsquo;un test \u00e9picutan\u00e9 avant utilisation.<\/p>\n<h3>Description de l&rsquo;odeur<\/h3>\n<p>Ar\u00f4me d\u00e9lectable exhalant des notes douces de cannelle-\u00e9pice et de caramel avec une note de base balsamique douce, r\u00e9chauff\u00e9e par un noyau de vanille poudr\u00e9e.<\/p>\n<h3>Se marie bien avec<\/h3>\n<p>C\u00e8dre, cardamome, cannelle, clou de girofle, orange, patchouli, santal, ylang, jasmin, v\u00e9tiver, citron, vanille, f\u00e8ve tonka, nard, herbe vernale douce, petit grain, benjoin, bergamote, sauge sclar\u00e9e, narcisse, racine d&rsquo;iris et n\u00e9roli.<\/p>\n<h3>Utilisations<\/h3>\n<p>Fabuleux fixateur dans les m\u00e9langes aromatiques, les bougies et les parfums.<br \/>\nAppr\u00e9ci\u00e9 en aromath\u00e9rapie comme calmant et adoucissant pour le corps et l&rsquo;esprit.<br \/>\nApaise les nerfs et les tensions.<br \/>\nFavorise la tranquillit\u00e9 et les zzzzz&rsquo;s paisibles.<br \/>\nAjoutez une goutte \u00e0 un diffuseur ou \u00e0 une pipe \u00e0 sel pour lib\u00e9rer votre souffle et am\u00e9liorer votre humeur.<br \/>\nEn parfumerie, il est utilis\u00e9 pour adoucir la base et construire des accords de vanilline velout\u00e9e.<br \/>\nPour un accord aromatique g\u00e9nial, superposez Balsam Peru, Benzoin et Vanille.<br \/>\n\u00c0 partir de l\u00e0, vous pouvez amener la formule dans la for\u00eat avec des accents de terre et de sapin, dans le soleil avec des agrumes, ou dans la po\u00e9sie des p\u00e9tales avec le jasmin et l&rsquo;ylang.<\/p>\n<p>Le baume du P\u00e9rou est une ol\u00e9or\u00e9sine ancienne, et son essence joue une note particuli\u00e8re dans la symphonie aromatique des huiles essentielles.<br \/>\nL&rsquo;esprit de ce parfum apaise et adoucit \u00e0 la fois le corps et l&rsquo;esprit. Les compos\u00e9s naturel de ce baume sont particuli\u00e8rement nettoyants et apaisants pour la peau. Ajout\u00e9 \u00e0 une pipe de sel, il constitue une douce brise pour la respiration et donne une pr\u00e9monition de paix. C\u00e9l\u00e8bre pour son parfum poudr\u00e9 de vanille et de caramel balsamique, c&rsquo;est une fragrance g\u00e9n\u00e9reuse et un fixateur de longue dur\u00e9e dans les parfums et les produits.<\/p>\n<p>La belle r\u00e9sine de baume est traditionnellement utilis\u00e9e au P\u00e9rou comme cicatrisant cutan\u00e9, antiseptique, fixateur de parfum et ingr\u00e9dient pr\u00e9cieux de sirops et de pastilles apaisants. Les arbres sont prot\u00e9g\u00e9s dans la r\u00e9gion par des pratiques \u00e9cologiques saines en mati\u00e8re de r\u00e9colte de r\u00e9sine et de replantation, afin de garantir la sant\u00e9 de l&rsquo;esp\u00e8ce et de son environnement.<\/p>\n<p><strong>Taille : 5 ml<\/strong><\/p>\n<h3>Ingr\u00e9dients biologiques<\/h3>\n<p>100% huile essentielle de baume du P\u00e9rou (Myroxylon balsamum).<\/p>\n<p style=\"text-align: center;\"><em>\u00ab\u00a0C&rsquo;est un ar\u00f4me doux, doux comme l&rsquo;innocence d&rsquo;un enfant, mais avec un amour inconditionnel et une empathie qui d\u00e9coule de la compr\u00e9hension de l&rsquo;\u00e9tat d&rsquo;\u00eatre humain. Son parfum doux et chaud remplit les espaces qui sont rest\u00e9s froids, intouchables, inaccessibles, permettant l&rsquo;ouverture du c\u0153ur.\u00a0\u00bb<\/em><br \/>\n~Valerie Ann Worwood, <strong>Aromatherapy for the Soul<\/strong><\/p>\n<p><a href=\"https:\/\/dutchhealthstore.com\/wp-content\/uploads\/2018\/03\/organic_big.png\"><img fetchpriority=\"high\" decoding=\"async\" class=\"size-full wp-image-31577 aligncenter\" src=\"https:\/\/dutchhealthstore.com\/wp-content\/uploads\/2018\/03\/organic_big.png\" alt=\"Organic and Natural - Living Libations\" width=\"623\" height=\"103\" srcset=\"https:\/\/dutchhealthstore.com\/wp-content\/uploads\/2018\/03\/organic_big.png 623w, https:\/\/dutchhealthstore.com\/wp-content\/uploads\/2018\/03\/organic_big-510x84.png 510w, https:\/\/dutchhealthstore.com\/wp-content\/uploads\/2018\/03\/organic_big-600x99.png 600w, https:\/\/dutchhealthstore.com\/wp-content\/uploads\/2018\/03\/organic_big-350x58.png 350w\" sizes=\"(max-width: 623px) 100vw, 623px\" \/><\/a><\/p>\n","protected":false},"excerpt":{"rendered":"<p><em>Myroxylon<\/em> signifie \u00ab\u00a0bois parfum\u00e9\u00a0\u00bb en grec, et cet arbre majestueux prosp\u00e8re sur les flancs des collines du Salvador, o\u00f9 les bosquets de baumes diffusent une merveilleuse brume mielleuse de vanille.<br \/>\n<strong>Balsam Peru<\/strong> essential oil, agr\u00e9ablement envahissante, provient de la r\u00e9sine aromatique de cet arbre, qui est r\u00e9colt\u00e9e deux fois par an dans le cadre de la culture locale salvadorienne.<br \/>\nCe calmant r\u00e9sineux est distill\u00e9 \u00e0 la vapeur pour lib\u00e9rer l&rsquo;ar\u00f4me bienveillant, balsamique, ambr\u00e9 et ambrosien qui d\u00e9coule des niveaux \u00e9lev\u00e9s de vanilline naturelde la r\u00e9sine.<\/p>\n","protected":false},"featured_media":337432,"comment_status":"open","ping_status":"closed","template":"","meta":[],"product_brand":[],"product_cat":[1507,6734,1211,1209,1030,3757,1010,6733],"product_tag":[4495],"class_list":{"0":"post-136404","1":"product","2":"type-product","3":"status-publish","4":"has-post-thumbnail","6":"product_cat-plantes-huiles-essentielles-living-libations","7":"product_cat-essential-oils","8":"product_cat-living-libations-france","9":"product_cat-par-marques","10":"product_cat-par-produits","11":"product_cat-plantes-huiles-essentielles","12":"product_cat-notre-boutique","13":"product_cat-wellness-fr-2","14":"product_tag-essential-oil-fr","15":"pa_brand-livinglibations-fr","16":"pa_essential-oils-product-type-essential-oils-fr","17":"pa_size-15-ml-fr","18":"pa_size-5-ml-fr","20":"first","21":"instock","22":"taxable","23":"shipping-taxable","24":"purchasable","25":"product-type-variable"},"bundled_by":[],"bundle_stock_status":"instock","bundle_stock_quantity":null,"bundle_virtual":false,"bundle_layout":"","bundle_add_to_cart_form_location":"","bundle_editable_in_cart":false,"bundle_sold_individually_context":"","bundle_item_grouping":"","bundle_min_size":"","bundle_max_size":"","bundle_price":[],"bundled_items":[],"bundle_sell_ids":[],"atum_controlled":true,"out_stock_date":null,"out_stock_threshold":null,"inheritable":true,"stock_on_hold":0,"sold_today":0,"sales_last_days":0,"out_stock_days":0,"lost_sales":0,"update_date":"2026-05-13T00:20:58","atum_locations":[],"atum_stock_status":"instock","restock_status":false,"low_stock_amount":"","sales_update_date":"2026-05-13T00:20:58","calc_backorders":null,"group_of_quantity":0,"min_quantity":0,"max_quantity":"","exclude_order_quantity_value_rules":"no","exclude_category_quantity_rules":"no","combine_variations":"no","yoast_head":"<!-- This site is optimized with the Yoast SEO Premium plugin v26.5 (Yoast SEO v26.5) - https:\/\/yoast.com\/wordpress\/plugins\/seo\/ -->\n<title>Balsam Peru Essential Oil - Living Libations<\/title>\n<meta name=\"description\" content=\"Balsam Peru essential oil, agr\u00e9ablement envahissante, provient de la r\u00e9sine aromatique de cet arbre, qui est r\u00e9colt\u00e9e deux fois par an dans le cadre de la culture locale salvadorienne.\" \/>\n<meta name=\"robots\" content=\"index, follow, max-snippet:-1, max-image-preview:large, max-video-preview:-1\" \/>\n<link rel=\"canonical\" href=\"https:\/\/dutchhealthstore.com\/fr\/product\/balsam-peru-essential-oil\/\" \/>\n<meta property=\"og:locale\" content=\"fr_FR\" \/>\n<meta property=\"og:type\" content=\"article\" \/>\n<meta property=\"og:title\" content=\"Balsam Peru Essential Oil - Dutch Health Store\" \/>\n<meta property=\"og:description\" content=\"Balsam Peru essential oil, agr\u00e9ablement envahissante, provient de la r\u00e9sine aromatique de cet arbre, qui est r\u00e9colt\u00e9e deux fois par an dans le cadre de la culture locale salvadorienne.\" \/>\n<meta property=\"og:url\" content=\"https:\/\/dutchhealthstore.com\/fr\/product\/balsam-peru-essential-oil\/\" \/>\n<meta property=\"og:site_name\" content=\"Dutch Health Store\" \/>\n<meta property=\"article:publisher\" content=\"https:\/\/www.instagram.com\/dutchhealthstore\/\" \/>\n<meta property=\"article:modified_time\" content=\"2024-03-11T07:59:42+00:00\" \/>\n<meta property=\"og:image\" content=\"https:\/\/dutchhealthstore.com\/wp-content\/uploads\/2020\/11\/Living-Libations-Balsam-Peru-Essential-Oil.jpg\" \/>\n\t<meta property=\"og:image:width\" content=\"500\" \/>\n\t<meta property=\"og:image:height\" content=\"500\" \/>\n\t<meta property=\"og:image:type\" content=\"image\/jpeg\" \/>\n<meta name=\"twitter:card\" content=\"summary_large_image\" \/>\n<meta name=\"twitter:label1\" content=\"Disponibilit\u00e9\" \/>\n\t<meta name=\"twitter:data1\" content=\"En stock\" \/>\n<script type=\"application\/ld+json\" class=\"yoast-schema-graph\">{\"@context\":\"https:\/\/schema.org\",\"@graph\":[{\"@type\":\"WebPage\",\"@id\":\"https:\/\/dutchhealthstore.com\/fr\/product\/balsam-peru-essential-oil\/\",\"url\":\"https:\/\/dutchhealthstore.com\/fr\/product\/balsam-peru-essential-oil\/\",\"name\":\"Balsam Peru Essential Oil - Living Libations\",\"isPartOf\":{\"@id\":\"https:\/\/dutchhealthstore.com\/fr\/#website\"},\"primaryImageOfPage\":{\"@id\":\"https:\/\/dutchhealthstore.com\/fr\/product\/balsam-peru-essential-oil\/#primaryimage\"},\"image\":{\"@id\":\"https:\/\/dutchhealthstore.com\/fr\/product\/balsam-peru-essential-oil\/#primaryimage\"},\"thumbnailUrl\":\"https:\/\/dutchhealthstore.com\/wp-content\/uploads\/2020\/11\/2025-04-15-13_37_40-Balsam-Peru-Essential-Oil-\u2013-Living-Libations-INT-1.jpg\",\"datePublished\":\"2020-11-23T10:16:44+00:00\",\"dateModified\":\"2024-03-11T07:59:42+00:00\",\"description\":\"Balsam Peru essential oil, agr\u00e9ablement envahissante, provient de la r\u00e9sine aromatique de cet arbre, qui est r\u00e9colt\u00e9e deux fois par an dans le cadre de la culture locale salvadorienne.\",\"breadcrumb\":{\"@id\":\"https:\/\/dutchhealthstore.com\/fr\/product\/balsam-peru-essential-oil\/#breadcrumb\"},\"inLanguage\":\"fr-FR\",\"potentialAction\":[{\"@type\":\"ReadAction\",\"target\":[\"https:\/\/dutchhealthstore.com\/fr\/product\/balsam-peru-essential-oil\/\"]}]},{\"@type\":\"ImageObject\",\"inLanguage\":\"fr-FR\",\"@id\":\"https:\/\/dutchhealthstore.com\/fr\/product\/balsam-peru-essential-oil\/#primaryimage\",\"url\":\"https:\/\/dutchhealthstore.com\/wp-content\/uploads\/2020\/11\/2025-04-15-13_37_40-Balsam-Peru-Essential-Oil-\u2013-Living-Libations-INT-1.jpg\",\"contentUrl\":\"https:\/\/dutchhealthstore.com\/wp-content\/uploads\/2020\/11\/2025-04-15-13_37_40-Balsam-Peru-Essential-Oil-\u2013-Living-Libations-INT-1.jpg\",\"width\":530,\"height\":530},{\"@type\":\"BreadcrumbList\",\"@id\":\"https:\/\/dutchhealthstore.com\/fr\/product\/balsam-peru-essential-oil\/#breadcrumb\",\"itemListElement\":[{\"@type\":\"ListItem\",\"position\":1,\"name\":\"Home\",\"item\":\"https:\/\/dutchhealthstore.com\/fr\/\"},{\"@type\":\"ListItem\",\"position\":2,\"name\":\"Shop\",\"item\":\"https:\/\/dutchhealthstore.com\/fr\/shop\/\"},{\"@type\":\"ListItem\",\"position\":3,\"name\":\"Balsam Peru Essential Oil\"}]},{\"@type\":\"WebSite\",\"@id\":\"https:\/\/dutchhealthstore.com\/fr\/#website\",\"url\":\"https:\/\/dutchhealthstore.com\/fr\/\",\"name\":\"Dutch Health Store\",\"description\":\"Enhance Your Beauty with Organic &amp; Natural Skincare\",\"publisher\":{\"@id\":\"https:\/\/dutchhealthstore.com\/fr\/#organization\"},\"potentialAction\":[{\"@type\":\"SearchAction\",\"target\":{\"@type\":\"EntryPoint\",\"urlTemplate\":\"https:\/\/dutchhealthstore.com\/fr\/?s={search_term_string}\"},\"query-input\":{\"@type\":\"PropertyValueSpecification\",\"valueRequired\":true,\"valueName\":\"search_term_string\"}}],\"inLanguage\":\"fr-FR\"},{\"@type\":\"Organization\",\"@id\":\"https:\/\/dutchhealthstore.com\/fr\/#organization\",\"name\":\"Dutch Health Store\",\"url\":\"https:\/\/dutchhealthstore.com\/fr\/\",\"logo\":{\"@type\":\"ImageObject\",\"inLanguage\":\"fr-FR\",\"@id\":\"https:\/\/dutchhealthstore.com\/fr\/#\/schema\/logo\/image\/\",\"url\":\"https:\/\/dutchhealthstore.com\/wp-content\/uploads\/2020\/08\/logo-dutchhealthstore-jpg-e1599484957574.jpg\",\"contentUrl\":\"https:\/\/dutchhealthstore.com\/wp-content\/uploads\/2020\/08\/logo-dutchhealthstore-jpg-e1599484957574.jpg\",\"width\":400,\"height\":62,\"caption\":\"Dutch Health Store\"},\"image\":{\"@id\":\"https:\/\/dutchhealthstore.com\/fr\/#\/schema\/logo\/image\/\"},\"sameAs\":[\"https:\/\/www.instagram.com\/dutchhealthstore\/\",\"https:\/\/www.facebook.com\/dutchhealthstore\"]}]}<\/script>\n<meta property=\"product:brand\" content=\"Living Libations\" \/>\n<meta property=\"og:availability\" content=\"instock\" \/>\n<meta property=\"product:availability\" content=\"instock\" \/>\n<meta property=\"product:condition\" content=\"new\" \/>\n<!-- \/ Yoast SEO Premium plugin. -->","yoast_head_json":{"title":"Balsam Peru Essential Oil - Living Libations","description":"Balsam Peru essential oil, agr\u00e9ablement envahissante, provient de la r\u00e9sine aromatique de cet arbre, qui est r\u00e9colt\u00e9e deux fois par an dans le cadre de la culture locale salvadorienne.","robots":{"index":"index","follow":"follow","max-snippet":"max-snippet:-1","max-image-preview":"max-image-preview:large","max-video-preview":"max-video-preview:-1"},"canonical":"https:\/\/dutchhealthstore.com\/fr\/product\/balsam-peru-essential-oil\/","og_locale":"fr_FR","og_type":"article","og_title":"Balsam Peru Essential Oil - Dutch Health Store","og_description":"Balsam Peru essential oil, agr\u00e9ablement envahissante, provient de la r\u00e9sine aromatique de cet arbre, qui est r\u00e9colt\u00e9e deux fois par an dans le cadre de la culture locale salvadorienne.","og_url":"https:\/\/dutchhealthstore.com\/fr\/product\/balsam-peru-essential-oil\/","og_site_name":"Dutch Health Store","article_publisher":"https:\/\/www.instagram.com\/dutchhealthstore\/","article_modified_time":"2024-03-11T07:59:42+00:00","og_image":[{"width":500,"height":500,"url":"https:\/\/dutchhealthstore.com\/wp-content\/uploads\/2020\/11\/Living-Libations-Balsam-Peru-Essential-Oil.jpg","type":"image\/jpeg"}],"twitter_card":"summary_large_image","twitter_misc":{"Disponibilit\u00e9":"En stock"},"schema":{"@context":"https:\/\/schema.org","@graph":[{"@type":"WebPage","@id":"https:\/\/dutchhealthstore.com\/fr\/product\/balsam-peru-essential-oil\/","url":"https:\/\/dutchhealthstore.com\/fr\/product\/balsam-peru-essential-oil\/","name":"Balsam Peru Essential Oil - Living Libations","isPartOf":{"@id":"https:\/\/dutchhealthstore.com\/fr\/#website"},"primaryImageOfPage":{"@id":"https:\/\/dutchhealthstore.com\/fr\/product\/balsam-peru-essential-oil\/#primaryimage"},"image":{"@id":"https:\/\/dutchhealthstore.com\/fr\/product\/balsam-peru-essential-oil\/#primaryimage"},"thumbnailUrl":"https:\/\/dutchhealthstore.com\/wp-content\/uploads\/2020\/11\/2025-04-15-13_37_40-Balsam-Peru-Essential-Oil-\u2013-Living-Libations-INT-1.jpg","datePublished":"2020-11-23T10:16:44+00:00","dateModified":"2024-03-11T07:59:42+00:00","description":"Balsam Peru essential oil, agr\u00e9ablement envahissante, provient de la r\u00e9sine aromatique de cet arbre, qui est r\u00e9colt\u00e9e deux fois par an dans le cadre de la culture locale salvadorienne.","breadcrumb":{"@id":"https:\/\/dutchhealthstore.com\/fr\/product\/balsam-peru-essential-oil\/#breadcrumb"},"inLanguage":"fr-FR","potentialAction":[{"@type":"ReadAction","target":["https:\/\/dutchhealthstore.com\/fr\/product\/balsam-peru-essential-oil\/"]}]},{"@type":"ImageObject","inLanguage":"fr-FR","@id":"https:\/\/dutchhealthstore.com\/fr\/product\/balsam-peru-essential-oil\/#primaryimage","url":"https:\/\/dutchhealthstore.com\/wp-content\/uploads\/2020\/11\/2025-04-15-13_37_40-Balsam-Peru-Essential-Oil-\u2013-Living-Libations-INT-1.jpg","contentUrl":"https:\/\/dutchhealthstore.com\/wp-content\/uploads\/2020\/11\/2025-04-15-13_37_40-Balsam-Peru-Essential-Oil-\u2013-Living-Libations-INT-1.jpg","width":530,"height":530},{"@type":"BreadcrumbList","@id":"https:\/\/dutchhealthstore.com\/fr\/product\/balsam-peru-essential-oil\/#breadcrumb","itemListElement":[{"@type":"ListItem","position":1,"name":"Home","item":"https:\/\/dutchhealthstore.com\/fr\/"},{"@type":"ListItem","position":2,"name":"Shop","item":"https:\/\/dutchhealthstore.com\/fr\/shop\/"},{"@type":"ListItem","position":3,"name":"Balsam Peru Essential Oil"}]},{"@type":"WebSite","@id":"https:\/\/dutchhealthstore.com\/fr\/#website","url":"https:\/\/dutchhealthstore.com\/fr\/","name":"Dutch Health Store","description":"Enhance Your Beauty with Organic &amp; Natural Skincare","publisher":{"@id":"https:\/\/dutchhealthstore.com\/fr\/#organization"},"potentialAction":[{"@type":"SearchAction","target":{"@type":"EntryPoint","urlTemplate":"https:\/\/dutchhealthstore.com\/fr\/?s={search_term_string}"},"query-input":{"@type":"PropertyValueSpecification","valueRequired":true,"valueName":"search_term_string"}}],"inLanguage":"fr-FR"},{"@type":"Organization","@id":"https:\/\/dutchhealthstore.com\/fr\/#organization","name":"Dutch Health Store","url":"https:\/\/dutchhealthstore.com\/fr\/","logo":{"@type":"ImageObject","inLanguage":"fr-FR","@id":"https:\/\/dutchhealthstore.com\/fr\/#\/schema\/logo\/image\/","url":"https:\/\/dutchhealthstore.com\/wp-content\/uploads\/2020\/08\/logo-dutchhealthstore-jpg-e1599484957574.jpg","contentUrl":"https:\/\/dutchhealthstore.com\/wp-content\/uploads\/2020\/08\/logo-dutchhealthstore-jpg-e1599484957574.jpg","width":400,"height":62,"caption":"Dutch Health Store"},"image":{"@id":"https:\/\/dutchhealthstore.com\/fr\/#\/schema\/logo\/image\/"},"sameAs":["https:\/\/www.instagram.com\/dutchhealthstore\/","https:\/\/www.facebook.com\/dutchhealthstore"]}]},"product_brand":"Living Libations","og_availability":"instock","product_availability":"instock","product_condition":"new"},"_links":{"self":[{"href":"https:\/\/dutchhealthstore.com\/fr\/wp-json\/wp\/v2\/product\/136404","targetHints":{"allow":["GET"]}}],"collection":[{"href":"https:\/\/dutchhealthstore.com\/fr\/wp-json\/wp\/v2\/product"}],"about":[{"href":"https:\/\/dutchhealthstore.com\/fr\/wp-json\/wp\/v2\/types\/product"}],"replies":[{"embeddable":true,"href":"https:\/\/dutchhealthstore.com\/fr\/wp-json\/wp\/v2\/comments?post=136404"}],"wp:featuredmedia":[{"embeddable":true,"href":"https:\/\/dutchhealthstore.com\/fr\/wp-json\/wp\/v2\/media\/337432"}],"wp:attachment":[{"href":"https:\/\/dutchhealthstore.com\/fr\/wp-json\/wp\/v2\/media?parent=136404"}],"wp:term":[{"taxonomy":"product_brand","embeddable":true,"href":"https:\/\/dutchhealthstore.com\/fr\/wp-json\/wp\/v2\/product_brand?post=136404"},{"taxonomy":"product_cat","embeddable":true,"href":"https:\/\/dutchhealthstore.com\/fr\/wp-json\/wp\/v2\/product_cat?post=136404"},{"taxonomy":"product_tag","embeddable":true,"href":"https:\/\/dutchhealthstore.com\/fr\/wp-json\/wp\/v2\/product_tag?post=136404"}],"curies":[{"name":"wp","href":"https:\/\/api.w.org\/{rel}","templated":true}]}}