{"id":136396,"date":"2020-11-23T09:03:28","date_gmt":"2020-11-23T08:03:28","guid":{"rendered":"https:\/\/dutchhealthstore.com\/product\/ylang-complete-essential-oil\/"},"modified":"2026-03-27T23:24:15","modified_gmt":"2026-03-27T22:24:15","slug":"ylang-complete-essential-oil","status":"publish","type":"product","link":"https:\/\/dutchhealthstore.com\/fr\/product\/ylang-complete-essential-oil\/","title":{"rendered":"Ylang Complete Essential Oil"},"content":{"rendered":"<p><strong><a href=\"https:\/\/dutchhealthstore.com\/wp-content\/uploads\/2018\/04\/Living_Libations-1.png\"><img decoding=\"async\" class=\"alignright size-full wp-image-37041\" src=\"https:\/\/dutchhealthstore.com\/wp-content\/uploads\/2018\/04\/Living_Libations-1.png\" alt=\"Organic &amp; Natural Beautyproducts - Living Libations\" width=\"175\" height=\"82\"><\/a>Nom botanique<\/strong>: Cananga odorata genuina<br \/>\n<strong>Famille botanique<\/strong> : Annonaceae<br \/>\n<strong>M\u00e9thode d&rsquo;extraction<\/strong> : Distillation \u00e0 la vapeur<br \/>\n<strong>Partie de la plante distill\u00e9e<\/strong> : Fleurs<br \/>\n<strong>Pays d&rsquo;origine<\/strong> : Madagascar<br \/>\n<strong>M\u00e9thode de culture <\/strong>: Organique<br \/>\n<strong>Composition<\/strong>: 100% Cananga odorata genuina<br \/>\n<strong>Consistance<\/strong>: Viscosit\u00e9 mince, liquide clair \u00e0 jaune p\u00e2le.<br \/>\n<strong>Composition<\/strong>: Des quantit\u00e9s plus \u00e9lev\u00e9es de sesquiterp\u00e8nes, Germacr\u00e8ne D.<\/p>\n<h3>Description de l&rsquo;odeur<\/h3>\n<p>Note de c\u0153ur florale, \u00e9chos de Jasmin. Intensit\u00e9 douce et complexe.<\/p>\n<h3>Se marie bien avec<\/h3>\n<p>Immortelle, Camomille du Cap, Achill\u00e9e millefeuille, Rose, Jasmin, Pamplemousse, Gingembre, Cardamome, Citron, Bergamote, Lavande, Vanille, \u0152illet, Gard\u00e9nia, N\u00e9roli, Santal, Nard, G\u00e9ranium et Citron vert.<\/p>\n<h3>Utilisations<\/h3>\n<p>L&rsquo;\u00e9quipe de r\u00eave de l&rsquo;aromath\u00e9rapie pour les \u00e9tats mentaux calmes, d\u00e9tendus et pacifi\u00e9s. Apaise les peaux sensibles et am\u00e9liore l&rsquo;aspect des cicatrices, des bosses et des rugosit\u00e9s. Calme les tensions et harmonise le corps et l&rsquo;esprit. Magnifique hydratant et \u00e9quilibrant des huiles de la peau. Aide les cheveux \u00e0 avoir une brillance divine. Ajoute une douce sensualit\u00e9 et un caract\u00e8re ludique aux philtres d&rsquo;amour et aux parfums de plaisir. Un d\u00e9lice \u00e0 diffuser, surtout avec des agrumes. Une beaut\u00e9 baln\u00e9aire bienveillante.<\/p>\n<p>L&rsquo;arbre Ylang, de la famille des corossols, est originaire des climats chauds et pluvieux. Ses fleurs jaunes tropicales sont appr\u00e9ci\u00e9es pour leur parfum doux et pr\u00e9cieux.<br \/>\nLes p\u00e9tales rougissent \u00e0 mesure que les fleurs m\u00fbrissent, et elles sont r\u00e9colt\u00e9es t\u00f4t le matin pour une concentration maximale du parfum. Les fleurs d\u00e9licates sont distill\u00e9es le jour m\u00eame pour pr\u00e9server les huiles pr\u00e9cieuses.<\/p>\n<p>Les fleurs d&rsquo;ylang sont r\u00e9colt\u00e9es d\u00e9licatement \u00e0 la main, car des fleurs meurtries peuvent donner des notes moins que souhait\u00e9es dans l&rsquo;essence finale.<br \/>\nPour une huile florale, l&rsquo;Ylang donne un rendement abondant et est l&rsquo;une des rares essences distill\u00e9es par \u00e9tapes pour acc\u00e9der aux diff\u00e9rents ar\u00f4mes et puissances de la fleur (le timing va en cons\u00e9quence, Ylang extra est la premi\u00e8re heure, Ylang no. 1 est la 2-3 heures suivantes, Ylang no. 2 est la 3-5 heures suivantes et Ylang no. 3 est la derni\u00e8re 6-7 heures).<br \/>\nLa plus haute qualit\u00e9 issue des distillations fractionn\u00e9es est l&rsquo;Ylang sup\u00e9rieur, \u00e9galement connu sous le nom d&rsquo;Ylang extra, qui est l&rsquo;Ylang finement parfum\u00e9 avec une note de t\u00eate cr\u00e9meuse que nous proposons toujours et que nous aimons utiliser dans nos parfums aux p\u00e9tales exquis.<\/p>\n<p>Ylang Complete Essential Oil est une distillation compl\u00e8te et ininterrompue qui permet d&rsquo;obtenir le spectre aromatique et th\u00e9rapeutique complet de l&rsquo;huile botanique.<br \/>\nIl est v\u00e9n\u00e9r\u00e9 en aromath\u00e9rapie pour ses effets profond\u00e9ment pacifiants et relaxants.<br \/>\nAppliqu\u00e9 pur sur la peau, il att\u00e9nue la sensibilit\u00e9 et d\u00e9tend les rougeurs et am\u00e9liore l&rsquo;aspect des cicatrices, des bosses et des rugosit\u00e9s.<\/p>\n<p>Cette essence unique sent comme un bouquet de r\u00eave et une seule goutte \u00e9met les \u00e9manations florales d&rsquo;un parfum d&rsquo;Ylang \u00e9quilibr\u00e9.<br \/>\nLe parfum d&rsquo;Ylang Complete est doux et durable, et notre ar\u00f4me d&rsquo;Ylang extra est complexe, cr\u00e9meux et floral.<\/p>\n<p><strong>Taille : 5 ml<\/strong><\/p>\n<h3>Ingr\u00e9dients biologiques<\/h3>\n<p>100% huile essentielle compl\u00e8te d&rsquo;ylang (Cananga odorata genuina).<\/p>\n<p><a href=\"https:\/\/dutchhealthstore.com\/wp-content\/uploads\/2018\/03\/organic_big.png\"><img fetchpriority=\"high\" decoding=\"async\" class=\"size-full wp-image-31577 aligncenter\" src=\"https:\/\/dutchhealthstore.com\/wp-content\/uploads\/2018\/03\/organic_big.png\" alt=\"Organic and Natural - Living Libations\" width=\"623\" height=\"103\" srcset=\"https:\/\/dutchhealthstore.com\/wp-content\/uploads\/2018\/03\/organic_big.png 623w, https:\/\/dutchhealthstore.com\/wp-content\/uploads\/2018\/03\/organic_big-510x84.png 510w, https:\/\/dutchhealthstore.com\/wp-content\/uploads\/2018\/03\/organic_big-600x99.png 600w, https:\/\/dutchhealthstore.com\/wp-content\/uploads\/2018\/03\/organic_big-350x58.png 350w\" sizes=\"(max-width: 623px) 100vw, 623px\" \/><\/a><\/p>\n<p>&nbsp;<\/p>\n<p>&nbsp;<\/p>\n","protected":false},"excerpt":{"rendered":"<p>Ylang Ylang signifie la fleur des fleurs qui vole dans la brise et <strong>Ylang Complete<\/strong> capture les pouvoirs pl\u00e9niers pleinement floraux de la plante.<br \/>\nCe tr\u00e9sor tropical conf\u00e8re de la bienveillance \u00e0 la l\u00e9g\u00e8ret\u00e9 de l&rsquo;\u00eatre et de l&rsquo;entrain mielleux aux parfums.<br \/>\nEn les inhalant, les p\u00e9tales parfum\u00e9s d&rsquo;Ylang jettent un sort de positivit\u00e9 et rejoignent votre esprit dans le courant du bien-\u00eatre cosmique.<\/p>\n","protected":false},"featured_media":337337,"comment_status":"open","ping_status":"closed","template":"","meta":[],"product_brand":[],"product_cat":[1507,6734,1211,1209,1030,3757,1010,6733],"product_tag":[4495],"class_list":{"0":"post-136396","1":"product","2":"type-product","3":"status-publish","4":"has-post-thumbnail","6":"product_cat-plantes-huiles-essentielles-living-libations","7":"product_cat-essential-oils","8":"product_cat-living-libations-france","9":"product_cat-par-marques","10":"product_cat-par-produits","11":"product_cat-plantes-huiles-essentielles","12":"product_cat-notre-boutique","13":"product_cat-wellness-fr-2","14":"product_tag-essential-oil-fr","15":"pa_brand-livinglibations-fr","16":"pa_essential-oils-product-type-essential-oils-fr","17":"pa_size-5-ml-fr","19":"first","20":"outofstock","21":"taxable","22":"shipping-taxable","23":"purchasable","24":"product-type-simple"},"bundled_by":[],"bundle_stock_status":"outofstock","bundle_stock_quantity":0,"bundle_virtual":false,"bundle_layout":"","bundle_add_to_cart_form_location":"","bundle_editable_in_cart":false,"bundle_sold_individually_context":"","bundle_item_grouping":"","bundle_min_size":"","bundle_max_size":"","bundle_price":[],"bundled_items":[],"bundle_sell_ids":[],"atum_controlled":true,"out_stock_date":"2026-03-27 23:24:16","out_stock_threshold":null,"inheritable":false,"stock_on_hold":1,"sold_today":0,"sales_last_days":1,"out_stock_days":2,"lost_sales":6,"update_date":"2026-04-09T11:36:04","atum_locations":[],"atum_stock_status":"outofstock","restock_status":false,"low_stock_amount":"","sales_update_date":"2026-04-09T11:36:04","calc_backorders":null,"group_of_quantity":0,"min_quantity":0,"max_quantity":"","exclude_order_quantity_value_rules":"no","exclude_category_quantity_rules":"no","combine_variations":"no","yoast_head":"<!-- This site is optimized with the Yoast SEO Premium plugin v26.5 (Yoast SEO v26.5) - https:\/\/yoast.com\/wordpress\/plugins\/seo\/ -->\n<title>Ylang Complete Essential Oil - Living Libations<\/title>\n<meta name=\"description\" content=\"Ylang Complete capte les pouvoirs pl\u00e9niers pleinement floraux de la plante. Ce tr\u00e9sor tropical conf\u00e8re de la bienveillance \u00e0 la l\u00e9g\u00e8ret\u00e9 de l&#039;\u00eatre et de l&#039;entrain mielleux aux parfums.\" \/>\n<meta name=\"robots\" content=\"index, follow, max-snippet:-1, max-image-preview:large, max-video-preview:-1\" \/>\n<link rel=\"canonical\" href=\"https:\/\/dutchhealthstore.com\/fr\/product\/ylang-complete-essential-oil\/\" \/>\n<meta property=\"og:locale\" content=\"fr_FR\" \/>\n<meta property=\"og:type\" content=\"article\" \/>\n<meta property=\"og:title\" content=\"Ylang Complete Essential Oil - Dutch Health Store\" \/>\n<meta property=\"og:description\" content=\"Ylang Complete capte les pouvoirs pl\u00e9niers pleinement floraux de la plante. Ce tr\u00e9sor tropical conf\u00e8re de la bienveillance \u00e0 la l\u00e9g\u00e8ret\u00e9 de l&#039;\u00eatre et de l&#039;entrain mielleux aux parfums.\" \/>\n<meta property=\"og:url\" content=\"https:\/\/dutchhealthstore.com\/fr\/product\/ylang-complete-essential-oil\/\" \/>\n<meta property=\"og:site_name\" content=\"Dutch Health Store\" \/>\n<meta property=\"article:publisher\" content=\"https:\/\/www.instagram.com\/dutchhealthstore\/\" \/>\n<meta property=\"article:modified_time\" content=\"2026-03-27T22:24:15+00:00\" \/>\n<meta property=\"og:image\" content=\"https:\/\/dutchhealthstore.com\/wp-content\/uploads\/2020\/11\/Living-Libations-Ylang-Complete-Essential-Oil.jpg\" \/>\n\t<meta property=\"og:image:width\" content=\"500\" \/>\n\t<meta property=\"og:image:height\" content=\"500\" \/>\n\t<meta property=\"og:image:type\" content=\"image\/jpeg\" \/>\n<meta name=\"twitter:card\" content=\"summary_large_image\" \/>\n<meta name=\"twitter:label1\" content=\"Prix\" \/>\n\t<meta name=\"twitter:data1\" content=\"&euro;21,00\" \/>\n\t<meta name=\"twitter:label2\" content=\"Disponibilit\u00e9\" \/>\n\t<meta name=\"twitter:data2\" content=\"Rupture de stock\" \/>\n<script type=\"application\/ld+json\" class=\"yoast-schema-graph\">{\"@context\":\"https:\/\/schema.org\",\"@graph\":[{\"@type\":\"WebPage\",\"@id\":\"https:\/\/dutchhealthstore.com\/fr\/product\/ylang-complete-essential-oil\/\",\"url\":\"https:\/\/dutchhealthstore.com\/fr\/product\/ylang-complete-essential-oil\/\",\"name\":\"Ylang Complete Essential Oil - Living Libations\",\"isPartOf\":{\"@id\":\"https:\/\/dutchhealthstore.com\/fr\/#website\"},\"primaryImageOfPage\":{\"@id\":\"https:\/\/dutchhealthstore.com\/fr\/product\/ylang-complete-essential-oil\/#primaryimage\"},\"image\":{\"@id\":\"https:\/\/dutchhealthstore.com\/fr\/product\/ylang-complete-essential-oil\/#primaryimage\"},\"thumbnailUrl\":\"https:\/\/dutchhealthstore.com\/wp-content\/uploads\/2020\/11\/Ylang-Complete-Essential-\u2013-530x530-1.jpg\",\"datePublished\":\"2020-11-23T08:03:28+00:00\",\"dateModified\":\"2026-03-27T22:24:15+00:00\",\"description\":\"Ylang Complete capte les pouvoirs pl\u00e9niers pleinement floraux de la plante. Ce tr\u00e9sor tropical conf\u00e8re de la bienveillance \u00e0 la l\u00e9g\u00e8ret\u00e9 de l'\u00eatre et de l'entrain mielleux aux parfums.\",\"breadcrumb\":{\"@id\":\"https:\/\/dutchhealthstore.com\/fr\/product\/ylang-complete-essential-oil\/#breadcrumb\"},\"inLanguage\":\"fr-FR\",\"potentialAction\":[{\"@type\":\"ReadAction\",\"target\":[\"https:\/\/dutchhealthstore.com\/fr\/product\/ylang-complete-essential-oil\/\"]}]},{\"@type\":\"ImageObject\",\"inLanguage\":\"fr-FR\",\"@id\":\"https:\/\/dutchhealthstore.com\/fr\/product\/ylang-complete-essential-oil\/#primaryimage\",\"url\":\"https:\/\/dutchhealthstore.com\/wp-content\/uploads\/2020\/11\/Ylang-Complete-Essential-\u2013-530x530-1.jpg\",\"contentUrl\":\"https:\/\/dutchhealthstore.com\/wp-content\/uploads\/2020\/11\/Ylang-Complete-Essential-\u2013-530x530-1.jpg\",\"width\":530,\"height\":530},{\"@type\":\"BreadcrumbList\",\"@id\":\"https:\/\/dutchhealthstore.com\/fr\/product\/ylang-complete-essential-oil\/#breadcrumb\",\"itemListElement\":[{\"@type\":\"ListItem\",\"position\":1,\"name\":\"Home\",\"item\":\"https:\/\/dutchhealthstore.com\/fr\/\"},{\"@type\":\"ListItem\",\"position\":2,\"name\":\"Shop\",\"item\":\"https:\/\/dutchhealthstore.com\/fr\/shop\/\"},{\"@type\":\"ListItem\",\"position\":3,\"name\":\"Ylang Complete Essential Oil\"}]},{\"@type\":\"WebSite\",\"@id\":\"https:\/\/dutchhealthstore.com\/fr\/#website\",\"url\":\"https:\/\/dutchhealthstore.com\/fr\/\",\"name\":\"Dutch Health Store\",\"description\":\"Enhance Your Beauty with Organic &amp; Natural Skincare\",\"publisher\":{\"@id\":\"https:\/\/dutchhealthstore.com\/fr\/#organization\"},\"potentialAction\":[{\"@type\":\"SearchAction\",\"target\":{\"@type\":\"EntryPoint\",\"urlTemplate\":\"https:\/\/dutchhealthstore.com\/fr\/?s={search_term_string}\"},\"query-input\":{\"@type\":\"PropertyValueSpecification\",\"valueRequired\":true,\"valueName\":\"search_term_string\"}}],\"inLanguage\":\"fr-FR\"},{\"@type\":\"Organization\",\"@id\":\"https:\/\/dutchhealthstore.com\/fr\/#organization\",\"name\":\"Dutch Health Store\",\"url\":\"https:\/\/dutchhealthstore.com\/fr\/\",\"logo\":{\"@type\":\"ImageObject\",\"inLanguage\":\"fr-FR\",\"@id\":\"https:\/\/dutchhealthstore.com\/fr\/#\/schema\/logo\/image\/\",\"url\":\"https:\/\/dutchhealthstore.com\/wp-content\/uploads\/2020\/08\/logo-dutchhealthstore-jpg-e1599484957574.jpg\",\"contentUrl\":\"https:\/\/dutchhealthstore.com\/wp-content\/uploads\/2020\/08\/logo-dutchhealthstore-jpg-e1599484957574.jpg\",\"width\":400,\"height\":62,\"caption\":\"Dutch Health Store\"},\"image\":{\"@id\":\"https:\/\/dutchhealthstore.com\/fr\/#\/schema\/logo\/image\/\"},\"sameAs\":[\"https:\/\/www.instagram.com\/dutchhealthstore\/\",\"https:\/\/www.facebook.com\/dutchhealthstore\"]}]}<\/script>\n<meta property=\"product:brand\" content=\"Living Libations\" \/>\n<meta property=\"product:price:amount\" content=\"21.00\" \/>\n<meta property=\"product:price:currency\" content=\"EUR\" \/>\n<meta property=\"og:availability\" content=\"out of stock\" \/>\n<meta property=\"product:availability\" content=\"out of stock\" \/>\n<meta property=\"product:condition\" content=\"new\" \/>\n<!-- \/ Yoast SEO Premium plugin. -->","yoast_head_json":{"title":"Ylang Complete Essential Oil - Living Libations","description":"Ylang Complete capte les pouvoirs pl\u00e9niers pleinement floraux de la plante. Ce tr\u00e9sor tropical conf\u00e8re de la bienveillance \u00e0 la l\u00e9g\u00e8ret\u00e9 de l'\u00eatre et de l'entrain mielleux aux parfums.","robots":{"index":"index","follow":"follow","max-snippet":"max-snippet:-1","max-image-preview":"max-image-preview:large","max-video-preview":"max-video-preview:-1"},"canonical":"https:\/\/dutchhealthstore.com\/fr\/product\/ylang-complete-essential-oil\/","og_locale":"fr_FR","og_type":"article","og_title":"Ylang Complete Essential Oil - Dutch Health Store","og_description":"Ylang Complete capte les pouvoirs pl\u00e9niers pleinement floraux de la plante. Ce tr\u00e9sor tropical conf\u00e8re de la bienveillance \u00e0 la l\u00e9g\u00e8ret\u00e9 de l'\u00eatre et de l'entrain mielleux aux parfums.","og_url":"https:\/\/dutchhealthstore.com\/fr\/product\/ylang-complete-essential-oil\/","og_site_name":"Dutch Health Store","article_publisher":"https:\/\/www.instagram.com\/dutchhealthstore\/","article_modified_time":"2026-03-27T22:24:15+00:00","og_image":[{"width":500,"height":500,"url":"https:\/\/dutchhealthstore.com\/wp-content\/uploads\/2020\/11\/Living-Libations-Ylang-Complete-Essential-Oil.jpg","type":"image\/jpeg"}],"twitter_card":"summary_large_image","twitter_misc":{"Prix":"&euro;21,00","Disponibilit\u00e9":"Rupture de stock"},"schema":{"@context":"https:\/\/schema.org","@graph":[{"@type":"WebPage","@id":"https:\/\/dutchhealthstore.com\/fr\/product\/ylang-complete-essential-oil\/","url":"https:\/\/dutchhealthstore.com\/fr\/product\/ylang-complete-essential-oil\/","name":"Ylang Complete Essential Oil - Living Libations","isPartOf":{"@id":"https:\/\/dutchhealthstore.com\/fr\/#website"},"primaryImageOfPage":{"@id":"https:\/\/dutchhealthstore.com\/fr\/product\/ylang-complete-essential-oil\/#primaryimage"},"image":{"@id":"https:\/\/dutchhealthstore.com\/fr\/product\/ylang-complete-essential-oil\/#primaryimage"},"thumbnailUrl":"https:\/\/dutchhealthstore.com\/wp-content\/uploads\/2020\/11\/Ylang-Complete-Essential-\u2013-530x530-1.jpg","datePublished":"2020-11-23T08:03:28+00:00","dateModified":"2026-03-27T22:24:15+00:00","description":"Ylang Complete capte les pouvoirs pl\u00e9niers pleinement floraux de la plante. Ce tr\u00e9sor tropical conf\u00e8re de la bienveillance \u00e0 la l\u00e9g\u00e8ret\u00e9 de l'\u00eatre et de l'entrain mielleux aux parfums.","breadcrumb":{"@id":"https:\/\/dutchhealthstore.com\/fr\/product\/ylang-complete-essential-oil\/#breadcrumb"},"inLanguage":"fr-FR","potentialAction":[{"@type":"ReadAction","target":["https:\/\/dutchhealthstore.com\/fr\/product\/ylang-complete-essential-oil\/"]}]},{"@type":"ImageObject","inLanguage":"fr-FR","@id":"https:\/\/dutchhealthstore.com\/fr\/product\/ylang-complete-essential-oil\/#primaryimage","url":"https:\/\/dutchhealthstore.com\/wp-content\/uploads\/2020\/11\/Ylang-Complete-Essential-\u2013-530x530-1.jpg","contentUrl":"https:\/\/dutchhealthstore.com\/wp-content\/uploads\/2020\/11\/Ylang-Complete-Essential-\u2013-530x530-1.jpg","width":530,"height":530},{"@type":"BreadcrumbList","@id":"https:\/\/dutchhealthstore.com\/fr\/product\/ylang-complete-essential-oil\/#breadcrumb","itemListElement":[{"@type":"ListItem","position":1,"name":"Home","item":"https:\/\/dutchhealthstore.com\/fr\/"},{"@type":"ListItem","position":2,"name":"Shop","item":"https:\/\/dutchhealthstore.com\/fr\/shop\/"},{"@type":"ListItem","position":3,"name":"Ylang Complete Essential Oil"}]},{"@type":"WebSite","@id":"https:\/\/dutchhealthstore.com\/fr\/#website","url":"https:\/\/dutchhealthstore.com\/fr\/","name":"Dutch Health Store","description":"Enhance Your Beauty with Organic &amp; Natural Skincare","publisher":{"@id":"https:\/\/dutchhealthstore.com\/fr\/#organization"},"potentialAction":[{"@type":"SearchAction","target":{"@type":"EntryPoint","urlTemplate":"https:\/\/dutchhealthstore.com\/fr\/?s={search_term_string}"},"query-input":{"@type":"PropertyValueSpecification","valueRequired":true,"valueName":"search_term_string"}}],"inLanguage":"fr-FR"},{"@type":"Organization","@id":"https:\/\/dutchhealthstore.com\/fr\/#organization","name":"Dutch Health Store","url":"https:\/\/dutchhealthstore.com\/fr\/","logo":{"@type":"ImageObject","inLanguage":"fr-FR","@id":"https:\/\/dutchhealthstore.com\/fr\/#\/schema\/logo\/image\/","url":"https:\/\/dutchhealthstore.com\/wp-content\/uploads\/2020\/08\/logo-dutchhealthstore-jpg-e1599484957574.jpg","contentUrl":"https:\/\/dutchhealthstore.com\/wp-content\/uploads\/2020\/08\/logo-dutchhealthstore-jpg-e1599484957574.jpg","width":400,"height":62,"caption":"Dutch Health Store"},"image":{"@id":"https:\/\/dutchhealthstore.com\/fr\/#\/schema\/logo\/image\/"},"sameAs":["https:\/\/www.instagram.com\/dutchhealthstore\/","https:\/\/www.facebook.com\/dutchhealthstore"]}]},"product_brand":"Living Libations","product_price_amount":"21.00","product_price_currency":"EUR","og_availability":"out of stock","product_availability":"out of stock","product_condition":"new"},"_links":{"self":[{"href":"https:\/\/dutchhealthstore.com\/fr\/wp-json\/wp\/v2\/product\/136396","targetHints":{"allow":["GET"]}}],"collection":[{"href":"https:\/\/dutchhealthstore.com\/fr\/wp-json\/wp\/v2\/product"}],"about":[{"href":"https:\/\/dutchhealthstore.com\/fr\/wp-json\/wp\/v2\/types\/product"}],"replies":[{"embeddable":true,"href":"https:\/\/dutchhealthstore.com\/fr\/wp-json\/wp\/v2\/comments?post=136396"}],"wp:featuredmedia":[{"embeddable":true,"href":"https:\/\/dutchhealthstore.com\/fr\/wp-json\/wp\/v2\/media\/337337"}],"wp:attachment":[{"href":"https:\/\/dutchhealthstore.com\/fr\/wp-json\/wp\/v2\/media?parent=136396"}],"wp:term":[{"taxonomy":"product_brand","embeddable":true,"href":"https:\/\/dutchhealthstore.com\/fr\/wp-json\/wp\/v2\/product_brand?post=136396"},{"taxonomy":"product_cat","embeddable":true,"href":"https:\/\/dutchhealthstore.com\/fr\/wp-json\/wp\/v2\/product_cat?post=136396"},{"taxonomy":"product_tag","embeddable":true,"href":"https:\/\/dutchhealthstore.com\/fr\/wp-json\/wp\/v2\/product_tag?post=136396"}],"curies":[{"name":"wp","href":"https:\/\/api.w.org\/{rel}","templated":true}]}}