{"id":136287,"date":"2020-11-22T10:48:41","date_gmt":"2020-11-22T10:48:41","guid":{"rendered":"https:\/\/dutchhealthstore.com\/product\/poetic-pits-maverick\/"},"modified":"2025-12-23T09:52:20","modified_gmt":"2025-12-23T08:52:20","slug":"poetic-pits-maverick","status":"publish","type":"product","link":"https:\/\/dutchhealthstore.com\/fr\/product\/poetic-pits-maverick\/","title":{"rendered":"Poetic Pits &#8211; Maverick"},"content":{"rendered":"<p><img decoding=\"async\" class=\"size-full wp-image-37041 alignright\" src=\"https:\/\/dutchhealthstore.com\/wp-content\/uploads\/2018\/04\/Living_Libations-1.png\" alt=\"Organic &amp; Natural Beautyproducts - Living Libations\" width=\"175\" height=\"82\">Les racines et les \u00e9corces de ce robuste odorant placent vos as dans tous les bons endroits.<br \/>\nEmbrassez le franc-tireur qui est en vous avec ce m\u00e9lange botanique brillant con\u00e7u pour d\u00e9fendre votre esprit ind\u00e9pendant.<br \/>\nLiving Libations <strong>Maverick Poetic Pits<\/strong> est un d\u00e9odorant pur et puissant aux ar\u00f4mes opulents de bois de santal biologique, de v\u00e9tiver, d&rsquo;encens, de cardamome, de camomille du Cap et de pamplemousse qui d\u00e9sarme habilement et s\u00e9duit par son charme.<\/p>\n<h3>Utiliser<\/h3>\n<p>Passez une fois pour charmer chaque aisselle.<br \/>\nAssociez ce puits po\u00e9tique avec Trees Please, Ever Moss Forest, Fire Lily ou Being Free is Lots of Fun Petal Perfumes.<\/p>\n<h3>Veuillez noter<\/h3>\n<p>Poetic Pits sont des huiles essentielles concentr\u00e9es \u00e0 100%, il est donc pr\u00e9f\u00e9rable d&rsquo;\u00e9viter les peaux endommag\u00e9es, enflamm\u00e9es et allergiques. Les ingr\u00e9dients sont s\u00e9lectionn\u00e9s parmi les huiles essentielles reconnues comme s\u00fbres pour la peau. Comme chaque personne a une peau qui r\u00e9agit de mani\u00e8re unique, nous conseillons aux utilisateurs de faire un test \u00e9picutan\u00e9 \u00e0 l&rsquo;int\u00e9rieur du coude avant de l&rsquo;utiliser.<br \/>\nTenir hors de port\u00e9e des enfants. Pour une utilisation sur une peau extra-sensible, diluez avec de l&rsquo;huile de jojoba ou essayez nos Cr\u00e8me Underarm Charms<\/p>\n<p><strong>Taille: 5 ml et 10 ml<\/strong><\/p>\n<h3 class=\"yikes-custom-woo-tab-title yikes-custom-woo-tab-title-natural-organic-ingredients\">Ingr\u00e9dients Naturels\/Biologiques<\/h3>\n<p><strong>Bois de santal<\/strong> <em>(Santalum album)<\/em> &#8211; Le bois de santal est riche et cr\u00e9meux, offrant un parfum de r\u00eave qui s&rsquo;harmonise avec votre parfum personnel tout en \u00e9quilibrant la production d&rsquo;huile. Des aisselles plus s\u00e8ches et un niveau d&rsquo;hydratation parfait vous permettent d&rsquo;avoir confiance en votre charme sous les bras. Notre essence de bois de santal au parfum divin, r\u00e9colt\u00e9e de mani\u00e8re \u00e9thique, est distill\u00e9e \u00e0 partir du c\u0153ur de l&rsquo;arbre aromatique. Il p\u00e9tille d&rsquo;une hydratation magnifique et de pouvoirs biotiques botaniques. Cette huile chaude, riche et sensuelle est un produit de base dans nos Poetic Pits et dans les soins naturel de la peau et des cheveux dans le monde entier.<\/p>\n<p><strong>Encens<\/strong> <em>(Boswellia carterii)<\/em> &#8211; L&rsquo;encens est l&rsquo;essence par excellence pour cultiver la r\u00e9v\u00e9rence. Perles liquides de l&rsquo;arbre de vie, l&rsquo;encens est distill\u00e9 \u00e0 partir de la s\u00e8ve r\u00e9sineuse de l&rsquo;arbre. L&rsquo;encens exsude la force, renfor\u00e7ant la peau et l&rsquo;esprit avec la nourriture des \u00e2ges. Cette huile ancienne est utilis\u00e9e depuis des mill\u00e9naires pour clarifier et calmer les peaux sensibles. Il offre un ar\u00f4me riche, complexe et d&rsquo;un autre monde. Il offre \u00e9galement un ar\u00f4me opulent qui est du pur Maverick.<\/p>\n<p><strong>V\u00e9tiver<\/strong> <em>(Chrysopogon zizanioides)<\/em> &#8211; Vivace, le v\u00e9tiver est un ar\u00f4me terreux pour la peau et l&rsquo;esprit. Distill\u00e9e \u00e0 partir d&rsquo;herbes d\u00e9licates et fouett\u00e9es par le vent, l&rsquo;huile de v\u00e9tiver, \u00e0 l&rsquo;ar\u00f4me terreux et rocailleux, est r\u00e9put\u00e9e neutraliser les bact\u00e9ries responsables des odeurs.<\/p>\n<p><strong>Cardamome<\/strong> <em>(Elettaria cardamomum)<\/em> &#8211; Charismatique La cardamome est un liniment d&rsquo;amour excitant qui est aussi un luminaire \u00e0 base de plantes utilis\u00e9 depuis plus de 4 000 ans dans le monde antique. Le parfum de la cardamome est chaud, vert et \u00e9pic\u00e9, tandis que son ar\u00f4me est rafra\u00eechissant et revigorant. Renforcez l&rsquo;esprit et sanctifiez vos aisselles avec le charme intemporel de la cardamome pure tout en renfor\u00e7ant l&rsquo;esprit.<\/p>\n<p><strong>Camomille du Cap<\/strong> <em>(Eriocephalus punctulatus)<\/em> &#8211; La camomille du Cap, d&rsquo;un bleu froid, est doucement sereine et charme aromatiquement les aisselles pour se sentir propre. Il s&rsquo;agit d&rsquo;une camomille rare et pr\u00e9cieuse qui combine les propri\u00e9t\u00e9s profondes des camomilles romaine et allemande. Cette huile rayonnante pr\u00e9sente une teinte bleu azur qui indique une forte teneur en compos\u00e9s nourrissants de chamazul\u00e8ne. Il conf\u00e8re un calme frais qui r\u00e9conforte apr\u00e8s le rasage.<\/p>\n<p><strong>Huile de pamplemousse<\/strong> <em>(Citrus paradisi)<\/em> &#8211; Pamplemousse vertigineux est une essence d&rsquo;agrumes fra\u00eeche et ensoleill\u00e9e qui ajoute une touche de l\u00e9g\u00e8ret\u00e9 \u00e0 l&rsquo;\u00e9l\u00e9gance terreuse de ce charme pour les aisselles.<\/p>\n<p><iframe title=\"Maverick men - living libations (Europe)\" width=\"1020\" height=\"574\" src=\"https:\/\/www.youtube.com\/embed\/zmMGbYQQGk4?feature=oembed\" frameborder=\"0\" allow=\"accelerometer; autoplay; clipboard-write; encrypted-media; gyroscope; picture-in-picture\" allowfullscreen><\/iframe><\/p>\n<p><img fetchpriority=\"high\" decoding=\"async\" class=\"size-full wp-image-31577 aligncenter\" src=\"https:\/\/dutchhealthstore.com\/wp-content\/uploads\/2018\/03\/organic_big.png\" alt=\"Organic and Natural - Living Libations\" width=\"623\" height=\"103\" srcset=\"https:\/\/dutchhealthstore.com\/wp-content\/uploads\/2018\/03\/organic_big.png 623w, https:\/\/dutchhealthstore.com\/wp-content\/uploads\/2018\/03\/organic_big-510x84.png 510w, https:\/\/dutchhealthstore.com\/wp-content\/uploads\/2018\/03\/organic_big-600x99.png 600w, https:\/\/dutchhealthstore.com\/wp-content\/uploads\/2018\/03\/organic_big-350x58.png 350w\" sizes=\"(max-width: 623px) 100vw, 623px\" \/><\/p>\n","protected":false},"excerpt":{"rendered":"<p>Les racines et les \u00e9corces de ce robuste odorant placent vos as dans tous les bons endroits.<br \/>\nEmbrassez le franc-tireur qui est en vous avec ce m\u00e9lange botanique brillant con\u00e7u pour d\u00e9fendre votre esprit ind\u00e9pendant.<br \/>\nLiving Libations <strong>Maverick Poetic Pits<\/strong> est un d\u00e9odorant pur et puissant aux ar\u00f4mes opulents de bois de santal biologique, de v\u00e9tiver, d&rsquo;encens, de cardamome, de camomille du Cap et de pamplemousse qui d\u00e9sarme habilement et s\u00e9duit par son charme.<\/p>\n","protected":false},"featured_media":299060,"comment_status":"open","ping_status":"closed","template":"","meta":[],"product_brand":[],"product_cat":[3566,1097,1211,1209,1030,1010,1501,1033],"product_tag":[21668,21392,6644,21811,21812],"class_list":{"0":"post-136287","1":"product","2":"type-product","3":"status-publish","4":"has-post-thumbnail","6":"product_cat-living-libations-deodorants-living-libations","7":"product_cat-deodorants","8":"product_cat-living-libations-france","9":"product_cat-par-marques","10":"product_cat-par-produits","11":"product_cat-notre-boutique","12":"product_cat-corps-living-libations","13":"product_cat-body-care-fr","14":"product_tag-arome","15":"product_tag-corps","16":"product_tag-deodorant-fr","17":"product_tag-natural-fr","18":"product_tag-rafraichissant","19":"pa_brand-livinglibations-fr","20":"pa_gtin-7424915055086-fr","21":"pa_size-10-ml-fr","22":"pa_size-5-ml-fr","24":"first","25":"instock","26":"taxable","27":"shipping-taxable","28":"purchasable","29":"product-type-variable"},"bundled_by":[],"bundle_stock_status":"instock","bundle_stock_quantity":null,"bundle_virtual":false,"bundle_layout":"","bundle_add_to_cart_form_location":"","bundle_editable_in_cart":false,"bundle_sold_individually_context":"","bundle_item_grouping":"","bundle_min_size":"","bundle_max_size":"","bundle_price":[],"bundled_items":[],"bundle_sell_ids":[283875],"atum_controlled":true,"out_stock_date":null,"out_stock_threshold":null,"inheritable":true,"stock_on_hold":0,"sold_today":0,"sales_last_days":0,"out_stock_days":0,"lost_sales":0,"update_date":"2026-04-30T12:11:27","atum_locations":[],"atum_stock_status":"instock","restock_status":false,"low_stock_amount":"","sales_update_date":"2026-04-30T12:11:27","calc_backorders":null,"group_of_quantity":0,"min_quantity":0,"max_quantity":"","exclude_order_quantity_value_rules":"no","exclude_category_quantity_rules":"no","combine_variations":"no","yoast_head":"<!-- This site is optimized with the Yoast SEO Premium plugin v26.5 (Yoast SEO v26.5) - https:\/\/yoast.com\/wordpress\/plugins\/seo\/ -->\n<title>Poetic Pits - Maverick - Living Libations<\/title>\n<meta name=\"description\" content=\"Maverick Poetic Pits s&#039;attaque aux racines et aux \u00e9corces de cette breloque pour les aisselles, pla\u00e7ant vos as dans tous les bons endroits!\" \/>\n<meta name=\"robots\" content=\"index, follow, max-snippet:-1, max-image-preview:large, max-video-preview:-1\" \/>\n<link rel=\"canonical\" href=\"https:\/\/dutchhealthstore.com\/fr\/product\/poetic-pits-maverick\/\" \/>\n<meta property=\"og:locale\" content=\"fr_FR\" \/>\n<meta property=\"og:type\" content=\"article\" \/>\n<meta property=\"og:title\" content=\"Poetic Pits - Maverick - Dutch Health Store\" \/>\n<meta property=\"og:description\" content=\"Maverick Poetic Pits s&#039;attaque aux racines et aux \u00e9corces de cette breloque pour les aisselles, pla\u00e7ant vos as dans tous les bons endroits!\" \/>\n<meta property=\"og:url\" content=\"https:\/\/dutchhealthstore.com\/fr\/product\/poetic-pits-maverick\/\" \/>\n<meta property=\"og:site_name\" content=\"Dutch Health Store\" \/>\n<meta property=\"article:publisher\" content=\"https:\/\/www.instagram.com\/dutchhealthstore\/\" \/>\n<meta property=\"article:modified_time\" content=\"2025-12-23T08:52:20+00:00\" \/>\n<meta property=\"og:image\" content=\"https:\/\/dutchhealthstore.com\/wp-content\/uploads\/2018\/02\/Poetic-Pits-Maverick-Living-Libations-1-e1597999141755.jpg\" \/>\n\t<meta property=\"og:image:width\" content=\"500\" \/>\n\t<meta property=\"og:image:height\" content=\"500\" \/>\n\t<meta property=\"og:image:type\" content=\"image\/jpeg\" \/>\n<meta name=\"twitter:card\" content=\"summary_large_image\" \/>\n<meta name=\"twitter:label1\" content=\"Disponibilit\u00e9\" \/>\n\t<meta name=\"twitter:data1\" content=\"En stock\" \/>\n<script type=\"application\/ld+json\" class=\"yoast-schema-graph\">{\"@context\":\"https:\/\/schema.org\",\"@graph\":[{\"@type\":\"WebPage\",\"@id\":\"https:\/\/dutchhealthstore.com\/fr\/product\/poetic-pits-maverick\/\",\"url\":\"https:\/\/dutchhealthstore.com\/fr\/product\/poetic-pits-maverick\/\",\"name\":\"Poetic Pits - Maverick - Living Libations\",\"isPartOf\":{\"@id\":\"https:\/\/dutchhealthstore.com\/fr\/#website\"},\"primaryImageOfPage\":{\"@id\":\"https:\/\/dutchhealthstore.com\/fr\/product\/poetic-pits-maverick\/#primaryimage\"},\"image\":{\"@id\":\"https:\/\/dutchhealthstore.com\/fr\/product\/poetic-pits-maverick\/#primaryimage\"},\"thumbnailUrl\":\"https:\/\/dutchhealthstore.com\/wp-content\/uploads\/2020\/11\/ll-poetic-pits-maverick-beide.jpg\",\"datePublished\":\"2020-11-22T10:48:41+00:00\",\"dateModified\":\"2025-12-23T08:52:20+00:00\",\"description\":\"Maverick Poetic Pits s'attaque aux racines et aux \u00e9corces de cette breloque pour les aisselles, pla\u00e7ant vos as dans tous les bons endroits!\",\"breadcrumb\":{\"@id\":\"https:\/\/dutchhealthstore.com\/fr\/product\/poetic-pits-maverick\/#breadcrumb\"},\"inLanguage\":\"fr-FR\",\"potentialAction\":[{\"@type\":\"ReadAction\",\"target\":[\"https:\/\/dutchhealthstore.com\/fr\/product\/poetic-pits-maverick\/\"]}]},{\"@type\":\"ImageObject\",\"inLanguage\":\"fr-FR\",\"@id\":\"https:\/\/dutchhealthstore.com\/fr\/product\/poetic-pits-maverick\/#primaryimage\",\"url\":\"https:\/\/dutchhealthstore.com\/wp-content\/uploads\/2020\/11\/ll-poetic-pits-maverick-beide.jpg\",\"contentUrl\":\"https:\/\/dutchhealthstore.com\/wp-content\/uploads\/2020\/11\/ll-poetic-pits-maverick-beide.jpg\",\"width\":530,\"height\":530,\"caption\":\"ll-poetic-pits-maverick-beide\"},{\"@type\":\"BreadcrumbList\",\"@id\":\"https:\/\/dutchhealthstore.com\/fr\/product\/poetic-pits-maverick\/#breadcrumb\",\"itemListElement\":[{\"@type\":\"ListItem\",\"position\":1,\"name\":\"Home\",\"item\":\"https:\/\/dutchhealthstore.com\/fr\/\"},{\"@type\":\"ListItem\",\"position\":2,\"name\":\"Shop\",\"item\":\"https:\/\/dutchhealthstore.com\/fr\/shop\/\"},{\"@type\":\"ListItem\",\"position\":3,\"name\":\"Poetic Pits &#8211; Maverick\"}]},{\"@type\":\"WebSite\",\"@id\":\"https:\/\/dutchhealthstore.com\/fr\/#website\",\"url\":\"https:\/\/dutchhealthstore.com\/fr\/\",\"name\":\"Dutch Health Store\",\"description\":\"Enhance Your Beauty with Organic &amp; Natural Skincare\",\"publisher\":{\"@id\":\"https:\/\/dutchhealthstore.com\/fr\/#organization\"},\"potentialAction\":[{\"@type\":\"SearchAction\",\"target\":{\"@type\":\"EntryPoint\",\"urlTemplate\":\"https:\/\/dutchhealthstore.com\/fr\/?s={search_term_string}\"},\"query-input\":{\"@type\":\"PropertyValueSpecification\",\"valueRequired\":true,\"valueName\":\"search_term_string\"}}],\"inLanguage\":\"fr-FR\"},{\"@type\":\"Organization\",\"@id\":\"https:\/\/dutchhealthstore.com\/fr\/#organization\",\"name\":\"Dutch Health Store\",\"url\":\"https:\/\/dutchhealthstore.com\/fr\/\",\"logo\":{\"@type\":\"ImageObject\",\"inLanguage\":\"fr-FR\",\"@id\":\"https:\/\/dutchhealthstore.com\/fr\/#\/schema\/logo\/image\/\",\"url\":\"https:\/\/dutchhealthstore.com\/wp-content\/uploads\/2020\/08\/logo-dutchhealthstore-jpg-e1599484957574.jpg\",\"contentUrl\":\"https:\/\/dutchhealthstore.com\/wp-content\/uploads\/2020\/08\/logo-dutchhealthstore-jpg-e1599484957574.jpg\",\"width\":400,\"height\":62,\"caption\":\"Dutch Health Store\"},\"image\":{\"@id\":\"https:\/\/dutchhealthstore.com\/fr\/#\/schema\/logo\/image\/\"},\"sameAs\":[\"https:\/\/www.instagram.com\/dutchhealthstore\/\",\"https:\/\/www.facebook.com\/dutchhealthstore\"]}]}<\/script>\n<meta property=\"product:brand\" content=\"Living Libations\" \/>\n<meta property=\"og:availability\" content=\"instock\" \/>\n<meta property=\"product:availability\" content=\"instock\" \/>\n<meta property=\"product:condition\" content=\"new\" \/>\n<!-- \/ Yoast SEO Premium plugin. -->","yoast_head_json":{"title":"Poetic Pits - Maverick - Living Libations","description":"Maverick Poetic Pits s'attaque aux racines et aux \u00e9corces de cette breloque pour les aisselles, pla\u00e7ant vos as dans tous les bons endroits!","robots":{"index":"index","follow":"follow","max-snippet":"max-snippet:-1","max-image-preview":"max-image-preview:large","max-video-preview":"max-video-preview:-1"},"canonical":"https:\/\/dutchhealthstore.com\/fr\/product\/poetic-pits-maverick\/","og_locale":"fr_FR","og_type":"article","og_title":"Poetic Pits - Maverick - Dutch Health Store","og_description":"Maverick Poetic Pits s'attaque aux racines et aux \u00e9corces de cette breloque pour les aisselles, pla\u00e7ant vos as dans tous les bons endroits!","og_url":"https:\/\/dutchhealthstore.com\/fr\/product\/poetic-pits-maverick\/","og_site_name":"Dutch Health Store","article_publisher":"https:\/\/www.instagram.com\/dutchhealthstore\/","article_modified_time":"2025-12-23T08:52:20+00:00","og_image":[{"width":500,"height":500,"url":"https:\/\/dutchhealthstore.com\/wp-content\/uploads\/2018\/02\/Poetic-Pits-Maverick-Living-Libations-1-e1597999141755.jpg","type":"image\/jpeg"}],"twitter_card":"summary_large_image","twitter_misc":{"Disponibilit\u00e9":"En stock"},"schema":{"@context":"https:\/\/schema.org","@graph":[{"@type":"WebPage","@id":"https:\/\/dutchhealthstore.com\/fr\/product\/poetic-pits-maverick\/","url":"https:\/\/dutchhealthstore.com\/fr\/product\/poetic-pits-maverick\/","name":"Poetic Pits - Maverick - Living Libations","isPartOf":{"@id":"https:\/\/dutchhealthstore.com\/fr\/#website"},"primaryImageOfPage":{"@id":"https:\/\/dutchhealthstore.com\/fr\/product\/poetic-pits-maverick\/#primaryimage"},"image":{"@id":"https:\/\/dutchhealthstore.com\/fr\/product\/poetic-pits-maverick\/#primaryimage"},"thumbnailUrl":"https:\/\/dutchhealthstore.com\/wp-content\/uploads\/2020\/11\/ll-poetic-pits-maverick-beide.jpg","datePublished":"2020-11-22T10:48:41+00:00","dateModified":"2025-12-23T08:52:20+00:00","description":"Maverick Poetic Pits s'attaque aux racines et aux \u00e9corces de cette breloque pour les aisselles, pla\u00e7ant vos as dans tous les bons endroits!","breadcrumb":{"@id":"https:\/\/dutchhealthstore.com\/fr\/product\/poetic-pits-maverick\/#breadcrumb"},"inLanguage":"fr-FR","potentialAction":[{"@type":"ReadAction","target":["https:\/\/dutchhealthstore.com\/fr\/product\/poetic-pits-maverick\/"]}]},{"@type":"ImageObject","inLanguage":"fr-FR","@id":"https:\/\/dutchhealthstore.com\/fr\/product\/poetic-pits-maverick\/#primaryimage","url":"https:\/\/dutchhealthstore.com\/wp-content\/uploads\/2020\/11\/ll-poetic-pits-maverick-beide.jpg","contentUrl":"https:\/\/dutchhealthstore.com\/wp-content\/uploads\/2020\/11\/ll-poetic-pits-maverick-beide.jpg","width":530,"height":530,"caption":"ll-poetic-pits-maverick-beide"},{"@type":"BreadcrumbList","@id":"https:\/\/dutchhealthstore.com\/fr\/product\/poetic-pits-maverick\/#breadcrumb","itemListElement":[{"@type":"ListItem","position":1,"name":"Home","item":"https:\/\/dutchhealthstore.com\/fr\/"},{"@type":"ListItem","position":2,"name":"Shop","item":"https:\/\/dutchhealthstore.com\/fr\/shop\/"},{"@type":"ListItem","position":3,"name":"Poetic Pits &#8211; Maverick"}]},{"@type":"WebSite","@id":"https:\/\/dutchhealthstore.com\/fr\/#website","url":"https:\/\/dutchhealthstore.com\/fr\/","name":"Dutch Health Store","description":"Enhance Your Beauty with Organic &amp; Natural Skincare","publisher":{"@id":"https:\/\/dutchhealthstore.com\/fr\/#organization"},"potentialAction":[{"@type":"SearchAction","target":{"@type":"EntryPoint","urlTemplate":"https:\/\/dutchhealthstore.com\/fr\/?s={search_term_string}"},"query-input":{"@type":"PropertyValueSpecification","valueRequired":true,"valueName":"search_term_string"}}],"inLanguage":"fr-FR"},{"@type":"Organization","@id":"https:\/\/dutchhealthstore.com\/fr\/#organization","name":"Dutch Health Store","url":"https:\/\/dutchhealthstore.com\/fr\/","logo":{"@type":"ImageObject","inLanguage":"fr-FR","@id":"https:\/\/dutchhealthstore.com\/fr\/#\/schema\/logo\/image\/","url":"https:\/\/dutchhealthstore.com\/wp-content\/uploads\/2020\/08\/logo-dutchhealthstore-jpg-e1599484957574.jpg","contentUrl":"https:\/\/dutchhealthstore.com\/wp-content\/uploads\/2020\/08\/logo-dutchhealthstore-jpg-e1599484957574.jpg","width":400,"height":62,"caption":"Dutch Health Store"},"image":{"@id":"https:\/\/dutchhealthstore.com\/fr\/#\/schema\/logo\/image\/"},"sameAs":["https:\/\/www.instagram.com\/dutchhealthstore\/","https:\/\/www.facebook.com\/dutchhealthstore"]}]},"product_brand":"Living Libations","og_availability":"instock","product_availability":"instock","product_condition":"new"},"_links":{"self":[{"href":"https:\/\/dutchhealthstore.com\/fr\/wp-json\/wp\/v2\/product\/136287","targetHints":{"allow":["GET"]}}],"collection":[{"href":"https:\/\/dutchhealthstore.com\/fr\/wp-json\/wp\/v2\/product"}],"about":[{"href":"https:\/\/dutchhealthstore.com\/fr\/wp-json\/wp\/v2\/types\/product"}],"replies":[{"embeddable":true,"href":"https:\/\/dutchhealthstore.com\/fr\/wp-json\/wp\/v2\/comments?post=136287"}],"wp:featuredmedia":[{"embeddable":true,"href":"https:\/\/dutchhealthstore.com\/fr\/wp-json\/wp\/v2\/media\/299060"}],"wp:attachment":[{"href":"https:\/\/dutchhealthstore.com\/fr\/wp-json\/wp\/v2\/media?parent=136287"}],"wp:term":[{"taxonomy":"product_brand","embeddable":true,"href":"https:\/\/dutchhealthstore.com\/fr\/wp-json\/wp\/v2\/product_brand?post=136287"},{"taxonomy":"product_cat","embeddable":true,"href":"https:\/\/dutchhealthstore.com\/fr\/wp-json\/wp\/v2\/product_cat?post=136287"},{"taxonomy":"product_tag","embeddable":true,"href":"https:\/\/dutchhealthstore.com\/fr\/wp-json\/wp\/v2\/product_tag?post=136287"}],"curies":[{"name":"wp","href":"https:\/\/api.w.org\/{rel}","templated":true}]}}