{"id":134121,"date":"2020-11-23T09:36:15","date_gmt":"2020-11-23T08:36:15","guid":{"rendered":"https:\/\/dutchhealthstore.com\/product\/rose-apothecary-absolute\/"},"modified":"2023-12-28T08:31:40","modified_gmt":"2023-12-28T08:31:40","slug":"rose-apothecary-absolute","status":"publish","type":"product","link":"https:\/\/dutchhealthstore.com\/fr\/product\/rose-apothecary-absolute\/","title":{"rendered":"Rose, Apothecary Absolute"},"content":{"rendered":"<p><strong><a href=\"https:\/\/dutchhealthstore.com\/wp-content\/uploads\/2019\/08\/NEW-Living-Libations-Logo.jpg\"><img decoding=\"async\" class=\"size-full wp-image-69550 alignright\" src=\"https:\/\/dutchhealthstore.com\/wp-content\/uploads\/2019\/08\/NEW-Living-Libations-Logo.jpg\" alt=\"NEW - Living Libations - Logo\" width=\"175\" height=\"82\"><\/a>Nom botanique :<\/strong> Rosa gallica<br \/>\n<strong>Famille botanique<\/strong> : Rosaceae<br \/>\n<strong>M\u00e9thode d&rsquo;extraction<\/strong> : Absolue<br \/>\n<strong>Partie de la plante distill\u00e9e :<\/strong> Fleurs<br \/>\n<strong>Pays d&rsquo;origine<\/strong>: Ukraine<br \/>\n<strong>M\u00e9thode de culture <\/strong>: Organique<br \/>\n<strong>Composition<\/strong>: 100% Rosa gallica<br \/>\n<strong>Consistance<\/strong> : Viscosit\u00e9 moyenne<\/p>\n<h3>Description de l&rsquo;odeur<\/h3>\n<p>Des roses fra\u00eeches en pleine floraison sous un ciel d&rsquo;\u00e9t\u00e9 glorieux. Un parfum floral captivant avec des notes de base de prairies joyeuses.<\/p>\n<h3>Se marie bien avec<\/h3>\n<p>Autres roses, encens, v\u00e9tiver, vanille, nard, myrrhe, ylang, citron, pamplemousse, bergamote, sapin blanc, g\u00e9ranium, n\u00e9roli, \u0153illet et citron vert.<\/p>\n<h3>Utilisations<\/h3>\n<p>Cette rose ravissante est un ajout royal \u00e0 tout parfum, soin capillaire ou philtre d&rsquo;amour et peut \u00eatre inhal\u00e9e pour des p\u00e2moisons sereines. Profitez d&rsquo;un bain du soir et appr\u00e9ciez le parfum qui se diffuse dans la chambre.<\/p>\n<p>Apothecary Rose est la s\u0153ur splendide et sulfureuse de la reine Rosa damascena, offrant exactement les m\u00eames composants chimiques dans un absolu ambrosien. Captur\u00e9 \u00e0 partir des fleurs parfum\u00e9es de roses russes fra\u00eechement \u00e9closes, cet absolu ultra-concentr\u00e9 offre un magnifique stimulant \u00e9motionnel et une vision de la vie en forme de lunettes roses. C&rsquo;est une huile florale fantastiquement parfum\u00e9e pour le massage, la parfumerie, les c\u00e9r\u00e9monies d&rsquo;amour sacr\u00e9 et l&rsquo;apaisement de l&rsquo;\u00e2me. \u00c9galement connue sous le nom de rose gallique, de rose de Damas cramoisie et de rose de Provins, Apothecary Rose Absolute est une huile de rose rare et magnifique qui, sous n&rsquo;importe quel autre nom, sent tout aussi bon !<\/p>\n<p>Apothecary Rose Absolute a une longue et riche histoire d&rsquo;utilisation en parfumerie. Il y a des si\u00e8cles, en Asie, Rosa gallica a \u00e9t\u00e9 crois\u00e9e avec Rosa phoenicia pour cr\u00e9er Rosa damascena, la souche de rose ultra-raffin\u00e9e utilis\u00e9e dans la cr\u00e9ation de notre Rose Otto Essential Oil. Compar\u00e9es \u00e0 la puret\u00e9 immacul\u00e9e de la Rose Otto, les notes de fond inattendues, bois\u00e9es et presque hesp\u00e9rid\u00e9es de Apothecary Rose sont ravissantes et rebelles ; c&rsquo;est une v\u00e9ritable rose ren\u00e9gate qui est un d\u00e9lice pour quiconque s&rsquo;arr\u00eate pour sentir les roses.<\/p>\n<p>Les composants chimiques \u00e9tant identiques \u00e0 ceux de la Rose Otto, la principale diff\u00e9rence r\u00e9sidant dans le processus de distillation, Apothecary Rose offre un grand nombre des m\u00eames bienfaits physiques, \u00e9motionnels et spirituels \u00e0 un prix inf\u00e9rieur. Sur le plan \u00e9motionnel, Apothecary Rose est utilis\u00e9e pour \u00e9lever l&rsquo;esprit, ouvrir le c\u0153ur, \u00e9loigner les soucis et lib\u00e9rer la sensualit\u00e9. Sur le plan spirituel, la rose apothicaire peut \u00eatre utilis\u00e9e lors de c\u00e9r\u00e9monies sacr\u00e9es pour lib\u00e9rer l&rsquo;illusion de la s\u00e9paration et ne faire qu&rsquo;un avec le c\u0153ur du monde.<\/p>\n<p><strong>Taille : 2,5 ml et 5 ml<\/strong><\/p>\n<h3>Ingr\u00e9dients biologiques<\/h3>\n<p>100% absolue de rose d&rsquo;apothicaire (Rosa gallica).<\/p>\n<p style=\"text-align: center;\"><em>\u00ab\u00a0Les Perses, comme les Grecs et les Romains baignaient leur corps dans des parfums et utilisaient aussi abondamment les parfums \u00e0 l&rsquo;occasion des enterrements, des sacrifices et des c\u00e9r\u00e9monies de toutes sortes. C&rsquo;est aux Perses que nous devons l&rsquo;art de la distillation des roses.\u00a0\u00bb<\/em><br \/>\n~ Jill Jesse, <strong>Perfume Album<\/strong><\/p>\n<p><a href=\"https:\/\/dutchhealthstore.com\/wp-content\/uploads\/2018\/02\/Living-Libations-Organic-Logo-800x89.png\"><img fetchpriority=\"high\" decoding=\"async\" class=\"size-medium wp-image-68104 aligncenter\" src=\"https:\/\/dutchhealthstore.com\/wp-content\/uploads\/2018\/02\/Living-Libations-Organic-Logo-800x89.png\" alt=\"Living Libations - Organic Logo\" width=\"800\" height=\"89\" srcset=\"https:\/\/dutchhealthstore.com\/wp-content\/uploads\/2018\/02\/Living-Libations-Organic-Logo-800x89.png 800w, https:\/\/dutchhealthstore.com\/wp-content\/uploads\/2018\/02\/Living-Libations-Organic-Logo-510x57.png 510w, https:\/\/dutchhealthstore.com\/wp-content\/uploads\/2018\/02\/Living-Libations-Organic-Logo-768x85.png 768w, https:\/\/dutchhealthstore.com\/wp-content\/uploads\/2018\/02\/Living-Libations-Organic-Logo.png 1400w\" sizes=\"(max-width: 800px) 100vw, 800px\" \/><\/a><\/p>\n","protected":false},"excerpt":{"rendered":"<p>Apothecary Rose Absolute exploite l&rsquo;expression de l&rsquo;amour de la terre dans une po\u00e9sie v\u00e9g\u00e9tale pure : la rose en fleur, qui d\u00e9ploie ses p\u00e9tales pour s&rsquo;impr\u00e9gner de l&rsquo;\u00e9nergie infinie du ciel ouvert, de la facilit\u00e9 d&rsquo;une brise douce, jusqu&rsquo;aux rayons de soleil incroyablement hauts. C&rsquo;est cette ouverture florale qui donne \u00e0 Rosa gallica son pouvoir in\u00e9gal\u00e9 d&rsquo;ouvrir le c\u0153ur \u00e0 des expressions d&rsquo;amour de plus en plus grandes.<\/p>\n","protected":false},"featured_media":133870,"comment_status":"open","ping_status":"closed","template":"","meta":[],"product_brand":[],"product_cat":[3754,1507,6734,1211,1209],"product_tag":[4495],"class_list":{"0":"post-134121","1":"product","2":"type-product","3":"status-publish","4":"has-post-thumbnail","6":"product_cat-essences-absolues","7":"product_cat-plantes-huiles-essentielles-living-libations","8":"product_cat-essential-oils","9":"product_cat-living-libations-france","10":"product_cat-par-marques","11":"product_tag-essential-oil-fr","12":"pa_brand-livinglibations-fr","13":"pa_essential-oils-product-type-absolute-essences-fr","14":"pa_size-2-5-ml-fr","15":"pa_size-5-ml-fr","17":"first","18":"instock","19":"taxable","20":"shipping-taxable","21":"purchasable","22":"product-type-variable"},"bundled_by":[],"bundle_stock_status":"instock","bundle_stock_quantity":null,"bundle_virtual":false,"bundle_layout":"","bundle_add_to_cart_form_location":"","bundle_editable_in_cart":false,"bundle_sold_individually_context":"","bundle_item_grouping":"","bundle_min_size":"","bundle_max_size":"","bundle_price":[],"bundled_items":[],"bundle_sell_ids":[],"atum_controlled":true,"out_stock_date":null,"out_stock_threshold":null,"inheritable":true,"stock_on_hold":0,"sold_today":0,"sales_last_days":0,"out_stock_days":0,"lost_sales":0,"update_date":"2026-04-30T11:56:27","atum_locations":[],"atum_stock_status":"instock","restock_status":false,"low_stock_amount":"","sales_update_date":"2026-04-30T11:56:27","calc_backorders":null,"group_of_quantity":0,"min_quantity":0,"max_quantity":"","exclude_order_quantity_value_rules":"no","exclude_category_quantity_rules":"no","combine_variations":"no","yoast_head":"<!-- This site is optimized with the Yoast SEO Premium plugin v26.5 (Yoast SEO v26.5) - https:\/\/yoast.com\/wordpress\/plugins\/seo\/ -->\n<title>Rose, Apothecary Absolute - Living Libations<\/title>\n<meta name=\"description\" content=\"Cette rose ravissante est un ajout royal \u00e0 tout parfum, soin capillaire ou philtre d&#039;amour et peut \u00eatre inhal\u00e9e pour des p\u00e2moisons sereines. Profitez d&#039;un bain du soir et appr\u00e9ciez le parfum qui se diffuse dans la chambre.\" \/>\n<meta name=\"robots\" content=\"index, follow, max-snippet:-1, max-image-preview:large, max-video-preview:-1\" \/>\n<link rel=\"canonical\" href=\"https:\/\/dutchhealthstore.com\/fr\/product\/rose-apothecary-absolute\/\" \/>\n<meta property=\"og:locale\" content=\"fr_FR\" \/>\n<meta property=\"og:type\" content=\"article\" \/>\n<meta property=\"og:title\" content=\"Rose, Apothecary Absolute - Dutch Health Store\" \/>\n<meta property=\"og:description\" content=\"Cette rose ravissante est un ajout royal \u00e0 tout parfum, soin capillaire ou philtre d&#039;amour et peut \u00eatre inhal\u00e9e pour des p\u00e2moisons sereines. Profitez d&#039;un bain du soir et appr\u00e9ciez le parfum qui se diffuse dans la chambre.\" \/>\n<meta property=\"og:url\" content=\"https:\/\/dutchhealthstore.com\/fr\/product\/rose-apothecary-absolute\/\" \/>\n<meta property=\"og:site_name\" content=\"Dutch Health Store\" \/>\n<meta property=\"article:publisher\" content=\"https:\/\/www.instagram.com\/dutchhealthstore\/\" \/>\n<meta property=\"article:modified_time\" content=\"2023-12-28T08:31:40+00:00\" \/>\n<meta property=\"og:image\" content=\"https:\/\/dutchhealthstore.com\/wp-content\/uploads\/2020\/11\/Living-Libations-Rose-Apothecary-Absolute.png\" \/>\n\t<meta property=\"og:image:width\" content=\"1000\" \/>\n\t<meta property=\"og:image:height\" content=\"1000\" \/>\n\t<meta property=\"og:image:type\" content=\"image\/jpeg\" \/>\n<meta name=\"twitter:card\" content=\"summary_large_image\" \/>\n<meta name=\"twitter:label1\" content=\"Disponibilit\u00e9\" \/>\n\t<meta name=\"twitter:data1\" content=\"En stock\" \/>\n<script type=\"application\/ld+json\" class=\"yoast-schema-graph\">{\"@context\":\"https:\/\/schema.org\",\"@graph\":[{\"@type\":\"WebPage\",\"@id\":\"https:\/\/dutchhealthstore.com\/fr\/product\/rose-apothecary-absolute\/\",\"url\":\"https:\/\/dutchhealthstore.com\/fr\/product\/rose-apothecary-absolute\/\",\"name\":\"Rose, Apothecary Absolute - Living Libations\",\"isPartOf\":{\"@id\":\"https:\/\/dutchhealthstore.com\/fr\/#website\"},\"primaryImageOfPage\":{\"@id\":\"https:\/\/dutchhealthstore.com\/fr\/product\/rose-apothecary-absolute\/#primaryimage\"},\"image\":{\"@id\":\"https:\/\/dutchhealthstore.com\/fr\/product\/rose-apothecary-absolute\/#primaryimage\"},\"thumbnailUrl\":\"https:\/\/dutchhealthstore.com\/wp-content\/uploads\/2020\/11\/Living-Libations-Rose-Apothecary-Absolute.png\",\"datePublished\":\"2020-11-23T08:36:15+00:00\",\"dateModified\":\"2023-12-28T08:31:40+00:00\",\"description\":\"Cette rose ravissante est un ajout royal \u00e0 tout parfum, soin capillaire ou philtre d'amour et peut \u00eatre inhal\u00e9e pour des p\u00e2moisons sereines. Profitez d'un bain du soir et appr\u00e9ciez le parfum qui se diffuse dans la chambre.\",\"breadcrumb\":{\"@id\":\"https:\/\/dutchhealthstore.com\/fr\/product\/rose-apothecary-absolute\/#breadcrumb\"},\"inLanguage\":\"fr-FR\",\"potentialAction\":[{\"@type\":\"ReadAction\",\"target\":[\"https:\/\/dutchhealthstore.com\/fr\/product\/rose-apothecary-absolute\/\"]}]},{\"@type\":\"ImageObject\",\"inLanguage\":\"fr-FR\",\"@id\":\"https:\/\/dutchhealthstore.com\/fr\/product\/rose-apothecary-absolute\/#primaryimage\",\"url\":\"https:\/\/dutchhealthstore.com\/wp-content\/uploads\/2020\/11\/Living-Libations-Rose-Apothecary-Absolute.png\",\"contentUrl\":\"https:\/\/dutchhealthstore.com\/wp-content\/uploads\/2020\/11\/Living-Libations-Rose-Apothecary-Absolute.png\",\"width\":1000,\"height\":1000,\"caption\":\"Living Libations Rose, Apothecary Absolute\"},{\"@type\":\"BreadcrumbList\",\"@id\":\"https:\/\/dutchhealthstore.com\/fr\/product\/rose-apothecary-absolute\/#breadcrumb\",\"itemListElement\":[{\"@type\":\"ListItem\",\"position\":1,\"name\":\"Home\",\"item\":\"https:\/\/dutchhealthstore.com\/fr\/\"},{\"@type\":\"ListItem\",\"position\":2,\"name\":\"Shop\",\"item\":\"https:\/\/dutchhealthstore.com\/fr\/shop\/\"},{\"@type\":\"ListItem\",\"position\":3,\"name\":\"Rose, Apothecary Absolute\"}]},{\"@type\":\"WebSite\",\"@id\":\"https:\/\/dutchhealthstore.com\/fr\/#website\",\"url\":\"https:\/\/dutchhealthstore.com\/fr\/\",\"name\":\"Dutch Health Store\",\"description\":\"Enhance Your Beauty with Organic &amp; Natural Skincare\",\"publisher\":{\"@id\":\"https:\/\/dutchhealthstore.com\/fr\/#organization\"},\"potentialAction\":[{\"@type\":\"SearchAction\",\"target\":{\"@type\":\"EntryPoint\",\"urlTemplate\":\"https:\/\/dutchhealthstore.com\/fr\/?s={search_term_string}\"},\"query-input\":{\"@type\":\"PropertyValueSpecification\",\"valueRequired\":true,\"valueName\":\"search_term_string\"}}],\"inLanguage\":\"fr-FR\"},{\"@type\":\"Organization\",\"@id\":\"https:\/\/dutchhealthstore.com\/fr\/#organization\",\"name\":\"Dutch Health Store\",\"url\":\"https:\/\/dutchhealthstore.com\/fr\/\",\"logo\":{\"@type\":\"ImageObject\",\"inLanguage\":\"fr-FR\",\"@id\":\"https:\/\/dutchhealthstore.com\/fr\/#\/schema\/logo\/image\/\",\"url\":\"https:\/\/dutchhealthstore.com\/wp-content\/uploads\/2020\/08\/logo-dutchhealthstore-jpg-e1599484957574.jpg\",\"contentUrl\":\"https:\/\/dutchhealthstore.com\/wp-content\/uploads\/2020\/08\/logo-dutchhealthstore-jpg-e1599484957574.jpg\",\"width\":400,\"height\":62,\"caption\":\"Dutch Health Store\"},\"image\":{\"@id\":\"https:\/\/dutchhealthstore.com\/fr\/#\/schema\/logo\/image\/\"},\"sameAs\":[\"https:\/\/www.instagram.com\/dutchhealthstore\/\",\"https:\/\/www.facebook.com\/dutchhealthstore\"]}]}<\/script>\n<meta property=\"product:brand\" content=\"Living Libations\" \/>\n<meta property=\"og:availability\" content=\"instock\" \/>\n<meta property=\"product:availability\" content=\"instock\" \/>\n<meta property=\"product:condition\" content=\"new\" \/>\n<!-- \/ Yoast SEO Premium plugin. -->","yoast_head_json":{"title":"Rose, Apothecary Absolute - Living Libations","description":"Cette rose ravissante est un ajout royal \u00e0 tout parfum, soin capillaire ou philtre d'amour et peut \u00eatre inhal\u00e9e pour des p\u00e2moisons sereines. Profitez d'un bain du soir et appr\u00e9ciez le parfum qui se diffuse dans la chambre.","robots":{"index":"index","follow":"follow","max-snippet":"max-snippet:-1","max-image-preview":"max-image-preview:large","max-video-preview":"max-video-preview:-1"},"canonical":"https:\/\/dutchhealthstore.com\/fr\/product\/rose-apothecary-absolute\/","og_locale":"fr_FR","og_type":"article","og_title":"Rose, Apothecary Absolute - Dutch Health Store","og_description":"Cette rose ravissante est un ajout royal \u00e0 tout parfum, soin capillaire ou philtre d'amour et peut \u00eatre inhal\u00e9e pour des p\u00e2moisons sereines. Profitez d'un bain du soir et appr\u00e9ciez le parfum qui se diffuse dans la chambre.","og_url":"https:\/\/dutchhealthstore.com\/fr\/product\/rose-apothecary-absolute\/","og_site_name":"Dutch Health Store","article_publisher":"https:\/\/www.instagram.com\/dutchhealthstore\/","article_modified_time":"2023-12-28T08:31:40+00:00","og_image":[{"width":1000,"height":1000,"url":"https:\/\/dutchhealthstore.com\/wp-content\/uploads\/2020\/11\/Living-Libations-Rose-Apothecary-Absolute.png","type":"image\/jpeg"}],"twitter_card":"summary_large_image","twitter_misc":{"Disponibilit\u00e9":"En stock"},"schema":{"@context":"https:\/\/schema.org","@graph":[{"@type":"WebPage","@id":"https:\/\/dutchhealthstore.com\/fr\/product\/rose-apothecary-absolute\/","url":"https:\/\/dutchhealthstore.com\/fr\/product\/rose-apothecary-absolute\/","name":"Rose, Apothecary Absolute - Living Libations","isPartOf":{"@id":"https:\/\/dutchhealthstore.com\/fr\/#website"},"primaryImageOfPage":{"@id":"https:\/\/dutchhealthstore.com\/fr\/product\/rose-apothecary-absolute\/#primaryimage"},"image":{"@id":"https:\/\/dutchhealthstore.com\/fr\/product\/rose-apothecary-absolute\/#primaryimage"},"thumbnailUrl":"https:\/\/dutchhealthstore.com\/wp-content\/uploads\/2020\/11\/Living-Libations-Rose-Apothecary-Absolute.png","datePublished":"2020-11-23T08:36:15+00:00","dateModified":"2023-12-28T08:31:40+00:00","description":"Cette rose ravissante est un ajout royal \u00e0 tout parfum, soin capillaire ou philtre d'amour et peut \u00eatre inhal\u00e9e pour des p\u00e2moisons sereines. Profitez d'un bain du soir et appr\u00e9ciez le parfum qui se diffuse dans la chambre.","breadcrumb":{"@id":"https:\/\/dutchhealthstore.com\/fr\/product\/rose-apothecary-absolute\/#breadcrumb"},"inLanguage":"fr-FR","potentialAction":[{"@type":"ReadAction","target":["https:\/\/dutchhealthstore.com\/fr\/product\/rose-apothecary-absolute\/"]}]},{"@type":"ImageObject","inLanguage":"fr-FR","@id":"https:\/\/dutchhealthstore.com\/fr\/product\/rose-apothecary-absolute\/#primaryimage","url":"https:\/\/dutchhealthstore.com\/wp-content\/uploads\/2020\/11\/Living-Libations-Rose-Apothecary-Absolute.png","contentUrl":"https:\/\/dutchhealthstore.com\/wp-content\/uploads\/2020\/11\/Living-Libations-Rose-Apothecary-Absolute.png","width":1000,"height":1000,"caption":"Living Libations Rose, Apothecary Absolute"},{"@type":"BreadcrumbList","@id":"https:\/\/dutchhealthstore.com\/fr\/product\/rose-apothecary-absolute\/#breadcrumb","itemListElement":[{"@type":"ListItem","position":1,"name":"Home","item":"https:\/\/dutchhealthstore.com\/fr\/"},{"@type":"ListItem","position":2,"name":"Shop","item":"https:\/\/dutchhealthstore.com\/fr\/shop\/"},{"@type":"ListItem","position":3,"name":"Rose, Apothecary Absolute"}]},{"@type":"WebSite","@id":"https:\/\/dutchhealthstore.com\/fr\/#website","url":"https:\/\/dutchhealthstore.com\/fr\/","name":"Dutch Health Store","description":"Enhance Your Beauty with Organic &amp; Natural Skincare","publisher":{"@id":"https:\/\/dutchhealthstore.com\/fr\/#organization"},"potentialAction":[{"@type":"SearchAction","target":{"@type":"EntryPoint","urlTemplate":"https:\/\/dutchhealthstore.com\/fr\/?s={search_term_string}"},"query-input":{"@type":"PropertyValueSpecification","valueRequired":true,"valueName":"search_term_string"}}],"inLanguage":"fr-FR"},{"@type":"Organization","@id":"https:\/\/dutchhealthstore.com\/fr\/#organization","name":"Dutch Health Store","url":"https:\/\/dutchhealthstore.com\/fr\/","logo":{"@type":"ImageObject","inLanguage":"fr-FR","@id":"https:\/\/dutchhealthstore.com\/fr\/#\/schema\/logo\/image\/","url":"https:\/\/dutchhealthstore.com\/wp-content\/uploads\/2020\/08\/logo-dutchhealthstore-jpg-e1599484957574.jpg","contentUrl":"https:\/\/dutchhealthstore.com\/wp-content\/uploads\/2020\/08\/logo-dutchhealthstore-jpg-e1599484957574.jpg","width":400,"height":62,"caption":"Dutch Health Store"},"image":{"@id":"https:\/\/dutchhealthstore.com\/fr\/#\/schema\/logo\/image\/"},"sameAs":["https:\/\/www.instagram.com\/dutchhealthstore\/","https:\/\/www.facebook.com\/dutchhealthstore"]}]},"product_brand":"Living Libations","og_availability":"instock","product_availability":"instock","product_condition":"new"},"_links":{"self":[{"href":"https:\/\/dutchhealthstore.com\/fr\/wp-json\/wp\/v2\/product\/134121","targetHints":{"allow":["GET"]}}],"collection":[{"href":"https:\/\/dutchhealthstore.com\/fr\/wp-json\/wp\/v2\/product"}],"about":[{"href":"https:\/\/dutchhealthstore.com\/fr\/wp-json\/wp\/v2\/types\/product"}],"replies":[{"embeddable":true,"href":"https:\/\/dutchhealthstore.com\/fr\/wp-json\/wp\/v2\/comments?post=134121"}],"wp:featuredmedia":[{"embeddable":true,"href":"https:\/\/dutchhealthstore.com\/fr\/wp-json\/wp\/v2\/media\/133870"}],"wp:attachment":[{"href":"https:\/\/dutchhealthstore.com\/fr\/wp-json\/wp\/v2\/media?parent=134121"}],"wp:term":[{"taxonomy":"product_brand","embeddable":true,"href":"https:\/\/dutchhealthstore.com\/fr\/wp-json\/wp\/v2\/product_brand?post=134121"},{"taxonomy":"product_cat","embeddable":true,"href":"https:\/\/dutchhealthstore.com\/fr\/wp-json\/wp\/v2\/product_cat?post=134121"},{"taxonomy":"product_tag","embeddable":true,"href":"https:\/\/dutchhealthstore.com\/fr\/wp-json\/wp\/v2\/product_tag?post=134121"}],"curies":[{"name":"wp","href":"https:\/\/api.w.org\/{rel}","templated":true}]}}