{"id":134107,"date":"2020-11-20T09:08:04","date_gmt":"2020-11-20T08:08:04","guid":{"rendered":"https:\/\/dutchhealthstore.com\/product\/sage-clary-absolute\/"},"modified":"2023-02-28T09:20:09","modified_gmt":"2023-02-28T09:20:09","slug":"sage-clary-absolute","status":"publish","type":"product","link":"https:\/\/dutchhealthstore.com\/fr\/product\/sage-clary-absolute\/","title":{"rendered":"Sage, Clary Absolute"},"content":{"rendered":"<p><strong><a href=\"https:\/\/dutchhealthstore.com\/wp-content\/uploads\/2019\/08\/NEW-Living-Libations-Logo.jpg\"><img decoding=\"async\" class=\"size-full wp-image-69552 alignright\" src=\"https:\/\/dutchhealthstore.com\/wp-content\/uploads\/2019\/08\/NEW-Living-Libations-Logo.jpg\" alt=\"NEW - Living Libations - Logo\" width=\"175\" height=\"82\"><\/a>Nom botanique<\/strong> : Salvia sclarea<br \/>\n<strong>Famille botanique :<\/strong> Lamiaceae<br \/>\n<strong>M\u00e9thode d&rsquo;extraction<\/strong> : Absolue<br \/>\n<strong>Partie de la plante distill\u00e9e<\/strong> : sommit\u00e9s fleuries<br \/>\n<strong>Pays d&rsquo;origine <\/strong>: France<br \/>\n<strong>M\u00e9thode de culture <\/strong>: Organique<br \/>\n<strong>Composition <\/strong>: 50:50 Salvia sclarea + alcool biologique biodynamique<br \/>\n<strong>Consistance <\/strong>: Viscosit\u00e9 moyenne.<\/p>\n<h3>Description de l&rsquo;odeur<\/h3>\n<p>Doux et balsamique, mais vert avec des tons herbac\u00e9s et de tabac de foin.<\/p>\n<h3>Se marie bien avec<\/h3>\n<p>Agrumes, bergamote, cardamome, \u0153illet, c\u00e8dre, cannelle, ciste, coriandre, cypr\u00e8s, sapin, encens, g\u00e9ranium, foin, jasmin, gen\u00e9vrier, n\u00e9roli, lavande, patchouli, rose, santal, tabac, herbe vernale, ciste, v\u00e9tiver et ylang.<\/p>\n<h3>Composants<\/h3>\n<p>Le sclar\u00e9ol, un alcool diterp\u00e9nique solide non distillable qui est un excellent fixateur. L&rsquo;ac\u00e9tate de linalyle, qui est un ester \u00e0 l&rsquo;odeur fruit\u00e9e.<\/p>\n<h3>Contre-indication<\/h3>\n<p>Les peaux sensibles doivent faire l&rsquo;objet d&rsquo;un test \u00e9picutan\u00e9 avant utilisation.<\/p>\n<p>Clary Sage est une plante vivace herbac\u00e9e imposante avec des fleurs roses et blanches sur des tiges carr\u00e9es robustes recouvertes de grandes feuilles souples. Toutes les parties a\u00e9riennes de la plante contiennent des glandes productrices d&rsquo;essence aromatique qui lib\u00e8rent un parfum miell\u00e9 et musqu\u00e9. Les plantes sont r\u00e9colt\u00e9es en ao\u00fbt, lorsque le parfum est le plus fort, pour produire un extrait qui est un somptueux fixateur aux d\u00e9licates notes herbac\u00e9es, florales, de th\u00e9 et d&rsquo;ambre. L&rsquo;ar\u00f4me est plus doux et plus herbac\u00e9 que celui de Clary Sage essential oil.<\/p>\n<p>Clary Sage Absolute concentr\u00e9e est une p\u00e2te cireuse verte qui peut \u00eatre difficile \u00e0 combiner avec d&rsquo;autres huiles. Pour faciliter son utilisation, nous le proposons sous une forme versable, pr\u00e9-dilu\u00e9 avec 50% d&rsquo;alcool biologique, pr\u00eat \u00e0 \u00eatre utilis\u00e9 dans votre palette de parfumerie.<\/p>\n<p>Une absolue est cr\u00e9\u00e9e en utilisant un solvant pour extraire les pr\u00e9cieux ar\u00f4mes v\u00e9g\u00e9taux de la mati\u00e8re v\u00e9g\u00e9tale. On laisse ensuite le solvant s&rsquo;\u00e9vaporer, laissant derri\u00e8re lui une absolue magnifiquement aromatique et tr\u00e8s concentr\u00e9e. Les mol\u00e9cules odorantes sont g\u00e9n\u00e9ralement appr\u00e9ci\u00e9es par inhalation pour transporter les \u00e9motions, l&rsquo;esprit, les souvenirs, la cr\u00e9ativit\u00e9, la concentration, l&rsquo;imagination et la m\u00e9ditation au-del\u00e0 des seuils s\u00e9culaires dans la mer des formes d&rsquo;ondes cosmiques. L&rsquo;histoire olfactive des absolus se d\u00e9roule dans les eaux de Cologne et les parfums, les m\u00e9diations d&rsquo;inhalation et les infusions de diffusion ambiante plut\u00f4t que dans les soins de la peau.<\/p>\n<p><strong>Taille : 5 ml et 15 ml<\/strong><\/p>\n<h3>Ingr\u00e9dients biologiques<\/h3>\n<p>100% absolue de sauge sclar\u00e9e (Salvia sclarea)<\/p>\n<p style=\"text-align: center;\"><em>\u00ab\u00a0Clary Sage sert \u00e0 amener la conscience \u00e0 l&rsquo;int\u00e9rieur, permettant de venir de son noyau \u00e9motionnel et \u00e9nerg\u00e9tique profond. Ce faisant, elle a un effet adoucissant qui peut aider \u00e0 dissoudre les structures de protection dures et inutiles que nous utilisons normalement dans nos relations avec les autres\u00a0\u00bb.<\/em><br \/>\n~Peter Holmes, <strong>Aromatica<\/strong><\/p>\n<p style=\"text-align: center;\"><em>\u00ab\u00a0Clary Sage Absolute est une mati\u00e8re parfum\u00e9e extr\u00eamement int\u00e9ressante, une odeur extr\u00eamement riche, d\u00e9licatement sucr\u00e9e&#8230; quelque peu herbac\u00e9e et d&rsquo;une grande t\u00e9nacit\u00e9. Le sous-entendu l\u00e9g\u00e8rement amer est utilis\u00e9 avec de bons r\u00e9sultats dans les bases de parfums ambr\u00e9s, tandis que le corps riche et doux se marie extr\u00eamement bien avec les eaux de Cologne aux agrumes et les foug\u00e8res \u00e0 la lavande.\u00a0\u00bb<\/em><br \/>\n~Steffen Arctander, <strong>Perfume and Flavor Materials of Natural Origin.<\/strong><\/p>\n<p>&nbsp;<\/p>\n<p><a href=\"https:\/\/dutchhealthstore.com\/wp-content\/uploads\/2018\/02\/Living-Libations-Organic-Logo-800x89.png\"><img fetchpriority=\"high\" decoding=\"async\" class=\"size-medium wp-image-68106 aligncenter\" src=\"https:\/\/dutchhealthstore.com\/wp-content\/uploads\/2018\/02\/Living-Libations-Organic-Logo-800x89.png\" alt=\"Living Libations - Organic Logo\" width=\"800\" height=\"89\" srcset=\"https:\/\/dutchhealthstore.com\/wp-content\/uploads\/2018\/02\/Living-Libations-Organic-Logo-800x89.png 800w, https:\/\/dutchhealthstore.com\/wp-content\/uploads\/2018\/02\/Living-Libations-Organic-Logo-510x57.png 510w, https:\/\/dutchhealthstore.com\/wp-content\/uploads\/2018\/02\/Living-Libations-Organic-Logo-768x85.png 768w, https:\/\/dutchhealthstore.com\/wp-content\/uploads\/2018\/02\/Living-Libations-Organic-Logo.png 1400w\" sizes=\"(max-width: 800px) 100vw, 800px\" \/><\/a><\/p>\n","protected":false},"excerpt":{"rendered":"<p>Clary Sage Absolute enchanteresse offre un bouquet ambr\u00e9, doux et chaud, qui m\u00eale magistralement des m\u00e9langes complexes de fleurs des champs, de fleurs des bois et d&rsquo;essences de type chypre dans des parfums euphoriques agr\u00e9ables et des eaux de Cologne conif\u00e8res charmantes.<\/p>\n","protected":false},"featured_media":133784,"comment_status":"open","ping_status":"closed","template":"","meta":[],"product_brand":[],"product_cat":[3754,1507,6734,1211,1209],"product_tag":[4495],"class_list":{"0":"post-134107","1":"product","2":"type-product","3":"status-publish","4":"has-post-thumbnail","6":"product_cat-essences-absolues","7":"product_cat-plantes-huiles-essentielles-living-libations","8":"product_cat-essential-oils","9":"product_cat-living-libations-france","10":"product_cat-par-marques","11":"product_tag-essential-oil-fr","12":"pa_brand-livinglibations-fr","13":"pa_essential-oils-product-type-absolute-essences-fr","14":"pa_gtin-7424926121152-fr","15":"pa_size-5-ml-fr","16":"pa_size-15-ml-fr","18":"first","19":"instock","20":"taxable","21":"shipping-taxable","22":"purchasable","23":"product-type-variable"},"bundled_by":[],"bundle_stock_status":"instock","bundle_stock_quantity":null,"bundle_virtual":false,"bundle_layout":"","bundle_add_to_cart_form_location":"","bundle_editable_in_cart":false,"bundle_sold_individually_context":"","bundle_item_grouping":"","bundle_min_size":"","bundle_max_size":"","bundle_price":[],"bundled_items":[],"bundle_sell_ids":[],"atum_controlled":true,"out_stock_date":null,"out_stock_threshold":null,"inheritable":true,"stock_on_hold":0,"sold_today":0,"sales_last_days":0,"out_stock_days":0,"lost_sales":0,"update_date":"2026-04-05T01:47:02","atum_locations":[],"atum_stock_status":"instock","restock_status":false,"low_stock_amount":"","sales_update_date":"2026-04-05T01:47:02","calc_backorders":null,"group_of_quantity":0,"min_quantity":0,"max_quantity":"","exclude_order_quantity_value_rules":"no","exclude_category_quantity_rules":"no","combine_variations":"no","yoast_head":"<!-- This site is optimized with the Yoast SEO Premium plugin v26.5 (Yoast SEO v26.5) - https:\/\/yoast.com\/wordpress\/plugins\/seo\/ -->\n<title>Sage, Clary Absolute - Living Libations<\/title>\n<meta name=\"description\" content=\"Clary Sage Absolute enchanteresse offre un bouquet ambr\u00e9, doux et chaud, qui m\u00eale magistralement des m\u00e9langes complexes de fleurs des champs, de fleurs des bois et d&#039;essences de type chypre dans des parfums euphoriques agr\u00e9ables et des eaux de Cologne conif\u00e8res charmantes.\" \/>\n<meta name=\"robots\" content=\"index, follow, max-snippet:-1, max-image-preview:large, max-video-preview:-1\" \/>\n<link rel=\"canonical\" href=\"https:\/\/dutchhealthstore.com\/fr\/product\/sage-clary-absolute\/\" \/>\n<meta property=\"og:locale\" content=\"fr_FR\" \/>\n<meta property=\"og:type\" content=\"article\" \/>\n<meta property=\"og:title\" content=\"Sage, Clary Absolute - Dutch Health Store\" \/>\n<meta property=\"og:description\" content=\"Clary Sage Absolute enchanteresse offre un bouquet ambr\u00e9, doux et chaud, qui m\u00eale magistralement des m\u00e9langes complexes de fleurs des champs, de fleurs des bois et d&#039;essences de type chypre dans des parfums euphoriques agr\u00e9ables et des eaux de Cologne conif\u00e8res charmantes.\" \/>\n<meta property=\"og:url\" content=\"https:\/\/dutchhealthstore.com\/fr\/product\/sage-clary-absolute\/\" \/>\n<meta property=\"og:site_name\" content=\"Dutch Health Store\" \/>\n<meta property=\"article:publisher\" content=\"https:\/\/www.instagram.com\/dutchhealthstore\/\" \/>\n<meta property=\"article:modified_time\" content=\"2023-02-28T09:20:09+00:00\" \/>\n<meta property=\"og:image\" content=\"https:\/\/dutchhealthstore.com\/wp-content\/uploads\/2020\/11\/living-libations-Clary-sage-absolute-1.jpg\" \/>\n\t<meta property=\"og:image:width\" content=\"500\" \/>\n\t<meta property=\"og:image:height\" content=\"500\" \/>\n\t<meta property=\"og:image:type\" content=\"image\/jpeg\" \/>\n<meta name=\"twitter:card\" content=\"summary_large_image\" \/>\n<meta name=\"twitter:label1\" content=\"Disponibilit\u00e9\" \/>\n\t<meta name=\"twitter:data1\" content=\"En stock\" \/>\n<script type=\"application\/ld+json\" class=\"yoast-schema-graph\">{\"@context\":\"https:\/\/schema.org\",\"@graph\":[{\"@type\":\"WebPage\",\"@id\":\"https:\/\/dutchhealthstore.com\/fr\/product\/sage-clary-absolute\/\",\"url\":\"https:\/\/dutchhealthstore.com\/fr\/product\/sage-clary-absolute\/\",\"name\":\"Sage, Clary Absolute - Living Libations\",\"isPartOf\":{\"@id\":\"https:\/\/dutchhealthstore.com\/fr\/#website\"},\"primaryImageOfPage\":{\"@id\":\"https:\/\/dutchhealthstore.com\/fr\/product\/sage-clary-absolute\/#primaryimage\"},\"image\":{\"@id\":\"https:\/\/dutchhealthstore.com\/fr\/product\/sage-clary-absolute\/#primaryimage\"},\"thumbnailUrl\":\"https:\/\/dutchhealthstore.com\/wp-content\/uploads\/2020\/11\/living-libations-Clary-sage-absolute-1.jpg\",\"datePublished\":\"2020-11-20T08:08:04+00:00\",\"dateModified\":\"2023-02-28T09:20:09+00:00\",\"description\":\"Clary Sage Absolute enchanteresse offre un bouquet ambr\u00e9, doux et chaud, qui m\u00eale magistralement des m\u00e9langes complexes de fleurs des champs, de fleurs des bois et d'essences de type chypre dans des parfums euphoriques agr\u00e9ables et des eaux de Cologne conif\u00e8res charmantes.\",\"breadcrumb\":{\"@id\":\"https:\/\/dutchhealthstore.com\/fr\/product\/sage-clary-absolute\/#breadcrumb\"},\"inLanguage\":\"fr-FR\",\"potentialAction\":[{\"@type\":\"ReadAction\",\"target\":[\"https:\/\/dutchhealthstore.com\/fr\/product\/sage-clary-absolute\/\"]}]},{\"@type\":\"ImageObject\",\"inLanguage\":\"fr-FR\",\"@id\":\"https:\/\/dutchhealthstore.com\/fr\/product\/sage-clary-absolute\/#primaryimage\",\"url\":\"https:\/\/dutchhealthstore.com\/wp-content\/uploads\/2020\/11\/living-libations-Clary-sage-absolute-1.jpg\",\"contentUrl\":\"https:\/\/dutchhealthstore.com\/wp-content\/uploads\/2020\/11\/living-libations-Clary-sage-absolute-1.jpg\",\"width\":500,\"height\":500,\"caption\":\"living libations Clary sage absolute\"},{\"@type\":\"BreadcrumbList\",\"@id\":\"https:\/\/dutchhealthstore.com\/fr\/product\/sage-clary-absolute\/#breadcrumb\",\"itemListElement\":[{\"@type\":\"ListItem\",\"position\":1,\"name\":\"Home\",\"item\":\"https:\/\/dutchhealthstore.com\/fr\/\"},{\"@type\":\"ListItem\",\"position\":2,\"name\":\"Shop\",\"item\":\"https:\/\/dutchhealthstore.com\/fr\/shop\/\"},{\"@type\":\"ListItem\",\"position\":3,\"name\":\"Sage, Clary Absolute\"}]},{\"@type\":\"WebSite\",\"@id\":\"https:\/\/dutchhealthstore.com\/fr\/#website\",\"url\":\"https:\/\/dutchhealthstore.com\/fr\/\",\"name\":\"Dutch Health Store\",\"description\":\"Enhance Your Beauty with Organic &amp; Natural Skincare\",\"publisher\":{\"@id\":\"https:\/\/dutchhealthstore.com\/fr\/#organization\"},\"potentialAction\":[{\"@type\":\"SearchAction\",\"target\":{\"@type\":\"EntryPoint\",\"urlTemplate\":\"https:\/\/dutchhealthstore.com\/fr\/?s={search_term_string}\"},\"query-input\":{\"@type\":\"PropertyValueSpecification\",\"valueRequired\":true,\"valueName\":\"search_term_string\"}}],\"inLanguage\":\"fr-FR\"},{\"@type\":\"Organization\",\"@id\":\"https:\/\/dutchhealthstore.com\/fr\/#organization\",\"name\":\"Dutch Health Store\",\"url\":\"https:\/\/dutchhealthstore.com\/fr\/\",\"logo\":{\"@type\":\"ImageObject\",\"inLanguage\":\"fr-FR\",\"@id\":\"https:\/\/dutchhealthstore.com\/fr\/#\/schema\/logo\/image\/\",\"url\":\"https:\/\/dutchhealthstore.com\/wp-content\/uploads\/2020\/08\/logo-dutchhealthstore-jpg-e1599484957574.jpg\",\"contentUrl\":\"https:\/\/dutchhealthstore.com\/wp-content\/uploads\/2020\/08\/logo-dutchhealthstore-jpg-e1599484957574.jpg\",\"width\":400,\"height\":62,\"caption\":\"Dutch Health Store\"},\"image\":{\"@id\":\"https:\/\/dutchhealthstore.com\/fr\/#\/schema\/logo\/image\/\"},\"sameAs\":[\"https:\/\/www.instagram.com\/dutchhealthstore\/\",\"https:\/\/www.facebook.com\/dutchhealthstore\"]}]}<\/script>\n<meta property=\"product:brand\" content=\"Living Libations\" \/>\n<meta property=\"og:availability\" content=\"instock\" \/>\n<meta property=\"product:availability\" content=\"instock\" \/>\n<meta property=\"product:condition\" content=\"new\" \/>\n<!-- \/ Yoast SEO Premium plugin. -->","yoast_head_json":{"title":"Sage, Clary Absolute - Living Libations","description":"Clary Sage Absolute enchanteresse offre un bouquet ambr\u00e9, doux et chaud, qui m\u00eale magistralement des m\u00e9langes complexes de fleurs des champs, de fleurs des bois et d'essences de type chypre dans des parfums euphoriques agr\u00e9ables et des eaux de Cologne conif\u00e8res charmantes.","robots":{"index":"index","follow":"follow","max-snippet":"max-snippet:-1","max-image-preview":"max-image-preview:large","max-video-preview":"max-video-preview:-1"},"canonical":"https:\/\/dutchhealthstore.com\/fr\/product\/sage-clary-absolute\/","og_locale":"fr_FR","og_type":"article","og_title":"Sage, Clary Absolute - Dutch Health Store","og_description":"Clary Sage Absolute enchanteresse offre un bouquet ambr\u00e9, doux et chaud, qui m\u00eale magistralement des m\u00e9langes complexes de fleurs des champs, de fleurs des bois et d'essences de type chypre dans des parfums euphoriques agr\u00e9ables et des eaux de Cologne conif\u00e8res charmantes.","og_url":"https:\/\/dutchhealthstore.com\/fr\/product\/sage-clary-absolute\/","og_site_name":"Dutch Health Store","article_publisher":"https:\/\/www.instagram.com\/dutchhealthstore\/","article_modified_time":"2023-02-28T09:20:09+00:00","og_image":[{"width":500,"height":500,"url":"https:\/\/dutchhealthstore.com\/wp-content\/uploads\/2020\/11\/living-libations-Clary-sage-absolute-1.jpg","type":"image\/jpeg"}],"twitter_card":"summary_large_image","twitter_misc":{"Disponibilit\u00e9":"En stock"},"schema":{"@context":"https:\/\/schema.org","@graph":[{"@type":"WebPage","@id":"https:\/\/dutchhealthstore.com\/fr\/product\/sage-clary-absolute\/","url":"https:\/\/dutchhealthstore.com\/fr\/product\/sage-clary-absolute\/","name":"Sage, Clary Absolute - Living Libations","isPartOf":{"@id":"https:\/\/dutchhealthstore.com\/fr\/#website"},"primaryImageOfPage":{"@id":"https:\/\/dutchhealthstore.com\/fr\/product\/sage-clary-absolute\/#primaryimage"},"image":{"@id":"https:\/\/dutchhealthstore.com\/fr\/product\/sage-clary-absolute\/#primaryimage"},"thumbnailUrl":"https:\/\/dutchhealthstore.com\/wp-content\/uploads\/2020\/11\/living-libations-Clary-sage-absolute-1.jpg","datePublished":"2020-11-20T08:08:04+00:00","dateModified":"2023-02-28T09:20:09+00:00","description":"Clary Sage Absolute enchanteresse offre un bouquet ambr\u00e9, doux et chaud, qui m\u00eale magistralement des m\u00e9langes complexes de fleurs des champs, de fleurs des bois et d'essences de type chypre dans des parfums euphoriques agr\u00e9ables et des eaux de Cologne conif\u00e8res charmantes.","breadcrumb":{"@id":"https:\/\/dutchhealthstore.com\/fr\/product\/sage-clary-absolute\/#breadcrumb"},"inLanguage":"fr-FR","potentialAction":[{"@type":"ReadAction","target":["https:\/\/dutchhealthstore.com\/fr\/product\/sage-clary-absolute\/"]}]},{"@type":"ImageObject","inLanguage":"fr-FR","@id":"https:\/\/dutchhealthstore.com\/fr\/product\/sage-clary-absolute\/#primaryimage","url":"https:\/\/dutchhealthstore.com\/wp-content\/uploads\/2020\/11\/living-libations-Clary-sage-absolute-1.jpg","contentUrl":"https:\/\/dutchhealthstore.com\/wp-content\/uploads\/2020\/11\/living-libations-Clary-sage-absolute-1.jpg","width":500,"height":500,"caption":"living libations Clary sage absolute"},{"@type":"BreadcrumbList","@id":"https:\/\/dutchhealthstore.com\/fr\/product\/sage-clary-absolute\/#breadcrumb","itemListElement":[{"@type":"ListItem","position":1,"name":"Home","item":"https:\/\/dutchhealthstore.com\/fr\/"},{"@type":"ListItem","position":2,"name":"Shop","item":"https:\/\/dutchhealthstore.com\/fr\/shop\/"},{"@type":"ListItem","position":3,"name":"Sage, Clary Absolute"}]},{"@type":"WebSite","@id":"https:\/\/dutchhealthstore.com\/fr\/#website","url":"https:\/\/dutchhealthstore.com\/fr\/","name":"Dutch Health Store","description":"Enhance Your Beauty with Organic &amp; Natural Skincare","publisher":{"@id":"https:\/\/dutchhealthstore.com\/fr\/#organization"},"potentialAction":[{"@type":"SearchAction","target":{"@type":"EntryPoint","urlTemplate":"https:\/\/dutchhealthstore.com\/fr\/?s={search_term_string}"},"query-input":{"@type":"PropertyValueSpecification","valueRequired":true,"valueName":"search_term_string"}}],"inLanguage":"fr-FR"},{"@type":"Organization","@id":"https:\/\/dutchhealthstore.com\/fr\/#organization","name":"Dutch Health Store","url":"https:\/\/dutchhealthstore.com\/fr\/","logo":{"@type":"ImageObject","inLanguage":"fr-FR","@id":"https:\/\/dutchhealthstore.com\/fr\/#\/schema\/logo\/image\/","url":"https:\/\/dutchhealthstore.com\/wp-content\/uploads\/2020\/08\/logo-dutchhealthstore-jpg-e1599484957574.jpg","contentUrl":"https:\/\/dutchhealthstore.com\/wp-content\/uploads\/2020\/08\/logo-dutchhealthstore-jpg-e1599484957574.jpg","width":400,"height":62,"caption":"Dutch Health Store"},"image":{"@id":"https:\/\/dutchhealthstore.com\/fr\/#\/schema\/logo\/image\/"},"sameAs":["https:\/\/www.instagram.com\/dutchhealthstore\/","https:\/\/www.facebook.com\/dutchhealthstore"]}]},"product_brand":"Living Libations","og_availability":"instock","product_availability":"instock","product_condition":"new"},"_links":{"self":[{"href":"https:\/\/dutchhealthstore.com\/fr\/wp-json\/wp\/v2\/product\/134107","targetHints":{"allow":["GET"]}}],"collection":[{"href":"https:\/\/dutchhealthstore.com\/fr\/wp-json\/wp\/v2\/product"}],"about":[{"href":"https:\/\/dutchhealthstore.com\/fr\/wp-json\/wp\/v2\/types\/product"}],"replies":[{"embeddable":true,"href":"https:\/\/dutchhealthstore.com\/fr\/wp-json\/wp\/v2\/comments?post=134107"}],"wp:featuredmedia":[{"embeddable":true,"href":"https:\/\/dutchhealthstore.com\/fr\/wp-json\/wp\/v2\/media\/133784"}],"wp:attachment":[{"href":"https:\/\/dutchhealthstore.com\/fr\/wp-json\/wp\/v2\/media?parent=134107"}],"wp:term":[{"taxonomy":"product_brand","embeddable":true,"href":"https:\/\/dutchhealthstore.com\/fr\/wp-json\/wp\/v2\/product_brand?post=134107"},{"taxonomy":"product_cat","embeddable":true,"href":"https:\/\/dutchhealthstore.com\/fr\/wp-json\/wp\/v2\/product_cat?post=134107"},{"taxonomy":"product_tag","embeddable":true,"href":"https:\/\/dutchhealthstore.com\/fr\/wp-json\/wp\/v2\/product_tag?post=134107"}],"curies":[{"name":"wp","href":"https:\/\/api.w.org\/{rel}","templated":true}]}}