{"id":132658,"date":"2020-11-06T08:04:00","date_gmt":"2020-11-06T07:04:00","guid":{"rendered":"https:\/\/dutchhealthstore.com\/product\/raw-organic-lifebar-inchoco-cacao-nibs-vanilla\/"},"modified":"2025-12-02T11:08:30","modified_gmt":"2025-12-02T10:08:30","slug":"raw-organic-lifebar-inchoco-cacao-nibs-vanille","status":"publish","type":"product","link":"https:\/\/dutchhealthstore.com\/fr\/product\/raw-organic-lifebar-inchoco-cacao-nibs-vanille\/","title":{"rendered":"Raw Organic Lifebar In Choco Cacao Nibs Vanilla"},"content":{"rendered":"<p><a href=\"https:\/\/dutchhealthstore.com\/wp-content\/uploads\/2020\/11\/Untitled-design-1.jpg\"><img decoding=\"async\" class=\"size-full wp-image-132293 alignright\" src=\"https:\/\/dutchhealthstore.com\/wp-content\/uploads\/2020\/11\/Untitled-design-1.jpg\" alt=\"Logo de Lifefood\" width=\"240\" height=\"70\"><\/a>Nous avons enrob\u00e9 notre Lifebar de notre chocolat cru biologique riche en antioxydants et sucr\u00e9 uniquement avec des dattes. Le r\u00e9sultat est une barre d\u00e9licieuse et paradisiaque qui procure une sensation de bien-\u00eatre \u00e0 votre corps et \u00e0 votre esprit.<\/p>\n<p>Le cacao brut contient plus de 200 composants b\u00e9n\u00e9fiques, dont des antioxydants et des flavono\u00efdes. Le cacao cru contient deux fois plus d&rsquo;antioxydants que le cacao torr\u00e9fi\u00e9.<\/p>\n<h3>Barre \u00e9nerg\u00e9tique v\u00e9g\u00e9talienne crue de qualit\u00e9 sup\u00e9rieure<\/h3>\n<ul>\n<li>Enrob\u00e9 de chocolat v\u00e9g\u00e9talien Really Raw de qualit\u00e9 biologique<\/li>\n<li>Barre \u00e9nerg\u00e9tique biologique v\u00e9g\u00e9talienne crue pour se sentir vivant et fort \u00e0 chaque fois que vous le souhaitez.<\/li>\n<li>Compos\u00e9 uniquement de fruits, de noix, de graines et d&rsquo;autres ingr\u00e9dients naturel.<\/li>\n<li>Source d&rsquo;\u00e9nergie et de nutriments<\/li>\n<li>Sans sucre raffin\u00e9 ajout\u00e9 ni \u00e9dulcorant artificiel &#8211; uniquement \u00e9dulcor\u00e9 avec du sucre naturel provenant de fruits<\/li>\n<li>Enti\u00e8rement naturel, sans gluten, sans soja, sans produits laitiers, sans amidon, sans OGM.<\/li>\n<li>Booster d&rsquo;\u00e9nergie naturel pour une vie vibrante<\/li>\n<\/ul>\n<h3 class=\"yikes-custom-woo-tab-title yikes-custom-woo-tab-title-natural-organic-ingredients\">Natural\/Organic Ingredients<\/h3>\n<p><strong>Ingr\u00e9dients<\/strong>:<br \/>\nFruits* (55 % ; dattes*, poudre de lucuma*), p\u00e9pites de cacao* (20 %), fruits \u00e0 <strong>coque*<\/strong> (13 % ; <strong>amandes*<\/strong>, <strong>p\u00e2te d&rsquo;amandes*<\/strong>, <strong>p\u00e2te de noisettes*<\/strong>), enrobage de chocolat* (13 % ; p\u00e2te de cacao* 85 %, beurre de cacao* 15 %, extraits secs de cacao 100 %), noix de muscade moulue*, vanille moulue* (0,2 %).<br \/>\n* = Produit certifi\u00e9 biologique<\/p>\n<p>Peut contenir des traces d&rsquo;autres fruits \u00e0 coque et de s\u00e9same. Peut contenir occasionnellement des morceaux de coquilles de noix et de noyaux de fruits.<\/p>\n<p><strong>Pays d&rsquo;origine :<\/strong><br \/>\nR\u00e9publique tch\u00e8que<\/p>\n<p>CZ-BIO-002<\/p>\n<p>CZ-BIO-002, Agriculture UE\/non UE<\/p>\n<p><iframe title=\"Nutritional Lifefood Lifebar - Raw, Vegan, Organic Energy Bar, best for vegans\" width=\"1020\" height=\"574\" src=\"https:\/\/www.youtube.com\/embed\/yYpXmXNw8JI?feature=oembed\" frameborder=\"0\" allow=\"accelerometer; autoplay; clipboard-write; encrypted-media; gyroscope; picture-in-picture\" allowfullscreen><\/iframe><\/p>\n","protected":false},"excerpt":{"rendered":"<p>Une combinaison populaire de f\u00e8ves de cacao brutes non torr\u00e9fi\u00e9es avec de la vanille et de la noix de muscade enrob\u00e9es de chocolat biologique cru Lifefood.<\/p>\n","protected":false},"featured_media":294092,"comment_status":"open","ping_status":"closed","template":"","meta":[],"product_brand":[],"product_cat":[9691,8787,20152,8466,1010,8786],"product_tag":[8796,21604,21775,21515],"class_list":{"0":"post-132658","1":"product","2":"type-product","3":"status-publish","4":"has-post-thumbnail","6":"product_cat-berries-fruits-other-food","7":"product_cat-chocolate-fr","8":"product_cat-lifefood-lifebar-fr","9":"product_cat-nutrition-fr","10":"product_cat-notre-boutique","11":"product_cat-superfoods-herbals-fr-2","12":"product_tag-chocolate-fr","13":"product_tag-energie-fr","14":"product_tag-nutrition-fr","15":"product_tag-superfood-fr","16":"pa_brand-lifefood-fr","17":"pa_gtin-7424923725704-fr","18":"pa_size-40-g-fr","19":"pa_superfoods-product-type-berries-fruit-other-food-fr","20":"pa_superfoods-product-type-chocolate-fr","22":"first","23":"instock","24":"taxable","25":"shipping-taxable","26":"purchasable","27":"product-type-simple"},"bundled_by":[],"bundle_stock_status":"instock","bundle_stock_quantity":7,"bundle_virtual":false,"bundle_layout":"","bundle_add_to_cart_form_location":"","bundle_editable_in_cart":false,"bundle_sold_individually_context":"","bundle_item_grouping":"","bundle_min_size":"","bundle_max_size":"","bundle_price":[],"bundled_items":[],"bundle_sell_ids":[],"atum_controlled":true,"out_stock_date":null,"out_stock_threshold":null,"inheritable":false,"stock_on_hold":0,"sold_today":0,"sales_last_days":0,"out_stock_days":0,"lost_sales":0,"update_date":"2026-04-08T01:46:46","atum_locations":[],"atum_stock_status":"instock","restock_status":false,"low_stock_amount":"","sales_update_date":"2026-04-08T01:46:46","calc_backorders":null,"group_of_quantity":0,"min_quantity":0,"max_quantity":"","exclude_order_quantity_value_rules":"no","exclude_category_quantity_rules":"no","combine_variations":"no","yoast_head":"<!-- This site is optimized with the Yoast SEO Premium plugin v26.5 (Yoast SEO v26.5) - https:\/\/yoast.com\/wordpress\/plugins\/seo\/ -->\n<title>Raw Organic Lifebar In Choco Cacao Nibs Vanilla - Lifefood<\/title>\n<meta name=\"description\" content=\"Une combinaison populaire de f\u00e8ves de cacao brutes non torr\u00e9fi\u00e9es avec de la vanille et de la noix de muscade enrob\u00e9es de chocolat biologique cru Lifefood.\" \/>\n<meta name=\"robots\" content=\"index, follow, max-snippet:-1, max-image-preview:large, max-video-preview:-1\" \/>\n<link rel=\"canonical\" href=\"https:\/\/dutchhealthstore.com\/fr\/product\/raw-organic-lifebar-inchoco-cacao-nibs-vanille\/\" \/>\n<meta property=\"og:locale\" content=\"fr_FR\" \/>\n<meta property=\"og:type\" content=\"article\" \/>\n<meta property=\"og:title\" content=\"Raw Organic Lifebar In Choco Cacao Nibs Vanilla - Dutch Health Store\" \/>\n<meta property=\"og:description\" content=\"Une combinaison populaire de f\u00e8ves de cacao brutes non torr\u00e9fi\u00e9es avec de la vanille et de la noix de muscade enrob\u00e9es de chocolat biologique cru Lifefood.\" \/>\n<meta property=\"og:url\" content=\"https:\/\/dutchhealthstore.com\/fr\/product\/raw-organic-lifebar-inchoco-cacao-nibs-vanille\/\" \/>\n<meta property=\"og:site_name\" content=\"Dutch Health Store\" \/>\n<meta property=\"article:publisher\" content=\"https:\/\/www.instagram.com\/dutchhealthstore\/\" \/>\n<meta property=\"article:modified_time\" content=\"2025-12-02T10:08:30+00:00\" \/>\n<meta property=\"og:image\" content=\"https:\/\/dutchhealthstore.com\/wp-content\/uploads\/2020\/11\/lifefood-lifebar-vanilla.jpg\" \/>\n\t<meta property=\"og:image:width\" content=\"530\" \/>\n\t<meta property=\"og:image:height\" content=\"530\" \/>\n\t<meta property=\"og:image:type\" content=\"image\/jpeg\" \/>\n<meta name=\"twitter:card\" content=\"summary_large_image\" \/>\n<meta name=\"twitter:label1\" content=\"Prix\" \/>\n\t<meta name=\"twitter:data1\" content=\"&euro;2,20\" \/>\n\t<meta name=\"twitter:label2\" content=\"Disponibilit\u00e9\" \/>\n\t<meta name=\"twitter:data2\" content=\"En stock\" \/>\n<script type=\"application\/ld+json\" class=\"yoast-schema-graph\">{\"@context\":\"https:\/\/schema.org\",\"@graph\":[{\"@type\":\"WebPage\",\"@id\":\"https:\/\/dutchhealthstore.com\/fr\/product\/raw-organic-lifebar-inchoco-cacao-nibs-vanille\/\",\"url\":\"https:\/\/dutchhealthstore.com\/fr\/product\/raw-organic-lifebar-inchoco-cacao-nibs-vanille\/\",\"name\":\"Raw Organic Lifebar In Choco Cacao Nibs Vanilla - Lifefood\",\"isPartOf\":{\"@id\":\"https:\/\/dutchhealthstore.com\/fr\/#website\"},\"primaryImageOfPage\":{\"@id\":\"https:\/\/dutchhealthstore.com\/fr\/product\/raw-organic-lifebar-inchoco-cacao-nibs-vanille\/#primaryimage\"},\"image\":{\"@id\":\"https:\/\/dutchhealthstore.com\/fr\/product\/raw-organic-lifebar-inchoco-cacao-nibs-vanille\/#primaryimage\"},\"thumbnailUrl\":\"https:\/\/dutchhealthstore.com\/wp-content\/uploads\/2020\/11\/lifefood-lifebar-vanilla.jpg\",\"datePublished\":\"2020-11-06T07:04:00+00:00\",\"dateModified\":\"2025-12-02T10:08:30+00:00\",\"description\":\"Une combinaison populaire de f\u00e8ves de cacao brutes non torr\u00e9fi\u00e9es avec de la vanille et de la noix de muscade enrob\u00e9es de chocolat biologique cru Lifefood.\",\"breadcrumb\":{\"@id\":\"https:\/\/dutchhealthstore.com\/fr\/product\/raw-organic-lifebar-inchoco-cacao-nibs-vanille\/#breadcrumb\"},\"inLanguage\":\"fr-FR\",\"potentialAction\":[{\"@type\":\"ReadAction\",\"target\":[\"https:\/\/dutchhealthstore.com\/fr\/product\/raw-organic-lifebar-inchoco-cacao-nibs-vanille\/\"]}]},{\"@type\":\"ImageObject\",\"inLanguage\":\"fr-FR\",\"@id\":\"https:\/\/dutchhealthstore.com\/fr\/product\/raw-organic-lifebar-inchoco-cacao-nibs-vanille\/#primaryimage\",\"url\":\"https:\/\/dutchhealthstore.com\/wp-content\/uploads\/2020\/11\/lifefood-lifebar-vanilla.jpg\",\"contentUrl\":\"https:\/\/dutchhealthstore.com\/wp-content\/uploads\/2020\/11\/lifefood-lifebar-vanilla.jpg\",\"width\":530,\"height\":530,\"caption\":\"lifefood-lifebar-vanilla\"},{\"@type\":\"BreadcrumbList\",\"@id\":\"https:\/\/dutchhealthstore.com\/fr\/product\/raw-organic-lifebar-inchoco-cacao-nibs-vanille\/#breadcrumb\",\"itemListElement\":[{\"@type\":\"ListItem\",\"position\":1,\"name\":\"Home\",\"item\":\"https:\/\/dutchhealthstore.com\/fr\/\"},{\"@type\":\"ListItem\",\"position\":2,\"name\":\"Shop\",\"item\":\"https:\/\/dutchhealthstore.com\/fr\/shop\/\"},{\"@type\":\"ListItem\",\"position\":3,\"name\":\"Raw Organic Lifebar In Choco Cacao Nibs Vanilla\"}]},{\"@type\":\"WebSite\",\"@id\":\"https:\/\/dutchhealthstore.com\/fr\/#website\",\"url\":\"https:\/\/dutchhealthstore.com\/fr\/\",\"name\":\"Dutch Health Store\",\"description\":\"Enhance Your Beauty with Organic &amp; Natural Skincare\",\"publisher\":{\"@id\":\"https:\/\/dutchhealthstore.com\/fr\/#organization\"},\"potentialAction\":[{\"@type\":\"SearchAction\",\"target\":{\"@type\":\"EntryPoint\",\"urlTemplate\":\"https:\/\/dutchhealthstore.com\/fr\/?s={search_term_string}\"},\"query-input\":{\"@type\":\"PropertyValueSpecification\",\"valueRequired\":true,\"valueName\":\"search_term_string\"}}],\"inLanguage\":\"fr-FR\"},{\"@type\":\"Organization\",\"@id\":\"https:\/\/dutchhealthstore.com\/fr\/#organization\",\"name\":\"Dutch Health Store\",\"url\":\"https:\/\/dutchhealthstore.com\/fr\/\",\"logo\":{\"@type\":\"ImageObject\",\"inLanguage\":\"fr-FR\",\"@id\":\"https:\/\/dutchhealthstore.com\/fr\/#\/schema\/logo\/image\/\",\"url\":\"https:\/\/dutchhealthstore.com\/wp-content\/uploads\/2020\/08\/logo-dutchhealthstore-jpg-e1599484957574.jpg\",\"contentUrl\":\"https:\/\/dutchhealthstore.com\/wp-content\/uploads\/2020\/08\/logo-dutchhealthstore-jpg-e1599484957574.jpg\",\"width\":400,\"height\":62,\"caption\":\"Dutch Health Store\"},\"image\":{\"@id\":\"https:\/\/dutchhealthstore.com\/fr\/#\/schema\/logo\/image\/\"},\"sameAs\":[\"https:\/\/www.instagram.com\/dutchhealthstore\/\",\"https:\/\/www.facebook.com\/dutchhealthstore\"]}]}<\/script>\n<meta property=\"product:brand\" content=\"Lifefood\" \/>\n<meta property=\"product:price:amount\" content=\"2.20\" \/>\n<meta property=\"product:price:currency\" content=\"EUR\" \/>\n<meta property=\"og:availability\" content=\"instock\" \/>\n<meta property=\"product:availability\" content=\"instock\" \/>\n<meta property=\"product:condition\" content=\"new\" \/>\n<!-- \/ Yoast SEO Premium plugin. -->","yoast_head_json":{"title":"Raw Organic Lifebar In Choco Cacao Nibs Vanilla - Lifefood","description":"Une combinaison populaire de f\u00e8ves de cacao brutes non torr\u00e9fi\u00e9es avec de la vanille et de la noix de muscade enrob\u00e9es de chocolat biologique cru Lifefood.","robots":{"index":"index","follow":"follow","max-snippet":"max-snippet:-1","max-image-preview":"max-image-preview:large","max-video-preview":"max-video-preview:-1"},"canonical":"https:\/\/dutchhealthstore.com\/fr\/product\/raw-organic-lifebar-inchoco-cacao-nibs-vanille\/","og_locale":"fr_FR","og_type":"article","og_title":"Raw Organic Lifebar In Choco Cacao Nibs Vanilla - Dutch Health Store","og_description":"Une combinaison populaire de f\u00e8ves de cacao brutes non torr\u00e9fi\u00e9es avec de la vanille et de la noix de muscade enrob\u00e9es de chocolat biologique cru Lifefood.","og_url":"https:\/\/dutchhealthstore.com\/fr\/product\/raw-organic-lifebar-inchoco-cacao-nibs-vanille\/","og_site_name":"Dutch Health Store","article_publisher":"https:\/\/www.instagram.com\/dutchhealthstore\/","article_modified_time":"2025-12-02T10:08:30+00:00","og_image":[{"width":530,"height":530,"url":"https:\/\/dutchhealthstore.com\/wp-content\/uploads\/2020\/11\/lifefood-lifebar-vanilla.jpg","type":"image\/jpeg"}],"twitter_card":"summary_large_image","twitter_misc":{"Prix":"&euro;2,20","Disponibilit\u00e9":"En stock"},"schema":{"@context":"https:\/\/schema.org","@graph":[{"@type":"WebPage","@id":"https:\/\/dutchhealthstore.com\/fr\/product\/raw-organic-lifebar-inchoco-cacao-nibs-vanille\/","url":"https:\/\/dutchhealthstore.com\/fr\/product\/raw-organic-lifebar-inchoco-cacao-nibs-vanille\/","name":"Raw Organic Lifebar In Choco Cacao Nibs Vanilla - Lifefood","isPartOf":{"@id":"https:\/\/dutchhealthstore.com\/fr\/#website"},"primaryImageOfPage":{"@id":"https:\/\/dutchhealthstore.com\/fr\/product\/raw-organic-lifebar-inchoco-cacao-nibs-vanille\/#primaryimage"},"image":{"@id":"https:\/\/dutchhealthstore.com\/fr\/product\/raw-organic-lifebar-inchoco-cacao-nibs-vanille\/#primaryimage"},"thumbnailUrl":"https:\/\/dutchhealthstore.com\/wp-content\/uploads\/2020\/11\/lifefood-lifebar-vanilla.jpg","datePublished":"2020-11-06T07:04:00+00:00","dateModified":"2025-12-02T10:08:30+00:00","description":"Une combinaison populaire de f\u00e8ves de cacao brutes non torr\u00e9fi\u00e9es avec de la vanille et de la noix de muscade enrob\u00e9es de chocolat biologique cru Lifefood.","breadcrumb":{"@id":"https:\/\/dutchhealthstore.com\/fr\/product\/raw-organic-lifebar-inchoco-cacao-nibs-vanille\/#breadcrumb"},"inLanguage":"fr-FR","potentialAction":[{"@type":"ReadAction","target":["https:\/\/dutchhealthstore.com\/fr\/product\/raw-organic-lifebar-inchoco-cacao-nibs-vanille\/"]}]},{"@type":"ImageObject","inLanguage":"fr-FR","@id":"https:\/\/dutchhealthstore.com\/fr\/product\/raw-organic-lifebar-inchoco-cacao-nibs-vanille\/#primaryimage","url":"https:\/\/dutchhealthstore.com\/wp-content\/uploads\/2020\/11\/lifefood-lifebar-vanilla.jpg","contentUrl":"https:\/\/dutchhealthstore.com\/wp-content\/uploads\/2020\/11\/lifefood-lifebar-vanilla.jpg","width":530,"height":530,"caption":"lifefood-lifebar-vanilla"},{"@type":"BreadcrumbList","@id":"https:\/\/dutchhealthstore.com\/fr\/product\/raw-organic-lifebar-inchoco-cacao-nibs-vanille\/#breadcrumb","itemListElement":[{"@type":"ListItem","position":1,"name":"Home","item":"https:\/\/dutchhealthstore.com\/fr\/"},{"@type":"ListItem","position":2,"name":"Shop","item":"https:\/\/dutchhealthstore.com\/fr\/shop\/"},{"@type":"ListItem","position":3,"name":"Raw Organic Lifebar In Choco Cacao Nibs Vanilla"}]},{"@type":"WebSite","@id":"https:\/\/dutchhealthstore.com\/fr\/#website","url":"https:\/\/dutchhealthstore.com\/fr\/","name":"Dutch Health Store","description":"Enhance Your Beauty with Organic &amp; Natural Skincare","publisher":{"@id":"https:\/\/dutchhealthstore.com\/fr\/#organization"},"potentialAction":[{"@type":"SearchAction","target":{"@type":"EntryPoint","urlTemplate":"https:\/\/dutchhealthstore.com\/fr\/?s={search_term_string}"},"query-input":{"@type":"PropertyValueSpecification","valueRequired":true,"valueName":"search_term_string"}}],"inLanguage":"fr-FR"},{"@type":"Organization","@id":"https:\/\/dutchhealthstore.com\/fr\/#organization","name":"Dutch Health Store","url":"https:\/\/dutchhealthstore.com\/fr\/","logo":{"@type":"ImageObject","inLanguage":"fr-FR","@id":"https:\/\/dutchhealthstore.com\/fr\/#\/schema\/logo\/image\/","url":"https:\/\/dutchhealthstore.com\/wp-content\/uploads\/2020\/08\/logo-dutchhealthstore-jpg-e1599484957574.jpg","contentUrl":"https:\/\/dutchhealthstore.com\/wp-content\/uploads\/2020\/08\/logo-dutchhealthstore-jpg-e1599484957574.jpg","width":400,"height":62,"caption":"Dutch Health Store"},"image":{"@id":"https:\/\/dutchhealthstore.com\/fr\/#\/schema\/logo\/image\/"},"sameAs":["https:\/\/www.instagram.com\/dutchhealthstore\/","https:\/\/www.facebook.com\/dutchhealthstore"]}]},"product_brand":"Lifefood","product_price_amount":"2.20","product_price_currency":"EUR","og_availability":"instock","product_availability":"instock","product_condition":"new"},"_links":{"self":[{"href":"https:\/\/dutchhealthstore.com\/fr\/wp-json\/wp\/v2\/product\/132658","targetHints":{"allow":["GET"]}}],"collection":[{"href":"https:\/\/dutchhealthstore.com\/fr\/wp-json\/wp\/v2\/product"}],"about":[{"href":"https:\/\/dutchhealthstore.com\/fr\/wp-json\/wp\/v2\/types\/product"}],"replies":[{"embeddable":true,"href":"https:\/\/dutchhealthstore.com\/fr\/wp-json\/wp\/v2\/comments?post=132658"}],"wp:featuredmedia":[{"embeddable":true,"href":"https:\/\/dutchhealthstore.com\/fr\/wp-json\/wp\/v2\/media\/294092"}],"wp:attachment":[{"href":"https:\/\/dutchhealthstore.com\/fr\/wp-json\/wp\/v2\/media?parent=132658"}],"wp:term":[{"taxonomy":"product_brand","embeddable":true,"href":"https:\/\/dutchhealthstore.com\/fr\/wp-json\/wp\/v2\/product_brand?post=132658"},{"taxonomy":"product_cat","embeddable":true,"href":"https:\/\/dutchhealthstore.com\/fr\/wp-json\/wp\/v2\/product_cat?post=132658"},{"taxonomy":"product_tag","embeddable":true,"href":"https:\/\/dutchhealthstore.com\/fr\/wp-json\/wp\/v2\/product_tag?post=132658"}],"curies":[{"name":"wp","href":"https:\/\/api.w.org\/{rel}","templated":true}]}}