{"id":130028,"date":"2020-06-22T06:29:40","date_gmt":"2020-06-22T06:29:40","guid":{"rendered":"https:\/\/dutchhealthstore.com\/product\/jewel-dab\/"},"modified":"2025-10-23T15:36:09","modified_gmt":"2025-10-23T13:36:09","slug":"jewel-dab","status":"publish","type":"product","link":"https:\/\/dutchhealthstore.com\/fr\/product\/jewel-dab\/","title":{"rendered":"Jewel Dab"},"content":{"rendered":"<p><strong><img decoding=\"async\" class=\"size-full wp-image-69549 alignright\" src=\"https:\/\/dutchhealthstore.com\/wp-content\/uploads\/2019\/08\/NEW-Living-Libations-Logo.jpg\" alt=\"NEW - Living Libations - Logo\" width=\"175\" height=\"82\">J<\/strong><strong>e<\/strong><strong>w<\/strong><strong>e<\/strong><strong>l <\/strong><strong>Dab<\/strong> est cr\u00e9\u00e9 avec ces pierres pr\u00e9cieuses reconstituantes pour tonifier l&rsquo;apparence de la texture de la peau: Le ciste pour la r\u00e9g\u00e9n\u00e9ration, le bois de santal pour apaiser la s\u00e9cheresse, la myrrhe pour att\u00e9nuer les ridules, l&rsquo;immortelle pour renforcer l&rsquo;\u00e9lasticit\u00e9, la camomille pour att\u00e9nuer les poches, le palmarosa pour calmer les rougeurs, les graines de carotte pour att\u00e9nuer les cicatrices et le curcuma pour unifier le teint.<\/p>\n<h3>Comment utiliser<\/h3>\n<p>Il suffit d&rsquo;incliner le flacon pour lib\u00e9rer une goutte sur le bout de votre doigt et l&rsquo;appliquer directement sur la zone concern\u00e9e. Une petite touche suffira! A utiliser pur ou en tant que bel additif au S\u00e9rum Rose Glows, Best Skin Evers ou Soothsayer.<\/p>\n<p><strong>Taille: 5 ml et 15 ml<\/strong><\/p>\n<h3 class=\"yikes-custom-woo-tab-title yikes-custom-woo-tab-title-organic-ingrediens\">Ingr\u00e9dients Naturels\/Biologiques<\/h3>\n<p><strong>Ciste<\/strong> <em>(Cistus landaniferus)<\/em> &#8211; Ciste r\u00e9g\u00e9n\u00e9rante n&rsquo;est ni un rocher ni une rose; c&rsquo;est une fleur sauvage m\u00e9diterran\u00e9enne qui ressemble aux roses sauvages. L&rsquo;affinit\u00e9 du ciste pour les soins de la peau \u00e9tait reconnue par les \u00c9gyptiens de l&rsquo;Antiquit\u00e9 qui le m\u00e9langeaient \u00e0 des cr\u00e8mes de beaut\u00e9. Elle \u00e9tait un ingr\u00e9dient cl\u00e9 de leurs onguents et pommades pour les d\u00e9s\u00e9quilibres cutan\u00e9s en raison de sa nature tonifiante et rajeunissante. Les peaux s\u00e8ches, ternes et apathiques appr\u00e9cieront les propri\u00e9t\u00e9s tonifiantes et hydratantes de cette huile.<\/p>\n<p><strong>Bois de santal<\/strong> <em>(Santalum album)<\/em> &#8211; Le bois de santal succulent est l&rsquo;antidote parfait pour les peaux gorg\u00e9es de soleil, chaudes et d\u00e9shydrat\u00e9es. Il aide la peau \u00e0 mieux retenir l&rsquo;humidit\u00e9, r\u00e9duit l&rsquo;apparence des cicatrices et des taches de vieillesse, et purifie les pores. Le bois de santal est une huile ancienne pour le corps et le visage, appr\u00e9ci\u00e9e comme un tonique calmant et apaisant. L&rsquo;essence parfum\u00e9e au miel et au sirop rassasie les peaux s\u00e8ches et sensibles.<\/p>\n<p><strong>Myrrhe<\/strong> <em>(Commiphora myrrha)<\/em> &#8211; L&rsquo;essence de myrrhe Munificent Myrrh contient le m\u00eame ar\u00f4me et les m\u00eames propri\u00e9t\u00e9s curatives qui en ont fait la pr\u00e9f\u00e9r\u00e9e de tant de civilisations anciennes. Les \u00c9gyptiens de l&rsquo;Antiquit\u00e9 utilisaient l&rsquo;huile de myrrhe pour embaumer et comme onguent de beaut\u00e9, agent de d\u00e9sintoxication et parfum odorant. Il \u00e9tait consid\u00e9r\u00e9 comme sacr\u00e9 \u00e0 l&rsquo;\u00e9poque biblique. Ils oignaient les autels avec cette s\u00e8ve puissante comme l&rsquo;incarnation de la puret\u00e9. La myrrhe est utilis\u00e9e depuis plus de 3800 ans comme une puissante plante de restauration pour les soins de la peau. Avec des niveaux \u00e9lev\u00e9s de sesquiterp\u00e8nes apaisants, la myrrhe est une huile optimale pour r\u00e9duire l&rsquo;apparence des cicatrices, des taches, du m\u00e9lasma rouge, de la peau s\u00e8che, terne et in\u00e9gale. Cette opulente ol\u00e9or\u00e9sine est magnifique dans les huiles de bain de soleil et glorieuse pour une peau \u00e9clatante.<\/p>\n<p><strong>Immortelle<\/strong> <em>(Helichrysum italicum)<\/em> &#8211; L&rsquo;Immortelle \u00e9ternelle est stellaire et rayonne de fa\u00e7on divine pour tous les types de soins de la peau. Cette huile florale parfum\u00e9e est fabriqu\u00e9e de mani\u00e8re sauvage sur l&rsquo;\u00eele de Corse, o\u00f9 les fleurs prosp\u00e8rent gr\u00e2ce aux brises de l&rsquo;oc\u00e9an et au soleil. Les fleurs poussent \u00e0 une altitude de 4 000 pieds sur les falaises rocheuses de la campagne. L&rsquo;immortelle aide \u00e0 att\u00e9nuer l&rsquo;apparence des cicatrices, des taches, du m\u00e9lasme, des rougeurs et des ridules. Ce bijou d&rsquo;huile aux multiples facettes est \u00e9galement stimulant sur le plan \u00e9motionnel.<\/p>\n<p><strong>Camomille<\/strong><em> (Anthemis nobilis)<\/em> &#8211; L&rsquo;huile essentielle de camomille r\u00e9confortante est distill\u00e9e \u00e0 la vapeur \u00e0 partir des d\u00e9licats petits p\u00e9tales de fleurs de camomille fran\u00e7aise. Cette fleur, r\u00e9put\u00e9e pour sa caresse apaisante, est \u00e9galement connue sous le nom de camomille romaine. Sa douce gr\u00e2ce \u00e9tait v\u00e9n\u00e9r\u00e9e par les anciens \u00c9gyptiens, les Maures et les Saxons comme un \u00e9lixir sacr\u00e9 digne des anges. Cette essence est riche en esters apaisants, ce qui en fait l&rsquo;huile la plus douce pour apaiser une peau indisciplin\u00e9e.<\/p>\n<p><strong>Palmarosa<\/strong> <em>(Cymbopogon martini)<\/em> &#8211; Agr\u00e9able le palmarosa est distill\u00e9 \u00e0 partir d&rsquo;une herbe tropicale odorante, ce qui donne une huile aromatique qui sent la rose citronn\u00e9e et le g\u00e9ranium et qui est tout simplement splendide pour le nez! Ce formidable rajeunisseur de peau, riche en puissants monoterp\u00e9nols, en esters \u00e9mollients, en linalol affectueux et en g\u00e9raniols g\u00e9n\u00e9reux, \u00e9quilibre les huiles de la peau et purifie les pores.<\/p>\n<p><strong>Graines de carotte<\/strong> <em>(Daucus carota)<\/em> &#8211; La dentelle de la reine Anne oint votre visage d&rsquo;une gr\u00e2ce royale. L&rsquo;huile de carotte \u00e9quilibre la production d&rsquo;huile dans des proportions parfaites, quel que soit l&rsquo;\u00e9tat actuel de votre peau. Les peaux huile, s\u00e8ches et mixtes peuvent toutes b\u00e9n\u00e9ficier du pouvoir de manne hydratante des graines de carotte.<\/p>\n<p><strong>Curcuma<\/strong> <em>(Curcuma longa)<\/em> &#8211; L&rsquo;extrait de curcuma est un tonique d&rsquo;or pour la peau. Gr\u00e2ce \u00e0 l&rsquo;extraction supercritique, tous les compos\u00e9s lipophiles (qui aiment l&rsquo;huile) du curcuma sont captur\u00e9s \u00e0 partir des racines de la plante. Ce processus d&rsquo;extraction sp\u00e9cial permet de capturer beaucoup plus d&rsquo;huiles volatiles aromatiques, de lipides et de couleurs qu&rsquo;une herbe en poudre typique. L&rsquo;essence d&rsquo;huile de curcuma est riche en nutriments.<\/p>\n<p><img fetchpriority=\"high\" decoding=\"async\" class=\"size-medium wp-image-68103 aligncenter\" src=\"https:\/\/dutchhealthstore.com\/wp-content\/uploads\/2018\/02\/Living-Libations-Organic-Logo-800x89.png\" alt=\"Living Libations - Organic Logo\" width=\"800\" height=\"89\" srcset=\"https:\/\/dutchhealthstore.com\/wp-content\/uploads\/2018\/02\/Living-Libations-Organic-Logo-800x89.png 800w, https:\/\/dutchhealthstore.com\/wp-content\/uploads\/2018\/02\/Living-Libations-Organic-Logo-510x57.png 510w, https:\/\/dutchhealthstore.com\/wp-content\/uploads\/2018\/02\/Living-Libations-Organic-Logo-768x85.png 768w, https:\/\/dutchhealthstore.com\/wp-content\/uploads\/2018\/02\/Living-Libations-Organic-Logo.png 1400w\" sizes=\"(max-width: 800px) 100vw, 800px\" \/><\/p>\n","protected":false},"excerpt":{"rendered":"<p>Le joyau de la couronne de notre famille DewDab est <strong>Living Libations Jewel Dab<\/strong>, un chr\u00eame concentr\u00e9 cr\u00e9\u00e9 pour restaurer, revitaliser et r\u00e9tablir l&rsquo;\u00e9clat.<br \/>\nD\u00e9posez une gouttelette de bijou directement sur la peau, pour d\u00e9salt\u00e9rer les teints ternes, plaire aux peaux rugueuses et adoucir l&rsquo;apparence des cicatrices, des vergetures et d\u00e9tendre les rougeurs.<\/p>\n","protected":false},"featured_media":108149,"comment_status":"open","ping_status":"closed","template":"","meta":[],"product_brand":[],"product_cat":[6734,1211,3756,6746,1209,6733],"product_tag":[6235,6314,21531,4864,21358],"class_list":{"0":"post-130028","1":"product","2":"type-product","3":"status-publish","4":"has-post-thumbnail","6":"product_cat-essential-oils","7":"product_cat-living-libations-france","8":"product_cat-melanges","9":"product_cat-essential-oil-blends-fr-2","10":"product_cat-par-marques","11":"product_cat-wellness-fr-2","12":"product_tag-balm-fr","13":"product_tag-glow-fr","14":"product_tag-reparation","15":"product_tag-skin-fr","16":"product_tag-soins-du-visage","17":"pa_brand-livinglibations-fr","18":"pa_essential-oils-product-type-essential-oil-blends-fr","19":"pa_gtin-7439657380396-fr","20":"pa_size-5-ml-fr","21":"pa_size-15-ml-fr","23":"first","24":"instock","25":"taxable","26":"shipping-taxable","27":"purchasable","28":"product-type-variable"},"bundled_by":[],"bundle_stock_status":"instock","bundle_stock_quantity":null,"bundle_virtual":false,"bundle_layout":"","bundle_add_to_cart_form_location":"","bundle_editable_in_cart":false,"bundle_sold_individually_context":"","bundle_item_grouping":"","bundle_min_size":"","bundle_max_size":"","bundle_price":[],"bundled_items":[],"bundle_sell_ids":[],"atum_controlled":true,"out_stock_date":null,"out_stock_threshold":null,"inheritable":true,"stock_on_hold":0,"sold_today":0,"sales_last_days":0,"out_stock_days":0,"lost_sales":0,"update_date":"2026-04-09T01:48:49","atum_locations":[],"atum_stock_status":"instock","restock_status":false,"low_stock_amount":"","sales_update_date":"2026-04-09T01:48:49","calc_backorders":null,"group_of_quantity":0,"min_quantity":0,"max_quantity":"","exclude_order_quantity_value_rules":"no","exclude_category_quantity_rules":"no","combine_variations":"no","yoast_head":"<!-- This site is optimized with the Yoast SEO Premium plugin v26.5 (Yoast SEO v26.5) - https:\/\/yoast.com\/wordpress\/plugins\/seo\/ -->\n<title>Jewel Dab | Living Libations<\/title>\n<meta name=\"description\" content=\"Le joyau de la couronne de notre famille DewDab est Living Libations Jewel Dab, un chr\u00eame concentr\u00e9 cr\u00e9\u00e9 pour restaurer, revitaliser et r\u00e9tablir l&#039;\u00e9clat.\" \/>\n<meta name=\"robots\" content=\"index, follow, max-snippet:-1, max-image-preview:large, max-video-preview:-1\" \/>\n<link rel=\"canonical\" href=\"https:\/\/dutchhealthstore.com\/fr\/product\/jewel-dab\/\" \/>\n<meta property=\"og:locale\" content=\"fr_FR\" \/>\n<meta property=\"og:type\" content=\"article\" \/>\n<meta property=\"og:title\" content=\"Jewel Dab - Dutch Health Store\" \/>\n<meta property=\"og:description\" content=\"Le joyau de la couronne de notre famille DewDab est Living Libations Jewel Dab, un chr\u00eame concentr\u00e9 cr\u00e9\u00e9 pour restaurer, revitaliser et r\u00e9tablir l&#039;\u00e9clat.\" \/>\n<meta property=\"og:url\" content=\"https:\/\/dutchhealthstore.com\/fr\/product\/jewel-dab\/\" \/>\n<meta property=\"og:site_name\" content=\"Dutch Health Store\" \/>\n<meta property=\"article:publisher\" content=\"https:\/\/www.instagram.com\/dutchhealthstore\/\" \/>\n<meta property=\"article:modified_time\" content=\"2025-10-23T13:36:09+00:00\" \/>\n<meta property=\"og:image\" content=\"https:\/\/dutchhealthstore.com\/wp-content\/uploads\/2020\/06\/living-libations-jewel-dab-e1592807108521.jpg\" \/>\n\t<meta property=\"og:image:width\" content=\"500\" \/>\n\t<meta property=\"og:image:height\" content=\"500\" \/>\n\t<meta property=\"og:image:type\" content=\"image\/jpeg\" \/>\n<meta name=\"twitter:card\" content=\"summary_large_image\" \/>\n<meta name=\"twitter:label1\" content=\"Disponibilit\u00e9\" \/>\n\t<meta name=\"twitter:data1\" content=\"En stock\" \/>\n<script type=\"application\/ld+json\" class=\"yoast-schema-graph\">{\"@context\":\"https:\/\/schema.org\",\"@graph\":[{\"@type\":\"WebPage\",\"@id\":\"https:\/\/dutchhealthstore.com\/fr\/product\/jewel-dab\/\",\"url\":\"https:\/\/dutchhealthstore.com\/fr\/product\/jewel-dab\/\",\"name\":\"Jewel Dab | Living Libations\",\"isPartOf\":{\"@id\":\"https:\/\/dutchhealthstore.com\/fr\/#website\"},\"primaryImageOfPage\":{\"@id\":\"https:\/\/dutchhealthstore.com\/fr\/product\/jewel-dab\/#primaryimage\"},\"image\":{\"@id\":\"https:\/\/dutchhealthstore.com\/fr\/product\/jewel-dab\/#primaryimage\"},\"thumbnailUrl\":\"https:\/\/dutchhealthstore.com\/wp-content\/uploads\/2020\/06\/living-libations-jewel-dab-e1592807108521.jpg\",\"datePublished\":\"2020-06-22T06:29:40+00:00\",\"dateModified\":\"2025-10-23T13:36:09+00:00\",\"description\":\"Le joyau de la couronne de notre famille DewDab est Living Libations Jewel Dab, un chr\u00eame concentr\u00e9 cr\u00e9\u00e9 pour restaurer, revitaliser et r\u00e9tablir l'\u00e9clat.\",\"breadcrumb\":{\"@id\":\"https:\/\/dutchhealthstore.com\/fr\/product\/jewel-dab\/#breadcrumb\"},\"inLanguage\":\"fr-FR\",\"potentialAction\":[{\"@type\":\"ReadAction\",\"target\":[\"https:\/\/dutchhealthstore.com\/fr\/product\/jewel-dab\/\"]}]},{\"@type\":\"ImageObject\",\"inLanguage\":\"fr-FR\",\"@id\":\"https:\/\/dutchhealthstore.com\/fr\/product\/jewel-dab\/#primaryimage\",\"url\":\"https:\/\/dutchhealthstore.com\/wp-content\/uploads\/2020\/06\/living-libations-jewel-dab-e1592807108521.jpg\",\"contentUrl\":\"https:\/\/dutchhealthstore.com\/wp-content\/uploads\/2020\/06\/living-libations-jewel-dab-e1592807108521.jpg\",\"width\":500,\"height\":500},{\"@type\":\"BreadcrumbList\",\"@id\":\"https:\/\/dutchhealthstore.com\/fr\/product\/jewel-dab\/#breadcrumb\",\"itemListElement\":[{\"@type\":\"ListItem\",\"position\":1,\"name\":\"Home\",\"item\":\"https:\/\/dutchhealthstore.com\/fr\/\"},{\"@type\":\"ListItem\",\"position\":2,\"name\":\"Shop\",\"item\":\"https:\/\/dutchhealthstore.com\/fr\/shop\/\"},{\"@type\":\"ListItem\",\"position\":3,\"name\":\"Jewel Dab\"}]},{\"@type\":\"WebSite\",\"@id\":\"https:\/\/dutchhealthstore.com\/fr\/#website\",\"url\":\"https:\/\/dutchhealthstore.com\/fr\/\",\"name\":\"Dutch Health Store\",\"description\":\"Enhance Your Beauty with Organic &amp; Natural Skincare\",\"publisher\":{\"@id\":\"https:\/\/dutchhealthstore.com\/fr\/#organization\"},\"potentialAction\":[{\"@type\":\"SearchAction\",\"target\":{\"@type\":\"EntryPoint\",\"urlTemplate\":\"https:\/\/dutchhealthstore.com\/fr\/?s={search_term_string}\"},\"query-input\":{\"@type\":\"PropertyValueSpecification\",\"valueRequired\":true,\"valueName\":\"search_term_string\"}}],\"inLanguage\":\"fr-FR\"},{\"@type\":\"Organization\",\"@id\":\"https:\/\/dutchhealthstore.com\/fr\/#organization\",\"name\":\"Dutch Health Store\",\"url\":\"https:\/\/dutchhealthstore.com\/fr\/\",\"logo\":{\"@type\":\"ImageObject\",\"inLanguage\":\"fr-FR\",\"@id\":\"https:\/\/dutchhealthstore.com\/fr\/#\/schema\/logo\/image\/\",\"url\":\"https:\/\/dutchhealthstore.com\/wp-content\/uploads\/2020\/08\/logo-dutchhealthstore-jpg-e1599484957574.jpg\",\"contentUrl\":\"https:\/\/dutchhealthstore.com\/wp-content\/uploads\/2020\/08\/logo-dutchhealthstore-jpg-e1599484957574.jpg\",\"width\":400,\"height\":62,\"caption\":\"Dutch Health Store\"},\"image\":{\"@id\":\"https:\/\/dutchhealthstore.com\/fr\/#\/schema\/logo\/image\/\"},\"sameAs\":[\"https:\/\/www.instagram.com\/dutchhealthstore\/\",\"https:\/\/www.facebook.com\/dutchhealthstore\"]}]}<\/script>\n<meta property=\"product:brand\" content=\"Living Libations\" \/>\n<meta property=\"og:availability\" content=\"instock\" \/>\n<meta property=\"product:availability\" content=\"instock\" \/>\n<meta property=\"product:condition\" content=\"new\" \/>\n<!-- \/ Yoast SEO Premium plugin. -->","yoast_head_json":{"title":"Jewel Dab | Living Libations","description":"Le joyau de la couronne de notre famille DewDab est Living Libations Jewel Dab, un chr\u00eame concentr\u00e9 cr\u00e9\u00e9 pour restaurer, revitaliser et r\u00e9tablir l'\u00e9clat.","robots":{"index":"index","follow":"follow","max-snippet":"max-snippet:-1","max-image-preview":"max-image-preview:large","max-video-preview":"max-video-preview:-1"},"canonical":"https:\/\/dutchhealthstore.com\/fr\/product\/jewel-dab\/","og_locale":"fr_FR","og_type":"article","og_title":"Jewel Dab - Dutch Health Store","og_description":"Le joyau de la couronne de notre famille DewDab est Living Libations Jewel Dab, un chr\u00eame concentr\u00e9 cr\u00e9\u00e9 pour restaurer, revitaliser et r\u00e9tablir l'\u00e9clat.","og_url":"https:\/\/dutchhealthstore.com\/fr\/product\/jewel-dab\/","og_site_name":"Dutch Health Store","article_publisher":"https:\/\/www.instagram.com\/dutchhealthstore\/","article_modified_time":"2025-10-23T13:36:09+00:00","og_image":[{"width":500,"height":500,"url":"https:\/\/dutchhealthstore.com\/wp-content\/uploads\/2020\/06\/living-libations-jewel-dab-e1592807108521.jpg","type":"image\/jpeg"}],"twitter_card":"summary_large_image","twitter_misc":{"Disponibilit\u00e9":"En stock"},"schema":{"@context":"https:\/\/schema.org","@graph":[{"@type":"WebPage","@id":"https:\/\/dutchhealthstore.com\/fr\/product\/jewel-dab\/","url":"https:\/\/dutchhealthstore.com\/fr\/product\/jewel-dab\/","name":"Jewel Dab | Living Libations","isPartOf":{"@id":"https:\/\/dutchhealthstore.com\/fr\/#website"},"primaryImageOfPage":{"@id":"https:\/\/dutchhealthstore.com\/fr\/product\/jewel-dab\/#primaryimage"},"image":{"@id":"https:\/\/dutchhealthstore.com\/fr\/product\/jewel-dab\/#primaryimage"},"thumbnailUrl":"https:\/\/dutchhealthstore.com\/wp-content\/uploads\/2020\/06\/living-libations-jewel-dab-e1592807108521.jpg","datePublished":"2020-06-22T06:29:40+00:00","dateModified":"2025-10-23T13:36:09+00:00","description":"Le joyau de la couronne de notre famille DewDab est Living Libations Jewel Dab, un chr\u00eame concentr\u00e9 cr\u00e9\u00e9 pour restaurer, revitaliser et r\u00e9tablir l'\u00e9clat.","breadcrumb":{"@id":"https:\/\/dutchhealthstore.com\/fr\/product\/jewel-dab\/#breadcrumb"},"inLanguage":"fr-FR","potentialAction":[{"@type":"ReadAction","target":["https:\/\/dutchhealthstore.com\/fr\/product\/jewel-dab\/"]}]},{"@type":"ImageObject","inLanguage":"fr-FR","@id":"https:\/\/dutchhealthstore.com\/fr\/product\/jewel-dab\/#primaryimage","url":"https:\/\/dutchhealthstore.com\/wp-content\/uploads\/2020\/06\/living-libations-jewel-dab-e1592807108521.jpg","contentUrl":"https:\/\/dutchhealthstore.com\/wp-content\/uploads\/2020\/06\/living-libations-jewel-dab-e1592807108521.jpg","width":500,"height":500},{"@type":"BreadcrumbList","@id":"https:\/\/dutchhealthstore.com\/fr\/product\/jewel-dab\/#breadcrumb","itemListElement":[{"@type":"ListItem","position":1,"name":"Home","item":"https:\/\/dutchhealthstore.com\/fr\/"},{"@type":"ListItem","position":2,"name":"Shop","item":"https:\/\/dutchhealthstore.com\/fr\/shop\/"},{"@type":"ListItem","position":3,"name":"Jewel Dab"}]},{"@type":"WebSite","@id":"https:\/\/dutchhealthstore.com\/fr\/#website","url":"https:\/\/dutchhealthstore.com\/fr\/","name":"Dutch Health Store","description":"Enhance Your Beauty with Organic &amp; Natural Skincare","publisher":{"@id":"https:\/\/dutchhealthstore.com\/fr\/#organization"},"potentialAction":[{"@type":"SearchAction","target":{"@type":"EntryPoint","urlTemplate":"https:\/\/dutchhealthstore.com\/fr\/?s={search_term_string}"},"query-input":{"@type":"PropertyValueSpecification","valueRequired":true,"valueName":"search_term_string"}}],"inLanguage":"fr-FR"},{"@type":"Organization","@id":"https:\/\/dutchhealthstore.com\/fr\/#organization","name":"Dutch Health Store","url":"https:\/\/dutchhealthstore.com\/fr\/","logo":{"@type":"ImageObject","inLanguage":"fr-FR","@id":"https:\/\/dutchhealthstore.com\/fr\/#\/schema\/logo\/image\/","url":"https:\/\/dutchhealthstore.com\/wp-content\/uploads\/2020\/08\/logo-dutchhealthstore-jpg-e1599484957574.jpg","contentUrl":"https:\/\/dutchhealthstore.com\/wp-content\/uploads\/2020\/08\/logo-dutchhealthstore-jpg-e1599484957574.jpg","width":400,"height":62,"caption":"Dutch Health Store"},"image":{"@id":"https:\/\/dutchhealthstore.com\/fr\/#\/schema\/logo\/image\/"},"sameAs":["https:\/\/www.instagram.com\/dutchhealthstore\/","https:\/\/www.facebook.com\/dutchhealthstore"]}]},"product_brand":"Living Libations","og_availability":"instock","product_availability":"instock","product_condition":"new"},"_links":{"self":[{"href":"https:\/\/dutchhealthstore.com\/fr\/wp-json\/wp\/v2\/product\/130028","targetHints":{"allow":["GET"]}}],"collection":[{"href":"https:\/\/dutchhealthstore.com\/fr\/wp-json\/wp\/v2\/product"}],"about":[{"href":"https:\/\/dutchhealthstore.com\/fr\/wp-json\/wp\/v2\/types\/product"}],"replies":[{"embeddable":true,"href":"https:\/\/dutchhealthstore.com\/fr\/wp-json\/wp\/v2\/comments?post=130028"}],"wp:featuredmedia":[{"embeddable":true,"href":"https:\/\/dutchhealthstore.com\/fr\/wp-json\/wp\/v2\/media\/108149"}],"wp:attachment":[{"href":"https:\/\/dutchhealthstore.com\/fr\/wp-json\/wp\/v2\/media?parent=130028"}],"wp:term":[{"taxonomy":"product_brand","embeddable":true,"href":"https:\/\/dutchhealthstore.com\/fr\/wp-json\/wp\/v2\/product_brand?post=130028"},{"taxonomy":"product_cat","embeddable":true,"href":"https:\/\/dutchhealthstore.com\/fr\/wp-json\/wp\/v2\/product_cat?post=130028"},{"taxonomy":"product_tag","embeddable":true,"href":"https:\/\/dutchhealthstore.com\/fr\/wp-json\/wp\/v2\/product_tag?post=130028"}],"curies":[{"name":"wp","href":"https:\/\/api.w.org\/{rel}","templated":true}]}}