{"id":129974,"date":"2020-06-22T12:26:36","date_gmt":"2020-06-22T12:26:36","guid":{"rendered":"https:\/\/dutchhealthstore.com\/product\/jewel-dab-ozonated-beauty-balm\/"},"modified":"2026-04-13T12:07:59","modified_gmt":"2026-04-13T10:07:59","slug":"jewel-dab-ozonated-beauty-balm","status":"publish","type":"product","link":"https:\/\/dutchhealthstore.com\/fr\/product\/jewel-dab-ozonated-beauty-balm\/","title":{"rendered":"Jewel Dab Ozonated Beauty Balm"},"content":{"rendered":"<p><strong><img decoding=\"async\" class=\"size-full wp-image-69549 alignright\" src=\"https:\/\/dutchhealthstore.com\/wp-content\/uploads\/2019\/08\/NEW-Living-Libations-Logo.jpg\" alt=\"NEW - Living Libations - Logo\" width=\"175\" height=\"82\">Jewel Dab Ozonated Beauty Balm<\/strong> est un baume soyeux aux p\u00e9tales roses qui reconstitue, r\u00e9hydrate et rajeunit la peau gr\u00e2ce \u00e0 la cire de laurier, au jojoba, au ciste, au santal, \u00e0 la myrrhe, \u00e0 l&rsquo;immortelle, \u00e0 la camomille, au palmarosa, \u00e0 la graine de carotte et au curcuma. Une infusion d&rsquo;ozone permet d&rsquo;\u00e9quilibrer et de bannir la force vitale de l&rsquo;oxyg\u00e8ne pour une peau plus radieuse que jamais.<\/p>\n<p>Matin et soir, tamponnez une perle de baume sur la peau qui a besoin de soins particuliers.<\/p>\n<h3>Comprendre l&rsquo;ar\u00f4me de l&rsquo;ozone<\/h3>\n<p>Si vous ne connaissez pas l&rsquo;huile ozon\u00e9e, l&rsquo;odeur peut \u00eatre surprenante car elle rappelle l&rsquo;ar\u00f4me de l&rsquo;air charg\u00e9 pendant un orage. La plupart des gens aiment l&rsquo;ar\u00f4me frais charg\u00e9, tandis que d&rsquo;autres, au premier nez, le trouvent fort et inhabituel. Ces personnes trouvent cela plus agr\u00e9able apr\u00e8s avoir utilis\u00e9 l&rsquo;ozone pendant quelques jours. Chaque formule est agr\u00e9ment\u00e9e de la danse d\u00e9lectable des huiles essentielles aromatiques infus\u00e9es pour activer davantage l&rsquo;exp\u00e9rience olfactive et cutan\u00e9e.<\/p>\n<h3>Application<\/h3>\n<p>Apr\u00e8s le nettoyage, tamponnez une perle sur la peau rouge, s\u00e8che, rugueuse et terne. Peut \u00eatre utilis\u00e9 matin et soir. Fonctionne bien sous le maquillage des yeux, sur les sourcils et comme brillant \u00e0 l\u00e8vres aussi!<\/p>\n<p><strong>Taille : 6 ml<\/strong><\/p>\n<h3 class=\"yikes-custom-woo-tab-title yikes-custom-woo-tab-title-organic-ingredients\">Ingr\u00e9dients biologiques<\/h3>\n<p><strong>Jojoba ozon\u00e9<\/strong> (Simmondsia chinensis O3) &#8211; Le jojoba est enrichi d&rsquo;ozone pour recharger la peau! Lorsque l&rsquo;ozone est ajout\u00e9 au jojoba sain, un tout nouveau niveau d&rsquo;abondance est atteint. L&rsquo;oxyg\u00e8ne activ\u00e9, l&rsquo;ozone, est fabriqu\u00e9 en chargeant de l&rsquo;oxyg\u00e8ne pur (deux atomes d&rsquo;oxyg\u00e8ne &#8211; O2) pour devenir de l&rsquo;ozone pur (avec trois atomes d&rsquo;oxyg\u00e8ne &#8211; O3). Cet oxyg\u00e8ne fra\u00eechement activ\u00e9 est ensuite lentement infus\u00e9 dans le jojoba. Les bulles d&rsquo;ozone qui traversent le jojoba renforcent encore l&rsquo;huile en lui donnant une bouff\u00e9e d&rsquo;air frais qui insuffle la force vitale directement dans la peau. Le jojoba est la r\u00e9ponse du d\u00e9sert \u00e0 la s\u00e9cheresse. Vivant parmi les temp\u00eates de sable et les cactus, le jojoba \u00e9merge comme une oasis exub\u00e9rante et \u00e9molliente. Lorsque cet arbuste robuste cuit sous le soleil du d\u00e9sert, des perles d&rsquo;or liquide germent \u00e0 l&rsquo;int\u00e9rieur des graines de jojoba. Ces graines font jaillir une huile dor\u00e9e qui est extraite par pression \u00e0 froid pour donner un lipide super similaire au s\u00e9bum naturel de notre peau. En p\u00e9n\u00e9trant sans effort dans la peau, il transf\u00e8re des phytonutriments qui aident la peau \u00e0 conserver son hydratation et \u00e0 retrouver son \u00e9lasticit\u00e9. Brillamment b\u00e9n\u00e9fique pour la peau gr\u00e2ce \u00e0 son abondance de nutriments et de vitamine E tocoph\u00e9rols, le jojoba lubrifie comme une huile, mais il s&rsquo;agit en fait d&rsquo;une cire v\u00e9g\u00e9tale liquide, ce qui en fait un produit parfaitement adapt\u00e9 pour \u00e9quilibrer les peaux grasses car il r\u00e9gule le s\u00e9bum et purifie les pores. Riche et soyeux, le jojoba procure une hydratation longue dur\u00e9e.<\/p>\n<p><strong>Cire de laurier<\/strong> (Myrica pubescens) &#8211; Le charmant laurier cire po\u00e9tiquement vos joues et d\u00e9pose sur votre peau une couche respirante et aimante. Cette fine cire de fruit est une b\u00e9n\u00e9diction provenant de la baie d&rsquo;un arbuste \u00e0 feuilles persistantes qui pousse \u00e0 haute altitude dans les Andes.<\/p>\n<p><strong>Ciste<\/strong> (Cistus landiferus) &#8211; Le ciste n&rsquo;est ni une pierre ni une rose; c&rsquo;est une fleur sauvage m\u00e9diterran\u00e9enne qui ressemble aux roses sauvages. L&rsquo;affinit\u00e9 du ciste pour les soins de la peau \u00e9tait reconnue par les \u00c9gyptiens de l&rsquo;Antiquit\u00e9 qui le m\u00e9langeaient \u00e0 des cr\u00e8mes de beaut\u00e9. Elle \u00e9tait un ingr\u00e9dient cl\u00e9 de leurs onguents et pommades pour les d\u00e9s\u00e9quilibres cutan\u00e9s en raison de sa nature tonifiante et rajeunissante. Les peaux s\u00e8ches, ternes et apathiques appr\u00e9cieront les propri\u00e9t\u00e9s tonifiantes et hydratantes de cette huile.<\/p>\n<p><strong>Bois de santal<\/strong> (Santalum album) &#8211; Le somptueux bois de santal est l&rsquo;un des agents hydratants les plus magnifiques de la nature. Cette huile est utilis\u00e9e dans le monde entier depuis plus de 4 000 ans, notamment en Inde et dans le Pacifique Sud. L&rsquo;huile de bois de santal est r\u00e9put\u00e9e pour att\u00e9nuer l&rsquo;apparence du m\u00e9lasme, hydrater les peaux s\u00e8ches et apaiser la s\u00e9cheresse.<\/p>\n<p><strong>Myrrhe <\/strong>(Commiphora myrrha) &#8211; La magnifique essence de myrrhe contient le m\u00eame ar\u00f4me et les m\u00eames propri\u00e9t\u00e9s curatives qui en ont fait la pr\u00e9f\u00e9r\u00e9e de tant de civilisations anciennes. Les \u00c9gyptiens de l&rsquo;Antiquit\u00e9 utilisaient l&rsquo;huile de myrrhe pour embaumer et comme onguent de beaut\u00e9, agent de d\u00e9sintoxication et parfum odorant. Il \u00e9tait consid\u00e9r\u00e9 comme sacr\u00e9 \u00e0 l&rsquo;\u00e9poque biblique. Ils oignaient les autels avec cette s\u00e8ve puissante comme l&rsquo;incarnation de la puret\u00e9. La myrrhe est utilis\u00e9e depuis plus de 3800 ans comme une puissante plante de restauration pour les soins de la peau. Avec des niveaux \u00e9lev\u00e9s de sesquiterp\u00e8nes apaisants, la myrrhe est une huile optimale pour r\u00e9duire l&rsquo;apparence des cicatrices, des taches, du m\u00e9lasma rouge, de la peau s\u00e8che, terne et in\u00e9gale. Cette opulente ol\u00e9or\u00e9sine est magnifique dans les huiles de bain de soleil et glorieuse pour une peau \u00e9clatante.<\/p>\n<p><strong>Immortelle<\/strong> (Helichrysum italicum) &#8211; L&rsquo;Immortelle \u00e9ternelle est stellaire et rayonne de fa\u00e7on divine pour tous les types de soins de la peau. Cette huile florale parfum\u00e9e est fabriqu\u00e9e de mani\u00e8re sauvage sur l&rsquo;\u00eele de Corse, o\u00f9 les fleurs prosp\u00e8rent gr\u00e2ce aux brises de l&rsquo;oc\u00e9an et au soleil. Les fleurs poussent \u00e0 une altitude de 4 000 pieds sur les falaises rocheuses de la campagne. L&rsquo;immortelle aide \u00e0 att\u00e9nuer l&rsquo;apparence des cicatrices, des taches, du m\u00e9lasme, des rougeurs et des ridules. Ce bijou d&rsquo;huile aux multiples facettes est \u00e9galement stimulant sur le plan \u00e9motionnel.<\/p>\n<p><strong>Camomille<\/strong> (Anthemis nobilis) &#8211; L&rsquo;huile essentielle de camomille r\u00e9confortante est distill\u00e9e \u00e0 la vapeur d&rsquo;eau \u00e0 partir des d\u00e9licats p\u00e9tales diminu\u00e9s des fleurs de camomille fran\u00e7aise. Cette fleur, r\u00e9put\u00e9e pour sa caresse apaisante, est \u00e9galement connue sous le nom de camomille romaine. Sa douce gr\u00e2ce \u00e9tait v\u00e9n\u00e9r\u00e9e par les anciens \u00c9gyptiens, les Maures et les Saxons comme un \u00e9lixir sacr\u00e9 digne des anges. Cette essence est riche en propri\u00e9t\u00e9s apaisantes <i><em>esters<\/em><\/i> ce qui en fait l&rsquo;huile la plus douce pour apaiser une peau indisciplin\u00e9e.<\/p>\n<p><strong>Palmarosa<\/strong> (Cymbopogon martini) &#8211; Agr\u00e9able Le palmarosa est distill\u00e9 \u00e0 partir d&rsquo;une herbe tropicale odorante, ce qui donne une huile aromatique qui sent la rose citronn\u00e9e et le g\u00e9ranium et qui est tout simplement splendide pour le nez! Ce formidable rajeunisseur de peau, riche en puissants monoterp\u00e9nols, en esters \u00e9mollients, en linalol affectueux et en g\u00e9raniols g\u00e9n\u00e9reux, \u00e9quilibre les huiles de la peau et purifie les pores.<\/p>\n<p><strong>Curcuma <\/strong>(Curcuma longa) &#8211; L&rsquo;extrait de curcuma est un tonique d&rsquo;or pour la peau. Gr\u00e2ce \u00e0 l&rsquo;extraction supercritique, tous les compos\u00e9s lipophiles (qui aiment l&rsquo;huile) du curcuma sont captur\u00e9s \u00e0 partir des racines de la plante. Ce processus d&rsquo;extraction sp\u00e9cial permet de capturer beaucoup plus d&rsquo;huiles volatiles aromatiques, de lipides et de couleurs qu&rsquo;une herbe en poudre typique. L&rsquo;essence d&rsquo;huile de curcuma est riche en nutriments.<\/p>\n<p><strong>Graine de carotte <\/strong>(Daucus carota) &#8211; La carotte sauvage, \u00e9galement appel\u00e9e dentelle de la Reine Anne, illumine la peau et le visage par la gr\u00e2ce des sesquiterp\u00e8nes connus pour leurs adulations hautement reconstituantes. L&rsquo;essence de graines de carotte calmante est un ar\u00f4me bois\u00e9 l\u00e9g\u00e8rement sucr\u00e9 et inspirant, distill\u00e9 \u00e0 partir des graines des plantes \u00e0 fleurs sauvages. Cet \u00e9lixir cutan\u00e9 efficace am\u00e9liore l&rsquo;\u00e9lasticit\u00e9, favorise l&rsquo;apparence de la fermet\u00e9 et apporte un \u00e9quilibre aux peaux grasses et s\u00e8ches pour raviver les peaux s\u00e8ches, p\u00e2les et sujettes aux taches. Il affiche \u00ab\u00a0un effet revitalisant distinct sur les peaux souffrant d&rsquo;un manque de tonicit\u00e9\u00a0\u00bb.<\/p>\n<p><img fetchpriority=\"high\" decoding=\"async\" class=\"size-medium wp-image-68103 aligncenter\" src=\"https:\/\/dutchhealthstore.com\/wp-content\/uploads\/2018\/02\/Living-Libations-Organic-Logo-800x89.png\" alt=\"Living Libations - Organic Logo\" width=\"800\" height=\"89\" srcset=\"https:\/\/dutchhealthstore.com\/wp-content\/uploads\/2018\/02\/Living-Libations-Organic-Logo-800x89.png 800w, https:\/\/dutchhealthstore.com\/wp-content\/uploads\/2018\/02\/Living-Libations-Organic-Logo-510x57.png 510w, https:\/\/dutchhealthstore.com\/wp-content\/uploads\/2018\/02\/Living-Libations-Organic-Logo-768x85.png 768w, https:\/\/dutchhealthstore.com\/wp-content\/uploads\/2018\/02\/Living-Libations-Organic-Logo.png 1400w\" sizes=\"(max-width: 800px) 100vw, 800px\" \/><\/p>\n","protected":false},"excerpt":{"rendered":"<p>Living Libations<strong> Jewel Dab Ozonated Beauty Balm<\/strong> conf\u00e8re \u00e0 notre Crown Jewel Dew l&rsquo;opulence de l&rsquo;ozone. Couronnez votre teint avec cette ros\u00e9e de bijoux ozon\u00e9e pour revitaliser l&rsquo;\u00e9clat.<br \/>\nInfus\u00e9 d&rsquo;oxyg\u00e8ne actif, ce baume de beaut\u00e9 fleuri et ros\u00e9 se fond dans la peau pour att\u00e9nuer les rougeurs, adoucir l&rsquo;apparence des cicatrices et \u00e9claircir les peaux ternes et d\u00e9shydrat\u00e9es.<\/p>\n","protected":false},"featured_media":359727,"comment_status":"open","ping_status":"closed","template":"","meta":[],"product_brand":[],"product_cat":[1211,3756,1209,4040],"product_tag":[6235,6314,21531,4864,21358],"class_list":{"0":"post-129974","1":"product","2":"type-product","3":"status-publish","4":"has-post-thumbnail","6":"product_cat-living-libations-france","7":"product_cat-melanges","8":"product_cat-par-marques","9":"product_cat-traitements-de-taches","10":"product_tag-balm-fr","11":"product_tag-glow-fr","12":"product_tag-reparation","13":"product_tag-skin-fr","14":"product_tag-soins-du-visage","15":"pa_brand-livinglibations-fr","16":"pa_gtin-7439657380358-fr","17":"pa_size-6-ml-fr","19":"first","20":"instock","21":"taxable","22":"shipping-taxable","23":"purchasable","24":"product-type-simple"},"bundled_by":[],"bundle_stock_status":"instock","bundle_stock_quantity":6,"bundle_virtual":false,"bundle_layout":"","bundle_add_to_cart_form_location":"","bundle_editable_in_cart":false,"bundle_sold_individually_context":"","bundle_item_grouping":"","bundle_min_size":"","bundle_max_size":"","bundle_price":[],"bundled_items":[],"bundle_sell_ids":[230770],"atum_controlled":true,"out_stock_date":null,"out_stock_threshold":null,"inheritable":false,"stock_on_hold":0,"sold_today":0,"sales_last_days":1,"out_stock_days":1,"lost_sales":6,"update_date":"2026-04-13T13:42:21","atum_locations":[],"atum_stock_status":"instock","restock_status":false,"low_stock_amount":"","sales_update_date":"2026-04-13T13:42:21","calc_backorders":null,"group_of_quantity":0,"min_quantity":0,"max_quantity":"","exclude_order_quantity_value_rules":"no","exclude_category_quantity_rules":"no","combine_variations":"no","yoast_head":"<!-- This site is optimized with the Yoast SEO Premium plugin v26.5 (Yoast SEO v26.5) - https:\/\/yoast.com\/wordpress\/plugins\/seo\/ -->\n<title>Jewel Dab Ozonated Beauty Balm | Living Libations<\/title>\n<meta name=\"description\" content=\"Living Libations Jewel Dab Ozonated Beauty Balm conf\u00e8re \u00e0 notre Crown Jewel Dew l&#039;opulence de l&#039;ozone.\" \/>\n<meta name=\"robots\" content=\"index, follow, max-snippet:-1, max-image-preview:large, max-video-preview:-1\" \/>\n<link rel=\"canonical\" href=\"https:\/\/dutchhealthstore.com\/fr\/product\/jewel-dab-ozonated-beauty-balm\/\" \/>\n<meta property=\"og:locale\" content=\"fr_FR\" \/>\n<meta property=\"og:type\" content=\"article\" \/>\n<meta property=\"og:title\" content=\"Jewel Dab Ozonated Beauty Balm - Dutch Health Store\" \/>\n<meta property=\"og:description\" content=\"Living Libations Jewel Dab Ozonated Beauty Balm conf\u00e8re \u00e0 notre Crown Jewel Dew l&#039;opulence de l&#039;ozone.\" \/>\n<meta property=\"og:url\" content=\"https:\/\/dutchhealthstore.com\/fr\/product\/jewel-dab-ozonated-beauty-balm\/\" \/>\n<meta property=\"og:site_name\" content=\"Dutch Health Store\" \/>\n<meta property=\"article:publisher\" content=\"https:\/\/www.instagram.com\/dutchhealthstore\/\" \/>\n<meta property=\"article:modified_time\" content=\"2026-04-13T10:07:59+00:00\" \/>\n<meta property=\"og:image\" content=\"https:\/\/dutchhealthstore.com\/wp-content\/uploads\/2020\/06\/living-libations-jewel-dab-ozonated-beauty-balm-e1592827868620.jpg\" \/>\n\t<meta property=\"og:image:width\" content=\"500\" \/>\n\t<meta property=\"og:image:height\" content=\"500\" \/>\n\t<meta property=\"og:image:type\" content=\"image\/jpeg\" \/>\n<meta name=\"twitter:card\" content=\"summary_large_image\" \/>\n<meta name=\"twitter:label1\" content=\"Prix\" \/>\n\t<meta name=\"twitter:data1\" content=\"&euro;42,00\" \/>\n\t<meta name=\"twitter:label2\" content=\"Disponibilit\u00e9\" \/>\n\t<meta name=\"twitter:data2\" content=\"En stock\" \/>\n<script type=\"application\/ld+json\" class=\"yoast-schema-graph\">{\"@context\":\"https:\/\/schema.org\",\"@graph\":[{\"@type\":\"WebPage\",\"@id\":\"https:\/\/dutchhealthstore.com\/fr\/product\/jewel-dab-ozonated-beauty-balm\/\",\"url\":\"https:\/\/dutchhealthstore.com\/fr\/product\/jewel-dab-ozonated-beauty-balm\/\",\"name\":\"Jewel Dab Ozonated Beauty Balm | Living Libations\",\"isPartOf\":{\"@id\":\"https:\/\/dutchhealthstore.com\/fr\/#website\"},\"primaryImageOfPage\":{\"@id\":\"https:\/\/dutchhealthstore.com\/fr\/product\/jewel-dab-ozonated-beauty-balm\/#primaryimage\"},\"image\":{\"@id\":\"https:\/\/dutchhealthstore.com\/fr\/product\/jewel-dab-ozonated-beauty-balm\/#primaryimage\"},\"thumbnailUrl\":\"https:\/\/dutchhealthstore.com\/wp-content\/uploads\/2020\/06\/Jewel-Dab-Ozonated-Beauty-Balm.png\",\"datePublished\":\"2020-06-22T12:26:36+00:00\",\"dateModified\":\"2026-04-13T10:07:59+00:00\",\"description\":\"Living Libations Jewel Dab Ozonated Beauty Balm conf\u00e8re \u00e0 notre Crown Jewel Dew l'opulence de l'ozone.\",\"breadcrumb\":{\"@id\":\"https:\/\/dutchhealthstore.com\/fr\/product\/jewel-dab-ozonated-beauty-balm\/#breadcrumb\"},\"inLanguage\":\"fr-FR\",\"potentialAction\":[{\"@type\":\"ReadAction\",\"target\":[\"https:\/\/dutchhealthstore.com\/fr\/product\/jewel-dab-ozonated-beauty-balm\/\"]}]},{\"@type\":\"ImageObject\",\"inLanguage\":\"fr-FR\",\"@id\":\"https:\/\/dutchhealthstore.com\/fr\/product\/jewel-dab-ozonated-beauty-balm\/#primaryimage\",\"url\":\"https:\/\/dutchhealthstore.com\/wp-content\/uploads\/2020\/06\/Jewel-Dab-Ozonated-Beauty-Balm.png\",\"contentUrl\":\"https:\/\/dutchhealthstore.com\/wp-content\/uploads\/2020\/06\/Jewel-Dab-Ozonated-Beauty-Balm.png\",\"width\":530,\"height\":530},{\"@type\":\"BreadcrumbList\",\"@id\":\"https:\/\/dutchhealthstore.com\/fr\/product\/jewel-dab-ozonated-beauty-balm\/#breadcrumb\",\"itemListElement\":[{\"@type\":\"ListItem\",\"position\":1,\"name\":\"Home\",\"item\":\"https:\/\/dutchhealthstore.com\/fr\/\"},{\"@type\":\"ListItem\",\"position\":2,\"name\":\"Shop\",\"item\":\"https:\/\/dutchhealthstore.com\/fr\/shop\/\"},{\"@type\":\"ListItem\",\"position\":3,\"name\":\"Jewel Dab Ozonated Beauty Balm\"}]},{\"@type\":\"WebSite\",\"@id\":\"https:\/\/dutchhealthstore.com\/fr\/#website\",\"url\":\"https:\/\/dutchhealthstore.com\/fr\/\",\"name\":\"Dutch Health Store\",\"description\":\"Enhance Your Beauty with Organic &amp; Natural Skincare\",\"publisher\":{\"@id\":\"https:\/\/dutchhealthstore.com\/fr\/#organization\"},\"potentialAction\":[{\"@type\":\"SearchAction\",\"target\":{\"@type\":\"EntryPoint\",\"urlTemplate\":\"https:\/\/dutchhealthstore.com\/fr\/?s={search_term_string}\"},\"query-input\":{\"@type\":\"PropertyValueSpecification\",\"valueRequired\":true,\"valueName\":\"search_term_string\"}}],\"inLanguage\":\"fr-FR\"},{\"@type\":\"Organization\",\"@id\":\"https:\/\/dutchhealthstore.com\/fr\/#organization\",\"name\":\"Dutch Health Store\",\"url\":\"https:\/\/dutchhealthstore.com\/fr\/\",\"logo\":{\"@type\":\"ImageObject\",\"inLanguage\":\"fr-FR\",\"@id\":\"https:\/\/dutchhealthstore.com\/fr\/#\/schema\/logo\/image\/\",\"url\":\"https:\/\/dutchhealthstore.com\/wp-content\/uploads\/2020\/08\/logo-dutchhealthstore-jpg-e1599484957574.jpg\",\"contentUrl\":\"https:\/\/dutchhealthstore.com\/wp-content\/uploads\/2020\/08\/logo-dutchhealthstore-jpg-e1599484957574.jpg\",\"width\":400,\"height\":62,\"caption\":\"Dutch Health Store\"},\"image\":{\"@id\":\"https:\/\/dutchhealthstore.com\/fr\/#\/schema\/logo\/image\/\"},\"sameAs\":[\"https:\/\/www.instagram.com\/dutchhealthstore\/\",\"https:\/\/www.facebook.com\/dutchhealthstore\"]}]}<\/script>\n<meta property=\"product:brand\" content=\"Living Libations\" \/>\n<meta property=\"product:price:amount\" content=\"42.00\" \/>\n<meta property=\"product:price:currency\" content=\"EUR\" \/>\n<meta property=\"og:availability\" content=\"instock\" \/>\n<meta property=\"product:availability\" content=\"instock\" \/>\n<meta property=\"product:condition\" content=\"new\" \/>\n<!-- \/ Yoast SEO Premium plugin. -->","yoast_head_json":{"title":"Jewel Dab Ozonated Beauty Balm | Living Libations","description":"Living Libations Jewel Dab Ozonated Beauty Balm conf\u00e8re \u00e0 notre Crown Jewel Dew l'opulence de l'ozone.","robots":{"index":"index","follow":"follow","max-snippet":"max-snippet:-1","max-image-preview":"max-image-preview:large","max-video-preview":"max-video-preview:-1"},"canonical":"https:\/\/dutchhealthstore.com\/fr\/product\/jewel-dab-ozonated-beauty-balm\/","og_locale":"fr_FR","og_type":"article","og_title":"Jewel Dab Ozonated Beauty Balm - Dutch Health Store","og_description":"Living Libations Jewel Dab Ozonated Beauty Balm conf\u00e8re \u00e0 notre Crown Jewel Dew l'opulence de l'ozone.","og_url":"https:\/\/dutchhealthstore.com\/fr\/product\/jewel-dab-ozonated-beauty-balm\/","og_site_name":"Dutch Health Store","article_publisher":"https:\/\/www.instagram.com\/dutchhealthstore\/","article_modified_time":"2026-04-13T10:07:59+00:00","og_image":[{"width":500,"height":500,"url":"https:\/\/dutchhealthstore.com\/wp-content\/uploads\/2020\/06\/living-libations-jewel-dab-ozonated-beauty-balm-e1592827868620.jpg","type":"image\/jpeg"}],"twitter_card":"summary_large_image","twitter_misc":{"Prix":"&euro;42,00","Disponibilit\u00e9":"En stock"},"schema":{"@context":"https:\/\/schema.org","@graph":[{"@type":"WebPage","@id":"https:\/\/dutchhealthstore.com\/fr\/product\/jewel-dab-ozonated-beauty-balm\/","url":"https:\/\/dutchhealthstore.com\/fr\/product\/jewel-dab-ozonated-beauty-balm\/","name":"Jewel Dab Ozonated Beauty Balm | Living Libations","isPartOf":{"@id":"https:\/\/dutchhealthstore.com\/fr\/#website"},"primaryImageOfPage":{"@id":"https:\/\/dutchhealthstore.com\/fr\/product\/jewel-dab-ozonated-beauty-balm\/#primaryimage"},"image":{"@id":"https:\/\/dutchhealthstore.com\/fr\/product\/jewel-dab-ozonated-beauty-balm\/#primaryimage"},"thumbnailUrl":"https:\/\/dutchhealthstore.com\/wp-content\/uploads\/2020\/06\/Jewel-Dab-Ozonated-Beauty-Balm.png","datePublished":"2020-06-22T12:26:36+00:00","dateModified":"2026-04-13T10:07:59+00:00","description":"Living Libations Jewel Dab Ozonated Beauty Balm conf\u00e8re \u00e0 notre Crown Jewel Dew l'opulence de l'ozone.","breadcrumb":{"@id":"https:\/\/dutchhealthstore.com\/fr\/product\/jewel-dab-ozonated-beauty-balm\/#breadcrumb"},"inLanguage":"fr-FR","potentialAction":[{"@type":"ReadAction","target":["https:\/\/dutchhealthstore.com\/fr\/product\/jewel-dab-ozonated-beauty-balm\/"]}]},{"@type":"ImageObject","inLanguage":"fr-FR","@id":"https:\/\/dutchhealthstore.com\/fr\/product\/jewel-dab-ozonated-beauty-balm\/#primaryimage","url":"https:\/\/dutchhealthstore.com\/wp-content\/uploads\/2020\/06\/Jewel-Dab-Ozonated-Beauty-Balm.png","contentUrl":"https:\/\/dutchhealthstore.com\/wp-content\/uploads\/2020\/06\/Jewel-Dab-Ozonated-Beauty-Balm.png","width":530,"height":530},{"@type":"BreadcrumbList","@id":"https:\/\/dutchhealthstore.com\/fr\/product\/jewel-dab-ozonated-beauty-balm\/#breadcrumb","itemListElement":[{"@type":"ListItem","position":1,"name":"Home","item":"https:\/\/dutchhealthstore.com\/fr\/"},{"@type":"ListItem","position":2,"name":"Shop","item":"https:\/\/dutchhealthstore.com\/fr\/shop\/"},{"@type":"ListItem","position":3,"name":"Jewel Dab Ozonated Beauty Balm"}]},{"@type":"WebSite","@id":"https:\/\/dutchhealthstore.com\/fr\/#website","url":"https:\/\/dutchhealthstore.com\/fr\/","name":"Dutch Health Store","description":"Enhance Your Beauty with Organic &amp; Natural Skincare","publisher":{"@id":"https:\/\/dutchhealthstore.com\/fr\/#organization"},"potentialAction":[{"@type":"SearchAction","target":{"@type":"EntryPoint","urlTemplate":"https:\/\/dutchhealthstore.com\/fr\/?s={search_term_string}"},"query-input":{"@type":"PropertyValueSpecification","valueRequired":true,"valueName":"search_term_string"}}],"inLanguage":"fr-FR"},{"@type":"Organization","@id":"https:\/\/dutchhealthstore.com\/fr\/#organization","name":"Dutch Health Store","url":"https:\/\/dutchhealthstore.com\/fr\/","logo":{"@type":"ImageObject","inLanguage":"fr-FR","@id":"https:\/\/dutchhealthstore.com\/fr\/#\/schema\/logo\/image\/","url":"https:\/\/dutchhealthstore.com\/wp-content\/uploads\/2020\/08\/logo-dutchhealthstore-jpg-e1599484957574.jpg","contentUrl":"https:\/\/dutchhealthstore.com\/wp-content\/uploads\/2020\/08\/logo-dutchhealthstore-jpg-e1599484957574.jpg","width":400,"height":62,"caption":"Dutch Health Store"},"image":{"@id":"https:\/\/dutchhealthstore.com\/fr\/#\/schema\/logo\/image\/"},"sameAs":["https:\/\/www.instagram.com\/dutchhealthstore\/","https:\/\/www.facebook.com\/dutchhealthstore"]}]},"product_brand":"Living Libations","product_price_amount":"42.00","product_price_currency":"EUR","og_availability":"instock","product_availability":"instock","product_condition":"new"},"_links":{"self":[{"href":"https:\/\/dutchhealthstore.com\/fr\/wp-json\/wp\/v2\/product\/129974","targetHints":{"allow":["GET"]}}],"collection":[{"href":"https:\/\/dutchhealthstore.com\/fr\/wp-json\/wp\/v2\/product"}],"about":[{"href":"https:\/\/dutchhealthstore.com\/fr\/wp-json\/wp\/v2\/types\/product"}],"replies":[{"embeddable":true,"href":"https:\/\/dutchhealthstore.com\/fr\/wp-json\/wp\/v2\/comments?post=129974"}],"wp:featuredmedia":[{"embeddable":true,"href":"https:\/\/dutchhealthstore.com\/fr\/wp-json\/wp\/v2\/media\/359727"}],"wp:attachment":[{"href":"https:\/\/dutchhealthstore.com\/fr\/wp-json\/wp\/v2\/media?parent=129974"}],"wp:term":[{"taxonomy":"product_brand","embeddable":true,"href":"https:\/\/dutchhealthstore.com\/fr\/wp-json\/wp\/v2\/product_brand?post=129974"},{"taxonomy":"product_cat","embeddable":true,"href":"https:\/\/dutchhealthstore.com\/fr\/wp-json\/wp\/v2\/product_cat?post=129974"},{"taxonomy":"product_tag","embeddable":true,"href":"https:\/\/dutchhealthstore.com\/fr\/wp-json\/wp\/v2\/product_tag?post=129974"}],"curies":[{"name":"wp","href":"https:\/\/api.w.org\/{rel}","templated":true}]}}