{"id":129962,"date":"2020-06-09T11:53:16","date_gmt":"2020-06-09T11:53:16","guid":{"rendered":"https:\/\/dutchhealthstore.com\/product\/languid-love-butter\/"},"modified":"2025-04-07T11:48:30","modified_gmt":"2025-04-07T09:48:30","slug":"languid-love-butter","status":"publish","type":"product","link":"https:\/\/dutchhealthstore.com\/fr\/product\/languid-love-butter\/","title":{"rendered":"Languid Love Butter"},"content":{"rendered":"<p><img decoding=\"async\" class=\"size-full wp-image-69549 alignright\" src=\"https:\/\/dutchhealthstore.com\/wp-content\/uploads\/2019\/08\/NEW-Living-Libations-Logo.jpg\" alt=\"NEW - Living Libations - Logo\" width=\"175\" height=\"82\">Languid Love Butter est cr\u00e9\u00e9 \u00e0 partir d&rsquo;une infusion soigneusement \u00e9labor\u00e9e de plantes b\u00e9n\u00e9fiques. Go\u00fbtez, touchez, glissez ces essences d&rsquo;amour sur des hanches entrelac\u00e9es et des l\u00e8vres embrass\u00e9es. D\u00e9tendez-vous dans les r\u00e9jouissances, pr\u00e9lassez-vous dans une extase langoureuse et consacrez la divinit\u00e9 du d\u00e9sir en vous laissant aller \u00e0 la lib\u00e9ration des nectars de Kulamrita.<\/p>\n<h3>Comment utiliser<\/h3>\n<p>Peut \u00eatre utilis\u00e9 comme cr\u00e8me de massage hydratante, lubrifiant sans latex, ou comme love-lube pour pr\u00e9parer la peau des amoureux \u00e0 la rencontre la plus intime. A utiliser tous les jours ou pour de longs moments de jeux langoureux. Faites un test \u00e9picutan\u00e9 \u00e0 l&rsquo;int\u00e9rieur du coude avant d&rsquo;appliquer sur une peau plus sensible.<\/p>\n<h3 class=\"yikes-custom-woo-tab-title yikes-custom-woo-tab-title-natural-organic-ingredients\">Ingr\u00e9dients Naturels\/Biologiques<\/h3>\n<p><strong>Beurre de cacao<\/strong><em> (Theobroma cacao)<\/em> &#8211; Nos f\u00e8ves de cacao certifi\u00e9es brutes, biologiques et artisanales rendent cet ingr\u00e9dient aussi b\u00e9n\u00e9fique que d\u00e9licieux. Le cacao doux et beurr\u00e9 infuse chaque pli avec des antioxydants b\u00e9n\u00e9fiques et une \u00e9nergie revitalisante.<\/p>\n<p><strong>Coconut Cr\u00e8me<\/strong> <em>(Cocos nucifera)<\/em> &#8211; Nourrissante et hydratante, la Coconut Cr\u00e8me dispara\u00eet dans la peau jusqu&rsquo;\u00e0 ce qu&rsquo;elle soit compl\u00e8tement absorb\u00e9e. Le parfum doux et discret de la cr\u00e8me de noix de coco inspirera des fantasmes de palmiers et des r\u00eaves tropicaux tahitiens.<\/p>\n<p><strong>Jojoba<\/strong> <em>(Simmondsia chinensis)<\/em> &#8211; Brillant, stup\u00e9fiant, incomparable Jojoba! Il n&rsquo;existe peut-\u00eatre pas d&rsquo;ingr\u00e9dient plus b\u00e9n\u00e9fique pour la peau que notre jojoba pur, biologique et enrichi en vitamine E. Remarquablement similaire au s\u00e9bum du corps, le jojoba est absorb\u00e9 en profondeur par la peau, permettant \u00e0 l&rsquo;humidit\u00e9 vitamin\u00e9e de s&rsquo;infiltrer dans les couches les plus profondes du tissu.<\/p>\n<p><strong>Ylang<\/strong> <em>(Cananga odorata)<\/em> &#8211; Les fleurs d&rsquo;ylang sont d&rsquo;un resplendissement relaxant et impr\u00e8gnent ce liniment d&rsquo;amour de leur doux parfum. Cette invitation florale encourage les \u00e9tats langoureux d&rsquo;euphorie.<\/p>\n<p><strong>Noix de muscade<\/strong> <em>(Myristica fragrans)<\/em> &#8211; Le parfum \u00e9pic\u00e9 et bois\u00e9 de la noix de muscade revigore le corps, des cheveux aux orteils. La noix de muscade permet d&rsquo;apaiser et de d\u00e9tendre le corps.<\/p>\n<p><strong>Citron<\/strong><em> (Citrus limon)<\/em> &#8211; Le citron apporte un sentiment de joie et de rire aux rencontres intimes. Cet ingr\u00e9dient temp\u00e8re la chaleur d\u00e9tendue du jasmin et de l&rsquo;ylang avec une touche piquante d&rsquo;\u00e9nergie inspirante.<\/p>\n<p><strong>Schizandra Berry<\/strong> <em>(Schizandra spenanthera<\/em> ) &#8211; Allongez vos \u00e9bats amoureux avec la sensuelle Schizandra Berry. Herbes essentielles dans la MTC, ces baies rouges sont utilis\u00e9es depuis des milliers d&rsquo;ann\u00e9es pour stimuler le chi du corps. Connu sous le nom de \u00ab\u00a0wu wei zi\u00a0\u00bb en chinois, ce \u00ab\u00a0fruit aux cinq saveurs\u00a0\u00bb contient une palette complexe de saveurs am\u00e8res, sal\u00e9es, \u00e9pic\u00e9es, sucr\u00e9es et acides. Cette baie g\u00e9n\u00e9reuse prolonge chaque moment de r\u00e9jouissance chaleureuse.<\/p>\n<p><strong>Gingembre<\/strong><em> (Zingiber officinale)<\/em> &#8211; Le zingiber, l&rsquo;essence de gingembre, est une \u00e9pice stimulante qui ajoute un plaisir agr\u00e9able \u00e0 notre beurre d&rsquo;amour. Cet extrait supercritique sp\u00e9cial, issu d&rsquo;un magnifique gingembre cultiv\u00e9 \u00e0 Madagascar, cr\u00e9e le gingembre le plus fruit\u00e9 et le plus cors\u00e9 qui soit. Faites chanter vos sens avec cette racine qui a berc\u00e9 les apothicaires de l&rsquo;Arabie ancienne, de l&rsquo;Inde et de la Chine.<\/p>\n<p><strong>Jasmin Sambac<\/strong> <em>(Jasminum sambac)<\/em> &#8211; Senteur sulfureuse, le jasmin contient les trois compos\u00e9s v\u00e9g\u00e9taux les plus couramment utilis\u00e9s pour cr\u00e9er des \u00e9lixirs d&rsquo;amour: linalol, indole et jasmon. Le jus de joie du jasmin d\u00e9tend le corps et l&rsquo;esprit dans un \u00e9tat d&rsquo;accueil et d&rsquo;exaltation langoureux.<\/p>\n<p><strong>Vanille<\/strong> <em>(Vanilla planifolia)<\/em> &#8211; Notre vanille est un extrait supercritique extr\u00eamement rare, totalement pur, sans solvant et 200 fois plus fort que l&rsquo;extrait de vanille ordinaire. Cet aromate exotique et s\u00e9duisant est r\u00e9put\u00e9 pour \u00eatre un liniment d&rsquo;amour stimulant. Plongez dans le doux et d\u00e9licieux parfum sensuel de la vanille pure.<\/p>\n<p><img fetchpriority=\"high\" decoding=\"async\" class=\"size-medium wp-image-68103 aligncenter\" src=\"https:\/\/dutchhealthstore.com\/wp-content\/uploads\/2018\/02\/Living-Libations-Organic-Logo-800x89.png\" alt=\"Living Libations - Organic Logo\" width=\"800\" height=\"89\" srcset=\"https:\/\/dutchhealthstore.com\/wp-content\/uploads\/2018\/02\/Living-Libations-Organic-Logo-800x89.png 800w, https:\/\/dutchhealthstore.com\/wp-content\/uploads\/2018\/02\/Living-Libations-Organic-Logo-510x57.png 510w, https:\/\/dutchhealthstore.com\/wp-content\/uploads\/2018\/02\/Living-Libations-Organic-Logo-768x85.png 768w, https:\/\/dutchhealthstore.com\/wp-content\/uploads\/2018\/02\/Living-Libations-Organic-Logo.png 1400w\" sizes=\"(max-width: 800px) 100vw, 800px\" \/><\/p>\n","protected":false},"excerpt":{"rendered":"<p>Notre <b>Languid Love Butter <\/b>est un plaisir \u00e0 contempler dans vos plis floraux int\u00e9rieurs. Enti\u00e8rement comestible et biologique, ce luxueux beurre corporel explore chaque courbe et chaque crevasse, saturant la peau de plantes bienveillantes. Ce liniment d&rsquo;amour glisse sur la peau et vous guide pour que vous puissiez vous allonger dans des r\u00e9jouissances resplendissantes en vous plongeant dedans.<\/p>\n","protected":false},"featured_media":105653,"comment_status":"open","ping_status":"closed","template":"","meta":[],"product_brand":[],"product_cat":[1211,1088,3741,1209,1030,1010,1501,1033],"product_tag":[6235,21392,9603,21826,21811,4864],"class_list":{"0":"post-129962","1":"product","2":"type-product","3":"status-publish","4":"has-post-thumbnail","6":"product_cat-living-libations-france","7":"product_cat-lotions-cremes-hydratantes","8":"product_cat-loving-lubricants-fr","9":"product_cat-par-marques","10":"product_cat-par-produits","11":"product_cat-notre-boutique","12":"product_cat-corps-living-libations","13":"product_cat-body-care-fr","14":"product_tag-balm-fr","15":"product_tag-corps","16":"product_tag-hydrating-fr","17":"product_tag-intime","18":"product_tag-natural-fr","19":"product_tag-skin-fr","20":"pa_brand-livinglibations-fr","21":"pa_gtin-7439657378317-fr","22":"pa_size-100-ml-fr","23":"pa_size-30-ml-fr","24":"pa_size-50-ml-fr","26":"first","27":"instock","28":"taxable","29":"shipping-taxable","30":"purchasable","31":"product-type-variable"},"bundled_by":[],"bundle_stock_status":"instock","bundle_stock_quantity":null,"bundle_virtual":false,"bundle_layout":"","bundle_add_to_cart_form_location":"","bundle_editable_in_cart":false,"bundle_sold_individually_context":"","bundle_item_grouping":"","bundle_min_size":"","bundle_max_size":"","bundle_price":[],"bundled_items":[],"bundle_sell_ids":[236317],"atum_controlled":true,"out_stock_date":null,"out_stock_threshold":null,"inheritable":true,"stock_on_hold":3,"sold_today":0,"sales_last_days":2,"out_stock_days":0,"lost_sales":0,"update_date":"2026-05-04T12:57:16","atum_locations":[],"atum_stock_status":"instock","restock_status":false,"low_stock_amount":"","sales_update_date":"2026-05-04T12:57:16","calc_backorders":null,"group_of_quantity":0,"min_quantity":0,"max_quantity":"","exclude_order_quantity_value_rules":"no","exclude_category_quantity_rules":"no","combine_variations":"no","yoast_head":"<!-- This site is optimized with the Yoast SEO Premium plugin v26.5 (Yoast SEO v26.5) - https:\/\/yoast.com\/wordpress\/plugins\/seo\/ -->\n<title>Languid Love Butter | Living Libations<\/title>\n<meta name=\"description\" content=\"Enti\u00e8rement comestible et biologique, ce luxueux beurre corporel explore chaque courbe et chaque crevasse, saturant la peau de plantes bienveillantes.\" \/>\n<meta name=\"robots\" content=\"index, follow, max-snippet:-1, max-image-preview:large, max-video-preview:-1\" \/>\n<link rel=\"canonical\" href=\"https:\/\/dutchhealthstore.com\/fr\/product\/languid-love-butter\/\" \/>\n<meta property=\"og:locale\" content=\"fr_FR\" \/>\n<meta property=\"og:type\" content=\"article\" \/>\n<meta property=\"og:title\" content=\"Languid Love Butter - Dutch Health Store\" \/>\n<meta property=\"og:description\" content=\"Enti\u00e8rement comestible et biologique, ce luxueux beurre corporel explore chaque courbe et chaque crevasse, saturant la peau de plantes bienveillantes.\" \/>\n<meta property=\"og:url\" content=\"https:\/\/dutchhealthstore.com\/fr\/product\/languid-love-butter\/\" \/>\n<meta property=\"og:site_name\" content=\"Dutch Health Store\" \/>\n<meta property=\"article:publisher\" content=\"https:\/\/www.instagram.com\/dutchhealthstore\/\" \/>\n<meta property=\"article:modified_time\" content=\"2025-04-07T09:48:30+00:00\" \/>\n<meta property=\"og:image\" content=\"https:\/\/dutchhealthstore.com\/wp-content\/uploads\/2020\/06\/Living-Libations-Languid-Love-Butter-1-e1591703027138.jpg\" \/>\n\t<meta property=\"og:image:width\" content=\"500\" \/>\n\t<meta property=\"og:image:height\" content=\"499\" \/>\n\t<meta property=\"og:image:type\" content=\"image\/jpeg\" \/>\n<meta name=\"twitter:card\" content=\"summary_large_image\" \/>\n<meta name=\"twitter:label1\" content=\"Disponibilit\u00e9\" \/>\n\t<meta name=\"twitter:data1\" content=\"En stock\" \/>\n<script type=\"application\/ld+json\" class=\"yoast-schema-graph\">{\"@context\":\"https:\/\/schema.org\",\"@graph\":[{\"@type\":\"WebPage\",\"@id\":\"https:\/\/dutchhealthstore.com\/fr\/product\/languid-love-butter\/\",\"url\":\"https:\/\/dutchhealthstore.com\/fr\/product\/languid-love-butter\/\",\"name\":\"Languid Love Butter | Living Libations\",\"isPartOf\":{\"@id\":\"https:\/\/dutchhealthstore.com\/fr\/#website\"},\"primaryImageOfPage\":{\"@id\":\"https:\/\/dutchhealthstore.com\/fr\/product\/languid-love-butter\/#primaryimage\"},\"image\":{\"@id\":\"https:\/\/dutchhealthstore.com\/fr\/product\/languid-love-butter\/#primaryimage\"},\"thumbnailUrl\":\"https:\/\/dutchhealthstore.com\/wp-content\/uploads\/2020\/06\/Living-Libations-Languid-Love-Butter-1-e1591703027138.jpg\",\"datePublished\":\"2020-06-09T11:53:16+00:00\",\"dateModified\":\"2025-04-07T09:48:30+00:00\",\"description\":\"Enti\u00e8rement comestible et biologique, ce luxueux beurre corporel explore chaque courbe et chaque crevasse, saturant la peau de plantes bienveillantes.\",\"breadcrumb\":{\"@id\":\"https:\/\/dutchhealthstore.com\/fr\/product\/languid-love-butter\/#breadcrumb\"},\"inLanguage\":\"fr-FR\",\"potentialAction\":[{\"@type\":\"ReadAction\",\"target\":[\"https:\/\/dutchhealthstore.com\/fr\/product\/languid-love-butter\/\"]}]},{\"@type\":\"ImageObject\",\"inLanguage\":\"fr-FR\",\"@id\":\"https:\/\/dutchhealthstore.com\/fr\/product\/languid-love-butter\/#primaryimage\",\"url\":\"https:\/\/dutchhealthstore.com\/wp-content\/uploads\/2020\/06\/Living-Libations-Languid-Love-Butter-1-e1591703027138.jpg\",\"contentUrl\":\"https:\/\/dutchhealthstore.com\/wp-content\/uploads\/2020\/06\/Living-Libations-Languid-Love-Butter-1-e1591703027138.jpg\",\"width\":500,\"height\":499},{\"@type\":\"BreadcrumbList\",\"@id\":\"https:\/\/dutchhealthstore.com\/fr\/product\/languid-love-butter\/#breadcrumb\",\"itemListElement\":[{\"@type\":\"ListItem\",\"position\":1,\"name\":\"Home\",\"item\":\"https:\/\/dutchhealthstore.com\/fr\/\"},{\"@type\":\"ListItem\",\"position\":2,\"name\":\"Shop\",\"item\":\"https:\/\/dutchhealthstore.com\/fr\/shop\/\"},{\"@type\":\"ListItem\",\"position\":3,\"name\":\"Languid Love Butter\"}]},{\"@type\":\"WebSite\",\"@id\":\"https:\/\/dutchhealthstore.com\/fr\/#website\",\"url\":\"https:\/\/dutchhealthstore.com\/fr\/\",\"name\":\"Dutch Health Store\",\"description\":\"Enhance Your Beauty with Organic &amp; Natural Skincare\",\"publisher\":{\"@id\":\"https:\/\/dutchhealthstore.com\/fr\/#organization\"},\"potentialAction\":[{\"@type\":\"SearchAction\",\"target\":{\"@type\":\"EntryPoint\",\"urlTemplate\":\"https:\/\/dutchhealthstore.com\/fr\/?s={search_term_string}\"},\"query-input\":{\"@type\":\"PropertyValueSpecification\",\"valueRequired\":true,\"valueName\":\"search_term_string\"}}],\"inLanguage\":\"fr-FR\"},{\"@type\":\"Organization\",\"@id\":\"https:\/\/dutchhealthstore.com\/fr\/#organization\",\"name\":\"Dutch Health Store\",\"url\":\"https:\/\/dutchhealthstore.com\/fr\/\",\"logo\":{\"@type\":\"ImageObject\",\"inLanguage\":\"fr-FR\",\"@id\":\"https:\/\/dutchhealthstore.com\/fr\/#\/schema\/logo\/image\/\",\"url\":\"https:\/\/dutchhealthstore.com\/wp-content\/uploads\/2020\/08\/logo-dutchhealthstore-jpg-e1599484957574.jpg\",\"contentUrl\":\"https:\/\/dutchhealthstore.com\/wp-content\/uploads\/2020\/08\/logo-dutchhealthstore-jpg-e1599484957574.jpg\",\"width\":400,\"height\":62,\"caption\":\"Dutch Health Store\"},\"image\":{\"@id\":\"https:\/\/dutchhealthstore.com\/fr\/#\/schema\/logo\/image\/\"},\"sameAs\":[\"https:\/\/www.instagram.com\/dutchhealthstore\/\",\"https:\/\/www.facebook.com\/dutchhealthstore\"]}]}<\/script>\n<meta property=\"product:brand\" content=\"Living Libations\" \/>\n<meta property=\"og:availability\" content=\"instock\" \/>\n<meta property=\"product:availability\" content=\"instock\" \/>\n<meta property=\"product:condition\" content=\"new\" \/>\n<!-- \/ Yoast SEO Premium plugin. -->","yoast_head_json":{"title":"Languid Love Butter | Living Libations","description":"Enti\u00e8rement comestible et biologique, ce luxueux beurre corporel explore chaque courbe et chaque crevasse, saturant la peau de plantes bienveillantes.","robots":{"index":"index","follow":"follow","max-snippet":"max-snippet:-1","max-image-preview":"max-image-preview:large","max-video-preview":"max-video-preview:-1"},"canonical":"https:\/\/dutchhealthstore.com\/fr\/product\/languid-love-butter\/","og_locale":"fr_FR","og_type":"article","og_title":"Languid Love Butter - Dutch Health Store","og_description":"Enti\u00e8rement comestible et biologique, ce luxueux beurre corporel explore chaque courbe et chaque crevasse, saturant la peau de plantes bienveillantes.","og_url":"https:\/\/dutchhealthstore.com\/fr\/product\/languid-love-butter\/","og_site_name":"Dutch Health Store","article_publisher":"https:\/\/www.instagram.com\/dutchhealthstore\/","article_modified_time":"2025-04-07T09:48:30+00:00","og_image":[{"width":500,"height":499,"url":"https:\/\/dutchhealthstore.com\/wp-content\/uploads\/2020\/06\/Living-Libations-Languid-Love-Butter-1-e1591703027138.jpg","type":"image\/jpeg"}],"twitter_card":"summary_large_image","twitter_misc":{"Disponibilit\u00e9":"En stock"},"schema":{"@context":"https:\/\/schema.org","@graph":[{"@type":"WebPage","@id":"https:\/\/dutchhealthstore.com\/fr\/product\/languid-love-butter\/","url":"https:\/\/dutchhealthstore.com\/fr\/product\/languid-love-butter\/","name":"Languid Love Butter | Living Libations","isPartOf":{"@id":"https:\/\/dutchhealthstore.com\/fr\/#website"},"primaryImageOfPage":{"@id":"https:\/\/dutchhealthstore.com\/fr\/product\/languid-love-butter\/#primaryimage"},"image":{"@id":"https:\/\/dutchhealthstore.com\/fr\/product\/languid-love-butter\/#primaryimage"},"thumbnailUrl":"https:\/\/dutchhealthstore.com\/wp-content\/uploads\/2020\/06\/Living-Libations-Languid-Love-Butter-1-e1591703027138.jpg","datePublished":"2020-06-09T11:53:16+00:00","dateModified":"2025-04-07T09:48:30+00:00","description":"Enti\u00e8rement comestible et biologique, ce luxueux beurre corporel explore chaque courbe et chaque crevasse, saturant la peau de plantes bienveillantes.","breadcrumb":{"@id":"https:\/\/dutchhealthstore.com\/fr\/product\/languid-love-butter\/#breadcrumb"},"inLanguage":"fr-FR","potentialAction":[{"@type":"ReadAction","target":["https:\/\/dutchhealthstore.com\/fr\/product\/languid-love-butter\/"]}]},{"@type":"ImageObject","inLanguage":"fr-FR","@id":"https:\/\/dutchhealthstore.com\/fr\/product\/languid-love-butter\/#primaryimage","url":"https:\/\/dutchhealthstore.com\/wp-content\/uploads\/2020\/06\/Living-Libations-Languid-Love-Butter-1-e1591703027138.jpg","contentUrl":"https:\/\/dutchhealthstore.com\/wp-content\/uploads\/2020\/06\/Living-Libations-Languid-Love-Butter-1-e1591703027138.jpg","width":500,"height":499},{"@type":"BreadcrumbList","@id":"https:\/\/dutchhealthstore.com\/fr\/product\/languid-love-butter\/#breadcrumb","itemListElement":[{"@type":"ListItem","position":1,"name":"Home","item":"https:\/\/dutchhealthstore.com\/fr\/"},{"@type":"ListItem","position":2,"name":"Shop","item":"https:\/\/dutchhealthstore.com\/fr\/shop\/"},{"@type":"ListItem","position":3,"name":"Languid Love Butter"}]},{"@type":"WebSite","@id":"https:\/\/dutchhealthstore.com\/fr\/#website","url":"https:\/\/dutchhealthstore.com\/fr\/","name":"Dutch Health Store","description":"Enhance Your Beauty with Organic &amp; Natural Skincare","publisher":{"@id":"https:\/\/dutchhealthstore.com\/fr\/#organization"},"potentialAction":[{"@type":"SearchAction","target":{"@type":"EntryPoint","urlTemplate":"https:\/\/dutchhealthstore.com\/fr\/?s={search_term_string}"},"query-input":{"@type":"PropertyValueSpecification","valueRequired":true,"valueName":"search_term_string"}}],"inLanguage":"fr-FR"},{"@type":"Organization","@id":"https:\/\/dutchhealthstore.com\/fr\/#organization","name":"Dutch Health Store","url":"https:\/\/dutchhealthstore.com\/fr\/","logo":{"@type":"ImageObject","inLanguage":"fr-FR","@id":"https:\/\/dutchhealthstore.com\/fr\/#\/schema\/logo\/image\/","url":"https:\/\/dutchhealthstore.com\/wp-content\/uploads\/2020\/08\/logo-dutchhealthstore-jpg-e1599484957574.jpg","contentUrl":"https:\/\/dutchhealthstore.com\/wp-content\/uploads\/2020\/08\/logo-dutchhealthstore-jpg-e1599484957574.jpg","width":400,"height":62,"caption":"Dutch Health Store"},"image":{"@id":"https:\/\/dutchhealthstore.com\/fr\/#\/schema\/logo\/image\/"},"sameAs":["https:\/\/www.instagram.com\/dutchhealthstore\/","https:\/\/www.facebook.com\/dutchhealthstore"]}]},"product_brand":"Living Libations","og_availability":"instock","product_availability":"instock","product_condition":"new"},"_links":{"self":[{"href":"https:\/\/dutchhealthstore.com\/fr\/wp-json\/wp\/v2\/product\/129962","targetHints":{"allow":["GET"]}}],"collection":[{"href":"https:\/\/dutchhealthstore.com\/fr\/wp-json\/wp\/v2\/product"}],"about":[{"href":"https:\/\/dutchhealthstore.com\/fr\/wp-json\/wp\/v2\/types\/product"}],"replies":[{"embeddable":true,"href":"https:\/\/dutchhealthstore.com\/fr\/wp-json\/wp\/v2\/comments?post=129962"}],"wp:featuredmedia":[{"embeddable":true,"href":"https:\/\/dutchhealthstore.com\/fr\/wp-json\/wp\/v2\/media\/105653"}],"wp:attachment":[{"href":"https:\/\/dutchhealthstore.com\/fr\/wp-json\/wp\/v2\/media?parent=129962"}],"wp:term":[{"taxonomy":"product_brand","embeddable":true,"href":"https:\/\/dutchhealthstore.com\/fr\/wp-json\/wp\/v2\/product_brand?post=129962"},{"taxonomy":"product_cat","embeddable":true,"href":"https:\/\/dutchhealthstore.com\/fr\/wp-json\/wp\/v2\/product_cat?post=129962"},{"taxonomy":"product_tag","embeddable":true,"href":"https:\/\/dutchhealthstore.com\/fr\/wp-json\/wp\/v2\/product_tag?post=129962"}],"curies":[{"name":"wp","href":"https:\/\/api.w.org\/{rel}","templated":true}]}}