{"id":129887,"date":"2020-06-09T13:07:23","date_gmt":"2020-06-09T13:07:23","guid":{"rendered":"https:\/\/dutchhealthstore.com\/product\/lucky-love-butter\/"},"modified":"2024-11-22T11:47:33","modified_gmt":"2024-11-22T10:47:33","slug":"lucky-love-butter","status":"publish","type":"product","link":"https:\/\/dutchhealthstore.com\/fr\/product\/lucky-love-butter\/","title":{"rendered":"Lucky Love Butter"},"content":{"rendered":"<p><img decoding=\"async\" class=\"size-full wp-image-69549 alignright\" src=\"https:\/\/dutchhealthstore.com\/wp-content\/uploads\/2019\/08\/NEW-Living-Libations-Logo.jpg\" alt=\"NEW - Living Libations - Logo\" width=\"175\" height=\"82\">Notre Lucky Love Butter est une r\u00eaverie menthe-cr\u00e8me de d\u00e9lices comestibles inspirant un jardin parfum\u00e9 de fa\u00e7ons de rester debout et de jouer.<\/p>\n<h3>Application<\/h3>\n<p>Peut \u00eatre utilis\u00e9 comme cr\u00e8me de massage hydratante, lubrifiant sans latex, ou comme love-lube pour pr\u00e9parer la peau des amoureux \u00e0 la rencontre la plus intime. A utiliser tous les jours ou pour de longs moments de jeux langoureux. Faites un test \u00e9picutan\u00e9 \u00e0 l&rsquo;int\u00e9rieur du coude avant d&rsquo;appliquer sur une peau plus sensible.<\/p>\n<p><strong>Taille: 30 ml, 50 ml et 100 ml<\/strong><\/p>\n<h3 class=\"yikes-custom-woo-tab-title yikes-custom-woo-tab-title-natural-organic-ingredients\">Ingr\u00e9dients naturels\/biologiques<\/h3>\n<p><strong>Beurre de cacao<\/strong> <em>(Theobroma cacao)<\/em> &#8211; Le cacao pur enflamme les sens avec des inclinations amoureuses. Fabriqu\u00e9 \u00e0 partir de f\u00e8ves de cacao brutes certifi\u00e9es, notre beurre de cacao diffuse des antioxydants en profondeur dans la peau. Gr\u00e2ce \u00e0 la richesse et au velout\u00e9 du pur cacao, ce beurre nourrit la peau tout en renfor\u00e7ant chaque picotement tantrique.<\/p>\n<p><strong>Cr\u00e8me de noix de coco<\/strong><em> (Cocos nucifera)<\/em> &#8211; La d\u00e9licieuse et d\u00e9lectable cr\u00e8me de noix de coco p\u00e9n\u00e8tre dans la peau \u00e0 une temp\u00e9rature de 75 degr\u00e9s Fahrenheit seulement, ce qui permet \u00e0 tous ses merveilleux nutriments d&rsquo;\u00eatre compl\u00e8tement absorb\u00e9s par le corps. La cr\u00e8me de noix de coco rend la peau belle et souple, invitant aux \u00e9treintes du d\u00e9sir.<\/p>\n<p><strong>Jojoba<\/strong> <em>(Simmondsia chinensis)<\/em> &#8211; Il n&rsquo;existe aucun autre compos\u00e9 dans la nature qui ressemble autant aux huiles de notre corps que le jojoba. Cet agent hydratant puissant permet d&rsquo;hydrater la peau sans obstruer les pores.<\/p>\n<p><strong>Menthe poivr\u00e9e<\/strong><em> (Mentha piperita)<\/em> &#8211; Effervescence dans tous les sens avec le picotement frais de la menthe poivr\u00e9e pure. Les compos\u00e9s clarifiants contenus dans la menthe poivr\u00e9e invitent \u00e0 des regards affectueux et \u00e0 des touchers tendres tandis que la peau se r\u00e9jouit de l&rsquo;\u00e9merveillement de la menthe.<\/p>\n<p><strong>Vanille<\/strong> <em>(Vanilla planifolia)<\/em> &#8211; Aphrodite elle-m\u00eame n&rsquo;aurait pas pu concocter un ar\u00f4me plus invitant si elle avait essay\u00e9. La vanille, douce, excitante et app\u00e9tissante, apaise les tensions et laisse place aux d\u00e9sirs amoureux.<\/p>\n<p><strong>Pamplemousse<\/strong><em> (Citrus paradisi<\/em> ) &#8211; L&rsquo;\u00e9clatant pamplemousse cr\u00e9e une toile magnifique et clarifi\u00e9e sur laquelle les amoureux peuvent tracer des histoires du bout des doigts sur une peau lisse et \u00e9quilibr\u00e9e. Le pamplemousse \u00e9l\u00e8ve les \u00e9motions et tonifie la peau.<\/p>\n<p><strong>Saw Palmetto<\/strong> <em>(Sabal serrulata)<\/em> &#8211; La baie de palmier nain est exprim\u00e9e par extraction supercritique, cr\u00e9ant une huile remarquablement riche et de haute qualit\u00e9. C&rsquo;est aussi un \u00e9lixir pour la peau, et elle contient beaucoup des m\u00eames bienfaits et lipides affectueux que l&rsquo;huile d&rsquo;argousier. Comme l&rsquo;aub\u00e9pine, l&rsquo;huile de palmier nain maintient l&rsquo;hydratation de la peau stable et agr\u00e9ablement rebondie.<\/p>\n<p><strong>Citron<\/strong> <em>(Citrus limon)<\/em> &#8211; Le citron apporte un sentiment de joie et de rire aux rencontres intimes.<\/p>\n<p><img fetchpriority=\"high\" decoding=\"async\" class=\"size-medium wp-image-68103 aligncenter\" src=\"https:\/\/dutchhealthstore.com\/wp-content\/uploads\/2018\/02\/Living-Libations-Organic-Logo-800x89.png\" alt=\"Living Libations - Organic Logo\" width=\"800\" height=\"89\" srcset=\"https:\/\/dutchhealthstore.com\/wp-content\/uploads\/2018\/02\/Living-Libations-Organic-Logo-800x89.png 800w, https:\/\/dutchhealthstore.com\/wp-content\/uploads\/2018\/02\/Living-Libations-Organic-Logo-510x57.png 510w, https:\/\/dutchhealthstore.com\/wp-content\/uploads\/2018\/02\/Living-Libations-Organic-Logo-768x85.png 768w, https:\/\/dutchhealthstore.com\/wp-content\/uploads\/2018\/02\/Living-Libations-Organic-Logo.png 1400w\" sizes=\"(max-width: 800px) 100vw, 800px\" \/><\/p>\n","protected":false},"excerpt":{"rendered":"<p>Living libations <strong>Lucky Love Butter<\/strong> ne manqueront pas d&#8217;emm\u00ealer les hanches et les l\u00e8vres avec ses saveurs chocolat\u00e9es \u00e0 savourer et ses sensations \u00e0 faire fr\u00e9mir. Restez debout toute la nuit jusqu&rsquo;\u00e0 l&rsquo;aube, saluez le soleil et amusez-vous avec la menthe entrem\u00eal\u00e9e du Lucky Love Butter, notre version tantrique d&rsquo;un tremblement d&rsquo;amour cacao-menthe poivr\u00e9e.<\/p>\n","protected":false},"featured_media":105682,"comment_status":"open","ping_status":"closed","template":"","meta":[],"product_brand":[],"product_cat":[1211,1088,3741,1209,1030,1010,1033,1501],"product_tag":[6235,21392,9603,21826,21811,4864],"class_list":{"0":"post-129887","1":"product","2":"type-product","3":"status-publish","4":"has-post-thumbnail","6":"product_cat-living-libations-france","7":"product_cat-lotions-cremes-hydratantes","8":"product_cat-loving-lubricants-fr","9":"product_cat-par-marques","10":"product_cat-par-produits","11":"product_cat-notre-boutique","12":"product_cat-body-care-fr","13":"product_cat-corps-living-libations","14":"product_tag-balm-fr","15":"product_tag-corps","16":"product_tag-hydrating-fr","17":"product_tag-intime","18":"product_tag-natural-fr","19":"product_tag-skin-fr","20":"pa_brand-livinglibations-fr","21":"pa_gtin-7439657378331-fr","22":"pa_size-30-ml-fr","23":"pa_size-50-ml-fr","24":"pa_size-100-ml-fr","26":"first","27":"instock","28":"taxable","29":"shipping-taxable","30":"purchasable","31":"product-type-variable"},"bundled_by":[],"bundle_stock_status":"instock","bundle_stock_quantity":null,"bundle_virtual":false,"bundle_layout":"","bundle_add_to_cart_form_location":"","bundle_editable_in_cart":false,"bundle_sold_individually_context":"","bundle_item_grouping":"","bundle_min_size":"","bundle_max_size":"","bundle_price":[],"bundled_items":[],"bundle_sell_ids":[],"atum_controlled":true,"out_stock_date":null,"out_stock_threshold":null,"inheritable":true,"stock_on_hold":0,"sold_today":0,"sales_last_days":0,"out_stock_days":0,"lost_sales":0,"update_date":"2026-04-06T01:47:33","atum_locations":[],"atum_stock_status":"instock","restock_status":false,"low_stock_amount":"","sales_update_date":"2026-04-06T01:47:33","calc_backorders":null,"group_of_quantity":0,"min_quantity":0,"max_quantity":"","exclude_order_quantity_value_rules":"no","exclude_category_quantity_rules":"no","combine_variations":"no","yoast_head":"<!-- This site is optimized with the Yoast SEO Premium plugin v26.5 (Yoast SEO v26.5) - https:\/\/yoast.com\/wordpress\/plugins\/seo\/ -->\n<title>Lucky Love Butter | Living Libations<\/title>\n<meta name=\"description\" content=\"Living libations Lucky Love Butter ne manqueront pas d&#039;emm\u00ealer hanches et l\u00e8vres avec ses saveurs chocolat\u00e9es \u00e0 savourer et ses sensations \u00e0 faire fr\u00e9mir.\" \/>\n<meta name=\"robots\" content=\"index, follow, max-snippet:-1, max-image-preview:large, max-video-preview:-1\" \/>\n<link rel=\"canonical\" href=\"https:\/\/dutchhealthstore.com\/fr\/product\/lucky-love-butter\/\" \/>\n<meta property=\"og:locale\" content=\"fr_FR\" \/>\n<meta property=\"og:type\" content=\"article\" \/>\n<meta property=\"og:title\" content=\"Lucky Love Butter - Dutch Health Store\" \/>\n<meta property=\"og:description\" content=\"Living libations Lucky Love Butter ne manqueront pas d&#039;emm\u00ealer hanches et l\u00e8vres avec ses saveurs chocolat\u00e9es \u00e0 savourer et ses sensations \u00e0 faire fr\u00e9mir.\" \/>\n<meta property=\"og:url\" content=\"https:\/\/dutchhealthstore.com\/fr\/product\/lucky-love-butter\/\" \/>\n<meta property=\"og:site_name\" content=\"Dutch Health Store\" \/>\n<meta property=\"article:publisher\" content=\"https:\/\/www.instagram.com\/dutchhealthstore\/\" \/>\n<meta property=\"article:modified_time\" content=\"2024-11-22T10:47:33+00:00\" \/>\n<meta property=\"og:image\" content=\"https:\/\/dutchhealthstore.com\/wp-content\/uploads\/2020\/06\/Living-Libations-Lucky-Love-Butter-e1591707742627.jpg\" \/>\n\t<meta property=\"og:image:width\" content=\"500\" \/>\n\t<meta property=\"og:image:height\" content=\"501\" \/>\n\t<meta property=\"og:image:type\" content=\"image\/jpeg\" \/>\n<meta name=\"twitter:card\" content=\"summary_large_image\" \/>\n<meta name=\"twitter:label1\" content=\"Disponibilit\u00e9\" \/>\n\t<meta name=\"twitter:data1\" content=\"En stock\" \/>\n<script type=\"application\/ld+json\" class=\"yoast-schema-graph\">{\"@context\":\"https:\/\/schema.org\",\"@graph\":[{\"@type\":\"WebPage\",\"@id\":\"https:\/\/dutchhealthstore.com\/fr\/product\/lucky-love-butter\/\",\"url\":\"https:\/\/dutchhealthstore.com\/fr\/product\/lucky-love-butter\/\",\"name\":\"Lucky Love Butter | Living Libations\",\"isPartOf\":{\"@id\":\"https:\/\/dutchhealthstore.com\/fr\/#website\"},\"primaryImageOfPage\":{\"@id\":\"https:\/\/dutchhealthstore.com\/fr\/product\/lucky-love-butter\/#primaryimage\"},\"image\":{\"@id\":\"https:\/\/dutchhealthstore.com\/fr\/product\/lucky-love-butter\/#primaryimage\"},\"thumbnailUrl\":\"https:\/\/dutchhealthstore.com\/wp-content\/uploads\/2020\/06\/Living-Libations-Lucky-Love-Butter-e1591707742627.jpg\",\"datePublished\":\"2020-06-09T13:07:23+00:00\",\"dateModified\":\"2024-11-22T10:47:33+00:00\",\"description\":\"Living libations Lucky Love Butter ne manqueront pas d'emm\u00ealer hanches et l\u00e8vres avec ses saveurs chocolat\u00e9es \u00e0 savourer et ses sensations \u00e0 faire fr\u00e9mir.\",\"breadcrumb\":{\"@id\":\"https:\/\/dutchhealthstore.com\/fr\/product\/lucky-love-butter\/#breadcrumb\"},\"inLanguage\":\"fr-FR\",\"potentialAction\":[{\"@type\":\"ReadAction\",\"target\":[\"https:\/\/dutchhealthstore.com\/fr\/product\/lucky-love-butter\/\"]}]},{\"@type\":\"ImageObject\",\"inLanguage\":\"fr-FR\",\"@id\":\"https:\/\/dutchhealthstore.com\/fr\/product\/lucky-love-butter\/#primaryimage\",\"url\":\"https:\/\/dutchhealthstore.com\/wp-content\/uploads\/2020\/06\/Living-Libations-Lucky-Love-Butter-e1591707742627.jpg\",\"contentUrl\":\"https:\/\/dutchhealthstore.com\/wp-content\/uploads\/2020\/06\/Living-Libations-Lucky-Love-Butter-e1591707742627.jpg\",\"width\":500,\"height\":501},{\"@type\":\"BreadcrumbList\",\"@id\":\"https:\/\/dutchhealthstore.com\/fr\/product\/lucky-love-butter\/#breadcrumb\",\"itemListElement\":[{\"@type\":\"ListItem\",\"position\":1,\"name\":\"Home\",\"item\":\"https:\/\/dutchhealthstore.com\/fr\/\"},{\"@type\":\"ListItem\",\"position\":2,\"name\":\"Shop\",\"item\":\"https:\/\/dutchhealthstore.com\/fr\/shop\/\"},{\"@type\":\"ListItem\",\"position\":3,\"name\":\"Lucky Love Butter\"}]},{\"@type\":\"WebSite\",\"@id\":\"https:\/\/dutchhealthstore.com\/fr\/#website\",\"url\":\"https:\/\/dutchhealthstore.com\/fr\/\",\"name\":\"Dutch Health Store\",\"description\":\"Enhance Your Beauty with Organic &amp; Natural Skincare\",\"publisher\":{\"@id\":\"https:\/\/dutchhealthstore.com\/fr\/#organization\"},\"potentialAction\":[{\"@type\":\"SearchAction\",\"target\":{\"@type\":\"EntryPoint\",\"urlTemplate\":\"https:\/\/dutchhealthstore.com\/fr\/?s={search_term_string}\"},\"query-input\":{\"@type\":\"PropertyValueSpecification\",\"valueRequired\":true,\"valueName\":\"search_term_string\"}}],\"inLanguage\":\"fr-FR\"},{\"@type\":\"Organization\",\"@id\":\"https:\/\/dutchhealthstore.com\/fr\/#organization\",\"name\":\"Dutch Health Store\",\"url\":\"https:\/\/dutchhealthstore.com\/fr\/\",\"logo\":{\"@type\":\"ImageObject\",\"inLanguage\":\"fr-FR\",\"@id\":\"https:\/\/dutchhealthstore.com\/fr\/#\/schema\/logo\/image\/\",\"url\":\"https:\/\/dutchhealthstore.com\/wp-content\/uploads\/2020\/08\/logo-dutchhealthstore-jpg-e1599484957574.jpg\",\"contentUrl\":\"https:\/\/dutchhealthstore.com\/wp-content\/uploads\/2020\/08\/logo-dutchhealthstore-jpg-e1599484957574.jpg\",\"width\":400,\"height\":62,\"caption\":\"Dutch Health Store\"},\"image\":{\"@id\":\"https:\/\/dutchhealthstore.com\/fr\/#\/schema\/logo\/image\/\"},\"sameAs\":[\"https:\/\/www.instagram.com\/dutchhealthstore\/\",\"https:\/\/www.facebook.com\/dutchhealthstore\"]}]}<\/script>\n<meta property=\"product:brand\" content=\"Living Libations\" \/>\n<meta property=\"og:availability\" content=\"instock\" \/>\n<meta property=\"product:availability\" content=\"instock\" \/>\n<meta property=\"product:condition\" content=\"new\" \/>\n<!-- \/ Yoast SEO Premium plugin. -->","yoast_head_json":{"title":"Lucky Love Butter | Living Libations","description":"Living libations Lucky Love Butter ne manqueront pas d'emm\u00ealer hanches et l\u00e8vres avec ses saveurs chocolat\u00e9es \u00e0 savourer et ses sensations \u00e0 faire fr\u00e9mir.","robots":{"index":"index","follow":"follow","max-snippet":"max-snippet:-1","max-image-preview":"max-image-preview:large","max-video-preview":"max-video-preview:-1"},"canonical":"https:\/\/dutchhealthstore.com\/fr\/product\/lucky-love-butter\/","og_locale":"fr_FR","og_type":"article","og_title":"Lucky Love Butter - Dutch Health Store","og_description":"Living libations Lucky Love Butter ne manqueront pas d'emm\u00ealer hanches et l\u00e8vres avec ses saveurs chocolat\u00e9es \u00e0 savourer et ses sensations \u00e0 faire fr\u00e9mir.","og_url":"https:\/\/dutchhealthstore.com\/fr\/product\/lucky-love-butter\/","og_site_name":"Dutch Health Store","article_publisher":"https:\/\/www.instagram.com\/dutchhealthstore\/","article_modified_time":"2024-11-22T10:47:33+00:00","og_image":[{"width":500,"height":501,"url":"https:\/\/dutchhealthstore.com\/wp-content\/uploads\/2020\/06\/Living-Libations-Lucky-Love-Butter-e1591707742627.jpg","type":"image\/jpeg"}],"twitter_card":"summary_large_image","twitter_misc":{"Disponibilit\u00e9":"En stock"},"schema":{"@context":"https:\/\/schema.org","@graph":[{"@type":"WebPage","@id":"https:\/\/dutchhealthstore.com\/fr\/product\/lucky-love-butter\/","url":"https:\/\/dutchhealthstore.com\/fr\/product\/lucky-love-butter\/","name":"Lucky Love Butter | Living Libations","isPartOf":{"@id":"https:\/\/dutchhealthstore.com\/fr\/#website"},"primaryImageOfPage":{"@id":"https:\/\/dutchhealthstore.com\/fr\/product\/lucky-love-butter\/#primaryimage"},"image":{"@id":"https:\/\/dutchhealthstore.com\/fr\/product\/lucky-love-butter\/#primaryimage"},"thumbnailUrl":"https:\/\/dutchhealthstore.com\/wp-content\/uploads\/2020\/06\/Living-Libations-Lucky-Love-Butter-e1591707742627.jpg","datePublished":"2020-06-09T13:07:23+00:00","dateModified":"2024-11-22T10:47:33+00:00","description":"Living libations Lucky Love Butter ne manqueront pas d'emm\u00ealer hanches et l\u00e8vres avec ses saveurs chocolat\u00e9es \u00e0 savourer et ses sensations \u00e0 faire fr\u00e9mir.","breadcrumb":{"@id":"https:\/\/dutchhealthstore.com\/fr\/product\/lucky-love-butter\/#breadcrumb"},"inLanguage":"fr-FR","potentialAction":[{"@type":"ReadAction","target":["https:\/\/dutchhealthstore.com\/fr\/product\/lucky-love-butter\/"]}]},{"@type":"ImageObject","inLanguage":"fr-FR","@id":"https:\/\/dutchhealthstore.com\/fr\/product\/lucky-love-butter\/#primaryimage","url":"https:\/\/dutchhealthstore.com\/wp-content\/uploads\/2020\/06\/Living-Libations-Lucky-Love-Butter-e1591707742627.jpg","contentUrl":"https:\/\/dutchhealthstore.com\/wp-content\/uploads\/2020\/06\/Living-Libations-Lucky-Love-Butter-e1591707742627.jpg","width":500,"height":501},{"@type":"BreadcrumbList","@id":"https:\/\/dutchhealthstore.com\/fr\/product\/lucky-love-butter\/#breadcrumb","itemListElement":[{"@type":"ListItem","position":1,"name":"Home","item":"https:\/\/dutchhealthstore.com\/fr\/"},{"@type":"ListItem","position":2,"name":"Shop","item":"https:\/\/dutchhealthstore.com\/fr\/shop\/"},{"@type":"ListItem","position":3,"name":"Lucky Love Butter"}]},{"@type":"WebSite","@id":"https:\/\/dutchhealthstore.com\/fr\/#website","url":"https:\/\/dutchhealthstore.com\/fr\/","name":"Dutch Health Store","description":"Enhance Your Beauty with Organic &amp; Natural Skincare","publisher":{"@id":"https:\/\/dutchhealthstore.com\/fr\/#organization"},"potentialAction":[{"@type":"SearchAction","target":{"@type":"EntryPoint","urlTemplate":"https:\/\/dutchhealthstore.com\/fr\/?s={search_term_string}"},"query-input":{"@type":"PropertyValueSpecification","valueRequired":true,"valueName":"search_term_string"}}],"inLanguage":"fr-FR"},{"@type":"Organization","@id":"https:\/\/dutchhealthstore.com\/fr\/#organization","name":"Dutch Health Store","url":"https:\/\/dutchhealthstore.com\/fr\/","logo":{"@type":"ImageObject","inLanguage":"fr-FR","@id":"https:\/\/dutchhealthstore.com\/fr\/#\/schema\/logo\/image\/","url":"https:\/\/dutchhealthstore.com\/wp-content\/uploads\/2020\/08\/logo-dutchhealthstore-jpg-e1599484957574.jpg","contentUrl":"https:\/\/dutchhealthstore.com\/wp-content\/uploads\/2020\/08\/logo-dutchhealthstore-jpg-e1599484957574.jpg","width":400,"height":62,"caption":"Dutch Health Store"},"image":{"@id":"https:\/\/dutchhealthstore.com\/fr\/#\/schema\/logo\/image\/"},"sameAs":["https:\/\/www.instagram.com\/dutchhealthstore\/","https:\/\/www.facebook.com\/dutchhealthstore"]}]},"product_brand":"Living Libations","og_availability":"instock","product_availability":"instock","product_condition":"new"},"_links":{"self":[{"href":"https:\/\/dutchhealthstore.com\/fr\/wp-json\/wp\/v2\/product\/129887","targetHints":{"allow":["GET"]}}],"collection":[{"href":"https:\/\/dutchhealthstore.com\/fr\/wp-json\/wp\/v2\/product"}],"about":[{"href":"https:\/\/dutchhealthstore.com\/fr\/wp-json\/wp\/v2\/types\/product"}],"replies":[{"embeddable":true,"href":"https:\/\/dutchhealthstore.com\/fr\/wp-json\/wp\/v2\/comments?post=129887"}],"wp:featuredmedia":[{"embeddable":true,"href":"https:\/\/dutchhealthstore.com\/fr\/wp-json\/wp\/v2\/media\/105682"}],"wp:attachment":[{"href":"https:\/\/dutchhealthstore.com\/fr\/wp-json\/wp\/v2\/media?parent=129887"}],"wp:term":[{"taxonomy":"product_brand","embeddable":true,"href":"https:\/\/dutchhealthstore.com\/fr\/wp-json\/wp\/v2\/product_brand?post=129887"},{"taxonomy":"product_cat","embeddable":true,"href":"https:\/\/dutchhealthstore.com\/fr\/wp-json\/wp\/v2\/product_cat?post=129887"},{"taxonomy":"product_tag","embeddable":true,"href":"https:\/\/dutchhealthstore.com\/fr\/wp-json\/wp\/v2\/product_tag?post=129887"}],"curies":[{"name":"wp","href":"https:\/\/api.w.org\/{rel}","templated":true}]}}