{"id":129858,"date":"2020-08-04T06:17:51","date_gmt":"2020-08-04T04:17:51","guid":{"rendered":"https:\/\/dutchhealthstore.com\/product\/australian-heather-essential-oil\/"},"modified":"2023-03-02T08:09:11","modified_gmt":"2023-03-02T08:09:11","slug":"australian-heather-essential-oil","status":"publish","type":"product","link":"https:\/\/dutchhealthstore.com\/fr\/product\/australian-heather-essential-oil\/","title":{"rendered":"Australian Heather Essential Oil"},"content":{"rendered":"<p><strong><img decoding=\"async\" class=\"size-full wp-image-69549 alignright\" src=\"https:\/\/dutchhealthstore.com\/wp-content\/uploads\/2019\/08\/NEW-Living-Libations-Logo.jpg\" alt=\"NEW - Living Libations - Logo\" width=\"175\" height=\"82\">Nom botanique :<\/strong> Calytrix exstipulata<br \/>\n<strong>Famille botanique :<\/strong> Myrtaceae<br \/>\n<strong>Extraction M\u00e9thode :<\/strong> distillation \u00e0 la vapeur<br \/>\n<strong>Pays d&rsquo;origine :<\/strong> Australie occidentale<br \/>\n<strong>M\u00e9thode de culture :<\/strong> R\u00e9colte sauvage<br \/>\n<strong>Composition :<\/strong> 100% Calytrix exstipulata<br \/>\n<strong>Consistance :<\/strong> Mince-Moyen<br \/>\n<strong>Partie de la plante distill\u00e9e :<\/strong> Fleurs<\/p>\n<h3>Description de l&rsquo;odeur<\/h3>\n<p>Des \u00e9clats d&rsquo;agrumes, des effluves floraux, avec une rhapsodie bois\u00e9e.<\/p>\n<h3>Se marie bien avec<\/h3>\n<p>Orange sanguine, g\u00e9ranium, n\u00e9roli, rosalina, myrte citronn\u00e9, lavande, \u00e9pinette noire, sapin blanc, sapin argent\u00e9, sapin de Douglas, encens, ylang, rose, n\u00e9roli et bergamote.<\/p>\n<h3>Utilisations<\/h3>\n<p>Parfait dans les parfums en tant qu&rsquo;essence \u00e0 note unique ou combin\u00e9 avec d&rsquo;autres huiles pour un parfum complexe. Diffusez de la lavande pour remplir une pi\u00e8ce d&rsquo;un champ de fleurs. Baignez-vous dans sa beaut\u00e9 avec une goutte de sa ros\u00e9e. Reconstituant dans les m\u00e9langes et les huiles de massage.<\/p>\n<p>La bruy\u00e8re australienne est une fleur intens\u00e9ment parfum\u00e9e ; son ar\u00f4me commence par une note vive et citronn\u00e9e, suivie d&rsquo;une note de milieu herbac\u00e9e verte, puis de notes florales et bois\u00e9es. Le parfum est rafra\u00eechissant et tonifiant plut\u00f4t que super-sucr\u00e9.<br \/>\nCe glorieux arbuste \u00e0 fleurs rose \u00e9toil\u00e9 pousse en grandes \u00e9tendues dans les Kimberleys, dans l&rsquo;ouest sauvage de l&rsquo;Australie. Seuls 10% des fleurs d&rsquo;un arbuste sont r\u00e9colt\u00e9s \u00e0 la main sur ces plantes sauvages. Les fleurs sont lentement distill\u00e9es \u00e0 la vapeur pour lib\u00e9rer l&rsquo;ar\u00f4me floral et de plein champ de la bruy\u00e8re australienne. Il est consid\u00e9r\u00e9 comme l&rsquo;un des plus beaux parfums du monde.<\/p>\n<p><strong>Taille : 2,5 ml<\/strong><\/p>\n<h3>Ingr\u00e9dients biologiques<\/h3>\n<p>100% huile essentielle de bruy\u00e8re australienne (Calytrix exstipulata).<\/p>\n<p><img fetchpriority=\"high\" decoding=\"async\" class=\"size-medium wp-image-68103 aligncenter\" src=\"https:\/\/dutchhealthstore.com\/wp-content\/uploads\/2018\/02\/Living-Libations-Organic-Logo-800x89.png\" alt=\"Living Libations - Organic Logo\" width=\"800\" height=\"89\" srcset=\"https:\/\/dutchhealthstore.com\/wp-content\/uploads\/2018\/02\/Living-Libations-Organic-Logo-800x89.png 800w, https:\/\/dutchhealthstore.com\/wp-content\/uploads\/2018\/02\/Living-Libations-Organic-Logo-510x57.png 510w, https:\/\/dutchhealthstore.com\/wp-content\/uploads\/2018\/02\/Living-Libations-Organic-Logo-768x85.png 768w, https:\/\/dutchhealthstore.com\/wp-content\/uploads\/2018\/02\/Living-Libations-Organic-Logo.png 1400w\" sizes=\"(max-width: 800px) 100vw, 800px\" \/><\/p>\n","protected":false},"excerpt":{"rendered":"<p>Inhalez le plus beau parfum floral de l&rsquo;Outback, <strong>Australian Heather Essential Oil<\/strong> est brillamment floral avec des nuances propres et une finition bois\u00e9e. Cette essence charmante et pimpante est un parfait parfum \u00e0 note unique, la ros\u00e9e pour faire fleurir un bain, et une mani\u00e8re vibrante de d\u00e9samorcer le plaisir dans une pi\u00e8ce.<\/p>\n","protected":false},"featured_media":117609,"comment_status":"open","ping_status":"closed","template":"","meta":[],"product_brand":[],"product_cat":[6734,1507,1211,1047,1209,1030,3757,1010,6733],"product_tag":[4495],"class_list":{"0":"post-129858","1":"product","2":"type-product","3":"status-publish","4":"has-post-thumbnail","6":"product_cat-essential-oils","7":"product_cat-plantes-huiles-essentielles-living-libations","8":"product_cat-living-libations-france","9":"product_cat-nos-collections","10":"product_cat-par-marques","11":"product_cat-par-produits","12":"product_cat-plantes-huiles-essentielles","13":"product_cat-notre-boutique","14":"product_cat-wellness-fr-2","15":"product_tag-essential-oil-fr","16":"pa_brand-livinglibations-fr","17":"pa_essential-oils-product-type-essential-oils-fr","18":"pa_size-2-5-ml-fr","20":"first","21":"instock","22":"taxable","23":"shipping-taxable","24":"purchasable","25":"product-type-simple"},"bundled_by":[],"bundle_stock_status":"instock","bundle_stock_quantity":3,"bundle_virtual":false,"bundle_layout":"","bundle_add_to_cart_form_location":"","bundle_editable_in_cart":false,"bundle_sold_individually_context":"","bundle_item_grouping":"","bundle_min_size":"","bundle_max_size":"","bundle_price":[],"bundled_items":[],"bundle_sell_ids":[],"atum_controlled":true,"out_stock_date":null,"out_stock_threshold":null,"inheritable":false,"stock_on_hold":0,"sold_today":0,"sales_last_days":0,"out_stock_days":0,"lost_sales":0,"update_date":"2026-04-27T00:13:07","atum_locations":[],"atum_stock_status":"instock","restock_status":false,"low_stock_amount":"","sales_update_date":"2026-04-27T00:13:07","calc_backorders":null,"group_of_quantity":0,"min_quantity":0,"max_quantity":"","exclude_order_quantity_value_rules":"no","exclude_category_quantity_rules":"no","combine_variations":"no","yoast_head":"<!-- This site is optimized with the Yoast SEO Premium plugin v26.5 (Yoast SEO v26.5) - https:\/\/yoast.com\/wordpress\/plugins\/seo\/ -->\n<title>Australian Heather Essential Oil | Living Libations<\/title>\n<meta name=\"description\" content=\"Inhalez le plus beau parfum floral de l&#039;Outback, Australian Heather Essential Oil est brillamment floral avec des nuances propres et une finition bois\u00e9e.\" \/>\n<meta name=\"robots\" content=\"index, follow, max-snippet:-1, max-image-preview:large, max-video-preview:-1\" \/>\n<link rel=\"canonical\" href=\"https:\/\/dutchhealthstore.com\/fr\/product\/australian-heather-essential-oil\/\" \/>\n<meta property=\"og:locale\" content=\"fr_FR\" \/>\n<meta property=\"og:type\" content=\"article\" \/>\n<meta property=\"og:title\" content=\"Australian Heather Essential Oil - Dutch Health Store\" \/>\n<meta property=\"og:description\" content=\"Inhalez le plus beau parfum floral de l&#039;Outback, Australian Heather Essential Oil est brillamment floral avec des nuances propres et une finition bois\u00e9e.\" \/>\n<meta property=\"og:url\" content=\"https:\/\/dutchhealthstore.com\/fr\/product\/australian-heather-essential-oil\/\" \/>\n<meta property=\"og:site_name\" content=\"Dutch Health Store\" \/>\n<meta property=\"article:publisher\" content=\"https:\/\/www.instagram.com\/dutchhealthstore\/\" \/>\n<meta property=\"article:modified_time\" content=\"2023-03-02T08:09:11+00:00\" \/>\n<meta property=\"og:image\" content=\"https:\/\/dutchhealthstore.com\/wp-content\/uploads\/2020\/08\/Living-Libations-Australian-Heather-Essential-Oil-e1596521679148.png\" \/>\n\t<meta property=\"og:image:width\" content=\"500\" \/>\n\t<meta property=\"og:image:height\" content=\"500\" \/>\n\t<meta property=\"og:image:type\" content=\"image\/jpeg\" \/>\n<meta name=\"twitter:card\" content=\"summary_large_image\" \/>\n<meta name=\"twitter:label1\" content=\"Prix\" \/>\n\t<meta name=\"twitter:data1\" content=\"&euro;100,00\" \/>\n\t<meta name=\"twitter:label2\" content=\"Disponibilit\u00e9\" \/>\n\t<meta name=\"twitter:data2\" content=\"En stock\" \/>\n<script type=\"application\/ld+json\" class=\"yoast-schema-graph\">{\"@context\":\"https:\/\/schema.org\",\"@graph\":[{\"@type\":\"WebPage\",\"@id\":\"https:\/\/dutchhealthstore.com\/fr\/product\/australian-heather-essential-oil\/\",\"url\":\"https:\/\/dutchhealthstore.com\/fr\/product\/australian-heather-essential-oil\/\",\"name\":\"Australian Heather Essential Oil | Living Libations\",\"isPartOf\":{\"@id\":\"https:\/\/dutchhealthstore.com\/fr\/#website\"},\"primaryImageOfPage\":{\"@id\":\"https:\/\/dutchhealthstore.com\/fr\/product\/australian-heather-essential-oil\/#primaryimage\"},\"image\":{\"@id\":\"https:\/\/dutchhealthstore.com\/fr\/product\/australian-heather-essential-oil\/#primaryimage\"},\"thumbnailUrl\":\"https:\/\/dutchhealthstore.com\/wp-content\/uploads\/2020\/08\/Living-Libations-Australian-Heather-Essential-Oil-e1596521679148.png\",\"datePublished\":\"2020-08-04T04:17:51+00:00\",\"dateModified\":\"2023-03-02T08:09:11+00:00\",\"description\":\"Inhalez le plus beau parfum floral de l'Outback, Australian Heather Essential Oil est brillamment floral avec des nuances propres et une finition bois\u00e9e.\",\"breadcrumb\":{\"@id\":\"https:\/\/dutchhealthstore.com\/fr\/product\/australian-heather-essential-oil\/#breadcrumb\"},\"inLanguage\":\"fr-FR\",\"potentialAction\":[{\"@type\":\"ReadAction\",\"target\":[\"https:\/\/dutchhealthstore.com\/fr\/product\/australian-heather-essential-oil\/\"]}]},{\"@type\":\"ImageObject\",\"inLanguage\":\"fr-FR\",\"@id\":\"https:\/\/dutchhealthstore.com\/fr\/product\/australian-heather-essential-oil\/#primaryimage\",\"url\":\"https:\/\/dutchhealthstore.com\/wp-content\/uploads\/2020\/08\/Living-Libations-Australian-Heather-Essential-Oil-e1596521679148.png\",\"contentUrl\":\"https:\/\/dutchhealthstore.com\/wp-content\/uploads\/2020\/08\/Living-Libations-Australian-Heather-Essential-Oil-e1596521679148.png\",\"width\":500,\"height\":500,\"caption\":\"Living Libations Australian Heather Essential Oil\"},{\"@type\":\"BreadcrumbList\",\"@id\":\"https:\/\/dutchhealthstore.com\/fr\/product\/australian-heather-essential-oil\/#breadcrumb\",\"itemListElement\":[{\"@type\":\"ListItem\",\"position\":1,\"name\":\"Home\",\"item\":\"https:\/\/dutchhealthstore.com\/fr\/\"},{\"@type\":\"ListItem\",\"position\":2,\"name\":\"Shop\",\"item\":\"https:\/\/dutchhealthstore.com\/fr\/shop\/\"},{\"@type\":\"ListItem\",\"position\":3,\"name\":\"Australian Heather Essential Oil\"}]},{\"@type\":\"WebSite\",\"@id\":\"https:\/\/dutchhealthstore.com\/fr\/#website\",\"url\":\"https:\/\/dutchhealthstore.com\/fr\/\",\"name\":\"Dutch Health Store\",\"description\":\"Enhance Your Beauty with Organic &amp; Natural Skincare\",\"publisher\":{\"@id\":\"https:\/\/dutchhealthstore.com\/fr\/#organization\"},\"potentialAction\":[{\"@type\":\"SearchAction\",\"target\":{\"@type\":\"EntryPoint\",\"urlTemplate\":\"https:\/\/dutchhealthstore.com\/fr\/?s={search_term_string}\"},\"query-input\":{\"@type\":\"PropertyValueSpecification\",\"valueRequired\":true,\"valueName\":\"search_term_string\"}}],\"inLanguage\":\"fr-FR\"},{\"@type\":\"Organization\",\"@id\":\"https:\/\/dutchhealthstore.com\/fr\/#organization\",\"name\":\"Dutch Health Store\",\"url\":\"https:\/\/dutchhealthstore.com\/fr\/\",\"logo\":{\"@type\":\"ImageObject\",\"inLanguage\":\"fr-FR\",\"@id\":\"https:\/\/dutchhealthstore.com\/fr\/#\/schema\/logo\/image\/\",\"url\":\"https:\/\/dutchhealthstore.com\/wp-content\/uploads\/2020\/08\/logo-dutchhealthstore-jpg-e1599484957574.jpg\",\"contentUrl\":\"https:\/\/dutchhealthstore.com\/wp-content\/uploads\/2020\/08\/logo-dutchhealthstore-jpg-e1599484957574.jpg\",\"width\":400,\"height\":62,\"caption\":\"Dutch Health Store\"},\"image\":{\"@id\":\"https:\/\/dutchhealthstore.com\/fr\/#\/schema\/logo\/image\/\"},\"sameAs\":[\"https:\/\/www.instagram.com\/dutchhealthstore\/\",\"https:\/\/www.facebook.com\/dutchhealthstore\"]}]}<\/script>\n<meta property=\"product:brand\" content=\"Living Libations\" \/>\n<meta property=\"product:price:amount\" content=\"100.00\" \/>\n<meta property=\"product:price:currency\" content=\"EUR\" \/>\n<meta property=\"og:availability\" content=\"instock\" \/>\n<meta property=\"product:availability\" content=\"instock\" \/>\n<meta property=\"product:condition\" content=\"new\" \/>\n<!-- \/ Yoast SEO Premium plugin. -->","yoast_head_json":{"title":"Australian Heather Essential Oil | Living Libations","description":"Inhalez le plus beau parfum floral de l'Outback, Australian Heather Essential Oil est brillamment floral avec des nuances propres et une finition bois\u00e9e.","robots":{"index":"index","follow":"follow","max-snippet":"max-snippet:-1","max-image-preview":"max-image-preview:large","max-video-preview":"max-video-preview:-1"},"canonical":"https:\/\/dutchhealthstore.com\/fr\/product\/australian-heather-essential-oil\/","og_locale":"fr_FR","og_type":"article","og_title":"Australian Heather Essential Oil - Dutch Health Store","og_description":"Inhalez le plus beau parfum floral de l'Outback, Australian Heather Essential Oil est brillamment floral avec des nuances propres et une finition bois\u00e9e.","og_url":"https:\/\/dutchhealthstore.com\/fr\/product\/australian-heather-essential-oil\/","og_site_name":"Dutch Health Store","article_publisher":"https:\/\/www.instagram.com\/dutchhealthstore\/","article_modified_time":"2023-03-02T08:09:11+00:00","og_image":[{"width":500,"height":500,"url":"https:\/\/dutchhealthstore.com\/wp-content\/uploads\/2020\/08\/Living-Libations-Australian-Heather-Essential-Oil-e1596521679148.png","type":"image\/jpeg"}],"twitter_card":"summary_large_image","twitter_misc":{"Prix":"&euro;100,00","Disponibilit\u00e9":"En stock"},"schema":{"@context":"https:\/\/schema.org","@graph":[{"@type":"WebPage","@id":"https:\/\/dutchhealthstore.com\/fr\/product\/australian-heather-essential-oil\/","url":"https:\/\/dutchhealthstore.com\/fr\/product\/australian-heather-essential-oil\/","name":"Australian Heather Essential Oil | Living Libations","isPartOf":{"@id":"https:\/\/dutchhealthstore.com\/fr\/#website"},"primaryImageOfPage":{"@id":"https:\/\/dutchhealthstore.com\/fr\/product\/australian-heather-essential-oil\/#primaryimage"},"image":{"@id":"https:\/\/dutchhealthstore.com\/fr\/product\/australian-heather-essential-oil\/#primaryimage"},"thumbnailUrl":"https:\/\/dutchhealthstore.com\/wp-content\/uploads\/2020\/08\/Living-Libations-Australian-Heather-Essential-Oil-e1596521679148.png","datePublished":"2020-08-04T04:17:51+00:00","dateModified":"2023-03-02T08:09:11+00:00","description":"Inhalez le plus beau parfum floral de l'Outback, Australian Heather Essential Oil est brillamment floral avec des nuances propres et une finition bois\u00e9e.","breadcrumb":{"@id":"https:\/\/dutchhealthstore.com\/fr\/product\/australian-heather-essential-oil\/#breadcrumb"},"inLanguage":"fr-FR","potentialAction":[{"@type":"ReadAction","target":["https:\/\/dutchhealthstore.com\/fr\/product\/australian-heather-essential-oil\/"]}]},{"@type":"ImageObject","inLanguage":"fr-FR","@id":"https:\/\/dutchhealthstore.com\/fr\/product\/australian-heather-essential-oil\/#primaryimage","url":"https:\/\/dutchhealthstore.com\/wp-content\/uploads\/2020\/08\/Living-Libations-Australian-Heather-Essential-Oil-e1596521679148.png","contentUrl":"https:\/\/dutchhealthstore.com\/wp-content\/uploads\/2020\/08\/Living-Libations-Australian-Heather-Essential-Oil-e1596521679148.png","width":500,"height":500,"caption":"Living Libations Australian Heather Essential Oil"},{"@type":"BreadcrumbList","@id":"https:\/\/dutchhealthstore.com\/fr\/product\/australian-heather-essential-oil\/#breadcrumb","itemListElement":[{"@type":"ListItem","position":1,"name":"Home","item":"https:\/\/dutchhealthstore.com\/fr\/"},{"@type":"ListItem","position":2,"name":"Shop","item":"https:\/\/dutchhealthstore.com\/fr\/shop\/"},{"@type":"ListItem","position":3,"name":"Australian Heather Essential Oil"}]},{"@type":"WebSite","@id":"https:\/\/dutchhealthstore.com\/fr\/#website","url":"https:\/\/dutchhealthstore.com\/fr\/","name":"Dutch Health Store","description":"Enhance Your Beauty with Organic &amp; Natural Skincare","publisher":{"@id":"https:\/\/dutchhealthstore.com\/fr\/#organization"},"potentialAction":[{"@type":"SearchAction","target":{"@type":"EntryPoint","urlTemplate":"https:\/\/dutchhealthstore.com\/fr\/?s={search_term_string}"},"query-input":{"@type":"PropertyValueSpecification","valueRequired":true,"valueName":"search_term_string"}}],"inLanguage":"fr-FR"},{"@type":"Organization","@id":"https:\/\/dutchhealthstore.com\/fr\/#organization","name":"Dutch Health Store","url":"https:\/\/dutchhealthstore.com\/fr\/","logo":{"@type":"ImageObject","inLanguage":"fr-FR","@id":"https:\/\/dutchhealthstore.com\/fr\/#\/schema\/logo\/image\/","url":"https:\/\/dutchhealthstore.com\/wp-content\/uploads\/2020\/08\/logo-dutchhealthstore-jpg-e1599484957574.jpg","contentUrl":"https:\/\/dutchhealthstore.com\/wp-content\/uploads\/2020\/08\/logo-dutchhealthstore-jpg-e1599484957574.jpg","width":400,"height":62,"caption":"Dutch Health Store"},"image":{"@id":"https:\/\/dutchhealthstore.com\/fr\/#\/schema\/logo\/image\/"},"sameAs":["https:\/\/www.instagram.com\/dutchhealthstore\/","https:\/\/www.facebook.com\/dutchhealthstore"]}]},"product_brand":"Living Libations","product_price_amount":"100.00","product_price_currency":"EUR","og_availability":"instock","product_availability":"instock","product_condition":"new"},"_links":{"self":[{"href":"https:\/\/dutchhealthstore.com\/fr\/wp-json\/wp\/v2\/product\/129858","targetHints":{"allow":["GET"]}}],"collection":[{"href":"https:\/\/dutchhealthstore.com\/fr\/wp-json\/wp\/v2\/product"}],"about":[{"href":"https:\/\/dutchhealthstore.com\/fr\/wp-json\/wp\/v2\/types\/product"}],"replies":[{"embeddable":true,"href":"https:\/\/dutchhealthstore.com\/fr\/wp-json\/wp\/v2\/comments?post=129858"}],"wp:featuredmedia":[{"embeddable":true,"href":"https:\/\/dutchhealthstore.com\/fr\/wp-json\/wp\/v2\/media\/117609"}],"wp:attachment":[{"href":"https:\/\/dutchhealthstore.com\/fr\/wp-json\/wp\/v2\/media?parent=129858"}],"wp:term":[{"taxonomy":"product_brand","embeddable":true,"href":"https:\/\/dutchhealthstore.com\/fr\/wp-json\/wp\/v2\/product_brand?post=129858"},{"taxonomy":"product_cat","embeddable":true,"href":"https:\/\/dutchhealthstore.com\/fr\/wp-json\/wp\/v2\/product_cat?post=129858"},{"taxonomy":"product_tag","embeddable":true,"href":"https:\/\/dutchhealthstore.com\/fr\/wp-json\/wp\/v2\/product_tag?post=129858"}],"curies":[{"name":"wp","href":"https:\/\/api.w.org\/{rel}","templated":true}]}}