{"id":129809,"date":"2020-10-01T08:28:13","date_gmt":"2020-10-01T08:28:13","guid":{"rendered":"https:\/\/dutchhealthstore.com\/product\/frankincense-fresh-floss\/"},"modified":"2026-04-14T13:56:44","modified_gmt":"2026-04-14T11:56:44","slug":"frankincense-fresh-floss","status":"publish","type":"product","link":"https:\/\/dutchhealthstore.com\/fr\/product\/frankincense-fresh-floss\/","title":{"rendered":"Frankincense Fresh Floss"},"content":{"rendered":"<p><strong><img decoding=\"async\" class=\"size-full wp-image-37041 alignright\" src=\"https:\/\/dutchhealthstore.com\/wp-content\/uploads\/2018\/04\/Living_Libations-1.png\" alt=\"Organic &amp; Natural Beautyproducts - Living Libations\" width=\"175\" height=\"82\">Frankincense Fresh Floss<\/strong> est un fil doux, non d\u00e9chiquet\u00e9 et polyvalent, destin\u00e9 aux personnes ayant des espaces restreints ou larges, et m\u00eame aux personnes portant un appareil dentaire. Sa douceur soyeuse est agr\u00e9able pour les gencives, la langue et les doigts.<\/p>\n<p>Le fil est compos\u00e9 \u00e0 100% de soie de m\u00fbrier, la plus fine de toutes les soies disponibles. Les vers \u00e0 soie nourris de feuilles de m\u00fbrier produisent de longues fibres raffin\u00e9es, d&rsquo;un blanc pur, qui sont fil\u00e9es en fils durables et brillants. Chaque fil est enrob\u00e9 de cire de Candelilla biologique, de sorte que le fil dentaire glisse m\u00eame dans les espaces interdentaires les plus \u00e9troits. La cire est infus\u00e9e avec notre huile essentielle d&rsquo;encens biologique et un soup\u00e7on de menthe poivr\u00e9e pour une fra\u00eecheur parfaite.<\/p>\n<p>L&rsquo;huile essentielle d&rsquo;encens est utilis\u00e9e depuis des milliers d&rsquo;ann\u00e9es au Moyen-Orient pour favoriser des dents propres et une haleine fra\u00eeche. Il existe une tradition orale selon laquelle les gens m\u00e2chaient de la r\u00e9sine d&rsquo;encens ou des \u00ab\u00a0perles\u00a0\u00bb pour se soigner les dents. Ce botanique-biotique riche en monoterp\u00e8nes aide \u00e0 \u00e9liminer la plaque dentaire et les bact\u00e9ries responsables de la mauvaise haleine.<\/p>\n<p>Le fil dentaire Frankincense Fresh se marie parfaitement avec le s\u00e9rum dentaire Mint + Myrrh, les Happy Gum Drops, le Swishing Serum et le dentifrice Frankincense Fresh.<\/p>\n<h3>Comment l&rsquo;utiliser:<\/h3>\n<p>Apr\u00e8s le brossage, appliquez une goutte de votre s\u00e9rum de soin buccal pr\u00e9f\u00e9r\u00e9 sur le fil dentaire, enroulez environ 45 cm de fil dentaire autour des doigts et serrez. Faites glisser le fil entre les dents, courbez-le autour d&rsquo;une dent et nettoyez entre la dent et la gencive en effectuant de l\u00e9gers mouvements de haut en bas. R\u00e9p\u00e9tez l&rsquo;op\u00e9ration entre chaque dent en utilisant une section propre du fil dentaire.<\/p>\n<h3 class=\"yikes-custom-woo-tab-title yikes-custom-woo-tab-title-natural-organic-ingredients\">Natural\/Organic Ingredients<\/h3>\n<p>Soie de m\u00fbrier naturelle, cire de candelilla, huile essentielle d&rsquo;encens (Boswellia carterii) et huile essentielle de menthe poivr\u00e9e (Mentha piperita).<\/p>\n<p><strong>Cire de candelilla <\/strong><em>(Euphorbia antisyphilitica ) &#8211; <\/em>Cette cire v\u00e9g\u00e9tale pure est r\u00e9colt\u00e9e sur les tiges de l&rsquo;arbuste Candelilla du d\u00e9sert. Les parties de la plante sont bouillies dans de l&rsquo;eau et la cire est \u00e9cum\u00e9e et mise en bouteille avant de recouvrir le fil de soie.<\/p>\n<p><strong> huile essentielle huileencens <\/strong><em>(Boswellia carterii)<\/em> &#8211; Une perle liquide d&rsquo;huile d&rsquo;onction sainte de l&rsquo;arbre de vie, notre encens provient du Somaliland o\u00f9 ils cultivent la plus haute qualit\u00e9 de gommiers. Cette essence pr\u00e9cieuse est utilis\u00e9e pour favoriser des dents propres et une haleine fra\u00eeche depuis des milliers d&rsquo;ann\u00e9es dans les r\u00e9gions du Moyen-Orient. Il est courant pour les Arabes de m\u00e2cher la r\u00e9sine. Ils connaissent sa capacit\u00e9 \u00e0 \u00e9liminer les bact\u00e9ries responsables de la mauvaise haleine et \u00e0 contribuer \u00e0 l&rsquo;\u00e9limination de la plaque dentaire.<\/p>\n<p><strong> huile essentielle huile menthe poivr\u00e9e<\/strong><em>(Mentha piperita<\/em>) &#8211; Le go\u00fbt frais de la menthe poivr\u00e9e vous procure une haleine fra\u00eeche et durable. Notre menthe poivr\u00e9e est une v\u00e9ritable distillation des feuilles fra\u00eeches et provient d&rsquo;une charmante famille de distillateurs de quatri\u00e8me g\u00e9n\u00e9ration en France. La vraie menthe poivr\u00e9e est un ami potentiel et agr\u00e9able pour les soins de la bouche. Sa nature calme et fra\u00eeche inhibe \u00e9galement les bact\u00e9ries \u00e0 l&rsquo;origine de la mauvaise haleine.<\/p>\n<p>&nbsp;<\/p>\n<p><img fetchpriority=\"high\" decoding=\"async\" class=\"size-medium wp-image-68103 aligncenter\" src=\"https:\/\/dutchhealthstore.com\/wp-content\/uploads\/2018\/02\/Living-Libations-Organic-Logo-800x89.png\" alt=\"Living Libations - Organic Logo\" width=\"800\" height=\"89\" srcset=\"https:\/\/dutchhealthstore.com\/wp-content\/uploads\/2018\/02\/Living-Libations-Organic-Logo-800x89.png 800w, https:\/\/dutchhealthstore.com\/wp-content\/uploads\/2018\/02\/Living-Libations-Organic-Logo-510x57.png 510w, https:\/\/dutchhealthstore.com\/wp-content\/uploads\/2018\/02\/Living-Libations-Organic-Logo-768x85.png 768w, https:\/\/dutchhealthstore.com\/wp-content\/uploads\/2018\/02\/Living-Libations-Organic-Logo.png 1400w\" sizes=\"(max-width: 800px) 100vw, 800px\" \/><\/p>\n","protected":false},"excerpt":{"rendered":"<p>Les fils de soie s&rsquo;enroulent et se prom\u00e8nent autour de vos perles pour nettoyer luxueusement les espaces interm\u00e9diaires. Une finition opulente d&rsquo;encens sur chaque fil fournit des essences apaisantes, rafra\u00eechissantes et nettoyantes pour les gencives, les dents et la langue.<\/p>\n<p><strong>Frankincense Fresh Floss<\/strong> est magnifiquement enroul\u00e9 dans un distributeur cylindrique en verre et en acier inoxydable. Le fil de soie est enti\u00e8rement biod\u00e9gradable, son pot et son couvercle sont recyclables, mais surtout, la bouteille de fil de soie en verre est un tr\u00e9sor intemporel qui peut \u00eatre rempli \u00e0 l&rsquo;infini.<\/p>\n","protected":false},"featured_media":126649,"comment_status":"open","ping_status":"closed","template":"","meta":[],"product_brand":[],"product_cat":[3784,2185,1037,1211,1209,1030,1010],"product_tag":[4456,21811,21438,21812],"class_list":{"0":"post-129809","1":"product","2":"type-product","3":"status-publish","4":"has-post-thumbnail","6":"product_cat-accessoires-fr","7":"product_cat-hygiene-dentaire-fr","8":"product_cat-hygiene-dentaire","9":"product_cat-living-libations-france","10":"product_cat-par-marques","11":"product_cat-par-produits","12":"product_cat-notre-boutique","13":"product_tag-dental-care-fr","14":"product_tag-natural-fr","15":"product_tag-outils","16":"product_tag-rafraichissant","17":"pa_bestsellers-goed-fr","18":"pa_brand-livinglibations-fr","19":"pa_dental-care-product-type-scrapers-floss-fr","20":"pa_gtin-7439657411496-fr","21":"pa_size-1-floss-fr","22":"pa_size-2-refill-rolls-fr","24":"first","25":"instock","26":"taxable","27":"shipping-taxable","28":"purchasable","29":"product-type-variable"},"bundled_by":[],"bundle_stock_status":"instock","bundle_stock_quantity":null,"bundle_virtual":false,"bundle_layout":"","bundle_add_to_cart_form_location":"","bundle_editable_in_cart":false,"bundle_sold_individually_context":"","bundle_item_grouping":"","bundle_min_size":"","bundle_max_size":"","bundle_price":[],"bundled_items":[],"bundle_sell_ids":[179391],"atum_controlled":true,"out_stock_date":null,"out_stock_threshold":null,"inheritable":true,"stock_on_hold":3,"sold_today":0,"sales_last_days":1,"out_stock_days":0,"lost_sales":0,"update_date":"2026-04-17T11:58:47","atum_locations":[],"atum_stock_status":"instock","restock_status":false,"low_stock_amount":"","sales_update_date":"2026-04-17T11:58:47","calc_backorders":null,"group_of_quantity":0,"min_quantity":0,"max_quantity":"","exclude_order_quantity_value_rules":"no","exclude_category_quantity_rules":"no","combine_variations":"no","yoast_head":"<!-- This site is optimized with the Yoast SEO Premium plugin v26.5 (Yoast SEO v26.5) - https:\/\/yoast.com\/wordpress\/plugins\/seo\/ -->\n<title>Frankincense Fresh Floss - Living Libations<\/title>\n<meta name=\"description\" content=\"Le fil dentaire Frankincense Fresh est un fil doux, non d\u00e9chiquet\u00e9 et polyvalent, destin\u00e9 aux personnes ayant des espaces restreints ou larges, et m\u00eame aux personnes portant un appareil dentaire.\" \/>\n<meta name=\"robots\" content=\"index, follow, max-snippet:-1, max-image-preview:large, max-video-preview:-1\" \/>\n<link rel=\"canonical\" href=\"https:\/\/dutchhealthstore.com\/fr\/product\/frankincense-fresh-floss\/\" \/>\n<meta property=\"og:locale\" content=\"fr_FR\" \/>\n<meta property=\"og:type\" content=\"article\" \/>\n<meta property=\"og:title\" content=\"Frankincense Fresh Floss - Dutch Health Store\" \/>\n<meta property=\"og:description\" content=\"Le fil dentaire Frankincense Fresh est un fil doux, non d\u00e9chiquet\u00e9 et polyvalent, destin\u00e9 aux personnes ayant des espaces restreints ou larges, et m\u00eame aux personnes portant un appareil dentaire.\" \/>\n<meta property=\"og:url\" content=\"https:\/\/dutchhealthstore.com\/fr\/product\/frankincense-fresh-floss\/\" \/>\n<meta property=\"og:site_name\" content=\"Dutch Health Store\" \/>\n<meta property=\"article:publisher\" content=\"https:\/\/www.instagram.com\/dutchhealthstore\/\" \/>\n<meta property=\"article:modified_time\" content=\"2026-04-14T11:56:44+00:00\" \/>\n<meta property=\"og:image\" content=\"https:\/\/dutchhealthstore.com\/wp-content\/uploads\/2020\/09\/Living-Libations-2-Frankincense-Fresh-Floss.jpg\" \/>\n\t<meta property=\"og:image:width\" content=\"500\" \/>\n\t<meta property=\"og:image:height\" content=\"500\" \/>\n\t<meta property=\"og:image:type\" content=\"image\/jpeg\" \/>\n<meta name=\"twitter:card\" content=\"summary_large_image\" \/>\n<meta name=\"twitter:label1\" content=\"Disponibilit\u00e9\" \/>\n\t<meta name=\"twitter:data1\" content=\"En stock\" \/>\n<script type=\"application\/ld+json\" class=\"yoast-schema-graph\">{\"@context\":\"https:\/\/schema.org\",\"@graph\":[{\"@type\":\"WebPage\",\"@id\":\"https:\/\/dutchhealthstore.com\/fr\/product\/frankincense-fresh-floss\/\",\"url\":\"https:\/\/dutchhealthstore.com\/fr\/product\/frankincense-fresh-floss\/\",\"name\":\"Frankincense Fresh Floss - Living Libations\",\"isPartOf\":{\"@id\":\"https:\/\/dutchhealthstore.com\/fr\/#website\"},\"primaryImageOfPage\":{\"@id\":\"https:\/\/dutchhealthstore.com\/fr\/product\/frankincense-fresh-floss\/#primaryimage\"},\"image\":{\"@id\":\"https:\/\/dutchhealthstore.com\/fr\/product\/frankincense-fresh-floss\/#primaryimage\"},\"thumbnailUrl\":\"https:\/\/dutchhealthstore.com\/wp-content\/uploads\/2020\/09\/Living-Libations-2-Frankincense-Fresh-Floss.jpg\",\"datePublished\":\"2020-10-01T08:28:13+00:00\",\"dateModified\":\"2026-04-14T11:56:44+00:00\",\"description\":\"Le fil dentaire Frankincense Fresh est un fil doux, non d\u00e9chiquet\u00e9 et polyvalent, destin\u00e9 aux personnes ayant des espaces restreints ou larges, et m\u00eame aux personnes portant un appareil dentaire.\",\"breadcrumb\":{\"@id\":\"https:\/\/dutchhealthstore.com\/fr\/product\/frankincense-fresh-floss\/#breadcrumb\"},\"inLanguage\":\"fr-FR\",\"potentialAction\":[{\"@type\":\"ReadAction\",\"target\":[\"https:\/\/dutchhealthstore.com\/fr\/product\/frankincense-fresh-floss\/\"]}]},{\"@type\":\"ImageObject\",\"inLanguage\":\"fr-FR\",\"@id\":\"https:\/\/dutchhealthstore.com\/fr\/product\/frankincense-fresh-floss\/#primaryimage\",\"url\":\"https:\/\/dutchhealthstore.com\/wp-content\/uploads\/2020\/09\/Living-Libations-2-Frankincense-Fresh-Floss.jpg\",\"contentUrl\":\"https:\/\/dutchhealthstore.com\/wp-content\/uploads\/2020\/09\/Living-Libations-2-Frankincense-Fresh-Floss.jpg\",\"width\":500,\"height\":500,\"caption\":\"Living Libations 2 Frankincense Fresh Floss\"},{\"@type\":\"BreadcrumbList\",\"@id\":\"https:\/\/dutchhealthstore.com\/fr\/product\/frankincense-fresh-floss\/#breadcrumb\",\"itemListElement\":[{\"@type\":\"ListItem\",\"position\":1,\"name\":\"Home\",\"item\":\"https:\/\/dutchhealthstore.com\/fr\/\"},{\"@type\":\"ListItem\",\"position\":2,\"name\":\"Shop\",\"item\":\"https:\/\/dutchhealthstore.com\/fr\/shop\/\"},{\"@type\":\"ListItem\",\"position\":3,\"name\":\"Frankincense Fresh Floss\"}]},{\"@type\":\"WebSite\",\"@id\":\"https:\/\/dutchhealthstore.com\/fr\/#website\",\"url\":\"https:\/\/dutchhealthstore.com\/fr\/\",\"name\":\"Dutch Health Store\",\"description\":\"Enhance Your Beauty with Organic &amp; Natural Skincare\",\"publisher\":{\"@id\":\"https:\/\/dutchhealthstore.com\/fr\/#organization\"},\"potentialAction\":[{\"@type\":\"SearchAction\",\"target\":{\"@type\":\"EntryPoint\",\"urlTemplate\":\"https:\/\/dutchhealthstore.com\/fr\/?s={search_term_string}\"},\"query-input\":{\"@type\":\"PropertyValueSpecification\",\"valueRequired\":true,\"valueName\":\"search_term_string\"}}],\"inLanguage\":\"fr-FR\"},{\"@type\":\"Organization\",\"@id\":\"https:\/\/dutchhealthstore.com\/fr\/#organization\",\"name\":\"Dutch Health Store\",\"url\":\"https:\/\/dutchhealthstore.com\/fr\/\",\"logo\":{\"@type\":\"ImageObject\",\"inLanguage\":\"fr-FR\",\"@id\":\"https:\/\/dutchhealthstore.com\/fr\/#\/schema\/logo\/image\/\",\"url\":\"https:\/\/dutchhealthstore.com\/wp-content\/uploads\/2020\/08\/logo-dutchhealthstore-jpg-e1599484957574.jpg\",\"contentUrl\":\"https:\/\/dutchhealthstore.com\/wp-content\/uploads\/2020\/08\/logo-dutchhealthstore-jpg-e1599484957574.jpg\",\"width\":400,\"height\":62,\"caption\":\"Dutch Health Store\"},\"image\":{\"@id\":\"https:\/\/dutchhealthstore.com\/fr\/#\/schema\/logo\/image\/\"},\"sameAs\":[\"https:\/\/www.instagram.com\/dutchhealthstore\/\",\"https:\/\/www.facebook.com\/dutchhealthstore\"]}]}<\/script>\n<meta property=\"product:brand\" content=\"Living Libations\" \/>\n<meta property=\"og:availability\" content=\"instock\" \/>\n<meta property=\"product:availability\" content=\"instock\" \/>\n<meta property=\"product:condition\" content=\"new\" \/>\n<!-- \/ Yoast SEO Premium plugin. -->","yoast_head_json":{"title":"Frankincense Fresh Floss - Living Libations","description":"Le fil dentaire Frankincense Fresh est un fil doux, non d\u00e9chiquet\u00e9 et polyvalent, destin\u00e9 aux personnes ayant des espaces restreints ou larges, et m\u00eame aux personnes portant un appareil dentaire.","robots":{"index":"index","follow":"follow","max-snippet":"max-snippet:-1","max-image-preview":"max-image-preview:large","max-video-preview":"max-video-preview:-1"},"canonical":"https:\/\/dutchhealthstore.com\/fr\/product\/frankincense-fresh-floss\/","og_locale":"fr_FR","og_type":"article","og_title":"Frankincense Fresh Floss - Dutch Health Store","og_description":"Le fil dentaire Frankincense Fresh est un fil doux, non d\u00e9chiquet\u00e9 et polyvalent, destin\u00e9 aux personnes ayant des espaces restreints ou larges, et m\u00eame aux personnes portant un appareil dentaire.","og_url":"https:\/\/dutchhealthstore.com\/fr\/product\/frankincense-fresh-floss\/","og_site_name":"Dutch Health Store","article_publisher":"https:\/\/www.instagram.com\/dutchhealthstore\/","article_modified_time":"2026-04-14T11:56:44+00:00","og_image":[{"width":500,"height":500,"url":"https:\/\/dutchhealthstore.com\/wp-content\/uploads\/2020\/09\/Living-Libations-2-Frankincense-Fresh-Floss.jpg","type":"image\/jpeg"}],"twitter_card":"summary_large_image","twitter_misc":{"Disponibilit\u00e9":"En stock"},"schema":{"@context":"https:\/\/schema.org","@graph":[{"@type":"WebPage","@id":"https:\/\/dutchhealthstore.com\/fr\/product\/frankincense-fresh-floss\/","url":"https:\/\/dutchhealthstore.com\/fr\/product\/frankincense-fresh-floss\/","name":"Frankincense Fresh Floss - Living Libations","isPartOf":{"@id":"https:\/\/dutchhealthstore.com\/fr\/#website"},"primaryImageOfPage":{"@id":"https:\/\/dutchhealthstore.com\/fr\/product\/frankincense-fresh-floss\/#primaryimage"},"image":{"@id":"https:\/\/dutchhealthstore.com\/fr\/product\/frankincense-fresh-floss\/#primaryimage"},"thumbnailUrl":"https:\/\/dutchhealthstore.com\/wp-content\/uploads\/2020\/09\/Living-Libations-2-Frankincense-Fresh-Floss.jpg","datePublished":"2020-10-01T08:28:13+00:00","dateModified":"2026-04-14T11:56:44+00:00","description":"Le fil dentaire Frankincense Fresh est un fil doux, non d\u00e9chiquet\u00e9 et polyvalent, destin\u00e9 aux personnes ayant des espaces restreints ou larges, et m\u00eame aux personnes portant un appareil dentaire.","breadcrumb":{"@id":"https:\/\/dutchhealthstore.com\/fr\/product\/frankincense-fresh-floss\/#breadcrumb"},"inLanguage":"fr-FR","potentialAction":[{"@type":"ReadAction","target":["https:\/\/dutchhealthstore.com\/fr\/product\/frankincense-fresh-floss\/"]}]},{"@type":"ImageObject","inLanguage":"fr-FR","@id":"https:\/\/dutchhealthstore.com\/fr\/product\/frankincense-fresh-floss\/#primaryimage","url":"https:\/\/dutchhealthstore.com\/wp-content\/uploads\/2020\/09\/Living-Libations-2-Frankincense-Fresh-Floss.jpg","contentUrl":"https:\/\/dutchhealthstore.com\/wp-content\/uploads\/2020\/09\/Living-Libations-2-Frankincense-Fresh-Floss.jpg","width":500,"height":500,"caption":"Living Libations 2 Frankincense Fresh Floss"},{"@type":"BreadcrumbList","@id":"https:\/\/dutchhealthstore.com\/fr\/product\/frankincense-fresh-floss\/#breadcrumb","itemListElement":[{"@type":"ListItem","position":1,"name":"Home","item":"https:\/\/dutchhealthstore.com\/fr\/"},{"@type":"ListItem","position":2,"name":"Shop","item":"https:\/\/dutchhealthstore.com\/fr\/shop\/"},{"@type":"ListItem","position":3,"name":"Frankincense Fresh Floss"}]},{"@type":"WebSite","@id":"https:\/\/dutchhealthstore.com\/fr\/#website","url":"https:\/\/dutchhealthstore.com\/fr\/","name":"Dutch Health Store","description":"Enhance Your Beauty with Organic &amp; Natural Skincare","publisher":{"@id":"https:\/\/dutchhealthstore.com\/fr\/#organization"},"potentialAction":[{"@type":"SearchAction","target":{"@type":"EntryPoint","urlTemplate":"https:\/\/dutchhealthstore.com\/fr\/?s={search_term_string}"},"query-input":{"@type":"PropertyValueSpecification","valueRequired":true,"valueName":"search_term_string"}}],"inLanguage":"fr-FR"},{"@type":"Organization","@id":"https:\/\/dutchhealthstore.com\/fr\/#organization","name":"Dutch Health Store","url":"https:\/\/dutchhealthstore.com\/fr\/","logo":{"@type":"ImageObject","inLanguage":"fr-FR","@id":"https:\/\/dutchhealthstore.com\/fr\/#\/schema\/logo\/image\/","url":"https:\/\/dutchhealthstore.com\/wp-content\/uploads\/2020\/08\/logo-dutchhealthstore-jpg-e1599484957574.jpg","contentUrl":"https:\/\/dutchhealthstore.com\/wp-content\/uploads\/2020\/08\/logo-dutchhealthstore-jpg-e1599484957574.jpg","width":400,"height":62,"caption":"Dutch Health Store"},"image":{"@id":"https:\/\/dutchhealthstore.com\/fr\/#\/schema\/logo\/image\/"},"sameAs":["https:\/\/www.instagram.com\/dutchhealthstore\/","https:\/\/www.facebook.com\/dutchhealthstore"]}]},"product_brand":"Living Libations","og_availability":"instock","product_availability":"instock","product_condition":"new"},"_links":{"self":[{"href":"https:\/\/dutchhealthstore.com\/fr\/wp-json\/wp\/v2\/product\/129809","targetHints":{"allow":["GET"]}}],"collection":[{"href":"https:\/\/dutchhealthstore.com\/fr\/wp-json\/wp\/v2\/product"}],"about":[{"href":"https:\/\/dutchhealthstore.com\/fr\/wp-json\/wp\/v2\/types\/product"}],"replies":[{"embeddable":true,"href":"https:\/\/dutchhealthstore.com\/fr\/wp-json\/wp\/v2\/comments?post=129809"}],"wp:featuredmedia":[{"embeddable":true,"href":"https:\/\/dutchhealthstore.com\/fr\/wp-json\/wp\/v2\/media\/126649"}],"wp:attachment":[{"href":"https:\/\/dutchhealthstore.com\/fr\/wp-json\/wp\/v2\/media?parent=129809"}],"wp:term":[{"taxonomy":"product_brand","embeddable":true,"href":"https:\/\/dutchhealthstore.com\/fr\/wp-json\/wp\/v2\/product_brand?post=129809"},{"taxonomy":"product_cat","embeddable":true,"href":"https:\/\/dutchhealthstore.com\/fr\/wp-json\/wp\/v2\/product_cat?post=129809"},{"taxonomy":"product_tag","embeddable":true,"href":"https:\/\/dutchhealthstore.com\/fr\/wp-json\/wp\/v2\/product_tag?post=129809"}],"curies":[{"name":"wp","href":"https:\/\/api.w.org\/{rel}","templated":true}]}}