{"id":129700,"date":"2020-09-29T16:31:03","date_gmt":"2020-09-29T16:31:03","guid":{"rendered":"https:\/\/dutchhealthstore.com\/product\/hydrating-silicone-sheet-mask\/"},"modified":"2026-01-20T20:24:18","modified_gmt":"2026-01-20T19:24:18","slug":"hydrating-silicone-sheet-mask","status":"publish","type":"product","link":"https:\/\/dutchhealthstore.com\/fr\/product\/hydrating-silicone-sheet-mask\/","title":{"rendered":"Hydrating Silicone Sheet Mask"},"content":{"rendered":"<p>Ce <strong>masque en silicone<\/strong> doux et souple vous aide \u00e0 rafra\u00eechir, nourrir et raviver votre visage, de mani\u00e8re efficace et ordonn\u00e9e.<br \/>\nLe design antid\u00e9rapant et profil\u00e9 vous permet de vous asseoir et de vous d\u00e9tendre ou de poursuivre votre vie pendant que vous entretenez votre peau avec votre soin du visage pr\u00e9f\u00e9r\u00e9.<br \/>\nLe silicone non poreux emprisonne le pouvoir floral ros\u00e9 et les \u00e9mollients infinis de vos libations pr\u00e9f\u00e9r\u00e9es pour invoquer votre \u00e9clat int\u00e9rieur.<\/p>\n<p>Il <strong>est tr\u00e8s simple \u00e0 utiliser :<\/strong> appliquez un s\u00e9rum facial, Best Skin Ever, Libations powder, du miel ou un masque AHA sur votre peau, enroulez la feuille de masque en silicone sur votre visage, attendez 10 \u00e0 15 minutes et voil\u00e0, votre peau est radieuse.<br \/>\nLe masque non adh\u00e9sif est dot\u00e9 de boucles qui se fixent autour des oreilles pour maintenir le masque &#8211; et votre soin du visage pr\u00e9f\u00e9r\u00e9 &#8211; en place.<\/p>\n<p>\u00c9vitez les masques en feuilles jetables et surpassez les ingr\u00e9dients synth\u00e9tiques, pelliculaires et flasques dont ils sont inject\u00e9s. La plupart des masques en feuilles contiennent trente \u00e0 cinquante ingr\u00e9dients douteux, et le premier ingr\u00e9dient, l&rsquo;ingr\u00e9dient principal, est de l&rsquo;eau &#8211; juste de l&rsquo;eau ordinaire que vous pouvez obtenir au robinet, avec des ingr\u00e9dients artificiels.<br \/>\nLa glyc\u00e9rine (ainsi que d&rsquo;autres glycols), qui est presque toujours un ingr\u00e9dient, est un humectant hautement transform\u00e9 qui fournit un repulpage temporaire, mais qui conduit finalement les cellules de la peau \u00e0 se fl\u00e9trir par un processus appel\u00e9 osmolarit\u00e9. La glyc\u00e9rine porte une quinzaine de noms diff\u00e9rents, dont 1,2,3-propanetriol, 1,2,3-trihydroxypropane, glyc\u00e9rine, glyc\u00e9rol, alcool glycylique, NSC 9230, polyglyc\u00e9rol et propane-1,2,3-triol.<br \/>\nL&rsquo;ingr\u00e9dient appel\u00e9 \u00ab\u00a0parfum\u00a0\u00bb peut repr\u00e9senter des centaines de produits chimiques, et ainsi de suite.<br \/>\nPourquoi tremper votre beau visage dans un masque contenant ces produits synth\u00e9tiques insens\u00e9s alors que la nature offre des b\u00e9n\u00e9dictions botaniques pures et puissantes pour embellir votre visage ? <\/p>\n<p>Nos masques en feuilles sont fabriqu\u00e9s en silicone non absorbant, de sorte que vous absorbez tout le s\u00e9rum pour le visage.<br \/>\nIl agit comme une barri\u00e8re contre l&rsquo;\u00e9vaporation, de sorte que plus de produit est absorb\u00e9 par la peau et que moins de produit de soin est gaspill\u00e9. Le masque scelle physiquement les ingr\u00e9dients et permet \u00e0 la chaleur du corps de les r\u00e9chauffer pour une absorption maximale. Et il n&rsquo;y a rien \u00e0 jeter: le masque en silicone est <strong>r\u00e9utilisable \u00e0 l&rsquo;infini<\/strong> et se lave en un clin d&rsquo;\u0153il.<\/p>\n<p>Notre masque en silicone est de <strong>qualit\u00e9 m\u00e9dicale<\/strong> et <strong>biocompatible.<\/strong><br \/>\nLe silicone est un caoutchouc synth\u00e9tique presque inerte et stable, compos\u00e9 de silicium (un \u00e9l\u00e9ment naturel) et d&rsquo;oxyg\u00e8ne.<br \/>\nIl est \u00e9lastique, solide et r\u00e9sistant \u00e0 l&rsquo;eau, au sel, aux lipides et \u00e0 la corrosion.<br \/>\nIl est \u00e9galement naturellement non-microbien et enti\u00e8rement recyclable.<br \/>\nSa flexibilit\u00e9 inn\u00e9e rend ce masque en feuille facile \u00e0 appliquer sur le visage sans se d\u00e9chirer, de sorte qu&rsquo;il dure longtemps et peut \u00eatre utilis\u00e9 de mani\u00e8re r\u00e9p\u00e9t\u00e9e.<\/p>\n<h3>Comment utiliser<\/h3>\n<p>Lavez votre visage avec votre Best Skin Ever pr\u00e9f\u00e9r\u00e9, puis appliquez sur votre peau le s\u00e9rum ou le masque Libations de votre choix (Royal Rose, Papaya + Lime, Frankincense Honey, Rosemary Reset). \u00c9talez doucement le masque en silicone sur votre visage, en alignant les trous du nez et des yeux, et passez les boucles autour de vos oreilles. Retirez le masque en silicone apr\u00e8s 10 \u00e0 15 minutes (ou plus longtemps si vous le souhaitez) et nettoyez-le avant de le ranger.<\/p>\n<p><strong>Pour nettoyer:<\/strong> Utilisez un shampooing Libations, un savon \u00e0 l&rsquo;argile ou un savon naturel et de l&rsquo;eau chaude apr\u00e8s utilisation. Laissez le masque en silicone s\u00e9cher compl\u00e8tement avant de le ranger.<\/p>\n<p><strong>Soin du visage pour l&rsquo;entretien de l&rsquo;hydratation et de l&rsquo;\u00e9clat:<\/strong> Votre Best Skin Ever pr\u00e9f\u00e9r\u00e9e, All Season Serum, Sun Dew Cr\u00e8me<\/p>\n<p><strong>Hydratation profonde du visage<\/strong> pour effacer les rugosit\u00e9s, les ridules ou une teinte terne: Night Nectar Serum ou Balm, Rose Glow Serum ou Cr\u00e8me, Sandalwood Serum Supreme<\/p>\n<p><strong>Soin du visage exfoliant<\/strong> pour \u00e9claircir, tonifier et att\u00e9nuer les ridules: Green Papaya + Lime Mask, Royal Rose Honey Mask<\/p>\n<p><strong>Cool Spot Soother Facial<\/strong> pour calmer les rougeurs, apaiser, lisser et nettoyer les taches en profondeur: Ozonated Bedew Dab, Rosemary Reset Powder<\/p>\n<p><strong>Lissage du visage:<\/strong> Dew Dab, BeDew Dab<\/p>\n<p><strong>Soin du visage clarifiant<\/strong> pour aider \u00e0 \u00e9liminer la salet\u00e9 profonde et les toxines environnementales de votre peau tout en la reconstituant et en l&rsquo;apaisant: masque au miel d&rsquo;encens avec Zippity DewDab.<\/p>\n<p><strong>Soin du visage pour les peaux matures<\/strong> pour revigorer, renforcer, raffermir et lisser: Rose Renewal + Frankincense Firming Fluid, Royal Rose CoQ10 Serum, Soothsayer Serum, Jewel Dab<\/p>\n<p><strong>\u26a0\ufe0f Avis d&rsquo;hygi\u00e8ne<\/strong><br \/>\nIl s&rsquo;agit d&rsquo;un produit hygi\u00e9nique. Pour des raisons de sant\u00e9 et de s\u00e9curit\u00e9, les retours ne sont accept\u00e9s que si le sceau d&rsquo;hygi\u00e8ne d&rsquo;origine est intact et non ouvert. Une fois le sceau bris\u00e9, l&rsquo;article est consid\u00e9r\u00e9 comme usag\u00e9 et ne peut \u00eatre retourn\u00e9.  <\/p>\n<p><img fetchpriority=\"high\" decoding=\"async\" class=\"size-full wp-image-31577 aligncenter\" src=\"https:\/\/dutchhealthstore.com\/wp-content\/uploads\/2018\/03\/organic_big.png\" alt=\"Organic and Natural - Living Libations\" width=\"623\" height=\"103\" srcset=\"https:\/\/dutchhealthstore.com\/wp-content\/uploads\/2018\/03\/organic_big.png 623w, https:\/\/dutchhealthstore.com\/wp-content\/uploads\/2018\/03\/organic_big-510x84.png 510w, https:\/\/dutchhealthstore.com\/wp-content\/uploads\/2018\/03\/organic_big-600x99.png 600w, https:\/\/dutchhealthstore.com\/wp-content\/uploads\/2018\/03\/organic_big-350x58.png 350w\" sizes=\"(max-width: 623px) 100vw, 623px\" \/><\/p>\n","protected":false},"excerpt":{"rendered":"<p>Donnez un coup de fouet \u00e0 vos soins de la peau avec notre<strong> masque en silicone hydratant<\/strong>.<br \/>\nNotre masque en silicone transforme les libations succulentes en \u00e9lixirs extra-efficaces et en soins du visage pour tous les types de peau, tous les tissus et tous les types de probl\u00e8mes.<\/p>\n","protected":false},"featured_media":229889,"comment_status":"open","ping_status":"closed","template":"","meta":[],"product_brand":[],"product_cat":[16018,14733,1134,6665,11186,1117,5603,5732,8700,1211,1209,1030,4978,4977,4976,4979,9086,1010,2985],"product_tag":[9603,4555,21438,21358],"class_list":{"0":"post-129700","1":"product","2":"type-product","3":"status-publish","4":"has-post-thumbnail","6":"product_cat-dutch-health-store-fr","7":"product_cat-soins-de-la-peau","8":"product_cat-accessoires-visage","9":"product_cat-agent-nateur-fr","10":"product_cat-evolve-beauty-fr","11":"product_cat-gommages-exfoliants-fr","12":"product_cat-josh-rosebrook-fr","13":"product_cat-leahlani-skincare-fr","14":"product_cat-lepaar-fr-par-marques","15":"product_cat-living-libations-france","16":"product_cat-par-marques","17":"product_cat-par-produits","18":"product_cat-oily-skin-clogged-pores-fr-2","19":"product_cat-normal-or-combination-skin","20":"product_cat-dry-mature-ageing-skin","21":"product_cat-sensitive-skin-redness-fr-2","22":"product_cat-rms-beauty-fr","23":"product_cat-notre-boutique","24":"product_cat-visage-fr","25":"product_tag-hydrating-fr","26":"product_tag-mask-fr","27":"product_tag-outils","28":"product_tag-soins-du-visage","29":"pa_brand-dutch-health-store-fr","30":"pa_gtin-7439657412417-fr","31":"pa_skincare-type-face-oil-and-serums-fr","32":"pa_skincare-type-masks-scrubs-exfoliators-fr","33":"pa_skincare-type-moisturizers-fr","34":"pa_skintype-oily-skin-fr","35":"pa_skintype-normal-combination-skin-fr","36":"pa_skintype-dry-mature-ageing-skin-fr","37":"pa_skintype-sensitive-skin-redness-fr","39":"first","40":"instock","41":"taxable","42":"shipping-taxable","43":"purchasable","44":"product-type-simple"},"bundled_by":[],"bundle_stock_status":"instock","bundle_stock_quantity":27,"bundle_virtual":false,"bundle_layout":"","bundle_add_to_cart_form_location":"","bundle_editable_in_cart":false,"bundle_sold_individually_context":"","bundle_item_grouping":"","bundle_min_size":"","bundle_max_size":"","bundle_price":[],"bundled_items":[],"bundle_sell_ids":[107695],"atum_controlled":true,"out_stock_date":null,"out_stock_threshold":null,"inheritable":false,"stock_on_hold":1,"sold_today":0,"sales_last_days":0,"out_stock_days":0,"lost_sales":0,"update_date":"2026-04-02T12:01:04","atum_locations":[],"atum_stock_status":"instock","restock_status":false,"low_stock_amount":"","sales_update_date":"2026-04-02T12:01:04","calc_backorders":null,"group_of_quantity":0,"min_quantity":0,"max_quantity":"","exclude_order_quantity_value_rules":"no","exclude_category_quantity_rules":"no","combine_variations":"no","yoast_head":"<!-- This site is optimized with the Yoast SEO Premium plugin v26.5 (Yoast SEO v26.5) - https:\/\/yoast.com\/wordpress\/plugins\/seo\/ -->\n<title>Hydrating Silicone Sheet Mask - Dutch Health Store<\/title>\n<meta name=\"description\" content=\"Ce masque en silicone souple et doux vous aide \u00e0 rafra\u00eechir, nourrir et raviver votre visage, de mani\u00e8re efficace et ordonn\u00e9e.\" \/>\n<meta name=\"robots\" content=\"index, follow, max-snippet:-1, max-image-preview:large, max-video-preview:-1\" \/>\n<link rel=\"canonical\" href=\"https:\/\/dutchhealthstore.com\/fr\/product\/hydrating-silicone-sheet-mask\/\" \/>\n<meta property=\"og:locale\" content=\"fr_FR\" \/>\n<meta property=\"og:type\" content=\"article\" \/>\n<meta property=\"og:title\" content=\"Hydrating Silicone Sheet Mask - Dutch Health Store\" \/>\n<meta property=\"og:description\" content=\"Ce masque en silicone souple et doux vous aide \u00e0 rafra\u00eechir, nourrir et raviver votre visage, de mani\u00e8re efficace et ordonn\u00e9e.\" \/>\n<meta property=\"og:url\" content=\"https:\/\/dutchhealthstore.com\/fr\/product\/hydrating-silicone-sheet-mask\/\" \/>\n<meta property=\"og:site_name\" content=\"Dutch Health Store\" \/>\n<meta property=\"article:publisher\" content=\"https:\/\/www.instagram.com\/dutchhealthstore\/\" \/>\n<meta property=\"article:modified_time\" content=\"2026-01-20T19:24:18+00:00\" \/>\n<meta property=\"og:image\" content=\"https:\/\/dutchhealthstore.com\/wp-content\/uploads\/2023\/01\/silliconen-masker.jpg\" \/>\n\t<meta property=\"og:image:width\" content=\"510\" \/>\n\t<meta property=\"og:image:height\" content=\"510\" \/>\n\t<meta property=\"og:image:type\" content=\"image\/jpeg\" \/>\n<meta name=\"twitter:card\" content=\"summary_large_image\" \/>\n<meta name=\"twitter:label1\" content=\"Prix\" \/>\n\t<meta name=\"twitter:data1\" content=\"&euro;16,00\" \/>\n\t<meta name=\"twitter:label2\" content=\"Disponibilit\u00e9\" \/>\n\t<meta name=\"twitter:data2\" content=\"En stock\" \/>\n<script type=\"application\/ld+json\" class=\"yoast-schema-graph\">{\"@context\":\"https:\/\/schema.org\",\"@graph\":[{\"@type\":\"WebPage\",\"@id\":\"https:\/\/dutchhealthstore.com\/fr\/product\/hydrating-silicone-sheet-mask\/\",\"url\":\"https:\/\/dutchhealthstore.com\/fr\/product\/hydrating-silicone-sheet-mask\/\",\"name\":\"Hydrating Silicone Sheet Mask - Dutch Health Store\",\"isPartOf\":{\"@id\":\"https:\/\/dutchhealthstore.com\/fr\/#website\"},\"primaryImageOfPage\":{\"@id\":\"https:\/\/dutchhealthstore.com\/fr\/product\/hydrating-silicone-sheet-mask\/#primaryimage\"},\"image\":{\"@id\":\"https:\/\/dutchhealthstore.com\/fr\/product\/hydrating-silicone-sheet-mask\/#primaryimage\"},\"thumbnailUrl\":\"https:\/\/dutchhealthstore.com\/wp-content\/uploads\/2023\/01\/silliconen-masker.jpg\",\"datePublished\":\"2020-09-29T16:31:03+00:00\",\"dateModified\":\"2026-01-20T19:24:18+00:00\",\"description\":\"Ce masque en silicone souple et doux vous aide \u00e0 rafra\u00eechir, nourrir et raviver votre visage, de mani\u00e8re efficace et ordonn\u00e9e.\",\"breadcrumb\":{\"@id\":\"https:\/\/dutchhealthstore.com\/fr\/product\/hydrating-silicone-sheet-mask\/#breadcrumb\"},\"inLanguage\":\"fr-FR\",\"potentialAction\":[{\"@type\":\"ReadAction\",\"target\":[\"https:\/\/dutchhealthstore.com\/fr\/product\/hydrating-silicone-sheet-mask\/\"]}]},{\"@type\":\"ImageObject\",\"inLanguage\":\"fr-FR\",\"@id\":\"https:\/\/dutchhealthstore.com\/fr\/product\/hydrating-silicone-sheet-mask\/#primaryimage\",\"url\":\"https:\/\/dutchhealthstore.com\/wp-content\/uploads\/2023\/01\/silliconen-masker.jpg\",\"contentUrl\":\"https:\/\/dutchhealthstore.com\/wp-content\/uploads\/2023\/01\/silliconen-masker.jpg\",\"width\":510,\"height\":510,\"caption\":\"Dutch health store\"},{\"@type\":\"BreadcrumbList\",\"@id\":\"https:\/\/dutchhealthstore.com\/fr\/product\/hydrating-silicone-sheet-mask\/#breadcrumb\",\"itemListElement\":[{\"@type\":\"ListItem\",\"position\":1,\"name\":\"Home\",\"item\":\"https:\/\/dutchhealthstore.com\/fr\/\"},{\"@type\":\"ListItem\",\"position\":2,\"name\":\"Shop\",\"item\":\"https:\/\/dutchhealthstore.com\/fr\/shop\/\"},{\"@type\":\"ListItem\",\"position\":3,\"name\":\"Hydrating Silicone Sheet Mask\"}]},{\"@type\":\"WebSite\",\"@id\":\"https:\/\/dutchhealthstore.com\/fr\/#website\",\"url\":\"https:\/\/dutchhealthstore.com\/fr\/\",\"name\":\"Dutch Health Store\",\"description\":\"Enhance Your Beauty with Organic &amp; Natural Skincare\",\"publisher\":{\"@id\":\"https:\/\/dutchhealthstore.com\/fr\/#organization\"},\"potentialAction\":[{\"@type\":\"SearchAction\",\"target\":{\"@type\":\"EntryPoint\",\"urlTemplate\":\"https:\/\/dutchhealthstore.com\/fr\/?s={search_term_string}\"},\"query-input\":{\"@type\":\"PropertyValueSpecification\",\"valueRequired\":true,\"valueName\":\"search_term_string\"}}],\"inLanguage\":\"fr-FR\"},{\"@type\":\"Organization\",\"@id\":\"https:\/\/dutchhealthstore.com\/fr\/#organization\",\"name\":\"Dutch Health Store\",\"url\":\"https:\/\/dutchhealthstore.com\/fr\/\",\"logo\":{\"@type\":\"ImageObject\",\"inLanguage\":\"fr-FR\",\"@id\":\"https:\/\/dutchhealthstore.com\/fr\/#\/schema\/logo\/image\/\",\"url\":\"https:\/\/dutchhealthstore.com\/wp-content\/uploads\/2020\/08\/logo-dutchhealthstore-jpg-e1599484957574.jpg\",\"contentUrl\":\"https:\/\/dutchhealthstore.com\/wp-content\/uploads\/2020\/08\/logo-dutchhealthstore-jpg-e1599484957574.jpg\",\"width\":400,\"height\":62,\"caption\":\"Dutch Health Store\"},\"image\":{\"@id\":\"https:\/\/dutchhealthstore.com\/fr\/#\/schema\/logo\/image\/\"},\"sameAs\":[\"https:\/\/www.instagram.com\/dutchhealthstore\/\",\"https:\/\/www.facebook.com\/dutchhealthstore\"]}]}<\/script>\n<meta property=\"product:brand\" content=\"Dutch Health Store\" \/>\n<meta property=\"product:price:amount\" content=\"16.00\" \/>\n<meta property=\"product:price:currency\" content=\"EUR\" \/>\n<meta property=\"og:availability\" content=\"instock\" \/>\n<meta property=\"product:availability\" content=\"instock\" \/>\n<meta property=\"product:condition\" content=\"new\" \/>\n<!-- \/ Yoast SEO Premium plugin. -->","yoast_head_json":{"title":"Hydrating Silicone Sheet Mask - Dutch Health Store","description":"Ce masque en silicone souple et doux vous aide \u00e0 rafra\u00eechir, nourrir et raviver votre visage, de mani\u00e8re efficace et ordonn\u00e9e.","robots":{"index":"index","follow":"follow","max-snippet":"max-snippet:-1","max-image-preview":"max-image-preview:large","max-video-preview":"max-video-preview:-1"},"canonical":"https:\/\/dutchhealthstore.com\/fr\/product\/hydrating-silicone-sheet-mask\/","og_locale":"fr_FR","og_type":"article","og_title":"Hydrating Silicone Sheet Mask - Dutch Health Store","og_description":"Ce masque en silicone souple et doux vous aide \u00e0 rafra\u00eechir, nourrir et raviver votre visage, de mani\u00e8re efficace et ordonn\u00e9e.","og_url":"https:\/\/dutchhealthstore.com\/fr\/product\/hydrating-silicone-sheet-mask\/","og_site_name":"Dutch Health Store","article_publisher":"https:\/\/www.instagram.com\/dutchhealthstore\/","article_modified_time":"2026-01-20T19:24:18+00:00","og_image":[{"width":510,"height":510,"url":"https:\/\/dutchhealthstore.com\/wp-content\/uploads\/2023\/01\/silliconen-masker.jpg","type":"image\/jpeg"}],"twitter_card":"summary_large_image","twitter_misc":{"Prix":"&euro;16,00","Disponibilit\u00e9":"En stock"},"schema":{"@context":"https:\/\/schema.org","@graph":[{"@type":"WebPage","@id":"https:\/\/dutchhealthstore.com\/fr\/product\/hydrating-silicone-sheet-mask\/","url":"https:\/\/dutchhealthstore.com\/fr\/product\/hydrating-silicone-sheet-mask\/","name":"Hydrating Silicone Sheet Mask - Dutch Health Store","isPartOf":{"@id":"https:\/\/dutchhealthstore.com\/fr\/#website"},"primaryImageOfPage":{"@id":"https:\/\/dutchhealthstore.com\/fr\/product\/hydrating-silicone-sheet-mask\/#primaryimage"},"image":{"@id":"https:\/\/dutchhealthstore.com\/fr\/product\/hydrating-silicone-sheet-mask\/#primaryimage"},"thumbnailUrl":"https:\/\/dutchhealthstore.com\/wp-content\/uploads\/2023\/01\/silliconen-masker.jpg","datePublished":"2020-09-29T16:31:03+00:00","dateModified":"2026-01-20T19:24:18+00:00","description":"Ce masque en silicone souple et doux vous aide \u00e0 rafra\u00eechir, nourrir et raviver votre visage, de mani\u00e8re efficace et ordonn\u00e9e.","breadcrumb":{"@id":"https:\/\/dutchhealthstore.com\/fr\/product\/hydrating-silicone-sheet-mask\/#breadcrumb"},"inLanguage":"fr-FR","potentialAction":[{"@type":"ReadAction","target":["https:\/\/dutchhealthstore.com\/fr\/product\/hydrating-silicone-sheet-mask\/"]}]},{"@type":"ImageObject","inLanguage":"fr-FR","@id":"https:\/\/dutchhealthstore.com\/fr\/product\/hydrating-silicone-sheet-mask\/#primaryimage","url":"https:\/\/dutchhealthstore.com\/wp-content\/uploads\/2023\/01\/silliconen-masker.jpg","contentUrl":"https:\/\/dutchhealthstore.com\/wp-content\/uploads\/2023\/01\/silliconen-masker.jpg","width":510,"height":510,"caption":"Dutch health store"},{"@type":"BreadcrumbList","@id":"https:\/\/dutchhealthstore.com\/fr\/product\/hydrating-silicone-sheet-mask\/#breadcrumb","itemListElement":[{"@type":"ListItem","position":1,"name":"Home","item":"https:\/\/dutchhealthstore.com\/fr\/"},{"@type":"ListItem","position":2,"name":"Shop","item":"https:\/\/dutchhealthstore.com\/fr\/shop\/"},{"@type":"ListItem","position":3,"name":"Hydrating Silicone Sheet Mask"}]},{"@type":"WebSite","@id":"https:\/\/dutchhealthstore.com\/fr\/#website","url":"https:\/\/dutchhealthstore.com\/fr\/","name":"Dutch Health Store","description":"Enhance Your Beauty with Organic &amp; Natural Skincare","publisher":{"@id":"https:\/\/dutchhealthstore.com\/fr\/#organization"},"potentialAction":[{"@type":"SearchAction","target":{"@type":"EntryPoint","urlTemplate":"https:\/\/dutchhealthstore.com\/fr\/?s={search_term_string}"},"query-input":{"@type":"PropertyValueSpecification","valueRequired":true,"valueName":"search_term_string"}}],"inLanguage":"fr-FR"},{"@type":"Organization","@id":"https:\/\/dutchhealthstore.com\/fr\/#organization","name":"Dutch Health Store","url":"https:\/\/dutchhealthstore.com\/fr\/","logo":{"@type":"ImageObject","inLanguage":"fr-FR","@id":"https:\/\/dutchhealthstore.com\/fr\/#\/schema\/logo\/image\/","url":"https:\/\/dutchhealthstore.com\/wp-content\/uploads\/2020\/08\/logo-dutchhealthstore-jpg-e1599484957574.jpg","contentUrl":"https:\/\/dutchhealthstore.com\/wp-content\/uploads\/2020\/08\/logo-dutchhealthstore-jpg-e1599484957574.jpg","width":400,"height":62,"caption":"Dutch Health Store"},"image":{"@id":"https:\/\/dutchhealthstore.com\/fr\/#\/schema\/logo\/image\/"},"sameAs":["https:\/\/www.instagram.com\/dutchhealthstore\/","https:\/\/www.facebook.com\/dutchhealthstore"]}]},"product_brand":"Dutch Health Store","product_price_amount":"16.00","product_price_currency":"EUR","og_availability":"instock","product_availability":"instock","product_condition":"new"},"_links":{"self":[{"href":"https:\/\/dutchhealthstore.com\/fr\/wp-json\/wp\/v2\/product\/129700","targetHints":{"allow":["GET"]}}],"collection":[{"href":"https:\/\/dutchhealthstore.com\/fr\/wp-json\/wp\/v2\/product"}],"about":[{"href":"https:\/\/dutchhealthstore.com\/fr\/wp-json\/wp\/v2\/types\/product"}],"replies":[{"embeddable":true,"href":"https:\/\/dutchhealthstore.com\/fr\/wp-json\/wp\/v2\/comments?post=129700"}],"wp:featuredmedia":[{"embeddable":true,"href":"https:\/\/dutchhealthstore.com\/fr\/wp-json\/wp\/v2\/media\/229889"}],"wp:attachment":[{"href":"https:\/\/dutchhealthstore.com\/fr\/wp-json\/wp\/v2\/media?parent=129700"}],"wp:term":[{"taxonomy":"product_brand","embeddable":true,"href":"https:\/\/dutchhealthstore.com\/fr\/wp-json\/wp\/v2\/product_brand?post=129700"},{"taxonomy":"product_cat","embeddable":true,"href":"https:\/\/dutchhealthstore.com\/fr\/wp-json\/wp\/v2\/product_cat?post=129700"},{"taxonomy":"product_tag","embeddable":true,"href":"https:\/\/dutchhealthstore.com\/fr\/wp-json\/wp\/v2\/product_tag?post=129700"}],"curies":[{"name":"wp","href":"https:\/\/api.w.org\/{rel}","templated":true}]}}