{"id":129312,"date":"2020-09-29T12:29:11","date_gmt":"2020-09-29T12:29:11","guid":{"rendered":"https:\/\/dutchhealthstore.com\/product\/wintergreen-clean-floss\/"},"modified":"2025-10-28T10:20:54","modified_gmt":"2025-10-28T09:20:54","slug":"wintergreen-clean-floss","status":"publish","type":"product","link":"https:\/\/dutchhealthstore.com\/fr\/product\/wintergreen-clean-floss\/","title":{"rendered":"Wintergreen Clean Floss"},"content":{"rendered":"<p><strong><img decoding=\"async\" class=\"size-full wp-image-69549 alignright\" src=\"https:\/\/dutchhealthstore.com\/wp-content\/uploads\/2019\/08\/NEW-Living-Libations-Logo.jpg\" alt=\"NEW - Living Libations - Logo\" width=\"175\" height=\"82\">Wintergreen Clean Floss<\/strong> est un fil en nylon glissant et gliss\u00e9, recouvert d&rsquo;une cire v\u00e9g\u00e9tale pure r\u00e9colt\u00e9e sur les tiges de la plante Candelilla du d\u00e9sert et de charbon de bambou qui adsorbe la plaque et les bact\u00e9ries loin des dents et des gencives pour un nettoyage ultime.<\/p>\n<p>Les huiles essentielles de wintergreen et de menthe verte inhibent les bact\u00e9ries \u00e0 l&rsquo;origine de la mauvaise haleine et apportent une saveur fra\u00eeche et fra\u00eeche pour une haleine des plus parfum\u00e9es.<\/p>\n<p>Ce fil dentaire est un r\u00eave dentaire avec Yogi Tooth Serum, Wintergreen Clean Activated Charcoal Paste, Tooth Truth Powder Polish, et Mint Condition Mineral Tooth Powder.<\/p>\n<h3>Comment l&rsquo;utiliser:<\/h3>\n<p>Le fil dentaire Wintergreen Clean peut \u00eatre utilis\u00e9 tous les jours. Apr\u00e8s le brossage, appliquez une goutte de votre s\u00e9rum oral pr\u00e9f\u00e9r\u00e9 sur environ 45 cm de fil dentaire, enroulez le fil autour des doigts et tirez dessus. Faites glisser le fil entre les dents, courbez-le autour d&rsquo;une dent et nettoyez entre la dent et la gencive en effectuant un l\u00e9ger mouvement de haut en bas. R\u00e9p\u00e9tez l&rsquo;op\u00e9ration entre chaque dent, en utilisant une section propre du fil dentaire.<\/p>\n<h3 class=\"yikes-custom-woo-tab-title yikes-custom-woo-tab-title-natural-organic-ingredients\">Ingr\u00e9dients Naturels\/Biologiques<\/h3>\n<p><strong>Charbon de bois de<\/strong> <strong>bambou Mao Zhu<\/strong><em>(Phyllostachys edulis)<\/em> &#8211; Le Mau Zhu est un bambou durable \u00e0 croissance rapide qui atteint jusqu&rsquo;\u00e0 six pieds en cinq ans. Lorsque le \u00ab\u00a0bois\u00a0\u00bb du bambou durcit \u00e0 mesure qu&rsquo;il m\u00fbrit, des millions de petits trous se forment dans le tissu, et ce sont ces petits trous qui font de ce bambou un excellent charbon de bois. Il est presque 25% plus poreux que le charbon de bois standard.<\/p>\n<p><strong>Cire de candelilla <\/strong><em>(Euphorbia antisyphilitica<\/em>) Cette cire v\u00e9g\u00e9tale pure est r\u00e9colt\u00e9e sur les tiges de l&rsquo;arbuste Candelilla du d\u00e9sert. Les parties de la plante sont bouillies dans l&rsquo;eau et la cire est \u00e9cum\u00e9e et mise en bouteille avant de recouvrir le fil de nylon.<\/p>\n<p><strong>Wintergreen huile Essentielle <\/strong><em>(Gaultheria fragrantissima)<\/em> Merveilleuse essence de Wintergreen \u00e9veille les sens avec une explosion de menthe rafra\u00eechissante et la fra\u00eecheur des sommets enneig\u00e9s. Ce biotique botanique \u00e9quilibre les bact\u00e9ries pour une haleine fra\u00eeche. Distill\u00e9e \u00e0 la vapeur d&rsquo;eau \u00e0 partir des baies et des feuilles rouge vif de la gaulth\u00e9rie sauvage, qui prosp\u00e8re m\u00eame dans les temp\u00e9ratures les plus froides, cette huile est porteuse d&rsquo;une essence de long\u00e9vit\u00e9 et de force d&rsquo;\u00e2me.<\/p>\n<p><strong>Menthe verte huile essentielle <\/strong><em>(Mentha spicata<\/em>) &#8211; Sprightly La menthe verte est le cousin plus doux et plus discret de la menthe poivr\u00e9e. La menthe verte fra\u00eeche et parfum\u00e9e apaise les sens avec des murmures de magnificence menthol\u00e9e! Les Grecs anciens choisissaient la menthe verte pour parfumer l&rsquo;eau de leur bain, tandis que les populations m\u00e9di\u00e9vales utilisaient cette herbe pour rafra\u00eechir leur haleine et nettoyer leurs dents. Comme sa cousine la menthe poivr\u00e9e, la menthe verte inhibe \u00e9galement les bact\u00e9ries \u00e0 l&rsquo;origine de la mauvaise haleine.<\/p>\n<p><img fetchpriority=\"high\" decoding=\"async\" class=\"size-full wp-image-31577 aligncenter\" src=\"https:\/\/dutchhealthstore.com\/wp-content\/uploads\/2018\/03\/organic_big.png\" alt=\"Organic and Natural - Living Libations\" width=\"623\" height=\"103\" srcset=\"https:\/\/dutchhealthstore.com\/wp-content\/uploads\/2018\/03\/organic_big.png 623w, https:\/\/dutchhealthstore.com\/wp-content\/uploads\/2018\/03\/organic_big-510x84.png 510w, https:\/\/dutchhealthstore.com\/wp-content\/uploads\/2018\/03\/organic_big-600x99.png 600w, https:\/\/dutchhealthstore.com\/wp-content\/uploads\/2018\/03\/organic_big-350x58.png 350w\" sizes=\"(max-width: 623px) 100vw, 623px\" \/><\/p>\n","protected":false},"excerpt":{"rendered":"<p><strong>Wintergreen Clean Floss<\/strong>, extensible, glissant et non d\u00e9chiquet\u00e9, est infus\u00e9 de charbon de bois d\u00e9sintoxiquant et d&rsquo;huiles essentielles glac\u00e9es pour une haleine ultra fra\u00eeche et une bouche parfaitement propre. Adapt\u00e9 \u00e0 tous les types de dents et de gencives, notre fil dentaire est parfait pour se glisser \u00e0 travers et autour des brackets, des appareils dentaires et de tous les espaces \u00e9troits entre les deux.<\/p>\n<p>Wintergreen Clean Floss est un r\u00eave v\u00e9g\u00e9talien, il est enduit de cire v\u00e9g\u00e9tale organique et il est enroul\u00e9 dans un distributeur cylindrique en verre et en acier inoxydable qui sont enti\u00e8rement recyclables et, mieux encore, r\u00e9utilisables.<\/p>\n","protected":false},"featured_media":126726,"comment_status":"open","ping_status":"closed","template":"","meta":[],"product_brand":[],"product_cat":[3784,2185,1037,1211,1209,1030,1010],"product_tag":[4456,21811,21438,21812],"class_list":{"0":"post-129312","1":"product","2":"type-product","3":"status-publish","4":"has-post-thumbnail","6":"product_cat-accessoires-fr","7":"product_cat-hygiene-dentaire-fr","8":"product_cat-hygiene-dentaire","9":"product_cat-living-libations-france","10":"product_cat-par-marques","11":"product_cat-par-produits","12":"product_cat-notre-boutique","13":"product_tag-dental-care-fr","14":"product_tag-natural-fr","15":"product_tag-outils","16":"product_tag-rafraichissant","17":"pa_brand-livinglibations-fr","18":"pa_dental-care-product-type-scrapers-floss-fr","19":"pa_gtin-7439657412400-fr","20":"pa_size-1-floss-fr","21":"pa_size-2-refill-rolls-fr","23":"first","24":"instock","25":"taxable","26":"shipping-taxable","27":"purchasable","28":"product-type-variable"},"bundled_by":[],"bundle_stock_status":"instock","bundle_stock_quantity":null,"bundle_virtual":false,"bundle_layout":"","bundle_add_to_cart_form_location":"","bundle_editable_in_cart":false,"bundle_sold_individually_context":"","bundle_item_grouping":"","bundle_min_size":"","bundle_max_size":"","bundle_price":[],"bundled_items":[],"bundle_sell_ids":[179391],"atum_controlled":true,"out_stock_date":null,"out_stock_threshold":null,"inheritable":true,"stock_on_hold":1,"sold_today":0,"sales_last_days":1,"out_stock_days":0,"lost_sales":0,"update_date":"2026-04-13T12:53:09","atum_locations":[],"atum_stock_status":"instock","restock_status":false,"low_stock_amount":"","sales_update_date":"2026-04-13T00:03:28","calc_backorders":null,"group_of_quantity":0,"min_quantity":0,"max_quantity":"","exclude_order_quantity_value_rules":"no","exclude_category_quantity_rules":"no","combine_variations":"no","yoast_head":"<!-- This site is optimized with the Yoast SEO Premium plugin v26.5 (Yoast SEO v26.5) - https:\/\/yoast.com\/wordpress\/plugins\/seo\/ -->\n<title>Wintergreen Clean Floss - Living Libations<\/title>\n<meta name=\"description\" content=\"Adapt\u00e9 \u00e0 tous les types de dents et de gencives, notre fil dentaire est parfait pour se glisser \u00e0 travers et autour des brackets, des appareils dentaires et de tous les espaces \u00e9troits entre les deux.\" \/>\n<meta name=\"robots\" content=\"index, follow, max-snippet:-1, max-image-preview:large, max-video-preview:-1\" \/>\n<link rel=\"canonical\" href=\"https:\/\/dutchhealthstore.com\/fr\/product\/wintergreen-clean-floss\/\" \/>\n<meta property=\"og:locale\" content=\"fr_FR\" \/>\n<meta property=\"og:type\" content=\"article\" \/>\n<meta property=\"og:title\" content=\"Wintergreen Clean Floss - Dutch Health Store\" \/>\n<meta property=\"og:description\" content=\"Adapt\u00e9 \u00e0 tous les types de dents et de gencives, notre fil dentaire est parfait pour se glisser \u00e0 travers et autour des brackets, des appareils dentaires et de tous les espaces \u00e9troits entre les deux.\" \/>\n<meta property=\"og:url\" content=\"https:\/\/dutchhealthstore.com\/fr\/product\/wintergreen-clean-floss\/\" \/>\n<meta property=\"og:site_name\" content=\"Dutch Health Store\" \/>\n<meta property=\"article:publisher\" content=\"https:\/\/www.instagram.com\/dutchhealthstore\/\" \/>\n<meta property=\"article:modified_time\" content=\"2025-10-28T09:20:54+00:00\" \/>\n<meta property=\"og:image\" content=\"https:\/\/dutchhealthstore.com\/wp-content\/uploads\/2020\/09\/Living-Libations-1-Wintergreen-Clean-Floss-1.jpg\" \/>\n\t<meta property=\"og:image:width\" content=\"1000\" \/>\n\t<meta property=\"og:image:height\" content=\"1000\" \/>\n\t<meta property=\"og:image:type\" content=\"image\/jpeg\" \/>\n<meta name=\"twitter:card\" content=\"summary_large_image\" \/>\n<meta name=\"twitter:label1\" content=\"Disponibilit\u00e9\" \/>\n\t<meta name=\"twitter:data1\" content=\"En stock\" \/>\n<script type=\"application\/ld+json\" class=\"yoast-schema-graph\">{\"@context\":\"https:\/\/schema.org\",\"@graph\":[{\"@type\":\"WebPage\",\"@id\":\"https:\/\/dutchhealthstore.com\/fr\/product\/wintergreen-clean-floss\/\",\"url\":\"https:\/\/dutchhealthstore.com\/fr\/product\/wintergreen-clean-floss\/\",\"name\":\"Wintergreen Clean Floss - Living Libations\",\"isPartOf\":{\"@id\":\"https:\/\/dutchhealthstore.com\/fr\/#website\"},\"primaryImageOfPage\":{\"@id\":\"https:\/\/dutchhealthstore.com\/fr\/product\/wintergreen-clean-floss\/#primaryimage\"},\"image\":{\"@id\":\"https:\/\/dutchhealthstore.com\/fr\/product\/wintergreen-clean-floss\/#primaryimage\"},\"thumbnailUrl\":\"https:\/\/dutchhealthstore.com\/wp-content\/uploads\/2020\/09\/Living-Libations-1-Wintergreen-Clean-Floss-1.jpg\",\"datePublished\":\"2020-09-29T12:29:11+00:00\",\"dateModified\":\"2025-10-28T09:20:54+00:00\",\"description\":\"Adapt\u00e9 \u00e0 tous les types de dents et de gencives, notre fil dentaire est parfait pour se glisser \u00e0 travers et autour des brackets, des appareils dentaires et de tous les espaces \u00e9troits entre les deux.\",\"breadcrumb\":{\"@id\":\"https:\/\/dutchhealthstore.com\/fr\/product\/wintergreen-clean-floss\/#breadcrumb\"},\"inLanguage\":\"fr-FR\",\"potentialAction\":[{\"@type\":\"ReadAction\",\"target\":[\"https:\/\/dutchhealthstore.com\/fr\/product\/wintergreen-clean-floss\/\"]}]},{\"@type\":\"ImageObject\",\"inLanguage\":\"fr-FR\",\"@id\":\"https:\/\/dutchhealthstore.com\/fr\/product\/wintergreen-clean-floss\/#primaryimage\",\"url\":\"https:\/\/dutchhealthstore.com\/wp-content\/uploads\/2020\/09\/Living-Libations-1-Wintergreen-Clean-Floss-1.jpg\",\"contentUrl\":\"https:\/\/dutchhealthstore.com\/wp-content\/uploads\/2020\/09\/Living-Libations-1-Wintergreen-Clean-Floss-1.jpg\",\"width\":1000,\"height\":1000,\"caption\":\"Living Libations 1 Wintergreen Clean Floss\"},{\"@type\":\"BreadcrumbList\",\"@id\":\"https:\/\/dutchhealthstore.com\/fr\/product\/wintergreen-clean-floss\/#breadcrumb\",\"itemListElement\":[{\"@type\":\"ListItem\",\"position\":1,\"name\":\"Home\",\"item\":\"https:\/\/dutchhealthstore.com\/fr\/\"},{\"@type\":\"ListItem\",\"position\":2,\"name\":\"Shop\",\"item\":\"https:\/\/dutchhealthstore.com\/fr\/shop\/\"},{\"@type\":\"ListItem\",\"position\":3,\"name\":\"Wintergreen Clean Floss\"}]},{\"@type\":\"WebSite\",\"@id\":\"https:\/\/dutchhealthstore.com\/fr\/#website\",\"url\":\"https:\/\/dutchhealthstore.com\/fr\/\",\"name\":\"Dutch Health Store\",\"description\":\"Enhance Your Beauty with Organic &amp; Natural Skincare\",\"publisher\":{\"@id\":\"https:\/\/dutchhealthstore.com\/fr\/#organization\"},\"potentialAction\":[{\"@type\":\"SearchAction\",\"target\":{\"@type\":\"EntryPoint\",\"urlTemplate\":\"https:\/\/dutchhealthstore.com\/fr\/?s={search_term_string}\"},\"query-input\":{\"@type\":\"PropertyValueSpecification\",\"valueRequired\":true,\"valueName\":\"search_term_string\"}}],\"inLanguage\":\"fr-FR\"},{\"@type\":\"Organization\",\"@id\":\"https:\/\/dutchhealthstore.com\/fr\/#organization\",\"name\":\"Dutch Health Store\",\"url\":\"https:\/\/dutchhealthstore.com\/fr\/\",\"logo\":{\"@type\":\"ImageObject\",\"inLanguage\":\"fr-FR\",\"@id\":\"https:\/\/dutchhealthstore.com\/fr\/#\/schema\/logo\/image\/\",\"url\":\"https:\/\/dutchhealthstore.com\/wp-content\/uploads\/2020\/08\/logo-dutchhealthstore-jpg-e1599484957574.jpg\",\"contentUrl\":\"https:\/\/dutchhealthstore.com\/wp-content\/uploads\/2020\/08\/logo-dutchhealthstore-jpg-e1599484957574.jpg\",\"width\":400,\"height\":62,\"caption\":\"Dutch Health Store\"},\"image\":{\"@id\":\"https:\/\/dutchhealthstore.com\/fr\/#\/schema\/logo\/image\/\"},\"sameAs\":[\"https:\/\/www.instagram.com\/dutchhealthstore\/\",\"https:\/\/www.facebook.com\/dutchhealthstore\"]}]}<\/script>\n<meta property=\"product:brand\" content=\"Living Libations\" \/>\n<meta property=\"og:availability\" content=\"instock\" \/>\n<meta property=\"product:availability\" content=\"instock\" \/>\n<meta property=\"product:condition\" content=\"new\" \/>\n<!-- \/ Yoast SEO Premium plugin. -->","yoast_head_json":{"title":"Wintergreen Clean Floss - Living Libations","description":"Adapt\u00e9 \u00e0 tous les types de dents et de gencives, notre fil dentaire est parfait pour se glisser \u00e0 travers et autour des brackets, des appareils dentaires et de tous les espaces \u00e9troits entre les deux.","robots":{"index":"index","follow":"follow","max-snippet":"max-snippet:-1","max-image-preview":"max-image-preview:large","max-video-preview":"max-video-preview:-1"},"canonical":"https:\/\/dutchhealthstore.com\/fr\/product\/wintergreen-clean-floss\/","og_locale":"fr_FR","og_type":"article","og_title":"Wintergreen Clean Floss - Dutch Health Store","og_description":"Adapt\u00e9 \u00e0 tous les types de dents et de gencives, notre fil dentaire est parfait pour se glisser \u00e0 travers et autour des brackets, des appareils dentaires et de tous les espaces \u00e9troits entre les deux.","og_url":"https:\/\/dutchhealthstore.com\/fr\/product\/wintergreen-clean-floss\/","og_site_name":"Dutch Health Store","article_publisher":"https:\/\/www.instagram.com\/dutchhealthstore\/","article_modified_time":"2025-10-28T09:20:54+00:00","og_image":[{"width":1000,"height":1000,"url":"https:\/\/dutchhealthstore.com\/wp-content\/uploads\/2020\/09\/Living-Libations-1-Wintergreen-Clean-Floss-1.jpg","type":"image\/jpeg"}],"twitter_card":"summary_large_image","twitter_misc":{"Disponibilit\u00e9":"En stock"},"schema":{"@context":"https:\/\/schema.org","@graph":[{"@type":"WebPage","@id":"https:\/\/dutchhealthstore.com\/fr\/product\/wintergreen-clean-floss\/","url":"https:\/\/dutchhealthstore.com\/fr\/product\/wintergreen-clean-floss\/","name":"Wintergreen Clean Floss - Living Libations","isPartOf":{"@id":"https:\/\/dutchhealthstore.com\/fr\/#website"},"primaryImageOfPage":{"@id":"https:\/\/dutchhealthstore.com\/fr\/product\/wintergreen-clean-floss\/#primaryimage"},"image":{"@id":"https:\/\/dutchhealthstore.com\/fr\/product\/wintergreen-clean-floss\/#primaryimage"},"thumbnailUrl":"https:\/\/dutchhealthstore.com\/wp-content\/uploads\/2020\/09\/Living-Libations-1-Wintergreen-Clean-Floss-1.jpg","datePublished":"2020-09-29T12:29:11+00:00","dateModified":"2025-10-28T09:20:54+00:00","description":"Adapt\u00e9 \u00e0 tous les types de dents et de gencives, notre fil dentaire est parfait pour se glisser \u00e0 travers et autour des brackets, des appareils dentaires et de tous les espaces \u00e9troits entre les deux.","breadcrumb":{"@id":"https:\/\/dutchhealthstore.com\/fr\/product\/wintergreen-clean-floss\/#breadcrumb"},"inLanguage":"fr-FR","potentialAction":[{"@type":"ReadAction","target":["https:\/\/dutchhealthstore.com\/fr\/product\/wintergreen-clean-floss\/"]}]},{"@type":"ImageObject","inLanguage":"fr-FR","@id":"https:\/\/dutchhealthstore.com\/fr\/product\/wintergreen-clean-floss\/#primaryimage","url":"https:\/\/dutchhealthstore.com\/wp-content\/uploads\/2020\/09\/Living-Libations-1-Wintergreen-Clean-Floss-1.jpg","contentUrl":"https:\/\/dutchhealthstore.com\/wp-content\/uploads\/2020\/09\/Living-Libations-1-Wintergreen-Clean-Floss-1.jpg","width":1000,"height":1000,"caption":"Living Libations 1 Wintergreen Clean Floss"},{"@type":"BreadcrumbList","@id":"https:\/\/dutchhealthstore.com\/fr\/product\/wintergreen-clean-floss\/#breadcrumb","itemListElement":[{"@type":"ListItem","position":1,"name":"Home","item":"https:\/\/dutchhealthstore.com\/fr\/"},{"@type":"ListItem","position":2,"name":"Shop","item":"https:\/\/dutchhealthstore.com\/fr\/shop\/"},{"@type":"ListItem","position":3,"name":"Wintergreen Clean Floss"}]},{"@type":"WebSite","@id":"https:\/\/dutchhealthstore.com\/fr\/#website","url":"https:\/\/dutchhealthstore.com\/fr\/","name":"Dutch Health Store","description":"Enhance Your Beauty with Organic &amp; Natural Skincare","publisher":{"@id":"https:\/\/dutchhealthstore.com\/fr\/#organization"},"potentialAction":[{"@type":"SearchAction","target":{"@type":"EntryPoint","urlTemplate":"https:\/\/dutchhealthstore.com\/fr\/?s={search_term_string}"},"query-input":{"@type":"PropertyValueSpecification","valueRequired":true,"valueName":"search_term_string"}}],"inLanguage":"fr-FR"},{"@type":"Organization","@id":"https:\/\/dutchhealthstore.com\/fr\/#organization","name":"Dutch Health Store","url":"https:\/\/dutchhealthstore.com\/fr\/","logo":{"@type":"ImageObject","inLanguage":"fr-FR","@id":"https:\/\/dutchhealthstore.com\/fr\/#\/schema\/logo\/image\/","url":"https:\/\/dutchhealthstore.com\/wp-content\/uploads\/2020\/08\/logo-dutchhealthstore-jpg-e1599484957574.jpg","contentUrl":"https:\/\/dutchhealthstore.com\/wp-content\/uploads\/2020\/08\/logo-dutchhealthstore-jpg-e1599484957574.jpg","width":400,"height":62,"caption":"Dutch Health Store"},"image":{"@id":"https:\/\/dutchhealthstore.com\/fr\/#\/schema\/logo\/image\/"},"sameAs":["https:\/\/www.instagram.com\/dutchhealthstore\/","https:\/\/www.facebook.com\/dutchhealthstore"]}]},"product_brand":"Living Libations","og_availability":"instock","product_availability":"instock","product_condition":"new"},"_links":{"self":[{"href":"https:\/\/dutchhealthstore.com\/fr\/wp-json\/wp\/v2\/product\/129312","targetHints":{"allow":["GET"]}}],"collection":[{"href":"https:\/\/dutchhealthstore.com\/fr\/wp-json\/wp\/v2\/product"}],"about":[{"href":"https:\/\/dutchhealthstore.com\/fr\/wp-json\/wp\/v2\/types\/product"}],"replies":[{"embeddable":true,"href":"https:\/\/dutchhealthstore.com\/fr\/wp-json\/wp\/v2\/comments?post=129312"}],"wp:featuredmedia":[{"embeddable":true,"href":"https:\/\/dutchhealthstore.com\/fr\/wp-json\/wp\/v2\/media\/126726"}],"wp:attachment":[{"href":"https:\/\/dutchhealthstore.com\/fr\/wp-json\/wp\/v2\/media?parent=129312"}],"wp:term":[{"taxonomy":"product_brand","embeddable":true,"href":"https:\/\/dutchhealthstore.com\/fr\/wp-json\/wp\/v2\/product_brand?post=129312"},{"taxonomy":"product_cat","embeddable":true,"href":"https:\/\/dutchhealthstore.com\/fr\/wp-json\/wp\/v2\/product_cat?post=129312"},{"taxonomy":"product_tag","embeddable":true,"href":"https:\/\/dutchhealthstore.com\/fr\/wp-json\/wp\/v2\/product_tag?post=129312"}],"curies":[{"name":"wp","href":"https:\/\/api.w.org\/{rel}","templated":true}]}}