{"id":125349,"date":"2020-06-30T06:31:06","date_gmt":"2020-06-30T04:31:06","guid":{"rendered":"https:\/\/dutchhealthstore.com\/product\/ylang-essential-oil\/"},"modified":"2026-04-24T00:28:23","modified_gmt":"2026-04-23T22:28:23","slug":"ylang-essential-oil","status":"publish","type":"product","link":"https:\/\/dutchhealthstore.com\/fr\/product\/ylang-essential-oil\/","title":{"rendered":"Ylang Essential Oil"},"content":{"rendered":"<p><img decoding=\"async\" class=\"alignright size-full wp-image-69549\" src=\"https:\/\/dutchhealthstore.com\/wp-content\/uploads\/2019\/08\/NEW-Living-Libations-Logo.jpg\" alt=\"NEW - Living Libations - Logo\" width=\"175\" height=\"82\">Chez Living Libations, nous pr\u00e9f\u00e9rons la premi\u00e8re partie rare de la distillation, appel\u00e9e \u00ab\u00a0extra\u00a0\u00bb ou \u00ab\u00a0sup\u00e9rieure\u00a0\u00bb.<br \/>\nCette premi\u00e8re distillation est la cr\u00e8me de la cr\u00e8me car elle d\u00e9gage l&rsquo;ar\u00f4me le plus \u00e9th\u00e9r\u00e9, \u00e9tant donn\u00e9 qu&rsquo;elle est la plus riche en compos\u00e9s aromatiques et en beaux esters.<br \/>\nLes distillations suivantes sont class\u00e9es 1\u00e8re, 2\u00e8me et 3\u00e8me, qui sont les distillations les plus courantes. L&rsquo;ylang est une essence florale enveloppante qui nous transporte dans l&rsquo;air sensuel d&rsquo;un jardin tropical.<\/p>\n<p><strong>Nom botanique:<\/strong> Cananga odorata<br \/>\n<strong>Famille botanique:<\/strong> Annonaceae<br \/>\n<strong>M\u00e9thode d&rsquo;extraction:<\/strong> Distillation \u00e0 la vapeur<br \/>\n<strong>Partie de la plante distill\u00e9e:<\/strong> Fleurs<br \/>\n<strong>Pays d&rsquo;origine:<\/strong> Madagascar<br \/>\n<strong>M\u00e9thode de culture:<\/strong> Organique<br \/>\n<strong>Composition:<\/strong> 100% Cananga odorata<br \/>\n<strong>Coh\u00e9rence:<\/strong> Mince<\/p>\n<h3>Description de l&rsquo;odeur<\/h3>\n<p>Floral, frais et d\u00e9licat, avec des notes de sirop de s\u00e9duction.<\/p>\n<h3>Dans Living Libations<\/h3>\n<p>Grapefruit Stellar Renewal, Petal Poetic Pits, Fire Lily Petal Perfume, Petal Passion, Love Wine, Bliss Like This Chocolate Bar, Rose Best Skin Ever, Rose Glow Serum, Rose Glow Lips Lover, Bliss Tonic, Being Free is Lots of Fun Perfume, et Languid Love Butter.<\/p>\n<h3>Se marie bien avec<\/h3>\n<p>Rose, jasmin, pamplemousse, gingembre, cardamome, citron, bergamote, lavande, vanille, \u0153illet, gard\u00e9nia, n\u00e9roli, bois de santal, nard, g\u00e9ranium et citron vert.<\/p>\n<a href=\"https:\/\/dutchhealthstore.com\/wp-content\/uploads\/2020\/06\/ANALYSIS-Ylang-Essential-Oil-Living-Libations.pdf\" class=\"button primary is-primary is-small\"  >\n\t\t<span>ANALYSE DES HUILES ESSENTIELLES &gt;<\/span>\n\t<\/a>\n\n<h3>Utilisations<\/h3>\n<p>Calme les tensions et harmonise le corps et l&rsquo;esprit. Magnifique hydratant et \u00e9quilibrant des huiles de la peau. Aide les cheveux \u00e0 avoir une brillance divine. Ajoute une douce sensualit\u00e9 et un caract\u00e8re ludique aux philtres d&rsquo;amour et aux parfums de plaisir. Un d\u00e9lice \u00e0 diffuser, surtout avec des agrumes. Une beaut\u00e9 baln\u00e9aire bienveillante.<\/p>\n<p style=\"text-align: left;\">Notre distillation sup\u00e9rieure d&rsquo;Ylang est super pour les soins de la peau car elle est opulente en esters et pr\u00eate \u00e0 s&rsquo;adresser \u00e0 la peau qui se sent mal et \u00e0 la ramener \u00e0 la beaut\u00e9. C&rsquo;est aussi un philtre d&rsquo;amour sublimement doux et un tonique relaxant qui peut apaiser les sentiments d&rsquo;inqui\u00e9tude et de stress. L&rsquo;ar\u00f4me capiteux et doux est durable et inspirant, \u00e9voquant des bouff\u00e9es de splendeur fantaisiste et sensuelle. L&rsquo;ylang temp\u00e8re les sens, vous permettant de voir ce qui est vrai pour vous dans l&rsquo;instant.<\/p>\n<h3>Ingr\u00e9dients Biologiques<\/h3>\n<p>100% d&rsquo;huile essentielle d&rsquo;ylang (Cananga odorata).<\/p>\n<p style=\"text-align: center;\"><em>\u00ab\u00a0Le parfum de la fleur des fleurs est doux, sucr\u00e9 et \u00e9rotique, \u00e9voquant des images d&rsquo;orchid\u00e9es et d&rsquo;amandes. Ce parfum stimule la partie du cerveau qui lib\u00e8re les endorphines. Il est donc utile pour r\u00e9duire la douleur, ainsi que pour cr\u00e9er des humeurs euphoriques et \u00e9rotiques.\u00a0\u00bb<\/em><br \/>\n~ Suzanne Fischer-Rizzi, <strong>Complete Aromatherapy Handbook<\/strong><\/p>\n<p style=\"text-align: center;\"><em>\u00ab\u00a0L&rsquo;ylang ylang est celle qui a le c\u0153ur tendre et dont les p\u00e9tales suspendus dansent dans le vent, comme si, par la souplesse, elle prot\u00e9geait son c\u0153ur tendre de la destruction.\u00a0\u00bb<\/em><br \/>\n~ Valerie Ann Worwood, <strong>Aromatherapy for the Soul<\/strong><\/p>\n<p style=\"text-align: center;\"><em>\u00ab\u00a0L&rsquo;ylang ylang est utilis\u00e9 par le parfumeur pour sa propre beaut\u00e9 intrins\u00e8que de parfum, mais il est aussi utilis\u00e9 comme modificateur, et quelque peu pour sa valeur fixative.\u00a0\u00bb<\/em><br \/>\n~ Jill Jesse, <strong>Perfume Album<\/strong><\/p>\n<p style=\"text-align: center;\"><em>\u00ab\u00a0L&rsquo;huile d&rsquo;Ylang Ylang est b\u00e9n\u00e9fique pour tout type de peau mais elle est particuli\u00e8rement efficace pour traiter les peaux grasses car elle \u00e9quilibre la production de s\u00e9bum et r\u00e9duit l&rsquo;exc\u00e8s de s\u00e9bum. En combattant les infections bact\u00e9riennes, elle aide \u00e0 contr\u00f4ler l&rsquo;acn\u00e9 et les imperfections.\u00a0\u00bb<\/em><br \/>\n~ Roberta Wilson, <strong>Aromatherapy: Essential Oils for Vibrant Health and Beauty<\/strong><\/p>\n<p><img fetchpriority=\"high\" decoding=\"async\" class=\"size-medium wp-image-68103 aligncenter\" src=\"https:\/\/dutchhealthstore.com\/wp-content\/uploads\/2018\/02\/Living-Libations-Organic-Logo-800x89.png\" alt=\"Living Libations - Organic Logo\" width=\"800\" height=\"89\" srcset=\"https:\/\/dutchhealthstore.com\/wp-content\/uploads\/2018\/02\/Living-Libations-Organic-Logo-800x89.png 800w, https:\/\/dutchhealthstore.com\/wp-content\/uploads\/2018\/02\/Living-Libations-Organic-Logo-510x57.png 510w, https:\/\/dutchhealthstore.com\/wp-content\/uploads\/2018\/02\/Living-Libations-Organic-Logo-768x85.png 768w, https:\/\/dutchhealthstore.com\/wp-content\/uploads\/2018\/02\/Living-Libations-Organic-Logo.png 1400w\" sizes=\"(max-width: 800px) 100vw, 800px\" \/><\/p>\n","protected":false},"excerpt":{"rendered":"<p>Pendant que d&rsquo;autres dorment, l&rsquo;Ylang, cette Fleur des Fleurs, exhale son parfum exotique \u00e0 travers les brises tropicales.<br \/>\nNotre <strong> Ylang Essential Oil<\/strong> biologique est distill\u00e9e \u00e0 la vapeur dans la luxuriance verdoyante de Nossi-B\u00e8, Madagascar.<br \/>\nUnique parmi les distillations florales, l&rsquo;Ylang a un rendement \u00e9lev\u00e9 en huile et est distill\u00e9 en quatre \u00e9tapes.<\/p>\n","protected":false},"featured_media":45623,"comment_status":"open","ping_status":"closed","template":"","meta":[],"product_brand":[],"product_cat":[6734,1507,1211,1209,3757,6733],"product_tag":[4495],"class_list":{"0":"post-125349","1":"product","2":"type-product","3":"status-publish","4":"has-post-thumbnail","6":"product_cat-essential-oils","7":"product_cat-plantes-huiles-essentielles-living-libations","8":"product_cat-living-libations-france","9":"product_cat-par-marques","10":"product_cat-plantes-huiles-essentielles","11":"product_cat-wellness-fr-2","12":"product_tag-essential-oil-fr","13":"pa_brand-livinglibations-fr","14":"pa_essential-oils-product-type-essential-oils-fr","15":"pa_size-15-ml-fr","16":"pa_size-30-ml-fr","17":"pa_size-5-ml-fr","19":"first","20":"instock","21":"taxable","22":"shipping-taxable","23":"purchasable","24":"product-type-variable"},"bundled_by":[],"bundle_stock_status":"instock","bundle_stock_quantity":null,"bundle_virtual":false,"bundle_layout":"","bundle_add_to_cart_form_location":"","bundle_editable_in_cart":false,"bundle_sold_individually_context":"","bundle_item_grouping":"","bundle_min_size":"","bundle_max_size":"","bundle_price":[],"bundled_items":[],"bundle_sell_ids":[],"atum_controlled":true,"out_stock_date":null,"out_stock_threshold":null,"inheritable":true,"stock_on_hold":1,"sold_today":1,"sales_last_days":1,"out_stock_days":0,"lost_sales":0,"update_date":"2026-05-01T00:14:32","atum_locations":[],"atum_stock_status":"instock","restock_status":false,"low_stock_amount":"","sales_update_date":"2026-05-01T00:14:26","calc_backorders":null,"group_of_quantity":0,"min_quantity":0,"max_quantity":"","exclude_order_quantity_value_rules":"no","exclude_category_quantity_rules":"no","combine_variations":"no","yoast_head":"<!-- This site is optimized with the Yoast SEO Premium plugin v26.5 (Yoast SEO v26.5) - https:\/\/yoast.com\/wordpress\/plugins\/seo\/ -->\n<title>Ylang Essential Oil | Living Libations<\/title>\n<meta name=\"description\" content=\"Cette premi\u00e8re distillation est la cr\u00e8me de la cr\u00e8me car elle d\u00e9gage l&#039;ar\u00f4me le plus \u00e9th\u00e9r\u00e9, \u00e9tant donn\u00e9 qu&#039;elle est la plus riche en compos\u00e9s aromatiques et en beaux esters.\" \/>\n<meta name=\"robots\" content=\"index, follow, max-snippet:-1, max-image-preview:large, max-video-preview:-1\" \/>\n<link rel=\"canonical\" href=\"https:\/\/dutchhealthstore.com\/fr\/product\/ylang-essential-oil\/\" \/>\n<meta property=\"og:locale\" content=\"fr_FR\" \/>\n<meta property=\"og:type\" content=\"article\" \/>\n<meta property=\"og:title\" content=\"Ylang Essential Oil - Dutch Health Store\" \/>\n<meta property=\"og:description\" content=\"Cette premi\u00e8re distillation est la cr\u00e8me de la cr\u00e8me car elle d\u00e9gage l&#039;ar\u00f4me le plus \u00e9th\u00e9r\u00e9, \u00e9tant donn\u00e9 qu&#039;elle est la plus riche en compos\u00e9s aromatiques et en beaux esters.\" \/>\n<meta property=\"og:url\" content=\"https:\/\/dutchhealthstore.com\/fr\/product\/ylang-essential-oil\/\" \/>\n<meta property=\"og:site_name\" content=\"Dutch Health Store\" \/>\n<meta property=\"article:publisher\" content=\"https:\/\/www.instagram.com\/dutchhealthstore\/\" \/>\n<meta property=\"article:modified_time\" content=\"2026-04-23T22:28:23+00:00\" \/>\n<meta property=\"og:image\" content=\"https:\/\/dutchhealthstore.com\/wp-content\/uploads\/2018\/10\/Living-Libations-Ylang-Essential-Oil.jpg\" \/>\n\t<meta property=\"og:image:width\" content=\"451\" \/>\n\t<meta property=\"og:image:height\" content=\"300\" \/>\n\t<meta property=\"og:image:type\" content=\"image\/jpeg\" \/>\n<meta name=\"twitter:card\" content=\"summary_large_image\" \/>\n<meta name=\"twitter:label1\" content=\"Disponibilit\u00e9\" \/>\n\t<meta name=\"twitter:data1\" content=\"En stock\" \/>\n<script type=\"application\/ld+json\" class=\"yoast-schema-graph\">{\"@context\":\"https:\/\/schema.org\",\"@graph\":[{\"@type\":\"WebPage\",\"@id\":\"https:\/\/dutchhealthstore.com\/fr\/product\/ylang-essential-oil\/\",\"url\":\"https:\/\/dutchhealthstore.com\/fr\/product\/ylang-essential-oil\/\",\"name\":\"Ylang Essential Oil | Living Libations\",\"isPartOf\":{\"@id\":\"https:\/\/dutchhealthstore.com\/fr\/#website\"},\"primaryImageOfPage\":{\"@id\":\"https:\/\/dutchhealthstore.com\/fr\/product\/ylang-essential-oil\/#primaryimage\"},\"image\":{\"@id\":\"https:\/\/dutchhealthstore.com\/fr\/product\/ylang-essential-oil\/#primaryimage\"},\"thumbnailUrl\":\"https:\/\/dutchhealthstore.com\/wp-content\/uploads\/2018\/10\/Living-Libations-Ylang-Essential-Oil.jpg\",\"datePublished\":\"2020-06-30T04:31:06+00:00\",\"dateModified\":\"2026-04-23T22:28:23+00:00\",\"description\":\"Cette premi\u00e8re distillation est la cr\u00e8me de la cr\u00e8me car elle d\u00e9gage l'ar\u00f4me le plus \u00e9th\u00e9r\u00e9, \u00e9tant donn\u00e9 qu'elle est la plus riche en compos\u00e9s aromatiques et en beaux esters.\",\"breadcrumb\":{\"@id\":\"https:\/\/dutchhealthstore.com\/fr\/product\/ylang-essential-oil\/#breadcrumb\"},\"inLanguage\":\"fr-FR\",\"potentialAction\":[{\"@type\":\"ReadAction\",\"target\":[\"https:\/\/dutchhealthstore.com\/fr\/product\/ylang-essential-oil\/\"]}]},{\"@type\":\"ImageObject\",\"inLanguage\":\"fr-FR\",\"@id\":\"https:\/\/dutchhealthstore.com\/fr\/product\/ylang-essential-oil\/#primaryimage\",\"url\":\"https:\/\/dutchhealthstore.com\/wp-content\/uploads\/2018\/10\/Living-Libations-Ylang-Essential-Oil.jpg\",\"contentUrl\":\"https:\/\/dutchhealthstore.com\/wp-content\/uploads\/2018\/10\/Living-Libations-Ylang-Essential-Oil.jpg\",\"width\":451,\"height\":300,\"caption\":\"Ylang Essential Oil\"},{\"@type\":\"BreadcrumbList\",\"@id\":\"https:\/\/dutchhealthstore.com\/fr\/product\/ylang-essential-oil\/#breadcrumb\",\"itemListElement\":[{\"@type\":\"ListItem\",\"position\":1,\"name\":\"Home\",\"item\":\"https:\/\/dutchhealthstore.com\/fr\/\"},{\"@type\":\"ListItem\",\"position\":2,\"name\":\"Shop\",\"item\":\"https:\/\/dutchhealthstore.com\/fr\/shop\/\"},{\"@type\":\"ListItem\",\"position\":3,\"name\":\"Ylang Essential Oil\"}]},{\"@type\":\"WebSite\",\"@id\":\"https:\/\/dutchhealthstore.com\/fr\/#website\",\"url\":\"https:\/\/dutchhealthstore.com\/fr\/\",\"name\":\"Dutch Health Store\",\"description\":\"Enhance Your Beauty with Organic &amp; Natural Skincare\",\"publisher\":{\"@id\":\"https:\/\/dutchhealthstore.com\/fr\/#organization\"},\"potentialAction\":[{\"@type\":\"SearchAction\",\"target\":{\"@type\":\"EntryPoint\",\"urlTemplate\":\"https:\/\/dutchhealthstore.com\/fr\/?s={search_term_string}\"},\"query-input\":{\"@type\":\"PropertyValueSpecification\",\"valueRequired\":true,\"valueName\":\"search_term_string\"}}],\"inLanguage\":\"fr-FR\"},{\"@type\":\"Organization\",\"@id\":\"https:\/\/dutchhealthstore.com\/fr\/#organization\",\"name\":\"Dutch Health Store\",\"url\":\"https:\/\/dutchhealthstore.com\/fr\/\",\"logo\":{\"@type\":\"ImageObject\",\"inLanguage\":\"fr-FR\",\"@id\":\"https:\/\/dutchhealthstore.com\/fr\/#\/schema\/logo\/image\/\",\"url\":\"https:\/\/dutchhealthstore.com\/wp-content\/uploads\/2020\/08\/logo-dutchhealthstore-jpg-e1599484957574.jpg\",\"contentUrl\":\"https:\/\/dutchhealthstore.com\/wp-content\/uploads\/2020\/08\/logo-dutchhealthstore-jpg-e1599484957574.jpg\",\"width\":400,\"height\":62,\"caption\":\"Dutch Health Store\"},\"image\":{\"@id\":\"https:\/\/dutchhealthstore.com\/fr\/#\/schema\/logo\/image\/\"},\"sameAs\":[\"https:\/\/www.instagram.com\/dutchhealthstore\/\",\"https:\/\/www.facebook.com\/dutchhealthstore\"]}]}<\/script>\n<meta property=\"product:brand\" content=\"Living Libations\" \/>\n<meta property=\"og:availability\" content=\"instock\" \/>\n<meta property=\"product:availability\" content=\"instock\" \/>\n<meta property=\"product:condition\" content=\"new\" \/>\n<!-- \/ Yoast SEO Premium plugin. -->","yoast_head_json":{"title":"Ylang Essential Oil | Living Libations","description":"Cette premi\u00e8re distillation est la cr\u00e8me de la cr\u00e8me car elle d\u00e9gage l'ar\u00f4me le plus \u00e9th\u00e9r\u00e9, \u00e9tant donn\u00e9 qu'elle est la plus riche en compos\u00e9s aromatiques et en beaux esters.","robots":{"index":"index","follow":"follow","max-snippet":"max-snippet:-1","max-image-preview":"max-image-preview:large","max-video-preview":"max-video-preview:-1"},"canonical":"https:\/\/dutchhealthstore.com\/fr\/product\/ylang-essential-oil\/","og_locale":"fr_FR","og_type":"article","og_title":"Ylang Essential Oil - Dutch Health Store","og_description":"Cette premi\u00e8re distillation est la cr\u00e8me de la cr\u00e8me car elle d\u00e9gage l'ar\u00f4me le plus \u00e9th\u00e9r\u00e9, \u00e9tant donn\u00e9 qu'elle est la plus riche en compos\u00e9s aromatiques et en beaux esters.","og_url":"https:\/\/dutchhealthstore.com\/fr\/product\/ylang-essential-oil\/","og_site_name":"Dutch Health Store","article_publisher":"https:\/\/www.instagram.com\/dutchhealthstore\/","article_modified_time":"2026-04-23T22:28:23+00:00","og_image":[{"width":451,"height":300,"url":"https:\/\/dutchhealthstore.com\/wp-content\/uploads\/2018\/10\/Living-Libations-Ylang-Essential-Oil.jpg","type":"image\/jpeg"}],"twitter_card":"summary_large_image","twitter_misc":{"Disponibilit\u00e9":"En stock"},"schema":{"@context":"https:\/\/schema.org","@graph":[{"@type":"WebPage","@id":"https:\/\/dutchhealthstore.com\/fr\/product\/ylang-essential-oil\/","url":"https:\/\/dutchhealthstore.com\/fr\/product\/ylang-essential-oil\/","name":"Ylang Essential Oil | Living Libations","isPartOf":{"@id":"https:\/\/dutchhealthstore.com\/fr\/#website"},"primaryImageOfPage":{"@id":"https:\/\/dutchhealthstore.com\/fr\/product\/ylang-essential-oil\/#primaryimage"},"image":{"@id":"https:\/\/dutchhealthstore.com\/fr\/product\/ylang-essential-oil\/#primaryimage"},"thumbnailUrl":"https:\/\/dutchhealthstore.com\/wp-content\/uploads\/2018\/10\/Living-Libations-Ylang-Essential-Oil.jpg","datePublished":"2020-06-30T04:31:06+00:00","dateModified":"2026-04-23T22:28:23+00:00","description":"Cette premi\u00e8re distillation est la cr\u00e8me de la cr\u00e8me car elle d\u00e9gage l'ar\u00f4me le plus \u00e9th\u00e9r\u00e9, \u00e9tant donn\u00e9 qu'elle est la plus riche en compos\u00e9s aromatiques et en beaux esters.","breadcrumb":{"@id":"https:\/\/dutchhealthstore.com\/fr\/product\/ylang-essential-oil\/#breadcrumb"},"inLanguage":"fr-FR","potentialAction":[{"@type":"ReadAction","target":["https:\/\/dutchhealthstore.com\/fr\/product\/ylang-essential-oil\/"]}]},{"@type":"ImageObject","inLanguage":"fr-FR","@id":"https:\/\/dutchhealthstore.com\/fr\/product\/ylang-essential-oil\/#primaryimage","url":"https:\/\/dutchhealthstore.com\/wp-content\/uploads\/2018\/10\/Living-Libations-Ylang-Essential-Oil.jpg","contentUrl":"https:\/\/dutchhealthstore.com\/wp-content\/uploads\/2018\/10\/Living-Libations-Ylang-Essential-Oil.jpg","width":451,"height":300,"caption":"Ylang Essential Oil"},{"@type":"BreadcrumbList","@id":"https:\/\/dutchhealthstore.com\/fr\/product\/ylang-essential-oil\/#breadcrumb","itemListElement":[{"@type":"ListItem","position":1,"name":"Home","item":"https:\/\/dutchhealthstore.com\/fr\/"},{"@type":"ListItem","position":2,"name":"Shop","item":"https:\/\/dutchhealthstore.com\/fr\/shop\/"},{"@type":"ListItem","position":3,"name":"Ylang Essential Oil"}]},{"@type":"WebSite","@id":"https:\/\/dutchhealthstore.com\/fr\/#website","url":"https:\/\/dutchhealthstore.com\/fr\/","name":"Dutch Health Store","description":"Enhance Your Beauty with Organic &amp; Natural Skincare","publisher":{"@id":"https:\/\/dutchhealthstore.com\/fr\/#organization"},"potentialAction":[{"@type":"SearchAction","target":{"@type":"EntryPoint","urlTemplate":"https:\/\/dutchhealthstore.com\/fr\/?s={search_term_string}"},"query-input":{"@type":"PropertyValueSpecification","valueRequired":true,"valueName":"search_term_string"}}],"inLanguage":"fr-FR"},{"@type":"Organization","@id":"https:\/\/dutchhealthstore.com\/fr\/#organization","name":"Dutch Health Store","url":"https:\/\/dutchhealthstore.com\/fr\/","logo":{"@type":"ImageObject","inLanguage":"fr-FR","@id":"https:\/\/dutchhealthstore.com\/fr\/#\/schema\/logo\/image\/","url":"https:\/\/dutchhealthstore.com\/wp-content\/uploads\/2020\/08\/logo-dutchhealthstore-jpg-e1599484957574.jpg","contentUrl":"https:\/\/dutchhealthstore.com\/wp-content\/uploads\/2020\/08\/logo-dutchhealthstore-jpg-e1599484957574.jpg","width":400,"height":62,"caption":"Dutch Health Store"},"image":{"@id":"https:\/\/dutchhealthstore.com\/fr\/#\/schema\/logo\/image\/"},"sameAs":["https:\/\/www.instagram.com\/dutchhealthstore\/","https:\/\/www.facebook.com\/dutchhealthstore"]}]},"product_brand":"Living Libations","og_availability":"instock","product_availability":"instock","product_condition":"new"},"_links":{"self":[{"href":"https:\/\/dutchhealthstore.com\/fr\/wp-json\/wp\/v2\/product\/125349","targetHints":{"allow":["GET"]}}],"collection":[{"href":"https:\/\/dutchhealthstore.com\/fr\/wp-json\/wp\/v2\/product"}],"about":[{"href":"https:\/\/dutchhealthstore.com\/fr\/wp-json\/wp\/v2\/types\/product"}],"replies":[{"embeddable":true,"href":"https:\/\/dutchhealthstore.com\/fr\/wp-json\/wp\/v2\/comments?post=125349"}],"wp:featuredmedia":[{"embeddable":true,"href":"https:\/\/dutchhealthstore.com\/fr\/wp-json\/wp\/v2\/media\/45623"}],"wp:attachment":[{"href":"https:\/\/dutchhealthstore.com\/fr\/wp-json\/wp\/v2\/media?parent=125349"}],"wp:term":[{"taxonomy":"product_brand","embeddable":true,"href":"https:\/\/dutchhealthstore.com\/fr\/wp-json\/wp\/v2\/product_brand?post=125349"},{"taxonomy":"product_cat","embeddable":true,"href":"https:\/\/dutchhealthstore.com\/fr\/wp-json\/wp\/v2\/product_cat?post=125349"},{"taxonomy":"product_tag","embeddable":true,"href":"https:\/\/dutchhealthstore.com\/fr\/wp-json\/wp\/v2\/product_tag?post=125349"}],"curies":[{"name":"wp","href":"https:\/\/api.w.org\/{rel}","templated":true}]}}